{"id":50153,"date":"2025-02-06T05:07:29","date_gmt":"2025-02-06T03:07:29","guid":{"rendered":"https:\/\/jimgreenfootwear.eu\/about-us\/"},"modified":"2025-08-17T20:53:03","modified_gmt":"2025-08-17T18:53:03","slug":"about-us","status":"publish","type":"page","link":"https:\/\/jimgreenfootwear.eu\/de\/about-us\/","title":{"rendered":"About Us"},"content":{"rendered":"<div class=\"wpb-content-wrapper\"><p>[vc_row css=&#8221;.vc_custom_1732874479789{margin-top: 50px !important;margin-bottom: 50px !important;}&#8221;][vc_column width=&#8221;2\/3&#8243; css=&#8221;.vc_custom_1732875042307{padding-bottom: 30px !important;}&#8221;][vc_single_image image=&#8221;9092&#8243; img_size=&#8221;full&#8221; alignment=&#8221;center&#8221; css_animation=&#8221;fadeIn&#8221; css=&#8221;.vc_custom_1732874412116{padding-right: 50px !important;padding-left: 50px !important;}&#8221;][\/vc_column][vc_column width=&#8221;1\/3&#8243;][vc_column_text css_animation=&#8221;fadeIn&#8221; css=&#8221;&#8221;]<\/p>\n<p style=\"text-align: center;\"><span style=\"color: #142a25; font-family: frankjim; font-size: 36pt; line-height: 47px;\">Dieser <strong>listige<\/strong><br \/>\nkleine <strong>Frosch<\/strong><\/span><\/p>\n<p>[\/vc_column_text][vc_separator color=&#8221;custom&#8221; border_width=&#8221;10&#8243; el_width=&#8221;30&#8243; css_animation=&#8221;fadeIn&#8221; css=&#8221;.vc_custom_1732874686850{margin-top: 10px !important;margin-bottom: 50px !important;}&#8221; accent_color=&#8221;#FFCA26&#8243;][vc_column_text css_animation=&#8221;fadeIn&#8221; css=&#8221;.vc_custom_1732874703190{margin-top: 35px !important;}&#8221;]<\/p>\n<p style=\"text-align: center;\"><span style=\"font-family: nathan-serif; font-size: 14pt;\">Jim Green stammt aus einer bekannten Fliegenfischerregion in den sanften H\u00fcgeln des Midlands Meander, KwaZulu-Natal, S\u00fcdafrika.<\/span><\/p>\n<p style=\"text-align: center;\"><span style=\"font-family: nathan-serif; font-size: 14pt;\">Entlang der Flussufer lebt dort ein listiger kleiner Frosch, der von den Einheimischen als \u201eJim Green\u201c bekannt ist. Dieser Frosch ist ein begehrter Snack f\u00fcr lauernde Fische.<\/span><\/p>\n<p style=\"text-align: center;\"><span style=\"font-family: nathan-serif; font-size: 14pt;\">Der Frosch wird nicht nur von fragw\u00fcrdigen Anglern als Lockmittel verwendet, sondern ist auch der Held, der jede unserer Stiefel ziert.<\/span><\/p>\n<p>[\/vc_column_text][\/vc_column][\/vc_row][vc_row css=&#8221;.vc_custom_1732873761906{padding-bottom: 50px !important;}&#8221;][vc_column width=&#8221;1\/3&#8243; css=&#8221;.vc_custom_1732874978658{padding-right: 25px !important;padding-bottom: 25px !important;padding-left: 25px !important;}&#8221;][vc_single_image image=&#8221;9088&#8243; img_size=&#8221;full&#8221; style=&#8221;vc_box_rounded&#8221; css_animation=&#8221;fadeIn&#8221; css=&#8221;&#8221;][vc_separator color=&#8221;custom&#8221; align=&#8221;align_left&#8221; border_width=&#8221;10&#8243; el_width=&#8221;40&#8243; css_animation=&#8221;fadeIn&#8221; css=&#8221;.vc_custom_1732873718250{margin-top: 30px !important;margin-bottom: 30px !important;}&#8221; accent_color=&#8221;#FFCA26&#8243;][vc_column_text css_animation=&#8221;fadeIn&#8221; css=&#8221;&#8221;]<span style=\"font-family: frankjim; font-size: 28pt; color: #142a25;\">UNSERE <strong>GESCHICHTE<\/strong><\/span>[\/vc_column_text][vc_column_text css_animation=&#8221;fadeIn&#8221; css=&#8221;&#8221;]<span style=\"font-family: nathan-serif; font-size: 14pt;\">Jim Green Footwear wurde 1992 in einer einfachen Garage gegr\u00fcndet \u2013 mit dem Ziel, einen Stiefel zu bauen, der wirklich lange h\u00e4lt. Schon bald machte sich Jim Green einen Namen in lokalen Gemeinden und wurde zum Inbegriff f\u00fcr Robustheit, Langlebigkeit und Verl\u00e4sslichkeit \u2013 und schlie\u00dflich zu einer bekannten Marke in ganz S\u00fcdafrika.<\/span>[\/vc_column_text][\/vc_column][vc_column width=&#8221;1\/3&#8243; css=&#8221;.vc_custom_1732874988267{padding-right: 25px !important;padding-bottom: 25px !important;padding-left: 25px !important;}&#8221;][vc_single_image image=&#8221;9096&#8243; img_size=&#8221;full&#8221; style=&#8221;vc_box_rounded&#8221; css_animation=&#8221;fadeIn&#8221; css=&#8221;&#8221;][vc_separator color=&#8221;custom&#8221; align=&#8221;align_left&#8221; border_width=&#8221;10&#8243; el_width=&#8221;40&#8243; css_animation=&#8221;fadeIn&#8221; css=&#8221;.vc_custom_1732873718250{margin-top: 30px !important;margin-bottom: 30px !important;}&#8221; accent_color=&#8221;#FFCA26&#8243;][vc_column_text css_animation=&#8221;fadeIn&#8221; css=&#8221;&#8221;]<span style=\"font-family: frankjim; font-size: 28pt; color: #142a25;\">UNSERE <strong>FABRIK<\/strong><\/span>[\/vc_column_text][vc_column_text css_animation=&#8221;fadeIn&#8221; css=&#8221;&#8221;]<span style=\"font-family: nathan-serif; font-size: 14pt;\">Jim Green wird nicht nur von Hand in S\u00fcdafrika gefertigt, sondern alle Komponenten stammen auch aus lokaler Produktion. Angesichts der steigenden Arbeitslosigkeit ist es uns besonders wichtig, unsere lokalen Bev\u00f6lkerung und die Wirtschaft zu unterst\u00fctzen. Unsere Fabrik wird nach ethischen Standards gef\u00fchrt, und wir sind stolz darauf, Ihnen Schuhe mit dem besten Preis-Leistungs-Verh\u00e4ltnis zu bieten \u2013 und gleichzeitig unserem Ruf gerecht zu werden. Unsere Produktion in Pietermaritzburg, S\u00fcdafrika, folgt noch immer denselben Prinzipien wie am ersten Tag.<\/span>[\/vc_column_text][\/vc_column][vc_column width=&#8221;1\/3&#8243; css=&#8221;.vc_custom_1732874994628{padding-right: 25px !important;padding-bottom: 25px !important;padding-left: 25px !important;}&#8221;][vc_single_image image=&#8221;9082&#8243; img_size=&#8221;full&#8221; style=&#8221;vc_box_rounded&#8221; css_animation=&#8221;fadeIn&#8221; css=&#8221;&#8221;][vc_separator color=&#8221;custom&#8221; align=&#8221;align_left&#8221; border_width=&#8221;10&#8243; el_width=&#8221;40&#8243; css_animation=&#8221;fadeIn&#8221; css=&#8221;.vc_custom_1732873718250{margin-top: 30px !important;margin-bottom: 30px !important;}&#8221; accent_color=&#8221;#FFCA26&#8243;][vc_column_text css_animation=&#8221;fadeIn&#8221; css=&#8221;&#8221;]<span style=\"font-family: frankjim; font-size: 28pt; color: #142a25;\">JIM GREEN <strong>HEUTE<\/strong><\/span>[\/vc_column_text][vc_column_text css_animation=&#8221;fadeIn&#8221; css=&#8221;&#8221;]<span style=\"font-family: nathan-serif; font-size: 14pt;\">Jim Green ist nach wie vor eine der beliebtesten Marken f\u00fcr Arbeits- und Abenteuerschuhe in S\u00fcdafrika. Die Stiefel werden von gro\u00dfen und kleinen Unternehmen getragen und sind nach wie vor die erste Wahl unter Landwirten und Wanderfreunden. Wir stehen f\u00fcr langlebige, bequeme Schuhe, die f\u00fcr ihre unverw\u00fcstliche Haltung bekannt und gesch\u00e4tzt sind. Kein anderer Stiefel ist so vielseitig \u2013 vom Gipfel bis zur Werkhalle: Jim Green ist bereit f\u00fcr jede Herausforderung.<\/span>[\/vc_column_text][\/vc_column][\/vc_row]<\/p>\n<\/div>","protected":false},"excerpt":{"rendered":"<p>[vc_row css=&#8221;.vc_custom_1732874479789{margin-top: 50px !important;margin-bottom: 50px !important;}&#8221;][vc_column width=&#8221;2\/3&#8243; css=&#8221;.vc_custom_1732875042307{padding-bottom: 30px !important;}&#8221;][vc_single_image image=&#8221;9092&#8243; img_size=&#8221;full&#8221; alignment=&#8221;center&#8221; css_animation=&#8221;fadeIn&#8221; css=&#8221;.vc_custom_1732874412116{padding-right: 50px !important;padding-left: 50px !important;}&#8221;][\/vc_column][vc_column width=&#8221;1\/3&#8243;][vc_column_text css_animation=&#8221;fadeIn&#8221; css=&#8221;&#8221;] Dieser listige kleine Frosch [\/vc_column_text][vc_separator color=&#8221;custom&#8221; border_width=&#8221;10&#8243; el_width=&#8221;30&#8243; css_animation=&#8221;fadeIn&#8221; css=&#8221;.vc_custom_1732874686850{margin-top: 10px !important;margin-bottom: 50px !important;}&#8221; accent_color=&#8221;#FFCA26&#8243;][vc_column_text css_animation=&#8221;fadeIn&#8221; css=&#8221;.vc_custom_1732874703190{margin-top: 35px !important;}&#8221;] Jim Green stammt aus einer bekannten Fliegenfischerregion in den sanften H\u00fcgeln des Midlands Meander, [&hellip;]<\/p>\n","protected":false},"author":1300,"featured_media":0,"parent":0,"menu_order":0,"comment_status":"closed","ping_status":"closed","template":"","meta":{"_acf_changed":false,"footnotes":""},"class_list":["post-50153","page","type-page","status-publish","hentry"],"acf":[],"yoast_head":"<!-- This site is optimized with the Yoast SEO plugin v27.3 - https:\/\/yoast.com\/product\/yoast-seo-wordpress\/ -->\n<title>About Us - Jim Green<\/title>\n<meta name=\"robots\" content=\"index, follow, max-snippet:-1, max-image-preview:large, max-video-preview:-1\" \/>\n<link rel=\"canonical\" href=\"https:\/\/jimgreenfootwear.eu\/de\/about-us\/\" \/>\n<meta property=\"og:locale\" content=\"de_DE\" \/>\n<meta property=\"og:type\" content=\"article\" \/>\n<meta property=\"og:title\" content=\"About Us - Jim Green\" \/>\n<meta property=\"og:description\" content=\"[vc_row css=&#8221;.vc_custom_1732874479789{margin-top: 50px !important;margin-bottom: 50px !important;}&#8221;][vc_column width=&#8221;2\/3&#8243; css=&#8221;.vc_custom_1732875042307{padding-bottom: 30px !important;}&#8221;][vc_single_image image=&#8221;9092&#8243; img_size=&#8221;full&#8221; alignment=&#8221;center&#8221; css_animation=&#8221;fadeIn&#8221; css=&#8221;.vc_custom_1732874412116{padding-right: 50px !important;padding-left: 50px !important;}&#8221;][\/vc_column][vc_column width=&#8221;1\/3&#8243;][vc_column_text css_animation=&#8221;fadeIn&#8221; css=&#8221;&#8221;] Dieser listige kleine Frosch [\/vc_column_text][vc_separator color=&#8221;custom&#8221; border_width=&#8221;10&#8243; el_width=&#8221;30&#8243; css_animation=&#8221;fadeIn&#8221; css=&#8221;.vc_custom_1732874686850{margin-top: 10px !important;margin-bottom: 50px !important;}&#8221; accent_color=&#8221;#FFCA26&#8243;][vc_column_text css_animation=&#8221;fadeIn&#8221; css=&#8221;.vc_custom_1732874703190{margin-top: 35px !important;}&#8221;] Jim Green stammt aus einer bekannten Fliegenfischerregion in den sanften H\u00fcgeln des Midlands Meander, [&hellip;]\" \/>\n<meta property=\"og:url\" content=\"https:\/\/jimgreenfootwear.eu\/de\/about-us\/\" \/>\n<meta property=\"og:site_name\" content=\"Jim Green\" \/>\n<meta property=\"article:publisher\" content=\"https:\/\/www.facebook.com\/jimgreenfootwear\/\" \/>\n<meta property=\"article:modified_time\" content=\"2025-08-17T18:53:03+00:00\" \/>\n<meta name=\"twitter:card\" content=\"summary_large_image\" \/>\n<meta name=\"twitter:site\" content=\"@jimgreenfw\" \/>\n<meta name=\"twitter:label1\" content=\"Gesch\u00e4tzte Lesezeit\" \/>\n\t<meta name=\"twitter:data1\" content=\"2\u00a0Minuten\" \/>\n<script type=\"application\/ld+json\" class=\"yoast-schema-graph\">{\"@context\":\"https:\\\/\\\/schema.org\",\"@graph\":[{\"@type\":\"WebPage\",\"@id\":\"https:\\\/\\\/jimgreenfootwear.eu\\\/de\\\/about-us\\\/\",\"url\":\"https:\\\/\\\/jimgreenfootwear.eu\\\/de\\\/about-us\\\/\",\"name\":\"About Us - Jim Green\",\"isPartOf\":{\"@id\":\"https:\\\/\\\/jimgreenfootwear.eu\\\/#website\"},\"datePublished\":\"2025-02-06T03:07:29+00:00\",\"dateModified\":\"2025-08-17T18:53:03+00:00\",\"breadcrumb\":{\"@id\":\"https:\\\/\\\/jimgreenfootwear.eu\\\/de\\\/about-us\\\/#breadcrumb\"},\"inLanguage\":\"de\",\"potentialAction\":[{\"@type\":\"ReadAction\",\"target\":[\"https:\\\/\\\/jimgreenfootwear.eu\\\/de\\\/about-us\\\/\"]}]},{\"@type\":\"BreadcrumbList\",\"@id\":\"https:\\\/\\\/jimgreenfootwear.eu\\\/de\\\/about-us\\\/#breadcrumb\",\"itemListElement\":[{\"@type\":\"ListItem\",\"position\":1,\"name\":\"Home\",\"item\":\"https:\\\/\\\/jimgreenfootwear.eu\\\/de\\\/\"},{\"@type\":\"ListItem\",\"position\":2,\"name\":\"About Us\"}]},{\"@type\":\"WebSite\",\"@id\":\"https:\\\/\\\/jimgreenfootwear.eu\\\/#website\",\"url\":\"https:\\\/\\\/jimgreenfootwear.eu\\\/\",\"name\":\"Jim Green\",\"description\":\"Footwear EU - Quality Hiking &amp; Safety Boots\",\"publisher\":{\"@id\":\"https:\\\/\\\/jimgreenfootwear.eu\\\/#organization\"},\"potentialAction\":[{\"@type\":\"SearchAction\",\"target\":{\"@type\":\"EntryPoint\",\"urlTemplate\":\"https:\\\/\\\/jimgreenfootwear.eu\\\/?s={search_term_string}\"},\"query-input\":{\"@type\":\"PropertyValueSpecification\",\"valueRequired\":true,\"valueName\":\"search_term_string\"}}],\"inLanguage\":\"de\"},{\"@type\":\"Organization\",\"@id\":\"https:\\\/\\\/jimgreenfootwear.eu\\\/#organization\",\"name\":\"Jim Green Footwear\",\"alternateName\":\"Jim Green\",\"url\":\"https:\\\/\\\/jimgreenfootwear.eu\\\/\",\"logo\":{\"@type\":\"ImageObject\",\"inLanguage\":\"de\",\"@id\":\"https:\\\/\\\/jimgreenfootwear.eu\\\/#\\\/schema\\\/logo\\\/image\\\/\",\"url\":\"https:\\\/\\\/jimgreenfootwear.eu\\\/wp-content\\\/uploads\\\/2023\\\/11\\\/Jim-Green-4-copy@4x.png\",\"contentUrl\":\"https:\\\/\\\/jimgreenfootwear.eu\\\/wp-content\\\/uploads\\\/2023\\\/11\\\/Jim-Green-4-copy@4x.png\",\"width\":1940,\"height\":1940,\"caption\":\"Jim Green Footwear\"},\"image\":{\"@id\":\"https:\\\/\\\/jimgreenfootwear.eu\\\/#\\\/schema\\\/logo\\\/image\\\/\"},\"sameAs\":[\"https:\\\/\\\/www.facebook.com\\\/jimgreenfootwear\\\/\",\"https:\\\/\\\/x.com\\\/jimgreenfw\",\"https:\\\/\\\/www.instagram.com\\\/jimgreenfootwear\\\/\"]}]}<\/script>\n<!-- \/ Yoast SEO plugin. -->","yoast_head_json":{"title":"About Us - Jim Green","robots":{"index":"index","follow":"follow","max-snippet":"max-snippet:-1","max-image-preview":"max-image-preview:large","max-video-preview":"max-video-preview:-1"},"canonical":"https:\/\/jimgreenfootwear.eu\/de\/about-us\/","og_locale":"de_DE","og_type":"article","og_title":"About Us - Jim Green","og_description":"[vc_row css=&#8221;.vc_custom_1732874479789{margin-top: 50px !important;margin-bottom: 50px !important;}&#8221;][vc_column width=&#8221;2\/3&#8243; css=&#8221;.vc_custom_1732875042307{padding-bottom: 30px !important;}&#8221;][vc_single_image image=&#8221;9092&#8243; img_size=&#8221;full&#8221; alignment=&#8221;center&#8221; css_animation=&#8221;fadeIn&#8221; css=&#8221;.vc_custom_1732874412116{padding-right: 50px !important;padding-left: 50px !important;}&#8221;][\/vc_column][vc_column width=&#8221;1\/3&#8243;][vc_column_text css_animation=&#8221;fadeIn&#8221; css=&#8221;&#8221;] Dieser listige kleine Frosch [\/vc_column_text][vc_separator color=&#8221;custom&#8221; border_width=&#8221;10&#8243; el_width=&#8221;30&#8243; css_animation=&#8221;fadeIn&#8221; css=&#8221;.vc_custom_1732874686850{margin-top: 10px !important;margin-bottom: 50px !important;}&#8221; accent_color=&#8221;#FFCA26&#8243;][vc_column_text css_animation=&#8221;fadeIn&#8221; css=&#8221;.vc_custom_1732874703190{margin-top: 35px !important;}&#8221;] Jim Green stammt aus einer bekannten Fliegenfischerregion in den sanften H\u00fcgeln des Midlands Meander, [&hellip;]","og_url":"https:\/\/jimgreenfootwear.eu\/de\/about-us\/","og_site_name":"Jim Green","article_publisher":"https:\/\/www.facebook.com\/jimgreenfootwear\/","article_modified_time":"2025-08-17T18:53:03+00:00","twitter_card":"summary_large_image","twitter_site":"@jimgreenfw","twitter_misc":{"Gesch\u00e4tzte Lesezeit":"2\u00a0Minuten"},"schema":{"@context":"https:\/\/schema.org","@graph":[{"@type":"WebPage","@id":"https:\/\/jimgreenfootwear.eu\/de\/about-us\/","url":"https:\/\/jimgreenfootwear.eu\/de\/about-us\/","name":"About Us - Jim Green","isPartOf":{"@id":"https:\/\/jimgreenfootwear.eu\/#website"},"datePublished":"2025-02-06T03:07:29+00:00","dateModified":"2025-08-17T18:53:03+00:00","breadcrumb":{"@id":"https:\/\/jimgreenfootwear.eu\/de\/about-us\/#breadcrumb"},"inLanguage":"de","potentialAction":[{"@type":"ReadAction","target":["https:\/\/jimgreenfootwear.eu\/de\/about-us\/"]}]},{"@type":"BreadcrumbList","@id":"https:\/\/jimgreenfootwear.eu\/de\/about-us\/#breadcrumb","itemListElement":[{"@type":"ListItem","position":1,"name":"Home","item":"https:\/\/jimgreenfootwear.eu\/de\/"},{"@type":"ListItem","position":2,"name":"About Us"}]},{"@type":"WebSite","@id":"https:\/\/jimgreenfootwear.eu\/#website","url":"https:\/\/jimgreenfootwear.eu\/","name":"Jim Green","description":"Footwear EU - Quality Hiking &amp; Safety Boots","publisher":{"@id":"https:\/\/jimgreenfootwear.eu\/#organization"},"potentialAction":[{"@type":"SearchAction","target":{"@type":"EntryPoint","urlTemplate":"https:\/\/jimgreenfootwear.eu\/?s={search_term_string}"},"query-input":{"@type":"PropertyValueSpecification","valueRequired":true,"valueName":"search_term_string"}}],"inLanguage":"de"},{"@type":"Organization","@id":"https:\/\/jimgreenfootwear.eu\/#organization","name":"Jim Green Footwear","alternateName":"Jim Green","url":"https:\/\/jimgreenfootwear.eu\/","logo":{"@type":"ImageObject","inLanguage":"de","@id":"https:\/\/jimgreenfootwear.eu\/#\/schema\/logo\/image\/","url":"https:\/\/jimgreenfootwear.eu\/wp-content\/uploads\/2023\/11\/Jim-Green-4-copy@4x.png","contentUrl":"https:\/\/jimgreenfootwear.eu\/wp-content\/uploads\/2023\/11\/Jim-Green-4-copy@4x.png","width":1940,"height":1940,"caption":"Jim Green Footwear"},"image":{"@id":"https:\/\/jimgreenfootwear.eu\/#\/schema\/logo\/image\/"},"sameAs":["https:\/\/www.facebook.com\/jimgreenfootwear\/","https:\/\/x.com\/jimgreenfw","https:\/\/www.instagram.com\/jimgreenfootwear\/"]}]}},"_links":{"self":[{"href":"https:\/\/jimgreenfootwear.eu\/de\/wp-json\/wp\/v2\/pages\/50153","targetHints":{"allow":["GET"]}}],"collection":[{"href":"https:\/\/jimgreenfootwear.eu\/de\/wp-json\/wp\/v2\/pages"}],"about":[{"href":"https:\/\/jimgreenfootwear.eu\/de\/wp-json\/wp\/v2\/types\/page"}],"author":[{"embeddable":true,"href":"https:\/\/jimgreenfootwear.eu\/de\/wp-json\/wp\/v2\/users\/1300"}],"replies":[{"embeddable":true,"href":"https:\/\/jimgreenfootwear.eu\/de\/wp-json\/wp\/v2\/comments?post=50153"}],"version-history":[{"count":3,"href":"https:\/\/jimgreenfootwear.eu\/de\/wp-json\/wp\/v2\/pages\/50153\/revisions"}],"predecessor-version":[{"id":53742,"href":"https:\/\/jimgreenfootwear.eu\/de\/wp-json\/wp\/v2\/pages\/50153\/revisions\/53742"}],"wp:attachment":[{"href":"https:\/\/jimgreenfootwear.eu\/de\/wp-json\/wp\/v2\/media?parent=50153"}],"curies":[{"name":"wp","href":"https:\/\/api.w.org\/{rel}","templated":true}]}}