{"id":50322,"date":"2025-04-13T21:06:02","date_gmt":"2025-04-13T19:06:02","guid":{"rendered":"https:\/\/jimgreenfootwear.eu\/privacy-policy\/"},"modified":"2025-07-29T23:22:10","modified_gmt":"2025-07-29T21:22:10","slug":"privacy-policy","status":"publish","type":"page","link":"https:\/\/jimgreenfootwear.eu\/de\/privacy-policy\/","title":{"rendered":"Datenschutzerkl\u00e4rung"},"content":{"rendered":"<div class=\"wpb-content-wrapper\"><p>[vc_row fullwidth=&#8221;1&#8243; css=&#8221;.vc_custom_1744570433148{padding-top: 60px !important;padding-bottom: 60px !important;}&#8221;][vc_column width=&#8221;1\/4&#8243;][vc_empty_space height=&#8221;1px&#8221;][\/vc_column][vc_column width=&#8221;1\/2&#8243;][vc_column_text css=&#8221;.vc_custom_1744570641290{padding-bottom: 50px !important;}&#8221;]<\/p>\n<div style=\"font-family: nathan-serif; font-size: 14pt; line-height: 1.6;\">\n<h2 style=\"text-align: center;\"><span style=\"font-family: nathan-serif; font-size: 36pt;\">Datenschutzerkl\u00e4rung<\/span><\/h2>\n<\/div>\n<p>[\/vc_column_text][vc_column_text css=&#8221;&#8221;]<\/p>\n<div style=\"font-family: nathan-serif; font-size: 14pt; line-height: 1.6;\">\n<h2><span style=\"font-family: nathan-serif;\">Allgemeine Hinweise und Pflichtinformationen<\/span><\/h2>\n<h3><span style=\"font-family: nathan-serif;\">Name der verantwortlichen Stelle<\/span><\/h3>\n<p><span style=\"font-family: nathan-serif;\">Die verantwortliche Stelle f\u00fcr die Datenverarbeitung auf dieser Website ist:<\/span><\/p>\n<p><span style=\"font-family: nathan-serif;\"><strong>Trikolor Handelsgesellschaft UG<\/strong><\/span><br \/>\n<span style=\"font-family: nathan-serif;\">Stephan Chauchoy<\/span><br \/>\n<span style=\"font-family: nathan-serif;\">Bilker Allee 16<\/span><br \/>\n<span style=\"font-family: nathan-serif;\">40219 D\u00fcsseldorf<\/span><br \/>\n<span style=\"font-family: nathan-serif;\">Deutschland<\/span><\/p>\n<p><span style=\"font-family: nathan-serif;\">Die verantwortliche Stelle entscheidet allein oder gemeinsam mit anderen \u00fcber die Zwecke und Mittel der Verarbeitung personenbezogener Daten (z.\u202fB. Namen, Kontaktdaten etc.).<\/span><\/p>\n<h3><span style=\"font-family: nathan-serif;\">Widerruf Ihrer Einwilligung zur Datenverarbeitung<\/span><\/h3>\n<p><span style=\"font-family: nathan-serif;\">Einige Datenverarbeitungsvorg\u00e4nge sind nur mit Ihrer ausdr\u00fccklichen Einwilligung m\u00f6glich. Sie k\u00f6nnen eine bereits erteilte Einwilligung jederzeit widerrufen. Eine formlose Mitteilung per E-Mail gen\u00fcgt. Die Rechtm\u00e4\u00dfigkeit der bis zum Widerruf erfolgten Datenverarbeitung bleibt unber\u00fchrt.<\/span><\/p>\n<h3><span style=\"font-family: nathan-serif;\">Beschwerderecht bei der zust\u00e4ndigen Aufsichtsbeh\u00f6rde<\/span><\/h3>\n<p><span style=\"font-family: nathan-serif;\">Im Falle eines datenschutzrechtlichen Versto\u00dfes steht Ihnen ein Beschwerderecht bei der zust\u00e4ndigen Aufsichtsbeh\u00f6rde zu. Zust\u00e4ndig ist der Datenschutzbeauftragte des Bundeslands, in dem unser Unternehmen seinen Sitz hat. Eine Liste der Datenschutzbeauftragten sowie deren Kontaktdaten finden Sie hier: <a href=\"https:\/\/www.bfdi.bund.de\/DE\/Infothek\/Anschriften_Links\/anschriften_links-node.html\" target=\"_blank\" rel=\"noopener\">https:\/\/www.bfdi.bund.de<\/a><\/span><\/p>\n<h3><span style=\"font-family: nathan-serif;\">Recht auf Daten\u00fcbertragbarkeit<\/span><\/h3>\n<p><span style=\"font-family: nathan-serif;\">Sie haben das Recht, Daten, die wir auf Grundlage Ihrer Einwilligung oder in Erf\u00fcllung eines Vertrags automatisiert verarbeiten, an sich oder an einen Dritten in einem g\u00e4ngigen, maschinenlesbaren Format aush\u00e4ndigen zu lassen. Sofern technisch machbar, k\u00f6nnen Sie auch verlangen, dass wir die Daten direkt an einen anderen Verantwortlichen \u00fcbermitteln.<\/span><\/p>\n<h3><span style=\"font-family: nathan-serif;\">Recht auf Auskunft, Berichtigung, Sperrung und L\u00f6schung<\/span><\/h3>\n<p><span style=\"font-family: nathan-serif;\">Sie haben im Rahmen der geltenden gesetzlichen Bestimmungen jederzeit das Recht auf unentgeltliche Auskunft \u00fcber Ihre gespeicherten personenbezogenen Daten, deren Herkunft und Empf\u00e4nger sowie den Zweck der Datenverarbeitung. Au\u00dferdem haben Sie ggf. ein Recht auf Berichtigung, Sperrung oder L\u00f6schung dieser Daten. Hierzu k\u00f6nnen Sie sich jederzeit \u00fcber die im Impressum angegebenen Kontaktdaten oder \u00fcber folgende Seiten an uns wenden:<\/span><\/p>\n<ul>\n<li><span style=\"font-family: nathan-serif;\"><a href=\"https:\/\/www.lateliermonsieur.com\/pages\/gdpr-compliance\" target=\"_blank\" rel=\"noopener\">DSGVO-Konformit\u00e4t<\/a><\/span><\/li>\n<li><span style=\"font-family: nathan-serif;\"><a href=\"https:\/\/www.lateliermonsieur.com\/pages\/ccpa-compliance\" target=\"_blank\" rel=\"noopener\">CCPA-Konformit\u00e4t<\/a><\/span><\/li>\n<\/ul>\n<h3><span style=\"font-family: nathan-serif;\">SSL- bzw. TLS-Verschl\u00fcsselung<\/span><\/h3>\n<p><span style=\"font-family: nathan-serif;\">Diese Seite nutzt aus Sicherheitsgr\u00fcnden und zum Schutz der \u00dcbertragung vertraulicher Inhalte eine SSL- bzw. TLS-Verschl\u00fcsselung. Eine verschl\u00fcsselte Verbindung erkennen Sie daran, dass die Adresszeile des Browsers von \u201chttp:\/\/\u201d auf \u201chttps:\/\/\u201d wechselt und ein Schloss-Symbol in Ihrer Browserzeile erscheint.<\/span><\/p>\n<h3><span style=\"font-family: nathan-serif;\">Server-Log-Dateien<\/span><\/h3>\n<p><span style=\"font-family: nathan-serif;\">Der Provider der Seiten erhebt und speichert automatisch Informationen in so genannten Server-Log-Dateien, die Ihr Browser automatisch an uns \u00fcbermittelt. Dies sind:<\/span><\/p>\n<ul>\n<li><span style=\"font-family: nathan-serif;\">Besuchte Seite<\/span><\/li>\n<li><span style=\"font-family: nathan-serif;\">Datum und Uhrzeit der Serveranfrage<\/span><\/li>\n<li><span style=\"font-family: nathan-serif;\">Browsertyp und Browserversion<\/span><\/li>\n<li><span style=\"font-family: nathan-serif;\">Verwendetes Betriebssystem<\/span><\/li>\n<li><span style=\"font-family: nathan-serif;\">Referrer URL<\/span><\/li>\n<li><span style=\"font-family: nathan-serif;\">Hostname des zugreifenden Rechners<\/span><\/li>\n<li><span style=\"font-family: nathan-serif;\">IP-Adresse<\/span><\/li>\n<\/ul>\n<p><span style=\"font-family: nathan-serif;\">Eine Zusammenf\u00fchrung dieser Daten mit anderen Datenquellen wird nicht vorgenommen. Grundlage f\u00fcr die Datenverarbeitung ist Art. 6 Abs. 1 lit. b DSGVO (Vertragserf\u00fcllung oder vorvertragliche Ma\u00dfnahmen).<\/span><\/p>\n<h3><span style=\"font-family: nathan-serif;\">Daten\u00fcbermittlung bei Vertragsschluss<\/span><\/h3>\n<p><span style=\"font-family: nathan-serif;\">Personenbezogene Daten werden an Dritte nur \u00fcbermittelt, wenn dies im Rahmen der Vertragsabwicklung notwendig ist \u2013 etwa an Zahlungsdienstleister oder Logistikunternehmen. Eine weitergehende \u00dcbermittlung erfolgt nicht ohne Ihre ausdr\u00fcckliche Zustimmung. Rechtsgrundlage: Art. 6 Abs. 1 lit. b DSGVO.<\/span><\/p>\n<h3><span style=\"font-family: nathan-serif;\">Registrierung auf dieser Website<\/span><\/h3>\n<p><span style=\"font-family: nathan-serif;\">Sie k\u00f6nnen sich auf unserer Website registrieren, um zus\u00e4tzliche Funktionen zu nutzen. Pflichtangaben m\u00fcssen vollst\u00e4ndig angegeben werden. Wir informieren Sie per E-Mail \u00fcber wichtige technische \u00c4nderungen. Die Datenverarbeitung erfolgt auf Grundlage Ihrer Einwilligung (Art. 6 Abs. 1 lit. a DSGVO), die Sie jederzeit widerrufen k\u00f6nnen. Ihre gespeicherten Daten werden bei L\u00f6schung des Kontos entfernt, sofern keine gesetzliche Aufbewahrungspflicht besteht.<\/span><\/p>\n<h3><span style=\"font-family: nathan-serif;\">Kontaktformular<\/span><\/h3>\n<p><span style=\"font-family: nathan-serif;\">Wenn Sie uns per Kontaktformular Anfragen zukommen lassen, werden Ihre Angaben aus dem Formular zwecks Bearbeitung der Anfrage und f\u00fcr Anschlussfragen bei uns gespeichert. Diese Daten geben wir nicht ohne Ihre Einwilligung weiter. Rechtsgrundlage: Art. 6 Abs. 1 lit. a DSGVO. Sie k\u00f6nnen Ihre Einwilligung jederzeit widerrufen.<\/span><\/p>\n<h3><span style=\"font-family: nathan-serif;\">Newsletter-Daten<\/span><\/h3>\n<p><span style=\"font-family: nathan-serif;\">Wenn Sie unseren Newsletter beziehen m\u00f6chten, ben\u00f6tigen wir Ihre E-Mail-Adresse sowie Informationen, die uns die \u00dcberpr\u00fcfung gestatten, dass Sie der Inhaber der angegebenen E-Mail-Adresse sind und mit dem Empfang des Newsletters einverstanden sind. Rechtsgrundlage: Art. 6 Abs. 1 lit. a DSGVO. Sie k\u00f6nnen den Newsletter jederzeit \u00fcber den Abmeldelink oder per E-Mail abbestellen. Die Daten werden nach Abmeldung gel\u00f6scht.<\/span><\/p>\n<h3><span style=\"font-family: nathan-serif;\">YouTube<\/span><\/h3>\n<p><span style=\"font-family: nathan-serif;\">Unsere Website nutzt Plugins der von Google betriebenen Seite YouTube. Anbieter: YouTube, LLC, USA. Wenn Sie eine unserer mit einem YouTube-Plugin ausgestatteten Seiten besuchen, wird eine Verbindung zu den Servern von YouTube hergestellt. Dabei wird YouTube mitgeteilt, welche unserer Seiten Sie besucht haben. Weitere Informationen: <a href=\"https:\/\/www.google.de\/intl\/de\/policies\/privacy\" target=\"_blank\" rel=\"noopener\">YouTube-Datenschutzerkl\u00e4rung<\/a><\/span><\/p>\n<h3><span style=\"font-family: nathan-serif;\">Vimeo<\/span><\/h3>\n<p><span style=\"font-family: nathan-serif;\">Unsere Website nutzt Plugins des Videoportals Vimeo. Anbieter: Vimeo Inc., USA. Beim Besuch einer mit einem Vimeo-Plugin ausgestatteten Seite wird eine Verbindung zu den Vimeo-Servern hergestellt. Dabei wird dem Vimeo-Server Ihre IP-Adresse \u00fcbermittelt. Weitere Informationen: <a href=\"https:\/\/vimeo.com\/privacy\" target=\"_blank\" rel=\"noopener\">Vimeo-Datenschutzerkl\u00e4rung<\/a><\/span><\/p>\n<h3><span style=\"font-family: nathan-serif;\">Cookies<\/span><\/h3>\n<p><span style=\"font-family: nathan-serif;\">Unsere Website verwendet Cookies, um die Nutzererfahrung zu verbessern. Einige Cookies werden nach Ende Ihrer Sitzung automatisch gel\u00f6scht, andere bleiben auf Ihrem Endger\u00e4t gespeichert, bis Sie sie selbst l\u00f6schen. Sie k\u00f6nnen Cookies in den Einstellungen Ihres Browsers verwalten. Essenzielle Cookies basieren auf Art. 6 Abs. 1 lit. f DSGVO.<\/span><\/p>\n<h3><span style=\"font-family: nathan-serif;\">Google Analytics<\/span><\/h3>\n<p><span style=\"font-family: nathan-serif;\">Diese Website nutzt Google Analytics. Anbieter: Google Inc., USA. Google Analytics verwendet Cookies, um die Nutzung der Website zu analysieren. IP-Anonymisierung ist aktiviert. Rechtsgrundlage: Art. 6 Abs. 1 lit. f DSGVO. Weitere Infos: <a href=\"https:\/\/support.google.com\/analytics\/answer\/6004245?hl=de\" target=\"_blank\" rel=\"noopener\">Datenschutz Google Analytics<\/a><\/span><\/p>\n<h3><span style=\"font-family: nathan-serif;\">PayPal, Klarna, Sofort\u00fcberweisung<\/span><\/h3>\n<p><span style=\"font-family: nathan-serif;\">Wir bieten Zahlungen \u00fcber PayPal, Klarna und Sofort\u00fcberweisung an. Die jeweiligen Anbieter erhalten die zur Zahlungsabwicklung notwendigen Daten. Rechtsgrundlage: Art. 6 Abs. 1 lit. a &amp; b DSGVO. Ihre Einwilligung kann jederzeit widerrufen werden. Details entnehmen Sie den Datenschutzerkl\u00e4rungen der Anbieter.<\/span><\/p>\n<h3><span style=\"font-family: nathan-serif;\">Social Media Plugins<\/span><\/h3>\n<p><span style=\"font-family: nathan-serif;\">Wir verwenden Plugins von XING, Twitter und Pinterest. Wenn Sie entsprechende Seiten besuchen, k\u00f6nnen Daten an die jeweiligen Anbieter \u00fcbermittelt werden. Details finden Sie hier:<\/span><\/p>\n<ul>\n<li><span style=\"font-family: nathan-serif;\"><a href=\"https:\/\/www.xing.com\/app\/share?op=data_protection\" target=\"_blank\" rel=\"noopener\">XING<\/a><\/span><\/li>\n<li><span style=\"font-family: nathan-serif;\"><a href=\"https:\/\/twitter.com\/privacy\" target=\"_blank\" rel=\"noopener\">Twitter<\/a><\/span><\/li>\n<li><span style=\"font-family: nathan-serif;\"><a href=\"https:\/\/about.pinterest.com\/de\/privacy-policy\" target=\"_blank\" rel=\"noopener\">Pinterest<\/a><\/span><\/li>\n<\/ul>\n<h3><span style=\"font-family: nathan-serif;\">Amazon-Partnerprogramm<\/span><\/h3>\n<p><span style=\"font-family: nathan-serif;\">Wir nehmen am Amazon EU-Partnerprogramm teil. Amazon setzt Cookies ein, um die Herkunft von Bestellungen nachverfolgen zu k\u00f6nnen. Rechtsgrundlage: Art. 6 Abs. 1 lit. f DSGVO. Weitere Informationen: <a href=\"https:\/\/www.amazon.de\/gp\/help\/customer\/display.html\/ref=footer_privacy?ie=UTF8&amp;nodeId=3312401\" target=\"_blank\" rel=\"noopener\">Amazon-Datenschutzerkl\u00e4rung<\/a><\/span><\/p>\n<h3><span style=\"font-family: nathan-serif;\">Google AdWords &amp; Conversion-Tracking<\/span><\/h3>\n<p><span style=\"font-family: nathan-serif;\">Diese Website verwendet Google AdWords zur Erfolgsmessung von Werbeanzeigen. Hierf\u00fcr werden Cookies gesetzt. Rechtsgrundlage: Art. 6 Abs. 1 lit. f DSGVO. Weitere Informationen: <a href=\"https:\/\/www.google.de\/policies\/privacy\/\" target=\"_blank\" rel=\"noopener\">Google-Datenschutzerkl\u00e4rung<\/a><\/span><\/p>\n<h3><span style=\"font-family: nathan-serif;\">Hotjar<\/span><\/h3>\n<p><span style=\"font-family: nathan-serif;\">Hotjar hilft uns, das Verhalten der Besucher zu analysieren. IP-Adressen werden anonymisiert. Rechtsgrundlage: Art. 6 Abs. 1 lit. f DSGVO. Weitere Informationen: <a href=\"https:\/\/help.hotjar.com\/hc\/de\/categories\/115001323967-\u00dcber-Hotjar\" target=\"_blank\" rel=\"noopener\">Hotjar Hilfe<\/a><\/span><\/p>\n<h3><span style=\"font-family: nathan-serif;\">CCPA \u2013 Kalifornische Datenschutzrechte<\/span><\/h3>\n<p><span style=\"font-family: nathan-serif;\">Einwohner Kaliforniens k\u00f6nnen der \u201eVerkauf\u201c ihrer personenbezogenen Daten gem\u00e4\u00df CCPA widersprechen. Besuchen Sie dazu: <a href=\"https:\/\/www.lateliermonsieur.com\/pages\/ccpa-compliance\" target=\"_blank\" rel=\"noopener\">CCPA-Konformit\u00e4tsseite<\/a><\/span><\/p>\n<hr \/>\n<p><span style=\"font-family: nathan-serif;\"><em>Quelle: Datenschutz-Konfigurator von mein-datenschutzbeauftragter.de<\/em><\/span><\/p>\n<\/div>\n<p>[\/vc_column_text][\/vc_column][vc_column width=&#8221;1\/4&#8243;][vc_empty_space height=&#8221;1px&#8221;][\/vc_column][\/vc_row]<\/p>\n<\/div>","protected":false},"excerpt":{"rendered":"<p>[vc_row fullwidth=&#8221;1&#8243; css=&#8221;.vc_custom_1744570433148{padding-top: 60px !important;padding-bottom: 60px !important;}&#8221;][vc_column width=&#8221;1\/4&#8243;][vc_empty_space height=&#8221;1px&#8221;][\/vc_column][vc_column width=&#8221;1\/2&#8243;][vc_column_text css=&#8221;.vc_custom_1744570641290{padding-bottom: 50px !important;}&#8221;] Datenschutzerkl\u00e4rung [\/vc_column_text][vc_column_text css=&#8221;&#8221;] Allgemeine Hinweise und Pflichtinformationen Name der verantwortlichen Stelle Die verantwortliche Stelle f\u00fcr die Datenverarbeitung auf dieser Website ist: Trikolor Handelsgesellschaft UG Stephan Chauchoy Bilker Allee 16 40219 D\u00fcsseldorf Deutschland Die verantwortliche Stelle entscheidet allein oder gemeinsam mit anderen \u00fcber [&hellip;]<\/p>\n","protected":false},"author":1300,"featured_media":0,"parent":0,"menu_order":0,"comment_status":"closed","ping_status":"closed","template":"page-wrapper.php","meta":{"_acf_changed":false,"footnotes":""},"class_list":["post-50322","page","type-page","status-publish","hentry"],"acf":[],"yoast_head":"<!-- This site is optimized with the Yoast SEO plugin v27.3 - https:\/\/yoast.com\/product\/yoast-seo-wordpress\/ -->\n<title>Datenschutzerkl\u00e4rung - Jim Green<\/title>\n<meta name=\"robots\" content=\"index, follow, max-snippet:-1, max-image-preview:large, max-video-preview:-1\" \/>\n<link rel=\"canonical\" href=\"https:\/\/jimgreenfootwear.eu\/de\/privacy-policy\/\" \/>\n<meta property=\"og:locale\" content=\"de_DE\" \/>\n<meta property=\"og:type\" content=\"article\" \/>\n<meta property=\"og:title\" content=\"Datenschutzerkl\u00e4rung - Jim Green\" \/>\n<meta property=\"og:description\" content=\"[vc_row fullwidth=&#8221;1&#8243; css=&#8221;.vc_custom_1744570433148{padding-top: 60px !important;padding-bottom: 60px !important;}&#8221;][vc_column width=&#8221;1\/4&#8243;][vc_empty_space height=&#8221;1px&#8221;][\/vc_column][vc_column width=&#8221;1\/2&#8243;][vc_column_text css=&#8221;.vc_custom_1744570641290{padding-bottom: 50px !important;}&#8221;] Datenschutzerkl\u00e4rung [\/vc_column_text][vc_column_text css=&#8221;&#8221;] Allgemeine Hinweise und Pflichtinformationen Name der verantwortlichen Stelle Die verantwortliche Stelle f\u00fcr die Datenverarbeitung auf dieser Website ist: Trikolor Handelsgesellschaft UG Stephan Chauchoy Bilker Allee 16 40219 D\u00fcsseldorf Deutschland Die verantwortliche Stelle entscheidet allein oder gemeinsam mit anderen \u00fcber [&hellip;]\" \/>\n<meta property=\"og:url\" content=\"https:\/\/jimgreenfootwear.eu\/de\/privacy-policy\/\" \/>\n<meta property=\"og:site_name\" content=\"Jim Green\" \/>\n<meta property=\"article:publisher\" content=\"https:\/\/www.facebook.com\/jimgreenfootwear\/\" \/>\n<meta property=\"article:modified_time\" content=\"2025-07-29T21:22:10+00:00\" \/>\n<meta name=\"twitter:card\" content=\"summary_large_image\" \/>\n<meta name=\"twitter:site\" content=\"@jimgreenfw\" \/>\n<meta name=\"twitter:label1\" content=\"Gesch\u00e4tzte Lesezeit\" \/>\n\t<meta name=\"twitter:data1\" content=\"5\u00a0Minuten\" \/>\n<script type=\"application\/ld+json\" class=\"yoast-schema-graph\">{\"@context\":\"https:\\\/\\\/schema.org\",\"@graph\":[{\"@type\":\"WebPage\",\"@id\":\"https:\\\/\\\/jimgreenfootwear.eu\\\/de\\\/privacy-policy\\\/\",\"url\":\"https:\\\/\\\/jimgreenfootwear.eu\\\/de\\\/privacy-policy\\\/\",\"name\":\"Datenschutzerkl\u00e4rung - Jim Green\",\"isPartOf\":{\"@id\":\"https:\\\/\\\/jimgreenfootwear.eu\\\/#website\"},\"datePublished\":\"2025-04-13T19:06:02+00:00\",\"dateModified\":\"2025-07-29T21:22:10+00:00\",\"breadcrumb\":{\"@id\":\"https:\\\/\\\/jimgreenfootwear.eu\\\/de\\\/privacy-policy\\\/#breadcrumb\"},\"inLanguage\":\"de\",\"potentialAction\":[{\"@type\":\"ReadAction\",\"target\":[\"https:\\\/\\\/jimgreenfootwear.eu\\\/de\\\/privacy-policy\\\/\"]}]},{\"@type\":\"BreadcrumbList\",\"@id\":\"https:\\\/\\\/jimgreenfootwear.eu\\\/de\\\/privacy-policy\\\/#breadcrumb\",\"itemListElement\":[{\"@type\":\"ListItem\",\"position\":1,\"name\":\"Home\",\"item\":\"https:\\\/\\\/jimgreenfootwear.eu\\\/de\\\/\"},{\"@type\":\"ListItem\",\"position\":2,\"name\":\"Datenschutzerkl\u00e4rung\"}]},{\"@type\":\"WebSite\",\"@id\":\"https:\\\/\\\/jimgreenfootwear.eu\\\/#website\",\"url\":\"https:\\\/\\\/jimgreenfootwear.eu\\\/\",\"name\":\"Jim Green\",\"description\":\"Footwear EU - Quality Hiking &amp; Safety Boots\",\"publisher\":{\"@id\":\"https:\\\/\\\/jimgreenfootwear.eu\\\/#organization\"},\"potentialAction\":[{\"@type\":\"SearchAction\",\"target\":{\"@type\":\"EntryPoint\",\"urlTemplate\":\"https:\\\/\\\/jimgreenfootwear.eu\\\/?s={search_term_string}\"},\"query-input\":{\"@type\":\"PropertyValueSpecification\",\"valueRequired\":true,\"valueName\":\"search_term_string\"}}],\"inLanguage\":\"de\"},{\"@type\":\"Organization\",\"@id\":\"https:\\\/\\\/jimgreenfootwear.eu\\\/#organization\",\"name\":\"Jim Green Footwear\",\"alternateName\":\"Jim Green\",\"url\":\"https:\\\/\\\/jimgreenfootwear.eu\\\/\",\"logo\":{\"@type\":\"ImageObject\",\"inLanguage\":\"de\",\"@id\":\"https:\\\/\\\/jimgreenfootwear.eu\\\/#\\\/schema\\\/logo\\\/image\\\/\",\"url\":\"https:\\\/\\\/jimgreenfootwear.eu\\\/wp-content\\\/uploads\\\/2023\\\/11\\\/Jim-Green-4-copy@4x.png\",\"contentUrl\":\"https:\\\/\\\/jimgreenfootwear.eu\\\/wp-content\\\/uploads\\\/2023\\\/11\\\/Jim-Green-4-copy@4x.png\",\"width\":1940,\"height\":1940,\"caption\":\"Jim Green Footwear\"},\"image\":{\"@id\":\"https:\\\/\\\/jimgreenfootwear.eu\\\/#\\\/schema\\\/logo\\\/image\\\/\"},\"sameAs\":[\"https:\\\/\\\/www.facebook.com\\\/jimgreenfootwear\\\/\",\"https:\\\/\\\/x.com\\\/jimgreenfw\",\"https:\\\/\\\/www.instagram.com\\\/jimgreenfootwear\\\/\"]}]}<\/script>\n<!-- \/ Yoast SEO plugin. -->","yoast_head_json":{"title":"Datenschutzerkl\u00e4rung - Jim Green","robots":{"index":"index","follow":"follow","max-snippet":"max-snippet:-1","max-image-preview":"max-image-preview:large","max-video-preview":"max-video-preview:-1"},"canonical":"https:\/\/jimgreenfootwear.eu\/de\/privacy-policy\/","og_locale":"de_DE","og_type":"article","og_title":"Datenschutzerkl\u00e4rung - Jim Green","og_description":"[vc_row fullwidth=&#8221;1&#8243; css=&#8221;.vc_custom_1744570433148{padding-top: 60px !important;padding-bottom: 60px !important;}&#8221;][vc_column width=&#8221;1\/4&#8243;][vc_empty_space height=&#8221;1px&#8221;][\/vc_column][vc_column width=&#8221;1\/2&#8243;][vc_column_text css=&#8221;.vc_custom_1744570641290{padding-bottom: 50px !important;}&#8221;] Datenschutzerkl\u00e4rung [\/vc_column_text][vc_column_text css=&#8221;&#8221;] Allgemeine Hinweise und Pflichtinformationen Name der verantwortlichen Stelle Die verantwortliche Stelle f\u00fcr die Datenverarbeitung auf dieser Website ist: Trikolor Handelsgesellschaft UG Stephan Chauchoy Bilker Allee 16 40219 D\u00fcsseldorf Deutschland Die verantwortliche Stelle entscheidet allein oder gemeinsam mit anderen \u00fcber [&hellip;]","og_url":"https:\/\/jimgreenfootwear.eu\/de\/privacy-policy\/","og_site_name":"Jim Green","article_publisher":"https:\/\/www.facebook.com\/jimgreenfootwear\/","article_modified_time":"2025-07-29T21:22:10+00:00","twitter_card":"summary_large_image","twitter_site":"@jimgreenfw","twitter_misc":{"Gesch\u00e4tzte Lesezeit":"5\u00a0Minuten"},"schema":{"@context":"https:\/\/schema.org","@graph":[{"@type":"WebPage","@id":"https:\/\/jimgreenfootwear.eu\/de\/privacy-policy\/","url":"https:\/\/jimgreenfootwear.eu\/de\/privacy-policy\/","name":"Datenschutzerkl\u00e4rung - Jim Green","isPartOf":{"@id":"https:\/\/jimgreenfootwear.eu\/#website"},"datePublished":"2025-04-13T19:06:02+00:00","dateModified":"2025-07-29T21:22:10+00:00","breadcrumb":{"@id":"https:\/\/jimgreenfootwear.eu\/de\/privacy-policy\/#breadcrumb"},"inLanguage":"de","potentialAction":[{"@type":"ReadAction","target":["https:\/\/jimgreenfootwear.eu\/de\/privacy-policy\/"]}]},{"@type":"BreadcrumbList","@id":"https:\/\/jimgreenfootwear.eu\/de\/privacy-policy\/#breadcrumb","itemListElement":[{"@type":"ListItem","position":1,"name":"Home","item":"https:\/\/jimgreenfootwear.eu\/de\/"},{"@type":"ListItem","position":2,"name":"Datenschutzerkl\u00e4rung"}]},{"@type":"WebSite","@id":"https:\/\/jimgreenfootwear.eu\/#website","url":"https:\/\/jimgreenfootwear.eu\/","name":"Jim Green","description":"Footwear EU - Quality Hiking &amp; Safety Boots","publisher":{"@id":"https:\/\/jimgreenfootwear.eu\/#organization"},"potentialAction":[{"@type":"SearchAction","target":{"@type":"EntryPoint","urlTemplate":"https:\/\/jimgreenfootwear.eu\/?s={search_term_string}"},"query-input":{"@type":"PropertyValueSpecification","valueRequired":true,"valueName":"search_term_string"}}],"inLanguage":"de"},{"@type":"Organization","@id":"https:\/\/jimgreenfootwear.eu\/#organization","name":"Jim Green Footwear","alternateName":"Jim Green","url":"https:\/\/jimgreenfootwear.eu\/","logo":{"@type":"ImageObject","inLanguage":"de","@id":"https:\/\/jimgreenfootwear.eu\/#\/schema\/logo\/image\/","url":"https:\/\/jimgreenfootwear.eu\/wp-content\/uploads\/2023\/11\/Jim-Green-4-copy@4x.png","contentUrl":"https:\/\/jimgreenfootwear.eu\/wp-content\/uploads\/2023\/11\/Jim-Green-4-copy@4x.png","width":1940,"height":1940,"caption":"Jim Green Footwear"},"image":{"@id":"https:\/\/jimgreenfootwear.eu\/#\/schema\/logo\/image\/"},"sameAs":["https:\/\/www.facebook.com\/jimgreenfootwear\/","https:\/\/x.com\/jimgreenfw","https:\/\/www.instagram.com\/jimgreenfootwear\/"]}]}},"_links":{"self":[{"href":"https:\/\/jimgreenfootwear.eu\/de\/wp-json\/wp\/v2\/pages\/50322","targetHints":{"allow":["GET"]}}],"collection":[{"href":"https:\/\/jimgreenfootwear.eu\/de\/wp-json\/wp\/v2\/pages"}],"about":[{"href":"https:\/\/jimgreenfootwear.eu\/de\/wp-json\/wp\/v2\/types\/page"}],"author":[{"embeddable":true,"href":"https:\/\/jimgreenfootwear.eu\/de\/wp-json\/wp\/v2\/users\/1300"}],"replies":[{"embeddable":true,"href":"https:\/\/jimgreenfootwear.eu\/de\/wp-json\/wp\/v2\/comments?post=50322"}],"version-history":[{"count":2,"href":"https:\/\/jimgreenfootwear.eu\/de\/wp-json\/wp\/v2\/pages\/50322\/revisions"}],"predecessor-version":[{"id":50326,"href":"https:\/\/jimgreenfootwear.eu\/de\/wp-json\/wp\/v2\/pages\/50322\/revisions\/50326"}],"wp:attachment":[{"href":"https:\/\/jimgreenfootwear.eu\/de\/wp-json\/wp\/v2\/media?parent=50322"}],"curies":[{"name":"wp","href":"https:\/\/api.w.org\/{rel}","templated":true}]}}