{"id":50333,"date":"2025-04-13T21:17:32","date_gmt":"2025-04-13T19:17:32","guid":{"rendered":"https:\/\/jimgreenfootwear.eu\/impressum\/"},"modified":"2025-12-02T20:32:49","modified_gmt":"2025-12-02T18:32:49","slug":"impressum","status":"publish","type":"page","link":"https:\/\/jimgreenfootwear.eu\/de\/impressum\/","title":{"rendered":"Impressum"},"content":{"rendered":"<div class=\"wpb-content-wrapper\"><p>[vc_row fullwidth=&#8221;1&#8243; css=&#8221;.vc_custom_1744570433148{padding-top: 60px !important;padding-bottom: 60px !important;}&#8221;][vc_column width=&#8221;1\/4&#8243;][vc_empty_space height=&#8221;1px&#8221;][\/vc_column][vc_column width=&#8221;1\/2&#8243;][vc_column_text css=&#8221;.vc_custom_1744572111345{padding-bottom: 50px !important;}&#8221;]<\/p>\n<div style=\"font-family: nathan-serif; font-size: 14pt; line-height: 1.6;\">\n<h2 style=\"text-align: center;\">Impressum (Anbieterkennzeichnung)<\/h2>\n<\/div>\n<p>[\/vc_column_text][vc_column_text css=&#8221;&#8221;]<\/p>\n<div style=\"font-family: nathan-serif; font-size: 14pt; line-height: 1.6;\">\n<p data-start=\"678\" data-end=\"848\"><strong data-start=\"678\" data-end=\"742\">Diensteanbieter \/ Betreiber der Website und des Online-Shops<\/strong><br data-start=\"742\" data-end=\"745\" \/>Trikolor Handelsgesellschaft UG (haftungsbeschr\u00e4nkt)<br data-start=\"797\" data-end=\"800\" \/>Bilker Allee 16<br data-start=\"815\" data-end=\"818\" \/>40219 D\u00fcsseldorf<br data-start=\"834\" data-end=\"837\" \/>Deutschland<\/p>\n<p data-start=\"850\" data-end=\"910\">Telefon: +49 211 92419865<br data-start=\"875\" data-end=\"878\" \/>E-Mail: <a class=\"cursor-pointer\" rel=\"noopener\" data-start=\"886\" data-end=\"910\">shop@jimgreenfootwear.eu<\/a><\/p>\n<p data-start=\"912\" data-end=\"1058\"><strong data-start=\"912\" data-end=\"938\">Vertretungsberechtigt:<\/strong> Gesch\u00e4ftsf\u00fchrer Stephan Chauchoy<br data-start=\"971\" data-end=\"974\" \/><strong data-start=\"974\" data-end=\"994\">Registereintrag:<\/strong> Amtsgericht D\u00fcsseldorf, HRB 79410<br data-start=\"1028\" data-end=\"1031\" \/><strong data-start=\"1031\" data-end=\"1045\">USt-IdNr.:<\/strong> DE 310241615<\/p>\n<p data-start=\"1060\" data-end=\"1378\"><strong data-start=\"1060\" data-end=\"1098\">Verbraucherstreitbeilegung (VSBG):<\/strong><br data-start=\"1098\" data-end=\"1101\" \/>Wir sind bereit, an einem Streitbeilegungsverfahren vor der folgenden Verbraucherschlichtungsstelle teilzunehmen:<br data-start=\"1214\" data-end=\"1217\" \/>Universalschlichtungsstelle des Bundes, Zentrum f\u00fcr Schlichtung e. V., Stra\u00dfburger Stra\u00dfe 8, 77694 Kehl am Rhein, Deutschland, <strong data-start=\"1344\" data-end=\"1377\"><a class=\"\" href=\"http:\/\/www.verbraucher-schlichter.de\" target=\"_new\" rel=\"noopener\" data-start=\"1346\" data-end=\"1375\">www.verbraucher-schlichter.de<\/a><\/strong>.<\/p>\n<\/div>\n<\/div>","protected":false},"excerpt":{"rendered":"<p>[vc_row fullwidth=&#8221;1&#8243; css=&#8221;.vc_custom_1744570433148{padding-top: 60px !important;padding-bottom: 60px !important;}&#8221;][vc_column width=&#8221;1\/4&#8243;][vc_empty_space height=&#8221;1px&#8221;][\/vc_column][vc_column width=&#8221;1\/2&#8243;][vc_column_text css=&#8221;.vc_custom_1744572111345{padding-bottom: 50px !important;}&#8221;] Impressum (Anbieterkennzeichnung) [\/vc_column_text][vc_column_text css=&#8221;&#8221;] Diensteanbieter \/ Betreiber der Website und des Online-ShopsTrikolor Handelsgesellschaft UG (haftungsbeschr\u00e4nkt)Bilker Allee 1640219 D\u00fcsseldorfDeutschland Telefon: +49 211 92419865E-Mail: shop@jimgreenfootwear.eu Vertretungsberechtigt: Gesch\u00e4ftsf\u00fchrer Stephan ChauchoyRegistereintrag: Amtsgericht D\u00fcsseldorf, HRB 79410USt-IdNr.: DE 310241615 Verbraucherstreitbeilegung (VSBG):Wir sind bereit, an einem Streitbeilegungsverfahren vor der [&hellip;]<\/p>\n","protected":false},"author":1300,"featured_media":0,"parent":0,"menu_order":0,"comment_status":"closed","ping_status":"closed","template":"page-wrapper.php","meta":{"_acf_changed":false,"footnotes":""},"class_list":["post-50333","page","type-page","status-publish","hentry"],"acf":[],"yoast_head":"<!-- This site is optimized with the Yoast SEO plugin v27.3 - https:\/\/yoast.com\/product\/yoast-seo-wordpress\/ -->\n<title>Impressum - Jim Green<\/title>\n<meta name=\"robots\" content=\"index, follow, max-snippet:-1, max-image-preview:large, max-video-preview:-1\" \/>\n<link rel=\"canonical\" href=\"https:\/\/jimgreenfootwear.eu\/de\/impressum\/\" \/>\n<meta property=\"og:locale\" content=\"de_DE\" \/>\n<meta property=\"og:type\" content=\"article\" \/>\n<meta property=\"og:title\" content=\"Impressum - Jim Green\" \/>\n<meta property=\"og:description\" content=\"[vc_row fullwidth=&#8221;1&#8243; css=&#8221;.vc_custom_1744570433148{padding-top: 60px !important;padding-bottom: 60px !important;}&#8221;][vc_column width=&#8221;1\/4&#8243;][vc_empty_space height=&#8221;1px&#8221;][\/vc_column][vc_column width=&#8221;1\/2&#8243;][vc_column_text css=&#8221;.vc_custom_1744572111345{padding-bottom: 50px !important;}&#8221;] Impressum (Anbieterkennzeichnung) [\/vc_column_text][vc_column_text css=&#8221;&#8221;] Diensteanbieter \/ Betreiber der Website und des Online-ShopsTrikolor Handelsgesellschaft UG (haftungsbeschr\u00e4nkt)Bilker Allee 1640219 D\u00fcsseldorfDeutschland Telefon: +49 211 92419865E-Mail: shop@jimgreenfootwear.eu Vertretungsberechtigt: Gesch\u00e4ftsf\u00fchrer Stephan ChauchoyRegistereintrag: Amtsgericht D\u00fcsseldorf, HRB 79410USt-IdNr.: DE 310241615 Verbraucherstreitbeilegung (VSBG):Wir sind bereit, an einem Streitbeilegungsverfahren vor der [&hellip;]\" \/>\n<meta property=\"og:url\" content=\"https:\/\/jimgreenfootwear.eu\/de\/impressum\/\" \/>\n<meta property=\"og:site_name\" content=\"Jim Green\" \/>\n<meta property=\"article:publisher\" content=\"https:\/\/www.facebook.com\/jimgreenfootwear\/\" \/>\n<meta property=\"article:modified_time\" content=\"2025-12-02T18:32:49+00:00\" \/>\n<meta name=\"twitter:card\" content=\"summary_large_image\" \/>\n<meta name=\"twitter:site\" content=\"@jimgreenfw\" \/>\n<meta name=\"twitter:label1\" content=\"Gesch\u00e4tzte Lesezeit\" \/>\n\t<meta name=\"twitter:data1\" content=\"1\u00a0Minute\" \/>\n<script type=\"application\/ld+json\" class=\"yoast-schema-graph\">{\"@context\":\"https:\\\/\\\/schema.org\",\"@graph\":[{\"@type\":\"WebPage\",\"@id\":\"https:\\\/\\\/jimgreenfootwear.eu\\\/de\\\/impressum\\\/\",\"url\":\"https:\\\/\\\/jimgreenfootwear.eu\\\/de\\\/impressum\\\/\",\"name\":\"Impressum - Jim Green\",\"isPartOf\":{\"@id\":\"https:\\\/\\\/jimgreenfootwear.eu\\\/#website\"},\"datePublished\":\"2025-04-13T19:17:32+00:00\",\"dateModified\":\"2025-12-02T18:32:49+00:00\",\"breadcrumb\":{\"@id\":\"https:\\\/\\\/jimgreenfootwear.eu\\\/de\\\/impressum\\\/#breadcrumb\"},\"inLanguage\":\"de\",\"potentialAction\":[{\"@type\":\"ReadAction\",\"target\":[\"https:\\\/\\\/jimgreenfootwear.eu\\\/de\\\/impressum\\\/\"]}]},{\"@type\":\"BreadcrumbList\",\"@id\":\"https:\\\/\\\/jimgreenfootwear.eu\\\/de\\\/impressum\\\/#breadcrumb\",\"itemListElement\":[{\"@type\":\"ListItem\",\"position\":1,\"name\":\"Home\",\"item\":\"https:\\\/\\\/jimgreenfootwear.eu\\\/de\\\/\"},{\"@type\":\"ListItem\",\"position\":2,\"name\":\"Impressum\"}]},{\"@type\":\"WebSite\",\"@id\":\"https:\\\/\\\/jimgreenfootwear.eu\\\/#website\",\"url\":\"https:\\\/\\\/jimgreenfootwear.eu\\\/\",\"name\":\"Jim Green\",\"description\":\"Footwear EU - Quality Hiking &amp; Safety Boots\",\"publisher\":{\"@id\":\"https:\\\/\\\/jimgreenfootwear.eu\\\/#organization\"},\"potentialAction\":[{\"@type\":\"SearchAction\",\"target\":{\"@type\":\"EntryPoint\",\"urlTemplate\":\"https:\\\/\\\/jimgreenfootwear.eu\\\/?s={search_term_string}\"},\"query-input\":{\"@type\":\"PropertyValueSpecification\",\"valueRequired\":true,\"valueName\":\"search_term_string\"}}],\"inLanguage\":\"de\"},{\"@type\":\"Organization\",\"@id\":\"https:\\\/\\\/jimgreenfootwear.eu\\\/#organization\",\"name\":\"Jim Green Footwear\",\"alternateName\":\"Jim Green\",\"url\":\"https:\\\/\\\/jimgreenfootwear.eu\\\/\",\"logo\":{\"@type\":\"ImageObject\",\"inLanguage\":\"de\",\"@id\":\"https:\\\/\\\/jimgreenfootwear.eu\\\/#\\\/schema\\\/logo\\\/image\\\/\",\"url\":\"https:\\\/\\\/jimgreenfootwear.eu\\\/wp-content\\\/uploads\\\/2023\\\/11\\\/Jim-Green-4-copy@4x.png\",\"contentUrl\":\"https:\\\/\\\/jimgreenfootwear.eu\\\/wp-content\\\/uploads\\\/2023\\\/11\\\/Jim-Green-4-copy@4x.png\",\"width\":1940,\"height\":1940,\"caption\":\"Jim Green Footwear\"},\"image\":{\"@id\":\"https:\\\/\\\/jimgreenfootwear.eu\\\/#\\\/schema\\\/logo\\\/image\\\/\"},\"sameAs\":[\"https:\\\/\\\/www.facebook.com\\\/jimgreenfootwear\\\/\",\"https:\\\/\\\/x.com\\\/jimgreenfw\",\"https:\\\/\\\/www.instagram.com\\\/jimgreenfootwear\\\/\"]}]}<\/script>\n<!-- \/ Yoast SEO plugin. -->","yoast_head_json":{"title":"Impressum - Jim Green","robots":{"index":"index","follow":"follow","max-snippet":"max-snippet:-1","max-image-preview":"max-image-preview:large","max-video-preview":"max-video-preview:-1"},"canonical":"https:\/\/jimgreenfootwear.eu\/de\/impressum\/","og_locale":"de_DE","og_type":"article","og_title":"Impressum - Jim Green","og_description":"[vc_row fullwidth=&#8221;1&#8243; css=&#8221;.vc_custom_1744570433148{padding-top: 60px !important;padding-bottom: 60px !important;}&#8221;][vc_column width=&#8221;1\/4&#8243;][vc_empty_space height=&#8221;1px&#8221;][\/vc_column][vc_column width=&#8221;1\/2&#8243;][vc_column_text css=&#8221;.vc_custom_1744572111345{padding-bottom: 50px !important;}&#8221;] Impressum (Anbieterkennzeichnung) [\/vc_column_text][vc_column_text css=&#8221;&#8221;] Diensteanbieter \/ Betreiber der Website und des Online-ShopsTrikolor Handelsgesellschaft UG (haftungsbeschr\u00e4nkt)Bilker Allee 1640219 D\u00fcsseldorfDeutschland Telefon: +49 211 92419865E-Mail: shop@jimgreenfootwear.eu Vertretungsberechtigt: Gesch\u00e4ftsf\u00fchrer Stephan ChauchoyRegistereintrag: Amtsgericht D\u00fcsseldorf, HRB 79410USt-IdNr.: DE 310241615 Verbraucherstreitbeilegung (VSBG):Wir sind bereit, an einem Streitbeilegungsverfahren vor der [&hellip;]","og_url":"https:\/\/jimgreenfootwear.eu\/de\/impressum\/","og_site_name":"Jim Green","article_publisher":"https:\/\/www.facebook.com\/jimgreenfootwear\/","article_modified_time":"2025-12-02T18:32:49+00:00","twitter_card":"summary_large_image","twitter_site":"@jimgreenfw","twitter_misc":{"Gesch\u00e4tzte Lesezeit":"1\u00a0Minute"},"schema":{"@context":"https:\/\/schema.org","@graph":[{"@type":"WebPage","@id":"https:\/\/jimgreenfootwear.eu\/de\/impressum\/","url":"https:\/\/jimgreenfootwear.eu\/de\/impressum\/","name":"Impressum - Jim Green","isPartOf":{"@id":"https:\/\/jimgreenfootwear.eu\/#website"},"datePublished":"2025-04-13T19:17:32+00:00","dateModified":"2025-12-02T18:32:49+00:00","breadcrumb":{"@id":"https:\/\/jimgreenfootwear.eu\/de\/impressum\/#breadcrumb"},"inLanguage":"de","potentialAction":[{"@type":"ReadAction","target":["https:\/\/jimgreenfootwear.eu\/de\/impressum\/"]}]},{"@type":"BreadcrumbList","@id":"https:\/\/jimgreenfootwear.eu\/de\/impressum\/#breadcrumb","itemListElement":[{"@type":"ListItem","position":1,"name":"Home","item":"https:\/\/jimgreenfootwear.eu\/de\/"},{"@type":"ListItem","position":2,"name":"Impressum"}]},{"@type":"WebSite","@id":"https:\/\/jimgreenfootwear.eu\/#website","url":"https:\/\/jimgreenfootwear.eu\/","name":"Jim Green","description":"Footwear EU - Quality Hiking &amp; Safety Boots","publisher":{"@id":"https:\/\/jimgreenfootwear.eu\/#organization"},"potentialAction":[{"@type":"SearchAction","target":{"@type":"EntryPoint","urlTemplate":"https:\/\/jimgreenfootwear.eu\/?s={search_term_string}"},"query-input":{"@type":"PropertyValueSpecification","valueRequired":true,"valueName":"search_term_string"}}],"inLanguage":"de"},{"@type":"Organization","@id":"https:\/\/jimgreenfootwear.eu\/#organization","name":"Jim Green Footwear","alternateName":"Jim Green","url":"https:\/\/jimgreenfootwear.eu\/","logo":{"@type":"ImageObject","inLanguage":"de","@id":"https:\/\/jimgreenfootwear.eu\/#\/schema\/logo\/image\/","url":"https:\/\/jimgreenfootwear.eu\/wp-content\/uploads\/2023\/11\/Jim-Green-4-copy@4x.png","contentUrl":"https:\/\/jimgreenfootwear.eu\/wp-content\/uploads\/2023\/11\/Jim-Green-4-copy@4x.png","width":1940,"height":1940,"caption":"Jim Green Footwear"},"image":{"@id":"https:\/\/jimgreenfootwear.eu\/#\/schema\/logo\/image\/"},"sameAs":["https:\/\/www.facebook.com\/jimgreenfootwear\/","https:\/\/x.com\/jimgreenfw","https:\/\/www.instagram.com\/jimgreenfootwear\/"]}]}},"_links":{"self":[{"href":"https:\/\/jimgreenfootwear.eu\/de\/wp-json\/wp\/v2\/pages\/50333","targetHints":{"allow":["GET"]}}],"collection":[{"href":"https:\/\/jimgreenfootwear.eu\/de\/wp-json\/wp\/v2\/pages"}],"about":[{"href":"https:\/\/jimgreenfootwear.eu\/de\/wp-json\/wp\/v2\/types\/page"}],"author":[{"embeddable":true,"href":"https:\/\/jimgreenfootwear.eu\/de\/wp-json\/wp\/v2\/users\/1300"}],"replies":[{"embeddable":true,"href":"https:\/\/jimgreenfootwear.eu\/de\/wp-json\/wp\/v2\/comments?post=50333"}],"version-history":[{"count":7,"href":"https:\/\/jimgreenfootwear.eu\/de\/wp-json\/wp\/v2\/pages\/50333\/revisions"}],"predecessor-version":[{"id":58078,"href":"https:\/\/jimgreenfootwear.eu\/de\/wp-json\/wp\/v2\/pages\/50333\/revisions\/58078"}],"wp:attachment":[{"href":"https:\/\/jimgreenfootwear.eu\/de\/wp-json\/wp\/v2\/media?parent=50333"}],"curies":[{"name":"wp","href":"https:\/\/api.w.org\/{rel}","templated":true}]}}