{"id":50341,"date":"2025-04-13T21:24:27","date_gmt":"2025-04-13T19:24:27","guid":{"rendered":"https:\/\/jimgreenfootwear.eu\/right-of-revocation\/"},"modified":"2025-12-02T14:55:25","modified_gmt":"2025-12-02T12:55:25","slug":"right-of-revocation","status":"publish","type":"page","link":"https:\/\/jimgreenfootwear.eu\/de\/right-of-revocation\/","title":{"rendered":"Widerrufsrecht"},"content":{"rendered":"<div class=\"wpb-content-wrapper\"><p>[vc_row fullwidth=&#8221;1&#8243; css=&#8221;.vc_custom_1744570433148{padding-top: 60px !important;padding-bottom: 60px !important;}&#8221;][vc_column width=&#8221;1\/4&#8243;][vc_empty_space height=&#8221;1px&#8221;][\/vc_column][vc_column width=&#8221;1\/2&#8243;][vc_column_text css=&#8221;.vc_custom_1744570641290{padding-bottom: 50px !important;}&#8221;]<\/p>\n<div style=\"font-family: nathan-serif; font-size: 14pt; line-height: 1.6;\">\n<h2 style=\"text-align: center;\"><span style=\"font-family: nathan-serif; font-size: 36pt;\">Widerrufsrecht<\/span><\/h2>\n<\/div>\n<p>[\/vc_column_text][vc_column_text css=&#8221;&#8221;]<\/p>\n<div style=\"font-family: nathan-serif; font-size: 14pt; line-height: 1.6;\">\n<h3><span style=\"font-family: nathan-serif;\">Widerrufsrecht<\/span><\/h3>\n<p>Sie haben das Recht, binnen vierzehn Tagen ohne Angabe von Gr\u00fcnden diesen Vertrag zu widerrufen.<\/p>\n<p>Die Widerrufsfrist betr\u00e4gt vierzehn Tage ab dem Tag, an dem Sie oder ein Dritter, der nicht der Bef\u00f6rderer ist, die Waren in Besitz genommen haben:<\/p>\n<ul>\n<li>bei Einzelware: die Ware;<\/li>\n<li>bei mehreren getrennt gelieferten Waren: die letzte Ware;<\/li>\n<li>bei Teillieferungen: die letzte Teillieferung;<\/li>\n<li>bei regelm\u00e4\u00dfiger Lieferung \u00fcber einen definierten Zeitraum: die erste Lieferung.<\/li>\n<\/ul>\n<p>Zur Aus\u00fcbung Ihres Widerrufsrechts kontaktieren Sie uns:<\/p>\n<p><strong>Trikolor Handelsgesellschaft UG (haftungsbeschr\u00e4nkt)<\/strong><br \/>\nBilker Allee 16<br \/>\n40219 D\u00fcsseldorf, Deutschland<br \/>\nE-Mail: <a href=\"mailto:shop@jimgreenfootwear.eu\">shop@jimgreenfootwear.eu<\/a><br \/>\nTel.: +49 211 924 198 65<\/p>\n<h4>Folgen des Widerrufs<\/h4>\n<ul>\n<li>Bei Widerruf erstatten wir alle Zahlungen einschlie\u00dflich Standardlieferkosten (au\u00dfer ggf. zus\u00e4tzlich gew\u00e4hlte Versandarten) unverz\u00fcglich, sp\u00e4testens 14 Tage nach Eingang Ihrer Widerrufserkl\u00e4rung.<\/li>\n<li>Wir verwenden dasselbe Zahlungsmittel, das Sie bei der urspr\u00fcnglichen Transaktion eingesetzt haben. Es entstehen keine Geb\u00fchren.<\/li>\n<li>Wir k\u00f6nnen die R\u00fcckerstattung verweigern, bis wir die Waren zur\u00fcckerhalten haben oder Sie den Versand nachgewiesen haben, je nachdem, welches Ereignis fr\u00fcher eintritt.<\/li>\n<\/ul>\n<h4>R\u00fccksendung<\/h4>\n<p>Die R\u00fccksendung erfolgt an:<\/p>\n<p><strong>L&#8217;Atelier Monsieur \/<br \/>\nJim Green Footwear Europe<\/strong><br \/>\nBilker Allee 16<br \/>\n40219 D\u00fcsseldorf, Deutschland<br \/>\nE-Mail: <a href=\"mailto:shop@jimgreenfootwear.eu\">shop@jimgreenfootwear.eu<\/a><br \/>\nTel.: +49 211 924 198 65<\/p>\n<h4>R\u00fccksendekosten<\/h4>\n<ul>\n<li>Widerruf durch den Kunden: Sie tragen die Kosten der R\u00fccksendung.<\/li>\n<li>Mangelhafte Ware \/ falsche Lieferung: Bitte senden Sie die Ware nicht eigenm\u00e4chtig zur\u00fcck. Wir stellen ein DHL-Retourenlabel bereit. R\u00fccksendung ist kostenfrei.<\/li>\n<\/ul>\n<h4>Haftung f\u00fcr Wertminderung<\/h4>\n<p>Sie haften nur f\u00fcr Wertminderungen, die durch Umgang entstehen, der \u00fcber die Pr\u00fcfung von Beschaffenheit, Eigenschaften und Funktionsweise hinausgeht. Schuhe d\u00fcrfen nicht getragen werden; empfindliche Lederarten (z. B. Oily Pull-Up) zeigen schnell Falten und gelten bei sichtbaren Gebrauchsspuren als benutzt.<\/p>\n<h4>Hygiene \/ Versiegelte Waren<\/h4>\n<p>Das Widerrufsrecht besteht nicht f\u00fcr Waren, die aus Hygiene- oder Gesundheitsschutzgr\u00fcnden nach \u00d6ffnung nicht zur\u00fcckgegeben werden k\u00f6nnen, wenn sie versiegelt geliefert wurden und das Siegel entfernt wurde.<\/p>\n<h4>Muster-Widerrufsformular<\/h4>\n<p>An: <strong>Trikolor Handelsgesellschaft UG (haftungsbeschr\u00e4nkt)<\/strong>, Bilker Allee 16, 40219 D\u00fcsseldorf, Deutschland, E-Mail: <a href=\"mailto:shop@jimgreenfootwear.eu\">shop@jimgreenfootwear.eu<\/a><\/p>\n<p>Hiermit widerrufe(n) ich\/wir (*) den von mir\/uns (*) abgeschlossenen Vertrag \u00fcber den Kauf der folgenden Waren (*):<br \/>\nBestellnummer:<br \/>\nName des\/der Verbraucher(s):<br \/>\nAnschrift des\/der Verbraucher(s):<br \/>\nUnterschrift des\/der Verbraucher(s) (nur bei Mitteilung auf Papier):<br \/>\nDatum:<br \/>\n(*) Unzutreffendes streichen<\/p>\n<h4>Hinweise zur Anprobe von Schuhen<\/h4>\n<p>Bitte probieren Sie Schuhe ausschlie\u00dflich auf sauberem Untergrund (z. B. Teppich) und nur so lange, wie es f\u00fcr die Passformpr\u00fcfung notwendig ist.<\/p>\n<p>Empfindliche Lederarten \u2013 insbesondere Oily Pull-Up, Pull-Up, Vollnarbenleder und unbehandeltes Naturleder \u2013 zeigen bereits nach kurzer Tragezeit sichtbare Falten. Diese Falten gelten rechtlich als Gebrauchsspuren und f\u00fchren gem\u00e4\u00df \u00a7357 Abs. 7 BGB zu einem entsprechenden Wertverlust.<\/p>\n<p>Bei sichtbaren Gehfalten, Sohlenabrieb oder st\u00e4rkeren Tragespuren behalten wir uns vor, den Erstattungsbetrag entsprechend der Wertminderung zu reduzieren.<\/p>\n<p><span style=\"font-family: nathan-serif;\">Erstellt in Zusammenarbeit mit Wilde Beuger Solmecke Rechtsanw\u00e4lte.<\/span><\/p>\n<\/div>\n<p>[\/vc_column_text][\/vc_column][vc_column width=&#8221;1\/4&#8243;][vc_empty_space height=&#8221;1px&#8221;][\/vc_column][\/vc_row]<\/p>\n<\/div>","protected":false},"excerpt":{"rendered":"<p>[vc_row fullwidth=&#8221;1&#8243; css=&#8221;.vc_custom_1744570433148{padding-top: 60px !important;padding-bottom: 60px !important;}&#8221;][vc_column width=&#8221;1\/4&#8243;][vc_empty_space height=&#8221;1px&#8221;][\/vc_column][vc_column width=&#8221;1\/2&#8243;][vc_column_text css=&#8221;.vc_custom_1744570641290{padding-bottom: 50px !important;}&#8221;] Widerrufsrecht [\/vc_column_text][vc_column_text css=&#8221;&#8221;] Widerrufsrecht Sie haben das Recht, binnen vierzehn Tagen ohne Angabe von Gr\u00fcnden diesen Vertrag zu widerrufen. Die Widerrufsfrist betr\u00e4gt vierzehn Tage ab dem Tag, an dem Sie oder ein Dritter, der nicht der Bef\u00f6rderer ist, die Waren in Besitz [&hellip;]<\/p>\n","protected":false},"author":1300,"featured_media":0,"parent":0,"menu_order":0,"comment_status":"closed","ping_status":"closed","template":"page-wrapper.php","meta":{"_acf_changed":false,"footnotes":""},"class_list":["post-50341","page","type-page","status-publish","hentry"],"acf":[],"yoast_head":"<!-- This site is optimized with the Yoast SEO plugin v27.3 - https:\/\/yoast.com\/product\/yoast-seo-wordpress\/ -->\n<title>Widerrufsrecht - Jim Green<\/title>\n<meta name=\"robots\" content=\"index, follow, max-snippet:-1, max-image-preview:large, max-video-preview:-1\" \/>\n<link rel=\"canonical\" href=\"https:\/\/jimgreenfootwear.eu\/de\/right-of-revocation\/\" \/>\n<meta property=\"og:locale\" content=\"de_DE\" \/>\n<meta property=\"og:type\" content=\"article\" \/>\n<meta property=\"og:title\" content=\"Widerrufsrecht - Jim Green\" \/>\n<meta property=\"og:description\" content=\"[vc_row fullwidth=&#8221;1&#8243; css=&#8221;.vc_custom_1744570433148{padding-top: 60px !important;padding-bottom: 60px !important;}&#8221;][vc_column width=&#8221;1\/4&#8243;][vc_empty_space height=&#8221;1px&#8221;][\/vc_column][vc_column width=&#8221;1\/2&#8243;][vc_column_text css=&#8221;.vc_custom_1744570641290{padding-bottom: 50px !important;}&#8221;] Widerrufsrecht [\/vc_column_text][vc_column_text css=&#8221;&#8221;] Widerrufsrecht Sie haben das Recht, binnen vierzehn Tagen ohne Angabe von Gr\u00fcnden diesen Vertrag zu widerrufen. Die Widerrufsfrist betr\u00e4gt vierzehn Tage ab dem Tag, an dem Sie oder ein Dritter, der nicht der Bef\u00f6rderer ist, die Waren in Besitz [&hellip;]\" \/>\n<meta property=\"og:url\" content=\"https:\/\/jimgreenfootwear.eu\/de\/right-of-revocation\/\" \/>\n<meta property=\"og:site_name\" content=\"Jim Green\" \/>\n<meta property=\"article:publisher\" content=\"https:\/\/www.facebook.com\/jimgreenfootwear\/\" \/>\n<meta property=\"article:modified_time\" content=\"2025-12-02T12:55:25+00:00\" \/>\n<meta name=\"twitter:card\" content=\"summary_large_image\" \/>\n<meta name=\"twitter:site\" content=\"@jimgreenfw\" \/>\n<meta name=\"twitter:label1\" content=\"Gesch\u00e4tzte Lesezeit\" \/>\n\t<meta name=\"twitter:data1\" content=\"2\u00a0Minuten\" \/>\n<script type=\"application\/ld+json\" class=\"yoast-schema-graph\">{\"@context\":\"https:\\\/\\\/schema.org\",\"@graph\":[{\"@type\":\"WebPage\",\"@id\":\"https:\\\/\\\/jimgreenfootwear.eu\\\/de\\\/right-of-revocation\\\/\",\"url\":\"https:\\\/\\\/jimgreenfootwear.eu\\\/de\\\/right-of-revocation\\\/\",\"name\":\"Widerrufsrecht - Jim Green\",\"isPartOf\":{\"@id\":\"https:\\\/\\\/jimgreenfootwear.eu\\\/#website\"},\"datePublished\":\"2025-04-13T19:24:27+00:00\",\"dateModified\":\"2025-12-02T12:55:25+00:00\",\"breadcrumb\":{\"@id\":\"https:\\\/\\\/jimgreenfootwear.eu\\\/de\\\/right-of-revocation\\\/#breadcrumb\"},\"inLanguage\":\"de\",\"potentialAction\":[{\"@type\":\"ReadAction\",\"target\":[\"https:\\\/\\\/jimgreenfootwear.eu\\\/de\\\/right-of-revocation\\\/\"]}]},{\"@type\":\"BreadcrumbList\",\"@id\":\"https:\\\/\\\/jimgreenfootwear.eu\\\/de\\\/right-of-revocation\\\/#breadcrumb\",\"itemListElement\":[{\"@type\":\"ListItem\",\"position\":1,\"name\":\"Home\",\"item\":\"https:\\\/\\\/jimgreenfootwear.eu\\\/de\\\/\"},{\"@type\":\"ListItem\",\"position\":2,\"name\":\"Widerrufsrecht\"}]},{\"@type\":\"WebSite\",\"@id\":\"https:\\\/\\\/jimgreenfootwear.eu\\\/#website\",\"url\":\"https:\\\/\\\/jimgreenfootwear.eu\\\/\",\"name\":\"Jim Green\",\"description\":\"Footwear EU - Quality Hiking &amp; Safety Boots\",\"publisher\":{\"@id\":\"https:\\\/\\\/jimgreenfootwear.eu\\\/#organization\"},\"potentialAction\":[{\"@type\":\"SearchAction\",\"target\":{\"@type\":\"EntryPoint\",\"urlTemplate\":\"https:\\\/\\\/jimgreenfootwear.eu\\\/?s={search_term_string}\"},\"query-input\":{\"@type\":\"PropertyValueSpecification\",\"valueRequired\":true,\"valueName\":\"search_term_string\"}}],\"inLanguage\":\"de\"},{\"@type\":\"Organization\",\"@id\":\"https:\\\/\\\/jimgreenfootwear.eu\\\/#organization\",\"name\":\"Jim Green Footwear\",\"alternateName\":\"Jim Green\",\"url\":\"https:\\\/\\\/jimgreenfootwear.eu\\\/\",\"logo\":{\"@type\":\"ImageObject\",\"inLanguage\":\"de\",\"@id\":\"https:\\\/\\\/jimgreenfootwear.eu\\\/#\\\/schema\\\/logo\\\/image\\\/\",\"url\":\"https:\\\/\\\/jimgreenfootwear.eu\\\/wp-content\\\/uploads\\\/2023\\\/11\\\/Jim-Green-4-copy@4x.png\",\"contentUrl\":\"https:\\\/\\\/jimgreenfootwear.eu\\\/wp-content\\\/uploads\\\/2023\\\/11\\\/Jim-Green-4-copy@4x.png\",\"width\":1940,\"height\":1940,\"caption\":\"Jim Green Footwear\"},\"image\":{\"@id\":\"https:\\\/\\\/jimgreenfootwear.eu\\\/#\\\/schema\\\/logo\\\/image\\\/\"},\"sameAs\":[\"https:\\\/\\\/www.facebook.com\\\/jimgreenfootwear\\\/\",\"https:\\\/\\\/x.com\\\/jimgreenfw\",\"https:\\\/\\\/www.instagram.com\\\/jimgreenfootwear\\\/\"]}]}<\/script>\n<!-- \/ Yoast SEO plugin. -->","yoast_head_json":{"title":"Widerrufsrecht - Jim Green","robots":{"index":"index","follow":"follow","max-snippet":"max-snippet:-1","max-image-preview":"max-image-preview:large","max-video-preview":"max-video-preview:-1"},"canonical":"https:\/\/jimgreenfootwear.eu\/de\/right-of-revocation\/","og_locale":"de_DE","og_type":"article","og_title":"Widerrufsrecht - Jim Green","og_description":"[vc_row fullwidth=&#8221;1&#8243; css=&#8221;.vc_custom_1744570433148{padding-top: 60px !important;padding-bottom: 60px !important;}&#8221;][vc_column width=&#8221;1\/4&#8243;][vc_empty_space height=&#8221;1px&#8221;][\/vc_column][vc_column width=&#8221;1\/2&#8243;][vc_column_text css=&#8221;.vc_custom_1744570641290{padding-bottom: 50px !important;}&#8221;] Widerrufsrecht [\/vc_column_text][vc_column_text css=&#8221;&#8221;] Widerrufsrecht Sie haben das Recht, binnen vierzehn Tagen ohne Angabe von Gr\u00fcnden diesen Vertrag zu widerrufen. Die Widerrufsfrist betr\u00e4gt vierzehn Tage ab dem Tag, an dem Sie oder ein Dritter, der nicht der Bef\u00f6rderer ist, die Waren in Besitz [&hellip;]","og_url":"https:\/\/jimgreenfootwear.eu\/de\/right-of-revocation\/","og_site_name":"Jim Green","article_publisher":"https:\/\/www.facebook.com\/jimgreenfootwear\/","article_modified_time":"2025-12-02T12:55:25+00:00","twitter_card":"summary_large_image","twitter_site":"@jimgreenfw","twitter_misc":{"Gesch\u00e4tzte Lesezeit":"2\u00a0Minuten"},"schema":{"@context":"https:\/\/schema.org","@graph":[{"@type":"WebPage","@id":"https:\/\/jimgreenfootwear.eu\/de\/right-of-revocation\/","url":"https:\/\/jimgreenfootwear.eu\/de\/right-of-revocation\/","name":"Widerrufsrecht - Jim Green","isPartOf":{"@id":"https:\/\/jimgreenfootwear.eu\/#website"},"datePublished":"2025-04-13T19:24:27+00:00","dateModified":"2025-12-02T12:55:25+00:00","breadcrumb":{"@id":"https:\/\/jimgreenfootwear.eu\/de\/right-of-revocation\/#breadcrumb"},"inLanguage":"de","potentialAction":[{"@type":"ReadAction","target":["https:\/\/jimgreenfootwear.eu\/de\/right-of-revocation\/"]}]},{"@type":"BreadcrumbList","@id":"https:\/\/jimgreenfootwear.eu\/de\/right-of-revocation\/#breadcrumb","itemListElement":[{"@type":"ListItem","position":1,"name":"Home","item":"https:\/\/jimgreenfootwear.eu\/de\/"},{"@type":"ListItem","position":2,"name":"Widerrufsrecht"}]},{"@type":"WebSite","@id":"https:\/\/jimgreenfootwear.eu\/#website","url":"https:\/\/jimgreenfootwear.eu\/","name":"Jim Green","description":"Footwear EU - Quality Hiking &amp; Safety Boots","publisher":{"@id":"https:\/\/jimgreenfootwear.eu\/#organization"},"potentialAction":[{"@type":"SearchAction","target":{"@type":"EntryPoint","urlTemplate":"https:\/\/jimgreenfootwear.eu\/?s={search_term_string}"},"query-input":{"@type":"PropertyValueSpecification","valueRequired":true,"valueName":"search_term_string"}}],"inLanguage":"de"},{"@type":"Organization","@id":"https:\/\/jimgreenfootwear.eu\/#organization","name":"Jim Green Footwear","alternateName":"Jim Green","url":"https:\/\/jimgreenfootwear.eu\/","logo":{"@type":"ImageObject","inLanguage":"de","@id":"https:\/\/jimgreenfootwear.eu\/#\/schema\/logo\/image\/","url":"https:\/\/jimgreenfootwear.eu\/wp-content\/uploads\/2023\/11\/Jim-Green-4-copy@4x.png","contentUrl":"https:\/\/jimgreenfootwear.eu\/wp-content\/uploads\/2023\/11\/Jim-Green-4-copy@4x.png","width":1940,"height":1940,"caption":"Jim Green Footwear"},"image":{"@id":"https:\/\/jimgreenfootwear.eu\/#\/schema\/logo\/image\/"},"sameAs":["https:\/\/www.facebook.com\/jimgreenfootwear\/","https:\/\/x.com\/jimgreenfw","https:\/\/www.instagram.com\/jimgreenfootwear\/"]}]}},"_links":{"self":[{"href":"https:\/\/jimgreenfootwear.eu\/de\/wp-json\/wp\/v2\/pages\/50341","targetHints":{"allow":["GET"]}}],"collection":[{"href":"https:\/\/jimgreenfootwear.eu\/de\/wp-json\/wp\/v2\/pages"}],"about":[{"href":"https:\/\/jimgreenfootwear.eu\/de\/wp-json\/wp\/v2\/types\/page"}],"author":[{"embeddable":true,"href":"https:\/\/jimgreenfootwear.eu\/de\/wp-json\/wp\/v2\/users\/1300"}],"replies":[{"embeddable":true,"href":"https:\/\/jimgreenfootwear.eu\/de\/wp-json\/wp\/v2\/comments?post=50341"}],"version-history":[{"count":8,"href":"https:\/\/jimgreenfootwear.eu\/de\/wp-json\/wp\/v2\/pages\/50341\/revisions"}],"predecessor-version":[{"id":58024,"href":"https:\/\/jimgreenfootwear.eu\/de\/wp-json\/wp\/v2\/pages\/50341\/revisions\/58024"}],"wp:attachment":[{"href":"https:\/\/jimgreenfootwear.eu\/de\/wp-json\/wp\/v2\/media?parent=50341"}],"curies":[{"name":"wp","href":"https:\/\/api.w.org\/{rel}","templated":true}]}}