{"id":50350,"date":"2025-04-13T21:35:58","date_gmt":"2025-04-13T19:35:58","guid":{"rendered":"https:\/\/jimgreenfootwear.eu\/shipping-vat-and-tax-free\/"},"modified":"2025-12-01T22:10:02","modified_gmt":"2025-12-01T20:10:02","slug":"shipping","status":"publish","type":"page","link":"https:\/\/jimgreenfootwear.eu\/de\/shipping\/","title":{"rendered":"Versand und Lieferung"},"content":{"rendered":"<h3 data-start=\"451\" data-end=\"466\">Deutschland<\/h3>\n<p data-start=\"468\" data-end=\"571\">Wir versenden innerhalb Deutschlands <strong data-start=\"505\" data-end=\"534\">versandkostenfrei mit DHL<\/strong> ab einem Bestellwert von <strong data-start=\"560\" data-end=\"570\">50,- \u20ac<\/strong>.<\/p>\n<p data-start=\"573\" data-end=\"652\">Die <strong data-start=\"577\" data-end=\"612\">Lieferzeit betr\u00e4gt 3\u20134 Werktage<\/strong>, inklusive Bearbeitung und DHL-Versand.<\/p>\n<hr data-start=\"654\" data-end=\"657\" \/>\n<h3 data-start=\"659\" data-end=\"680\">Europ\u00e4ische Union<\/h3>\n<p data-start=\"682\" data-end=\"891\">Der Versand innerhalb der EU erfolgt mit <strong data-start=\"723\" data-end=\"730\">DHL<\/strong>.<br data-start=\"731\" data-end=\"734\" \/>Die Versandkosten werden an der Kasse <strong data-start=\"772\" data-end=\"826\">automatisch basierend auf Ihrem Standort berechnet<\/strong>.<br data-start=\"827\" data-end=\"830\" \/><strong data-start=\"830\" data-end=\"842\">Beispiel<\/strong>: Standardversand in die meisten EU-L\u00e4nder: <strong data-start=\"880\" data-end=\"890\">14,- \u20ac<\/strong>.<\/p>\n<p data-start=\"893\" data-end=\"1053\">Die <strong data-start=\"897\" data-end=\"932\">Lieferzeit betr\u00e4gt 3\u20136 Werktage<\/strong>, abh\u00e4ngig vom Zielland.<br data-start=\"956\" data-end=\"959\" \/>Die angegebene Lieferzeit beinhaltet sowohl die Bearbeitung als auch die Versanddauer mit DHL.<\/p>\n<p data-start=\"1055\" data-end=\"1285\"><strong data-start=\"1055\" data-end=\"1074\">Mehrwertsteuer:<\/strong><br data-start=\"1074\" data-end=\"1077\" \/>Als deutscher Shop weisen wir unsere Preise <strong data-start=\"1121\" data-end=\"1174\">inkl. der deutschen Mehrwertsteuer (derzeit 19\u202f%)<\/strong> aus.<br data-start=\"1179\" data-end=\"1182\" \/>Bei Lieferungen in EU-L\u00e4nder mit abweichender MwSt. wird der Preis an der Kasse entsprechend angepasst.<\/p>\n<hr data-start=\"1287\" data-end=\"1290\" \/>\n<h3 data-start=\"1292\" data-end=\"1353\">Vereinigtes K\u00f6nigreich, Schweiz &amp; internationaler Versand<\/h3>\n<p data-start=\"1355\" data-end=\"1560\">Wir versenden <strong data-start=\"1369\" data-end=\"1389\">weltweit mit DHL<\/strong>.<br data-start=\"1390\" data-end=\"1393\" \/>Die Versandkosten werden je nach Lieferland <strong data-start=\"1437\" data-end=\"1462\">im Checkout berechnet<\/strong>.<br data-start=\"1463\" data-end=\"1466\" \/><strong data-start=\"1466\" data-end=\"1479\">Beispiel<\/strong>: Vereinigtes K\u00f6nigreich, Schweiz, Norwegen, Gr\u00f6nland usw. <strong data-start=\"1550\" data-end=\"1560\">19,- \u20ac<\/strong><\/p>\n<p data-start=\"1562\" data-end=\"1745\">Die <strong data-start=\"1566\" data-end=\"1601\">Lieferzeit betr\u00e4gt 2\u20136 Werktage<\/strong>, abh\u00e4ngig vom Zielland und Zollabwicklung.<br data-start=\"1644\" data-end=\"1647\" \/>Die angegebene Lieferzeit umfasst sowohl unsere Bearbeitungszeit als auch die Versandzeit mit DHL. Die Verzollung kann Ihren Versand verz\u00f6gern. Wir haben darauf keinen Einfluss.<\/p>\n<p data-start=\"1747\" data-end=\"1965\"><strong data-start=\"1747\" data-end=\"1790\">Steuerfreie Lieferung au\u00dferhalb der EU:<\/strong><br data-start=\"1790\" data-end=\"1793\" \/>Bei Lieferadressen <strong data-start=\"1812\" data-end=\"1848\">au\u00dferhalb der Europ\u00e4ischen Union<\/strong> erfolgt der Versand <strong data-start=\"1869\" data-end=\"1891\">mehrwertsteuerfrei<\/strong>.<br data-start=\"1892\" data-end=\"1895\" \/>Sobald Sie Ihre <strong>Lieferadresse eingeben<\/strong>, wird der Preis im Checkout <strong>automatisch auf den Nettobetrag (ohne Steuern)<\/strong> aktualisiert.<\/p>\n<h3 data-start=\"1972\" data-end=\"1997\"><img decoding=\"async\" style=\"font-family: -apple-system, BlinkMacSystemFont, 'San Francisco', 'Segoe UI', Roboto, 'Helvetica Neue', sans-serif; font-size: 0.875rem;\" src=\"https:\/\/cdn.shopify.com\/s\/files\/1\/1156\/6942\/files\/taxfree_thumb_thumb.jpg?v=1481731953\" alt=\"\" \/><\/h3>\n<hr data-start=\"1287\" data-end=\"1290\" \/>\n<h3 data-start=\"158\" data-end=\"183\">Zoll &amp; Einfuhrabgaben<\/h3>\n<p data-start=\"185\" data-end=\"385\">Internationale Sendungen (au\u00dferhalb der EU) <strong data-start=\"229\" data-end=\"293\">k\u00f6nnen Einfuhrabgaben, Z\u00f6lle oder lokale Steuern unterliegen<\/strong>, die vom Empf\u00e4nger zu tragen sind. Diese Geb\u00fchren variieren je nach Zielland und Warenwert.<\/p>\n<h4 data-start=\"387\" data-end=\"396\">USA:<\/h4>\n<p data-start=\"397\" data-end=\"676\">Bitte beachten Sie, dass die fr\u00fchere Freigrenze f\u00fcr zollfreie Lieferungen unter 800\u202fUSD nicht mehr gilt.<br data-start=\"501\" data-end=\"504\" \/>Seit dem <strong data-start=\"513\" data-end=\"532\">29. August 2025<\/strong> k\u00f6nnen <strong data-start=\"540\" data-end=\"574\">alle internationalen Sendungen<\/strong> in die USA <strong data-start=\"586\" data-end=\"613\">Zoll- und Steuerabgaben<\/strong> unterliegen \u2013 <strong data-start=\"628\" data-end=\"675\">unabh\u00e4ngig vom Warenwert oder Herkunftsland<\/strong>.<\/p>\n<p data-start=\"678\" data-end=\"801\">F\u00fcr aktuelle Informationen wenden Sie sich bitte an die <strong data-start=\"734\" data-end=\"758\">US-Zollbeh\u00f6rde (CBP)<\/strong> oder Ihre lokale Post- oder Versandstelle.<\/p>\n<h4 data-start=\"803\" data-end=\"828\">Alle anderen L\u00e4nder:<\/h4>\n<p data-start=\"829\" data-end=\"1043\">Informieren Sie sich bitte bei Ihrer <strong data-start=\"866\" data-end=\"891\">\u00f6rtlichen Zollbeh\u00f6rde<\/strong> \u00fcber m\u00f6gliche Geb\u00fchren, Einfuhrsteuern oder Einfuhrverbote.<br data-start=\"951\" data-end=\"954\" \/>Diese Abgaben werden <strong data-start=\"975\" data-end=\"1000\">nicht von uns erhoben<\/strong> und sind <strong data-start=\"1010\" data-end=\"1042\">nicht im Kaufpreis enthalten<\/strong>.<\/p>\n<p data-start=\"1045\" data-end=\"1199\">Wir \u00fcbernehmen <strong data-start=\"1060\" data-end=\"1108\">keine Verantwortung f\u00fcr zus\u00e4tzliche Geb\u00fchren<\/strong>, Verz\u00f6gerungen oder Kosten, die durch Zollabfertigung oder Vermittlungsgeb\u00fchren entstehen.<\/p>\n<p data-start=\"1201\" data-end=\"1419\"><strong data-start=\"1201\" data-end=\"1213\">Wichtig:<\/strong><br data-start=\"1213\" data-end=\"1216\" \/>Wird eine Lieferung <strong data-start=\"1236\" data-end=\"1270\">nicht angenommen oder abgeholt<\/strong>, gehen s\u00e4mtliche R\u00fccksendekosten sowie etwaige Geb\u00fchren <strong data-start=\"1327\" data-end=\"1352\">zu Lasten des K\u00e4ufers<\/strong>. Diese Betr\u00e4ge werden bei R\u00fcckerstattungen entsprechend abgezogen.<\/p>\n","protected":false},"excerpt":{"rendered":"<p>Deutschland Wir versenden innerhalb Deutschlands versandkostenfrei mit DHL ab einem Bestellwert von 50,- \u20ac. Die Lieferzeit betr\u00e4gt 3\u20134 Werktage, inklusive Bearbeitung und DHL-Versand. Europ\u00e4ische Union Der Versand innerhalb der EU erfolgt mit DHL.Die Versandkosten werden an der Kasse automatisch basierend auf Ihrem Standort berechnet.Beispiel: Standardversand in die meisten EU-L\u00e4nder: 14,- \u20ac. Die Lieferzeit betr\u00e4gt 3\u20136 [&hellip;]<\/p>\n","protected":false},"author":1300,"featured_media":0,"parent":0,"menu_order":0,"comment_status":"closed","ping_status":"closed","template":"page-wrapper.php","meta":{"_acf_changed":false,"footnotes":""},"class_list":["post-50350","page","type-page","status-publish","hentry"],"acf":[],"yoast_head":"<!-- This site is optimized with the Yoast SEO plugin v27.3 - https:\/\/yoast.com\/product\/yoast-seo-wordpress\/ -->\n<title>Versand und Lieferung - Jim Green<\/title>\n<meta name=\"robots\" content=\"index, follow, max-snippet:-1, max-image-preview:large, max-video-preview:-1\" \/>\n<link rel=\"canonical\" href=\"https:\/\/jimgreenfootwear.eu\/de\/shipping\/\" \/>\n<meta property=\"og:locale\" content=\"de_DE\" \/>\n<meta property=\"og:type\" content=\"article\" \/>\n<meta property=\"og:title\" content=\"Versand und Lieferung - Jim Green\" \/>\n<meta property=\"og:description\" content=\"Deutschland Wir versenden innerhalb Deutschlands versandkostenfrei mit DHL ab einem Bestellwert von 50,- \u20ac. Die Lieferzeit betr\u00e4gt 3\u20134 Werktage, inklusive Bearbeitung und DHL-Versand. Europ\u00e4ische Union Der Versand innerhalb der EU erfolgt mit DHL.Die Versandkosten werden an der Kasse automatisch basierend auf Ihrem Standort berechnet.Beispiel: Standardversand in die meisten EU-L\u00e4nder: 14,- \u20ac. Die Lieferzeit betr\u00e4gt 3\u20136 [&hellip;]\" \/>\n<meta property=\"og:url\" content=\"https:\/\/jimgreenfootwear.eu\/de\/shipping\/\" \/>\n<meta property=\"og:site_name\" content=\"Jim Green\" \/>\n<meta property=\"article:publisher\" content=\"https:\/\/www.facebook.com\/jimgreenfootwear\/\" \/>\n<meta property=\"article:modified_time\" content=\"2025-12-01T20:10:02+00:00\" \/>\n<meta property=\"og:image\" content=\"https:\/\/cdn.shopify.com\/s\/files\/1\/1156\/6942\/files\/taxfree_thumb_thumb.jpg?v=1481731953\" \/>\n<meta name=\"twitter:card\" content=\"summary_large_image\" \/>\n<meta name=\"twitter:site\" content=\"@jimgreenfw\" \/>\n<meta name=\"twitter:label1\" content=\"Gesch\u00e4tzte Lesezeit\" \/>\n\t<meta name=\"twitter:data1\" content=\"2\u00a0Minuten\" \/>\n<script type=\"application\/ld+json\" class=\"yoast-schema-graph\">{\"@context\":\"https:\\\/\\\/schema.org\",\"@graph\":[{\"@type\":\"WebPage\",\"@id\":\"https:\\\/\\\/jimgreenfootwear.eu\\\/de\\\/shipping\\\/\",\"url\":\"https:\\\/\\\/jimgreenfootwear.eu\\\/de\\\/shipping\\\/\",\"name\":\"Versand und Lieferung - Jim Green\",\"isPartOf\":{\"@id\":\"https:\\\/\\\/jimgreenfootwear.eu\\\/#website\"},\"primaryImageOfPage\":{\"@id\":\"https:\\\/\\\/jimgreenfootwear.eu\\\/de\\\/shipping\\\/#primaryimage\"},\"image\":{\"@id\":\"https:\\\/\\\/jimgreenfootwear.eu\\\/de\\\/shipping\\\/#primaryimage\"},\"thumbnailUrl\":\"https:\\\/\\\/cdn.shopify.com\\\/s\\\/files\\\/1\\\/1156\\\/6942\\\/files\\\/taxfree_thumb_thumb.jpg?v=1481731953\",\"datePublished\":\"2025-04-13T19:35:58+00:00\",\"dateModified\":\"2025-12-01T20:10:02+00:00\",\"breadcrumb\":{\"@id\":\"https:\\\/\\\/jimgreenfootwear.eu\\\/de\\\/shipping\\\/#breadcrumb\"},\"inLanguage\":\"de\",\"potentialAction\":[{\"@type\":\"ReadAction\",\"target\":[\"https:\\\/\\\/jimgreenfootwear.eu\\\/de\\\/shipping\\\/\"]}]},{\"@type\":\"ImageObject\",\"inLanguage\":\"de\",\"@id\":\"https:\\\/\\\/jimgreenfootwear.eu\\\/de\\\/shipping\\\/#primaryimage\",\"url\":\"https:\\\/\\\/cdn.shopify.com\\\/s\\\/files\\\/1\\\/1156\\\/6942\\\/files\\\/taxfree_thumb_thumb.jpg?v=1481731953\",\"contentUrl\":\"https:\\\/\\\/cdn.shopify.com\\\/s\\\/files\\\/1\\\/1156\\\/6942\\\/files\\\/taxfree_thumb_thumb.jpg?v=1481731953\"},{\"@type\":\"BreadcrumbList\",\"@id\":\"https:\\\/\\\/jimgreenfootwear.eu\\\/de\\\/shipping\\\/#breadcrumb\",\"itemListElement\":[{\"@type\":\"ListItem\",\"position\":1,\"name\":\"Home\",\"item\":\"https:\\\/\\\/jimgreenfootwear.eu\\\/de\\\/\"},{\"@type\":\"ListItem\",\"position\":2,\"name\":\"Versand und Lieferung\"}]},{\"@type\":\"WebSite\",\"@id\":\"https:\\\/\\\/jimgreenfootwear.eu\\\/#website\",\"url\":\"https:\\\/\\\/jimgreenfootwear.eu\\\/\",\"name\":\"Jim Green\",\"description\":\"Footwear EU - Quality Hiking &amp; Safety Boots\",\"publisher\":{\"@id\":\"https:\\\/\\\/jimgreenfootwear.eu\\\/#organization\"},\"potentialAction\":[{\"@type\":\"SearchAction\",\"target\":{\"@type\":\"EntryPoint\",\"urlTemplate\":\"https:\\\/\\\/jimgreenfootwear.eu\\\/?s={search_term_string}\"},\"query-input\":{\"@type\":\"PropertyValueSpecification\",\"valueRequired\":true,\"valueName\":\"search_term_string\"}}],\"inLanguage\":\"de\"},{\"@type\":\"Organization\",\"@id\":\"https:\\\/\\\/jimgreenfootwear.eu\\\/#organization\",\"name\":\"Jim Green Footwear\",\"alternateName\":\"Jim Green\",\"url\":\"https:\\\/\\\/jimgreenfootwear.eu\\\/\",\"logo\":{\"@type\":\"ImageObject\",\"inLanguage\":\"de\",\"@id\":\"https:\\\/\\\/jimgreenfootwear.eu\\\/#\\\/schema\\\/logo\\\/image\\\/\",\"url\":\"https:\\\/\\\/jimgreenfootwear.eu\\\/wp-content\\\/uploads\\\/2023\\\/11\\\/Jim-Green-4-copy@4x.png\",\"contentUrl\":\"https:\\\/\\\/jimgreenfootwear.eu\\\/wp-content\\\/uploads\\\/2023\\\/11\\\/Jim-Green-4-copy@4x.png\",\"width\":1940,\"height\":1940,\"caption\":\"Jim Green Footwear\"},\"image\":{\"@id\":\"https:\\\/\\\/jimgreenfootwear.eu\\\/#\\\/schema\\\/logo\\\/image\\\/\"},\"sameAs\":[\"https:\\\/\\\/www.facebook.com\\\/jimgreenfootwear\\\/\",\"https:\\\/\\\/x.com\\\/jimgreenfw\",\"https:\\\/\\\/www.instagram.com\\\/jimgreenfootwear\\\/\"]}]}<\/script>\n<!-- \/ Yoast SEO plugin. -->","yoast_head_json":{"title":"Versand und Lieferung - Jim Green","robots":{"index":"index","follow":"follow","max-snippet":"max-snippet:-1","max-image-preview":"max-image-preview:large","max-video-preview":"max-video-preview:-1"},"canonical":"https:\/\/jimgreenfootwear.eu\/de\/shipping\/","og_locale":"de_DE","og_type":"article","og_title":"Versand und Lieferung - Jim Green","og_description":"Deutschland Wir versenden innerhalb Deutschlands versandkostenfrei mit DHL ab einem Bestellwert von 50,- \u20ac. Die Lieferzeit betr\u00e4gt 3\u20134 Werktage, inklusive Bearbeitung und DHL-Versand. Europ\u00e4ische Union Der Versand innerhalb der EU erfolgt mit DHL.Die Versandkosten werden an der Kasse automatisch basierend auf Ihrem Standort berechnet.Beispiel: Standardversand in die meisten EU-L\u00e4nder: 14,- \u20ac. Die Lieferzeit betr\u00e4gt 3\u20136 [&hellip;]","og_url":"https:\/\/jimgreenfootwear.eu\/de\/shipping\/","og_site_name":"Jim Green","article_publisher":"https:\/\/www.facebook.com\/jimgreenfootwear\/","article_modified_time":"2025-12-01T20:10:02+00:00","og_image":[{"url":"https:\/\/cdn.shopify.com\/s\/files\/1\/1156\/6942\/files\/taxfree_thumb_thumb.jpg?v=1481731953","type":"","width":"","height":""}],"twitter_card":"summary_large_image","twitter_site":"@jimgreenfw","twitter_misc":{"Gesch\u00e4tzte Lesezeit":"2\u00a0Minuten"},"schema":{"@context":"https:\/\/schema.org","@graph":[{"@type":"WebPage","@id":"https:\/\/jimgreenfootwear.eu\/de\/shipping\/","url":"https:\/\/jimgreenfootwear.eu\/de\/shipping\/","name":"Versand und Lieferung - Jim Green","isPartOf":{"@id":"https:\/\/jimgreenfootwear.eu\/#website"},"primaryImageOfPage":{"@id":"https:\/\/jimgreenfootwear.eu\/de\/shipping\/#primaryimage"},"image":{"@id":"https:\/\/jimgreenfootwear.eu\/de\/shipping\/#primaryimage"},"thumbnailUrl":"https:\/\/cdn.shopify.com\/s\/files\/1\/1156\/6942\/files\/taxfree_thumb_thumb.jpg?v=1481731953","datePublished":"2025-04-13T19:35:58+00:00","dateModified":"2025-12-01T20:10:02+00:00","breadcrumb":{"@id":"https:\/\/jimgreenfootwear.eu\/de\/shipping\/#breadcrumb"},"inLanguage":"de","potentialAction":[{"@type":"ReadAction","target":["https:\/\/jimgreenfootwear.eu\/de\/shipping\/"]}]},{"@type":"ImageObject","inLanguage":"de","@id":"https:\/\/jimgreenfootwear.eu\/de\/shipping\/#primaryimage","url":"https:\/\/cdn.shopify.com\/s\/files\/1\/1156\/6942\/files\/taxfree_thumb_thumb.jpg?v=1481731953","contentUrl":"https:\/\/cdn.shopify.com\/s\/files\/1\/1156\/6942\/files\/taxfree_thumb_thumb.jpg?v=1481731953"},{"@type":"BreadcrumbList","@id":"https:\/\/jimgreenfootwear.eu\/de\/shipping\/#breadcrumb","itemListElement":[{"@type":"ListItem","position":1,"name":"Home","item":"https:\/\/jimgreenfootwear.eu\/de\/"},{"@type":"ListItem","position":2,"name":"Versand und Lieferung"}]},{"@type":"WebSite","@id":"https:\/\/jimgreenfootwear.eu\/#website","url":"https:\/\/jimgreenfootwear.eu\/","name":"Jim Green","description":"Footwear EU - Quality Hiking &amp; Safety Boots","publisher":{"@id":"https:\/\/jimgreenfootwear.eu\/#organization"},"potentialAction":[{"@type":"SearchAction","target":{"@type":"EntryPoint","urlTemplate":"https:\/\/jimgreenfootwear.eu\/?s={search_term_string}"},"query-input":{"@type":"PropertyValueSpecification","valueRequired":true,"valueName":"search_term_string"}}],"inLanguage":"de"},{"@type":"Organization","@id":"https:\/\/jimgreenfootwear.eu\/#organization","name":"Jim Green Footwear","alternateName":"Jim Green","url":"https:\/\/jimgreenfootwear.eu\/","logo":{"@type":"ImageObject","inLanguage":"de","@id":"https:\/\/jimgreenfootwear.eu\/#\/schema\/logo\/image\/","url":"https:\/\/jimgreenfootwear.eu\/wp-content\/uploads\/2023\/11\/Jim-Green-4-copy@4x.png","contentUrl":"https:\/\/jimgreenfootwear.eu\/wp-content\/uploads\/2023\/11\/Jim-Green-4-copy@4x.png","width":1940,"height":1940,"caption":"Jim Green Footwear"},"image":{"@id":"https:\/\/jimgreenfootwear.eu\/#\/schema\/logo\/image\/"},"sameAs":["https:\/\/www.facebook.com\/jimgreenfootwear\/","https:\/\/x.com\/jimgreenfw","https:\/\/www.instagram.com\/jimgreenfootwear\/"]}]}},"_links":{"self":[{"href":"https:\/\/jimgreenfootwear.eu\/de\/wp-json\/wp\/v2\/pages\/50350","targetHints":{"allow":["GET"]}}],"collection":[{"href":"https:\/\/jimgreenfootwear.eu\/de\/wp-json\/wp\/v2\/pages"}],"about":[{"href":"https:\/\/jimgreenfootwear.eu\/de\/wp-json\/wp\/v2\/types\/page"}],"author":[{"embeddable":true,"href":"https:\/\/jimgreenfootwear.eu\/de\/wp-json\/wp\/v2\/users\/1300"}],"replies":[{"embeddable":true,"href":"https:\/\/jimgreenfootwear.eu\/de\/wp-json\/wp\/v2\/comments?post=50350"}],"version-history":[{"count":12,"href":"https:\/\/jimgreenfootwear.eu\/de\/wp-json\/wp\/v2\/pages\/50350\/revisions"}],"predecessor-version":[{"id":57982,"href":"https:\/\/jimgreenfootwear.eu\/de\/wp-json\/wp\/v2\/pages\/50350\/revisions\/57982"}],"wp:attachment":[{"href":"https:\/\/jimgreenfootwear.eu\/de\/wp-json\/wp\/v2\/media?parent=50350"}],"curies":[{"name":"wp","href":"https:\/\/api.w.org\/{rel}","templated":true}]}}