{"id":49937,"date":"2024-12-03T22:50:21","date_gmt":"2024-12-03T20:50:21","guid":{"rendered":"https:\/\/jimgreenfootwear.eu\/store\/719-bronco\/"},"modified":"2026-02-13T16:32:48","modified_gmt":"2026-02-13T14:32:48","slug":"719-bronco","status":"publish","type":"product","link":"https:\/\/jimgreenfootwear.eu\/de\/store\/719-bronco\/","title":{"rendered":"719 &#8211; Bronco"},"content":{"rendered":"<div class=\"wpb-content-wrapper\"><p>[vc_row css=&#8221;.vc_custom_1738941992903{padding-right: 15px !important;padding-bottom: 30px !important;padding-left: 15px !important;}&#8221;][vc_column width=&#8221;5\/6&#8243; css=&#8221;.vc_custom_padding_settings&#8221;][vc_column_text css=&#8221;&#8221;]<\/p>\n<h3><span style=\"font-family: nathan-serif; font-size: 24pt;\"><strong>Der 719 Stiefel: Ein zeitloser <\/strong><\/span><span style=\"font-size: 24pt; font-family: nathan-serif;\">klassischer Heritage-Boot.<\/span><\/h3>\n<p>[\/vc_column_text][\/vc_column][\/vc_row][vc_row css=&#8221;.vc_custom_padding_settings{padding-right: 15px !important; padding-left: 15px !important; padding-bottom: 20px !important;}&#8221;][vc_column width=&#8221;1\/2&#8243; el_class=&#8221;description&#8221; css=&#8221;.vc_custom_1738941875378{padding-bottom: 20px !important;}&#8221;][vc_column_text css=&#8221;&#8221;]<\/p>\n<p data-start=\"384\" data-end=\"746\"><span style=\"font-size: 14pt; font-family: nathan-serif;\">Der 719 Boot ist das Ergebnis einer besonderen Zusammenarbeit und Freundschaft zwischen Jim Green Footwear und Carl Murawski, die traditionelle Handwerkskunst mit einem zeitlosen, klassischen Stil verbindet.<\/span><br data-start=\"603\" data-end=\"606\" \/><span style=\"font-size: 14pt; font-family: nathan-serif;\">Carl war einer der allerersten in den USA, der die Qualit\u00e4t der Jim Green Stiefel erleben durfte, und ist seitdem ein treuer Fan und Freund.<\/span><\/p>\n<p data-start=\"748\" data-end=\"1023\"><span style=\"font-size: 14pt; font-family: nathan-serif;\">Unser Jim Green Design war schon immer etwas anders als der Standard, und nach einigen gemeinsamen guten Momenten war es f\u00fcr uns selbstverst\u00e4ndlich, Carls Liebe zu einem traditionellen, rundum gut aussehenden Stiefel mit unserer Jim Green Qualit\u00e4t und Geschichte zu vereinen.<\/span><\/p>\n<p data-start=\"1025\" data-end=\"1595\"><span style=\"font-size: 14pt; font-family: nathan-serif;\">Der 719 verk\u00f6rpert alles, was traditionelle 6-Zoll-Lederstiefel zu einem unverzichtbaren Bestandteil jeder Schuhkollektion macht. Entwickelt mit Fokus auf Haltbarkeit, Funktionalit\u00e4t und klassischen Stil, f\u00fchrt dieser Stiefel das Erbe der Service-Boots fort \u2013 robust, vielseitig und f\u00fcr jeden Anlass gemacht.<\/span><br data-start=\"1341\" data-end=\"1344\" \/><span style=\"font-size: 14pt; font-family: nathan-serif;\">Das vollnarbige Lederobermaterial, die 360-Grad-Stitch-Down-Konstruktion, die volllederne Zwischensohle und die echte Gummilaufsohle sorgen f\u00fcr dauerhaften Komfort und Leistung \u2013 sowohl im Alltag als auch in anspruchsvollen Umgebungen.<\/span><\/p>\n<p data-start=\"1597\" data-end=\"2311\"><span style=\"font-size: 14pt; font-family: nathan-serif;\">Weitere Merkmale sind ein echtes Zehenkappendesign, messingbeschichtete Stahlschlaufen, ein Stahlgelenk und verst\u00e4rkte, doppelt vern\u00e4hte Lederoberteile.<\/span><br data-start=\"1765\" data-end=\"1768\" \/><span style=\"font-size: 14pt; font-family: nathan-serif;\">Er vereint den klassischen Heritage-Look mit der kompromisslosen Qualit\u00e4t, f\u00fcr die Jim Green Footwear bekannt ist.<\/span><br data-start=\"1886\" data-end=\"1889\" \/><span style=\"font-size: 14pt; font-family: nathan-serif;\">Diese Zusammenarbeit ehrt nicht nur die reiche Tradition des Service-Boot-Designs, sondern definiert sie neu \u2013 mit der zus\u00e4tzlichen Zuverl\u00e4ssigkeit und Handwerkskunst, f\u00fcr die Carl Murawski steht, und das zu einem hervorragenden Preis-Leistungs-Verh\u00e4ltnis.<\/span><br data-start=\"2149\" data-end=\"2152\" \/><span style=\"font-size: 14pt; font-family: nathan-serif;\">Ob f\u00fcr Outdoor-Eins\u00e4tze oder den stilvollen Alltag \u2013 der 719 ist mehr als nur ein Stiefel: Er ist ein Ausdruck von Qualit\u00e4t und Hingabe an echtes Handwerk.<\/span><\/p>\n<p>[\/vc_column_text][\/vc_column][vc_column width=&#8221;1\/2&#8243; el_class=&#8221;features&#8221; css=&#8221;.vc_custom_padding_settings{padding-right: 15px !important; padding-left: 15px !important;}&#8221;][vc_column_text css=&#8221;&#8221;]<\/p>\n<ul>\n<li><span style=\"font-family: nathan-serif; font-size: 14pt;\">Hergestellt mit einer doppelten Lederschicht (2,2 mm Vollnarben-Pull-up-Leder, gef\u00fcttert mit 1,6 mm Kalbsleder).<\/span><\/li>\n<li><span style=\"font-family: nathan-serif; font-size: 14pt;\">Die doppelte Lederschicht verbessert die wasserabweisenden Eigenschaften des Stiefels (nicht wasserdicht).<\/span><\/li>\n<li><span style=\"font-family: nathan-serif; font-size: 14pt;\">Echte Lederkappe (Toe Cap).<\/span><\/li>\n<li><span style=\"font-family: nathan-serif; font-size: 14pt;\">Durch die doppelte Lederschicht ist der 719 besonders langlebig \u2013 ein idealer Stiefel f\u00fcr jede Gelegenheit.<\/span><\/li>\n<li><span style=\"font-family: nathan-serif; font-size: 14pt;\">6-Zoll-H\u00f6he f\u00fcr hervorragenden Halt, Komfort und Schutz.<\/span><\/li>\n<li><span style=\"font-family: nathan-serif; font-size: 14pt;\">Thermoplastische Zehenkappe und Fersenverst\u00e4rkung f\u00fcr zus\u00e4tzlichen Halt.<\/span><\/li>\n<li><span style=\"font-family: nathan-serif; font-size: 14pt;\">Ein Stahlgelenk zwischen Brandsohle und Laufsohle sorgt f\u00fcr zus\u00e4tzliche Stabilit\u00e4t und Unterst\u00fctzung.<\/span><\/li>\n<li><span style=\"font-family: nathan-serif; font-size: 14pt;\">Vollst\u00e4ndig eingesetzte Zunge.<\/span><\/li>\n<li><span style=\"font-family: nathan-serif; font-size: 14pt;\">5 mm Lederzwischensohle und 3 mm Leder-Brandsohle f\u00fcr zus\u00e4tzlichen Komfort und Langlebigkeit.<\/span><\/li>\n<li><span style=\"font-family: nathan-serif; font-size: 14pt;\">Die Sohle besteht aus echtem Gummi.<\/span><\/li>\n<li><span style=\"font-family: nathan-serif; font-size: 14pt;\">Die Lederzwischensohle ist mit einem 360-Grad-Doppelstich aus 2,2 mm geflochtenem Nylonfaden am Obermaterial befestigt.<\/span><\/li>\n<li><span style=\"font-family: nathan-serif; font-size: 14pt;\">Wie alle unsere Stiefel kann auch dieses Modell dank der Doppelnaht-Konstruktion neu besohlt werden.<\/span><\/li>\n<li><span style=\"font-size: 14pt;\"><span style=\"font-family: nathan-serif;\"><strong><u>ASHM-Leisten<\/u><\/strong> \u2013 Dieser Leisten sieht schmal aus, bietet aber dennoch die traditionelle D-Weite mit einer leicht zulaufenden Zehenbox (f\u00fcr breite F\u00fc\u00dfe oder dicke Socken empfehlen wir, eine halbe Gr\u00f6\u00dfe gr\u00f6\u00dfer als Ihre normale Jim Green-Gr\u00f6\u00dfe zu w\u00e4hlen).<\/span><\/span><\/li>\n<li><strong><span style=\"text-decoration: underline;\"><span style=\"font-family: nathan-serif; font-size: 14pt;\">Sohle: FG<\/span><\/span><\/strong><\/li>\n<li><span style=\"font-family: nathan-serif; font-size: 14pt;\">Schn\u00fcrsenkel: 150 cm.<\/span><\/li>\n<li><span style=\"font-family: nathan-serif; font-size: 14pt;\">Gewicht: 1,5 kg (Gr\u00f6\u00dfe 08).<\/span><\/li>\n<li><span style=\"font-family: nathan-serif; font-size: 14pt;\">100 % Hergestellt in S\u00fcdafrika.<\/span><\/li>\n<\/ul>\n<p>[\/vc_column_text][\/vc_column][\/vc_row]<\/p>\n<\/div>","protected":false},"excerpt":{"rendered":"<p>[vc_row css=&#8221;.vc_custom_1738941992903{padding-right: 15px !important;padding-bottom: 30px !important;padding-left: 15px !important;}&#8221;][vc_column width=&#8221;5\/6&#8243; css=&#8221;.vc_custom_padding_settings&#8221;][vc_column_text css=&#8221;&#8221;] Der 719 Stiefel: Ein zeitloser klassischer Heritage-Boot. [\/vc_column_text][\/vc_column][\/vc_row][vc_row css=&#8221;.vc_custom_padding_settings{padding-right: 15px !important; padding-left: 15px !important; padding-bottom: 20px !important;}&#8221;][vc_column width=&#8221;1\/2&#8243; el_class=&#8221;description&#8221; css=&#8221;.vc_custom_1738941875378{padding-bottom: 20px !important;}&#8221;][vc_column_text css=&#8221;&#8221;] Der 719 Boot ist das Ergebnis einer besonderen Zusammenarbeit und Freundschaft zwischen Jim Green Footwear und Carl Murawski, die traditionelle Handwerkskunst [&hellip;]<\/p>\n","protected":false},"featured_media":49751,"comment_status":"open","ping_status":"closed","template":"","meta":{"_acf_changed":false},"product_brand":[],"product_cat":[606,285,287,286],"product_tag":[289],"class_list":{"0":"post-49937","1":"product","2":"type-product","3":"status-publish","4":"has-post-thumbnail","6":"product_cat-719-de","7":"product_cat-all-de-2","8":"product_cat-premium-de-2","9":"product_cat-hiking-adventure-de-2","10":"product_tag-premium-de-2","11":"product_shipping_class-boots","12":"tm-has-options","14":"first","15":"outofstock","16":"taxable","17":"shipping-taxable","18":"purchasable","19":"product-type-variable"},"group_of_quantity":0,"min_quantity":0,"max_quantity":"","exclude_order_quantity_value_rules":"no","exclude_category_quantity_rules":"no","combine_variations":"no","acf":[],"yoast_head":"<!-- This site is optimized with the Yoast SEO plugin v27.3 - https:\/\/yoast.com\/product\/yoast-seo-wordpress\/ -->\n<title>719 - Bronco - Jim Green<\/title>\n<meta name=\"robots\" content=\"index, follow, max-snippet:-1, max-image-preview:large, max-video-preview:-1\" \/>\n<link rel=\"canonical\" href=\"https:\/\/jimgreenfootwear.eu\/de\/store\/719-bronco\/\" \/>\n<meta property=\"og:locale\" content=\"de_DE\" \/>\n<meta property=\"og:type\" content=\"article\" \/>\n<meta property=\"og:title\" content=\"719 - Bronco - Jim Green\" \/>\n<meta property=\"og:description\" content=\"[vc_row css=&#8221;.vc_custom_1738941992903{padding-right: 15px !important;padding-bottom: 30px !important;padding-left: 15px !important;}&#8221;][vc_column width=&#8221;5\/6&#8243; css=&#8221;.vc_custom_padding_settings&#8221;][vc_column_text css=&#8221;&#8221;] Der 719 Stiefel: Ein zeitloser klassischer Heritage-Boot. [\/vc_column_text][\/vc_column][\/vc_row][vc_row css=&#8221;.vc_custom_padding_settings{padding-right: 15px !important; padding-left: 15px !important; padding-bottom: 20px !important;}&#8221;][vc_column width=&#8221;1\/2&#8243; el_class=&#8221;description&#8221; css=&#8221;.vc_custom_1738941875378{padding-bottom: 20px !important;}&#8221;][vc_column_text css=&#8221;&#8221;] Der 719 Boot ist das Ergebnis einer besonderen Zusammenarbeit und Freundschaft zwischen Jim Green Footwear und Carl Murawski, die traditionelle Handwerkskunst [&hellip;]\" \/>\n<meta property=\"og:url\" content=\"https:\/\/jimgreenfootwear.eu\/de\/store\/719-bronco\/\" \/>\n<meta property=\"og:site_name\" content=\"Jim Green\" \/>\n<meta property=\"article:publisher\" content=\"https:\/\/www.facebook.com\/jimgreenfootwear\/\" \/>\n<meta property=\"article:modified_time\" content=\"2026-02-13T14:32:48+00:00\" \/>\n<meta property=\"og:image\" content=\"https:\/\/jimgreenfootwear.eu\/wp-content\/uploads\/2024\/12\/CM719_BCC_FG_1-scaled.jpg\" \/>\n\t<meta property=\"og:image:width\" content=\"2560\" \/>\n\t<meta property=\"og:image:height\" content=\"2560\" \/>\n\t<meta property=\"og:image:type\" content=\"image\/jpeg\" \/>\n<meta name=\"twitter:card\" content=\"summary_large_image\" \/>\n<meta name=\"twitter:site\" content=\"@jimgreenfw\" \/>\n<meta name=\"twitter:label1\" content=\"Verf\u00fcgbarkeit\" \/>\n\t<meta name=\"twitter:data1\" content=\"ausverkauft\" \/>\n<script type=\"application\/ld+json\" class=\"yoast-schema-graph\">{\"@context\":\"https:\\\/\\\/schema.org\",\"@graph\":[{\"@type\":\"WebPage\",\"@id\":\"https:\\\/\\\/jimgreenfootwear.eu\\\/de\\\/store\\\/719-bronco\\\/\",\"url\":\"https:\\\/\\\/jimgreenfootwear.eu\\\/de\\\/store\\\/719-bronco\\\/\",\"name\":\"719 - Bronco - Jim Green\",\"isPartOf\":{\"@id\":\"https:\\\/\\\/jimgreenfootwear.eu\\\/#website\"},\"primaryImageOfPage\":{\"@id\":\"https:\\\/\\\/jimgreenfootwear.eu\\\/de\\\/store\\\/719-bronco\\\/#primaryimage\"},\"image\":{\"@id\":\"https:\\\/\\\/jimgreenfootwear.eu\\\/de\\\/store\\\/719-bronco\\\/#primaryimage\"},\"thumbnailUrl\":\"https:\\\/\\\/jimgreenfootwear.eu\\\/wp-content\\\/uploads\\\/2024\\\/12\\\/CM719_BCC_FG_1-scaled.jpg\",\"datePublished\":\"2024-12-03T20:50:21+00:00\",\"dateModified\":\"2026-02-13T14:32:48+00:00\",\"breadcrumb\":{\"@id\":\"https:\\\/\\\/jimgreenfootwear.eu\\\/de\\\/store\\\/719-bronco\\\/#breadcrumb\"},\"inLanguage\":\"de\",\"potentialAction\":[{\"@type\":\"ReadAction\",\"target\":[\"https:\\\/\\\/jimgreenfootwear.eu\\\/de\\\/store\\\/719-bronco\\\/\"]}]},{\"@type\":\"ImageObject\",\"inLanguage\":\"de\",\"@id\":\"https:\\\/\\\/jimgreenfootwear.eu\\\/de\\\/store\\\/719-bronco\\\/#primaryimage\",\"url\":\"https:\\\/\\\/jimgreenfootwear.eu\\\/wp-content\\\/uploads\\\/2024\\\/12\\\/CM719_BCC_FG_1-scaled.jpg\",\"contentUrl\":\"https:\\\/\\\/jimgreenfootwear.eu\\\/wp-content\\\/uploads\\\/2024\\\/12\\\/CM719_BCC_FG_1-scaled.jpg\",\"width\":2560,\"height\":2560},{\"@type\":\"BreadcrumbList\",\"@id\":\"https:\\\/\\\/jimgreenfootwear.eu\\\/de\\\/store\\\/719-bronco\\\/#breadcrumb\",\"itemListElement\":[{\"@type\":\"ListItem\",\"position\":1,\"name\":\"Home\",\"item\":\"https:\\\/\\\/jimgreenfootwear.eu\\\/de\\\/\"},{\"@type\":\"ListItem\",\"position\":2,\"name\":\"Shop\",\"item\":\"https:\\\/\\\/jimgreenfootwear.eu\\\/de\\\/shop\\\/\"},{\"@type\":\"ListItem\",\"position\":3,\"name\":\"719 &#8211; Bronco\"}]},{\"@type\":\"WebSite\",\"@id\":\"https:\\\/\\\/jimgreenfootwear.eu\\\/#website\",\"url\":\"https:\\\/\\\/jimgreenfootwear.eu\\\/\",\"name\":\"Jim Green\",\"description\":\"Footwear EU - Quality Hiking &amp; Safety Boots\",\"publisher\":{\"@id\":\"https:\\\/\\\/jimgreenfootwear.eu\\\/#organization\"},\"potentialAction\":[{\"@type\":\"SearchAction\",\"target\":{\"@type\":\"EntryPoint\",\"urlTemplate\":\"https:\\\/\\\/jimgreenfootwear.eu\\\/?s={search_term_string}\"},\"query-input\":{\"@type\":\"PropertyValueSpecification\",\"valueRequired\":true,\"valueName\":\"search_term_string\"}}],\"inLanguage\":\"de\"},{\"@type\":\"Organization\",\"@id\":\"https:\\\/\\\/jimgreenfootwear.eu\\\/#organization\",\"name\":\"Jim Green Footwear\",\"alternateName\":\"Jim Green\",\"url\":\"https:\\\/\\\/jimgreenfootwear.eu\\\/\",\"logo\":{\"@type\":\"ImageObject\",\"inLanguage\":\"de\",\"@id\":\"https:\\\/\\\/jimgreenfootwear.eu\\\/#\\\/schema\\\/logo\\\/image\\\/\",\"url\":\"https:\\\/\\\/jimgreenfootwear.eu\\\/wp-content\\\/uploads\\\/2023\\\/11\\\/Jim-Green-4-copy@4x.png\",\"contentUrl\":\"https:\\\/\\\/jimgreenfootwear.eu\\\/wp-content\\\/uploads\\\/2023\\\/11\\\/Jim-Green-4-copy@4x.png\",\"width\":1940,\"height\":1940,\"caption\":\"Jim Green Footwear\"},\"image\":{\"@id\":\"https:\\\/\\\/jimgreenfootwear.eu\\\/#\\\/schema\\\/logo\\\/image\\\/\"},\"sameAs\":[\"https:\\\/\\\/www.facebook.com\\\/jimgreenfootwear\\\/\",\"https:\\\/\\\/x.com\\\/jimgreenfw\",\"https:\\\/\\\/www.instagram.com\\\/jimgreenfootwear\\\/\"]}]}<\/script>\n<meta property=\"og:availability\" content=\"out of stock\" \/>\n<meta property=\"product:availability\" content=\"out of stock\" \/>\n<meta property=\"product:retailer_item_id\" content=\"719_BCC_FG\" \/>\n<meta property=\"product:condition\" content=\"new\" \/>\n<!-- \/ Yoast SEO plugin. -->","yoast_head_json":{"title":"719 - Bronco - Jim Green","robots":{"index":"index","follow":"follow","max-snippet":"max-snippet:-1","max-image-preview":"max-image-preview:large","max-video-preview":"max-video-preview:-1"},"canonical":"https:\/\/jimgreenfootwear.eu\/de\/store\/719-bronco\/","og_locale":"de_DE","og_type":"article","og_title":"719 - Bronco - Jim Green","og_description":"[vc_row css=&#8221;.vc_custom_1738941992903{padding-right: 15px !important;padding-bottom: 30px !important;padding-left: 15px !important;}&#8221;][vc_column width=&#8221;5\/6&#8243; css=&#8221;.vc_custom_padding_settings&#8221;][vc_column_text css=&#8221;&#8221;] Der 719 Stiefel: Ein zeitloser klassischer Heritage-Boot. [\/vc_column_text][\/vc_column][\/vc_row][vc_row css=&#8221;.vc_custom_padding_settings{padding-right: 15px !important; padding-left: 15px !important; padding-bottom: 20px !important;}&#8221;][vc_column width=&#8221;1\/2&#8243; el_class=&#8221;description&#8221; css=&#8221;.vc_custom_1738941875378{padding-bottom: 20px !important;}&#8221;][vc_column_text css=&#8221;&#8221;] Der 719 Boot ist das Ergebnis einer besonderen Zusammenarbeit und Freundschaft zwischen Jim Green Footwear und Carl Murawski, die traditionelle Handwerkskunst [&hellip;]","og_url":"https:\/\/jimgreenfootwear.eu\/de\/store\/719-bronco\/","og_site_name":"Jim Green","article_publisher":"https:\/\/www.facebook.com\/jimgreenfootwear\/","article_modified_time":"2026-02-13T14:32:48+00:00","og_image":[{"width":2560,"height":2560,"url":"https:\/\/jimgreenfootwear.eu\/wp-content\/uploads\/2024\/12\/CM719_BCC_FG_1-scaled.jpg","type":"image\/jpeg"}],"twitter_card":"summary_large_image","twitter_site":"@jimgreenfw","twitter_misc":{"Verf\u00fcgbarkeit":"ausverkauft"},"schema":{"@context":"https:\/\/schema.org","@graph":[{"@type":"WebPage","@id":"https:\/\/jimgreenfootwear.eu\/de\/store\/719-bronco\/","url":"https:\/\/jimgreenfootwear.eu\/de\/store\/719-bronco\/","name":"719 - Bronco - Jim Green","isPartOf":{"@id":"https:\/\/jimgreenfootwear.eu\/#website"},"primaryImageOfPage":{"@id":"https:\/\/jimgreenfootwear.eu\/de\/store\/719-bronco\/#primaryimage"},"image":{"@id":"https:\/\/jimgreenfootwear.eu\/de\/store\/719-bronco\/#primaryimage"},"thumbnailUrl":"https:\/\/jimgreenfootwear.eu\/wp-content\/uploads\/2024\/12\/CM719_BCC_FG_1-scaled.jpg","datePublished":"2024-12-03T20:50:21+00:00","dateModified":"2026-02-13T14:32:48+00:00","breadcrumb":{"@id":"https:\/\/jimgreenfootwear.eu\/de\/store\/719-bronco\/#breadcrumb"},"inLanguage":"de","potentialAction":[{"@type":"ReadAction","target":["https:\/\/jimgreenfootwear.eu\/de\/store\/719-bronco\/"]}]},{"@type":"ImageObject","inLanguage":"de","@id":"https:\/\/jimgreenfootwear.eu\/de\/store\/719-bronco\/#primaryimage","url":"https:\/\/jimgreenfootwear.eu\/wp-content\/uploads\/2024\/12\/CM719_BCC_FG_1-scaled.jpg","contentUrl":"https:\/\/jimgreenfootwear.eu\/wp-content\/uploads\/2024\/12\/CM719_BCC_FG_1-scaled.jpg","width":2560,"height":2560},{"@type":"BreadcrumbList","@id":"https:\/\/jimgreenfootwear.eu\/de\/store\/719-bronco\/#breadcrumb","itemListElement":[{"@type":"ListItem","position":1,"name":"Home","item":"https:\/\/jimgreenfootwear.eu\/de\/"},{"@type":"ListItem","position":2,"name":"Shop","item":"https:\/\/jimgreenfootwear.eu\/de\/shop\/"},{"@type":"ListItem","position":3,"name":"719 &#8211; Bronco"}]},{"@type":"WebSite","@id":"https:\/\/jimgreenfootwear.eu\/#website","url":"https:\/\/jimgreenfootwear.eu\/","name":"Jim Green","description":"Footwear EU - Quality Hiking &amp; Safety Boots","publisher":{"@id":"https:\/\/jimgreenfootwear.eu\/#organization"},"potentialAction":[{"@type":"SearchAction","target":{"@type":"EntryPoint","urlTemplate":"https:\/\/jimgreenfootwear.eu\/?s={search_term_string}"},"query-input":{"@type":"PropertyValueSpecification","valueRequired":true,"valueName":"search_term_string"}}],"inLanguage":"de"},{"@type":"Organization","@id":"https:\/\/jimgreenfootwear.eu\/#organization","name":"Jim Green Footwear","alternateName":"Jim Green","url":"https:\/\/jimgreenfootwear.eu\/","logo":{"@type":"ImageObject","inLanguage":"de","@id":"https:\/\/jimgreenfootwear.eu\/#\/schema\/logo\/image\/","url":"https:\/\/jimgreenfootwear.eu\/wp-content\/uploads\/2023\/11\/Jim-Green-4-copy@4x.png","contentUrl":"https:\/\/jimgreenfootwear.eu\/wp-content\/uploads\/2023\/11\/Jim-Green-4-copy@4x.png","width":1940,"height":1940,"caption":"Jim Green Footwear"},"image":{"@id":"https:\/\/jimgreenfootwear.eu\/#\/schema\/logo\/image\/"},"sameAs":["https:\/\/www.facebook.com\/jimgreenfootwear\/","https:\/\/x.com\/jimgreenfw","https:\/\/www.instagram.com\/jimgreenfootwear\/"]}]},"og_availability":"out of stock","product_availability":"out of stock","product_retailer_item_id":"719_BCC_FG","product_condition":"new"},"_links":{"self":[{"href":"https:\/\/jimgreenfootwear.eu\/de\/wp-json\/wp\/v2\/product\/49937","targetHints":{"allow":["GET"]}}],"collection":[{"href":"https:\/\/jimgreenfootwear.eu\/de\/wp-json\/wp\/v2\/product"}],"about":[{"href":"https:\/\/jimgreenfootwear.eu\/de\/wp-json\/wp\/v2\/types\/product"}],"replies":[{"embeddable":true,"href":"https:\/\/jimgreenfootwear.eu\/de\/wp-json\/wp\/v2\/comments?post=49937"}],"wp:featuredmedia":[{"embeddable":true,"href":"https:\/\/jimgreenfootwear.eu\/de\/wp-json\/wp\/v2\/media\/49751"}],"wp:attachment":[{"href":"https:\/\/jimgreenfootwear.eu\/de\/wp-json\/wp\/v2\/media?parent=49937"}],"wp:term":[{"taxonomy":"product_brand","embeddable":true,"href":"https:\/\/jimgreenfootwear.eu\/de\/wp-json\/wp\/v2\/product_brand?post=49937"},{"taxonomy":"product_cat","embeddable":true,"href":"https:\/\/jimgreenfootwear.eu\/de\/wp-json\/wp\/v2\/product_cat?post=49937"},{"taxonomy":"product_tag","embeddable":true,"href":"https:\/\/jimgreenfootwear.eu\/de\/wp-json\/wp\/v2\/product_tag?post=49937"}],"curies":[{"name":"wp","href":"https:\/\/api.w.org\/{rel}","templated":true}]}}