{"id":50585,"date":"2024-06-19T15:08:30","date_gmt":"2024-06-19T13:08:30","guid":{"rendered":"https:\/\/jimgreenfootwear.eu\/store\/stockman-tyre-wedge-bronco\/"},"modified":"2026-03-17T22:26:58","modified_gmt":"2026-03-17T20:26:58","slug":"stockman-tyre-wedge-bronco","status":"publish","type":"product","link":"https:\/\/jimgreenfootwear.eu\/de\/store\/stockman-tyre-wedge-bronco\/","title":{"rendered":"Stockman &#8211; Tyre Wedge &#8211; Bronco"},"content":{"rendered":"<div class=\"wpb-content-wrapper\"><p>[vc_row css=&#8221;.vc_custom_padding_settings{padding-right: 15px; padding-left: 15px; padding-bottom: 10px;}&#8221;][vc_column width=&#8221;5\/6&#8243; css=&#8221;.vc_custom_padding_settings&#8221;][vc_column_text css=&#8221;&#8221;]<\/p>\n<h3><span style=\"font-family: nathan-serif; font-size: 24pt;\"><strong>Der Allrounder<\/strong><\/span><\/h3>\n<p>[\/vc_column_text][\/vc_column][\/vc_row][vc_row][vc_column][vc_column_text]<\/p>\n<p>[\/vc_column_text][\/vc_column][\/vc_row][vc_row css=&#8221;.vc_custom_padding_settings{padding-right: 15px; padding-left: 15px; padding-bottom: 20px;}&#8221;][vc_column width=&#8221;1\/2&#8243; el_class=&#8221;description&#8221;][vc_column_text css=&#8221;&#8221;]<span style=\"font-size: 14pt; font-family: nathan-serif;\">Der ideale Allround-Stiefel f\u00fcr t\u00e4gliche Herausforderungen. Unser Stockman-Stiefel wurde f\u00fcr alle entwickelt, die st\u00e4ndig in Bewegung sind \u2013 f\u00fcr den Mann von heute, der eine zuverl\u00e4ssige und bequeme Schuhoption braucht. Ob fr\u00fch morgens auf dem Bauernhof, beim Pendeln zu Meetings oder bei einfachen Wochenendaktivit\u00e4ten \u2013 der Stockman-Stiefel ist immer dabei. Eine Kombination aus robusten Materialien und funktionalem Design sorgt f\u00fcr Selbstvertrauen im B\u00fcro und in der Natur.<\/span>[\/vc_column_text][\/vc_column][vc_column width=&#8221;1\/2&#8243; el_class=&#8221;features&#8221;][vc_column_text css=&#8221;&#8221;]<\/p>\n<ul>\n<li><span style=\"font-family: nathan-serif; font-size: 14pt;\">Ideal f\u00fcr alle, die viel unterwegs sind \u2013 besonders beliebt in der Landwirtschaft.<\/span><\/li>\n<li><span style=\"font-family: nathan-serif; font-size: 14pt;\">Gefertigt aus zwei Lagen Leder (2,2 mm Vollnarbenleder, gef\u00fcttert mit 1,6 mm Kalbsleder).<\/span><\/li>\n<li><span style=\"font-family: nathan-serif; font-size: 14pt;\">Thermoplastische Zehenkappe und Fersenverst\u00e4rkung f\u00fcr zus\u00e4tzlichen Halt.<\/span><\/li>\n<li><span style=\"font-family: nathan-serif; font-size: 14pt;\">Ein Stahlgelenk zwischen Brandsohle und Laufsohle bietet zus\u00e4tzliche Stabilit\u00e4t und Unterst\u00fctzung.<\/span><\/li>\n<li><span style=\"font-family: nathan-serif; font-size: 14pt;\">Die Brandsohle ist mit einem 2,2 mm dicken, doppelt vern\u00e4hten, geflochtenen Nylonfaden am Schaft befestigt.<\/span><\/li>\n<li><span style=\"font-family: nathan-serif; font-size: 14pt;\">Geeignet f\u00fcr breitere F\u00fc\u00dfe dank gro\u00dfz\u00fcgigem Zehenraum.<\/span><\/li>\n<li><span style=\"font-family: nathan-serif; font-size: 14pt;\">Die Sohle besteht aus echtem Gummi.<\/span><\/li>\n<li><span style=\"font-family: nathan-serif; font-size: 14pt;\">Wiederbesohlbar.<\/span><\/li>\n<li><span style=\"font-family: nathan-serif; font-size: 14pt;\"><strong><u>STC-Leisten<\/u><\/strong> \u2013 Dieser Leisten hat eine breite 2E-Passform mit ger\u00e4umiger, abgerundeter Zehenbox.<\/span><\/li>\n<li><span style=\"font-family: nathan-serif; font-size: 14pt;\"><strong><span style=\"text-decoration: underline;\">Sohle: TW<\/span><\/strong> (unsere Tyre Wedge-Sohle, entwickelt f\u00fcr Grip und Komfort. Eine echte Gummisohle mit weicherer Mischung f\u00fcr bestm\u00f6gliche Gesamtleistung).<\/span><\/li>\n<li><span style=\"font-family: nathan-serif; font-size: 14pt;\">Gewicht: 1,26 kg (Gr\u00f6\u00dfe 08).<\/span><\/li>\n<\/ul>\n<p>[\/vc_column_text][\/vc_column][\/vc_row]<\/p>\n<\/div>","protected":false},"excerpt":{"rendered":"<p>[vc_row css=&#8221;.vc_custom_padding_settings{padding-right: 15px; padding-left: 15px; padding-bottom: 10px;}&#8221;][vc_column width=&#8221;5\/6&#8243; css=&#8221;.vc_custom_padding_settings&#8221;][vc_column_text css=&#8221;&#8221;] Der Allrounder [\/vc_column_text][\/vc_column][\/vc_row][vc_row][vc_column][vc_column_text] [\/vc_column_text][\/vc_column][\/vc_row][vc_row css=&#8221;.vc_custom_padding_settings{padding-right: 15px; padding-left: 15px; padding-bottom: 20px;}&#8221;][vc_column width=&#8221;1\/2&#8243; el_class=&#8221;description&#8221;][vc_column_text css=&#8221;&#8221;]Der ideale Allround-Stiefel f\u00fcr t\u00e4gliche Herausforderungen. Unser Stockman-Stiefel wurde f\u00fcr alle entwickelt, die st\u00e4ndig in Bewegung sind \u2013 f\u00fcr den Mann von heute, der eine zuverl\u00e4ssige und bequeme Schuhoption braucht. Ob fr\u00fch morgens [&hellip;]<\/p>\n","protected":false},"featured_media":48903,"comment_status":"open","ping_status":"closed","template":"","meta":{"_acf_changed":false},"product_brand":[],"product_cat":[285,521,339],"product_tag":[],"class_list":{"0":"post-50585","1":"product","2":"type-product","3":"status-publish","4":"has-post-thumbnail","6":"product_cat-all-de-2","7":"product_cat-live-de","8":"product_cat-slip-on-de","9":"product_shipping_class-boots","10":"tm-has-options","12":"first","13":"outofstock","14":"taxable","15":"shipping-taxable","16":"purchasable","17":"product-type-variable"},"group_of_quantity":0,"min_quantity":0,"max_quantity":"","exclude_order_quantity_value_rules":"no","exclude_category_quantity_rules":"no","combine_variations":"no","acf":[],"yoast_head":"<!-- This site is optimized with the Yoast SEO plugin v27.3 - https:\/\/yoast.com\/product\/yoast-seo-wordpress\/ -->\n<title>Stockman - Tyre Wedge - Bronco - Jim Green<\/title>\n<meta name=\"robots\" content=\"index, follow, max-snippet:-1, max-image-preview:large, max-video-preview:-1\" \/>\n<link rel=\"canonical\" href=\"https:\/\/jimgreenfootwear.eu\/de\/store\/stockman-tyre-wedge-bronco\/\" \/>\n<meta property=\"og:locale\" content=\"de_DE\" \/>\n<meta property=\"og:type\" content=\"article\" \/>\n<meta property=\"og:title\" content=\"Stockman - Tyre Wedge - Bronco - Jim Green\" \/>\n<meta property=\"og:description\" content=\"[vc_row css=&#8221;.vc_custom_padding_settings{padding-right: 15px; padding-left: 15px; padding-bottom: 10px;}&#8221;][vc_column width=&#8221;5\/6&#8243; css=&#8221;.vc_custom_padding_settings&#8221;][vc_column_text css=&#8221;&#8221;] Der Allrounder [\/vc_column_text][\/vc_column][\/vc_row][vc_row][vc_column][vc_column_text] [\/vc_column_text][\/vc_column][\/vc_row][vc_row css=&#8221;.vc_custom_padding_settings{padding-right: 15px; padding-left: 15px; padding-bottom: 20px;}&#8221;][vc_column width=&#8221;1\/2&#8243; el_class=&#8221;description&#8221;][vc_column_text css=&#8221;&#8221;]Der ideale Allround-Stiefel f\u00fcr t\u00e4gliche Herausforderungen. Unser Stockman-Stiefel wurde f\u00fcr alle entwickelt, die st\u00e4ndig in Bewegung sind \u2013 f\u00fcr den Mann von heute, der eine zuverl\u00e4ssige und bequeme Schuhoption braucht. Ob fr\u00fch morgens [&hellip;]\" \/>\n<meta property=\"og:url\" content=\"https:\/\/jimgreenfootwear.eu\/de\/store\/stockman-tyre-wedge-bronco\/\" \/>\n<meta property=\"og:site_name\" content=\"Jim Green\" \/>\n<meta property=\"article:publisher\" content=\"https:\/\/www.facebook.com\/jimgreenfootwear\/\" \/>\n<meta property=\"article:modified_time\" content=\"2026-03-17T20:26:58+00:00\" \/>\n<meta property=\"og:image\" content=\"https:\/\/jimgreenfootwear.eu\/wp-content\/uploads\/2024\/06\/F3_BCC_01_41-scaled.jpg\" \/>\n\t<meta property=\"og:image:width\" content=\"2560\" \/>\n\t<meta property=\"og:image:height\" content=\"2560\" \/>\n\t<meta property=\"og:image:type\" content=\"image\/jpeg\" \/>\n<meta name=\"twitter:card\" content=\"summary_large_image\" \/>\n<meta name=\"twitter:site\" content=\"@jimgreenfw\" \/>\n<meta name=\"twitter:label1\" content=\"Verf\u00fcgbarkeit\" \/>\n\t<meta name=\"twitter:data1\" content=\"ausverkauft\" \/>\n<script type=\"application\/ld+json\" class=\"yoast-schema-graph\">{\"@context\":\"https:\\\/\\\/schema.org\",\"@graph\":[{\"@type\":\"WebPage\",\"@id\":\"https:\\\/\\\/jimgreenfootwear.eu\\\/de\\\/store\\\/stockman-tyre-wedge-bronco\\\/\",\"url\":\"https:\\\/\\\/jimgreenfootwear.eu\\\/de\\\/store\\\/stockman-tyre-wedge-bronco\\\/\",\"name\":\"Stockman - Tyre Wedge - Bronco - Jim Green\",\"isPartOf\":{\"@id\":\"https:\\\/\\\/jimgreenfootwear.eu\\\/#website\"},\"primaryImageOfPage\":{\"@id\":\"https:\\\/\\\/jimgreenfootwear.eu\\\/de\\\/store\\\/stockman-tyre-wedge-bronco\\\/#primaryimage\"},\"image\":{\"@id\":\"https:\\\/\\\/jimgreenfootwear.eu\\\/de\\\/store\\\/stockman-tyre-wedge-bronco\\\/#primaryimage\"},\"thumbnailUrl\":\"https:\\\/\\\/jimgreenfootwear.eu\\\/wp-content\\\/uploads\\\/2024\\\/06\\\/F3_BCC_01_41-scaled.jpg\",\"datePublished\":\"2024-06-19T13:08:30+00:00\",\"dateModified\":\"2026-03-17T20:26:58+00:00\",\"breadcrumb\":{\"@id\":\"https:\\\/\\\/jimgreenfootwear.eu\\\/de\\\/store\\\/stockman-tyre-wedge-bronco\\\/#breadcrumb\"},\"inLanguage\":\"de\",\"potentialAction\":[{\"@type\":\"ReadAction\",\"target\":[\"https:\\\/\\\/jimgreenfootwear.eu\\\/de\\\/store\\\/stockman-tyre-wedge-bronco\\\/\"]}]},{\"@type\":\"ImageObject\",\"inLanguage\":\"de\",\"@id\":\"https:\\\/\\\/jimgreenfootwear.eu\\\/de\\\/store\\\/stockman-tyre-wedge-bronco\\\/#primaryimage\",\"url\":\"https:\\\/\\\/jimgreenfootwear.eu\\\/wp-content\\\/uploads\\\/2024\\\/06\\\/F3_BCC_01_41-scaled.jpg\",\"contentUrl\":\"https:\\\/\\\/jimgreenfootwear.eu\\\/wp-content\\\/uploads\\\/2024\\\/06\\\/F3_BCC_01_41-scaled.jpg\",\"width\":2560,\"height\":2560},{\"@type\":\"BreadcrumbList\",\"@id\":\"https:\\\/\\\/jimgreenfootwear.eu\\\/de\\\/store\\\/stockman-tyre-wedge-bronco\\\/#breadcrumb\",\"itemListElement\":[{\"@type\":\"ListItem\",\"position\":1,\"name\":\"Home\",\"item\":\"https:\\\/\\\/jimgreenfootwear.eu\\\/de\\\/\"},{\"@type\":\"ListItem\",\"position\":2,\"name\":\"Shop\",\"item\":\"https:\\\/\\\/jimgreenfootwear.eu\\\/de\\\/shop\\\/\"},{\"@type\":\"ListItem\",\"position\":3,\"name\":\"Stockman &#8211; Tyre Wedge &#8211; Bronco\"}]},{\"@type\":\"WebSite\",\"@id\":\"https:\\\/\\\/jimgreenfootwear.eu\\\/#website\",\"url\":\"https:\\\/\\\/jimgreenfootwear.eu\\\/\",\"name\":\"Jim Green\",\"description\":\"Footwear EU - Quality Hiking &amp; Safety Boots\",\"publisher\":{\"@id\":\"https:\\\/\\\/jimgreenfootwear.eu\\\/#organization\"},\"potentialAction\":[{\"@type\":\"SearchAction\",\"target\":{\"@type\":\"EntryPoint\",\"urlTemplate\":\"https:\\\/\\\/jimgreenfootwear.eu\\\/?s={search_term_string}\"},\"query-input\":{\"@type\":\"PropertyValueSpecification\",\"valueRequired\":true,\"valueName\":\"search_term_string\"}}],\"inLanguage\":\"de\"},{\"@type\":\"Organization\",\"@id\":\"https:\\\/\\\/jimgreenfootwear.eu\\\/#organization\",\"name\":\"Jim Green Footwear\",\"alternateName\":\"Jim Green\",\"url\":\"https:\\\/\\\/jimgreenfootwear.eu\\\/\",\"logo\":{\"@type\":\"ImageObject\",\"inLanguage\":\"de\",\"@id\":\"https:\\\/\\\/jimgreenfootwear.eu\\\/#\\\/schema\\\/logo\\\/image\\\/\",\"url\":\"https:\\\/\\\/jimgreenfootwear.eu\\\/wp-content\\\/uploads\\\/2023\\\/11\\\/Jim-Green-4-copy@4x.png\",\"contentUrl\":\"https:\\\/\\\/jimgreenfootwear.eu\\\/wp-content\\\/uploads\\\/2023\\\/11\\\/Jim-Green-4-copy@4x.png\",\"width\":1940,\"height\":1940,\"caption\":\"Jim Green Footwear\"},\"image\":{\"@id\":\"https:\\\/\\\/jimgreenfootwear.eu\\\/#\\\/schema\\\/logo\\\/image\\\/\"},\"sameAs\":[\"https:\\\/\\\/www.facebook.com\\\/jimgreenfootwear\\\/\",\"https:\\\/\\\/x.com\\\/jimgreenfw\",\"https:\\\/\\\/www.instagram.com\\\/jimgreenfootwear\\\/\"]}]}<\/script>\n<meta property=\"og:availability\" content=\"out of stock\" \/>\n<meta property=\"product:availability\" content=\"out of stock\" \/>\n<meta property=\"product:retailer_item_id\" content=\"F3_ST_BCC_TW\" \/>\n<meta property=\"product:condition\" content=\"new\" \/>\n<!-- \/ Yoast SEO plugin. -->","yoast_head_json":{"title":"Stockman - Tyre Wedge - Bronco - Jim Green","robots":{"index":"index","follow":"follow","max-snippet":"max-snippet:-1","max-image-preview":"max-image-preview:large","max-video-preview":"max-video-preview:-1"},"canonical":"https:\/\/jimgreenfootwear.eu\/de\/store\/stockman-tyre-wedge-bronco\/","og_locale":"de_DE","og_type":"article","og_title":"Stockman - Tyre Wedge - Bronco - Jim Green","og_description":"[vc_row css=&#8221;.vc_custom_padding_settings{padding-right: 15px; padding-left: 15px; padding-bottom: 10px;}&#8221;][vc_column width=&#8221;5\/6&#8243; css=&#8221;.vc_custom_padding_settings&#8221;][vc_column_text css=&#8221;&#8221;] Der Allrounder [\/vc_column_text][\/vc_column][\/vc_row][vc_row][vc_column][vc_column_text] [\/vc_column_text][\/vc_column][\/vc_row][vc_row css=&#8221;.vc_custom_padding_settings{padding-right: 15px; padding-left: 15px; padding-bottom: 20px;}&#8221;][vc_column width=&#8221;1\/2&#8243; el_class=&#8221;description&#8221;][vc_column_text css=&#8221;&#8221;]Der ideale Allround-Stiefel f\u00fcr t\u00e4gliche Herausforderungen. Unser Stockman-Stiefel wurde f\u00fcr alle entwickelt, die st\u00e4ndig in Bewegung sind \u2013 f\u00fcr den Mann von heute, der eine zuverl\u00e4ssige und bequeme Schuhoption braucht. Ob fr\u00fch morgens [&hellip;]","og_url":"https:\/\/jimgreenfootwear.eu\/de\/store\/stockman-tyre-wedge-bronco\/","og_site_name":"Jim Green","article_publisher":"https:\/\/www.facebook.com\/jimgreenfootwear\/","article_modified_time":"2026-03-17T20:26:58+00:00","og_image":[{"width":2560,"height":2560,"url":"https:\/\/jimgreenfootwear.eu\/wp-content\/uploads\/2024\/06\/F3_BCC_01_41-scaled.jpg","type":"image\/jpeg"}],"twitter_card":"summary_large_image","twitter_site":"@jimgreenfw","twitter_misc":{"Verf\u00fcgbarkeit":"ausverkauft"},"schema":{"@context":"https:\/\/schema.org","@graph":[{"@type":"WebPage","@id":"https:\/\/jimgreenfootwear.eu\/de\/store\/stockman-tyre-wedge-bronco\/","url":"https:\/\/jimgreenfootwear.eu\/de\/store\/stockman-tyre-wedge-bronco\/","name":"Stockman - Tyre Wedge - Bronco - Jim Green","isPartOf":{"@id":"https:\/\/jimgreenfootwear.eu\/#website"},"primaryImageOfPage":{"@id":"https:\/\/jimgreenfootwear.eu\/de\/store\/stockman-tyre-wedge-bronco\/#primaryimage"},"image":{"@id":"https:\/\/jimgreenfootwear.eu\/de\/store\/stockman-tyre-wedge-bronco\/#primaryimage"},"thumbnailUrl":"https:\/\/jimgreenfootwear.eu\/wp-content\/uploads\/2024\/06\/F3_BCC_01_41-scaled.jpg","datePublished":"2024-06-19T13:08:30+00:00","dateModified":"2026-03-17T20:26:58+00:00","breadcrumb":{"@id":"https:\/\/jimgreenfootwear.eu\/de\/store\/stockman-tyre-wedge-bronco\/#breadcrumb"},"inLanguage":"de","potentialAction":[{"@type":"ReadAction","target":["https:\/\/jimgreenfootwear.eu\/de\/store\/stockman-tyre-wedge-bronco\/"]}]},{"@type":"ImageObject","inLanguage":"de","@id":"https:\/\/jimgreenfootwear.eu\/de\/store\/stockman-tyre-wedge-bronco\/#primaryimage","url":"https:\/\/jimgreenfootwear.eu\/wp-content\/uploads\/2024\/06\/F3_BCC_01_41-scaled.jpg","contentUrl":"https:\/\/jimgreenfootwear.eu\/wp-content\/uploads\/2024\/06\/F3_BCC_01_41-scaled.jpg","width":2560,"height":2560},{"@type":"BreadcrumbList","@id":"https:\/\/jimgreenfootwear.eu\/de\/store\/stockman-tyre-wedge-bronco\/#breadcrumb","itemListElement":[{"@type":"ListItem","position":1,"name":"Home","item":"https:\/\/jimgreenfootwear.eu\/de\/"},{"@type":"ListItem","position":2,"name":"Shop","item":"https:\/\/jimgreenfootwear.eu\/de\/shop\/"},{"@type":"ListItem","position":3,"name":"Stockman &#8211; Tyre Wedge &#8211; Bronco"}]},{"@type":"WebSite","@id":"https:\/\/jimgreenfootwear.eu\/#website","url":"https:\/\/jimgreenfootwear.eu\/","name":"Jim Green","description":"Footwear EU - Quality Hiking &amp; Safety Boots","publisher":{"@id":"https:\/\/jimgreenfootwear.eu\/#organization"},"potentialAction":[{"@type":"SearchAction","target":{"@type":"EntryPoint","urlTemplate":"https:\/\/jimgreenfootwear.eu\/?s={search_term_string}"},"query-input":{"@type":"PropertyValueSpecification","valueRequired":true,"valueName":"search_term_string"}}],"inLanguage":"de"},{"@type":"Organization","@id":"https:\/\/jimgreenfootwear.eu\/#organization","name":"Jim Green Footwear","alternateName":"Jim Green","url":"https:\/\/jimgreenfootwear.eu\/","logo":{"@type":"ImageObject","inLanguage":"de","@id":"https:\/\/jimgreenfootwear.eu\/#\/schema\/logo\/image\/","url":"https:\/\/jimgreenfootwear.eu\/wp-content\/uploads\/2023\/11\/Jim-Green-4-copy@4x.png","contentUrl":"https:\/\/jimgreenfootwear.eu\/wp-content\/uploads\/2023\/11\/Jim-Green-4-copy@4x.png","width":1940,"height":1940,"caption":"Jim Green Footwear"},"image":{"@id":"https:\/\/jimgreenfootwear.eu\/#\/schema\/logo\/image\/"},"sameAs":["https:\/\/www.facebook.com\/jimgreenfootwear\/","https:\/\/x.com\/jimgreenfw","https:\/\/www.instagram.com\/jimgreenfootwear\/"]}]},"og_availability":"out of stock","product_availability":"out of stock","product_retailer_item_id":"F3_ST_BCC_TW","product_condition":"new"},"_links":{"self":[{"href":"https:\/\/jimgreenfootwear.eu\/de\/wp-json\/wp\/v2\/product\/50585","targetHints":{"allow":["GET"]}}],"collection":[{"href":"https:\/\/jimgreenfootwear.eu\/de\/wp-json\/wp\/v2\/product"}],"about":[{"href":"https:\/\/jimgreenfootwear.eu\/de\/wp-json\/wp\/v2\/types\/product"}],"replies":[{"embeddable":true,"href":"https:\/\/jimgreenfootwear.eu\/de\/wp-json\/wp\/v2\/comments?post=50585"}],"wp:featuredmedia":[{"embeddable":true,"href":"https:\/\/jimgreenfootwear.eu\/de\/wp-json\/wp\/v2\/media\/48903"}],"wp:attachment":[{"href":"https:\/\/jimgreenfootwear.eu\/de\/wp-json\/wp\/v2\/media?parent=50585"}],"wp:term":[{"taxonomy":"product_brand","embeddable":true,"href":"https:\/\/jimgreenfootwear.eu\/de\/wp-json\/wp\/v2\/product_brand?post=50585"},{"taxonomy":"product_cat","embeddable":true,"href":"https:\/\/jimgreenfootwear.eu\/de\/wp-json\/wp\/v2\/product_cat?post=50585"},{"taxonomy":"product_tag","embeddable":true,"href":"https:\/\/jimgreenfootwear.eu\/de\/wp-json\/wp\/v2\/product_tag?post=50585"}],"curies":[{"name":"wp","href":"https:\/\/api.w.org\/{rel}","templated":true}]}}