{"id":50700,"date":"2024-06-19T14:03:42","date_gmt":"2024-06-19T12:03:42","guid":{"rendered":"https:\/\/jimgreenfootwear.eu\/store\/barefoot-african-trooper-boot-fudge\/"},"modified":"2025-12-26T23:28:33","modified_gmt":"2025-12-26T21:28:33","slug":"barefoot-african-trooper-boot-fudge","status":"publish","type":"product","link":"https:\/\/jimgreenfootwear.eu\/de\/store\/barefoot-african-trooper-boot-fudge\/","title":{"rendered":"Barefoot African Trooper Boot &#8211; Fudge"},"content":{"rendered":"<div class=\"wpb-content-wrapper\"><p>[vc_row css=&#8221;.vc_custom_xxxxxx{padding-right: 15px !important;padding-bottom: 30px !important;padding-left: 15px !important;}&#8221;][vc_column width=&#8221;5\/6&#8243; css=&#8221;.vc_custom_padding_settings&#8221;][vc_column_text css=&#8221;&#8221;]<\/p>\n<h3><span style=\"font-family: nathan-serif; font-size: 24pt;\"><strong>Der Barefoot Trooper Boot: Komfort trifft robuste Langlebigkeit<\/strong><\/span><\/h3>\n<p>[\/vc_column_text][\/vc_column][\/vc_row][vc_row][vc_column][vc_column_text]<\/p>\n<p>[\/vc_column_text][\/vc_column][\/vc_row][vc_row css=&#8221;.vc_custom_padding_settings{padding-right: 15px; padding-left: 15px; padding-bottom: 20px!important;}&#8221;][vc_column width=&#8221;1\/2&#8243; el_class=&#8221;description&#8221; css=&#8221;.vc_custom_xxxxxx{padding-bottom: 20px !important;}&#8221;][vc_column_text css=&#8221;&#8221;]<span style=\"font-family: nathan-serif; font-size: 14pt;\">Wir pr\u00e4sentieren den neuen Barefoot Trooper Boot \u2013 eine Zusammenarbeit zwischen Jim Green Footwear und Rose Anvil. Ein neu entwickelter Stiefel, der die nat\u00fcrliche Bewegung und den Komfort von Barfu\u00dfschuhen mit dem n\u00f6tigen Halt, Schutz und der Vielseitigkeit f\u00fcr anspruchsvolle Outdoor-Aktivit\u00e4ten verbindet. Diese Kooperation vereint nicht nur die Geschichte von Jim Green und das Know-how von Rose Anvil, sondern auch die Handwerkstraditionen s\u00fcdafrikanischer und amerikanischer Schuhmacher.<\/span><\/p>\n<p><span style=\"font-family: nathan-serif; font-size: 14pt;\">Der Barefoot African Trooper Boot vereint den nat\u00fcrlichen Komfort von Barfu\u00dfschuhen mit der n\u00f6tigen Strapazierf\u00e4higkeit f\u00fcr den Alltag in herausfordernden Umgebungen. Sein robustes Design und der hohe Schaft sorgen f\u00fcr den n\u00f6tigen Schutz, w\u00e4hrend die flexible Sohle und die ger\u00e4umige Zehenbox nat\u00fcrliche und bequeme Bewegungen erm\u00f6glichen.<\/span><\/p>\n<p><span style=\"font-family: nathan-serif; font-size: 14pt;\">Die flexible Sohle ahmt die nat\u00fcrliche Bewegung des Fu\u00dfes nach und bietet ein neues Ma\u00df an Komfort und Freiheit. Die d\u00fcnnen Sohlen verbessern das Bodengef\u00fchl und sorgen f\u00fcr mehr Traktion und Kontrolle. Die ger\u00e4umige Zehenbox erlaubt es den Zehen, sich nat\u00fcrlich auszubreiten \u2013 das reduziert Druckstellen und verbessert die Stabilit\u00e4t.<\/span><\/p>\n<p><span style=\"font-family: nathan-serif; font-size: 14pt;\">Folgen Sie unserer Reise \u00fcber unsere Social-Media-Kan\u00e4le oder kontaktieren Sie uns f\u00fcr weitere Informationen.<\/span>[\/vc_column_text][\/vc_column][vc_column width=&#8221;1\/2&#8243; el_class=&#8221;features&#8221;][vc_column_text css=&#8221;&#8221;]<\/p>\n<ul>\n<li><span style=\"font-family: nathan-serif; font-size: 14pt;\">Hergestellt aus einer einzigen Schicht 2,3 mm starkem Nubukleder.<\/span><\/li>\n<li><span style=\"font-family: nathan-serif; font-size: 14pt;\">Zehenschutz- und Fersenbereich bestehen aus doppellagigem 2,2 mm ge\u00f6ltem Nubukleder f\u00fcr zus\u00e4tzliche Haltbarkeit.<\/span><\/li>\n<li><span style=\"font-family: nathan-serif; font-size: 14pt;\">8 Zoll H\u00f6he f\u00fcr hervorragenden Halt, Komfort und Schutz.<\/span><\/li>\n<li><span style=\"font-family: nathan-serif; font-size: 14pt;\">Die Anvil-Sohle wurde entwickelt, um das Gef\u00fchl des Barfu\u00dfgehens auf jedem Untergrund zu imitieren und gleichzeitig mehr Grip und Schutz zu bieten.<\/span><\/li>\n<li><span style=\"font-family: nathan-serif; font-size: 14pt;\">Fersenverst\u00e4rkung f\u00fcr optimalen Halt und Schutz des Sprunggelenks.<\/span><\/li>\n<li><span style=\"font-family: nathan-serif; font-size: 14pt;\">Vollst\u00e4ndig eingen\u00e4hte Zunge.<\/span><\/li>\n<li><span style=\"font-family: nathan-serif; font-size: 14pt;\">Echte Leder-Zehenkappe.<\/span><\/li>\n<li><span style=\"font-family: nathan-serif; font-size: 14pt;\"><strong>KEIN STAHLGELENK.<\/strong><\/span><\/li>\n<li><span style=\"font-family: nathan-serif; font-size: 14pt;\">3 mm Lederzwischensohle f\u00fcr zus\u00e4tzlichen Komfort, Flexibilit\u00e4t und Bodengef\u00fchl.<\/span><\/li>\n<li><span style=\"font-family: nathan-serif; font-size: 14pt;\">Leder-Halbsohle f\u00fcr zus\u00e4tzliche Fersend\u00e4mpfung.<\/span><\/li>\n<li><span style=\"font-family: nathan-serif; font-size: 14pt;\">Die Lederzwischensohle ist mit einem rundumlaufenden 360\u00b0-Doppelstich aus 2,2 mm starkem geflochtenem Nylonfaden am Schaft befestigt.<\/span><\/li>\n<li><span style=\"font-family: nathan-serif; font-size: 14pt;\">Wie alle unsere Stiefel kann auch dieses Modell dank der Doppelnaht-Konstruktion wiederbesohlt werden.<\/span><\/li>\n<li><span style=\"font-family: nathan-serif; font-size: 14pt;\">Unsere Barefoot-Stiefel verf\u00fcgen \u00fcber eine integrierte Leder-Halbeinlage. Sie werden nicht mit einer herausnehmbaren Einlegesohle geliefert.<\/span><\/li>\n<li><span style=\"font-family: nathan-serif; font-size: 14pt;\"><strong><u>Barefoot Zero Drop Leisten<\/u><\/strong> \u2013 Dieser Leisten bietet eine breite 3E-Passform mit Nullabsatz und gro\u00dfz\u00fcgigem Zehenraum (f\u00fcr ein besonders nat\u00fcrliches Barfu\u00dfgef\u00fchl).<\/span><\/li>\n<li><span style=\"font-family: nathan-serif; font-size: 14pt;\">Schn\u00fcrsenkel: 175 cm.<\/span><\/li>\n<li><span style=\"font-family: nathan-serif; font-size: 14pt;\">Gewicht: 1,33 kg (Gr\u00f6\u00dfe 08).<\/span><\/li>\n<li><span style=\"font-family: nathan-serif; font-size: 14pt;\">100 % hergestellt in S\u00fcdafrika.<\/span><\/li>\n<\/ul>\n<p>[\/vc_column_text][\/vc_column][\/vc_row]<\/p>\n<\/div>","protected":false},"excerpt":{"rendered":"<h4><a href=\"https:\/\/www.gameranger.org\"><img loading=\"lazy\" decoding=\"async\" class=\"alignleft wp-image-15403\" src=\"https:\/\/jimgreenfootwear.eu\/wp-content\/uploads\/2021\/11\/GRAA-Logo-Ranger-Boot-Jim-Green-Footwear.png\" alt=\"\" width=\"61\" height=\"90\" \/><\/a><\/h4>\n<h4><strong>F\u00fcr je 10 verkaufte Paare spenden wir ein Paar an einen Ranger<\/strong><\/h4>\n<p><a href=\"https:\/\/www.gameranger.org\">https:\/\/www.gameranger.org<\/a><\/p>\n","protected":false},"featured_media":48823,"comment_status":"open","ping_status":"closed","template":"","meta":{"_acf_changed":false},"product_brand":[],"product_cat":[739,329,678,285,349,316],"product_tag":[],"class_list":{"0":"post-50700","1":"product","2":"type-product","3":"status-publish","4":"has-post-thumbnail","6":"product_cat-175cm-laces-de","7":"product_cat-african-ranger-de-2","8":"product_cat-african-troopers-de","9":"product_cat-all-de-2","10":"product_cat-barefoot-african-trooper-de","11":"product_cat-barefoot-boots-de","12":"product_shipping_class-boots","13":"tm-has-options","15":"first","16":"outofstock","17":"taxable","18":"shipping-taxable","19":"purchasable","20":"product-type-variable"},"group_of_quantity":0,"min_quantity":0,"max_quantity":"","exclude_order_quantity_value_rules":"no","exclude_category_quantity_rules":"no","combine_variations":"no","acf":[],"yoast_head":"<!-- This site is optimized with the Yoast SEO plugin v27.3 - https:\/\/yoast.com\/product\/yoast-seo-wordpress\/ -->\n<title>Barefoot African Trooper Boot - Fudge - Jim Green<\/title>\n<meta name=\"robots\" content=\"index, follow, max-snippet:-1, max-image-preview:large, max-video-preview:-1\" \/>\n<link rel=\"canonical\" href=\"https:\/\/jimgreenfootwear.eu\/de\/store\/barefoot-african-trooper-boot-fudge\/\" \/>\n<meta property=\"og:locale\" content=\"de_DE\" \/>\n<meta property=\"og:type\" content=\"article\" \/>\n<meta property=\"og:title\" content=\"Barefoot African Trooper Boot - Fudge - Jim Green\" \/>\n<meta property=\"og:description\" content=\"F\u00fcr je 10 verkaufte Paare spenden wir ein Paar an einen Ranger https:\/\/www.gameranger.org\" \/>\n<meta property=\"og:url\" content=\"https:\/\/jimgreenfootwear.eu\/de\/store\/barefoot-african-trooper-boot-fudge\/\" \/>\n<meta property=\"og:site_name\" content=\"Jim Green\" \/>\n<meta property=\"article:publisher\" content=\"https:\/\/www.facebook.com\/jimgreenfootwear\/\" \/>\n<meta property=\"article:modified_time\" content=\"2025-12-26T21:28:33+00:00\" \/>\n<meta property=\"og:image\" content=\"https:\/\/jimgreenfootwear.eu\/wp-content\/uploads\/2024\/06\/AR09Z_CAE_01_6-scaled.jpg\" \/>\n\t<meta property=\"og:image:width\" content=\"2560\" \/>\n\t<meta property=\"og:image:height\" content=\"2560\" \/>\n\t<meta property=\"og:image:type\" content=\"image\/jpeg\" \/>\n<meta name=\"twitter:card\" content=\"summary_large_image\" \/>\n<meta name=\"twitter:site\" content=\"@jimgreenfw\" \/>\n<meta name=\"twitter:label1\" content=\"Verf\u00fcgbarkeit\" \/>\n\t<meta name=\"twitter:data1\" content=\"ausverkauft\" \/>\n<script type=\"application\/ld+json\" class=\"yoast-schema-graph\">{\"@context\":\"https:\\\/\\\/schema.org\",\"@graph\":[{\"@type\":\"WebPage\",\"@id\":\"https:\\\/\\\/jimgreenfootwear.eu\\\/de\\\/store\\\/barefoot-african-trooper-boot-fudge\\\/\",\"url\":\"https:\\\/\\\/jimgreenfootwear.eu\\\/de\\\/store\\\/barefoot-african-trooper-boot-fudge\\\/\",\"name\":\"Barefoot African Trooper Boot - Fudge - Jim Green\",\"isPartOf\":{\"@id\":\"https:\\\/\\\/jimgreenfootwear.eu\\\/#website\"},\"primaryImageOfPage\":{\"@id\":\"https:\\\/\\\/jimgreenfootwear.eu\\\/de\\\/store\\\/barefoot-african-trooper-boot-fudge\\\/#primaryimage\"},\"image\":{\"@id\":\"https:\\\/\\\/jimgreenfootwear.eu\\\/de\\\/store\\\/barefoot-african-trooper-boot-fudge\\\/#primaryimage\"},\"thumbnailUrl\":\"https:\\\/\\\/jimgreenfootwear.eu\\\/wp-content\\\/uploads\\\/2024\\\/06\\\/AR09Z_CAE_01_6-scaled.jpg\",\"datePublished\":\"2024-06-19T12:03:42+00:00\",\"dateModified\":\"2025-12-26T21:28:33+00:00\",\"breadcrumb\":{\"@id\":\"https:\\\/\\\/jimgreenfootwear.eu\\\/de\\\/store\\\/barefoot-african-trooper-boot-fudge\\\/#breadcrumb\"},\"inLanguage\":\"de\",\"potentialAction\":[{\"@type\":\"ReadAction\",\"target\":[\"https:\\\/\\\/jimgreenfootwear.eu\\\/de\\\/store\\\/barefoot-african-trooper-boot-fudge\\\/\"]}]},{\"@type\":\"ImageObject\",\"inLanguage\":\"de\",\"@id\":\"https:\\\/\\\/jimgreenfootwear.eu\\\/de\\\/store\\\/barefoot-african-trooper-boot-fudge\\\/#primaryimage\",\"url\":\"https:\\\/\\\/jimgreenfootwear.eu\\\/wp-content\\\/uploads\\\/2024\\\/06\\\/AR09Z_CAE_01_6-scaled.jpg\",\"contentUrl\":\"https:\\\/\\\/jimgreenfootwear.eu\\\/wp-content\\\/uploads\\\/2024\\\/06\\\/AR09Z_CAE_01_6-scaled.jpg\",\"width\":2560,\"height\":2560},{\"@type\":\"BreadcrumbList\",\"@id\":\"https:\\\/\\\/jimgreenfootwear.eu\\\/de\\\/store\\\/barefoot-african-trooper-boot-fudge\\\/#breadcrumb\",\"itemListElement\":[{\"@type\":\"ListItem\",\"position\":1,\"name\":\"Home\",\"item\":\"https:\\\/\\\/jimgreenfootwear.eu\\\/de\\\/\"},{\"@type\":\"ListItem\",\"position\":2,\"name\":\"Shop\",\"item\":\"https:\\\/\\\/jimgreenfootwear.eu\\\/de\\\/shop\\\/\"},{\"@type\":\"ListItem\",\"position\":3,\"name\":\"Barefoot African Trooper Boot &#8211; Fudge\"}]},{\"@type\":\"WebSite\",\"@id\":\"https:\\\/\\\/jimgreenfootwear.eu\\\/#website\",\"url\":\"https:\\\/\\\/jimgreenfootwear.eu\\\/\",\"name\":\"Jim Green\",\"description\":\"Footwear EU - Quality Hiking &amp; Safety Boots\",\"publisher\":{\"@id\":\"https:\\\/\\\/jimgreenfootwear.eu\\\/#organization\"},\"potentialAction\":[{\"@type\":\"SearchAction\",\"target\":{\"@type\":\"EntryPoint\",\"urlTemplate\":\"https:\\\/\\\/jimgreenfootwear.eu\\\/?s={search_term_string}\"},\"query-input\":{\"@type\":\"PropertyValueSpecification\",\"valueRequired\":true,\"valueName\":\"search_term_string\"}}],\"inLanguage\":\"de\"},{\"@type\":\"Organization\",\"@id\":\"https:\\\/\\\/jimgreenfootwear.eu\\\/#organization\",\"name\":\"Jim Green Footwear\",\"alternateName\":\"Jim Green\",\"url\":\"https:\\\/\\\/jimgreenfootwear.eu\\\/\",\"logo\":{\"@type\":\"ImageObject\",\"inLanguage\":\"de\",\"@id\":\"https:\\\/\\\/jimgreenfootwear.eu\\\/#\\\/schema\\\/logo\\\/image\\\/\",\"url\":\"https:\\\/\\\/jimgreenfootwear.eu\\\/wp-content\\\/uploads\\\/2023\\\/11\\\/Jim-Green-4-copy@4x.png\",\"contentUrl\":\"https:\\\/\\\/jimgreenfootwear.eu\\\/wp-content\\\/uploads\\\/2023\\\/11\\\/Jim-Green-4-copy@4x.png\",\"width\":1940,\"height\":1940,\"caption\":\"Jim Green Footwear\"},\"image\":{\"@id\":\"https:\\\/\\\/jimgreenfootwear.eu\\\/#\\\/schema\\\/logo\\\/image\\\/\"},\"sameAs\":[\"https:\\\/\\\/www.facebook.com\\\/jimgreenfootwear\\\/\",\"https:\\\/\\\/x.com\\\/jimgreenfw\",\"https:\\\/\\\/www.instagram.com\\\/jimgreenfootwear\\\/\"]}]}<\/script>\n<meta property=\"og:availability\" content=\"out of stock\" \/>\n<meta property=\"product:availability\" content=\"out of stock\" \/>\n<meta property=\"product:retailer_item_id\" content=\"AR09Z CAE ANV\" \/>\n<meta property=\"product:condition\" content=\"new\" \/>\n<!-- \/ Yoast SEO plugin. -->","yoast_head_json":{"title":"Barefoot African Trooper Boot - Fudge - Jim Green","robots":{"index":"index","follow":"follow","max-snippet":"max-snippet:-1","max-image-preview":"max-image-preview:large","max-video-preview":"max-video-preview:-1"},"canonical":"https:\/\/jimgreenfootwear.eu\/de\/store\/barefoot-african-trooper-boot-fudge\/","og_locale":"de_DE","og_type":"article","og_title":"Barefoot African Trooper Boot - Fudge - Jim Green","og_description":"F\u00fcr je 10 verkaufte Paare spenden wir ein Paar an einen Ranger https:\/\/www.gameranger.org","og_url":"https:\/\/jimgreenfootwear.eu\/de\/store\/barefoot-african-trooper-boot-fudge\/","og_site_name":"Jim Green","article_publisher":"https:\/\/www.facebook.com\/jimgreenfootwear\/","article_modified_time":"2025-12-26T21:28:33+00:00","og_image":[{"width":2560,"height":2560,"url":"https:\/\/jimgreenfootwear.eu\/wp-content\/uploads\/2024\/06\/AR09Z_CAE_01_6-scaled.jpg","type":"image\/jpeg"}],"twitter_card":"summary_large_image","twitter_site":"@jimgreenfw","twitter_misc":{"Verf\u00fcgbarkeit":"ausverkauft"},"schema":{"@context":"https:\/\/schema.org","@graph":[{"@type":"WebPage","@id":"https:\/\/jimgreenfootwear.eu\/de\/store\/barefoot-african-trooper-boot-fudge\/","url":"https:\/\/jimgreenfootwear.eu\/de\/store\/barefoot-african-trooper-boot-fudge\/","name":"Barefoot African Trooper Boot - Fudge - Jim Green","isPartOf":{"@id":"https:\/\/jimgreenfootwear.eu\/#website"},"primaryImageOfPage":{"@id":"https:\/\/jimgreenfootwear.eu\/de\/store\/barefoot-african-trooper-boot-fudge\/#primaryimage"},"image":{"@id":"https:\/\/jimgreenfootwear.eu\/de\/store\/barefoot-african-trooper-boot-fudge\/#primaryimage"},"thumbnailUrl":"https:\/\/jimgreenfootwear.eu\/wp-content\/uploads\/2024\/06\/AR09Z_CAE_01_6-scaled.jpg","datePublished":"2024-06-19T12:03:42+00:00","dateModified":"2025-12-26T21:28:33+00:00","breadcrumb":{"@id":"https:\/\/jimgreenfootwear.eu\/de\/store\/barefoot-african-trooper-boot-fudge\/#breadcrumb"},"inLanguage":"de","potentialAction":[{"@type":"ReadAction","target":["https:\/\/jimgreenfootwear.eu\/de\/store\/barefoot-african-trooper-boot-fudge\/"]}]},{"@type":"ImageObject","inLanguage":"de","@id":"https:\/\/jimgreenfootwear.eu\/de\/store\/barefoot-african-trooper-boot-fudge\/#primaryimage","url":"https:\/\/jimgreenfootwear.eu\/wp-content\/uploads\/2024\/06\/AR09Z_CAE_01_6-scaled.jpg","contentUrl":"https:\/\/jimgreenfootwear.eu\/wp-content\/uploads\/2024\/06\/AR09Z_CAE_01_6-scaled.jpg","width":2560,"height":2560},{"@type":"BreadcrumbList","@id":"https:\/\/jimgreenfootwear.eu\/de\/store\/barefoot-african-trooper-boot-fudge\/#breadcrumb","itemListElement":[{"@type":"ListItem","position":1,"name":"Home","item":"https:\/\/jimgreenfootwear.eu\/de\/"},{"@type":"ListItem","position":2,"name":"Shop","item":"https:\/\/jimgreenfootwear.eu\/de\/shop\/"},{"@type":"ListItem","position":3,"name":"Barefoot African Trooper Boot &#8211; Fudge"}]},{"@type":"WebSite","@id":"https:\/\/jimgreenfootwear.eu\/#website","url":"https:\/\/jimgreenfootwear.eu\/","name":"Jim Green","description":"Footwear EU - Quality Hiking &amp; Safety Boots","publisher":{"@id":"https:\/\/jimgreenfootwear.eu\/#organization"},"potentialAction":[{"@type":"SearchAction","target":{"@type":"EntryPoint","urlTemplate":"https:\/\/jimgreenfootwear.eu\/?s={search_term_string}"},"query-input":{"@type":"PropertyValueSpecification","valueRequired":true,"valueName":"search_term_string"}}],"inLanguage":"de"},{"@type":"Organization","@id":"https:\/\/jimgreenfootwear.eu\/#organization","name":"Jim Green Footwear","alternateName":"Jim Green","url":"https:\/\/jimgreenfootwear.eu\/","logo":{"@type":"ImageObject","inLanguage":"de","@id":"https:\/\/jimgreenfootwear.eu\/#\/schema\/logo\/image\/","url":"https:\/\/jimgreenfootwear.eu\/wp-content\/uploads\/2023\/11\/Jim-Green-4-copy@4x.png","contentUrl":"https:\/\/jimgreenfootwear.eu\/wp-content\/uploads\/2023\/11\/Jim-Green-4-copy@4x.png","width":1940,"height":1940,"caption":"Jim Green Footwear"},"image":{"@id":"https:\/\/jimgreenfootwear.eu\/#\/schema\/logo\/image\/"},"sameAs":["https:\/\/www.facebook.com\/jimgreenfootwear\/","https:\/\/x.com\/jimgreenfw","https:\/\/www.instagram.com\/jimgreenfootwear\/"]}]},"og_availability":"out of stock","product_availability":"out of stock","product_retailer_item_id":"AR09Z CAE ANV","product_condition":"new"},"_links":{"self":[{"href":"https:\/\/jimgreenfootwear.eu\/de\/wp-json\/wp\/v2\/product\/50700","targetHints":{"allow":["GET"]}}],"collection":[{"href":"https:\/\/jimgreenfootwear.eu\/de\/wp-json\/wp\/v2\/product"}],"about":[{"href":"https:\/\/jimgreenfootwear.eu\/de\/wp-json\/wp\/v2\/types\/product"}],"replies":[{"embeddable":true,"href":"https:\/\/jimgreenfootwear.eu\/de\/wp-json\/wp\/v2\/comments?post=50700"}],"wp:featuredmedia":[{"embeddable":true,"href":"https:\/\/jimgreenfootwear.eu\/de\/wp-json\/wp\/v2\/media\/48823"}],"wp:attachment":[{"href":"https:\/\/jimgreenfootwear.eu\/de\/wp-json\/wp\/v2\/media?parent=50700"}],"wp:term":[{"taxonomy":"product_brand","embeddable":true,"href":"https:\/\/jimgreenfootwear.eu\/de\/wp-json\/wp\/v2\/product_brand?post=50700"},{"taxonomy":"product_cat","embeddable":true,"href":"https:\/\/jimgreenfootwear.eu\/de\/wp-json\/wp\/v2\/product_cat?post=50700"},{"taxonomy":"product_tag","embeddable":true,"href":"https:\/\/jimgreenfootwear.eu\/de\/wp-json\/wp\/v2\/product_tag?post=50700"}],"curies":[{"name":"wp","href":"https:\/\/api.w.org\/{rel}","templated":true}]}}