{"id":51307,"date":"2023-12-14T00:34:02","date_gmt":"2023-12-13T22:34:02","guid":{"rendered":"https:\/\/jimgreenfootwear.eu\/store\/numzaan-boot-natural-veg-tan\/"},"modified":"2026-03-22T23:58:51","modified_gmt":"2026-03-22T21:58:51","slug":"numzaan-boot-natural-veg-tan","status":"publish","type":"product","link":"https:\/\/jimgreenfootwear.eu\/de\/store\/numzaan-boot-natural-veg-tan\/","title":{"rendered":"Numzaan Boot &#8211; Natural Veg Tan"},"content":{"rendered":"<div class=\"wpb-content-wrapper\"><p>[vc_row css=&#8221;.vc_custom_xxxxxx{padding-right: 15px !important;padding-bottom: 30px !important;padding-left: 15px !important;}&#8221;][vc_column width=&#8221;5\/6&#8243; css=&#8221;.vc_custom_padding_settings&#8221;][vc_column_text css=&#8221;&#8221;]<\/p>\n<h3><span style=\"font-family: nathan-serif; font-size: 24pt;\"><strong>Der neue \u201eChief\u201c in unserer Kollektion \u2013 Der Numzaan<\/strong><\/span><\/h3>\n<p>[\/vc_column_text][\/vc_column][\/vc_row][vc_row][vc_column][vc_column_text]<\/p>\n<p>[\/vc_column_text][\/vc_column][\/vc_row][vc_row css=&#8221;.vc_custom_padding_settings{padding-right: 15px; padding-left: 15px; padding-bottom: 20px!important;}&#8221;][vc_column width=&#8221;1\/2&#8243; el_class=&#8221;description&#8221; css=&#8221;.vc_custom_xxxxxx{padding-bottom: 20px !important;}&#8221;][vc_column_text css=&#8221;&#8221;]<span style=\"font-family: nathan-serif; font-size: 14pt;\">Wir haben auf unsere Kunden geh\u00f6rt und freuen uns, den Numzaan-Stiefel vorzustellen \u2013 gefertigt mit dem Jim Green Qualit\u00e4tsversprechen f\u00fcr Komfort, Stil und Vielseitigkeit bei jedem Anlass.<\/span><\/p>\n<p><span style=\"font-family: nathan-serif; font-size: 14pt;\">\u201eNumzaan\u201c stammt aus dem Zulu und bedeutet Familienoberhaupt oder Anf\u00fchrer. Wir pr\u00e4sentieren diesen Stiefel stolz als den \u201eChief\u201c unserer Kollektion. Inspiriert vom Baobab-Stiefel, bietet er einen traditionsbewussten Look mit neuem, pflanzlich gegerbtem Leder \u2013 unser stilvollster Stiefel bisher.<\/span><\/p>\n<p><span style=\"font-family: nathan-serif; font-size: 14pt;\">Setzen Sie sich lieber \u2013 es gibt viele Details. Der Numzaan verf\u00fcgt \u00fcber einen doppelt gen\u00e4hten Schaft (2,2 mm mit 1,2 mm Kalbslederfutter) und eine echte Lederkappe, was insgesamt \u00fcber 5 mm Leder im Zehenbereich ergibt. Zehen- und Fersenbereich sind zudem mit thermoplastischen Verst\u00e4rkungen ausgestattet, kombiniert mit hohem Schaft und Blasebalgzunge.<\/span><\/p>\n<p><span style=\"font-family: nathan-serif; font-size: 14pt;\">Das spezielle Schn\u00fcrmuster reduziert Druck beim Festziehen. Zus\u00e4tzlich verf\u00fcgt der Stiefel \u00fcber eine Lederbrandsohle, eine Lederzwischensohle und eine Harzlaufsohle \u2013 zusammen \u00fcber 8 mm Leder \u2013 die sich mit der Zeit perfekt an Ihre F\u00fc\u00dfe anpasst. Alles vereint durch die innovative Frog Grip-Sohle \u2013 ein gro\u00dfer Schritt in der Jim Green Serie.<\/span><\/p>\n<p><span style=\"font-family: nathan-serif; font-size: 14pt;\">Entdecken Sie die unvergleichliche Eleganz und den Komfort des Numzaan-Stiefels \u2013 ein wahrer Anf\u00fchrer in unserem Sortiment!<\/span>[\/vc_column_text][\/vc_column][vc_column width=&#8221;1\/2&#8243; el_class=&#8221;features&#8221;][vc_column_text css=&#8221;&#8221;]<\/p>\n<ul>\n<li><span style=\"font-family: nathan-serif; font-size: 14pt;\">Stiefel mit Fokus auf Eleganz und Komfort.<\/span><\/li>\n<li><span style=\"font-family: nathan-serif; font-size: 14pt;\">Gefertigt mit doppellagigem, pflanzlich gegerbtem 2,2 mm Leder f\u00fcr erh\u00f6hte Haltbarkeit.<\/span><\/li>\n<li><span style=\"font-family: nathan-serif; font-size: 14pt;\">Doppellagiges Leder sorgt f\u00fcr wasserabweisende Eigenschaften (nicht wasserdicht).<\/span><\/li>\n<li><span style=\"font-family: nathan-serif; font-size: 14pt;\">Echte Lederkappe und integrierter Kiltie f\u00fcr Stil und Haltbarkeit.<\/span><\/li>\n<li><span style=\"font-family: nathan-serif; font-size: 14pt;\">Zehenschutz, Fersen- und \u00d6senbereich bestehen aus doppellagigem 2,2 mm Vollleder f\u00fcr maximale Robustheit.<\/span><\/li>\n<li><span style=\"font-family: nathan-serif; font-size: 14pt;\">Verst\u00e4rkungen an Ferse und Zehen f\u00fcr Halt, Unterst\u00fctzung und Schutz.<\/span><\/li>\n<li><span style=\"font-family: nathan-serif; font-size: 14pt;\">Ein Stahlgelenk zwischen Brand- und Laufsohle bietet zus\u00e4tzlichen Halt und Stabilit\u00e4t.<\/span><\/li>\n<li><span style=\"font-family: nathan-serif; font-size: 14pt;\">Lederbrandsohle, Lederzwischensohle und Harzlaufsohle f\u00fcr Komfort und Strapazierf\u00e4higkeit.<\/span><\/li>\n<li><span style=\"font-family: nathan-serif; font-size: 14pt;\">Robuste Schnellhaken und \u00d6sen zur sicheren Fixierung.<\/span><\/li>\n<li><span style=\"font-family: nathan-serif; font-size: 14pt;\">Lederzwischensohle ist mit doppelt gen\u00e4htem 2,2 mm geflochtenem Nylonfaden befestigt.<\/span><\/li>\n<li><span style=\"font-family: nathan-serif; font-size: 14pt;\">Wie alle unsere Stiefel ist auch dieser dank Doppelnaht-Konstruktion wiederbesohlbar.<\/span><\/li>\n<li><span style=\"font-family: nathan-serif; font-size: 14pt;\"><strong><u>ASHM-Leisten<\/u><\/strong> \u2013 Sieht schmal aus, bietet aber eine traditionelle D-Weite mit leicht zulaufender Zehenbox.<\/span><\/li>\n<li><span style=\"font-family: nathan-serif;\"><strong><span style=\"text-decoration: underline;\"><span style=\"font-size: 14pt;\">Sohle: Frog Grip oder JG Lug<\/span><\/span><\/strong><\/span><\/li>\n<li><span style=\"font-family: nathan-serif; font-size: 14pt;\">Gewicht: 1,65 kg (Gr\u00f6\u00dfe 08)<\/span><\/li>\n<li><span style=\"font-family: nathan-serif; font-size: 14pt;\">Schn\u00fcrsenkel: 150 cm<\/span><\/li>\n<li><span style=\"font-size: 14pt; font-family: nathan-serif;\">Hergestellt in S\u00fcd Afrika<\/span><\/li>\n<\/ul>\n<p>[\/vc_column_text][\/vc_column][\/vc_row]<\/p>\n<\/div>","protected":false},"excerpt":{"rendered":"<p>[vc_row css=&#8221;.vc_custom_xxxxxx{padding-right: 15px !important;padding-bottom: 30px !important;padding-left: 15px !important;}&#8221;][vc_column width=&#8221;5\/6&#8243; css=&#8221;.vc_custom_padding_settings&#8221;][vc_column_text css=&#8221;&#8221;] Der neue \u201eChief\u201c in unserer Kollektion \u2013 Der Numzaan [\/vc_column_text][\/vc_column][\/vc_row][vc_row][vc_column][vc_column_text] [\/vc_column_text][\/vc_column][\/vc_row][vc_row css=&#8221;.vc_custom_padding_settings{padding-right: 15px; padding-left: 15px; padding-bottom: 20px!important;}&#8221;][vc_column width=&#8221;1\/2&#8243; el_class=&#8221;description&#8221; css=&#8221;.vc_custom_xxxxxx{padding-bottom: 20px !important;}&#8221;][vc_column_text css=&#8221;&#8221;]Wir haben auf unsere Kunden geh\u00f6rt und freuen uns, den Numzaan-Stiefel vorzustellen \u2013 gefertigt mit dem Jim Green Qualit\u00e4tsversprechen f\u00fcr Komfort, Stil [&hellip;]<\/p>\n","protected":false},"featured_media":48087,"comment_status":"open","ping_status":"closed","template":"","meta":{"_acf_changed":false},"product_brand":[],"product_cat":[285,287,286],"product_tag":[289],"class_list":{"0":"post-51307","1":"product","2":"type-product","3":"status-publish","4":"has-post-thumbnail","6":"product_cat-all-de-2","7":"product_cat-premium-de-2","8":"product_cat-hiking-adventure-de-2","9":"product_tag-premium-de-2","10":"product_shipping_class-boots","11":"tm-has-options","13":"first","14":"outofstock","15":"taxable","16":"shipping-taxable","17":"purchasable","18":"product-type-variable"},"group_of_quantity":0,"min_quantity":0,"max_quantity":"","exclude_order_quantity_value_rules":"no","exclude_category_quantity_rules":"no","combine_variations":"no","acf":[],"yoast_head":"<!-- This site is optimized with the Yoast SEO plugin v27.3 - https:\/\/yoast.com\/product\/yoast-seo-wordpress\/ -->\n<title>Numzaan Boot - Natural Veg Tan - Jim Green<\/title>\n<meta name=\"robots\" content=\"index, follow, max-snippet:-1, max-image-preview:large, max-video-preview:-1\" \/>\n<link rel=\"canonical\" href=\"https:\/\/jimgreenfootwear.eu\/de\/store\/numzaan-boot-natural-veg-tan\/\" \/>\n<meta property=\"og:locale\" content=\"de_DE\" \/>\n<meta property=\"og:type\" content=\"article\" \/>\n<meta property=\"og:title\" content=\"Numzaan Boot - Natural Veg Tan - Jim Green\" \/>\n<meta property=\"og:description\" content=\"[vc_row css=&#8221;.vc_custom_xxxxxx{padding-right: 15px !important;padding-bottom: 30px !important;padding-left: 15px !important;}&#8221;][vc_column width=&#8221;5\/6&#8243; css=&#8221;.vc_custom_padding_settings&#8221;][vc_column_text css=&#8221;&#8221;] Der neue \u201eChief\u201c in unserer Kollektion \u2013 Der Numzaan [\/vc_column_text][\/vc_column][\/vc_row][vc_row][vc_column][vc_column_text] [\/vc_column_text][\/vc_column][\/vc_row][vc_row css=&#8221;.vc_custom_padding_settings{padding-right: 15px; padding-left: 15px; padding-bottom: 20px!important;}&#8221;][vc_column width=&#8221;1\/2&#8243; el_class=&#8221;description&#8221; css=&#8221;.vc_custom_xxxxxx{padding-bottom: 20px !important;}&#8221;][vc_column_text css=&#8221;&#8221;]Wir haben auf unsere Kunden geh\u00f6rt und freuen uns, den Numzaan-Stiefel vorzustellen \u2013 gefertigt mit dem Jim Green Qualit\u00e4tsversprechen f\u00fcr Komfort, Stil [&hellip;]\" \/>\n<meta property=\"og:url\" content=\"https:\/\/jimgreenfootwear.eu\/de\/store\/numzaan-boot-natural-veg-tan\/\" \/>\n<meta property=\"og:site_name\" content=\"Jim Green\" \/>\n<meta property=\"article:publisher\" content=\"https:\/\/www.facebook.com\/jimgreenfootwear\/\" \/>\n<meta property=\"article:modified_time\" content=\"2026-03-22T21:58:51+00:00\" \/>\n<meta property=\"og:image\" content=\"https:\/\/jimgreenfootwear.eu\/wp-content\/uploads\/2023\/12\/JIM-GREEN_AM31_VTN_JGLB_1-scaled.jpg\" \/>\n\t<meta property=\"og:image:width\" content=\"2560\" \/>\n\t<meta property=\"og:image:height\" content=\"2560\" \/>\n\t<meta property=\"og:image:type\" content=\"image\/jpeg\" \/>\n<meta name=\"twitter:card\" content=\"summary_large_image\" \/>\n<meta name=\"twitter:site\" content=\"@jimgreenfw\" \/>\n<meta name=\"twitter:label1\" content=\"Verf\u00fcgbarkeit\" \/>\n\t<meta name=\"twitter:data1\" content=\"ausverkauft\" \/>\n<script type=\"application\/ld+json\" class=\"yoast-schema-graph\">{\"@context\":\"https:\\\/\\\/schema.org\",\"@graph\":[{\"@type\":\"WebPage\",\"@id\":\"https:\\\/\\\/jimgreenfootwear.eu\\\/de\\\/store\\\/numzaan-boot-natural-veg-tan\\\/\",\"url\":\"https:\\\/\\\/jimgreenfootwear.eu\\\/de\\\/store\\\/numzaan-boot-natural-veg-tan\\\/\",\"name\":\"Numzaan Boot - Natural Veg Tan - Jim Green\",\"isPartOf\":{\"@id\":\"https:\\\/\\\/jimgreenfootwear.eu\\\/#website\"},\"primaryImageOfPage\":{\"@id\":\"https:\\\/\\\/jimgreenfootwear.eu\\\/de\\\/store\\\/numzaan-boot-natural-veg-tan\\\/#primaryimage\"},\"image\":{\"@id\":\"https:\\\/\\\/jimgreenfootwear.eu\\\/de\\\/store\\\/numzaan-boot-natural-veg-tan\\\/#primaryimage\"},\"thumbnailUrl\":\"https:\\\/\\\/jimgreenfootwear.eu\\\/wp-content\\\/uploads\\\/2023\\\/12\\\/JIM-GREEN_AM31_VTN_JGLB_1-scaled.jpg\",\"datePublished\":\"2023-12-13T22:34:02+00:00\",\"dateModified\":\"2026-03-22T21:58:51+00:00\",\"breadcrumb\":{\"@id\":\"https:\\\/\\\/jimgreenfootwear.eu\\\/de\\\/store\\\/numzaan-boot-natural-veg-tan\\\/#breadcrumb\"},\"inLanguage\":\"de\",\"potentialAction\":[{\"@type\":\"ReadAction\",\"target\":[\"https:\\\/\\\/jimgreenfootwear.eu\\\/de\\\/store\\\/numzaan-boot-natural-veg-tan\\\/\"]}]},{\"@type\":\"ImageObject\",\"inLanguage\":\"de\",\"@id\":\"https:\\\/\\\/jimgreenfootwear.eu\\\/de\\\/store\\\/numzaan-boot-natural-veg-tan\\\/#primaryimage\",\"url\":\"https:\\\/\\\/jimgreenfootwear.eu\\\/wp-content\\\/uploads\\\/2023\\\/12\\\/JIM-GREEN_AM31_VTN_JGLB_1-scaled.jpg\",\"contentUrl\":\"https:\\\/\\\/jimgreenfootwear.eu\\\/wp-content\\\/uploads\\\/2023\\\/12\\\/JIM-GREEN_AM31_VTN_JGLB_1-scaled.jpg\",\"width\":2560,\"height\":2560},{\"@type\":\"BreadcrumbList\",\"@id\":\"https:\\\/\\\/jimgreenfootwear.eu\\\/de\\\/store\\\/numzaan-boot-natural-veg-tan\\\/#breadcrumb\",\"itemListElement\":[{\"@type\":\"ListItem\",\"position\":1,\"name\":\"Home\",\"item\":\"https:\\\/\\\/jimgreenfootwear.eu\\\/de\\\/\"},{\"@type\":\"ListItem\",\"position\":2,\"name\":\"Shop\",\"item\":\"https:\\\/\\\/jimgreenfootwear.eu\\\/de\\\/shop\\\/\"},{\"@type\":\"ListItem\",\"position\":3,\"name\":\"Numzaan Boot &#8211; Natural Veg Tan\"}]},{\"@type\":\"WebSite\",\"@id\":\"https:\\\/\\\/jimgreenfootwear.eu\\\/#website\",\"url\":\"https:\\\/\\\/jimgreenfootwear.eu\\\/\",\"name\":\"Jim Green\",\"description\":\"Footwear EU - Quality Hiking &amp; Safety Boots\",\"publisher\":{\"@id\":\"https:\\\/\\\/jimgreenfootwear.eu\\\/#organization\"},\"potentialAction\":[{\"@type\":\"SearchAction\",\"target\":{\"@type\":\"EntryPoint\",\"urlTemplate\":\"https:\\\/\\\/jimgreenfootwear.eu\\\/?s={search_term_string}\"},\"query-input\":{\"@type\":\"PropertyValueSpecification\",\"valueRequired\":true,\"valueName\":\"search_term_string\"}}],\"inLanguage\":\"de\"},{\"@type\":\"Organization\",\"@id\":\"https:\\\/\\\/jimgreenfootwear.eu\\\/#organization\",\"name\":\"Jim Green Footwear\",\"alternateName\":\"Jim Green\",\"url\":\"https:\\\/\\\/jimgreenfootwear.eu\\\/\",\"logo\":{\"@type\":\"ImageObject\",\"inLanguage\":\"de\",\"@id\":\"https:\\\/\\\/jimgreenfootwear.eu\\\/#\\\/schema\\\/logo\\\/image\\\/\",\"url\":\"https:\\\/\\\/jimgreenfootwear.eu\\\/wp-content\\\/uploads\\\/2023\\\/11\\\/Jim-Green-4-copy@4x.png\",\"contentUrl\":\"https:\\\/\\\/jimgreenfootwear.eu\\\/wp-content\\\/uploads\\\/2023\\\/11\\\/Jim-Green-4-copy@4x.png\",\"width\":1940,\"height\":1940,\"caption\":\"Jim Green Footwear\"},\"image\":{\"@id\":\"https:\\\/\\\/jimgreenfootwear.eu\\\/#\\\/schema\\\/logo\\\/image\\\/\"},\"sameAs\":[\"https:\\\/\\\/www.facebook.com\\\/jimgreenfootwear\\\/\",\"https:\\\/\\\/x.com\\\/jimgreenfw\",\"https:\\\/\\\/www.instagram.com\\\/jimgreenfootwear\\\/\"]}]}<\/script>\n<meta property=\"og:availability\" content=\"out of stock\" \/>\n<meta property=\"product:availability\" content=\"out of stock\" \/>\n<meta property=\"product:retailer_item_id\" content=\"AM31_VTN\" \/>\n<meta property=\"product:condition\" content=\"new\" \/>\n<!-- \/ Yoast SEO plugin. -->","yoast_head_json":{"title":"Numzaan Boot - Natural Veg Tan - Jim Green","robots":{"index":"index","follow":"follow","max-snippet":"max-snippet:-1","max-image-preview":"max-image-preview:large","max-video-preview":"max-video-preview:-1"},"canonical":"https:\/\/jimgreenfootwear.eu\/de\/store\/numzaan-boot-natural-veg-tan\/","og_locale":"de_DE","og_type":"article","og_title":"Numzaan Boot - Natural Veg Tan - Jim Green","og_description":"[vc_row css=&#8221;.vc_custom_xxxxxx{padding-right: 15px !important;padding-bottom: 30px !important;padding-left: 15px !important;}&#8221;][vc_column width=&#8221;5\/6&#8243; css=&#8221;.vc_custom_padding_settings&#8221;][vc_column_text css=&#8221;&#8221;] Der neue \u201eChief\u201c in unserer Kollektion \u2013 Der Numzaan [\/vc_column_text][\/vc_column][\/vc_row][vc_row][vc_column][vc_column_text] [\/vc_column_text][\/vc_column][\/vc_row][vc_row css=&#8221;.vc_custom_padding_settings{padding-right: 15px; padding-left: 15px; padding-bottom: 20px!important;}&#8221;][vc_column width=&#8221;1\/2&#8243; el_class=&#8221;description&#8221; css=&#8221;.vc_custom_xxxxxx{padding-bottom: 20px !important;}&#8221;][vc_column_text css=&#8221;&#8221;]Wir haben auf unsere Kunden geh\u00f6rt und freuen uns, den Numzaan-Stiefel vorzustellen \u2013 gefertigt mit dem Jim Green Qualit\u00e4tsversprechen f\u00fcr Komfort, Stil [&hellip;]","og_url":"https:\/\/jimgreenfootwear.eu\/de\/store\/numzaan-boot-natural-veg-tan\/","og_site_name":"Jim Green","article_publisher":"https:\/\/www.facebook.com\/jimgreenfootwear\/","article_modified_time":"2026-03-22T21:58:51+00:00","og_image":[{"width":2560,"height":2560,"url":"https:\/\/jimgreenfootwear.eu\/wp-content\/uploads\/2023\/12\/JIM-GREEN_AM31_VTN_JGLB_1-scaled.jpg","type":"image\/jpeg"}],"twitter_card":"summary_large_image","twitter_site":"@jimgreenfw","twitter_misc":{"Verf\u00fcgbarkeit":"ausverkauft"},"schema":{"@context":"https:\/\/schema.org","@graph":[{"@type":"WebPage","@id":"https:\/\/jimgreenfootwear.eu\/de\/store\/numzaan-boot-natural-veg-tan\/","url":"https:\/\/jimgreenfootwear.eu\/de\/store\/numzaan-boot-natural-veg-tan\/","name":"Numzaan Boot - Natural Veg Tan - Jim Green","isPartOf":{"@id":"https:\/\/jimgreenfootwear.eu\/#website"},"primaryImageOfPage":{"@id":"https:\/\/jimgreenfootwear.eu\/de\/store\/numzaan-boot-natural-veg-tan\/#primaryimage"},"image":{"@id":"https:\/\/jimgreenfootwear.eu\/de\/store\/numzaan-boot-natural-veg-tan\/#primaryimage"},"thumbnailUrl":"https:\/\/jimgreenfootwear.eu\/wp-content\/uploads\/2023\/12\/JIM-GREEN_AM31_VTN_JGLB_1-scaled.jpg","datePublished":"2023-12-13T22:34:02+00:00","dateModified":"2026-03-22T21:58:51+00:00","breadcrumb":{"@id":"https:\/\/jimgreenfootwear.eu\/de\/store\/numzaan-boot-natural-veg-tan\/#breadcrumb"},"inLanguage":"de","potentialAction":[{"@type":"ReadAction","target":["https:\/\/jimgreenfootwear.eu\/de\/store\/numzaan-boot-natural-veg-tan\/"]}]},{"@type":"ImageObject","inLanguage":"de","@id":"https:\/\/jimgreenfootwear.eu\/de\/store\/numzaan-boot-natural-veg-tan\/#primaryimage","url":"https:\/\/jimgreenfootwear.eu\/wp-content\/uploads\/2023\/12\/JIM-GREEN_AM31_VTN_JGLB_1-scaled.jpg","contentUrl":"https:\/\/jimgreenfootwear.eu\/wp-content\/uploads\/2023\/12\/JIM-GREEN_AM31_VTN_JGLB_1-scaled.jpg","width":2560,"height":2560},{"@type":"BreadcrumbList","@id":"https:\/\/jimgreenfootwear.eu\/de\/store\/numzaan-boot-natural-veg-tan\/#breadcrumb","itemListElement":[{"@type":"ListItem","position":1,"name":"Home","item":"https:\/\/jimgreenfootwear.eu\/de\/"},{"@type":"ListItem","position":2,"name":"Shop","item":"https:\/\/jimgreenfootwear.eu\/de\/shop\/"},{"@type":"ListItem","position":3,"name":"Numzaan Boot &#8211; Natural Veg Tan"}]},{"@type":"WebSite","@id":"https:\/\/jimgreenfootwear.eu\/#website","url":"https:\/\/jimgreenfootwear.eu\/","name":"Jim Green","description":"Footwear EU - Quality Hiking &amp; Safety Boots","publisher":{"@id":"https:\/\/jimgreenfootwear.eu\/#organization"},"potentialAction":[{"@type":"SearchAction","target":{"@type":"EntryPoint","urlTemplate":"https:\/\/jimgreenfootwear.eu\/?s={search_term_string}"},"query-input":{"@type":"PropertyValueSpecification","valueRequired":true,"valueName":"search_term_string"}}],"inLanguage":"de"},{"@type":"Organization","@id":"https:\/\/jimgreenfootwear.eu\/#organization","name":"Jim Green Footwear","alternateName":"Jim Green","url":"https:\/\/jimgreenfootwear.eu\/","logo":{"@type":"ImageObject","inLanguage":"de","@id":"https:\/\/jimgreenfootwear.eu\/#\/schema\/logo\/image\/","url":"https:\/\/jimgreenfootwear.eu\/wp-content\/uploads\/2023\/11\/Jim-Green-4-copy@4x.png","contentUrl":"https:\/\/jimgreenfootwear.eu\/wp-content\/uploads\/2023\/11\/Jim-Green-4-copy@4x.png","width":1940,"height":1940,"caption":"Jim Green Footwear"},"image":{"@id":"https:\/\/jimgreenfootwear.eu\/#\/schema\/logo\/image\/"},"sameAs":["https:\/\/www.facebook.com\/jimgreenfootwear\/","https:\/\/x.com\/jimgreenfw","https:\/\/www.instagram.com\/jimgreenfootwear\/"]}]},"og_availability":"out of stock","product_availability":"out of stock","product_retailer_item_id":"AM31_VTN","product_condition":"new"},"_links":{"self":[{"href":"https:\/\/jimgreenfootwear.eu\/de\/wp-json\/wp\/v2\/product\/51307","targetHints":{"allow":["GET"]}}],"collection":[{"href":"https:\/\/jimgreenfootwear.eu\/de\/wp-json\/wp\/v2\/product"}],"about":[{"href":"https:\/\/jimgreenfootwear.eu\/de\/wp-json\/wp\/v2\/types\/product"}],"replies":[{"embeddable":true,"href":"https:\/\/jimgreenfootwear.eu\/de\/wp-json\/wp\/v2\/comments?post=51307"}],"wp:featuredmedia":[{"embeddable":true,"href":"https:\/\/jimgreenfootwear.eu\/de\/wp-json\/wp\/v2\/media\/48087"}],"wp:attachment":[{"href":"https:\/\/jimgreenfootwear.eu\/de\/wp-json\/wp\/v2\/media?parent=51307"}],"wp:term":[{"taxonomy":"product_brand","embeddable":true,"href":"https:\/\/jimgreenfootwear.eu\/de\/wp-json\/wp\/v2\/product_brand?post=51307"},{"taxonomy":"product_cat","embeddable":true,"href":"https:\/\/jimgreenfootwear.eu\/de\/wp-json\/wp\/v2\/product_cat?post=51307"},{"taxonomy":"product_tag","embeddable":true,"href":"https:\/\/jimgreenfootwear.eu\/de\/wp-json\/wp\/v2\/product_tag?post=51307"}],"curies":[{"name":"wp","href":"https:\/\/api.w.org\/{rel}","templated":true}]}}