{"id":51614,"date":"2023-09-06T14:51:05","date_gmt":"2023-09-06T12:51:05","guid":{"rendered":"https:\/\/jimgreenfootwear.eu\/store\/african-ranger-barefoot-boot-houston-brown\/"},"modified":"2025-11-02T01:47:17","modified_gmt":"2025-11-01T23:47:17","slug":"african-ranger-barefoot-boot-houston-brown","status":"publish","type":"product","link":"https:\/\/jimgreenfootwear.eu\/de\/store\/african-ranger-barefoot-boot-houston-brown\/","title":{"rendered":"African Ranger Barefoot Boot &#8211; Houston Brown"},"content":{"rendered":"<div class=\"wpb-content-wrapper\"><p>[vc_row css=&#8221;.vc_custom_xxxxxx{padding-right: 15px !important;padding-bottom: 30px !important;padding-left: 15px !important;}&#8221;][vc_column width=&#8221;5\/6&#8243; css=&#8221;.vc_custom_padding_settings&#8221;][vc_column_text css=&#8221;&#8221;]<\/p>\n<h3><span style=\"font-family: nathan-serif; font-size: 24pt;\"><strong>Erlebe die Natur mit dem African Ranger Barefoot<\/strong><\/span><\/h3>\n<p>[\/vc_column_text][\/vc_column][\/vc_row][vc_row][vc_column][vc_column_text]<\/p>\n<p>[\/vc_column_text][\/vc_column][\/vc_row][vc_row css=&#8221;.vc_custom_padding_settings{padding-right: 15px; padding-left: 15px; padding-bottom: 20px!important;}&#8221;][vc_column width=&#8221;1\/2&#8243; el_class=&#8221;description&#8221; css=&#8221;.vc_custom_xxxxxx{padding-bottom: 20px !important;}&#8221;][vc_column_text css=&#8221;&#8221;]<span style=\"font-family: nathan-serif; font-size: 14pt;\">Der African Ranger Barfu\u00dfschuh steht f\u00fcr Nat\u00fcrlichkeit und Komfort f\u00fcr deine F\u00fc\u00dfe. Es ist, als w\u00fcrden deine F\u00fc\u00dfe sanft \u00fcber ebenen Boden gleiten. Im Zehenbereich gibt es viel Platz, damit sich dein gro\u00dfer und kleiner Zeh frei ausbreiten k\u00f6nnen. Diese Stiefel sind wie der beste Freund deiner F\u00fc\u00dfe \u2013 super flexibel und passen sich deinen Bewegungen an. Die d\u00fcnne Sohle sorgt daf\u00fcr, dass du den Untergrund besser sp\u00fcren kannst. Der Barfu\u00dfschuh bringt den Unterschied. Kein Schnickschnack, keine k\u00fcnstliche Unterst\u00fctzung \u2013 diese Stiefel lassen deinen F\u00fc\u00dfen freie Bewegung. Wenn du Wert auf bequeme, flexible Schuhe legst, wirst du diese lieben!<\/span>[\/vc_column_text][\/vc_column][vc_column width=&#8221;1\/2&#8243; el_class=&#8221;features&#8221;][vc_column_text css=&#8221;&#8221;]<\/p>\n<ul>\n<li><span style=\"font-size: 14pt; font-family: nathan-serif;\">Entwickelt mit drei Priorit\u00e4ten: Komfort, Langlebigkeit und Erschwinglichkeit.<\/span><\/li>\n<li><span style=\"font-family: nathan-serif; font-size: 14pt;\">Die Anvil-Sohle vermittelt das Gef\u00fchl, barfu\u00df auf jedem Untergrund zu laufen, und bietet gleichzeitig zus\u00e4tzlichen Halt und Schutz.<\/span><\/li>\n<li><span style=\"font-family: nathan-serif; font-size: 14pt;\">Zehenschutz, Ferse und \u00d6senbereich bestehen aus doppellagigem 2,2 mm Nubukleder f\u00fcr hohe Strapazierf\u00e4higkeit.<\/span><\/li>\n<li><span style=\"font-family: nathan-serif; font-size: 14pt;\">Fersenverst\u00e4rkung f\u00fcr Stabilit\u00e4t und Schutz des Kn\u00f6chels.<\/span><\/li>\n<li><span style=\"font-family: nathan-serif; font-size: 14pt;\">Weicher Lederkragen und Zunge f\u00fcr mehr Komfort und geringeres Gewicht.<\/span><\/li>\n<li><span style=\"font-family: nathan-serif; font-size: 14pt;\">KEIN STAHLSTEG<\/span><\/li>\n<li><span style=\"font-family: nathan-serif; font-size: 14pt;\">Leder-Zwischensohle f\u00fcr mehr Tragekomfort, Flexibilit\u00e4t und Bodengef\u00fchl.<\/span><\/li>\n<li><span style=\"font-family: nathan-serif; font-size: 14pt;\">Robuste Haken und \u00d6sen f\u00fcr sicheren Halt.<\/span><\/li>\n<li><span style=\"font-family: nathan-serif; font-size: 14pt;\">Die Zwischensohle ist mit doppelt gen\u00e4htem 2,2 mm geflochtenem Nylonfaden mit dem Obermaterial vern\u00e4ht.<\/span><\/li>\n<li><span style=\"font-family: nathan-serif; font-size: 14pt;\">Wie bei all unseren Stiefeln ist eine Wiederbesohlung m\u00f6glich.<\/span><\/li>\n<li><span style=\"font-family: nathan-serif; font-size: 14pt;\">Unsere Barfu\u00df-Stiefel besitzen eine integrierte Leder-Halbeinlage. Sie werden ohne zus\u00e4tzliche Einlegesohle geliefert.<\/span><\/li>\n<li><span style=\"font-family: nathan-serif; font-size: 14pt;\"><strong><u>Barfu\u00df Zero Drop Leisten<\/u><\/strong> \u2013 Breite 3E-Passform mit null Absatz und ger\u00e4umiger Zehenbox (f\u00fcr ein nat\u00fcrliches Barfu\u00dfgef\u00fchl).<\/span><\/li>\n<li><span style=\"font-family: nathan-serif; font-size: 14pt;\">Gewicht: 1,12 kg (Gr\u00f6\u00dfe 42 EU).<\/span><\/li>\n<li><span style=\"font-family: nathan-serif; font-size: 14pt;\">Schn\u00fcrsenkel: 120 cm.<\/span><\/li>\n<\/ul>\n<p>[\/vc_column_text][\/vc_column][\/vc_row]<\/p>\n<\/div>","protected":false},"excerpt":{"rendered":"<h4><a href=\"https:\/\/www.gameranger.org\"><img loading=\"lazy\" decoding=\"async\" class=\"alignleft wp-image-15403\" src=\"https:\/\/jimgreenfootwear.eu\/wp-content\/uploads\/2021\/11\/GRAA-Logo-Ranger-Boot-Jim-Green-Footwear.png\" alt=\"\" width=\"61\" height=\"90\" \/><\/a><\/h4>\n<h4><strong>F\u00fcr je 10 verkaufte Paare spenden wir ein Paar an einen Ranger<\/strong><\/h4>\n<p><a href=\"https:\/\/www.gameranger.org\">https:\/\/www.gameranger.org<\/a><\/p>\n","protected":false},"featured_media":47563,"comment_status":"open","ping_status":"closed","template":"","meta":{"_acf_changed":false},"product_brand":[],"product_cat":[329,285,316],"product_tag":[],"class_list":{"0":"post-51614","1":"product","2":"type-product","3":"status-publish","4":"has-post-thumbnail","6":"product_cat-african-ranger-de-2","7":"product_cat-all-de-2","8":"product_cat-barefoot-boots-de","9":"product_shipping_class-boots","10":"tm-has-options","12":"first","13":"instock","14":"taxable","15":"shipping-taxable","16":"purchasable","17":"product-type-variable"},"group_of_quantity":0,"min_quantity":0,"max_quantity":"","exclude_order_quantity_value_rules":"no","exclude_category_quantity_rules":"no","combine_variations":"no","acf":[],"yoast_head":"<!-- This site is optimized with the Yoast SEO plugin v27.3 - https:\/\/yoast.com\/product\/yoast-seo-wordpress\/ -->\n<title>African Ranger Barefoot Boot - Houston Brown - Jim Green<\/title>\n<meta name=\"robots\" content=\"index, follow, max-snippet:-1, max-image-preview:large, max-video-preview:-1\" \/>\n<link rel=\"canonical\" href=\"https:\/\/jimgreenfootwear.eu\/de\/store\/african-ranger-barefoot-boot-houston-brown\/\" \/>\n<meta property=\"og:locale\" content=\"de_DE\" \/>\n<meta property=\"og:type\" content=\"article\" \/>\n<meta property=\"og:title\" content=\"African Ranger Barefoot Boot - Houston Brown - Jim Green\" \/>\n<meta property=\"og:description\" content=\"F\u00fcr je 10 verkaufte Paare spenden wir ein Paar an einen Ranger https:\/\/www.gameranger.org\" \/>\n<meta property=\"og:url\" content=\"https:\/\/jimgreenfootwear.eu\/de\/store\/african-ranger-barefoot-boot-houston-brown\/\" \/>\n<meta property=\"og:site_name\" content=\"Jim Green\" \/>\n<meta property=\"article:publisher\" content=\"https:\/\/www.facebook.com\/jimgreenfootwear\/\" \/>\n<meta property=\"article:modified_time\" content=\"2025-11-01T23:47:17+00:00\" \/>\n<meta property=\"og:image\" content=\"https:\/\/jimgreenfootwear.eu\/wp-content\/uploads\/2023\/09\/AR01Z_HOC_01_36.jpg\" \/>\n\t<meta property=\"og:image:width\" content=\"1200\" \/>\n\t<meta property=\"og:image:height\" content=\"1200\" \/>\n\t<meta property=\"og:image:type\" content=\"image\/jpeg\" \/>\n<meta name=\"twitter:card\" content=\"summary_large_image\" \/>\n<meta name=\"twitter:site\" content=\"@jimgreenfw\" \/>\n<meta name=\"twitter:label1\" content=\"Verf\u00fcgbarkeit\" \/>\n\t<meta name=\"twitter:data1\" content=\"Auf Lager\" \/>\n<script type=\"application\/ld+json\" class=\"yoast-schema-graph\">{\"@context\":\"https:\\\/\\\/schema.org\",\"@graph\":[{\"@type\":\"WebPage\",\"@id\":\"https:\\\/\\\/jimgreenfootwear.eu\\\/de\\\/store\\\/african-ranger-barefoot-boot-houston-brown\\\/\",\"url\":\"https:\\\/\\\/jimgreenfootwear.eu\\\/de\\\/store\\\/african-ranger-barefoot-boot-houston-brown\\\/\",\"name\":\"African Ranger Barefoot Boot - Houston Brown - Jim Green\",\"isPartOf\":{\"@id\":\"https:\\\/\\\/jimgreenfootwear.eu\\\/#website\"},\"primaryImageOfPage\":{\"@id\":\"https:\\\/\\\/jimgreenfootwear.eu\\\/de\\\/store\\\/african-ranger-barefoot-boot-houston-brown\\\/#primaryimage\"},\"image\":{\"@id\":\"https:\\\/\\\/jimgreenfootwear.eu\\\/de\\\/store\\\/african-ranger-barefoot-boot-houston-brown\\\/#primaryimage\"},\"thumbnailUrl\":\"https:\\\/\\\/jimgreenfootwear.eu\\\/wp-content\\\/uploads\\\/2023\\\/09\\\/AR01Z_HOC_01_36.jpg\",\"datePublished\":\"2023-09-06T12:51:05+00:00\",\"dateModified\":\"2025-11-01T23:47:17+00:00\",\"breadcrumb\":{\"@id\":\"https:\\\/\\\/jimgreenfootwear.eu\\\/de\\\/store\\\/african-ranger-barefoot-boot-houston-brown\\\/#breadcrumb\"},\"inLanguage\":\"de\",\"potentialAction\":[{\"@type\":\"ReadAction\",\"target\":[\"https:\\\/\\\/jimgreenfootwear.eu\\\/de\\\/store\\\/african-ranger-barefoot-boot-houston-brown\\\/\"]}]},{\"@type\":\"ImageObject\",\"inLanguage\":\"de\",\"@id\":\"https:\\\/\\\/jimgreenfootwear.eu\\\/de\\\/store\\\/african-ranger-barefoot-boot-houston-brown\\\/#primaryimage\",\"url\":\"https:\\\/\\\/jimgreenfootwear.eu\\\/wp-content\\\/uploads\\\/2023\\\/09\\\/AR01Z_HOC_01_36.jpg\",\"contentUrl\":\"https:\\\/\\\/jimgreenfootwear.eu\\\/wp-content\\\/uploads\\\/2023\\\/09\\\/AR01Z_HOC_01_36.jpg\",\"width\":1200,\"height\":1200},{\"@type\":\"BreadcrumbList\",\"@id\":\"https:\\\/\\\/jimgreenfootwear.eu\\\/de\\\/store\\\/african-ranger-barefoot-boot-houston-brown\\\/#breadcrumb\",\"itemListElement\":[{\"@type\":\"ListItem\",\"position\":1,\"name\":\"Home\",\"item\":\"https:\\\/\\\/jimgreenfootwear.eu\\\/de\\\/\"},{\"@type\":\"ListItem\",\"position\":2,\"name\":\"Shop\",\"item\":\"https:\\\/\\\/jimgreenfootwear.eu\\\/de\\\/shop\\\/\"},{\"@type\":\"ListItem\",\"position\":3,\"name\":\"African Ranger Barefoot Boot &#8211; Houston Brown\"}]},{\"@type\":\"WebSite\",\"@id\":\"https:\\\/\\\/jimgreenfootwear.eu\\\/#website\",\"url\":\"https:\\\/\\\/jimgreenfootwear.eu\\\/\",\"name\":\"Jim Green\",\"description\":\"Footwear EU - Quality Hiking &amp; Safety Boots\",\"publisher\":{\"@id\":\"https:\\\/\\\/jimgreenfootwear.eu\\\/#organization\"},\"potentialAction\":[{\"@type\":\"SearchAction\",\"target\":{\"@type\":\"EntryPoint\",\"urlTemplate\":\"https:\\\/\\\/jimgreenfootwear.eu\\\/?s={search_term_string}\"},\"query-input\":{\"@type\":\"PropertyValueSpecification\",\"valueRequired\":true,\"valueName\":\"search_term_string\"}}],\"inLanguage\":\"de\"},{\"@type\":\"Organization\",\"@id\":\"https:\\\/\\\/jimgreenfootwear.eu\\\/#organization\",\"name\":\"Jim Green Footwear\",\"alternateName\":\"Jim Green\",\"url\":\"https:\\\/\\\/jimgreenfootwear.eu\\\/\",\"logo\":{\"@type\":\"ImageObject\",\"inLanguage\":\"de\",\"@id\":\"https:\\\/\\\/jimgreenfootwear.eu\\\/#\\\/schema\\\/logo\\\/image\\\/\",\"url\":\"https:\\\/\\\/jimgreenfootwear.eu\\\/wp-content\\\/uploads\\\/2023\\\/11\\\/Jim-Green-4-copy@4x.png\",\"contentUrl\":\"https:\\\/\\\/jimgreenfootwear.eu\\\/wp-content\\\/uploads\\\/2023\\\/11\\\/Jim-Green-4-copy@4x.png\",\"width\":1940,\"height\":1940,\"caption\":\"Jim Green Footwear\"},\"image\":{\"@id\":\"https:\\\/\\\/jimgreenfootwear.eu\\\/#\\\/schema\\\/logo\\\/image\\\/\"},\"sameAs\":[\"https:\\\/\\\/www.facebook.com\\\/jimgreenfootwear\\\/\",\"https:\\\/\\\/x.com\\\/jimgreenfw\",\"https:\\\/\\\/www.instagram.com\\\/jimgreenfootwear\\\/\"]}]}<\/script>\n<meta property=\"og:availability\" content=\"instock\" \/>\n<meta property=\"product:availability\" content=\"instock\" \/>\n<meta property=\"product:retailer_item_id\" content=\"AR01Z_HOC_ANV\" \/>\n<meta property=\"product:condition\" content=\"new\" \/>\n<!-- \/ Yoast SEO plugin. -->","yoast_head_json":{"title":"African Ranger Barefoot Boot - Houston Brown - Jim Green","robots":{"index":"index","follow":"follow","max-snippet":"max-snippet:-1","max-image-preview":"max-image-preview:large","max-video-preview":"max-video-preview:-1"},"canonical":"https:\/\/jimgreenfootwear.eu\/de\/store\/african-ranger-barefoot-boot-houston-brown\/","og_locale":"de_DE","og_type":"article","og_title":"African Ranger Barefoot Boot - Houston Brown - Jim Green","og_description":"F\u00fcr je 10 verkaufte Paare spenden wir ein Paar an einen Ranger https:\/\/www.gameranger.org","og_url":"https:\/\/jimgreenfootwear.eu\/de\/store\/african-ranger-barefoot-boot-houston-brown\/","og_site_name":"Jim Green","article_publisher":"https:\/\/www.facebook.com\/jimgreenfootwear\/","article_modified_time":"2025-11-01T23:47:17+00:00","og_image":[{"width":1200,"height":1200,"url":"https:\/\/jimgreenfootwear.eu\/wp-content\/uploads\/2023\/09\/AR01Z_HOC_01_36.jpg","type":"image\/jpeg"}],"twitter_card":"summary_large_image","twitter_site":"@jimgreenfw","twitter_misc":{"Verf\u00fcgbarkeit":"Auf Lager"},"schema":{"@context":"https:\/\/schema.org","@graph":[{"@type":"WebPage","@id":"https:\/\/jimgreenfootwear.eu\/de\/store\/african-ranger-barefoot-boot-houston-brown\/","url":"https:\/\/jimgreenfootwear.eu\/de\/store\/african-ranger-barefoot-boot-houston-brown\/","name":"African Ranger Barefoot Boot - Houston Brown - Jim Green","isPartOf":{"@id":"https:\/\/jimgreenfootwear.eu\/#website"},"primaryImageOfPage":{"@id":"https:\/\/jimgreenfootwear.eu\/de\/store\/african-ranger-barefoot-boot-houston-brown\/#primaryimage"},"image":{"@id":"https:\/\/jimgreenfootwear.eu\/de\/store\/african-ranger-barefoot-boot-houston-brown\/#primaryimage"},"thumbnailUrl":"https:\/\/jimgreenfootwear.eu\/wp-content\/uploads\/2023\/09\/AR01Z_HOC_01_36.jpg","datePublished":"2023-09-06T12:51:05+00:00","dateModified":"2025-11-01T23:47:17+00:00","breadcrumb":{"@id":"https:\/\/jimgreenfootwear.eu\/de\/store\/african-ranger-barefoot-boot-houston-brown\/#breadcrumb"},"inLanguage":"de","potentialAction":[{"@type":"ReadAction","target":["https:\/\/jimgreenfootwear.eu\/de\/store\/african-ranger-barefoot-boot-houston-brown\/"]}]},{"@type":"ImageObject","inLanguage":"de","@id":"https:\/\/jimgreenfootwear.eu\/de\/store\/african-ranger-barefoot-boot-houston-brown\/#primaryimage","url":"https:\/\/jimgreenfootwear.eu\/wp-content\/uploads\/2023\/09\/AR01Z_HOC_01_36.jpg","contentUrl":"https:\/\/jimgreenfootwear.eu\/wp-content\/uploads\/2023\/09\/AR01Z_HOC_01_36.jpg","width":1200,"height":1200},{"@type":"BreadcrumbList","@id":"https:\/\/jimgreenfootwear.eu\/de\/store\/african-ranger-barefoot-boot-houston-brown\/#breadcrumb","itemListElement":[{"@type":"ListItem","position":1,"name":"Home","item":"https:\/\/jimgreenfootwear.eu\/de\/"},{"@type":"ListItem","position":2,"name":"Shop","item":"https:\/\/jimgreenfootwear.eu\/de\/shop\/"},{"@type":"ListItem","position":3,"name":"African Ranger Barefoot Boot &#8211; Houston Brown"}]},{"@type":"WebSite","@id":"https:\/\/jimgreenfootwear.eu\/#website","url":"https:\/\/jimgreenfootwear.eu\/","name":"Jim Green","description":"Footwear EU - Quality Hiking &amp; Safety Boots","publisher":{"@id":"https:\/\/jimgreenfootwear.eu\/#organization"},"potentialAction":[{"@type":"SearchAction","target":{"@type":"EntryPoint","urlTemplate":"https:\/\/jimgreenfootwear.eu\/?s={search_term_string}"},"query-input":{"@type":"PropertyValueSpecification","valueRequired":true,"valueName":"search_term_string"}}],"inLanguage":"de"},{"@type":"Organization","@id":"https:\/\/jimgreenfootwear.eu\/#organization","name":"Jim Green Footwear","alternateName":"Jim Green","url":"https:\/\/jimgreenfootwear.eu\/","logo":{"@type":"ImageObject","inLanguage":"de","@id":"https:\/\/jimgreenfootwear.eu\/#\/schema\/logo\/image\/","url":"https:\/\/jimgreenfootwear.eu\/wp-content\/uploads\/2023\/11\/Jim-Green-4-copy@4x.png","contentUrl":"https:\/\/jimgreenfootwear.eu\/wp-content\/uploads\/2023\/11\/Jim-Green-4-copy@4x.png","width":1940,"height":1940,"caption":"Jim Green Footwear"},"image":{"@id":"https:\/\/jimgreenfootwear.eu\/#\/schema\/logo\/image\/"},"sameAs":["https:\/\/www.facebook.com\/jimgreenfootwear\/","https:\/\/x.com\/jimgreenfw","https:\/\/www.instagram.com\/jimgreenfootwear\/"]}]},"og_availability":"instock","product_availability":"instock","product_retailer_item_id":"AR01Z_HOC_ANV","product_condition":"new"},"_links":{"self":[{"href":"https:\/\/jimgreenfootwear.eu\/de\/wp-json\/wp\/v2\/product\/51614","targetHints":{"allow":["GET"]}}],"collection":[{"href":"https:\/\/jimgreenfootwear.eu\/de\/wp-json\/wp\/v2\/product"}],"about":[{"href":"https:\/\/jimgreenfootwear.eu\/de\/wp-json\/wp\/v2\/types\/product"}],"replies":[{"embeddable":true,"href":"https:\/\/jimgreenfootwear.eu\/de\/wp-json\/wp\/v2\/comments?post=51614"}],"wp:featuredmedia":[{"embeddable":true,"href":"https:\/\/jimgreenfootwear.eu\/de\/wp-json\/wp\/v2\/media\/47563"}],"wp:attachment":[{"href":"https:\/\/jimgreenfootwear.eu\/de\/wp-json\/wp\/v2\/media?parent=51614"}],"wp:term":[{"taxonomy":"product_brand","embeddable":true,"href":"https:\/\/jimgreenfootwear.eu\/de\/wp-json\/wp\/v2\/product_brand?post=51614"},{"taxonomy":"product_cat","embeddable":true,"href":"https:\/\/jimgreenfootwear.eu\/de\/wp-json\/wp\/v2\/product_cat?post=51614"},{"taxonomy":"product_tag","embeddable":true,"href":"https:\/\/jimgreenfootwear.eu\/de\/wp-json\/wp\/v2\/product_tag?post=51614"}],"curies":[{"name":"wp","href":"https:\/\/api.w.org\/{rel}","templated":true}]}}