{"id":51699,"date":"2022-12-14T23:13:26","date_gmt":"2022-12-14T21:13:26","guid":{"rendered":"https:\/\/jimgreenfootwear.eu\/store\/baobab-boot\/"},"modified":"2026-03-03T23:43:10","modified_gmt":"2026-03-03T21:43:10","slug":"baobab-boot","status":"publish","type":"product","link":"https:\/\/jimgreenfootwear.eu\/de\/store\/baobab-boot\/","title":{"rendered":"Baobab Boot &#8211; Houston Brown"},"content":{"rendered":"<div class=\"wpb-content-wrapper\"><p>[vc_row css=&#8221;.vc_custom_xxxxxx{padding-right: 15px !important;padding-bottom: 30px !important;padding-left: 15px !important;}&#8221;][vc_column width=&#8221;5\/6&#8243; css=&#8221;.vc_custom_padding_settings&#8221;][vc_column_text css=&#8221;&#8221;]<\/p>\n<h3><strong><span style=\"font-family: nathan-serif; font-size: 24pt;\">30 Jahre Schuhmanufaktur \u2013 wir feiern unsere Leidenschaft f\u00fcr Schuhe<\/span><\/strong><\/h3>\n<p>[\/vc_column_text][\/vc_column][\/vc_row][vc_row][vc_column][vc_column_text]<\/p>\n<p>[\/vc_column_text][\/vc_column][\/vc_row][vc_row css=&#8221;.vc_custom_padding_settings{padding-right: 15px; padding-left: 15px; padding-bottom: 20px!important;}&#8221;][vc_column width=&#8221;1\/2&#8243; el_class=&#8221;description&#8221; css=&#8221;.vc_custom_xxxxxx{padding-bottom: 20px !important;}&#8221;][vc_column_text css=&#8221;&#8221;]<span style=\"font-family: nathan-serif; font-size: 14pt;\">Wir wollten etwas <strong>Einzigartiges<\/strong> schaffen \u2013 mit <strong>mehr Komfort<\/strong>, <strong>f\u00fcr alle<\/strong>, und dabei <strong>unseren typischen Jim-Green-Stil<\/strong> bewahren.<\/span><\/p>\n<p><span style=\"font-family: nathan-serif; font-size: 14pt;\">Der Baobab-Stiefel ist inspiriert von den funktionalen Eigenschaften unserer zwei Bestseller: Razorback und African Ranger. Das robuste, einteilige Vorderblatt der Razorback trifft auf das Schn\u00fcrsystem des African Ranger \u2013 eine Kombination, die allen Abenteuern standh\u00e4lt und sich im Alltag bew\u00e4hrt.<\/span><\/p>\n<p><span style=\"font-family: nathan-serif; font-size: 14pt;\">Wir haben ihn auf einem schmaleren Leisten gebaut \u2013 aber lass dich vom Aussehen nicht t\u00e4uschen: Er passt auch breiteren F\u00fc\u00dfen. Und das Beste: Wir haben ein Leder-Fu\u00dfbett integriert, das sich mit der Zeit an deine F\u00fc\u00dfe anpasst und den Tragekomfort sowie die Haltbarkeit erh\u00f6ht. Zusammen mit der Mini-Lug- und geformten EVA-Sohle bietet dieser Stiefel au\u00dfergew\u00f6hnlichen Komfort bei gleichzeitig robuster Gummisohle.<\/span><\/p>\n<p><span style=\"font-family: nathan-serif; font-size: 14pt;\">Wie die uralten Baobab-B\u00e4ume Afrikas, die seit Jahrtausenden bestehen, wird auch dieser Stiefel seinen Platz in unserer Kollektion fest verankern und zur Legende werden.<\/span>[\/vc_column_text][\/vc_column][vc_column width=&#8221;1\/2&#8243; el_class=&#8221;features&#8221;][vc_column_text css=&#8221;&#8221;]<\/p>\n<ul>\n<li><span style=\"font-family: nathan-serif; font-size: 14pt;\">Gefertigt mit einer doppelten Lederschicht (2,2 mm Nubukleder, gef\u00fcttert mit 1,6 mm Kalbsleder).<\/span><\/li>\n<li><span style=\"font-family: nathan-serif; font-size: 14pt;\">Die doppelte Lederschicht verbessert die Wasserabweisung des Stiefels (nicht wasserdicht).<\/span><\/li>\n<li><span style=\"font-family: nathan-serif; font-size: 14pt;\">Thermoplastische Zehenkappe und Fersenverst\u00e4rkung f\u00fcr zus\u00e4tzlichen Halt.<\/span><\/li>\n<li><span style=\"font-family: nathan-serif; font-size: 14pt;\">Ein Stahlkiel zwischen Brandsohle und Au\u00dfensohle sorgt f\u00fcr mehr Stabilit\u00e4t.<\/span><\/li>\n<li><span style=\"font-family: nathan-serif; font-size: 14pt;\">Die Brandsohle ist mit einem doppelt gen\u00e4hten 2,2 mm geflochtenen Nylonfaden mit dem Obermaterial verbunden.<\/span><\/li>\n<li><span style=\"font-family: nathan-serif; font-size: 14pt;\">Leder-Fu\u00dfbett, das sich f\u00fcr zus\u00e4tzlichen Komfort an den Fu\u00df anpasst.<\/span><\/li>\n<li><span style=\"font-family: nathan-serif; font-size: 14pt;\">Durchgen\u00e4hte Konstruktion \u2013 wiederbesohlbar.<\/span><\/li>\n<li><span style=\"font-family: nathan-serif; font-size: 14pt;\"><strong><u>ASHM-Leisten<\/u><\/strong> \u2013 Wirkt schmal, bietet aber eine klassische D-Weite mit leicht zulaufender Zehenbox.<\/span><\/li>\n<li><span style=\"font-family: nathan-serif; font-size: 14pt;\"><strong><span style=\"text-decoration: underline;\">Sohle: ML<\/span><\/strong> (entwickelt f\u00fcr Grip, Komfort und Geschwindigkeit. Echtes Gummi mit EVA-Keil f\u00fcr angenehmes Laufgef\u00fchl).<\/span><\/li>\n<li><span style=\"font-family: nathan-serif; font-size: 14pt;\">Schn\u00fcrsenkel: 175 cm.<\/span><\/li>\n<li><span style=\"font-family: nathan-serif; font-size: 14pt;\">Gewicht: 1,48 kg (Gr\u00f6\u00dfe 08).<\/span><\/li>\n<li><span style=\"font-size: 14pt;\">Hergestellt in S\u00fcd Afrika<\/span><\/li>\n<\/ul>\n<p>[\/vc_column_text][\/vc_column][\/vc_row]<\/p>\n<\/div>","protected":false},"excerpt":{"rendered":"<p>[vc_row css=&#8221;.vc_custom_xxxxxx{padding-right: 15px !important;padding-bottom: 30px !important;padding-left: 15px !important;}&#8221;][vc_column width=&#8221;5\/6&#8243; css=&#8221;.vc_custom_padding_settings&#8221;][vc_column_text css=&#8221;&#8221;] 30 Jahre Schuhmanufaktur \u2013 wir feiern unsere Leidenschaft f\u00fcr Schuhe [\/vc_column_text][\/vc_column][\/vc_row][vc_row][vc_column][vc_column_text] [\/vc_column_text][\/vc_column][\/vc_row][vc_row css=&#8221;.vc_custom_padding_settings{padding-right: 15px; padding-left: 15px; padding-bottom: 20px!important;}&#8221;][vc_column width=&#8221;1\/2&#8243; el_class=&#8221;description&#8221; css=&#8221;.vc_custom_xxxxxx{padding-bottom: 20px !important;}&#8221;][vc_column_text css=&#8221;&#8221;]Wir wollten etwas Einzigartiges schaffen \u2013 mit mehr Komfort, f\u00fcr alle, und dabei unseren typischen Jim-Green-Stil bewahren. Der Baobab-Stiefel ist inspiriert [&hellip;]<\/p>\n","protected":false},"featured_media":47235,"comment_status":"open","ping_status":"closed","template":"","meta":{"_acf_changed":false},"product_brand":[],"product_cat":[285,287,286],"product_tag":[289],"class_list":{"0":"post-51699","1":"product","2":"type-product","3":"status-publish","4":"has-post-thumbnail","6":"product_cat-all-de-2","7":"product_cat-premium-de-2","8":"product_cat-hiking-adventure-de-2","9":"product_tag-premium-de-2","10":"product_shipping_class-boots","11":"tm-has-options","13":"first","14":"outofstock","15":"taxable","16":"shipping-taxable","17":"purchasable","18":"product-type-variable"},"group_of_quantity":0,"min_quantity":0,"max_quantity":"","exclude_order_quantity_value_rules":"no","exclude_category_quantity_rules":"no","combine_variations":"no","acf":[],"yoast_head":"<!-- This site is optimized with the Yoast SEO plugin v27.3 - https:\/\/yoast.com\/product\/yoast-seo-wordpress\/ -->\n<title>Baobab Boot - Houston Brown - Jim Green<\/title>\n<meta name=\"robots\" content=\"index, follow, max-snippet:-1, max-image-preview:large, max-video-preview:-1\" \/>\n<link rel=\"canonical\" href=\"https:\/\/jimgreenfootwear.eu\/de\/store\/baobab-boot\/\" \/>\n<meta property=\"og:locale\" content=\"de_DE\" \/>\n<meta property=\"og:type\" content=\"article\" \/>\n<meta property=\"og:title\" content=\"Baobab Boot - Houston Brown - Jim Green\" \/>\n<meta property=\"og:description\" content=\"[vc_row css=&#8221;.vc_custom_xxxxxx{padding-right: 15px !important;padding-bottom: 30px !important;padding-left: 15px !important;}&#8221;][vc_column width=&#8221;5\/6&#8243; css=&#8221;.vc_custom_padding_settings&#8221;][vc_column_text css=&#8221;&#8221;] 30 Jahre Schuhmanufaktur \u2013 wir feiern unsere Leidenschaft f\u00fcr Schuhe [\/vc_column_text][\/vc_column][\/vc_row][vc_row][vc_column][vc_column_text] [\/vc_column_text][\/vc_column][\/vc_row][vc_row css=&#8221;.vc_custom_padding_settings{padding-right: 15px; padding-left: 15px; padding-bottom: 20px!important;}&#8221;][vc_column width=&#8221;1\/2&#8243; el_class=&#8221;description&#8221; css=&#8221;.vc_custom_xxxxxx{padding-bottom: 20px !important;}&#8221;][vc_column_text css=&#8221;&#8221;]Wir wollten etwas Einzigartiges schaffen \u2013 mit mehr Komfort, f\u00fcr alle, und dabei unseren typischen Jim-Green-Stil bewahren. Der Baobab-Stiefel ist inspiriert [&hellip;]\" \/>\n<meta property=\"og:url\" content=\"https:\/\/jimgreenfootwear.eu\/de\/store\/baobab-boot\/\" \/>\n<meta property=\"og:site_name\" content=\"Jim Green\" \/>\n<meta property=\"article:publisher\" content=\"https:\/\/www.facebook.com\/jimgreenfootwear\/\" \/>\n<meta property=\"article:modified_time\" content=\"2026-03-03T21:43:10+00:00\" \/>\n<meta property=\"og:image\" content=\"https:\/\/jimgreenfootwear.eu\/wp-content\/uploads\/2022\/12\/6_5703-JIM-GREEN-20.10.2022-1-scaled.jpg\" \/>\n\t<meta property=\"og:image:width\" content=\"2560\" \/>\n\t<meta property=\"og:image:height\" content=\"2560\" \/>\n\t<meta property=\"og:image:type\" content=\"image\/jpeg\" \/>\n<meta name=\"twitter:card\" content=\"summary_large_image\" \/>\n<meta name=\"twitter:site\" content=\"@jimgreenfw\" \/>\n<meta name=\"twitter:label1\" content=\"Verf\u00fcgbarkeit\" \/>\n\t<meta name=\"twitter:data1\" content=\"ausverkauft\" \/>\n<script type=\"application\/ld+json\" class=\"yoast-schema-graph\">{\"@context\":\"https:\\\/\\\/schema.org\",\"@graph\":[{\"@type\":\"WebPage\",\"@id\":\"https:\\\/\\\/jimgreenfootwear.eu\\\/de\\\/store\\\/baobab-boot\\\/\",\"url\":\"https:\\\/\\\/jimgreenfootwear.eu\\\/de\\\/store\\\/baobab-boot\\\/\",\"name\":\"Baobab Boot - Houston Brown - Jim Green\",\"isPartOf\":{\"@id\":\"https:\\\/\\\/jimgreenfootwear.eu\\\/#website\"},\"primaryImageOfPage\":{\"@id\":\"https:\\\/\\\/jimgreenfootwear.eu\\\/de\\\/store\\\/baobab-boot\\\/#primaryimage\"},\"image\":{\"@id\":\"https:\\\/\\\/jimgreenfootwear.eu\\\/de\\\/store\\\/baobab-boot\\\/#primaryimage\"},\"thumbnailUrl\":\"https:\\\/\\\/jimgreenfootwear.eu\\\/wp-content\\\/uploads\\\/2022\\\/12\\\/6_5703-JIM-GREEN-20.10.2022-1-scaled.jpg\",\"datePublished\":\"2022-12-14T21:13:26+00:00\",\"dateModified\":\"2026-03-03T21:43:10+00:00\",\"breadcrumb\":{\"@id\":\"https:\\\/\\\/jimgreenfootwear.eu\\\/de\\\/store\\\/baobab-boot\\\/#breadcrumb\"},\"inLanguage\":\"de\",\"potentialAction\":[{\"@type\":\"ReadAction\",\"target\":[\"https:\\\/\\\/jimgreenfootwear.eu\\\/de\\\/store\\\/baobab-boot\\\/\"]}]},{\"@type\":\"ImageObject\",\"inLanguage\":\"de\",\"@id\":\"https:\\\/\\\/jimgreenfootwear.eu\\\/de\\\/store\\\/baobab-boot\\\/#primaryimage\",\"url\":\"https:\\\/\\\/jimgreenfootwear.eu\\\/wp-content\\\/uploads\\\/2022\\\/12\\\/6_5703-JIM-GREEN-20.10.2022-1-scaled.jpg\",\"contentUrl\":\"https:\\\/\\\/jimgreenfootwear.eu\\\/wp-content\\\/uploads\\\/2022\\\/12\\\/6_5703-JIM-GREEN-20.10.2022-1-scaled.jpg\",\"width\":2560,\"height\":2560},{\"@type\":\"BreadcrumbList\",\"@id\":\"https:\\\/\\\/jimgreenfootwear.eu\\\/de\\\/store\\\/baobab-boot\\\/#breadcrumb\",\"itemListElement\":[{\"@type\":\"ListItem\",\"position\":1,\"name\":\"Home\",\"item\":\"https:\\\/\\\/jimgreenfootwear.eu\\\/de\\\/\"},{\"@type\":\"ListItem\",\"position\":2,\"name\":\"Shop\",\"item\":\"https:\\\/\\\/jimgreenfootwear.eu\\\/de\\\/shop\\\/\"},{\"@type\":\"ListItem\",\"position\":3,\"name\":\"Baobab Boot &#8211; Houston Brown\"}]},{\"@type\":\"WebSite\",\"@id\":\"https:\\\/\\\/jimgreenfootwear.eu\\\/#website\",\"url\":\"https:\\\/\\\/jimgreenfootwear.eu\\\/\",\"name\":\"Jim Green\",\"description\":\"Footwear EU - Quality Hiking &amp; Safety Boots\",\"publisher\":{\"@id\":\"https:\\\/\\\/jimgreenfootwear.eu\\\/#organization\"},\"potentialAction\":[{\"@type\":\"SearchAction\",\"target\":{\"@type\":\"EntryPoint\",\"urlTemplate\":\"https:\\\/\\\/jimgreenfootwear.eu\\\/?s={search_term_string}\"},\"query-input\":{\"@type\":\"PropertyValueSpecification\",\"valueRequired\":true,\"valueName\":\"search_term_string\"}}],\"inLanguage\":\"de\"},{\"@type\":\"Organization\",\"@id\":\"https:\\\/\\\/jimgreenfootwear.eu\\\/#organization\",\"name\":\"Jim Green Footwear\",\"alternateName\":\"Jim Green\",\"url\":\"https:\\\/\\\/jimgreenfootwear.eu\\\/\",\"logo\":{\"@type\":\"ImageObject\",\"inLanguage\":\"de\",\"@id\":\"https:\\\/\\\/jimgreenfootwear.eu\\\/#\\\/schema\\\/logo\\\/image\\\/\",\"url\":\"https:\\\/\\\/jimgreenfootwear.eu\\\/wp-content\\\/uploads\\\/2023\\\/11\\\/Jim-Green-4-copy@4x.png\",\"contentUrl\":\"https:\\\/\\\/jimgreenfootwear.eu\\\/wp-content\\\/uploads\\\/2023\\\/11\\\/Jim-Green-4-copy@4x.png\",\"width\":1940,\"height\":1940,\"caption\":\"Jim Green Footwear\"},\"image\":{\"@id\":\"https:\\\/\\\/jimgreenfootwear.eu\\\/#\\\/schema\\\/logo\\\/image\\\/\"},\"sameAs\":[\"https:\\\/\\\/www.facebook.com\\\/jimgreenfootwear\\\/\",\"https:\\\/\\\/x.com\\\/jimgreenfw\",\"https:\\\/\\\/www.instagram.com\\\/jimgreenfootwear\\\/\"]}]}<\/script>\n<meta property=\"og:availability\" content=\"out of stock\" \/>\n<meta property=\"product:availability\" content=\"out of stock\" \/>\n<meta property=\"product:retailer_item_id\" content=\"AM30_HOC_ML\" \/>\n<meta property=\"product:condition\" content=\"new\" \/>\n<!-- \/ Yoast SEO plugin. -->","yoast_head_json":{"title":"Baobab Boot - Houston Brown - Jim Green","robots":{"index":"index","follow":"follow","max-snippet":"max-snippet:-1","max-image-preview":"max-image-preview:large","max-video-preview":"max-video-preview:-1"},"canonical":"https:\/\/jimgreenfootwear.eu\/de\/store\/baobab-boot\/","og_locale":"de_DE","og_type":"article","og_title":"Baobab Boot - Houston Brown - Jim Green","og_description":"[vc_row css=&#8221;.vc_custom_xxxxxx{padding-right: 15px !important;padding-bottom: 30px !important;padding-left: 15px !important;}&#8221;][vc_column width=&#8221;5\/6&#8243; css=&#8221;.vc_custom_padding_settings&#8221;][vc_column_text css=&#8221;&#8221;] 30 Jahre Schuhmanufaktur \u2013 wir feiern unsere Leidenschaft f\u00fcr Schuhe [\/vc_column_text][\/vc_column][\/vc_row][vc_row][vc_column][vc_column_text] [\/vc_column_text][\/vc_column][\/vc_row][vc_row css=&#8221;.vc_custom_padding_settings{padding-right: 15px; padding-left: 15px; padding-bottom: 20px!important;}&#8221;][vc_column width=&#8221;1\/2&#8243; el_class=&#8221;description&#8221; css=&#8221;.vc_custom_xxxxxx{padding-bottom: 20px !important;}&#8221;][vc_column_text css=&#8221;&#8221;]Wir wollten etwas Einzigartiges schaffen \u2013 mit mehr Komfort, f\u00fcr alle, und dabei unseren typischen Jim-Green-Stil bewahren. Der Baobab-Stiefel ist inspiriert [&hellip;]","og_url":"https:\/\/jimgreenfootwear.eu\/de\/store\/baobab-boot\/","og_site_name":"Jim Green","article_publisher":"https:\/\/www.facebook.com\/jimgreenfootwear\/","article_modified_time":"2026-03-03T21:43:10+00:00","og_image":[{"width":2560,"height":2560,"url":"https:\/\/jimgreenfootwear.eu\/wp-content\/uploads\/2022\/12\/6_5703-JIM-GREEN-20.10.2022-1-scaled.jpg","type":"image\/jpeg"}],"twitter_card":"summary_large_image","twitter_site":"@jimgreenfw","twitter_misc":{"Verf\u00fcgbarkeit":"ausverkauft"},"schema":{"@context":"https:\/\/schema.org","@graph":[{"@type":"WebPage","@id":"https:\/\/jimgreenfootwear.eu\/de\/store\/baobab-boot\/","url":"https:\/\/jimgreenfootwear.eu\/de\/store\/baobab-boot\/","name":"Baobab Boot - Houston Brown - Jim Green","isPartOf":{"@id":"https:\/\/jimgreenfootwear.eu\/#website"},"primaryImageOfPage":{"@id":"https:\/\/jimgreenfootwear.eu\/de\/store\/baobab-boot\/#primaryimage"},"image":{"@id":"https:\/\/jimgreenfootwear.eu\/de\/store\/baobab-boot\/#primaryimage"},"thumbnailUrl":"https:\/\/jimgreenfootwear.eu\/wp-content\/uploads\/2022\/12\/6_5703-JIM-GREEN-20.10.2022-1-scaled.jpg","datePublished":"2022-12-14T21:13:26+00:00","dateModified":"2026-03-03T21:43:10+00:00","breadcrumb":{"@id":"https:\/\/jimgreenfootwear.eu\/de\/store\/baobab-boot\/#breadcrumb"},"inLanguage":"de","potentialAction":[{"@type":"ReadAction","target":["https:\/\/jimgreenfootwear.eu\/de\/store\/baobab-boot\/"]}]},{"@type":"ImageObject","inLanguage":"de","@id":"https:\/\/jimgreenfootwear.eu\/de\/store\/baobab-boot\/#primaryimage","url":"https:\/\/jimgreenfootwear.eu\/wp-content\/uploads\/2022\/12\/6_5703-JIM-GREEN-20.10.2022-1-scaled.jpg","contentUrl":"https:\/\/jimgreenfootwear.eu\/wp-content\/uploads\/2022\/12\/6_5703-JIM-GREEN-20.10.2022-1-scaled.jpg","width":2560,"height":2560},{"@type":"BreadcrumbList","@id":"https:\/\/jimgreenfootwear.eu\/de\/store\/baobab-boot\/#breadcrumb","itemListElement":[{"@type":"ListItem","position":1,"name":"Home","item":"https:\/\/jimgreenfootwear.eu\/de\/"},{"@type":"ListItem","position":2,"name":"Shop","item":"https:\/\/jimgreenfootwear.eu\/de\/shop\/"},{"@type":"ListItem","position":3,"name":"Baobab Boot &#8211; Houston Brown"}]},{"@type":"WebSite","@id":"https:\/\/jimgreenfootwear.eu\/#website","url":"https:\/\/jimgreenfootwear.eu\/","name":"Jim Green","description":"Footwear EU - Quality Hiking &amp; Safety Boots","publisher":{"@id":"https:\/\/jimgreenfootwear.eu\/#organization"},"potentialAction":[{"@type":"SearchAction","target":{"@type":"EntryPoint","urlTemplate":"https:\/\/jimgreenfootwear.eu\/?s={search_term_string}"},"query-input":{"@type":"PropertyValueSpecification","valueRequired":true,"valueName":"search_term_string"}}],"inLanguage":"de"},{"@type":"Organization","@id":"https:\/\/jimgreenfootwear.eu\/#organization","name":"Jim Green Footwear","alternateName":"Jim Green","url":"https:\/\/jimgreenfootwear.eu\/","logo":{"@type":"ImageObject","inLanguage":"de","@id":"https:\/\/jimgreenfootwear.eu\/#\/schema\/logo\/image\/","url":"https:\/\/jimgreenfootwear.eu\/wp-content\/uploads\/2023\/11\/Jim-Green-4-copy@4x.png","contentUrl":"https:\/\/jimgreenfootwear.eu\/wp-content\/uploads\/2023\/11\/Jim-Green-4-copy@4x.png","width":1940,"height":1940,"caption":"Jim Green Footwear"},"image":{"@id":"https:\/\/jimgreenfootwear.eu\/#\/schema\/logo\/image\/"},"sameAs":["https:\/\/www.facebook.com\/jimgreenfootwear\/","https:\/\/x.com\/jimgreenfw","https:\/\/www.instagram.com\/jimgreenfootwear\/"]}]},"og_availability":"out of stock","product_availability":"out of stock","product_retailer_item_id":"AM30_HOC_ML","product_condition":"new"},"_links":{"self":[{"href":"https:\/\/jimgreenfootwear.eu\/de\/wp-json\/wp\/v2\/product\/51699","targetHints":{"allow":["GET"]}}],"collection":[{"href":"https:\/\/jimgreenfootwear.eu\/de\/wp-json\/wp\/v2\/product"}],"about":[{"href":"https:\/\/jimgreenfootwear.eu\/de\/wp-json\/wp\/v2\/types\/product"}],"replies":[{"embeddable":true,"href":"https:\/\/jimgreenfootwear.eu\/de\/wp-json\/wp\/v2\/comments?post=51699"}],"wp:featuredmedia":[{"embeddable":true,"href":"https:\/\/jimgreenfootwear.eu\/de\/wp-json\/wp\/v2\/media\/47235"}],"wp:attachment":[{"href":"https:\/\/jimgreenfootwear.eu\/de\/wp-json\/wp\/v2\/media?parent=51699"}],"wp:term":[{"taxonomy":"product_brand","embeddable":true,"href":"https:\/\/jimgreenfootwear.eu\/de\/wp-json\/wp\/v2\/product_brand?post=51699"},{"taxonomy":"product_cat","embeddable":true,"href":"https:\/\/jimgreenfootwear.eu\/de\/wp-json\/wp\/v2\/product_cat?post=51699"},{"taxonomy":"product_tag","embeddable":true,"href":"https:\/\/jimgreenfootwear.eu\/de\/wp-json\/wp\/v2\/product_tag?post=51699"}],"curies":[{"name":"wp","href":"https:\/\/api.w.org\/{rel}","templated":true}]}}