{"id":52079,"date":"2021-03-09T15:33:49","date_gmt":"2021-03-09T13:33:49","guid":{"rendered":"https:\/\/jimgreenfootwear.eu\/store\/stockman-fudge\/"},"modified":"2025-12-16T21:25:24","modified_gmt":"2025-12-16T19:25:24","slug":"outback-fudge","status":"publish","type":"product","link":"https:\/\/jimgreenfootwear.eu\/de\/store\/outback-fudge\/","title":{"rendered":"Outback &#8211; Fudge"},"content":{"rendered":"<div class=\"wpb-content-wrapper\"><p>[vc_row css=&#8221;.vc_custom_xxxxxx{padding-right: 15px !important;padding-bottom: 30px !important;padding-left: 15px !important;}&#8221;][vc_column width=&#8221;5\/6&#8243; css=&#8221;.vc_custom_padding_settings&#8221;][vc_column_text css=&#8221;&#8221;]<\/p>\n<h3><span style=\"font-family: nathan-serif; font-size: 24pt;\"><strong>Der Vielseitige<\/strong><\/span><\/h3>\n<p>[\/vc_column_text][\/vc_column][\/vc_row][vc_row][vc_column][vc_column_text]<\/p>\n<p>[\/vc_column_text][\/vc_column][\/vc_row][vc_row css=&#8221;.vc_custom_padding_settings{padding-right: 15px; padding-left: 15px; padding-bottom: 20px!important;}&#8221;][vc_column width=&#8221;1\/2&#8243; el_class=&#8221;description&#8221; css=&#8221;.vc_custom_xxxxxx{padding-bottom: 20px !important;}&#8221;][vc_column_text css=&#8221;&#8221;]<span style=\"font-size: 14pt; font-family: nathan-serif;\">Der ideale Alltagsstiefel f\u00fcr jede Herausforderung. Unser Stockman ist gemacht f\u00fcr alle, die viel unterwegs sind \u2013 entwickelt f\u00fcr M\u00e4nner, die eine zuverl\u00e4ssige und zugleich bequeme L\u00f6sung suchen. Ob beim fr\u00fchen Start auf dem Bauernhof, im Stadtverkehr oder beim Wochenendausflug \u2013 der Outback Chelsea ist immer dabei. Robuste Materialien und funktionales Design machen diesen Stiefel zum perfekten Begleiter im B\u00fcro und drau\u00dfen in der Natur.<\/span>[\/vc_column_text][\/vc_column][vc_column width=&#8221;1\/2&#8243; el_class=&#8221;features&#8221;][vc_column_text css=&#8221;&#8221;]<\/p>\n<ul>\n<li><span style=\"font-family: nathan-serif; font-size: 14pt;\">Ideal f\u00fcr alle, die st\u00e4ndig in Bewegung sind \u2013 besonders beliebt in der Landwirtschaft.<\/span><\/li>\n<li><span style=\"font-family: nathan-serif; font-size: 14pt;\">Hergestellt mit einer doppelten Lederschicht (2,2 mm ge\u00f6ltes Nubukleder, gef\u00fcttert mit 1,6 mm Kalbsleder).<\/span><\/li>\n<li><span style=\"font-family: nathan-serif; font-size: 14pt;\">Thermoplastische Zehenkappe und Fersenverst\u00e4rkung f\u00fcr zus\u00e4tzlichen Halt.<\/span><\/li>\n<li><span style=\"font-family: nathan-serif; font-size: 14pt;\">Ein Stahlkiel zwischen Brandsohle und Laufsohle sorgt f\u00fcr mehr Stabilit\u00e4t und Unterst\u00fctzung.<\/span><\/li>\n<li><span style=\"font-family: nathan-serif; font-size: 14pt;\">Brandsohle mit doppelt vern\u00e4htem 2,2 mm geflochtenem Nylonfaden befestigt.<\/span><\/li>\n<li><span style=\"font-family: nathan-serif; font-size: 14pt;\">Geeignet f\u00fcr breite F\u00fc\u00dfe dank gro\u00dfz\u00fcgiger Zehenbox.<\/span><\/li>\n<li><span style=\"font-family: nathan-serif; font-size: 14pt;\">Laufsohle aus echtem Gummi.<\/span><\/li>\n<li><span style=\"font-family: nathan-serif; font-size: 14pt;\">Wiederbesohlbar.<\/span><\/li>\n<li><span style=\"font-family: nathan-serif; font-size: 14pt;\"><strong><u>JG-Leisten<\/u><\/strong> \u2013 3E-Weite mit breitem Vorfu\u00df und gro\u00dfz\u00fcgiger Zehenbox, niedrigeren, flacheren Form f\u00fcr ein definierteres und stabileres Tragegef\u00fchl.<\/span><\/li>\n<li><span style=\"font-family: nathan-serif; font-size: 14pt;\"><strong><span style=\"text-decoration: underline;\">Sohle: Bradbury &#8211; <\/span><\/strong>unsere Naturkautschuk-Crepesohle f\u00fcr optimalen comfort. Echtes Gummi mit festem Auftritt f\u00fcr stabilen Halt.<\/span><\/li>\n<li><span style=\"font-family: nathan-serif; font-size: 14pt;\">Gewicht: 1,26 kg (Gr\u00f6\u00dfe 08).<\/span><\/li>\n<li><span style=\"font-size: 14pt; font-family: nathan-serif;\">Hergestellt in S\u00fcd Afrika<\/span><\/li>\n<\/ul>\n<p>[\/vc_column_text][\/vc_column][\/vc_row]<\/p>\n<\/div>","protected":false},"excerpt":{"rendered":"<p>[vc_row css=&#8221;.vc_custom_xxxxxx{padding-right: 15px !important;padding-bottom: 30px !important;padding-left: 15px !important;}&#8221;][vc_column width=&#8221;5\/6&#8243; css=&#8221;.vc_custom_padding_settings&#8221;][vc_column_text css=&#8221;&#8221;] Der Vielseitige [\/vc_column_text][\/vc_column][\/vc_row][vc_row][vc_column][vc_column_text] [\/vc_column_text][\/vc_column][\/vc_row][vc_row css=&#8221;.vc_custom_padding_settings{padding-right: 15px; padding-left: 15px; padding-bottom: 20px!important;}&#8221;][vc_column width=&#8221;1\/2&#8243; el_class=&#8221;description&#8221; css=&#8221;.vc_custom_xxxxxx{padding-bottom: 20px !important;}&#8221;][vc_column_text css=&#8221;&#8221;]Der ideale Alltagsstiefel f\u00fcr jede Herausforderung. Unser Stockman ist gemacht f\u00fcr alle, die viel unterwegs sind \u2013 entwickelt f\u00fcr M\u00e4nner, die eine zuverl\u00e4ssige und zugleich bequeme L\u00f6sung suchen. Ob [&hellip;]<\/p>\n","protected":false},"featured_media":45095,"comment_status":"open","ping_status":"closed","template":"","meta":{"_acf_changed":false},"product_brand":[],"product_cat":[285,339,286],"product_tag":[],"class_list":{"0":"post-52079","1":"product","2":"type-product","3":"status-publish","4":"has-post-thumbnail","6":"product_cat-all-de-2","7":"product_cat-slip-on-de","8":"product_cat-hiking-adventure-de-2","9":"product_shipping_class-boots","10":"tm-has-options","12":"first","13":"onbackorder","14":"taxable","15":"shipping-taxable","16":"purchasable","17":"product-type-variable"},"group_of_quantity":0,"min_quantity":0,"max_quantity":"","exclude_order_quantity_value_rules":"no","exclude_category_quantity_rules":"no","combine_variations":"no","acf":[],"yoast_head":"<!-- This site is optimized with the Yoast SEO plugin v27.3 - https:\/\/yoast.com\/product\/yoast-seo-wordpress\/ -->\n<title>Outback - Fudge - Jim Green<\/title>\n<meta name=\"robots\" content=\"index, follow, max-snippet:-1, max-image-preview:large, max-video-preview:-1\" \/>\n<link rel=\"canonical\" href=\"https:\/\/jimgreenfootwear.eu\/de\/store\/outback-fudge\/\" \/>\n<meta property=\"og:locale\" content=\"de_DE\" \/>\n<meta property=\"og:type\" content=\"article\" \/>\n<meta property=\"og:title\" content=\"Outback - Fudge - Jim Green\" \/>\n<meta property=\"og:description\" content=\"[vc_row css=&#8221;.vc_custom_xxxxxx{padding-right: 15px !important;padding-bottom: 30px !important;padding-left: 15px !important;}&#8221;][vc_column width=&#8221;5\/6&#8243; css=&#8221;.vc_custom_padding_settings&#8221;][vc_column_text css=&#8221;&#8221;] Der Vielseitige [\/vc_column_text][\/vc_column][\/vc_row][vc_row][vc_column][vc_column_text] [\/vc_column_text][\/vc_column][\/vc_row][vc_row css=&#8221;.vc_custom_padding_settings{padding-right: 15px; padding-left: 15px; padding-bottom: 20px!important;}&#8221;][vc_column width=&#8221;1\/2&#8243; el_class=&#8221;description&#8221; css=&#8221;.vc_custom_xxxxxx{padding-bottom: 20px !important;}&#8221;][vc_column_text css=&#8221;&#8221;]Der ideale Alltagsstiefel f\u00fcr jede Herausforderung. Unser Stockman ist gemacht f\u00fcr alle, die viel unterwegs sind \u2013 entwickelt f\u00fcr M\u00e4nner, die eine zuverl\u00e4ssige und zugleich bequeme L\u00f6sung suchen. Ob [&hellip;]\" \/>\n<meta property=\"og:url\" content=\"https:\/\/jimgreenfootwear.eu\/de\/store\/outback-fudge\/\" \/>\n<meta property=\"og:site_name\" content=\"Jim Green\" \/>\n<meta property=\"article:publisher\" content=\"https:\/\/www.facebook.com\/jimgreenfootwear\/\" \/>\n<meta property=\"article:modified_time\" content=\"2025-12-16T19:25:24+00:00\" \/>\n<meta property=\"og:image\" content=\"https:\/\/jimgreenfootwear.eu\/wp-content\/uploads\/2021\/03\/OUTBACK-FUDGE-CRAZY-HORSE_8.jpg\" \/>\n\t<meta property=\"og:image:width\" content=\"1575\" \/>\n\t<meta property=\"og:image:height\" content=\"1575\" \/>\n\t<meta property=\"og:image:type\" content=\"image\/jpeg\" \/>\n<meta name=\"twitter:card\" content=\"summary_large_image\" \/>\n<meta name=\"twitter:site\" content=\"@jimgreenfw\" \/>\n<meta name=\"twitter:label1\" content=\"Verf\u00fcgbarkeit\" \/>\n\t<meta name=\"twitter:data1\" content=\"bei Nachbestellung\" \/>\n<script type=\"application\/ld+json\" class=\"yoast-schema-graph\">{\"@context\":\"https:\\\/\\\/schema.org\",\"@graph\":[{\"@type\":\"WebPage\",\"@id\":\"https:\\\/\\\/jimgreenfootwear.eu\\\/de\\\/store\\\/outback-fudge\\\/\",\"url\":\"https:\\\/\\\/jimgreenfootwear.eu\\\/de\\\/store\\\/outback-fudge\\\/\",\"name\":\"Outback - Fudge - Jim Green\",\"isPartOf\":{\"@id\":\"https:\\\/\\\/jimgreenfootwear.eu\\\/#website\"},\"primaryImageOfPage\":{\"@id\":\"https:\\\/\\\/jimgreenfootwear.eu\\\/de\\\/store\\\/outback-fudge\\\/#primaryimage\"},\"image\":{\"@id\":\"https:\\\/\\\/jimgreenfootwear.eu\\\/de\\\/store\\\/outback-fudge\\\/#primaryimage\"},\"thumbnailUrl\":\"https:\\\/\\\/jimgreenfootwear.eu\\\/wp-content\\\/uploads\\\/2021\\\/03\\\/OUTBACK-FUDGE-CRAZY-HORSE_8.jpg\",\"datePublished\":\"2021-03-09T13:33:49+00:00\",\"dateModified\":\"2025-12-16T19:25:24+00:00\",\"breadcrumb\":{\"@id\":\"https:\\\/\\\/jimgreenfootwear.eu\\\/de\\\/store\\\/outback-fudge\\\/#breadcrumb\"},\"inLanguage\":\"de\",\"potentialAction\":[{\"@type\":\"ReadAction\",\"target\":[\"https:\\\/\\\/jimgreenfootwear.eu\\\/de\\\/store\\\/outback-fudge\\\/\"]}]},{\"@type\":\"ImageObject\",\"inLanguage\":\"de\",\"@id\":\"https:\\\/\\\/jimgreenfootwear.eu\\\/de\\\/store\\\/outback-fudge\\\/#primaryimage\",\"url\":\"https:\\\/\\\/jimgreenfootwear.eu\\\/wp-content\\\/uploads\\\/2021\\\/03\\\/OUTBACK-FUDGE-CRAZY-HORSE_8.jpg\",\"contentUrl\":\"https:\\\/\\\/jimgreenfootwear.eu\\\/wp-content\\\/uploads\\\/2021\\\/03\\\/OUTBACK-FUDGE-CRAZY-HORSE_8.jpg\",\"width\":1575,\"height\":1575},{\"@type\":\"BreadcrumbList\",\"@id\":\"https:\\\/\\\/jimgreenfootwear.eu\\\/de\\\/store\\\/outback-fudge\\\/#breadcrumb\",\"itemListElement\":[{\"@type\":\"ListItem\",\"position\":1,\"name\":\"Home\",\"item\":\"https:\\\/\\\/jimgreenfootwear.eu\\\/de\\\/\"},{\"@type\":\"ListItem\",\"position\":2,\"name\":\"Shop\",\"item\":\"https:\\\/\\\/jimgreenfootwear.eu\\\/de\\\/shop\\\/\"},{\"@type\":\"ListItem\",\"position\":3,\"name\":\"Outback &#8211; Fudge\"}]},{\"@type\":\"WebSite\",\"@id\":\"https:\\\/\\\/jimgreenfootwear.eu\\\/#website\",\"url\":\"https:\\\/\\\/jimgreenfootwear.eu\\\/\",\"name\":\"Jim Green\",\"description\":\"Footwear EU - Quality Hiking &amp; Safety Boots\",\"publisher\":{\"@id\":\"https:\\\/\\\/jimgreenfootwear.eu\\\/#organization\"},\"potentialAction\":[{\"@type\":\"SearchAction\",\"target\":{\"@type\":\"EntryPoint\",\"urlTemplate\":\"https:\\\/\\\/jimgreenfootwear.eu\\\/?s={search_term_string}\"},\"query-input\":{\"@type\":\"PropertyValueSpecification\",\"valueRequired\":true,\"valueName\":\"search_term_string\"}}],\"inLanguage\":\"de\"},{\"@type\":\"Organization\",\"@id\":\"https:\\\/\\\/jimgreenfootwear.eu\\\/#organization\",\"name\":\"Jim Green Footwear\",\"alternateName\":\"Jim Green\",\"url\":\"https:\\\/\\\/jimgreenfootwear.eu\\\/\",\"logo\":{\"@type\":\"ImageObject\",\"inLanguage\":\"de\",\"@id\":\"https:\\\/\\\/jimgreenfootwear.eu\\\/#\\\/schema\\\/logo\\\/image\\\/\",\"url\":\"https:\\\/\\\/jimgreenfootwear.eu\\\/wp-content\\\/uploads\\\/2023\\\/11\\\/Jim-Green-4-copy@4x.png\",\"contentUrl\":\"https:\\\/\\\/jimgreenfootwear.eu\\\/wp-content\\\/uploads\\\/2023\\\/11\\\/Jim-Green-4-copy@4x.png\",\"width\":1940,\"height\":1940,\"caption\":\"Jim Green Footwear\"},\"image\":{\"@id\":\"https:\\\/\\\/jimgreenfootwear.eu\\\/#\\\/schema\\\/logo\\\/image\\\/\"},\"sameAs\":[\"https:\\\/\\\/www.facebook.com\\\/jimgreenfootwear\\\/\",\"https:\\\/\\\/x.com\\\/jimgreenfw\",\"https:\\\/\\\/www.instagram.com\\\/jimgreenfootwear\\\/\"]}]}<\/script>\n<meta property=\"og:availability\" content=\"backorder\" \/>\n<meta property=\"product:availability\" content=\"available for order\" \/>\n<meta property=\"product:retailer_item_id\" content=\"OB_CAE_BR\" \/>\n<meta property=\"product:condition\" content=\"new\" \/>\n<!-- \/ Yoast SEO plugin. -->","yoast_head_json":{"title":"Outback - Fudge - Jim Green","robots":{"index":"index","follow":"follow","max-snippet":"max-snippet:-1","max-image-preview":"max-image-preview:large","max-video-preview":"max-video-preview:-1"},"canonical":"https:\/\/jimgreenfootwear.eu\/de\/store\/outback-fudge\/","og_locale":"de_DE","og_type":"article","og_title":"Outback - Fudge - Jim Green","og_description":"[vc_row css=&#8221;.vc_custom_xxxxxx{padding-right: 15px !important;padding-bottom: 30px !important;padding-left: 15px !important;}&#8221;][vc_column width=&#8221;5\/6&#8243; css=&#8221;.vc_custom_padding_settings&#8221;][vc_column_text css=&#8221;&#8221;] Der Vielseitige [\/vc_column_text][\/vc_column][\/vc_row][vc_row][vc_column][vc_column_text] [\/vc_column_text][\/vc_column][\/vc_row][vc_row css=&#8221;.vc_custom_padding_settings{padding-right: 15px; padding-left: 15px; padding-bottom: 20px!important;}&#8221;][vc_column width=&#8221;1\/2&#8243; el_class=&#8221;description&#8221; css=&#8221;.vc_custom_xxxxxx{padding-bottom: 20px !important;}&#8221;][vc_column_text css=&#8221;&#8221;]Der ideale Alltagsstiefel f\u00fcr jede Herausforderung. Unser Stockman ist gemacht f\u00fcr alle, die viel unterwegs sind \u2013 entwickelt f\u00fcr M\u00e4nner, die eine zuverl\u00e4ssige und zugleich bequeme L\u00f6sung suchen. Ob [&hellip;]","og_url":"https:\/\/jimgreenfootwear.eu\/de\/store\/outback-fudge\/","og_site_name":"Jim Green","article_publisher":"https:\/\/www.facebook.com\/jimgreenfootwear\/","article_modified_time":"2025-12-16T19:25:24+00:00","og_image":[{"width":1575,"height":1575,"url":"https:\/\/jimgreenfootwear.eu\/wp-content\/uploads\/2021\/03\/OUTBACK-FUDGE-CRAZY-HORSE_8.jpg","type":"image\/jpeg"}],"twitter_card":"summary_large_image","twitter_site":"@jimgreenfw","twitter_misc":{"Verf\u00fcgbarkeit":"bei Nachbestellung"},"schema":{"@context":"https:\/\/schema.org","@graph":[{"@type":"WebPage","@id":"https:\/\/jimgreenfootwear.eu\/de\/store\/outback-fudge\/","url":"https:\/\/jimgreenfootwear.eu\/de\/store\/outback-fudge\/","name":"Outback - Fudge - Jim Green","isPartOf":{"@id":"https:\/\/jimgreenfootwear.eu\/#website"},"primaryImageOfPage":{"@id":"https:\/\/jimgreenfootwear.eu\/de\/store\/outback-fudge\/#primaryimage"},"image":{"@id":"https:\/\/jimgreenfootwear.eu\/de\/store\/outback-fudge\/#primaryimage"},"thumbnailUrl":"https:\/\/jimgreenfootwear.eu\/wp-content\/uploads\/2021\/03\/OUTBACK-FUDGE-CRAZY-HORSE_8.jpg","datePublished":"2021-03-09T13:33:49+00:00","dateModified":"2025-12-16T19:25:24+00:00","breadcrumb":{"@id":"https:\/\/jimgreenfootwear.eu\/de\/store\/outback-fudge\/#breadcrumb"},"inLanguage":"de","potentialAction":[{"@type":"ReadAction","target":["https:\/\/jimgreenfootwear.eu\/de\/store\/outback-fudge\/"]}]},{"@type":"ImageObject","inLanguage":"de","@id":"https:\/\/jimgreenfootwear.eu\/de\/store\/outback-fudge\/#primaryimage","url":"https:\/\/jimgreenfootwear.eu\/wp-content\/uploads\/2021\/03\/OUTBACK-FUDGE-CRAZY-HORSE_8.jpg","contentUrl":"https:\/\/jimgreenfootwear.eu\/wp-content\/uploads\/2021\/03\/OUTBACK-FUDGE-CRAZY-HORSE_8.jpg","width":1575,"height":1575},{"@type":"BreadcrumbList","@id":"https:\/\/jimgreenfootwear.eu\/de\/store\/outback-fudge\/#breadcrumb","itemListElement":[{"@type":"ListItem","position":1,"name":"Home","item":"https:\/\/jimgreenfootwear.eu\/de\/"},{"@type":"ListItem","position":2,"name":"Shop","item":"https:\/\/jimgreenfootwear.eu\/de\/shop\/"},{"@type":"ListItem","position":3,"name":"Outback &#8211; Fudge"}]},{"@type":"WebSite","@id":"https:\/\/jimgreenfootwear.eu\/#website","url":"https:\/\/jimgreenfootwear.eu\/","name":"Jim Green","description":"Footwear EU - Quality Hiking &amp; Safety Boots","publisher":{"@id":"https:\/\/jimgreenfootwear.eu\/#organization"},"potentialAction":[{"@type":"SearchAction","target":{"@type":"EntryPoint","urlTemplate":"https:\/\/jimgreenfootwear.eu\/?s={search_term_string}"},"query-input":{"@type":"PropertyValueSpecification","valueRequired":true,"valueName":"search_term_string"}}],"inLanguage":"de"},{"@type":"Organization","@id":"https:\/\/jimgreenfootwear.eu\/#organization","name":"Jim Green Footwear","alternateName":"Jim Green","url":"https:\/\/jimgreenfootwear.eu\/","logo":{"@type":"ImageObject","inLanguage":"de","@id":"https:\/\/jimgreenfootwear.eu\/#\/schema\/logo\/image\/","url":"https:\/\/jimgreenfootwear.eu\/wp-content\/uploads\/2023\/11\/Jim-Green-4-copy@4x.png","contentUrl":"https:\/\/jimgreenfootwear.eu\/wp-content\/uploads\/2023\/11\/Jim-Green-4-copy@4x.png","width":1940,"height":1940,"caption":"Jim Green Footwear"},"image":{"@id":"https:\/\/jimgreenfootwear.eu\/#\/schema\/logo\/image\/"},"sameAs":["https:\/\/www.facebook.com\/jimgreenfootwear\/","https:\/\/x.com\/jimgreenfw","https:\/\/www.instagram.com\/jimgreenfootwear\/"]}]},"og_availability":"backorder","product_availability":"available for order","product_retailer_item_id":"OB_CAE_BR","product_condition":"new"},"_links":{"self":[{"href":"https:\/\/jimgreenfootwear.eu\/de\/wp-json\/wp\/v2\/product\/52079","targetHints":{"allow":["GET"]}}],"collection":[{"href":"https:\/\/jimgreenfootwear.eu\/de\/wp-json\/wp\/v2\/product"}],"about":[{"href":"https:\/\/jimgreenfootwear.eu\/de\/wp-json\/wp\/v2\/types\/product"}],"replies":[{"embeddable":true,"href":"https:\/\/jimgreenfootwear.eu\/de\/wp-json\/wp\/v2\/comments?post=52079"}],"wp:featuredmedia":[{"embeddable":true,"href":"https:\/\/jimgreenfootwear.eu\/de\/wp-json\/wp\/v2\/media\/45095"}],"wp:attachment":[{"href":"https:\/\/jimgreenfootwear.eu\/de\/wp-json\/wp\/v2\/media?parent=52079"}],"wp:term":[{"taxonomy":"product_brand","embeddable":true,"href":"https:\/\/jimgreenfootwear.eu\/de\/wp-json\/wp\/v2\/product_brand?post=52079"},{"taxonomy":"product_cat","embeddable":true,"href":"https:\/\/jimgreenfootwear.eu\/de\/wp-json\/wp\/v2\/product_cat?post=52079"},{"taxonomy":"product_tag","embeddable":true,"href":"https:\/\/jimgreenfootwear.eu\/de\/wp-json\/wp\/v2\/product_tag?post=52079"}],"curies":[{"name":"wp","href":"https:\/\/api.w.org\/{rel}","templated":true}]}}