{"id":53566,"date":"2025-05-26T22:34:53","date_gmt":"2025-05-26T20:34:53","guid":{"rendered":"https:\/\/jimgreenfootwear.eu\/?post_type=product&#038;p=53566"},"modified":"2026-04-07T17:15:21","modified_gmt":"2026-04-07T15:15:21","slug":"barefoot-shoellie-fudge","status":"publish","type":"product","link":"https:\/\/jimgreenfootwear.eu\/de\/store\/barefoot-shoellie-fudge\/","title":{"rendered":"Barefoot Shoellie &#8211; Fudge"},"content":{"rendered":"<div class=\"wpb-content-wrapper\"><p>[vc_row css=&#8221;.vc_custom_xxxxxx{padding-right: 15px !important;padding-bottom: 30px !important;padding-left: 15px !important;}&#8221;][vc_column width=&#8221;5\/6&#8243; css=&#8221;.vc_custom_padding_settings&#8221;][vc_column_text css=&#8221;&#8221;]<\/p>\n<h3 data-end=\"240\" data-start=\"171\"><strong><span style=\"font-family: nathan-serif; font-size: 24pt;\">Nat\u00fcrlich gehen \u2013 mit dem neuen Barefoot Shoellie Boot<\/span><\/strong><\/h3>\n<p>[\/vc_column_text][\/vc_column][\/vc_row][vc_row][vc_column][vc_column_text]<\/p>\n<p>[\/vc_column_text][\/vc_column][\/vc_row][vc_row css=&#8221;.vc_custom_padding_settings{padding-right: 15px; padding-left: 15px; padding-bottom: 20px!important;}&#8221;][vc_column width=&#8221;1\/2&#8243; el_class=&#8221;description&#8221; css=&#8221;.vc_custom_xxxxxx{padding-bottom: 20px !important;}&#8221;][vc_column_text css=&#8221;&#8221;]<\/p>\n<h4 data-end=\"349\" data-start=\"283\"><span style=\"font-size: 14pt; font-family: nathan-serif;\">Nat\u00fcrliches Laufgef\u00fchl, maximale Flexibilit\u00e4t &amp; Zehenfreiheit<\/span><\/h4>\n<p data-end=\"808\" data-start=\"351\"><span style=\"font-size: 14pt; font-family: nathan-serif;\">Der Barefoot Shoellie steht f\u00fcr alles, was nat\u00fcrliches und bequemes Gehen ausmacht. Er vermittelt das Gef\u00fchl, barfu\u00df \u00fcber ebenen Boden zu laufen \u2013 mit viel Platz im Zehenbereich, damit sich deine Zehen frei entfalten k\u00f6nnen, ohne an den Seiten eingeengt zu werden. Dieser Schuh ist wie der beste Freund deiner F\u00fc\u00dfe: extrem flexibel, biegsam und beweglich \u2013 genau wie dein Fu\u00df. Die d\u00fcnne Sohle sorgt f\u00fcr direkten Bodenkontakt und ein echtes Barfu\u00dfgef\u00fchl.<\/span><\/p>\n<p data-end=\"1086\" data-start=\"810\"><span style=\"font-size: 14pt; font-family: nathan-serif;\">Barfu\u00dflaufen bedeutet: Keine k\u00fcnstliche Unterst\u00fctzung, keine Sprungfedern, kein Schnickschnack \u2013 nur dein Fu\u00df, der sich ganz nat\u00fcrlich bewegen darf. Wenn du auf der Suche nach einem bequemen, flexiblen und fu\u00dffreundlichen Barfu\u00dfschuh bist, ist der Shoellie genau das Richtige.<\/span><\/p>\n<p>[\/vc_column_text][\/vc_column][vc_column width=&#8221;1\/2&#8243; el_class=&#8221;features&#8221;][vc_column_text css=&#8221;&#8221;]<\/p>\n<ul>\n<li style=\"font-weight: bold;\"><span style=\"font-family: nathan-serif; font-size: 14pt;\">Fokus auf drei Dinge: Komfort \u2013 Langlebigkeit \u2013 Erschwinglichkeit<\/span><\/li>\n<li data-end=\"1295\" data-start=\"1162\"><span style=\"font-family: nathan-serif; font-size: 14pt;\">Anvil-Sohle: Entwickelt, um das Gef\u00fchl des Barfu\u00dfgehens auf jedem Untergrund nachzuempfinden \u2013 mit zus\u00e4tzlichem Grip und Schutz<\/span><\/li>\n<li data-end=\"1380\" data-start=\"1298\"><span style=\"font-family: nathan-serif; font-size: 14pt;\">Doppellagiges 2,2 mm Nubukleder f\u00fcr hohe Strapazierf\u00e4higkeit<\/span><\/li>\n<li data-end=\"1447\" data-start=\"1383\"><span style=\"font-family: nathan-serif; font-size: 14pt;\">Verst\u00e4rkter Fersenbereich f\u00fcr Stabilit\u00e4t und Kn\u00f6chelschutz<\/span><\/li>\n<li data-end=\"1529\" data-start=\"1450\"><span style=\"font-family: nathan-serif; font-size: 14pt;\">Ohne versteifende Stahlverst\u00e4rkung (Steel Shank) \u2013 f\u00fcr ein nat\u00fcrliches Abrollverhalten<\/span><\/li>\n<li data-end=\"1605\" data-start=\"1532\"><span style=\"font-family: nathan-serif; font-size: 14pt;\">Lederzwischensohle \u2013 f\u00fcr mehr Flexibilit\u00e4t, Komfort und Bodengef\u00fchl<\/span><\/li>\n<li data-end=\"1697\" data-start=\"1608\"><span style=\"font-family: nathan-serif; font-size: 14pt;\">Doppelt vern\u00e4ht mit 2,2 mm geflochtenem Nylongarn \u2013 besonders haltbare Konstruktion<\/span><\/li>\n<li data-end=\"1756\" data-start=\"1700\"><span style=\"font-family: nathan-serif; font-size: 14pt;\">Wiederbesohlbar dank doppelter Stitch-Down-Machart<\/span><\/li>\n<li data-end=\"1831\" data-start=\"1759\"><span style=\"font-family: nathan-serif; font-size: 14pt;\">Integrierte Lederhalbsohle \u2013 keine separate Einlegesohle enthalten<\/span><\/li>\n<li data-end=\"1937\" data-start=\"1834\"><span style=\"font-family: nathan-serif; font-size: 14pt;\">Zero Drop-Leistenform (3E) \u2013 breiter Schnitt &amp; gro\u00dfz\u00fcgige Zehenbox f\u00fcr eine nat\u00fcrliche Fu\u00dfhaltung<\/span><\/li>\n<li data-end=\"1985\" data-start=\"1940\"><span style=\"font-family: nathan-serif; font-size: 14pt;\">Gewicht: ca. 850 g (Gr\u00f6\u00dfe 08)<\/span><\/li>\n<li data-end=\"2016\" data-start=\"1988\"><span style=\"font-family: nathan-serif; font-size: 14pt;\">Schn\u00fcrsenkel: ca. 100 cm<\/span><\/li>\n<li data-end=\"2016\" data-start=\"1988\"><span style=\"font-family: nathan-serif; font-size: 14pt;\">Hergestellt in S\u00fcd Afrika<\/span><\/li>\n<\/ul>\n<p>[\/vc_column_text][\/vc_column][\/vc_row]<\/p>\n<\/div>","protected":false},"excerpt":{"rendered":"<p>[vc_row css=&#8221;.vc_custom_xxxxxx{padding-right: 15px !important;padding-bottom: 30px !important;padding-left: 15px !important;}&#8221;][vc_column width=&#8221;5\/6&#8243; css=&#8221;.vc_custom_padding_settings&#8221;][vc_column_text css=&#8221;&#8221;] Nat\u00fcrlich gehen \u2013 mit dem neuen Barefoot Shoellie Boot [\/vc_column_text][\/vc_column][\/vc_row][vc_row][vc_column][vc_column_text] [\/vc_column_text][\/vc_column][\/vc_row][vc_row css=&#8221;.vc_custom_padding_settings{padding-right: 15px; padding-left: 15px; padding-bottom: 20px!important;}&#8221;][vc_column width=&#8221;1\/2&#8243; el_class=&#8221;description&#8221; css=&#8221;.vc_custom_xxxxxx{padding-bottom: 20px !important;}&#8221;][vc_column_text css=&#8221;&#8221;] Nat\u00fcrliches Laufgef\u00fchl, maximale Flexibilit\u00e4t &amp; Zehenfreiheit Der Barefoot Shoellie steht f\u00fcr alles, was nat\u00fcrliches und bequemes Gehen ausmacht. Er vermittelt das [&hellip;]<\/p>\n","protected":false},"featured_media":53084,"comment_status":"open","ping_status":"closed","template":"","meta":{"_acf_changed":false},"product_brand":[],"product_cat":[285,316,345],"product_tag":[],"class_list":{"0":"post-53566","1":"product","2":"type-product","3":"status-publish","4":"has-post-thumbnail","6":"product_cat-all-de-2","7":"product_cat-barefoot-boots-de","8":"product_cat-velliesnshoes-de","9":"product_shipping_class-boots","10":"tm-has-options","12":"first","13":"outofstock","14":"taxable","15":"shipping-taxable","16":"purchasable","17":"product-type-variable"},"group_of_quantity":0,"min_quantity":0,"max_quantity":"","exclude_order_quantity_value_rules":"no","exclude_category_quantity_rules":"no","combine_variations":"no","acf":[],"yoast_head":"<!-- This site is optimized with the Yoast SEO plugin v27.3 - https:\/\/yoast.com\/product\/yoast-seo-wordpress\/ -->\n<title>Barefoot Shoellie - Fudge - Jim Green<\/title>\n<meta name=\"robots\" content=\"index, follow, max-snippet:-1, max-image-preview:large, max-video-preview:-1\" \/>\n<link rel=\"canonical\" href=\"https:\/\/jimgreenfootwear.eu\/de\/store\/barefoot-shoellie-fudge\/\" \/>\n<meta property=\"og:locale\" content=\"de_DE\" \/>\n<meta property=\"og:type\" content=\"article\" \/>\n<meta property=\"og:title\" content=\"Barefoot Shoellie - Fudge - Jim Green\" \/>\n<meta property=\"og:description\" content=\"[vc_row css=&#8221;.vc_custom_xxxxxx{padding-right: 15px !important;padding-bottom: 30px !important;padding-left: 15px !important;}&#8221;][vc_column width=&#8221;5\/6&#8243; css=&#8221;.vc_custom_padding_settings&#8221;][vc_column_text css=&#8221;&#8221;] Nat\u00fcrlich gehen \u2013 mit dem neuen Barefoot Shoellie Boot [\/vc_column_text][\/vc_column][\/vc_row][vc_row][vc_column][vc_column_text] [\/vc_column_text][\/vc_column][\/vc_row][vc_row css=&#8221;.vc_custom_padding_settings{padding-right: 15px; padding-left: 15px; padding-bottom: 20px!important;}&#8221;][vc_column width=&#8221;1\/2&#8243; el_class=&#8221;description&#8221; css=&#8221;.vc_custom_xxxxxx{padding-bottom: 20px !important;}&#8221;][vc_column_text css=&#8221;&#8221;] Nat\u00fcrliches Laufgef\u00fchl, maximale Flexibilit\u00e4t &amp; Zehenfreiheit Der Barefoot Shoellie steht f\u00fcr alles, was nat\u00fcrliches und bequemes Gehen ausmacht. Er vermittelt das [&hellip;]\" \/>\n<meta property=\"og:url\" content=\"https:\/\/jimgreenfootwear.eu\/de\/store\/barefoot-shoellie-fudge\/\" \/>\n<meta property=\"og:site_name\" content=\"Jim Green\" \/>\n<meta property=\"article:publisher\" content=\"https:\/\/www.facebook.com\/jimgreenfootwear\/\" \/>\n<meta property=\"article:modified_time\" content=\"2026-04-07T15:15:21+00:00\" \/>\n<meta property=\"og:image\" content=\"https:\/\/jimgreenfootwear.eu\/wp-content\/uploads\/2025\/05\/AM01Z_CAE_01_65-scaled-1.jpg\" \/>\n\t<meta property=\"og:image:width\" content=\"2560\" \/>\n\t<meta property=\"og:image:height\" content=\"2560\" \/>\n\t<meta property=\"og:image:type\" content=\"image\/jpeg\" \/>\n<meta name=\"twitter:card\" content=\"summary_large_image\" \/>\n<meta name=\"twitter:site\" content=\"@jimgreenfw\" \/>\n<meta name=\"twitter:label1\" content=\"Verf\u00fcgbarkeit\" \/>\n\t<meta name=\"twitter:data1\" content=\"ausverkauft\" \/>\n<script type=\"application\/ld+json\" class=\"yoast-schema-graph\">{\"@context\":\"https:\\\/\\\/schema.org\",\"@graph\":[{\"@type\":\"WebPage\",\"@id\":\"https:\\\/\\\/jimgreenfootwear.eu\\\/de\\\/store\\\/barefoot-shoellie-fudge\\\/\",\"url\":\"https:\\\/\\\/jimgreenfootwear.eu\\\/de\\\/store\\\/barefoot-shoellie-fudge\\\/\",\"name\":\"Barefoot Shoellie - Fudge - Jim Green\",\"isPartOf\":{\"@id\":\"https:\\\/\\\/jimgreenfootwear.eu\\\/#website\"},\"primaryImageOfPage\":{\"@id\":\"https:\\\/\\\/jimgreenfootwear.eu\\\/de\\\/store\\\/barefoot-shoellie-fudge\\\/#primaryimage\"},\"image\":{\"@id\":\"https:\\\/\\\/jimgreenfootwear.eu\\\/de\\\/store\\\/barefoot-shoellie-fudge\\\/#primaryimage\"},\"thumbnailUrl\":\"https:\\\/\\\/jimgreenfootwear.eu\\\/wp-content\\\/uploads\\\/2025\\\/05\\\/AM01Z_CAE_01_65-scaled-1.jpg\",\"datePublished\":\"2025-05-26T20:34:53+00:00\",\"dateModified\":\"2026-04-07T15:15:21+00:00\",\"breadcrumb\":{\"@id\":\"https:\\\/\\\/jimgreenfootwear.eu\\\/de\\\/store\\\/barefoot-shoellie-fudge\\\/#breadcrumb\"},\"inLanguage\":\"de\",\"potentialAction\":[{\"@type\":\"ReadAction\",\"target\":[\"https:\\\/\\\/jimgreenfootwear.eu\\\/de\\\/store\\\/barefoot-shoellie-fudge\\\/\"]}]},{\"@type\":\"ImageObject\",\"inLanguage\":\"de\",\"@id\":\"https:\\\/\\\/jimgreenfootwear.eu\\\/de\\\/store\\\/barefoot-shoellie-fudge\\\/#primaryimage\",\"url\":\"https:\\\/\\\/jimgreenfootwear.eu\\\/wp-content\\\/uploads\\\/2025\\\/05\\\/AM01Z_CAE_01_65-scaled-1.jpg\",\"contentUrl\":\"https:\\\/\\\/jimgreenfootwear.eu\\\/wp-content\\\/uploads\\\/2025\\\/05\\\/AM01Z_CAE_01_65-scaled-1.jpg\",\"width\":2560,\"height\":2560},{\"@type\":\"BreadcrumbList\",\"@id\":\"https:\\\/\\\/jimgreenfootwear.eu\\\/de\\\/store\\\/barefoot-shoellie-fudge\\\/#breadcrumb\",\"itemListElement\":[{\"@type\":\"ListItem\",\"position\":1,\"name\":\"Home\",\"item\":\"https:\\\/\\\/jimgreenfootwear.eu\\\/de\\\/\"},{\"@type\":\"ListItem\",\"position\":2,\"name\":\"Shop\",\"item\":\"https:\\\/\\\/jimgreenfootwear.eu\\\/de\\\/shop\\\/\"},{\"@type\":\"ListItem\",\"position\":3,\"name\":\"Barefoot Shoellie &#8211; Fudge\"}]},{\"@type\":\"WebSite\",\"@id\":\"https:\\\/\\\/jimgreenfootwear.eu\\\/#website\",\"url\":\"https:\\\/\\\/jimgreenfootwear.eu\\\/\",\"name\":\"Jim Green\",\"description\":\"Footwear EU - Quality Hiking &amp; Safety Boots\",\"publisher\":{\"@id\":\"https:\\\/\\\/jimgreenfootwear.eu\\\/#organization\"},\"potentialAction\":[{\"@type\":\"SearchAction\",\"target\":{\"@type\":\"EntryPoint\",\"urlTemplate\":\"https:\\\/\\\/jimgreenfootwear.eu\\\/?s={search_term_string}\"},\"query-input\":{\"@type\":\"PropertyValueSpecification\",\"valueRequired\":true,\"valueName\":\"search_term_string\"}}],\"inLanguage\":\"de\"},{\"@type\":\"Organization\",\"@id\":\"https:\\\/\\\/jimgreenfootwear.eu\\\/#organization\",\"name\":\"Jim Green Footwear\",\"alternateName\":\"Jim Green\",\"url\":\"https:\\\/\\\/jimgreenfootwear.eu\\\/\",\"logo\":{\"@type\":\"ImageObject\",\"inLanguage\":\"de\",\"@id\":\"https:\\\/\\\/jimgreenfootwear.eu\\\/#\\\/schema\\\/logo\\\/image\\\/\",\"url\":\"https:\\\/\\\/jimgreenfootwear.eu\\\/wp-content\\\/uploads\\\/2023\\\/11\\\/Jim-Green-4-copy@4x.png\",\"contentUrl\":\"https:\\\/\\\/jimgreenfootwear.eu\\\/wp-content\\\/uploads\\\/2023\\\/11\\\/Jim-Green-4-copy@4x.png\",\"width\":1940,\"height\":1940,\"caption\":\"Jim Green Footwear\"},\"image\":{\"@id\":\"https:\\\/\\\/jimgreenfootwear.eu\\\/#\\\/schema\\\/logo\\\/image\\\/\"},\"sameAs\":[\"https:\\\/\\\/www.facebook.com\\\/jimgreenfootwear\\\/\",\"https:\\\/\\\/x.com\\\/jimgreenfw\",\"https:\\\/\\\/www.instagram.com\\\/jimgreenfootwear\\\/\"]}]}<\/script>\n<meta property=\"og:availability\" content=\"out of stock\" \/>\n<meta property=\"product:availability\" content=\"out of stock\" \/>\n<meta property=\"product:retailer_item_id\" content=\"AM01Z_CAE_OR\" \/>\n<meta property=\"product:condition\" content=\"new\" \/>\n<!-- \/ Yoast SEO plugin. -->","yoast_head_json":{"title":"Barefoot Shoellie - Fudge - Jim Green","robots":{"index":"index","follow":"follow","max-snippet":"max-snippet:-1","max-image-preview":"max-image-preview:large","max-video-preview":"max-video-preview:-1"},"canonical":"https:\/\/jimgreenfootwear.eu\/de\/store\/barefoot-shoellie-fudge\/","og_locale":"de_DE","og_type":"article","og_title":"Barefoot Shoellie - Fudge - Jim Green","og_description":"[vc_row css=&#8221;.vc_custom_xxxxxx{padding-right: 15px !important;padding-bottom: 30px !important;padding-left: 15px !important;}&#8221;][vc_column width=&#8221;5\/6&#8243; css=&#8221;.vc_custom_padding_settings&#8221;][vc_column_text css=&#8221;&#8221;] Nat\u00fcrlich gehen \u2013 mit dem neuen Barefoot Shoellie Boot [\/vc_column_text][\/vc_column][\/vc_row][vc_row][vc_column][vc_column_text] [\/vc_column_text][\/vc_column][\/vc_row][vc_row css=&#8221;.vc_custom_padding_settings{padding-right: 15px; padding-left: 15px; padding-bottom: 20px!important;}&#8221;][vc_column width=&#8221;1\/2&#8243; el_class=&#8221;description&#8221; css=&#8221;.vc_custom_xxxxxx{padding-bottom: 20px !important;}&#8221;][vc_column_text css=&#8221;&#8221;] Nat\u00fcrliches Laufgef\u00fchl, maximale Flexibilit\u00e4t &amp; Zehenfreiheit Der Barefoot Shoellie steht f\u00fcr alles, was nat\u00fcrliches und bequemes Gehen ausmacht. Er vermittelt das [&hellip;]","og_url":"https:\/\/jimgreenfootwear.eu\/de\/store\/barefoot-shoellie-fudge\/","og_site_name":"Jim Green","article_publisher":"https:\/\/www.facebook.com\/jimgreenfootwear\/","article_modified_time":"2026-04-07T15:15:21+00:00","og_image":[{"width":2560,"height":2560,"url":"https:\/\/jimgreenfootwear.eu\/wp-content\/uploads\/2025\/05\/AM01Z_CAE_01_65-scaled-1.jpg","type":"image\/jpeg"}],"twitter_card":"summary_large_image","twitter_site":"@jimgreenfw","twitter_misc":{"Verf\u00fcgbarkeit":"ausverkauft"},"schema":{"@context":"https:\/\/schema.org","@graph":[{"@type":"WebPage","@id":"https:\/\/jimgreenfootwear.eu\/de\/store\/barefoot-shoellie-fudge\/","url":"https:\/\/jimgreenfootwear.eu\/de\/store\/barefoot-shoellie-fudge\/","name":"Barefoot Shoellie - Fudge - Jim Green","isPartOf":{"@id":"https:\/\/jimgreenfootwear.eu\/#website"},"primaryImageOfPage":{"@id":"https:\/\/jimgreenfootwear.eu\/de\/store\/barefoot-shoellie-fudge\/#primaryimage"},"image":{"@id":"https:\/\/jimgreenfootwear.eu\/de\/store\/barefoot-shoellie-fudge\/#primaryimage"},"thumbnailUrl":"https:\/\/jimgreenfootwear.eu\/wp-content\/uploads\/2025\/05\/AM01Z_CAE_01_65-scaled-1.jpg","datePublished":"2025-05-26T20:34:53+00:00","dateModified":"2026-04-07T15:15:21+00:00","breadcrumb":{"@id":"https:\/\/jimgreenfootwear.eu\/de\/store\/barefoot-shoellie-fudge\/#breadcrumb"},"inLanguage":"de","potentialAction":[{"@type":"ReadAction","target":["https:\/\/jimgreenfootwear.eu\/de\/store\/barefoot-shoellie-fudge\/"]}]},{"@type":"ImageObject","inLanguage":"de","@id":"https:\/\/jimgreenfootwear.eu\/de\/store\/barefoot-shoellie-fudge\/#primaryimage","url":"https:\/\/jimgreenfootwear.eu\/wp-content\/uploads\/2025\/05\/AM01Z_CAE_01_65-scaled-1.jpg","contentUrl":"https:\/\/jimgreenfootwear.eu\/wp-content\/uploads\/2025\/05\/AM01Z_CAE_01_65-scaled-1.jpg","width":2560,"height":2560},{"@type":"BreadcrumbList","@id":"https:\/\/jimgreenfootwear.eu\/de\/store\/barefoot-shoellie-fudge\/#breadcrumb","itemListElement":[{"@type":"ListItem","position":1,"name":"Home","item":"https:\/\/jimgreenfootwear.eu\/de\/"},{"@type":"ListItem","position":2,"name":"Shop","item":"https:\/\/jimgreenfootwear.eu\/de\/shop\/"},{"@type":"ListItem","position":3,"name":"Barefoot Shoellie &#8211; Fudge"}]},{"@type":"WebSite","@id":"https:\/\/jimgreenfootwear.eu\/#website","url":"https:\/\/jimgreenfootwear.eu\/","name":"Jim Green","description":"Footwear EU - Quality Hiking &amp; Safety Boots","publisher":{"@id":"https:\/\/jimgreenfootwear.eu\/#organization"},"potentialAction":[{"@type":"SearchAction","target":{"@type":"EntryPoint","urlTemplate":"https:\/\/jimgreenfootwear.eu\/?s={search_term_string}"},"query-input":{"@type":"PropertyValueSpecification","valueRequired":true,"valueName":"search_term_string"}}],"inLanguage":"de"},{"@type":"Organization","@id":"https:\/\/jimgreenfootwear.eu\/#organization","name":"Jim Green Footwear","alternateName":"Jim Green","url":"https:\/\/jimgreenfootwear.eu\/","logo":{"@type":"ImageObject","inLanguage":"de","@id":"https:\/\/jimgreenfootwear.eu\/#\/schema\/logo\/image\/","url":"https:\/\/jimgreenfootwear.eu\/wp-content\/uploads\/2023\/11\/Jim-Green-4-copy@4x.png","contentUrl":"https:\/\/jimgreenfootwear.eu\/wp-content\/uploads\/2023\/11\/Jim-Green-4-copy@4x.png","width":1940,"height":1940,"caption":"Jim Green Footwear"},"image":{"@id":"https:\/\/jimgreenfootwear.eu\/#\/schema\/logo\/image\/"},"sameAs":["https:\/\/www.facebook.com\/jimgreenfootwear\/","https:\/\/x.com\/jimgreenfw","https:\/\/www.instagram.com\/jimgreenfootwear\/"]}]},"og_availability":"out of stock","product_availability":"out of stock","product_retailer_item_id":"AM01Z_CAE_OR","product_condition":"new"},"_links":{"self":[{"href":"https:\/\/jimgreenfootwear.eu\/de\/wp-json\/wp\/v2\/product\/53566","targetHints":{"allow":["GET"]}}],"collection":[{"href":"https:\/\/jimgreenfootwear.eu\/de\/wp-json\/wp\/v2\/product"}],"about":[{"href":"https:\/\/jimgreenfootwear.eu\/de\/wp-json\/wp\/v2\/types\/product"}],"replies":[{"embeddable":true,"href":"https:\/\/jimgreenfootwear.eu\/de\/wp-json\/wp\/v2\/comments?post=53566"}],"wp:featuredmedia":[{"embeddable":true,"href":"https:\/\/jimgreenfootwear.eu\/de\/wp-json\/wp\/v2\/media\/53084"}],"wp:attachment":[{"href":"https:\/\/jimgreenfootwear.eu\/de\/wp-json\/wp\/v2\/media?parent=53566"}],"wp:term":[{"taxonomy":"product_brand","embeddable":true,"href":"https:\/\/jimgreenfootwear.eu\/de\/wp-json\/wp\/v2\/product_brand?post=53566"},{"taxonomy":"product_cat","embeddable":true,"href":"https:\/\/jimgreenfootwear.eu\/de\/wp-json\/wp\/v2\/product_cat?post=53566"},{"taxonomy":"product_tag","embeddable":true,"href":"https:\/\/jimgreenfootwear.eu\/de\/wp-json\/wp\/v2\/product_tag?post=53566"}],"curies":[{"name":"wp","href":"https:\/\/api.w.org\/{rel}","templated":true}]}}