{"id":54500,"date":"2025-05-26T22:34:53","date_gmt":"2025-05-26T20:34:53","guid":{"rendered":"https:\/\/jimgreenfootwear.eu\/store\/workhorse-moc-toe-bronco\/"},"modified":"2025-12-23T22:37:20","modified_gmt":"2025-12-23T20:37:20","slug":"workhorse-moc-toe-bronco","status":"publish","type":"product","link":"https:\/\/jimgreenfootwear.eu\/de\/store\/workhorse-moc-toe-bronco\/","title":{"rendered":"Workhorse &#8211; Moc-Toe &#8211; Bronco"},"content":{"rendered":"<div class=\"wpb-content-wrapper\"><p>[vc_row css=&#8221;.vc_custom_1738941992903{padding-right: 15px !important;padding-bottom: 30px !important;padding-left: 15px !important;}&#8221;][vc_column width=&#8221;5\/6&#8243; css=&#8221;.vc_custom_padding_settings&#8221;][vc_column_text css=&#8221;&#8221;]<\/p>\n<h3><span style=\"font-size: 24pt;\">Workhorse Mokassin-Stiefel \u2013 Langlebig und komfortabel<\/span><\/h3>\n<p>[\/vc_column_text][\/vc_column][\/vc_row][vc_row css=&#8221;.vc_custom_padding_settings{padding-right: 15px !important; padding-left: 15px !important; padding-bottom: 20px !important;}&#8221;][vc_column width=&#8221;1\/2&#8243; el_class=&#8221;description&#8221; css=&#8221;.vc_custom_1738941875378{padding-bottom: 20px !important;}&#8221;][vc_column_text css=&#8221;&#8221;]<\/p>\n<p data-start=\"297\" data-end=\"518\"><span style=\"font-family: nathan-serif; font-size: 14pt;\">Der <strong data-start=\"301\" data-end=\"314\">Workhorse<\/strong> ist Jim Greens Interpretation des klassischen Moc-Toe-Arbeitsstiefels \u2013 gefertigt mit echter <em data-start=\"408\" data-end=\"417\">Moc Toe<\/em>-Konstruktion, die ihn deutlich von anderen Modellen abhebt, und das zu einem hervorragenden Preis.<\/span><\/p>\n<p data-start=\"520\" data-end=\"864\"><span style=\"font-family: nathan-serif; font-size: 14pt;\">Sein Look ist alltagstauglich und zeitlos, w\u00e4hrend der Stiefel dank Ledermittelsohle und echter Moc-Konstruktion ganzt\u00e4gigen Komfort bietet. Ob auf der Baustelle, bei Wanderungen in der Wildnis oder im anspruchsvollen Alltag \u2013 dieser Stiefel ist gemacht, um mit Ihnen Schritt zu halten und dabei konstanten Halt und Zuverl\u00e4ssigkeit zu bieten.<\/span><\/p>\n<p data-start=\"866\" data-end=\"1129\"><span style=\"font-family: nathan-serif; font-size: 14pt;\">Entwickelt f\u00fcr Handwerker, Abenteurer und alle, die das Beste von ihren Schuhen erwarten, verbindet der <strong data-start=\"970\" data-end=\"983\">Workhorse<\/strong> traditionelle Handwerkskunst mit Jim Greens bew\u00e4hrter Langlebigkeit und Performance \u2013 damit Sie f\u00fcr jede Herausforderung des Tages ger\u00fcstet sind.<\/span><\/p>\n<p>[\/vc_column_text][\/vc_column][vc_column width=&#8221;1\/2&#8243; el_class=&#8221;features&#8221; css=&#8221;.vc_custom_padding_settings{padding-right: 15px !important; padding-left: 15px !important;}&#8221;][vc_column_text css=&#8221;&#8221;]<\/p>\n<ul>\n<li data-start=\"1161\" data-end=\"1261\"><span style=\"font-family: nathan-serif; font-size: 14pt;\">Klassisches <strong data-start=\"1173\" data-end=\"1191\">Moc-Toe-Design<\/strong> mit besonderer Liebe zum Detail und h\u00f6chster Verarbeitungsqualit\u00e4t.<\/span><\/li>\n<li data-start=\"1264\" data-end=\"1379\"><span style=\"font-family: nathan-serif; font-size: 14pt;\">Hergestellt aus <strong data-start=\"1280\" data-end=\"1303\">doppellagigem Leder<\/strong>: 2,2 mm ge\u00f6ltes Pull-up-Vollleder, innen mit 1,6 mm Kalbsleder gef\u00fcttert.<\/span><\/li>\n<li data-start=\"1382\" data-end=\"1452\"><span style=\"font-family: nathan-serif; font-size: 14pt;\"><strong data-start=\"1382\" data-end=\"1405\">Fersenverst\u00e4rkungen<\/strong> f\u00fcr zus\u00e4tzliche Stabilit\u00e4t, Halt und Schutz.<\/span><\/li>\n<li data-start=\"1455\" data-end=\"1554\"><span style=\"font-family: nathan-serif; font-size: 14pt;\"><strong data-start=\"1455\" data-end=\"1488\">Weiche, ledergef\u00fctterte Zunge<\/strong> mit seitlicher Faltung f\u00fcr mehr Komfort und geringeres Gewicht.<\/span><\/li>\n<li data-start=\"1557\" data-end=\"1662\"><span style=\"font-family: nathan-serif; font-size: 14pt;\"><strong data-start=\"1557\" data-end=\"1586\">Stahlgelenkst\u00fctze (Steel Shank)<\/strong> zwischen Brandsohle und Laufsohle f\u00fcr extra Unterst\u00fctzung und Stabilit\u00e4t.<\/span><\/li>\n<li data-start=\"1665\" data-end=\"1763\"><span style=\"font-family: nathan-serif; font-size: 14pt;\"><strong data-start=\"1665\" data-end=\"1685\">Ledermittelsohle<\/strong> und <strong data-start=\"1690\" data-end=\"1715\">Resin-Zwischenschicht<\/strong> f\u00fcr erh\u00f6hten Komfort und Strapazierf\u00e4higkeit.<\/span><\/li>\n<li data-start=\"1766\" data-end=\"1827\"><span style=\"font-family: nathan-serif; font-size: 14pt;\"><strong data-start=\"1766\" data-end=\"1792\">Robuste Haken und \u00d6sen<\/strong> f\u00fcr sicheren Sitz der Schn\u00fcrung.<\/span><\/li>\n<li data-start=\"1830\" data-end=\"1899\"><span style=\"font-family: nathan-serif; font-size: 14pt;\">Die Mittelsohle ist mittels <strong data-start=\"1858\" data-end=\"1873\">Blake-Stich<\/strong> mit dem Schaft vern\u00e4ht.<\/span><\/li>\n<li data-start=\"1902\" data-end=\"1936\"><span style=\"font-family: nathan-serif; font-size: 14pt;\"><strong data-start=\"1902\" data-end=\"1934\">Wiederbesohlbar.<\/strong><\/span><\/li>\n<li data-start=\"1939\" data-end=\"2021\"><span style=\"font-family: nathan-serif; font-size: 14pt;\"><strong data-start=\"1939\" data-end=\"1953\">MT-Leisten<\/strong> \u2013 3E-Weite mit gro\u00dfz\u00fcgigem, klassischem Moc-Toe-Vorderfu\u00dfbereich.<\/span><\/li>\n<li data-start=\"2024\" data-end=\"2144\"><span style=\"font-family: nathan-serif; font-size: 14pt;\"><strong data-start=\"2024\" data-end=\"2034\">Sohle:<\/strong> TW (<em data-start=\"2039\" data-end=\"2051\">Tyre Wedge<\/em>) \u2013 aus echtem Gummi, mit weicherer Gummimischung f\u00fcr optimalen Grip und hohen Laufkomfort.<\/span><\/li>\n<li data-start=\"2147\" data-end=\"2184\"><span style=\"font-family: nathan-serif; font-size: 14pt;\"><strong data-start=\"2147\" data-end=\"2159\">Gewicht:<\/strong> ca. 1,40 kg (08UK).<\/span><\/li>\n<li data-start=\"2187\" data-end=\"2214\"><span style=\"font-family: nathan-serif; font-size: 14pt;\"><strong data-start=\"2187\" data-end=\"2204\">Schn\u00fcrsenkel:<\/strong> 150 cm.<\/span><\/li>\n<li data-start=\"2217\" data-end=\"2254\"><span style=\"font-family: nathan-serif; font-size: 14pt;\"><strong data-start=\"2217\" data-end=\"2252\">100 % hergestellt in S\u00fcdafrika.<\/strong><\/span><\/li>\n<li data-start=\"2257\" data-end=\"2451\"><span style=\"font-family: nathan-serif; font-size: 14pt;\"><strong data-start=\"2257\" data-end=\"2278\">Gr\u00f6\u00dfenempfehlung:<\/strong> Der Moc-Toe-Leisten kombiniert die Weite des JG-Leistens mit der Zehenh\u00f6he des STC-Leistens. Die Passform entspricht dem Brannock-System mit 3E-Weite (weite Passform).<\/span><\/li>\n<\/ul>\n<p>[\/vc_column_text][\/vc_column][\/vc_row]<\/p>\n<\/div>","protected":false},"excerpt":{"rendered":"<p>[vc_row css=&#8221;.vc_custom_1738941992903{padding-right: 15px !important;padding-bottom: 30px !important;padding-left: 15px !important;}&#8221;][vc_column width=&#8221;5\/6&#8243; css=&#8221;.vc_custom_padding_settings&#8221;][vc_column_text css=&#8221;&#8221;] Workhorse Mokassin-Stiefel \u2013 Langlebig und komfortabel [\/vc_column_text][\/vc_column][\/vc_row][vc_row css=&#8221;.vc_custom_padding_settings{padding-right: 15px !important; padding-left: 15px !important; padding-bottom: 20px !important;}&#8221;][vc_column width=&#8221;1\/2&#8243; el_class=&#8221;description&#8221; css=&#8221;.vc_custom_1738941875378{padding-bottom: 20px !important;}&#8221;][vc_column_text css=&#8221;&#8221;] Der Workhorse ist Jim Greens Interpretation des klassischen Moc-Toe-Arbeitsstiefels \u2013 gefertigt mit echter Moc Toe-Konstruktion, die ihn deutlich von anderen Modellen abhebt, [&hellip;]<\/p>\n","protected":false},"featured_media":53176,"comment_status":"open","ping_status":"closed","template":"","meta":{"_acf_changed":false},"product_brand":[],"product_cat":[285,535,287,536],"product_tag":[289],"class_list":{"0":"post-54500","1":"product","2":"type-product","3":"status-publish","4":"has-post-thumbnail","6":"product_cat-all-de-2","7":"product_cat-moc-toe-de","8":"product_cat-premium-de-2","9":"product_cat-workhorse-de","10":"product_tag-premium-de-2","11":"product_shipping_class-boots","12":"tm-has-options","14":"first","15":"outofstock","16":"taxable","17":"shipping-taxable","18":"purchasable","19":"product-type-variable"},"group_of_quantity":0,"min_quantity":0,"max_quantity":"","exclude_order_quantity_value_rules":"no","exclude_category_quantity_rules":"no","combine_variations":"no","acf":[],"yoast_head":"<!-- This site is optimized with the Yoast SEO plugin v27.5 - https:\/\/yoast.com\/product\/yoast-seo-wordpress\/ -->\n<title>Workhorse - Moc-Toe - Bronco - Jim Green<\/title>\n<meta name=\"robots\" content=\"index, follow, max-snippet:-1, max-image-preview:large, max-video-preview:-1\" \/>\n<link rel=\"canonical\" href=\"https:\/\/jimgreenfootwear.eu\/de\/store\/workhorse-moc-toe-bronco\/\" \/>\n<meta property=\"og:locale\" content=\"de_DE\" \/>\n<meta property=\"og:type\" content=\"article\" \/>\n<meta property=\"og:title\" content=\"Workhorse - Moc-Toe - Bronco - Jim Green\" \/>\n<meta property=\"og:description\" content=\"[vc_row css=&#8221;.vc_custom_1738941992903{padding-right: 15px !important;padding-bottom: 30px !important;padding-left: 15px !important;}&#8221;][vc_column width=&#8221;5\/6&#8243; css=&#8221;.vc_custom_padding_settings&#8221;][vc_column_text css=&#8221;&#8221;] Workhorse Mokassin-Stiefel \u2013 Langlebig und komfortabel [\/vc_column_text][\/vc_column][\/vc_row][vc_row css=&#8221;.vc_custom_padding_settings{padding-right: 15px !important; padding-left: 15px !important; padding-bottom: 20px !important;}&#8221;][vc_column width=&#8221;1\/2&#8243; el_class=&#8221;description&#8221; css=&#8221;.vc_custom_1738941875378{padding-bottom: 20px !important;}&#8221;][vc_column_text css=&#8221;&#8221;] Der Workhorse ist Jim Greens Interpretation des klassischen Moc-Toe-Arbeitsstiefels \u2013 gefertigt mit echter Moc Toe-Konstruktion, die ihn deutlich von anderen Modellen abhebt, [&hellip;]\" \/>\n<meta property=\"og:url\" content=\"https:\/\/jimgreenfootwear.eu\/de\/store\/workhorse-moc-toe-bronco\/\" \/>\n<meta property=\"og:site_name\" content=\"Jim Green\" \/>\n<meta property=\"article:publisher\" content=\"https:\/\/www.facebook.com\/jimgreenfootwear\/\" \/>\n<meta property=\"article:modified_time\" content=\"2025-12-23T20:37:20+00:00\" \/>\n<meta property=\"og:image\" content=\"https:\/\/jimgreenfootwear.eu\/wp-content\/uploads\/2025\/05\/MT01-BCC-TW8_01.png\" \/>\n\t<meta property=\"og:image:width\" content=\"2000\" \/>\n\t<meta property=\"og:image:height\" content=\"2000\" \/>\n\t<meta property=\"og:image:type\" content=\"image\/png\" \/>\n<meta name=\"twitter:card\" content=\"summary_large_image\" \/>\n<meta name=\"twitter:site\" content=\"@jimgreenfw\" \/>\n<meta name=\"twitter:label1\" content=\"Verf\u00fcgbarkeit\" \/>\n\t<meta name=\"twitter:data1\" content=\"ausverkauft\" \/>\n<script type=\"application\/ld+json\" class=\"yoast-schema-graph\">{\"@context\":\"https:\\\/\\\/schema.org\",\"@graph\":[{\"@type\":\"WebPage\",\"@id\":\"https:\\\/\\\/jimgreenfootwear.eu\\\/de\\\/store\\\/workhorse-moc-toe-bronco\\\/\",\"url\":\"https:\\\/\\\/jimgreenfootwear.eu\\\/de\\\/store\\\/workhorse-moc-toe-bronco\\\/\",\"name\":\"Workhorse - Moc-Toe - Bronco - Jim Green\",\"isPartOf\":{\"@id\":\"https:\\\/\\\/jimgreenfootwear.eu\\\/#website\"},\"primaryImageOfPage\":{\"@id\":\"https:\\\/\\\/jimgreenfootwear.eu\\\/de\\\/store\\\/workhorse-moc-toe-bronco\\\/#primaryimage\"},\"image\":{\"@id\":\"https:\\\/\\\/jimgreenfootwear.eu\\\/de\\\/store\\\/workhorse-moc-toe-bronco\\\/#primaryimage\"},\"thumbnailUrl\":\"https:\\\/\\\/jimgreenfootwear.eu\\\/wp-content\\\/uploads\\\/2025\\\/05\\\/MT01-BCC-TW8_01.png\",\"datePublished\":\"2025-05-26T20:34:53+00:00\",\"dateModified\":\"2025-12-23T20:37:20+00:00\",\"breadcrumb\":{\"@id\":\"https:\\\/\\\/jimgreenfootwear.eu\\\/de\\\/store\\\/workhorse-moc-toe-bronco\\\/#breadcrumb\"},\"inLanguage\":\"de\",\"potentialAction\":[{\"@type\":\"ReadAction\",\"target\":[\"https:\\\/\\\/jimgreenfootwear.eu\\\/de\\\/store\\\/workhorse-moc-toe-bronco\\\/\"]}]},{\"@type\":\"ImageObject\",\"inLanguage\":\"de\",\"@id\":\"https:\\\/\\\/jimgreenfootwear.eu\\\/de\\\/store\\\/workhorse-moc-toe-bronco\\\/#primaryimage\",\"url\":\"https:\\\/\\\/jimgreenfootwear.eu\\\/wp-content\\\/uploads\\\/2025\\\/05\\\/MT01-BCC-TW8_01.png\",\"contentUrl\":\"https:\\\/\\\/jimgreenfootwear.eu\\\/wp-content\\\/uploads\\\/2025\\\/05\\\/MT01-BCC-TW8_01.png\",\"width\":2000,\"height\":2000},{\"@type\":\"BreadcrumbList\",\"@id\":\"https:\\\/\\\/jimgreenfootwear.eu\\\/de\\\/store\\\/workhorse-moc-toe-bronco\\\/#breadcrumb\",\"itemListElement\":[{\"@type\":\"ListItem\",\"position\":1,\"name\":\"Home\",\"item\":\"https:\\\/\\\/jimgreenfootwear.eu\\\/de\\\/\"},{\"@type\":\"ListItem\",\"position\":2,\"name\":\"Shop\",\"item\":\"https:\\\/\\\/jimgreenfootwear.eu\\\/de\\\/shop\\\/\"},{\"@type\":\"ListItem\",\"position\":3,\"name\":\"Workhorse &#8211; Moc-Toe &#8211; Bronco\"}]},{\"@type\":\"WebSite\",\"@id\":\"https:\\\/\\\/jimgreenfootwear.eu\\\/#website\",\"url\":\"https:\\\/\\\/jimgreenfootwear.eu\\\/\",\"name\":\"Jim Green\",\"description\":\"Footwear EU - Quality Hiking &amp; Safety Boots\",\"publisher\":{\"@id\":\"https:\\\/\\\/jimgreenfootwear.eu\\\/#organization\"},\"potentialAction\":[{\"@type\":\"SearchAction\",\"target\":{\"@type\":\"EntryPoint\",\"urlTemplate\":\"https:\\\/\\\/jimgreenfootwear.eu\\\/?s={search_term_string}\"},\"query-input\":{\"@type\":\"PropertyValueSpecification\",\"valueRequired\":true,\"valueName\":\"search_term_string\"}}],\"inLanguage\":\"de\"},{\"@type\":\"Organization\",\"@id\":\"https:\\\/\\\/jimgreenfootwear.eu\\\/#organization\",\"name\":\"Jim Green Footwear\",\"alternateName\":\"Jim Green\",\"url\":\"https:\\\/\\\/jimgreenfootwear.eu\\\/\",\"logo\":{\"@type\":\"ImageObject\",\"inLanguage\":\"de\",\"@id\":\"https:\\\/\\\/jimgreenfootwear.eu\\\/#\\\/schema\\\/logo\\\/image\\\/\",\"url\":\"https:\\\/\\\/jimgreenfootwear.eu\\\/wp-content\\\/uploads\\\/2023\\\/11\\\/Jim-Green-4-copy@4x.png\",\"contentUrl\":\"https:\\\/\\\/jimgreenfootwear.eu\\\/wp-content\\\/uploads\\\/2023\\\/11\\\/Jim-Green-4-copy@4x.png\",\"width\":1940,\"height\":1940,\"caption\":\"Jim Green Footwear\"},\"image\":{\"@id\":\"https:\\\/\\\/jimgreenfootwear.eu\\\/#\\\/schema\\\/logo\\\/image\\\/\"},\"sameAs\":[\"https:\\\/\\\/www.facebook.com\\\/jimgreenfootwear\\\/\",\"https:\\\/\\\/x.com\\\/jimgreenfw\",\"https:\\\/\\\/www.instagram.com\\\/jimgreenfootwear\\\/\"]}]}<\/script>\n<meta property=\"og:availability\" content=\"out of stock\" \/>\n<meta property=\"product:availability\" content=\"out of stock\" \/>\n<meta property=\"product:retailer_item_id\" content=\"MT01_BCC_TM1\" \/>\n<meta property=\"product:condition\" content=\"new\" \/>\n<!-- \/ Yoast SEO plugin. -->","yoast_head_json":{"title":"Workhorse - Moc-Toe - Bronco - Jim Green","robots":{"index":"index","follow":"follow","max-snippet":"max-snippet:-1","max-image-preview":"max-image-preview:large","max-video-preview":"max-video-preview:-1"},"canonical":"https:\/\/jimgreenfootwear.eu\/de\/store\/workhorse-moc-toe-bronco\/","og_locale":"de_DE","og_type":"article","og_title":"Workhorse - Moc-Toe - Bronco - Jim Green","og_description":"[vc_row css=&#8221;.vc_custom_1738941992903{padding-right: 15px !important;padding-bottom: 30px !important;padding-left: 15px !important;}&#8221;][vc_column width=&#8221;5\/6&#8243; css=&#8221;.vc_custom_padding_settings&#8221;][vc_column_text css=&#8221;&#8221;] Workhorse Mokassin-Stiefel \u2013 Langlebig und komfortabel [\/vc_column_text][\/vc_column][\/vc_row][vc_row css=&#8221;.vc_custom_padding_settings{padding-right: 15px !important; padding-left: 15px !important; padding-bottom: 20px !important;}&#8221;][vc_column width=&#8221;1\/2&#8243; el_class=&#8221;description&#8221; css=&#8221;.vc_custom_1738941875378{padding-bottom: 20px !important;}&#8221;][vc_column_text css=&#8221;&#8221;] Der Workhorse ist Jim Greens Interpretation des klassischen Moc-Toe-Arbeitsstiefels \u2013 gefertigt mit echter Moc Toe-Konstruktion, die ihn deutlich von anderen Modellen abhebt, [&hellip;]","og_url":"https:\/\/jimgreenfootwear.eu\/de\/store\/workhorse-moc-toe-bronco\/","og_site_name":"Jim Green","article_publisher":"https:\/\/www.facebook.com\/jimgreenfootwear\/","article_modified_time":"2025-12-23T20:37:20+00:00","og_image":[{"width":2000,"height":2000,"url":"https:\/\/jimgreenfootwear.eu\/wp-content\/uploads\/2025\/05\/MT01-BCC-TW8_01.png","type":"image\/png"}],"twitter_card":"summary_large_image","twitter_site":"@jimgreenfw","twitter_misc":{"Verf\u00fcgbarkeit":"ausverkauft"},"schema":{"@context":"https:\/\/schema.org","@graph":[{"@type":"WebPage","@id":"https:\/\/jimgreenfootwear.eu\/de\/store\/workhorse-moc-toe-bronco\/","url":"https:\/\/jimgreenfootwear.eu\/de\/store\/workhorse-moc-toe-bronco\/","name":"Workhorse - Moc-Toe - Bronco - Jim Green","isPartOf":{"@id":"https:\/\/jimgreenfootwear.eu\/#website"},"primaryImageOfPage":{"@id":"https:\/\/jimgreenfootwear.eu\/de\/store\/workhorse-moc-toe-bronco\/#primaryimage"},"image":{"@id":"https:\/\/jimgreenfootwear.eu\/de\/store\/workhorse-moc-toe-bronco\/#primaryimage"},"thumbnailUrl":"https:\/\/jimgreenfootwear.eu\/wp-content\/uploads\/2025\/05\/MT01-BCC-TW8_01.png","datePublished":"2025-05-26T20:34:53+00:00","dateModified":"2025-12-23T20:37:20+00:00","breadcrumb":{"@id":"https:\/\/jimgreenfootwear.eu\/de\/store\/workhorse-moc-toe-bronco\/#breadcrumb"},"inLanguage":"de","potentialAction":[{"@type":"ReadAction","target":["https:\/\/jimgreenfootwear.eu\/de\/store\/workhorse-moc-toe-bronco\/"]}]},{"@type":"ImageObject","inLanguage":"de","@id":"https:\/\/jimgreenfootwear.eu\/de\/store\/workhorse-moc-toe-bronco\/#primaryimage","url":"https:\/\/jimgreenfootwear.eu\/wp-content\/uploads\/2025\/05\/MT01-BCC-TW8_01.png","contentUrl":"https:\/\/jimgreenfootwear.eu\/wp-content\/uploads\/2025\/05\/MT01-BCC-TW8_01.png","width":2000,"height":2000},{"@type":"BreadcrumbList","@id":"https:\/\/jimgreenfootwear.eu\/de\/store\/workhorse-moc-toe-bronco\/#breadcrumb","itemListElement":[{"@type":"ListItem","position":1,"name":"Home","item":"https:\/\/jimgreenfootwear.eu\/de\/"},{"@type":"ListItem","position":2,"name":"Shop","item":"https:\/\/jimgreenfootwear.eu\/de\/shop\/"},{"@type":"ListItem","position":3,"name":"Workhorse &#8211; Moc-Toe &#8211; Bronco"}]},{"@type":"WebSite","@id":"https:\/\/jimgreenfootwear.eu\/#website","url":"https:\/\/jimgreenfootwear.eu\/","name":"Jim Green","description":"Footwear EU - Quality Hiking &amp; Safety Boots","publisher":{"@id":"https:\/\/jimgreenfootwear.eu\/#organization"},"potentialAction":[{"@type":"SearchAction","target":{"@type":"EntryPoint","urlTemplate":"https:\/\/jimgreenfootwear.eu\/?s={search_term_string}"},"query-input":{"@type":"PropertyValueSpecification","valueRequired":true,"valueName":"search_term_string"}}],"inLanguage":"de"},{"@type":"Organization","@id":"https:\/\/jimgreenfootwear.eu\/#organization","name":"Jim Green Footwear","alternateName":"Jim Green","url":"https:\/\/jimgreenfootwear.eu\/","logo":{"@type":"ImageObject","inLanguage":"de","@id":"https:\/\/jimgreenfootwear.eu\/#\/schema\/logo\/image\/","url":"https:\/\/jimgreenfootwear.eu\/wp-content\/uploads\/2023\/11\/Jim-Green-4-copy@4x.png","contentUrl":"https:\/\/jimgreenfootwear.eu\/wp-content\/uploads\/2023\/11\/Jim-Green-4-copy@4x.png","width":1940,"height":1940,"caption":"Jim Green Footwear"},"image":{"@id":"https:\/\/jimgreenfootwear.eu\/#\/schema\/logo\/image\/"},"sameAs":["https:\/\/www.facebook.com\/jimgreenfootwear\/","https:\/\/x.com\/jimgreenfw","https:\/\/www.instagram.com\/jimgreenfootwear\/"]}]},"og_availability":"out of stock","product_availability":"out of stock","product_retailer_item_id":"MT01_BCC_TM1","product_condition":"new"},"_links":{"self":[{"href":"https:\/\/jimgreenfootwear.eu\/de\/wp-json\/wp\/v2\/product\/54500","targetHints":{"allow":["GET"]}}],"collection":[{"href":"https:\/\/jimgreenfootwear.eu\/de\/wp-json\/wp\/v2\/product"}],"about":[{"href":"https:\/\/jimgreenfootwear.eu\/de\/wp-json\/wp\/v2\/types\/product"}],"replies":[{"embeddable":true,"href":"https:\/\/jimgreenfootwear.eu\/de\/wp-json\/wp\/v2\/comments?post=54500"}],"wp:featuredmedia":[{"embeddable":true,"href":"https:\/\/jimgreenfootwear.eu\/de\/wp-json\/wp\/v2\/media\/53176"}],"wp:attachment":[{"href":"https:\/\/jimgreenfootwear.eu\/de\/wp-json\/wp\/v2\/media?parent=54500"}],"wp:term":[{"taxonomy":"product_brand","embeddable":true,"href":"https:\/\/jimgreenfootwear.eu\/de\/wp-json\/wp\/v2\/product_brand?post=54500"},{"taxonomy":"product_cat","embeddable":true,"href":"https:\/\/jimgreenfootwear.eu\/de\/wp-json\/wp\/v2\/product_cat?post=54500"},{"taxonomy":"product_tag","embeddable":true,"href":"https:\/\/jimgreenfootwear.eu\/de\/wp-json\/wp\/v2\/product_tag?post=54500"}],"curies":[{"name":"wp","href":"https:\/\/api.w.org\/{rel}","templated":true}]}}