{"id":55200,"date":"2025-05-26T22:34:53","date_gmt":"2025-05-26T20:34:53","guid":{"rendered":"https:\/\/jimgreenfootwear.eu\/store\/african-ranger-houston-brown-leather-midsole\/"},"modified":"2026-02-08T21:50:06","modified_gmt":"2026-02-08T19:50:06","slug":"african-ranger-houston-brown-leather-midsole","status":"publish","type":"product","link":"https:\/\/jimgreenfootwear.eu\/de\/store\/african-ranger-houston-brown-leather-midsole\/","title":{"rendered":"African Ranger &#8211; Leather Midsole &#8211; Houston Brown"},"content":{"rendered":"<div class=\"wpb-content-wrapper\"><p>[vc_row css=&#8221;.vc_custom_xxxxxx{padding-right: 15px !important;padding-bottom: 30px !important;padding-left: 15px !important;}&#8221;][vc_column width=&#8221;5\/6&#8243; css=&#8221;.vc_custom_padding_settings&#8221;][vc_column_text css=&#8221;&#8221;]<\/p>\n<h3><span style=\"font-family: nathan-serif; font-size: 24pt;\"><strong>Der Outdoor-Schuh, der Ranger ausr\u00fcstet<\/strong><\/span><\/h3>\n<p>[\/vc_column_text][\/vc_column][\/vc_row][vc_row][vc_column][vc_column_text]<\/p>\n<p>[\/vc_column_text][\/vc_column][\/vc_row][vc_row css=&#8221;.vc_custom_padding_settings{padding-right: 15px; padding-left: 15px; padding-bottom: 20px!important;}&#8221;][vc_column width=&#8221;1\/2&#8243; el_class=&#8221;description&#8221; css=&#8221;.vc_custom_xxxxxx{padding-bottom: 20px !important;}&#8221;][vc_column_text css=&#8221;&#8221;]<span style=\"font-family: nathan-serif; font-size: 14pt;\">50 % der Ranger haben keinen Zugang zu ausreichenden Stiefeln und Ausr\u00fcstung, und \u00fcber 40 % m\u00fcssen ihre eigenen Stiefel kaufen.<\/span><\/p>\n<p><span style=\"font-family: nathan-serif; font-size: 14pt;\">Da die Zukunft unserer Wildnisgebiete in den H\u00e4nden derjenigen liegt, die vor Ort im Einsatz sind, haben sich Jim Green Footwear und die Game Rangers Association of Africa (GRAA) zusammengeschlossen, um dieses Problem anzugehen.<\/span><\/p>\n<p><span style=\"font-family: nathan-serif; font-size: 14pt;\">Unzureichende Ausr\u00fcstung f\u00fchrt zu geringer Moral und beeintr\u00e4chtigt das Wohlbefinden der Ranger. Da sie an vorderster Front im Naturschutz arbeiten, ist ein hochwertiges Paar Stiefel f\u00fcr t\u00e4gliche Aufgaben unerl\u00e4sslich.<\/span><\/p>\n<p><span style=\"font-family: nathan-serif; font-size: 14pt;\">Wir haben Ranger aus ganz Afrika befragt und daraus die wichtigsten Anforderungen f\u00fcr den ultimativen Ranger-Stiefel ermittelt. Daraus entstand der African Ranger \u2013 <strong>Ein Stiefel von Rangern, f\u00fcr Ranger entworfen<\/strong>.<\/span><\/p>\n<p><span style=\"font-family: nathan-serif; font-size: 14pt;\">Folgen Sie unserer Reise auf unseren sozialen Kan\u00e4len oder kontaktieren Sie uns f\u00fcr weitere Informationen.<\/span>[\/vc_column_text][\/vc_column][vc_column width=&#8221;1\/2&#8243; el_class=&#8221;features&#8221;][vc_column_text css=&#8221;&#8221;]<\/p>\n<ul>\n<li><span style=\"font-family: nathan-serif; font-size: 14pt;\">Der Stiefel wurde mit drei Hauptzielen entwickelt: Komfort, Langlebigkeit und ein erschwinglicher Preis.<\/span><\/li>\n<li><span style=\"font-family: nathan-serif; font-size: 14pt;\">Die Keilsohle bietet festen Halt, w\u00e4hrend die weichere Gummimischung f\u00fcr leises Gehen im afrikanischen Busch sorgt.<\/span><\/li>\n<li><span style=\"font-family: nathan-serif; font-size: 14pt;\">Zehen-, Fersen- und \u00d6senbereich bestehen aus einer doppelten Schicht 2,2 mm Nubukleder f\u00fcr zus\u00e4tzliche Strapazierf\u00e4higkeit.<\/span><\/li>\n<li><span style=\"font-family: nathan-serif; font-size: 14pt;\">Fersen- und Zehenverst\u00e4rkungen f\u00fcr zus\u00e4tzliche Stabilit\u00e4t, Halt und Schutz.<\/span><\/li>\n<li><span style=\"font-family: nathan-serif; font-size: 14pt;\">Weicher Lederkragen und -zunge f\u00fcr Komfort und geringeres Gewicht.<\/span><\/li>\n<li><span style=\"font-family: nathan-serif; font-size: 14pt;\">Ein Stahlsteg zwischen Brandsohle und Laufsohle sorgt f\u00fcr zus\u00e4tzliche Stabilit\u00e4t und Halt.<\/span><\/li>\n<li><span style=\"font-family: nathan-serif; font-size: 14pt;\">Eine Ledermittelsohle und eine Zwischensohle aus Kunstharz sorgen f\u00fcr zus\u00e4tzlichen Komfort und Langlebigkeit.<\/span><\/li>\n<li><span style=\"font-family: nathan-serif; font-size: 14pt;\">Robuste Haken und \u00d6sen zur sicheren Fixierung der F\u00fc\u00dfe.<\/span><\/li>\n<li><span style=\"font-family: nathan-serif; font-size: 14pt;\">Die Innensohle ist mit doppelt gen\u00e4htem 2,2 mm starkem geflochtenem Nylonfaden am Schaft befestigt.<\/span><\/li>\n<li><span style=\"font-family: nathan-serif; font-size: 14pt;\">Wiederbesohlbar \u2013 durchgen\u00e4hte Konstruktion.<\/span><\/li>\n<li><span style=\"font-family: nathan-serif; font-size: 14pt;\"><strong><u>STC-Leisten<\/u><\/strong> \u2013 Dieser Leisten hat eine breite 2E-Passform mit ger\u00e4umiger, abgerundeter Zehenbox.<\/span><\/li>\n<li><span style=\"font-family: nathan-serif; font-size: 14pt;\"><strong><span style=\"text-decoration: underline;\">Sohle OR<\/span><\/strong> &#8211; Wurde f\u00fcr eine Kombination aus Grip, Komfort und Geschwindigkeit entwickelt. Sie besteht aus echtem Gummi und f\u00fchlt sich weicher an, um den Komfort zu erh\u00f6hen.<\/span><\/li>\n<li><span style=\"font-family: nathan-serif; font-size: 14pt;\">Gewicht: 1,24 kg (Gr\u00f6\u00dfe 08).<\/span><\/li>\n<li><span style=\"font-family: nathan-serif; font-size: 14pt;\">Schn\u00fcrsenkel: 120 cm.<\/span><\/li>\n<\/ul>\n<p>[\/vc_column_text][\/vc_column][\/vc_row]<\/p>\n<\/div>","protected":false},"excerpt":{"rendered":"<h4><a href=\"https:\/\/www.gameranger.org\"><img loading=\"lazy\" decoding=\"async\" class=\"alignleft wp-image-15403\" src=\"https:\/\/jimgreenfootwear.co.za\/wp-content\/uploads\/2021\/11\/GRAA-Logo-Ranger-Boot-Jim-Green-Footwear.png\" alt=\"\" width=\"61\" height=\"90\" \/><\/a><\/h4>\n<h4><strong>For every 10 pairs sold we donate a pair to a Ranger<\/strong><\/h4>\n<p><a href=\"https:\/\/www.gameranger.org\">https:\/\/www.gameranger.org<\/a><\/p>\n","protected":false},"featured_media":53246,"comment_status":"open","ping_status":"closed","template":"","meta":{"_acf_changed":false},"product_brand":[],"product_cat":[329,285,287,286],"product_tag":[289],"class_list":{"0":"post-55200","1":"product","2":"type-product","3":"status-publish","4":"has-post-thumbnail","6":"product_cat-african-ranger-de-2","7":"product_cat-all-de-2","8":"product_cat-premium-de-2","9":"product_cat-hiking-adventure-de-2","10":"product_tag-premium-de-2","11":"product_shipping_class-boots","12":"tm-has-options","14":"first","15":"outofstock","16":"taxable","17":"shipping-taxable","18":"purchasable","19":"product-type-variable"},"group_of_quantity":0,"min_quantity":0,"max_quantity":"","exclude_order_quantity_value_rules":"no","exclude_category_quantity_rules":"no","combine_variations":"no","acf":[],"yoast_head":"<!-- This site is optimized with the Yoast SEO plugin v27.3 - https:\/\/yoast.com\/product\/yoast-seo-wordpress\/ -->\n<title>African Ranger - Leather Midsole - Houston Brown - Jim Green<\/title>\n<meta name=\"robots\" content=\"index, follow, max-snippet:-1, max-image-preview:large, max-video-preview:-1\" \/>\n<link rel=\"canonical\" href=\"https:\/\/jimgreenfootwear.eu\/de\/store\/african-ranger-houston-brown-leather-midsole\/\" \/>\n<meta property=\"og:locale\" content=\"de_DE\" \/>\n<meta property=\"og:type\" content=\"article\" \/>\n<meta property=\"og:title\" content=\"African Ranger - Leather Midsole - Houston Brown - Jim Green\" \/>\n<meta property=\"og:description\" content=\"For every 10 pairs sold we donate a pair to a Ranger https:\/\/www.gameranger.org\" \/>\n<meta property=\"og:url\" content=\"https:\/\/jimgreenfootwear.eu\/de\/store\/african-ranger-houston-brown-leather-midsole\/\" \/>\n<meta property=\"og:site_name\" content=\"Jim Green\" \/>\n<meta property=\"article:publisher\" content=\"https:\/\/www.facebook.com\/jimgreenfootwear\/\" \/>\n<meta property=\"article:modified_time\" content=\"2026-02-08T19:50:06+00:00\" \/>\n<meta property=\"og:image\" content=\"https:\/\/jimgreenfootwear.eu\/wp-content\/uploads\/2025\/05\/AR01_HOC_01.jpg\" \/>\n\t<meta property=\"og:image:width\" content=\"1100\" \/>\n\t<meta property=\"og:image:height\" content=\"1100\" \/>\n\t<meta property=\"og:image:type\" content=\"image\/jpeg\" \/>\n<meta name=\"twitter:card\" content=\"summary_large_image\" \/>\n<meta name=\"twitter:site\" content=\"@jimgreenfw\" \/>\n<meta name=\"twitter:label1\" content=\"Verf\u00fcgbarkeit\" \/>\n\t<meta name=\"twitter:data1\" content=\"ausverkauft\" \/>\n<script type=\"application\/ld+json\" class=\"yoast-schema-graph\">{\"@context\":\"https:\\\/\\\/schema.org\",\"@graph\":[{\"@type\":\"WebPage\",\"@id\":\"https:\\\/\\\/jimgreenfootwear.eu\\\/de\\\/store\\\/african-ranger-houston-brown-leather-midsole\\\/\",\"url\":\"https:\\\/\\\/jimgreenfootwear.eu\\\/de\\\/store\\\/african-ranger-houston-brown-leather-midsole\\\/\",\"name\":\"African Ranger - Leather Midsole - Houston Brown - Jim Green\",\"isPartOf\":{\"@id\":\"https:\\\/\\\/jimgreenfootwear.eu\\\/#website\"},\"primaryImageOfPage\":{\"@id\":\"https:\\\/\\\/jimgreenfootwear.eu\\\/de\\\/store\\\/african-ranger-houston-brown-leather-midsole\\\/#primaryimage\"},\"image\":{\"@id\":\"https:\\\/\\\/jimgreenfootwear.eu\\\/de\\\/store\\\/african-ranger-houston-brown-leather-midsole\\\/#primaryimage\"},\"thumbnailUrl\":\"https:\\\/\\\/jimgreenfootwear.eu\\\/wp-content\\\/uploads\\\/2025\\\/05\\\/AR01_HOC_01.jpg\",\"datePublished\":\"2025-05-26T20:34:53+00:00\",\"dateModified\":\"2026-02-08T19:50:06+00:00\",\"breadcrumb\":{\"@id\":\"https:\\\/\\\/jimgreenfootwear.eu\\\/de\\\/store\\\/african-ranger-houston-brown-leather-midsole\\\/#breadcrumb\"},\"inLanguage\":\"de\",\"potentialAction\":[{\"@type\":\"ReadAction\",\"target\":[\"https:\\\/\\\/jimgreenfootwear.eu\\\/de\\\/store\\\/african-ranger-houston-brown-leather-midsole\\\/\"]}]},{\"@type\":\"ImageObject\",\"inLanguage\":\"de\",\"@id\":\"https:\\\/\\\/jimgreenfootwear.eu\\\/de\\\/store\\\/african-ranger-houston-brown-leather-midsole\\\/#primaryimage\",\"url\":\"https:\\\/\\\/jimgreenfootwear.eu\\\/wp-content\\\/uploads\\\/2025\\\/05\\\/AR01_HOC_01.jpg\",\"contentUrl\":\"https:\\\/\\\/jimgreenfootwear.eu\\\/wp-content\\\/uploads\\\/2025\\\/05\\\/AR01_HOC_01.jpg\",\"width\":1100,\"height\":1100},{\"@type\":\"BreadcrumbList\",\"@id\":\"https:\\\/\\\/jimgreenfootwear.eu\\\/de\\\/store\\\/african-ranger-houston-brown-leather-midsole\\\/#breadcrumb\",\"itemListElement\":[{\"@type\":\"ListItem\",\"position\":1,\"name\":\"Home\",\"item\":\"https:\\\/\\\/jimgreenfootwear.eu\\\/de\\\/\"},{\"@type\":\"ListItem\",\"position\":2,\"name\":\"Shop\",\"item\":\"https:\\\/\\\/jimgreenfootwear.eu\\\/de\\\/shop\\\/\"},{\"@type\":\"ListItem\",\"position\":3,\"name\":\"African Ranger &#8211; Leather Midsole &#8211; Houston Brown\"}]},{\"@type\":\"WebSite\",\"@id\":\"https:\\\/\\\/jimgreenfootwear.eu\\\/#website\",\"url\":\"https:\\\/\\\/jimgreenfootwear.eu\\\/\",\"name\":\"Jim Green\",\"description\":\"Footwear EU - Quality Hiking &amp; Safety Boots\",\"publisher\":{\"@id\":\"https:\\\/\\\/jimgreenfootwear.eu\\\/#organization\"},\"potentialAction\":[{\"@type\":\"SearchAction\",\"target\":{\"@type\":\"EntryPoint\",\"urlTemplate\":\"https:\\\/\\\/jimgreenfootwear.eu\\\/?s={search_term_string}\"},\"query-input\":{\"@type\":\"PropertyValueSpecification\",\"valueRequired\":true,\"valueName\":\"search_term_string\"}}],\"inLanguage\":\"de\"},{\"@type\":\"Organization\",\"@id\":\"https:\\\/\\\/jimgreenfootwear.eu\\\/#organization\",\"name\":\"Jim Green Footwear\",\"alternateName\":\"Jim Green\",\"url\":\"https:\\\/\\\/jimgreenfootwear.eu\\\/\",\"logo\":{\"@type\":\"ImageObject\",\"inLanguage\":\"de\",\"@id\":\"https:\\\/\\\/jimgreenfootwear.eu\\\/#\\\/schema\\\/logo\\\/image\\\/\",\"url\":\"https:\\\/\\\/jimgreenfootwear.eu\\\/wp-content\\\/uploads\\\/2023\\\/11\\\/Jim-Green-4-copy@4x.png\",\"contentUrl\":\"https:\\\/\\\/jimgreenfootwear.eu\\\/wp-content\\\/uploads\\\/2023\\\/11\\\/Jim-Green-4-copy@4x.png\",\"width\":1940,\"height\":1940,\"caption\":\"Jim Green Footwear\"},\"image\":{\"@id\":\"https:\\\/\\\/jimgreenfootwear.eu\\\/#\\\/schema\\\/logo\\\/image\\\/\"},\"sameAs\":[\"https:\\\/\\\/www.facebook.com\\\/jimgreenfootwear\\\/\",\"https:\\\/\\\/x.com\\\/jimgreenfw\",\"https:\\\/\\\/www.instagram.com\\\/jimgreenfootwear\\\/\"]}]}<\/script>\n<meta property=\"og:availability\" content=\"out of stock\" \/>\n<meta property=\"product:availability\" content=\"out of stock\" \/>\n<meta property=\"product:retailer_item_id\" content=\"AR01_LM_HOC_OR\" \/>\n<meta property=\"product:condition\" content=\"new\" \/>\n<!-- \/ Yoast SEO plugin. -->","yoast_head_json":{"title":"African Ranger - Leather Midsole - Houston Brown - Jim Green","robots":{"index":"index","follow":"follow","max-snippet":"max-snippet:-1","max-image-preview":"max-image-preview:large","max-video-preview":"max-video-preview:-1"},"canonical":"https:\/\/jimgreenfootwear.eu\/de\/store\/african-ranger-houston-brown-leather-midsole\/","og_locale":"de_DE","og_type":"article","og_title":"African Ranger - Leather Midsole - Houston Brown - Jim Green","og_description":"For every 10 pairs sold we donate a pair to a Ranger https:\/\/www.gameranger.org","og_url":"https:\/\/jimgreenfootwear.eu\/de\/store\/african-ranger-houston-brown-leather-midsole\/","og_site_name":"Jim Green","article_publisher":"https:\/\/www.facebook.com\/jimgreenfootwear\/","article_modified_time":"2026-02-08T19:50:06+00:00","og_image":[{"width":1100,"height":1100,"url":"https:\/\/jimgreenfootwear.eu\/wp-content\/uploads\/2025\/05\/AR01_HOC_01.jpg","type":"image\/jpeg"}],"twitter_card":"summary_large_image","twitter_site":"@jimgreenfw","twitter_misc":{"Verf\u00fcgbarkeit":"ausverkauft"},"schema":{"@context":"https:\/\/schema.org","@graph":[{"@type":"WebPage","@id":"https:\/\/jimgreenfootwear.eu\/de\/store\/african-ranger-houston-brown-leather-midsole\/","url":"https:\/\/jimgreenfootwear.eu\/de\/store\/african-ranger-houston-brown-leather-midsole\/","name":"African Ranger - Leather Midsole - Houston Brown - Jim Green","isPartOf":{"@id":"https:\/\/jimgreenfootwear.eu\/#website"},"primaryImageOfPage":{"@id":"https:\/\/jimgreenfootwear.eu\/de\/store\/african-ranger-houston-brown-leather-midsole\/#primaryimage"},"image":{"@id":"https:\/\/jimgreenfootwear.eu\/de\/store\/african-ranger-houston-brown-leather-midsole\/#primaryimage"},"thumbnailUrl":"https:\/\/jimgreenfootwear.eu\/wp-content\/uploads\/2025\/05\/AR01_HOC_01.jpg","datePublished":"2025-05-26T20:34:53+00:00","dateModified":"2026-02-08T19:50:06+00:00","breadcrumb":{"@id":"https:\/\/jimgreenfootwear.eu\/de\/store\/african-ranger-houston-brown-leather-midsole\/#breadcrumb"},"inLanguage":"de","potentialAction":[{"@type":"ReadAction","target":["https:\/\/jimgreenfootwear.eu\/de\/store\/african-ranger-houston-brown-leather-midsole\/"]}]},{"@type":"ImageObject","inLanguage":"de","@id":"https:\/\/jimgreenfootwear.eu\/de\/store\/african-ranger-houston-brown-leather-midsole\/#primaryimage","url":"https:\/\/jimgreenfootwear.eu\/wp-content\/uploads\/2025\/05\/AR01_HOC_01.jpg","contentUrl":"https:\/\/jimgreenfootwear.eu\/wp-content\/uploads\/2025\/05\/AR01_HOC_01.jpg","width":1100,"height":1100},{"@type":"BreadcrumbList","@id":"https:\/\/jimgreenfootwear.eu\/de\/store\/african-ranger-houston-brown-leather-midsole\/#breadcrumb","itemListElement":[{"@type":"ListItem","position":1,"name":"Home","item":"https:\/\/jimgreenfootwear.eu\/de\/"},{"@type":"ListItem","position":2,"name":"Shop","item":"https:\/\/jimgreenfootwear.eu\/de\/shop\/"},{"@type":"ListItem","position":3,"name":"African Ranger &#8211; Leather Midsole &#8211; Houston Brown"}]},{"@type":"WebSite","@id":"https:\/\/jimgreenfootwear.eu\/#website","url":"https:\/\/jimgreenfootwear.eu\/","name":"Jim Green","description":"Footwear EU - Quality Hiking &amp; Safety Boots","publisher":{"@id":"https:\/\/jimgreenfootwear.eu\/#organization"},"potentialAction":[{"@type":"SearchAction","target":{"@type":"EntryPoint","urlTemplate":"https:\/\/jimgreenfootwear.eu\/?s={search_term_string}"},"query-input":{"@type":"PropertyValueSpecification","valueRequired":true,"valueName":"search_term_string"}}],"inLanguage":"de"},{"@type":"Organization","@id":"https:\/\/jimgreenfootwear.eu\/#organization","name":"Jim Green Footwear","alternateName":"Jim Green","url":"https:\/\/jimgreenfootwear.eu\/","logo":{"@type":"ImageObject","inLanguage":"de","@id":"https:\/\/jimgreenfootwear.eu\/#\/schema\/logo\/image\/","url":"https:\/\/jimgreenfootwear.eu\/wp-content\/uploads\/2023\/11\/Jim-Green-4-copy@4x.png","contentUrl":"https:\/\/jimgreenfootwear.eu\/wp-content\/uploads\/2023\/11\/Jim-Green-4-copy@4x.png","width":1940,"height":1940,"caption":"Jim Green Footwear"},"image":{"@id":"https:\/\/jimgreenfootwear.eu\/#\/schema\/logo\/image\/"},"sameAs":["https:\/\/www.facebook.com\/jimgreenfootwear\/","https:\/\/x.com\/jimgreenfw","https:\/\/www.instagram.com\/jimgreenfootwear\/"]}]},"og_availability":"out of stock","product_availability":"out of stock","product_retailer_item_id":"AR01_LM_HOC_OR","product_condition":"new"},"_links":{"self":[{"href":"https:\/\/jimgreenfootwear.eu\/de\/wp-json\/wp\/v2\/product\/55200","targetHints":{"allow":["GET"]}}],"collection":[{"href":"https:\/\/jimgreenfootwear.eu\/de\/wp-json\/wp\/v2\/product"}],"about":[{"href":"https:\/\/jimgreenfootwear.eu\/de\/wp-json\/wp\/v2\/types\/product"}],"replies":[{"embeddable":true,"href":"https:\/\/jimgreenfootwear.eu\/de\/wp-json\/wp\/v2\/comments?post=55200"}],"wp:featuredmedia":[{"embeddable":true,"href":"https:\/\/jimgreenfootwear.eu\/de\/wp-json\/wp\/v2\/media\/53246"}],"wp:attachment":[{"href":"https:\/\/jimgreenfootwear.eu\/de\/wp-json\/wp\/v2\/media?parent=55200"}],"wp:term":[{"taxonomy":"product_brand","embeddable":true,"href":"https:\/\/jimgreenfootwear.eu\/de\/wp-json\/wp\/v2\/product_brand?post=55200"},{"taxonomy":"product_cat","embeddable":true,"href":"https:\/\/jimgreenfootwear.eu\/de\/wp-json\/wp\/v2\/product_cat?post=55200"},{"taxonomy":"product_tag","embeddable":true,"href":"https:\/\/jimgreenfootwear.eu\/de\/wp-json\/wp\/v2\/product_tag?post=55200"}],"curies":[{"name":"wp","href":"https:\/\/api.w.org\/{rel}","templated":true}]}}