{"id":56538,"date":"2025-11-03T21:18:03","date_gmt":"2025-11-03T19:18:03","guid":{"rendered":"https:\/\/jimgreenfootwear.eu\/store\/barefoot-workhorse-moc-toe-houston-black\/"},"modified":"2026-03-26T18:13:27","modified_gmt":"2026-03-26T16:13:27","slug":"barefoot-workhorse-moc-toe-houston-black","status":"publish","type":"product","link":"https:\/\/jimgreenfootwear.eu\/de\/store\/barefoot-workhorse-moc-toe-houston-black\/","title":{"rendered":"Barefoot Workhorse &#8211; Moc-Toe &#8211; Houston Black"},"content":{"rendered":"<div class=\"wpb-content-wrapper\"><p>[vc_row css=&#8221;.vc_custom_padding_settings{padding-right: 15px !important; padding-left: 15px !important; padding-bottom: 20px !important;}&#8221;][vc_column width=&#8221;5\/6&#8243; css=&#8221;.vc_custom_padding_settings{padding-right: 15px !important; padding-left: 15px !important;}&#8221;][vc_column_text css=&#8221;&#8221;]<\/p>\n<h3><strong><span style=\"font-family: nathan-serif; font-size: 24pt;\">Workhorse Barefoot Moc Toe Boot \u2013 gebaut f\u00fcr Langlebigkeit, auf Komfort ausgelegt<\/span><\/strong><\/h3>\n<p>[\/vc_column_text][\/vc_column][vc_column width=&#8221;1\/6&#8243;][\/vc_column][\/vc_row][vc_row][vc_column][vc_column_text]<\/p>\n<p>[\/vc_column_text][\/vc_column][\/vc_row][vc_row css=&#8221;.vc_custom_padding_settings{padding-right: 15px !important; padding-left: 15px !important; padding-bottom: 20px !important;}&#8221;][vc_column width=&#8221;1\/2&#8243; css=&#8221;.vc_custom_padding_settings{padding-right: 15px !important; padding-left: 15px !important; padding-bottom: 20px !important;}&#8221;][vc_column_text css=&#8221;&#8221;]<\/p>\n<p data-start=\"376\" data-end=\"837\"><span style=\"font-family: nathan-serif; font-size: 14pt;\">Der Workhorse ist Jim Greens Interpretation des klassischen Barefoot Moc Toe Work Boot, gefertigt mit einer echten Mokassin-Konstruktion, die ihn deutlich von anderen Modellen abhebt \u2013 und das zu einem hervorragenden Preis.<\/span><br data-start=\"611\" data-end=\"614\" \/><span style=\"font-family: nathan-serif; font-size: 14pt;\">Das Design ist so vielseitig wie dein Alltag \u2013 robust, funktional und bequem.<\/span><br data-start=\"691\" data-end=\"694\" \/><span style=\"font-family: nathan-serif; font-size: 14pt;\">Die Kombination aus Ledermittelsohle und echter Mokassin-Verarbeitung sorgt f\u00fcr ganzt\u00e4gigen Tragekomfort und nat\u00fcrliche Flexibilit\u00e4t.<\/span><\/p>\n<p data-start=\"839\" data-end=\"1033\"><span style=\"font-family: nathan-serif; font-size: 14pt;\">Ob auf der Baustelle, bei Abenteuern in der Natur oder im t\u00e4glichen Einsatz \u2013 dieser Schuh ist daf\u00fcr gemacht, dich \u00fcberallhin zu begleiten, mit verl\u00e4sslicher Unterst\u00fctzung und Haltbarkeit.<\/span><\/p>\n<p data-start=\"1035\" data-end=\"1337\"><span style=\"font-family: nathan-serif; font-size: 14pt;\">Entwickelt f\u00fcr Arbeiter, Abenteurer und alle, die von ihren Schuhen nur das Beste erwarten, vereint der Workhorse traditionelle Handwerkskunst mit Jim Greens typischer Robustheit und Langlebigkeit.<\/span><br data-start=\"1244\" data-end=\"1247\" \/><span style=\"font-family: nathan-serif; font-size: 14pt;\">Ganz gleich, wohin dich der Tag f\u00fchrt \u2013 dieser Boot ist bereit f\u00fcr jede Herausforderung.<\/span><\/p>\n<p data-start=\"1339\" data-end=\"1656\"><span style=\"font-family: nathan-serif; font-size: 14pt;\">In Kombination mit unserer neuen Africa Barefoot-Sohle bietet er ein verbessertes Bodengef\u00fchl, griffige Traktion und au\u00dfergew\u00f6hnliche Haltbarkeit \u2013 perfekt f\u00fcr den st\u00e4dtischen Alltag ebenso wie f\u00fcr Abenteuer abseits der Wege.<\/span><br data-start=\"1576\" data-end=\"1579\" \/><span style=\"font-family: nathan-serif; font-size: 14pt;\">Kein k\u00fcnstliches Fu\u00dfbett, keine Spielereien \u2013 nur echte Barfu\u00dffreiheit.<\/span><\/p>\n<p data-start=\"1658\" data-end=\"1864\"><span style=\"font-family: nathan-serif; font-size: 14pt;\">Wenn du nach einem Schuh suchst, der breit, robust und darauf ausgelegt ist, deine F\u00fc\u00dfe nat\u00fcrlich und zufrieden zu halten, dann ist der neue Workhorse Barefoot Moc Toe Boot genau der Richtige.<\/span><\/p>\n<p>[\/vc_column_text][\/vc_column][vc_column width=&#8221;1\/2&#8243; el_class=&#8221;features&#8221;][vc_column_text css=&#8221;&#8221;]<\/p>\n<ul>\n<li><span style=\"font-family: nathan-serif; font-size: 14pt;\">Verk\u00f6rpert die klassischen Merkmale eines traditionellen Moc-Toe-Designs, gefertigt mit au\u00dfergew\u00f6hnlicher Sorgfalt und h\u00f6chster Verarbeitungsqualit\u00e4t.<\/span><\/li>\n<li><span style=\"font-family: nathan-serif; font-size: 14pt;\">Hergestellt aus doppeltem Lederaufbau: 2,2 mm ge\u00f6ltes Nubukleder, innen gef\u00fcttert mit 1,6 mm Kalbsleder.<\/span><\/li>\n<li><span style=\"font-family: nathan-serif; font-size: 14pt;\">Fersenverst\u00e4rkungen f\u00fcr zus\u00e4tzliche Stabilit\u00e4t, Halt und Schutz.<\/span><\/li>\n<li><span style=\"font-family: nathan-serif; font-size: 14pt;\">Weiche, lederne Lasche mit Seitenfalte f\u00fcr mehr Komfort und geringeres Gewicht.<\/span><\/li>\n<li><span style=\"font-family: nathan-serif; font-size: 14pt;\">Kein Stahlgelenk, um maximale Flexibilit\u00e4t zu gew\u00e4hrleisten.<\/span><\/li>\n<li><span style=\"font-family: nathan-serif; font-size: 14pt;\">Ledermittelsohle und Zwischensohle aus Kunstharz f\u00fcr zus\u00e4tzlichen Komfort und Langlebigkeit.<\/span><\/li>\n<li><span style=\"font-family: nathan-serif; font-size: 14pt;\">Robuste Haken und \u00d6sen f\u00fcr sicheren Halt und festen Sitz.<\/span><\/li>\n<li><span style=\"font-family: nathan-serif; font-size: 14pt;\">Die Mittelsohle ist per Blake-Naht fest mit dem Schaft verbunden.<\/span><\/li>\n<li><span style=\"font-family: nathan-serif; font-size: 14pt;\">Wiederbesohlbar.<\/span><\/li>\n<li><span style=\"font-family: nathan-serif; font-size: 14pt;\"><span style=\"text-decoration: underline;\"><strong>Barefoot Zero Drop-Leisten<\/strong><\/span> \u2013 mit 3E-Weite und gro\u00dfz\u00fcgiger Zehenbox f\u00fcr ein nat\u00fcrliches Barfu\u00dfgef\u00fchl ohne Absatzsprengung.<\/span><\/li>\n<li><span style=\"font-family: nathan-serif; font-size: 14pt;\">Die Barefoot-Modelle sind mit einer integrierten halben Ledersocke (Einlegesohle) ausgestattet; keine zus\u00e4tzliche Fu\u00dfbettsohle enthalten.<\/span><\/li>\n<li><span style=\"font-family: nathan-serif; font-size: 14pt;\"><strong><span style=\"text-decoration: underline;\">Sohle: Africa Barefoot Sole<\/span><\/strong> \u2013 aus echtem Gummi, entwickelt f\u00fcr hohe Haltbarkeit und zuverl\u00e4ssigen Grip, mit einer weicheren Haptik f\u00fcr mehr Komfort.<\/span><\/li>\n<li><span style=\"font-family: nathan-serif; font-size: 14pt;\">Gewicht: 1,40 kg (08 UK).<\/span><\/li>\n<li><span style=\"font-family: nathan-serif; font-size: 14pt;\">Schn\u00fcrsenkel: 150 cm.<\/span><\/li>\n<li><span style=\"font-family: nathan-serif; font-size: 14pt;\">100 % hergestellt in S\u00fcdafrika.<\/span><\/li>\n<\/ul>\n<p>[\/vc_column_text][\/vc_column][\/vc_row]<\/p>\n<\/div>","protected":false},"excerpt":{"rendered":"<p>[vc_row css=&#8221;.vc_custom_padding_settings{padding-right: 15px !important; padding-left: 15px !important; padding-bottom: 20px !important;}&#8221;][vc_column width=&#8221;5\/6&#8243; css=&#8221;.vc_custom_padding_settings{padding-right: 15px !important; padding-left: 15px !important;}&#8221;][vc_column_text css=&#8221;&#8221;] Workhorse Barefoot Moc Toe Boot \u2013 gebaut f\u00fcr Langlebigkeit, auf Komfort ausgelegt [\/vc_column_text][\/vc_column][vc_column width=&#8221;1\/6&#8243;][\/vc_column][\/vc_row][vc_row][vc_column][vc_column_text] [\/vc_column_text][\/vc_column][\/vc_row][vc_row css=&#8221;.vc_custom_padding_settings{padding-right: 15px !important; padding-left: 15px !important; padding-bottom: 20px !important;}&#8221;][vc_column width=&#8221;1\/2&#8243; css=&#8221;.vc_custom_padding_settings{padding-right: 15px !important; padding-left: 15px !important; padding-bottom: 20px !important;}&#8221;][vc_column_text css=&#8221;&#8221;] Der Workhorse [&hellip;]<\/p>\n","protected":false},"featured_media":56039,"comment_status":"open","ping_status":"closed","template":"","meta":{"_acf_changed":false},"product_brand":[],"product_cat":[285,316,521,535,536],"product_tag":[],"class_list":{"0":"post-56538","1":"product","2":"type-product","3":"status-publish","4":"has-post-thumbnail","6":"product_cat-all-de-2","7":"product_cat-barefoot-boots-de","8":"product_cat-live-de","9":"product_cat-moc-toe-de","10":"product_cat-workhorse-de","11":"product_shipping_class-boots","12":"tm-has-options","14":"first","15":"outofstock","16":"taxable","17":"shipping-taxable","18":"purchasable","19":"product-type-variable"},"group_of_quantity":0,"min_quantity":0,"max_quantity":"","exclude_order_quantity_value_rules":"no","exclude_category_quantity_rules":"no","combine_variations":"no","acf":[],"yoast_head":"<!-- This site is optimized with the Yoast SEO plugin v27.3 - https:\/\/yoast.com\/product\/yoast-seo-wordpress\/ -->\n<title>Barefoot Workhorse - Moc-Toe - Houston Black - Jim Green<\/title>\n<meta name=\"robots\" content=\"index, follow, max-snippet:-1, max-image-preview:large, max-video-preview:-1\" \/>\n<link rel=\"canonical\" href=\"https:\/\/jimgreenfootwear.eu\/de\/store\/barefoot-workhorse-moc-toe-houston-black\/\" \/>\n<meta property=\"og:locale\" content=\"de_DE\" \/>\n<meta property=\"og:type\" content=\"article\" \/>\n<meta property=\"og:title\" content=\"Barefoot Workhorse - Moc-Toe - Houston Black - Jim Green\" \/>\n<meta property=\"og:description\" content=\"[vc_row css=&#8221;.vc_custom_padding_settings{padding-right: 15px !important; padding-left: 15px !important; padding-bottom: 20px !important;}&#8221;][vc_column width=&#8221;5\/6&#8243; css=&#8221;.vc_custom_padding_settings{padding-right: 15px !important; padding-left: 15px !important;}&#8221;][vc_column_text css=&#8221;&#8221;] Workhorse Barefoot Moc Toe Boot \u2013 gebaut f\u00fcr Langlebigkeit, auf Komfort ausgelegt [\/vc_column_text][\/vc_column][vc_column width=&#8221;1\/6&#8243;][\/vc_column][\/vc_row][vc_row][vc_column][vc_column_text] [\/vc_column_text][\/vc_column][\/vc_row][vc_row css=&#8221;.vc_custom_padding_settings{padding-right: 15px !important; padding-left: 15px !important; padding-bottom: 20px !important;}&#8221;][vc_column width=&#8221;1\/2&#8243; css=&#8221;.vc_custom_padding_settings{padding-right: 15px !important; padding-left: 15px !important; padding-bottom: 20px !important;}&#8221;][vc_column_text css=&#8221;&#8221;] Der Workhorse [&hellip;]\" \/>\n<meta property=\"og:url\" content=\"https:\/\/jimgreenfootwear.eu\/de\/store\/barefoot-workhorse-moc-toe-houston-black\/\" \/>\n<meta property=\"og:site_name\" content=\"Jim Green\" \/>\n<meta property=\"article:publisher\" content=\"https:\/\/www.facebook.com\/jimgreenfootwear\/\" \/>\n<meta property=\"article:modified_time\" content=\"2026-03-26T16:13:27+00:00\" \/>\n<meta property=\"og:image\" content=\"https:\/\/jimgreenfootwear.eu\/wp-content\/uploads\/2025\/11\/MT01Z-HOA-AM1-Profile.jpg\" \/>\n\t<meta property=\"og:image:width\" content=\"1200\" \/>\n\t<meta property=\"og:image:height\" content=\"1200\" \/>\n\t<meta property=\"og:image:type\" content=\"image\/jpeg\" \/>\n<meta name=\"twitter:card\" content=\"summary_large_image\" \/>\n<meta name=\"twitter:site\" content=\"@jimgreenfw\" \/>\n<meta name=\"twitter:label1\" content=\"Verf\u00fcgbarkeit\" \/>\n\t<meta name=\"twitter:data1\" content=\"ausverkauft\" \/>\n<script type=\"application\/ld+json\" class=\"yoast-schema-graph\">{\"@context\":\"https:\\\/\\\/schema.org\",\"@graph\":[{\"@type\":\"WebPage\",\"@id\":\"https:\\\/\\\/jimgreenfootwear.eu\\\/de\\\/store\\\/barefoot-workhorse-moc-toe-houston-black\\\/\",\"url\":\"https:\\\/\\\/jimgreenfootwear.eu\\\/de\\\/store\\\/barefoot-workhorse-moc-toe-houston-black\\\/\",\"name\":\"Barefoot Workhorse - Moc-Toe - Houston Black - Jim Green\",\"isPartOf\":{\"@id\":\"https:\\\/\\\/jimgreenfootwear.eu\\\/#website\"},\"primaryImageOfPage\":{\"@id\":\"https:\\\/\\\/jimgreenfootwear.eu\\\/de\\\/store\\\/barefoot-workhorse-moc-toe-houston-black\\\/#primaryimage\"},\"image\":{\"@id\":\"https:\\\/\\\/jimgreenfootwear.eu\\\/de\\\/store\\\/barefoot-workhorse-moc-toe-houston-black\\\/#primaryimage\"},\"thumbnailUrl\":\"https:\\\/\\\/jimgreenfootwear.eu\\\/wp-content\\\/uploads\\\/2025\\\/11\\\/MT01Z-HOA-AM1-Profile.jpg\",\"datePublished\":\"2025-11-03T19:18:03+00:00\",\"dateModified\":\"2026-03-26T16:13:27+00:00\",\"breadcrumb\":{\"@id\":\"https:\\\/\\\/jimgreenfootwear.eu\\\/de\\\/store\\\/barefoot-workhorse-moc-toe-houston-black\\\/#breadcrumb\"},\"inLanguage\":\"de\",\"potentialAction\":[{\"@type\":\"ReadAction\",\"target\":[\"https:\\\/\\\/jimgreenfootwear.eu\\\/de\\\/store\\\/barefoot-workhorse-moc-toe-houston-black\\\/\"]}]},{\"@type\":\"ImageObject\",\"inLanguage\":\"de\",\"@id\":\"https:\\\/\\\/jimgreenfootwear.eu\\\/de\\\/store\\\/barefoot-workhorse-moc-toe-houston-black\\\/#primaryimage\",\"url\":\"https:\\\/\\\/jimgreenfootwear.eu\\\/wp-content\\\/uploads\\\/2025\\\/11\\\/MT01Z-HOA-AM1-Profile.jpg\",\"contentUrl\":\"https:\\\/\\\/jimgreenfootwear.eu\\\/wp-content\\\/uploads\\\/2025\\\/11\\\/MT01Z-HOA-AM1-Profile.jpg\",\"width\":1200,\"height\":1200},{\"@type\":\"BreadcrumbList\",\"@id\":\"https:\\\/\\\/jimgreenfootwear.eu\\\/de\\\/store\\\/barefoot-workhorse-moc-toe-houston-black\\\/#breadcrumb\",\"itemListElement\":[{\"@type\":\"ListItem\",\"position\":1,\"name\":\"Home\",\"item\":\"https:\\\/\\\/jimgreenfootwear.eu\\\/de\\\/\"},{\"@type\":\"ListItem\",\"position\":2,\"name\":\"Shop\",\"item\":\"https:\\\/\\\/jimgreenfootwear.eu\\\/de\\\/shop\\\/\"},{\"@type\":\"ListItem\",\"position\":3,\"name\":\"Barefoot Workhorse &#8211; Moc-Toe &#8211; Houston Black\"}]},{\"@type\":\"WebSite\",\"@id\":\"https:\\\/\\\/jimgreenfootwear.eu\\\/#website\",\"url\":\"https:\\\/\\\/jimgreenfootwear.eu\\\/\",\"name\":\"Jim Green\",\"description\":\"Footwear EU - Quality Hiking &amp; Safety Boots\",\"publisher\":{\"@id\":\"https:\\\/\\\/jimgreenfootwear.eu\\\/#organization\"},\"potentialAction\":[{\"@type\":\"SearchAction\",\"target\":{\"@type\":\"EntryPoint\",\"urlTemplate\":\"https:\\\/\\\/jimgreenfootwear.eu\\\/?s={search_term_string}\"},\"query-input\":{\"@type\":\"PropertyValueSpecification\",\"valueRequired\":true,\"valueName\":\"search_term_string\"}}],\"inLanguage\":\"de\"},{\"@type\":\"Organization\",\"@id\":\"https:\\\/\\\/jimgreenfootwear.eu\\\/#organization\",\"name\":\"Jim Green Footwear\",\"alternateName\":\"Jim Green\",\"url\":\"https:\\\/\\\/jimgreenfootwear.eu\\\/\",\"logo\":{\"@type\":\"ImageObject\",\"inLanguage\":\"de\",\"@id\":\"https:\\\/\\\/jimgreenfootwear.eu\\\/#\\\/schema\\\/logo\\\/image\\\/\",\"url\":\"https:\\\/\\\/jimgreenfootwear.eu\\\/wp-content\\\/uploads\\\/2023\\\/11\\\/Jim-Green-4-copy@4x.png\",\"contentUrl\":\"https:\\\/\\\/jimgreenfootwear.eu\\\/wp-content\\\/uploads\\\/2023\\\/11\\\/Jim-Green-4-copy@4x.png\",\"width\":1940,\"height\":1940,\"caption\":\"Jim Green Footwear\"},\"image\":{\"@id\":\"https:\\\/\\\/jimgreenfootwear.eu\\\/#\\\/schema\\\/logo\\\/image\\\/\"},\"sameAs\":[\"https:\\\/\\\/www.facebook.com\\\/jimgreenfootwear\\\/\",\"https:\\\/\\\/x.com\\\/jimgreenfw\",\"https:\\\/\\\/www.instagram.com\\\/jimgreenfootwear\\\/\"]}]}<\/script>\n<meta property=\"og:availability\" content=\"out of stock\" \/>\n<meta property=\"product:availability\" content=\"out of stock\" \/>\n<meta property=\"product:retailer_item_id\" content=\"MT01Z_HOA_AM1\" \/>\n<meta property=\"product:condition\" content=\"new\" \/>\n<!-- \/ Yoast SEO plugin. -->","yoast_head_json":{"title":"Barefoot Workhorse - Moc-Toe - Houston Black - Jim Green","robots":{"index":"index","follow":"follow","max-snippet":"max-snippet:-1","max-image-preview":"max-image-preview:large","max-video-preview":"max-video-preview:-1"},"canonical":"https:\/\/jimgreenfootwear.eu\/de\/store\/barefoot-workhorse-moc-toe-houston-black\/","og_locale":"de_DE","og_type":"article","og_title":"Barefoot Workhorse - Moc-Toe - Houston Black - Jim Green","og_description":"[vc_row css=&#8221;.vc_custom_padding_settings{padding-right: 15px !important; padding-left: 15px !important; padding-bottom: 20px !important;}&#8221;][vc_column width=&#8221;5\/6&#8243; css=&#8221;.vc_custom_padding_settings{padding-right: 15px !important; padding-left: 15px !important;}&#8221;][vc_column_text css=&#8221;&#8221;] Workhorse Barefoot Moc Toe Boot \u2013 gebaut f\u00fcr Langlebigkeit, auf Komfort ausgelegt [\/vc_column_text][\/vc_column][vc_column width=&#8221;1\/6&#8243;][\/vc_column][\/vc_row][vc_row][vc_column][vc_column_text] [\/vc_column_text][\/vc_column][\/vc_row][vc_row css=&#8221;.vc_custom_padding_settings{padding-right: 15px !important; padding-left: 15px !important; padding-bottom: 20px !important;}&#8221;][vc_column width=&#8221;1\/2&#8243; css=&#8221;.vc_custom_padding_settings{padding-right: 15px !important; padding-left: 15px !important; padding-bottom: 20px !important;}&#8221;][vc_column_text css=&#8221;&#8221;] Der Workhorse [&hellip;]","og_url":"https:\/\/jimgreenfootwear.eu\/de\/store\/barefoot-workhorse-moc-toe-houston-black\/","og_site_name":"Jim Green","article_publisher":"https:\/\/www.facebook.com\/jimgreenfootwear\/","article_modified_time":"2026-03-26T16:13:27+00:00","og_image":[{"width":1200,"height":1200,"url":"https:\/\/jimgreenfootwear.eu\/wp-content\/uploads\/2025\/11\/MT01Z-HOA-AM1-Profile.jpg","type":"image\/jpeg"}],"twitter_card":"summary_large_image","twitter_site":"@jimgreenfw","twitter_misc":{"Verf\u00fcgbarkeit":"ausverkauft"},"schema":{"@context":"https:\/\/schema.org","@graph":[{"@type":"WebPage","@id":"https:\/\/jimgreenfootwear.eu\/de\/store\/barefoot-workhorse-moc-toe-houston-black\/","url":"https:\/\/jimgreenfootwear.eu\/de\/store\/barefoot-workhorse-moc-toe-houston-black\/","name":"Barefoot Workhorse - Moc-Toe - Houston Black - Jim Green","isPartOf":{"@id":"https:\/\/jimgreenfootwear.eu\/#website"},"primaryImageOfPage":{"@id":"https:\/\/jimgreenfootwear.eu\/de\/store\/barefoot-workhorse-moc-toe-houston-black\/#primaryimage"},"image":{"@id":"https:\/\/jimgreenfootwear.eu\/de\/store\/barefoot-workhorse-moc-toe-houston-black\/#primaryimage"},"thumbnailUrl":"https:\/\/jimgreenfootwear.eu\/wp-content\/uploads\/2025\/11\/MT01Z-HOA-AM1-Profile.jpg","datePublished":"2025-11-03T19:18:03+00:00","dateModified":"2026-03-26T16:13:27+00:00","breadcrumb":{"@id":"https:\/\/jimgreenfootwear.eu\/de\/store\/barefoot-workhorse-moc-toe-houston-black\/#breadcrumb"},"inLanguage":"de","potentialAction":[{"@type":"ReadAction","target":["https:\/\/jimgreenfootwear.eu\/de\/store\/barefoot-workhorse-moc-toe-houston-black\/"]}]},{"@type":"ImageObject","inLanguage":"de","@id":"https:\/\/jimgreenfootwear.eu\/de\/store\/barefoot-workhorse-moc-toe-houston-black\/#primaryimage","url":"https:\/\/jimgreenfootwear.eu\/wp-content\/uploads\/2025\/11\/MT01Z-HOA-AM1-Profile.jpg","contentUrl":"https:\/\/jimgreenfootwear.eu\/wp-content\/uploads\/2025\/11\/MT01Z-HOA-AM1-Profile.jpg","width":1200,"height":1200},{"@type":"BreadcrumbList","@id":"https:\/\/jimgreenfootwear.eu\/de\/store\/barefoot-workhorse-moc-toe-houston-black\/#breadcrumb","itemListElement":[{"@type":"ListItem","position":1,"name":"Home","item":"https:\/\/jimgreenfootwear.eu\/de\/"},{"@type":"ListItem","position":2,"name":"Shop","item":"https:\/\/jimgreenfootwear.eu\/de\/shop\/"},{"@type":"ListItem","position":3,"name":"Barefoot Workhorse &#8211; Moc-Toe &#8211; Houston Black"}]},{"@type":"WebSite","@id":"https:\/\/jimgreenfootwear.eu\/#website","url":"https:\/\/jimgreenfootwear.eu\/","name":"Jim Green","description":"Footwear EU - Quality Hiking &amp; Safety Boots","publisher":{"@id":"https:\/\/jimgreenfootwear.eu\/#organization"},"potentialAction":[{"@type":"SearchAction","target":{"@type":"EntryPoint","urlTemplate":"https:\/\/jimgreenfootwear.eu\/?s={search_term_string}"},"query-input":{"@type":"PropertyValueSpecification","valueRequired":true,"valueName":"search_term_string"}}],"inLanguage":"de"},{"@type":"Organization","@id":"https:\/\/jimgreenfootwear.eu\/#organization","name":"Jim Green Footwear","alternateName":"Jim Green","url":"https:\/\/jimgreenfootwear.eu\/","logo":{"@type":"ImageObject","inLanguage":"de","@id":"https:\/\/jimgreenfootwear.eu\/#\/schema\/logo\/image\/","url":"https:\/\/jimgreenfootwear.eu\/wp-content\/uploads\/2023\/11\/Jim-Green-4-copy@4x.png","contentUrl":"https:\/\/jimgreenfootwear.eu\/wp-content\/uploads\/2023\/11\/Jim-Green-4-copy@4x.png","width":1940,"height":1940,"caption":"Jim Green Footwear"},"image":{"@id":"https:\/\/jimgreenfootwear.eu\/#\/schema\/logo\/image\/"},"sameAs":["https:\/\/www.facebook.com\/jimgreenfootwear\/","https:\/\/x.com\/jimgreenfw","https:\/\/www.instagram.com\/jimgreenfootwear\/"]}]},"og_availability":"out of stock","product_availability":"out of stock","product_retailer_item_id":"MT01Z_HOA_AM1","product_condition":"new"},"_links":{"self":[{"href":"https:\/\/jimgreenfootwear.eu\/de\/wp-json\/wp\/v2\/product\/56538","targetHints":{"allow":["GET"]}}],"collection":[{"href":"https:\/\/jimgreenfootwear.eu\/de\/wp-json\/wp\/v2\/product"}],"about":[{"href":"https:\/\/jimgreenfootwear.eu\/de\/wp-json\/wp\/v2\/types\/product"}],"replies":[{"embeddable":true,"href":"https:\/\/jimgreenfootwear.eu\/de\/wp-json\/wp\/v2\/comments?post=56538"}],"wp:featuredmedia":[{"embeddable":true,"href":"https:\/\/jimgreenfootwear.eu\/de\/wp-json\/wp\/v2\/media\/56039"}],"wp:attachment":[{"href":"https:\/\/jimgreenfootwear.eu\/de\/wp-json\/wp\/v2\/media?parent=56538"}],"wp:term":[{"taxonomy":"product_brand","embeddable":true,"href":"https:\/\/jimgreenfootwear.eu\/de\/wp-json\/wp\/v2\/product_brand?post=56538"},{"taxonomy":"product_cat","embeddable":true,"href":"https:\/\/jimgreenfootwear.eu\/de\/wp-json\/wp\/v2\/product_cat?post=56538"},{"taxonomy":"product_tag","embeddable":true,"href":"https:\/\/jimgreenfootwear.eu\/de\/wp-json\/wp\/v2\/product_tag?post=56538"}],"curies":[{"name":"wp","href":"https:\/\/api.w.org\/{rel}","templated":true}]}}