{"id":56779,"date":"2025-10-19T19:28:33","date_gmt":"2025-10-19T17:28:33","guid":{"rendered":"https:\/\/jimgreenfootwear.eu\/store\/oringo-wedge-sole\/"},"modified":"2026-03-03T22:18:45","modified_gmt":"2026-03-03T20:18:45","slug":"oringo-wedge-sole","status":"publish","type":"product","link":"https:\/\/jimgreenfootwear.eu\/de\/store\/oringo-wedge-sole\/","title":{"rendered":"Soles &#8211; Oringo Wedge Sole Brown"},"content":{"rendered":"<h3><span style=\"font-family: nathan-serif; font-size: 24pt;\"><strong>Jim Green Oringo Sohle \u2013 Leiser Grip f\u00fcr den Busch<\/strong><\/span><\/h3>\n<p data-start=\"233\" data-end=\"574\"><span style=\"font-family: nathan-serif; font-size: 14pt;\">Die <strong data-start=\"237\" data-end=\"269\">Jim Green Oringo Ersatzsohle<\/strong> wurde f\u00fcr lautloses Gehen und sicheren Halt entwickelt. Ihr griffiges Profil sorgt f\u00fcr zuverl\u00e4ssigen Tritt, w\u00e4hrend die weichere Gummimischung die Ger\u00e4usche beim Gehen deutlich reduziert \u2013 ideal zum Spurenlesen, Jagen oder leisen Erkunden des afrikanischen Buschs.<\/span><br data-start=\"534\" data-end=\"537\" \/><span style=\"font-family: nathan-serif; font-size: 14pt;\">Kompatibel mit allen Jim Green Boots.<\/span><\/p>\n","protected":false},"excerpt":{"rendered":"<p>Jim Green Oringo Sohle \u2013 Leiser Grip f\u00fcr den Busch Die Jim Green Oringo Ersatzsohle wurde f\u00fcr lautloses Gehen und sicheren Halt entwickelt. Ihr griffiges Profil sorgt f\u00fcr zuverl\u00e4ssigen Tritt, w\u00e4hrend die weichere Gummimischung die Ger\u00e4usche beim Gehen deutlich reduziert \u2013 ideal zum Spurenlesen, Jagen oder leisen Erkunden des afrikanischen Buschs.Kompatibel mit allen Jim Green [&hellip;]<\/p>\n","protected":false},"featured_media":53207,"comment_status":"open","ping_status":"closed","template":"","meta":{"_acf_changed":false},"product_brand":[],"product_cat":[676],"product_tag":[],"class_list":{"0":"post-56779","1":"product","2":"type-product","3":"status-publish","4":"has-post-thumbnail","6":"product_cat-sohlen","7":"tm-no-options","9":"first","10":"outofstock","11":"taxable","12":"shipping-taxable","13":"purchasable","14":"product-type-variable"},"group_of_quantity":0,"min_quantity":0,"max_quantity":"","exclude_order_quantity_value_rules":"no","exclude_category_quantity_rules":"no","combine_variations":"no","acf":[],"yoast_head":"<!-- This site is optimized with the Yoast SEO plugin v27.4 - https:\/\/yoast.com\/product\/yoast-seo-wordpress\/ -->\n<title>Soles - Oringo Wedge Sole Brown - Jim Green<\/title>\n<meta name=\"robots\" content=\"index, follow, max-snippet:-1, max-image-preview:large, max-video-preview:-1\" \/>\n<link rel=\"canonical\" href=\"https:\/\/jimgreenfootwear.eu\/de\/store\/oringo-wedge-sole\/\" \/>\n<meta property=\"og:locale\" content=\"de_DE\" \/>\n<meta property=\"og:type\" content=\"article\" \/>\n<meta property=\"og:title\" content=\"Soles - Oringo Wedge Sole Brown - Jim Green\" \/>\n<meta property=\"og:description\" content=\"Jim Green Oringo Sohle \u2013 Leiser Grip f\u00fcr den Busch Die Jim Green Oringo Ersatzsohle wurde f\u00fcr lautloses Gehen und sicheren Halt entwickelt. Ihr griffiges Profil sorgt f\u00fcr zuverl\u00e4ssigen Tritt, w\u00e4hrend die weichere Gummimischung die Ger\u00e4usche beim Gehen deutlich reduziert \u2013 ideal zum Spurenlesen, Jagen oder leisen Erkunden des afrikanischen Buschs.Kompatibel mit allen Jim Green [&hellip;]\" \/>\n<meta property=\"og:url\" content=\"https:\/\/jimgreenfootwear.eu\/de\/store\/oringo-wedge-sole\/\" \/>\n<meta property=\"og:site_name\" content=\"Jim Green\" \/>\n<meta property=\"article:publisher\" content=\"https:\/\/www.facebook.com\/jimgreenfootwear\/\" \/>\n<meta property=\"article:modified_time\" content=\"2026-03-03T20:18:45+00:00\" \/>\n<meta property=\"og:image\" content=\"https:\/\/jimgreenfootwear.eu\/wp-content\/uploads\/2025\/05\/OR-Oringo-Sole-Brown-min.png\" \/>\n\t<meta property=\"og:image:width\" content=\"1200\" \/>\n\t<meta property=\"og:image:height\" content=\"1200\" \/>\n\t<meta property=\"og:image:type\" content=\"image\/png\" \/>\n<meta name=\"twitter:card\" content=\"summary_large_image\" \/>\n<meta name=\"twitter:site\" content=\"@jimgreenfw\" \/>\n<meta name=\"twitter:label1\" content=\"Verf\u00fcgbarkeit\" \/>\n\t<meta name=\"twitter:data1\" content=\"ausverkauft\" \/>\n<script type=\"application\/ld+json\" class=\"yoast-schema-graph\">{\"@context\":\"https:\\\/\\\/schema.org\",\"@graph\":[{\"@type\":\"WebPage\",\"@id\":\"https:\\\/\\\/jimgreenfootwear.eu\\\/de\\\/store\\\/oringo-wedge-sole\\\/\",\"url\":\"https:\\\/\\\/jimgreenfootwear.eu\\\/de\\\/store\\\/oringo-wedge-sole\\\/\",\"name\":\"Soles - Oringo Wedge Sole Brown - Jim Green\",\"isPartOf\":{\"@id\":\"https:\\\/\\\/jimgreenfootwear.eu\\\/#website\"},\"primaryImageOfPage\":{\"@id\":\"https:\\\/\\\/jimgreenfootwear.eu\\\/de\\\/store\\\/oringo-wedge-sole\\\/#primaryimage\"},\"image\":{\"@id\":\"https:\\\/\\\/jimgreenfootwear.eu\\\/de\\\/store\\\/oringo-wedge-sole\\\/#primaryimage\"},\"thumbnailUrl\":\"https:\\\/\\\/jimgreenfootwear.eu\\\/wp-content\\\/uploads\\\/2025\\\/05\\\/OR-Oringo-Sole-Brown-min.png\",\"datePublished\":\"2025-10-19T17:28:33+00:00\",\"dateModified\":\"2026-03-03T20:18:45+00:00\",\"breadcrumb\":{\"@id\":\"https:\\\/\\\/jimgreenfootwear.eu\\\/de\\\/store\\\/oringo-wedge-sole\\\/#breadcrumb\"},\"inLanguage\":\"de\",\"potentialAction\":[{\"@type\":\"ReadAction\",\"target\":[\"https:\\\/\\\/jimgreenfootwear.eu\\\/de\\\/store\\\/oringo-wedge-sole\\\/\"]}]},{\"@type\":\"ImageObject\",\"inLanguage\":\"de\",\"@id\":\"https:\\\/\\\/jimgreenfootwear.eu\\\/de\\\/store\\\/oringo-wedge-sole\\\/#primaryimage\",\"url\":\"https:\\\/\\\/jimgreenfootwear.eu\\\/wp-content\\\/uploads\\\/2025\\\/05\\\/OR-Oringo-Sole-Brown-min.png\",\"contentUrl\":\"https:\\\/\\\/jimgreenfootwear.eu\\\/wp-content\\\/uploads\\\/2025\\\/05\\\/OR-Oringo-Sole-Brown-min.png\",\"width\":1200,\"height\":1200},{\"@type\":\"BreadcrumbList\",\"@id\":\"https:\\\/\\\/jimgreenfootwear.eu\\\/de\\\/store\\\/oringo-wedge-sole\\\/#breadcrumb\",\"itemListElement\":[{\"@type\":\"ListItem\",\"position\":1,\"name\":\"Home\",\"item\":\"https:\\\/\\\/jimgreenfootwear.eu\\\/de\\\/\"},{\"@type\":\"ListItem\",\"position\":2,\"name\":\"Shop\",\"item\":\"https:\\\/\\\/jimgreenfootwear.eu\\\/de\\\/shop\\\/\"},{\"@type\":\"ListItem\",\"position\":3,\"name\":\"Soles &#8211; Oringo Wedge Sole Brown\"}]},{\"@type\":\"WebSite\",\"@id\":\"https:\\\/\\\/jimgreenfootwear.eu\\\/#website\",\"url\":\"https:\\\/\\\/jimgreenfootwear.eu\\\/\",\"name\":\"Jim Green\",\"description\":\"Footwear EU - Quality Hiking &amp; Safety Boots\",\"publisher\":{\"@id\":\"https:\\\/\\\/jimgreenfootwear.eu\\\/#organization\"},\"potentialAction\":[{\"@type\":\"SearchAction\",\"target\":{\"@type\":\"EntryPoint\",\"urlTemplate\":\"https:\\\/\\\/jimgreenfootwear.eu\\\/?s={search_term_string}\"},\"query-input\":{\"@type\":\"PropertyValueSpecification\",\"valueRequired\":true,\"valueName\":\"search_term_string\"}}],\"inLanguage\":\"de\"},{\"@type\":\"Organization\",\"@id\":\"https:\\\/\\\/jimgreenfootwear.eu\\\/#organization\",\"name\":\"Jim Green Footwear\",\"alternateName\":\"Jim Green\",\"url\":\"https:\\\/\\\/jimgreenfootwear.eu\\\/\",\"logo\":{\"@type\":\"ImageObject\",\"inLanguage\":\"de\",\"@id\":\"https:\\\/\\\/jimgreenfootwear.eu\\\/#\\\/schema\\\/logo\\\/image\\\/\",\"url\":\"https:\\\/\\\/jimgreenfootwear.eu\\\/wp-content\\\/uploads\\\/2023\\\/11\\\/Jim-Green-4-copy@4x.png\",\"contentUrl\":\"https:\\\/\\\/jimgreenfootwear.eu\\\/wp-content\\\/uploads\\\/2023\\\/11\\\/Jim-Green-4-copy@4x.png\",\"width\":1940,\"height\":1940,\"caption\":\"Jim Green Footwear\"},\"image\":{\"@id\":\"https:\\\/\\\/jimgreenfootwear.eu\\\/#\\\/schema\\\/logo\\\/image\\\/\"},\"sameAs\":[\"https:\\\/\\\/www.facebook.com\\\/jimgreenfootwear\\\/\",\"https:\\\/\\\/x.com\\\/jimgreenfw\",\"https:\\\/\\\/www.instagram.com\\\/jimgreenfootwear\\\/\"]}]}<\/script>\n<meta property=\"og:availability\" content=\"out of stock\" \/>\n<meta property=\"product:availability\" content=\"out of stock\" \/>\n<meta property=\"product:retailer_item_id\" content=\"ORINGO_BRN\" \/>\n<meta property=\"product:condition\" content=\"new\" \/>\n<!-- \/ Yoast SEO plugin. -->","yoast_head_json":{"title":"Soles - Oringo Wedge Sole Brown - Jim Green","robots":{"index":"index","follow":"follow","max-snippet":"max-snippet:-1","max-image-preview":"max-image-preview:large","max-video-preview":"max-video-preview:-1"},"canonical":"https:\/\/jimgreenfootwear.eu\/de\/store\/oringo-wedge-sole\/","og_locale":"de_DE","og_type":"article","og_title":"Soles - Oringo Wedge Sole Brown - Jim Green","og_description":"Jim Green Oringo Sohle \u2013 Leiser Grip f\u00fcr den Busch Die Jim Green Oringo Ersatzsohle wurde f\u00fcr lautloses Gehen und sicheren Halt entwickelt. Ihr griffiges Profil sorgt f\u00fcr zuverl\u00e4ssigen Tritt, w\u00e4hrend die weichere Gummimischung die Ger\u00e4usche beim Gehen deutlich reduziert \u2013 ideal zum Spurenlesen, Jagen oder leisen Erkunden des afrikanischen Buschs.Kompatibel mit allen Jim Green [&hellip;]","og_url":"https:\/\/jimgreenfootwear.eu\/de\/store\/oringo-wedge-sole\/","og_site_name":"Jim Green","article_publisher":"https:\/\/www.facebook.com\/jimgreenfootwear\/","article_modified_time":"2026-03-03T20:18:45+00:00","og_image":[{"width":1200,"height":1200,"url":"https:\/\/jimgreenfootwear.eu\/wp-content\/uploads\/2025\/05\/OR-Oringo-Sole-Brown-min.png","type":"image\/png"}],"twitter_card":"summary_large_image","twitter_site":"@jimgreenfw","twitter_misc":{"Verf\u00fcgbarkeit":"ausverkauft"},"schema":{"@context":"https:\/\/schema.org","@graph":[{"@type":"WebPage","@id":"https:\/\/jimgreenfootwear.eu\/de\/store\/oringo-wedge-sole\/","url":"https:\/\/jimgreenfootwear.eu\/de\/store\/oringo-wedge-sole\/","name":"Soles - Oringo Wedge Sole Brown - Jim Green","isPartOf":{"@id":"https:\/\/jimgreenfootwear.eu\/#website"},"primaryImageOfPage":{"@id":"https:\/\/jimgreenfootwear.eu\/de\/store\/oringo-wedge-sole\/#primaryimage"},"image":{"@id":"https:\/\/jimgreenfootwear.eu\/de\/store\/oringo-wedge-sole\/#primaryimage"},"thumbnailUrl":"https:\/\/jimgreenfootwear.eu\/wp-content\/uploads\/2025\/05\/OR-Oringo-Sole-Brown-min.png","datePublished":"2025-10-19T17:28:33+00:00","dateModified":"2026-03-03T20:18:45+00:00","breadcrumb":{"@id":"https:\/\/jimgreenfootwear.eu\/de\/store\/oringo-wedge-sole\/#breadcrumb"},"inLanguage":"de","potentialAction":[{"@type":"ReadAction","target":["https:\/\/jimgreenfootwear.eu\/de\/store\/oringo-wedge-sole\/"]}]},{"@type":"ImageObject","inLanguage":"de","@id":"https:\/\/jimgreenfootwear.eu\/de\/store\/oringo-wedge-sole\/#primaryimage","url":"https:\/\/jimgreenfootwear.eu\/wp-content\/uploads\/2025\/05\/OR-Oringo-Sole-Brown-min.png","contentUrl":"https:\/\/jimgreenfootwear.eu\/wp-content\/uploads\/2025\/05\/OR-Oringo-Sole-Brown-min.png","width":1200,"height":1200},{"@type":"BreadcrumbList","@id":"https:\/\/jimgreenfootwear.eu\/de\/store\/oringo-wedge-sole\/#breadcrumb","itemListElement":[{"@type":"ListItem","position":1,"name":"Home","item":"https:\/\/jimgreenfootwear.eu\/de\/"},{"@type":"ListItem","position":2,"name":"Shop","item":"https:\/\/jimgreenfootwear.eu\/de\/shop\/"},{"@type":"ListItem","position":3,"name":"Soles &#8211; Oringo Wedge Sole Brown"}]},{"@type":"WebSite","@id":"https:\/\/jimgreenfootwear.eu\/#website","url":"https:\/\/jimgreenfootwear.eu\/","name":"Jim Green","description":"Footwear EU - Quality Hiking &amp; Safety Boots","publisher":{"@id":"https:\/\/jimgreenfootwear.eu\/#organization"},"potentialAction":[{"@type":"SearchAction","target":{"@type":"EntryPoint","urlTemplate":"https:\/\/jimgreenfootwear.eu\/?s={search_term_string}"},"query-input":{"@type":"PropertyValueSpecification","valueRequired":true,"valueName":"search_term_string"}}],"inLanguage":"de"},{"@type":"Organization","@id":"https:\/\/jimgreenfootwear.eu\/#organization","name":"Jim Green Footwear","alternateName":"Jim Green","url":"https:\/\/jimgreenfootwear.eu\/","logo":{"@type":"ImageObject","inLanguage":"de","@id":"https:\/\/jimgreenfootwear.eu\/#\/schema\/logo\/image\/","url":"https:\/\/jimgreenfootwear.eu\/wp-content\/uploads\/2023\/11\/Jim-Green-4-copy@4x.png","contentUrl":"https:\/\/jimgreenfootwear.eu\/wp-content\/uploads\/2023\/11\/Jim-Green-4-copy@4x.png","width":1940,"height":1940,"caption":"Jim Green Footwear"},"image":{"@id":"https:\/\/jimgreenfootwear.eu\/#\/schema\/logo\/image\/"},"sameAs":["https:\/\/www.facebook.com\/jimgreenfootwear\/","https:\/\/x.com\/jimgreenfw","https:\/\/www.instagram.com\/jimgreenfootwear\/"]}]},"og_availability":"out of stock","product_availability":"out of stock","product_retailer_item_id":"ORINGO_BRN","product_condition":"new"},"_links":{"self":[{"href":"https:\/\/jimgreenfootwear.eu\/de\/wp-json\/wp\/v2\/product\/56779","targetHints":{"allow":["GET"]}}],"collection":[{"href":"https:\/\/jimgreenfootwear.eu\/de\/wp-json\/wp\/v2\/product"}],"about":[{"href":"https:\/\/jimgreenfootwear.eu\/de\/wp-json\/wp\/v2\/types\/product"}],"replies":[{"embeddable":true,"href":"https:\/\/jimgreenfootwear.eu\/de\/wp-json\/wp\/v2\/comments?post=56779"}],"wp:featuredmedia":[{"embeddable":true,"href":"https:\/\/jimgreenfootwear.eu\/de\/wp-json\/wp\/v2\/media\/53207"}],"wp:attachment":[{"href":"https:\/\/jimgreenfootwear.eu\/de\/wp-json\/wp\/v2\/media?parent=56779"}],"wp:term":[{"taxonomy":"product_brand","embeddable":true,"href":"https:\/\/jimgreenfootwear.eu\/de\/wp-json\/wp\/v2\/product_brand?post=56779"},{"taxonomy":"product_cat","embeddable":true,"href":"https:\/\/jimgreenfootwear.eu\/de\/wp-json\/wp\/v2\/product_cat?post=56779"},{"taxonomy":"product_tag","embeddable":true,"href":"https:\/\/jimgreenfootwear.eu\/de\/wp-json\/wp\/v2\/product_tag?post=56779"}],"curies":[{"name":"wp","href":"https:\/\/api.w.org\/{rel}","templated":true}]}}