{"id":56948,"date":"2025-11-03T21:18:03","date_gmt":"2025-11-03T19:18:03","guid":{"rendered":"https:\/\/jimgreenfootwear.eu\/store\/anatomx-barefoot-african-ranger-bronco-brown\/"},"modified":"2026-03-29T12:23:17","modified_gmt":"2026-03-29T10:23:17","slug":"anatomx-barefoot-african-ranger-bronco-brown","status":"publish","type":"product","link":"https:\/\/jimgreenfootwear.eu\/de\/store\/anatomx-barefoot-african-ranger-bronco-brown\/","title":{"rendered":"AnatomX Barefoot African Ranger &#8211; Bronco Brown"},"content":{"rendered":"<div class=\"wpb-content-wrapper\"><p>[vc_row css=&#8221;.vc_custom_1727037243659{padding-right: 15px !important;padding-bottom: 20px !important;padding-left: 15px !important;}&#8221;][vc_column width=&#8221;5\/6&#8243; css=&#8221;.vc_custom_1727037261507{padding-right: 15px !important;padding-left: 15px !important;}&#8221;][vc_column_text css=&#8221;&#8221;]<\/p>\n<h3><strong><span style=\"font-family: nathan-serif; font-size: 24pt;\">Entdecke das echte Barfu\u00dfgef\u00fchl \u2013 mit dem X-Wide African Ranger Barefoot<\/span><\/strong><\/h3>\n<p>[\/vc_column_text][\/vc_column][vc_column width=&#8221;1\/6&#8243;][\/vc_column][\/vc_row][vc_row css=&#8221;.vc_custom_1727037558482{padding-right: 15px !important;padding-left: 15px !important;padding-bottom: 20px !important;}&#8221;][vc_column width=&#8221;1\/2&#8243; css=&#8221;.vc_custom_1727037575311{padding-right: 15px !important;padding-bottom: 20px !important;padding-left: 15px !important;}&#8221;][vc_column_text css=&#8221;&#8221;]<\/p>\n<p data-start=\"291\" data-end=\"859\"><span style=\"font-size: 14pt; font-family: nathan-serif;\">Der African Ranger Barfu\u00dfschuh steht ganz im Zeichen von Nat\u00fcrlichkeit und Komfort \u2013 und jetzt ist er besser als je zuvor: mit dem neuen AnatomX African Ranger Barefoot.<\/span><br data-start=\"475\" data-end=\"478\" \/><span style=\"font-size: 14pt; font-family: nathan-serif;\">Dank unseres neu entwickelten, anatomisch geformten Zero-Drop-Leistens bietet diese Version das bislang authentischste Barfu\u00dferlebnis \u2013 mit einer Passform, die der nat\u00fcrlichen Form deines Fu\u00dfes wirklich folgt.<\/span><br data-start=\"691\" data-end=\"694\" \/><span style=\"font-size: 14pt; font-family: nathan-serif;\">Die gro\u00dfz\u00fcgige Zehenbox gibt deinen Zehen Raum, sich frei zu spreizen, ohne sich eingeengt zu f\u00fchlen \u2013 f\u00fcr eine entspannte, nat\u00fcrliche Haltung bei jedem Schritt.<\/span><\/p>\n<p data-start=\"861\" data-end=\"1499\"><span style=\"font-size: 14pt; font-family: nathan-serif;\">In Kombination mit unserer brandneuen Africa Barefoot-Sohle erh\u00e4ltst du verbesserten Bodenkontakt, robuste Haltbarkeit und sicheren Grip \u2013 perfekt f\u00fcr den Gro\u00dfstadtdschungel ebenso wie f\u00fcr Abenteuer abseits der Wege.<\/span><br data-start=\"1081\" data-end=\"1084\" \/><span style=\"font-size: 14pt; font-family: nathan-serif;\">Die Schuhe sind \u00e4u\u00dferst flexibel und erm\u00f6glichen es deinen F\u00fc\u00dfen, sich zu beugen, zu drehen und zu bewegen \u2013 genau so, wie es die Natur vorgesehen hat.<\/span><br data-start=\"1240\" data-end=\"1243\" \/><span style=\"font-size: 14pt; font-family: nathan-serif;\">Kein k\u00fcnstliches Fu\u00dfgew\u00f6lbe, keine Spielereien \u2013 nur echte Barfu\u00dffreiheit.<\/span><br data-start=\"1321\" data-end=\"1324\" \/><span style=\"font-size: 14pt; font-family: nathan-serif;\">Wenn du nach einem weiten, robusten und nat\u00fcrlichen Stiefel suchst, der deine F\u00fc\u00dfe gl\u00fccklich macht \u2013 dann ist der neue African Ranger Barefoot genau der Richtige.<\/span><\/p>\n<p>[\/vc_column_text][\/vc_column][vc_column width=&#8221;1\/2&#8243; el_class=&#8221;features&#8221; css=&#8221;.vc_custom_1727037575311{padding-right: 15px !important;padding-left: 15px !important;}&#8221;][vc_column_text css=&#8221;&#8221;]<\/p>\n<ul>\n<li data-start=\"234\" data-end=\"346\"><span style=\"font-family: nathan-serif; font-size: 14pt;\">Unter drei Hauptaspekten entwickelt: Komfort, Langlebigkeit und Erschwinglichkeit.<\/span><\/li>\n<li data-start=\"349\" data-end=\"509\"><span style=\"font-family: nathan-serif; font-size: 14pt;\">Die Africa Wide-Sohle bietet hervorragenden Grip und Strapazierf\u00e4higkeit \u2013 und vermittelt dabei das nat\u00fcrliche Gef\u00fchl, barfu\u00df \u00fcber jedes Terrain zu gehen.<\/span><\/li>\n<li data-start=\"512\" data-end=\"652\"><span style=\"font-family: nathan-serif; font-size: 14pt;\">Fersen- und \u00d6senbereich bestehen aus einer doppelten Schicht 2,2 mm starkem, ge\u00f6ltem Pull-Up-Vollleder f\u00fcr zus\u00e4tzliche Robustheit.<\/span><\/li>\n<li data-start=\"655\" data-end=\"727\"><span style=\"font-family: nathan-serif; font-size: 14pt;\">Eine integrierte Fersenkappe sorgt f\u00fcr Kn\u00f6chelhalt und Schutz.<\/span><\/li>\n<li data-start=\"730\" data-end=\"813\"><span style=\"font-family: nathan-serif; font-size: 14pt;\">Weicher Lederkragen und Zunge erh\u00f6hen den Komfort und reduzieren das Gewicht.<\/span><\/li>\n<li data-start=\"816\" data-end=\"881\"><span style=\"font-family: nathan-serif; font-size: 14pt;\">Kein Stahlgelenk (Steel Shank) \u2013 f\u00fcr maximale Flexibilit\u00e4t.<\/span><\/li>\n<li data-start=\"884\" data-end=\"985\"><span style=\"font-family: nathan-serif; font-size: 14pt;\">Eine Lederzwischensohle bietet zus\u00e4tzlichen Komfort, Flexibilit\u00e4t und ein direktes Bodengef\u00fchl.<\/span><\/li>\n<li data-start=\"988\" data-end=\"1056\"><span style=\"font-family: nathan-serif; font-size: 14pt;\">Robuste Speedhooks und \u00d6sen sorgen f\u00fcr sicheren Sitz und Halt.<\/span><\/li>\n<li data-start=\"1059\" data-end=\"1187\"><span style=\"font-family: nathan-serif; font-size: 14pt;\">Die Lederzwischensohle ist mit einem 2,2 mm geflochtenen Nylonfaden doppelt vern\u00e4ht und fest mit dem Schaft verbunden.<\/span><\/li>\n<li data-start=\"1190\" data-end=\"1314\"><span style=\"font-family: nathan-serif; font-size: 14pt;\">Wie bei all unseren Schuhen ist eine Wiederbesohlung dank der Double-Stitch-Down-Konstruktion problemlos m\u00f6glich.<\/span><\/li>\n<li data-start=\"1317\" data-end=\"1503\"><span style=\"font-family: nathan-serif; font-size: 14pt;\">Unsere Barfu\u00dfschuhe\u00a0sind mit einer integrierten halben Ledersocke (Einlage) ausgestattet. Sie werden nicht standardm\u00e4\u00dfig mit einer losen Lederinnensohle\/Fu\u00dfbett geliefert.<\/span><\/li>\n<li data-start=\"1506\" data-end=\"1685\"><span style=\"font-family: nathan-serif; font-size: 14pt;\"><strong><span style=\"text-decoration: underline;\">Barfu\u00df-anatomischer Leisten:<\/span><\/strong> extraweite 4E-Passform, Zero Drop, mit fu\u00dff\u00f6rmiger, ger\u00e4umiger Zehenbox \u2013 f\u00fcr ein nat\u00fcrliches Barfu\u00dferlebnis mit viel Bewegungsfreiheit.<\/span><\/li>\n<li data-start=\"1688\" data-end=\"1808\"><span style=\"font-family: nathan-serif; font-size: 14pt;\"><strong><span style=\"text-decoration: underline;\">Sohle: Africa Barefoot Sole<\/span><\/strong> \u2013 aus echtem Gummi, f\u00fcr Haltbarkeit, Grip und ein angenehm weiches Laufgef\u00fchl.<\/span><\/li>\n<li data-start=\"1811\" data-end=\"1845\"><span style=\"font-family: nathan-serif; font-size: 14pt;\">Gewicht: 1,06 kg (Gr\u00f6\u00dfe 08).<\/span><\/li>\n<li data-start=\"1848\" data-end=\"1875\"><span style=\"font-family: nathan-serif; font-size: 14pt;\">Schn\u00fcrsenkel: 120 cm.<\/span><\/li>\n<\/ul>\n<p>[\/vc_column_text][\/vc_column][\/vc_row]<\/p>\n<\/div>","protected":false},"excerpt":{"rendered":"<h4><a href=\"https:\/\/www.gameranger.org\"><img loading=\"lazy\" decoding=\"async\" class=\"alignleft wp-image-15403\" src=\"https:\/\/jimgreenfootwear.co.za\/wp-content\/uploads\/2021\/11\/GRAA-Logo-Ranger-Boot-Jim-Green-Footwear.png\" alt=\"\" width=\"61\" height=\"90\" \/><\/a><\/h4>\n<h4><strong>For every 10 pairs sold we donate a pair to a Ranger<\/strong><\/h4>\n<p><a href=\"https:\/\/www.gameranger.org\">https:\/\/www.gameranger.org<\/a><\/p>\n","protected":false},"featured_media":56075,"comment_status":"open","ping_status":"closed","template":"","meta":{"_acf_changed":false},"product_brand":[],"product_cat":[329,285,316],"product_tag":[],"class_list":{"0":"post-56948","1":"product","2":"type-product","3":"status-publish","4":"has-post-thumbnail","6":"product_cat-african-ranger-de-2","7":"product_cat-all-de-2","8":"product_cat-barefoot-boots-de","9":"product_shipping_class-boots","10":"tm-has-options","12":"first","13":"instock","14":"taxable","15":"shipping-taxable","16":"purchasable","17":"product-type-variable"},"group_of_quantity":0,"min_quantity":0,"max_quantity":"","exclude_order_quantity_value_rules":"no","exclude_category_quantity_rules":"no","combine_variations":"no","acf":[],"yoast_head":"<!-- This site is optimized with the Yoast SEO plugin v27.3 - https:\/\/yoast.com\/product\/yoast-seo-wordpress\/ -->\n<title>AnatomX Barefoot African Ranger - Bronco Brown - Jim Green<\/title>\n<meta name=\"robots\" content=\"index, follow, max-snippet:-1, max-image-preview:large, max-video-preview:-1\" \/>\n<link rel=\"canonical\" href=\"https:\/\/jimgreenfootwear.eu\/de\/store\/anatomx-barefoot-african-ranger-bronco-brown\/\" \/>\n<meta property=\"og:locale\" content=\"de_DE\" \/>\n<meta property=\"og:type\" content=\"article\" \/>\n<meta property=\"og:title\" content=\"AnatomX Barefoot African Ranger - Bronco Brown - Jim Green\" \/>\n<meta property=\"og:description\" content=\"For every 10 pairs sold we donate a pair to a Ranger https:\/\/www.gameranger.org\" \/>\n<meta property=\"og:url\" content=\"https:\/\/jimgreenfootwear.eu\/de\/store\/anatomx-barefoot-african-ranger-bronco-brown\/\" \/>\n<meta property=\"og:site_name\" content=\"Jim Green\" \/>\n<meta property=\"article:publisher\" content=\"https:\/\/www.facebook.com\/jimgreenfootwear\/\" \/>\n<meta property=\"article:modified_time\" content=\"2026-03-29T10:23:17+00:00\" \/>\n<meta property=\"og:image\" content=\"https:\/\/jimgreenfootwear.eu\/wp-content\/uploads\/2025\/11\/AR02Z-BCC-AW1-Profile-1.jpg\" \/>\n\t<meta property=\"og:image:width\" content=\"1200\" \/>\n\t<meta property=\"og:image:height\" content=\"1200\" \/>\n\t<meta property=\"og:image:type\" content=\"image\/jpeg\" \/>\n<meta name=\"twitter:card\" content=\"summary_large_image\" \/>\n<meta name=\"twitter:site\" content=\"@jimgreenfw\" \/>\n<meta name=\"twitter:label1\" content=\"Verf\u00fcgbarkeit\" \/>\n\t<meta name=\"twitter:data1\" content=\"Auf Lager\" \/>\n<script type=\"application\/ld+json\" class=\"yoast-schema-graph\">{\"@context\":\"https:\\\/\\\/schema.org\",\"@graph\":[{\"@type\":\"WebPage\",\"@id\":\"https:\\\/\\\/jimgreenfootwear.eu\\\/de\\\/store\\\/anatomx-barefoot-african-ranger-bronco-brown\\\/\",\"url\":\"https:\\\/\\\/jimgreenfootwear.eu\\\/de\\\/store\\\/anatomx-barefoot-african-ranger-bronco-brown\\\/\",\"name\":\"AnatomX Barefoot African Ranger - Bronco Brown - Jim Green\",\"isPartOf\":{\"@id\":\"https:\\\/\\\/jimgreenfootwear.eu\\\/#website\"},\"primaryImageOfPage\":{\"@id\":\"https:\\\/\\\/jimgreenfootwear.eu\\\/de\\\/store\\\/anatomx-barefoot-african-ranger-bronco-brown\\\/#primaryimage\"},\"image\":{\"@id\":\"https:\\\/\\\/jimgreenfootwear.eu\\\/de\\\/store\\\/anatomx-barefoot-african-ranger-bronco-brown\\\/#primaryimage\"},\"thumbnailUrl\":\"https:\\\/\\\/jimgreenfootwear.eu\\\/wp-content\\\/uploads\\\/2025\\\/11\\\/AR02Z-BCC-AW1-Profile-1.jpg\",\"datePublished\":\"2025-11-03T19:18:03+00:00\",\"dateModified\":\"2026-03-29T10:23:17+00:00\",\"breadcrumb\":{\"@id\":\"https:\\\/\\\/jimgreenfootwear.eu\\\/de\\\/store\\\/anatomx-barefoot-african-ranger-bronco-brown\\\/#breadcrumb\"},\"inLanguage\":\"de\",\"potentialAction\":[{\"@type\":\"ReadAction\",\"target\":[\"https:\\\/\\\/jimgreenfootwear.eu\\\/de\\\/store\\\/anatomx-barefoot-african-ranger-bronco-brown\\\/\"]}]},{\"@type\":\"ImageObject\",\"inLanguage\":\"de\",\"@id\":\"https:\\\/\\\/jimgreenfootwear.eu\\\/de\\\/store\\\/anatomx-barefoot-african-ranger-bronco-brown\\\/#primaryimage\",\"url\":\"https:\\\/\\\/jimgreenfootwear.eu\\\/wp-content\\\/uploads\\\/2025\\\/11\\\/AR02Z-BCC-AW1-Profile-1.jpg\",\"contentUrl\":\"https:\\\/\\\/jimgreenfootwear.eu\\\/wp-content\\\/uploads\\\/2025\\\/11\\\/AR02Z-BCC-AW1-Profile-1.jpg\",\"width\":1200,\"height\":1200},{\"@type\":\"BreadcrumbList\",\"@id\":\"https:\\\/\\\/jimgreenfootwear.eu\\\/de\\\/store\\\/anatomx-barefoot-african-ranger-bronco-brown\\\/#breadcrumb\",\"itemListElement\":[{\"@type\":\"ListItem\",\"position\":1,\"name\":\"Home\",\"item\":\"https:\\\/\\\/jimgreenfootwear.eu\\\/de\\\/\"},{\"@type\":\"ListItem\",\"position\":2,\"name\":\"Shop\",\"item\":\"https:\\\/\\\/jimgreenfootwear.eu\\\/de\\\/shop\\\/\"},{\"@type\":\"ListItem\",\"position\":3,\"name\":\"AnatomX Barefoot African Ranger &#8211; Bronco Brown\"}]},{\"@type\":\"WebSite\",\"@id\":\"https:\\\/\\\/jimgreenfootwear.eu\\\/#website\",\"url\":\"https:\\\/\\\/jimgreenfootwear.eu\\\/\",\"name\":\"Jim Green\",\"description\":\"Footwear EU - Quality Hiking &amp; Safety Boots\",\"publisher\":{\"@id\":\"https:\\\/\\\/jimgreenfootwear.eu\\\/#organization\"},\"potentialAction\":[{\"@type\":\"SearchAction\",\"target\":{\"@type\":\"EntryPoint\",\"urlTemplate\":\"https:\\\/\\\/jimgreenfootwear.eu\\\/?s={search_term_string}\"},\"query-input\":{\"@type\":\"PropertyValueSpecification\",\"valueRequired\":true,\"valueName\":\"search_term_string\"}}],\"inLanguage\":\"de\"},{\"@type\":\"Organization\",\"@id\":\"https:\\\/\\\/jimgreenfootwear.eu\\\/#organization\",\"name\":\"Jim Green Footwear\",\"alternateName\":\"Jim Green\",\"url\":\"https:\\\/\\\/jimgreenfootwear.eu\\\/\",\"logo\":{\"@type\":\"ImageObject\",\"inLanguage\":\"de\",\"@id\":\"https:\\\/\\\/jimgreenfootwear.eu\\\/#\\\/schema\\\/logo\\\/image\\\/\",\"url\":\"https:\\\/\\\/jimgreenfootwear.eu\\\/wp-content\\\/uploads\\\/2023\\\/11\\\/Jim-Green-4-copy@4x.png\",\"contentUrl\":\"https:\\\/\\\/jimgreenfootwear.eu\\\/wp-content\\\/uploads\\\/2023\\\/11\\\/Jim-Green-4-copy@4x.png\",\"width\":1940,\"height\":1940,\"caption\":\"Jim Green Footwear\"},\"image\":{\"@id\":\"https:\\\/\\\/jimgreenfootwear.eu\\\/#\\\/schema\\\/logo\\\/image\\\/\"},\"sameAs\":[\"https:\\\/\\\/www.facebook.com\\\/jimgreenfootwear\\\/\",\"https:\\\/\\\/x.com\\\/jimgreenfw\",\"https:\\\/\\\/www.instagram.com\\\/jimgreenfootwear\\\/\"]}]}<\/script>\n<meta property=\"og:availability\" content=\"instock\" \/>\n<meta property=\"product:availability\" content=\"instock\" \/>\n<meta property=\"product:retailer_item_id\" content=\"AR02Z_BCC_AW1\" \/>\n<meta property=\"product:condition\" content=\"new\" \/>\n<!-- \/ Yoast SEO plugin. -->","yoast_head_json":{"title":"AnatomX Barefoot African Ranger - Bronco Brown - Jim Green","robots":{"index":"index","follow":"follow","max-snippet":"max-snippet:-1","max-image-preview":"max-image-preview:large","max-video-preview":"max-video-preview:-1"},"canonical":"https:\/\/jimgreenfootwear.eu\/de\/store\/anatomx-barefoot-african-ranger-bronco-brown\/","og_locale":"de_DE","og_type":"article","og_title":"AnatomX Barefoot African Ranger - Bronco Brown - Jim Green","og_description":"For every 10 pairs sold we donate a pair to a Ranger https:\/\/www.gameranger.org","og_url":"https:\/\/jimgreenfootwear.eu\/de\/store\/anatomx-barefoot-african-ranger-bronco-brown\/","og_site_name":"Jim Green","article_publisher":"https:\/\/www.facebook.com\/jimgreenfootwear\/","article_modified_time":"2026-03-29T10:23:17+00:00","og_image":[{"width":1200,"height":1200,"url":"https:\/\/jimgreenfootwear.eu\/wp-content\/uploads\/2025\/11\/AR02Z-BCC-AW1-Profile-1.jpg","type":"image\/jpeg"}],"twitter_card":"summary_large_image","twitter_site":"@jimgreenfw","twitter_misc":{"Verf\u00fcgbarkeit":"Auf Lager"},"schema":{"@context":"https:\/\/schema.org","@graph":[{"@type":"WebPage","@id":"https:\/\/jimgreenfootwear.eu\/de\/store\/anatomx-barefoot-african-ranger-bronco-brown\/","url":"https:\/\/jimgreenfootwear.eu\/de\/store\/anatomx-barefoot-african-ranger-bronco-brown\/","name":"AnatomX Barefoot African Ranger - Bronco Brown - Jim Green","isPartOf":{"@id":"https:\/\/jimgreenfootwear.eu\/#website"},"primaryImageOfPage":{"@id":"https:\/\/jimgreenfootwear.eu\/de\/store\/anatomx-barefoot-african-ranger-bronco-brown\/#primaryimage"},"image":{"@id":"https:\/\/jimgreenfootwear.eu\/de\/store\/anatomx-barefoot-african-ranger-bronco-brown\/#primaryimage"},"thumbnailUrl":"https:\/\/jimgreenfootwear.eu\/wp-content\/uploads\/2025\/11\/AR02Z-BCC-AW1-Profile-1.jpg","datePublished":"2025-11-03T19:18:03+00:00","dateModified":"2026-03-29T10:23:17+00:00","breadcrumb":{"@id":"https:\/\/jimgreenfootwear.eu\/de\/store\/anatomx-barefoot-african-ranger-bronco-brown\/#breadcrumb"},"inLanguage":"de","potentialAction":[{"@type":"ReadAction","target":["https:\/\/jimgreenfootwear.eu\/de\/store\/anatomx-barefoot-african-ranger-bronco-brown\/"]}]},{"@type":"ImageObject","inLanguage":"de","@id":"https:\/\/jimgreenfootwear.eu\/de\/store\/anatomx-barefoot-african-ranger-bronco-brown\/#primaryimage","url":"https:\/\/jimgreenfootwear.eu\/wp-content\/uploads\/2025\/11\/AR02Z-BCC-AW1-Profile-1.jpg","contentUrl":"https:\/\/jimgreenfootwear.eu\/wp-content\/uploads\/2025\/11\/AR02Z-BCC-AW1-Profile-1.jpg","width":1200,"height":1200},{"@type":"BreadcrumbList","@id":"https:\/\/jimgreenfootwear.eu\/de\/store\/anatomx-barefoot-african-ranger-bronco-brown\/#breadcrumb","itemListElement":[{"@type":"ListItem","position":1,"name":"Home","item":"https:\/\/jimgreenfootwear.eu\/de\/"},{"@type":"ListItem","position":2,"name":"Shop","item":"https:\/\/jimgreenfootwear.eu\/de\/shop\/"},{"@type":"ListItem","position":3,"name":"AnatomX Barefoot African Ranger &#8211; Bronco Brown"}]},{"@type":"WebSite","@id":"https:\/\/jimgreenfootwear.eu\/#website","url":"https:\/\/jimgreenfootwear.eu\/","name":"Jim Green","description":"Footwear EU - Quality Hiking &amp; Safety Boots","publisher":{"@id":"https:\/\/jimgreenfootwear.eu\/#organization"},"potentialAction":[{"@type":"SearchAction","target":{"@type":"EntryPoint","urlTemplate":"https:\/\/jimgreenfootwear.eu\/?s={search_term_string}"},"query-input":{"@type":"PropertyValueSpecification","valueRequired":true,"valueName":"search_term_string"}}],"inLanguage":"de"},{"@type":"Organization","@id":"https:\/\/jimgreenfootwear.eu\/#organization","name":"Jim Green Footwear","alternateName":"Jim Green","url":"https:\/\/jimgreenfootwear.eu\/","logo":{"@type":"ImageObject","inLanguage":"de","@id":"https:\/\/jimgreenfootwear.eu\/#\/schema\/logo\/image\/","url":"https:\/\/jimgreenfootwear.eu\/wp-content\/uploads\/2023\/11\/Jim-Green-4-copy@4x.png","contentUrl":"https:\/\/jimgreenfootwear.eu\/wp-content\/uploads\/2023\/11\/Jim-Green-4-copy@4x.png","width":1940,"height":1940,"caption":"Jim Green Footwear"},"image":{"@id":"https:\/\/jimgreenfootwear.eu\/#\/schema\/logo\/image\/"},"sameAs":["https:\/\/www.facebook.com\/jimgreenfootwear\/","https:\/\/x.com\/jimgreenfw","https:\/\/www.instagram.com\/jimgreenfootwear\/"]}]},"og_availability":"instock","product_availability":"instock","product_retailer_item_id":"AR02Z_BCC_AW1","product_condition":"new"},"_links":{"self":[{"href":"https:\/\/jimgreenfootwear.eu\/de\/wp-json\/wp\/v2\/product\/56948","targetHints":{"allow":["GET"]}}],"collection":[{"href":"https:\/\/jimgreenfootwear.eu\/de\/wp-json\/wp\/v2\/product"}],"about":[{"href":"https:\/\/jimgreenfootwear.eu\/de\/wp-json\/wp\/v2\/types\/product"}],"replies":[{"embeddable":true,"href":"https:\/\/jimgreenfootwear.eu\/de\/wp-json\/wp\/v2\/comments?post=56948"}],"wp:featuredmedia":[{"embeddable":true,"href":"https:\/\/jimgreenfootwear.eu\/de\/wp-json\/wp\/v2\/media\/56075"}],"wp:attachment":[{"href":"https:\/\/jimgreenfootwear.eu\/de\/wp-json\/wp\/v2\/media?parent=56948"}],"wp:term":[{"taxonomy":"product_brand","embeddable":true,"href":"https:\/\/jimgreenfootwear.eu\/de\/wp-json\/wp\/v2\/product_brand?post=56948"},{"taxonomy":"product_cat","embeddable":true,"href":"https:\/\/jimgreenfootwear.eu\/de\/wp-json\/wp\/v2\/product_cat?post=56948"},{"taxonomy":"product_tag","embeddable":true,"href":"https:\/\/jimgreenfootwear.eu\/de\/wp-json\/wp\/v2\/product_tag?post=56948"}],"curies":[{"name":"wp","href":"https:\/\/api.w.org\/{rel}","templated":true}]}}