{"id":57430,"date":"2025-11-03T21:18:03","date_gmt":"2025-11-03T19:18:03","guid":{"rendered":"https:\/\/jimgreenfootwear.eu\/store\/numzaan-bronco-biscuit\/"},"modified":"2026-04-02T15:21:30","modified_gmt":"2026-04-02T13:21:30","slug":"numzaan-bronco-biscuit","status":"publish","type":"product","link":"https:\/\/jimgreenfootwear.eu\/de\/store\/numzaan-bronco-biscuit\/","title":{"rendered":"Numzaan &#8211; Bronco Biscuit"},"content":{"rendered":"<div class=\"wpb-content-wrapper\"><p>[vc_row css=&#8221;.vc_custom_padding_settings{padding-right: 15px !important; padding-left: 15px !important; padding-bottom: 20px !important;}&#8221;][vc_column width=&#8221;5\/6&#8243; css=&#8221;.vc_custom_padding_settings{padding-right: 15px !important; padding-left: 15px !important;}&#8221;][vc_column_text css=&#8221;&#8221;]<\/p>\n<h3><span style=\"font-family: nathan-serif; font-size: 24pt;\"><strong>Der neue \u201eChief\u201c in unserer Kollektion \u2013 Der Numzaan<\/strong><\/span><\/h3>\n<p>[\/vc_column_text][\/vc_column][vc_column width=&#8221;1\/6&#8243;][\/vc_column][\/vc_row][vc_row css=&#8221;.vc_custom_padding_settings{padding-right: 15px !important; padding-left: 15px !important; padding-bottom: 20px !important;}&#8221;][vc_column width=&#8221;1\/2&#8243; css=&#8221;.vc_custom_padding_settings{padding-right: 15px !important; padding-left: 15px !important; padding-bottom: 20px !important;}&#8221;][vc_column_text css=&#8221;&#8221;]<\/p>\n<p data-start=\"331\" data-end=\"543\"><span style=\"font-family: nathan-serif; font-size: 14pt;\">Wir haben auf unsere Kunden geh\u00f6rt und freuen uns sehr, Ihnen den Numzaan Boot pr\u00e4sentieren zu k\u00f6nnen \u2013 gefertigt mit der typischen Jim-Green-Handschrift f\u00fcr h\u00f6chste Qualit\u00e4t, Komfort und Eleganz zu jedem Anlass.<\/span><\/p>\n<p data-start=\"545\" data-end=\"905\"><span style=\"font-family: nathan-serif; font-size: 14pt;\">Abgeleitet vom Zulu-Wort \u201eNumzaan\u201c, das den Kopf einer Familie oder einen Anf\u00fchrer bezeichnet, stellen wir den Numzaan Boot stolz als den herausragenden \u201eChief\u201c unserer Kollektion vor. Inspiriert von unserem Baobab Boot vermittelt er einen klassischen Heritage-Charakter und besteht aus unserem neuen Oily Pull Up Full Grain Leder \u2013 unser bisher stilvollster Boot.<\/span><\/p>\n<p data-start=\"907\" data-end=\"1360\"><span style=\"font-family: nathan-serif; font-size: 14pt;\">Setzen Sie sich besser hin, denn es gibt viele Details zu entdecken. Der Numzaan Boot verf\u00fcgt \u00fcber ein doppelt aufgebautes Obermaterial (2,2 mm Leder, gef\u00fcttert mit 1,2 mm Kalbsleder) und eine echte Zehenkappe \u2013 zusammen ergibt das \u00fcber 5 mm Leder im Zehenbereich. Fersen- und Zehenbereich sind zudem mit thermoplastischen Verst\u00e4rkungen versehen, um zus\u00e4tzlichen Halt zu bieten. Erg\u00e4nzt wird dies durch ein schn\u00fcrbares Kn\u00f6chel-Design und eine Balgzunge.<\/span><\/p>\n<p data-start=\"1362\" data-end=\"1747\"><span style=\"font-family: nathan-serif; font-size: 14pt;\">Das speziell gestaltete Schn\u00fcrpanel sorgt f\u00fcr weniger Druck durch die Schn\u00fcrsenkel \u2013 besonders an Tagen, an denen der Boot etwas fester geschn\u00fcrt werden muss. Wir sind sogar noch einen Schritt weiter gegangen und haben eine Brandsohle aus Leder, eine Lederzwischensohle sowie einen Resin-Runner integriert (insgesamt \u00fcber 8 mm Leder), die sich nach und nach Ihrer Fu\u00dfform anpassen.<\/span><\/p>\n<p data-start=\"1749\" data-end=\"1936\"><span style=\"font-family: nathan-serif; font-size: 14pt;\">All dies wird von der innovativen Tyre Wedge Sohle abgerundet, die f\u00fcr Grip und Komfort entwickelt wurde und einen neuen Schritt in der Weiterentwicklung der Jim-Green-Range markiert.<\/span><\/p>\n<p data-start=\"1938\" data-end=\"2053\"><span style=\"font-family: nathan-serif; font-size: 14pt;\">Entdecken Sie die unvergleichliche Eleganz und den Komfort des Numzaan Boot \u2013 ein wahrer Anf\u00fchrer in unserer Range!<\/span><\/p>\n<p>[\/vc_column_text][\/vc_column][vc_column width=&#8221;1\/2&#8243; el_class=&#8221;features&#8221; css=&#8221;.vc_custom_padding_settings{padding-right: 15px !important; padding-left: 15px !important;}&#8221;][vc_column_text css=&#8221;&#8221;]<\/p>\n<ul>\n<li data-start=\"253\" data-end=\"302\"><span style=\"font-family: nathan-serif; font-size: 14pt;\">Auf Eleganz und Komfort ausgelegt.<\/span><\/li>\n<li data-start=\"305\" data-end=\"422\"><span style=\"font-family: nathan-serif; font-size: 14pt;\">Gefertigt aus einer doppelten Lederschicht (2,2 mm Oily Pull Up Full Grain Leder, gef\u00fcttert mit 1,6 mm Kalbsleder).<\/span><\/li>\n<li data-start=\"425\" data-end=\"530\"><span style=\"font-family: nathan-serif; font-size: 14pt;\">Die doppelte Lederschicht verbessert die wasserabweisenden Eigenschaften des Boots (nicht wasserdicht).<\/span><\/li>\n<li data-start=\"533\" data-end=\"641\"><span style=\"font-family: nathan-serif; font-size: 14pt;\">Eine echte Lederzehenkappe und ein integrierter Leder-Kiltie sorgen f\u00fcr Optik und zus\u00e4tzliche Haltbarkeit.<\/span><\/li>\n<li data-start=\"644\" data-end=\"774\"><span style=\"font-family: nathan-serif; font-size: 14pt;\">Zehen-, Fersen- und \u00d6senbereich bestehen aus einer doppelten Schicht 2,2 mm Vollnarbenleder f\u00fcr zus\u00e4tzliche Strapazierf\u00e4higkeit.<\/span><\/li>\n<li data-start=\"777\" data-end=\"854\"><span style=\"font-family: nathan-serif; font-size: 14pt;\">Fersen- und Zehenverst\u00e4rkungen f\u00fcr mehr Haltbarkeit, Stabilit\u00e4t und Schutz.<\/span><\/li>\n<li data-start=\"857\" data-end=\"949\"><span style=\"font-family: nathan-serif; font-size: 14pt;\">Ein Stahlgelenk zwischen Brandsohle und Laufsohle bietet zus\u00e4tzlichen Halt und Stabilit\u00e4t.<\/span><\/li>\n<li data-start=\"952\" data-end=\"1059\"><span style=\"font-family: nathan-serif; font-size: 14pt;\">Brandsohle aus Leder, Lederzwischensohle und ein Resin-Runner f\u00fcr zus\u00e4tzlichen Komfort und Langlebigkeit.<\/span><\/li>\n<li data-start=\"1062\" data-end=\"1117\"><span style=\"font-family: nathan-serif; font-size: 14pt;\">Robuste Speedhooks und \u00d6sen sorgen f\u00fcr sicheren Halt.<\/span><\/li>\n<li data-start=\"1120\" data-end=\"1235\"><span style=\"font-family: nathan-serif; font-size: 14pt;\">Die Lederzwischensohle ist mit einer doppelt vern\u00e4hten 2,2 mm geflochtenen Nylonkordel am Obermaterial befestigt.<\/span><\/li>\n<li data-start=\"1238\" data-end=\"1345\"><span style=\"font-family: nathan-serif; font-size: 14pt;\">Wie alle unsere Boots ist auch dieses Modell dank seiner Double-Stitch-Down-Konstruktion wiederbesohlbar.<\/span><\/li>\n<li data-start=\"1348\" data-end=\"1428\"><span style=\"font-family: nathan-serif; font-size: 14pt;\"><strong><span style=\"text-decoration: underline;\">Leistenform STC<\/span><\/strong> \u2013 ein weiter 2E-Leisten mit ger\u00e4umiger, abgerundeter Zehenbox.<\/span><\/li>\n<li data-start=\"1431\" data-end=\"1591\"><span style=\"font-family: nathan-serif; font-size: 14pt;\"><strong><span style=\"text-decoration: underline;\">Sohle: TW<\/span><\/strong> (unsere Tyre-Wedge-Sohle, entwickelt f\u00fcr Grip und Komfort; eine echte Gummisohle mit weicherer Gummimischung f\u00fcr bestm\u00f6gliche Allround-Performance).<\/span><\/li>\n<li data-start=\"1594\" data-end=\"1626\"><span style=\"font-family: nathan-serif; font-size: 14pt;\">Gewicht: 1,64 kg (Gr\u00f6\u00dfe 08).<\/span><\/li>\n<li data-start=\"1629\" data-end=\"1650\"><span style=\"font-family: nathan-serif; font-size: 14pt;\">Schn\u00fcrsenkel: 150 cm.<\/span><\/li>\n<\/ul>\n<p>[\/vc_column_text][\/vc_column][\/vc_row]<\/p>\n<\/div>","protected":false},"excerpt":{"rendered":"<h4><span style=\"color: #c20000; font-family: nathan-serif; font-size: 14pt;\"><strong>NEXT DELIVERY: JULY<\/strong><\/span><\/h4>\n","protected":false},"featured_media":55916,"comment_status":"open","ping_status":"closed","template":"","meta":{"_acf_changed":false},"product_brand":[],"product_cat":[285,393,287],"product_tag":[],"class_list":{"0":"post-57430","1":"product","2":"type-product","3":"status-publish","4":"has-post-thumbnail","6":"product_cat-all-de-2","7":"product_cat-numzaan-de","8":"product_cat-premium-de-2","9":"product_shipping_class-boots","10":"tm-has-options","12":"first","13":"instock","14":"taxable","15":"shipping-taxable","16":"purchasable","17":"product-type-variable"},"group_of_quantity":0,"min_quantity":0,"max_quantity":"","exclude_order_quantity_value_rules":"no","exclude_category_quantity_rules":"no","combine_variations":"no","acf":[],"yoast_head":"<!-- This site is optimized with the Yoast SEO plugin v27.4 - https:\/\/yoast.com\/product\/yoast-seo-wordpress\/ -->\n<title>Numzaan - Bronco Biscuit - Jim Green<\/title>\n<meta name=\"robots\" content=\"index, follow, max-snippet:-1, max-image-preview:large, max-video-preview:-1\" \/>\n<link rel=\"canonical\" href=\"https:\/\/jimgreenfootwear.eu\/de\/store\/numzaan-bronco-biscuit\/\" \/>\n<meta property=\"og:locale\" content=\"de_DE\" \/>\n<meta property=\"og:type\" content=\"article\" \/>\n<meta property=\"og:title\" content=\"Numzaan - Bronco Biscuit - Jim Green\" \/>\n<meta property=\"og:description\" content=\"NEXT DELIVERY: JULY\" \/>\n<meta property=\"og:url\" content=\"https:\/\/jimgreenfootwear.eu\/de\/store\/numzaan-bronco-biscuit\/\" \/>\n<meta property=\"og:site_name\" content=\"Jim Green\" \/>\n<meta property=\"article:publisher\" content=\"https:\/\/www.facebook.com\/jimgreenfootwear\/\" \/>\n<meta property=\"article:modified_time\" content=\"2026-04-02T13:21:30+00:00\" \/>\n<meta property=\"og:image\" content=\"https:\/\/jimgreenfootwear.eu\/wp-content\/uploads\/2025\/11\/1AM31-BCT-TW-scaled-1.jpg\" \/>\n\t<meta property=\"og:image:width\" content=\"1200\" \/>\n\t<meta property=\"og:image:height\" content=\"1200\" \/>\n\t<meta property=\"og:image:type\" content=\"image\/jpeg\" \/>\n<meta name=\"twitter:card\" content=\"summary_large_image\" \/>\n<meta name=\"twitter:site\" content=\"@jimgreenfw\" \/>\n<meta name=\"twitter:label1\" content=\"Verf\u00fcgbarkeit\" \/>\n\t<meta name=\"twitter:data1\" content=\"Auf Lager\" \/>\n<script type=\"application\/ld+json\" class=\"yoast-schema-graph\">{\"@context\":\"https:\\\/\\\/schema.org\",\"@graph\":[{\"@type\":\"WebPage\",\"@id\":\"https:\\\/\\\/jimgreenfootwear.eu\\\/de\\\/store\\\/numzaan-bronco-biscuit\\\/\",\"url\":\"https:\\\/\\\/jimgreenfootwear.eu\\\/de\\\/store\\\/numzaan-bronco-biscuit\\\/\",\"name\":\"Numzaan - Bronco Biscuit - Jim Green\",\"isPartOf\":{\"@id\":\"https:\\\/\\\/jimgreenfootwear.eu\\\/#website\"},\"primaryImageOfPage\":{\"@id\":\"https:\\\/\\\/jimgreenfootwear.eu\\\/de\\\/store\\\/numzaan-bronco-biscuit\\\/#primaryimage\"},\"image\":{\"@id\":\"https:\\\/\\\/jimgreenfootwear.eu\\\/de\\\/store\\\/numzaan-bronco-biscuit\\\/#primaryimage\"},\"thumbnailUrl\":\"https:\\\/\\\/jimgreenfootwear.eu\\\/wp-content\\\/uploads\\\/2025\\\/11\\\/1AM31-BCT-TW-scaled-1.jpg\",\"datePublished\":\"2025-11-03T19:18:03+00:00\",\"dateModified\":\"2026-04-02T13:21:30+00:00\",\"breadcrumb\":{\"@id\":\"https:\\\/\\\/jimgreenfootwear.eu\\\/de\\\/store\\\/numzaan-bronco-biscuit\\\/#breadcrumb\"},\"inLanguage\":\"de\",\"potentialAction\":[{\"@type\":\"ReadAction\",\"target\":[\"https:\\\/\\\/jimgreenfootwear.eu\\\/de\\\/store\\\/numzaan-bronco-biscuit\\\/\"]}]},{\"@type\":\"ImageObject\",\"inLanguage\":\"de\",\"@id\":\"https:\\\/\\\/jimgreenfootwear.eu\\\/de\\\/store\\\/numzaan-bronco-biscuit\\\/#primaryimage\",\"url\":\"https:\\\/\\\/jimgreenfootwear.eu\\\/wp-content\\\/uploads\\\/2025\\\/11\\\/1AM31-BCT-TW-scaled-1.jpg\",\"contentUrl\":\"https:\\\/\\\/jimgreenfootwear.eu\\\/wp-content\\\/uploads\\\/2025\\\/11\\\/1AM31-BCT-TW-scaled-1.jpg\",\"width\":1200,\"height\":1200},{\"@type\":\"BreadcrumbList\",\"@id\":\"https:\\\/\\\/jimgreenfootwear.eu\\\/de\\\/store\\\/numzaan-bronco-biscuit\\\/#breadcrumb\",\"itemListElement\":[{\"@type\":\"ListItem\",\"position\":1,\"name\":\"Home\",\"item\":\"https:\\\/\\\/jimgreenfootwear.eu\\\/de\\\/\"},{\"@type\":\"ListItem\",\"position\":2,\"name\":\"Shop\",\"item\":\"https:\\\/\\\/jimgreenfootwear.eu\\\/de\\\/shop\\\/\"},{\"@type\":\"ListItem\",\"position\":3,\"name\":\"Numzaan &#8211; Bronco Biscuit\"}]},{\"@type\":\"WebSite\",\"@id\":\"https:\\\/\\\/jimgreenfootwear.eu\\\/#website\",\"url\":\"https:\\\/\\\/jimgreenfootwear.eu\\\/\",\"name\":\"Jim Green\",\"description\":\"Footwear EU - Quality Hiking &amp; Safety Boots\",\"publisher\":{\"@id\":\"https:\\\/\\\/jimgreenfootwear.eu\\\/#organization\"},\"potentialAction\":[{\"@type\":\"SearchAction\",\"target\":{\"@type\":\"EntryPoint\",\"urlTemplate\":\"https:\\\/\\\/jimgreenfootwear.eu\\\/?s={search_term_string}\"},\"query-input\":{\"@type\":\"PropertyValueSpecification\",\"valueRequired\":true,\"valueName\":\"search_term_string\"}}],\"inLanguage\":\"de\"},{\"@type\":\"Organization\",\"@id\":\"https:\\\/\\\/jimgreenfootwear.eu\\\/#organization\",\"name\":\"Jim Green Footwear\",\"alternateName\":\"Jim Green\",\"url\":\"https:\\\/\\\/jimgreenfootwear.eu\\\/\",\"logo\":{\"@type\":\"ImageObject\",\"inLanguage\":\"de\",\"@id\":\"https:\\\/\\\/jimgreenfootwear.eu\\\/#\\\/schema\\\/logo\\\/image\\\/\",\"url\":\"https:\\\/\\\/jimgreenfootwear.eu\\\/wp-content\\\/uploads\\\/2023\\\/11\\\/Jim-Green-4-copy@4x.png\",\"contentUrl\":\"https:\\\/\\\/jimgreenfootwear.eu\\\/wp-content\\\/uploads\\\/2023\\\/11\\\/Jim-Green-4-copy@4x.png\",\"width\":1940,\"height\":1940,\"caption\":\"Jim Green Footwear\"},\"image\":{\"@id\":\"https:\\\/\\\/jimgreenfootwear.eu\\\/#\\\/schema\\\/logo\\\/image\\\/\"},\"sameAs\":[\"https:\\\/\\\/www.facebook.com\\\/jimgreenfootwear\\\/\",\"https:\\\/\\\/x.com\\\/jimgreenfw\",\"https:\\\/\\\/www.instagram.com\\\/jimgreenfootwear\\\/\"]}]}<\/script>\n<meta property=\"og:availability\" content=\"instock\" \/>\n<meta property=\"product:availability\" content=\"instock\" \/>\n<meta property=\"product:retailer_item_id\" content=\"AM31_BCT_TW\" \/>\n<meta property=\"product:condition\" content=\"new\" \/>\n<!-- \/ Yoast SEO plugin. -->","yoast_head_json":{"title":"Numzaan - Bronco Biscuit - Jim Green","robots":{"index":"index","follow":"follow","max-snippet":"max-snippet:-1","max-image-preview":"max-image-preview:large","max-video-preview":"max-video-preview:-1"},"canonical":"https:\/\/jimgreenfootwear.eu\/de\/store\/numzaan-bronco-biscuit\/","og_locale":"de_DE","og_type":"article","og_title":"Numzaan - Bronco Biscuit - Jim Green","og_description":"NEXT DELIVERY: JULY","og_url":"https:\/\/jimgreenfootwear.eu\/de\/store\/numzaan-bronco-biscuit\/","og_site_name":"Jim Green","article_publisher":"https:\/\/www.facebook.com\/jimgreenfootwear\/","article_modified_time":"2026-04-02T13:21:30+00:00","og_image":[{"width":1200,"height":1200,"url":"https:\/\/jimgreenfootwear.eu\/wp-content\/uploads\/2025\/11\/1AM31-BCT-TW-scaled-1.jpg","type":"image\/jpeg"}],"twitter_card":"summary_large_image","twitter_site":"@jimgreenfw","twitter_misc":{"Verf\u00fcgbarkeit":"Auf Lager"},"schema":{"@context":"https:\/\/schema.org","@graph":[{"@type":"WebPage","@id":"https:\/\/jimgreenfootwear.eu\/de\/store\/numzaan-bronco-biscuit\/","url":"https:\/\/jimgreenfootwear.eu\/de\/store\/numzaan-bronco-biscuit\/","name":"Numzaan - Bronco Biscuit - Jim Green","isPartOf":{"@id":"https:\/\/jimgreenfootwear.eu\/#website"},"primaryImageOfPage":{"@id":"https:\/\/jimgreenfootwear.eu\/de\/store\/numzaan-bronco-biscuit\/#primaryimage"},"image":{"@id":"https:\/\/jimgreenfootwear.eu\/de\/store\/numzaan-bronco-biscuit\/#primaryimage"},"thumbnailUrl":"https:\/\/jimgreenfootwear.eu\/wp-content\/uploads\/2025\/11\/1AM31-BCT-TW-scaled-1.jpg","datePublished":"2025-11-03T19:18:03+00:00","dateModified":"2026-04-02T13:21:30+00:00","breadcrumb":{"@id":"https:\/\/jimgreenfootwear.eu\/de\/store\/numzaan-bronco-biscuit\/#breadcrumb"},"inLanguage":"de","potentialAction":[{"@type":"ReadAction","target":["https:\/\/jimgreenfootwear.eu\/de\/store\/numzaan-bronco-biscuit\/"]}]},{"@type":"ImageObject","inLanguage":"de","@id":"https:\/\/jimgreenfootwear.eu\/de\/store\/numzaan-bronco-biscuit\/#primaryimage","url":"https:\/\/jimgreenfootwear.eu\/wp-content\/uploads\/2025\/11\/1AM31-BCT-TW-scaled-1.jpg","contentUrl":"https:\/\/jimgreenfootwear.eu\/wp-content\/uploads\/2025\/11\/1AM31-BCT-TW-scaled-1.jpg","width":1200,"height":1200},{"@type":"BreadcrumbList","@id":"https:\/\/jimgreenfootwear.eu\/de\/store\/numzaan-bronco-biscuit\/#breadcrumb","itemListElement":[{"@type":"ListItem","position":1,"name":"Home","item":"https:\/\/jimgreenfootwear.eu\/de\/"},{"@type":"ListItem","position":2,"name":"Shop","item":"https:\/\/jimgreenfootwear.eu\/de\/shop\/"},{"@type":"ListItem","position":3,"name":"Numzaan &#8211; Bronco Biscuit"}]},{"@type":"WebSite","@id":"https:\/\/jimgreenfootwear.eu\/#website","url":"https:\/\/jimgreenfootwear.eu\/","name":"Jim Green","description":"Footwear EU - Quality Hiking &amp; Safety Boots","publisher":{"@id":"https:\/\/jimgreenfootwear.eu\/#organization"},"potentialAction":[{"@type":"SearchAction","target":{"@type":"EntryPoint","urlTemplate":"https:\/\/jimgreenfootwear.eu\/?s={search_term_string}"},"query-input":{"@type":"PropertyValueSpecification","valueRequired":true,"valueName":"search_term_string"}}],"inLanguage":"de"},{"@type":"Organization","@id":"https:\/\/jimgreenfootwear.eu\/#organization","name":"Jim Green Footwear","alternateName":"Jim Green","url":"https:\/\/jimgreenfootwear.eu\/","logo":{"@type":"ImageObject","inLanguage":"de","@id":"https:\/\/jimgreenfootwear.eu\/#\/schema\/logo\/image\/","url":"https:\/\/jimgreenfootwear.eu\/wp-content\/uploads\/2023\/11\/Jim-Green-4-copy@4x.png","contentUrl":"https:\/\/jimgreenfootwear.eu\/wp-content\/uploads\/2023\/11\/Jim-Green-4-copy@4x.png","width":1940,"height":1940,"caption":"Jim Green Footwear"},"image":{"@id":"https:\/\/jimgreenfootwear.eu\/#\/schema\/logo\/image\/"},"sameAs":["https:\/\/www.facebook.com\/jimgreenfootwear\/","https:\/\/x.com\/jimgreenfw","https:\/\/www.instagram.com\/jimgreenfootwear\/"]}]},"og_availability":"instock","product_availability":"instock","product_retailer_item_id":"AM31_BCT_TW","product_condition":"new"},"_links":{"self":[{"href":"https:\/\/jimgreenfootwear.eu\/de\/wp-json\/wp\/v2\/product\/57430","targetHints":{"allow":["GET"]}}],"collection":[{"href":"https:\/\/jimgreenfootwear.eu\/de\/wp-json\/wp\/v2\/product"}],"about":[{"href":"https:\/\/jimgreenfootwear.eu\/de\/wp-json\/wp\/v2\/types\/product"}],"replies":[{"embeddable":true,"href":"https:\/\/jimgreenfootwear.eu\/de\/wp-json\/wp\/v2\/comments?post=57430"}],"wp:featuredmedia":[{"embeddable":true,"href":"https:\/\/jimgreenfootwear.eu\/de\/wp-json\/wp\/v2\/media\/55916"}],"wp:attachment":[{"href":"https:\/\/jimgreenfootwear.eu\/de\/wp-json\/wp\/v2\/media?parent=57430"}],"wp:term":[{"taxonomy":"product_brand","embeddable":true,"href":"https:\/\/jimgreenfootwear.eu\/de\/wp-json\/wp\/v2\/product_brand?post=57430"},{"taxonomy":"product_cat","embeddable":true,"href":"https:\/\/jimgreenfootwear.eu\/de\/wp-json\/wp\/v2\/product_cat?post=57430"},{"taxonomy":"product_tag","embeddable":true,"href":"https:\/\/jimgreenfootwear.eu\/de\/wp-json\/wp\/v2\/product_tag?post=57430"}],"curies":[{"name":"wp","href":"https:\/\/api.w.org\/{rel}","templated":true}]}}