{"id":57707,"date":"2025-10-30T14:37:01","date_gmt":"2025-10-30T12:37:01","guid":{"rendered":"https:\/\/jimgreenfootwear.eu\/store\/bush-war-boot-brown\/"},"modified":"2025-12-23T22:27:45","modified_gmt":"2025-12-23T20:27:45","slug":"bush-war-boot-brown","status":"publish","type":"product","link":"https:\/\/jimgreenfootwear.eu\/de\/store\/bush-war-boot-brown\/","title":{"rendered":"Bush War Boot &#8211; Brown"},"content":{"rendered":"<div class=\"wpb-content-wrapper\"><p>[vc_row css=&#8221;.vc_custom_1727037243659{padding-right: 15px !important;padding-bottom: 20px !important;padding-left: 15px !important;}&#8221;][vc_column width=&#8221;5\/6&#8243; css=&#8221;.vc_custom_1727037261507{padding-right: 15px !important;padding-left: 15px !important;}&#8221;][vc_column_text css=&#8221;&#8221;]<\/p>\n<h3><span style=\"font-family: nathan-serif; font-size: 24pt;\">Der Bush War Boot \u2013 geboren im Gefecht, geformt von der Geschichte, gebaut f\u00fcr den Busch<\/span><\/h3>\n<p>[\/vc_column_text][\/vc_column][vc_column width=&#8221;1\/6&#8243;][\/vc_column][\/vc_row][vc_row css=&#8221;.vc_custom_1727037558482{padding-right: 15px !important;padding-left: 15px !important;padding-bottom: 20px !important;}&#8221;][vc_column width=&#8221;1\/2&#8243; css=&#8221;.vc_custom_1727037575311{padding-right: 15px !important;padding-bottom: 20px !important;padding-left: 15px !important;}&#8221;][vc_column_text css=&#8221;&#8221;]<\/p>\n<p data-start=\"410\" data-end=\"830\"><span style=\"font-family: nathan-serif; font-size: 14pt;\">Inspiriert von den legend\u00e4ren Combat Boots, die Soldaten w\u00e4hrend der Bush Wars in Afrika trugen, ist der <strong data-start=\"515\" data-end=\"532\">Bush War Boot<\/strong> ein Outdoor-Stiefel, der Jahrzehnte harter Felderfahrung widerspiegelt und f\u00fcr moderne Abenteurer weiterentwickelt wurde. Jeder Aspekt dieses hochwertigen Lederstiefels folgt einem klaren Zweck: eine Mischung aus traditionellem Bush-Warfare-Design und Jim Greens bew\u00e4hrter Expertise im Stiefelbau.<\/span><\/p>\n<p data-start=\"832\" data-end=\"1107\"><span style=\"font-family: nathan-serif; font-size: 14pt;\">Der Bush War Boot verbindet milit\u00e4rbew\u00e4hrte Funktionalit\u00e4t mit strapazierf\u00e4higem, lokal bezogenem Leder und robuster Handwerkskunst. Das Ergebnis ist ein Military-Boot f\u00fcr alle, die mehr verlangen \u2013 ob im Gel\u00e4nde, auf dem Schie\u00dfstand oder bei anspruchsvollem Alltagsgebrauch.<\/span><\/p>\n<p data-start=\"1109\" data-end=\"1500\"><span style=\"font-family: nathan-serif; font-size: 14pt;\">Gefertigt aus Premium-Leder und verst\u00e4rkt an stark beanspruchten Bereichen bietet dieser Outdoor-Stiefel hervorragende Atmungsaktivit\u00e4t, St\u00e4rke und Langlebigkeit. Eine doppelte Lederschicht an der Ferse, eine eingearbeitete Canvas-Lage im Zehenbereich sowie eine thermoplastische Zehenkappe sorgen f\u00fcr Stabilit\u00e4t und Struktur in schwierigem Terrain, ohne den Tragekomfort zu beeintr\u00e4chtigen.<\/span><\/p>\n<p data-start=\"1502\" data-end=\"1963\"><span style=\"font-family: nathan-serif; font-size: 14pt;\">Die charakteristischen Doppel-Schnallenriemen am Kn\u00f6chel sind ein zentrales Feature des Bush War Boot: Sie bieten zus\u00e4tzliche Stabilit\u00e4t, Schutz vor Schmutz und eine individuell anpassbare Passform, die sich mit dem Einlaufen weiter optimiert. Urspr\u00fcnglich von Eliteeinheiten in Afrika getragen, bot dieses Schnallensystem verl\u00e4ssliche Sicherheit in extremen Bedingungen \u2013 ein Vorteil, der heute ebenso relevant ist f\u00fcr Ranger, Farmer, J\u00e4ger und Outdoor-Profis.<\/span><\/p>\n<p data-start=\"1965\" data-end=\"2288\"><span style=\"font-family: nathan-serif; font-size: 14pt;\">Eine vegetabil gegerbte Ledermittelsohle und eine echte Krepp-Gummisohle liefern zuverl\u00e4ssigen Grip, Haltbarkeit und ein direktes Bodengef\u00fchl. Unter der Oberfl\u00e4che verleiht ein Holzschaft dem Stiefel die n\u00f6tige Struktur f\u00fcr lange Tage zu Fu\u00df, w\u00e4hrend eine integrierte halbe Ledersocke den Fersenbereich angenehm umschlie\u00dft.<\/span><\/p>\n<p data-start=\"2290\" data-end=\"2510\"><span style=\"font-family: nathan-serif; font-size: 14pt;\">Dank der 360-Grad-Doppelnaht-Stitchdown-Konstruktion und der vollst\u00e4ndig eingesetzten Zunge ist der Bush War Boot vollst\u00e4ndig neu besohlbar \u2013 ein langlebiger Leder-Combat-Boot, gemacht f\u00fcr viele Jahre intensiver Nutzung.<\/span><\/p>\n<p>[\/vc_column_text][\/vc_column][vc_column width=&#8221;1\/2&#8243; el_class=&#8221;features&#8221; css=&#8221;.vc_custom_1727037575311{padding-right: 15px !important;padding-left: 15px !important;}&#8221;][vc_column_text css=&#8221;&#8221;]<\/p>\n<ul>\n<li data-start=\"201\" data-end=\"274\"><span style=\"font-family: nathan-serif; font-size: 14pt;\">Gefertigt aus einer einzelnen Lederschicht (2,2 mm vollnarbiges Leder).<\/span><\/li>\n<li data-start=\"277\" data-end=\"352\"><span style=\"font-family: nathan-serif; font-size: 14pt;\">Fersenbereich mit doppelter 2,2-mm-Lederlage f\u00fcr zus\u00e4tzliche Haltbarkeit.<\/span><\/li>\n<li data-start=\"355\" data-end=\"414\"><span style=\"font-family: nathan-serif; font-size: 14pt;\">8-Zoll Schafth\u00f6he f\u00fcr optimalen Halt, Komfort und Schutz.<\/span><\/li>\n<li data-start=\"417\" data-end=\"490\"><span style=\"font-family: nathan-serif; font-size: 14pt;\">Thermoplastische Zehenkappe und Fersenverst\u00e4rkung f\u00fcr extra Stabilit\u00e4t.<\/span><\/li>\n<li data-start=\"493\" data-end=\"583\"><span style=\"font-family: nathan-serif; font-size: 14pt;\">Canvas-Schicht im Zehenbereich zur Verst\u00e4rkung und f\u00fcr bessere Feuchtigkeitsregulierung.<\/span><\/li>\n<li data-start=\"586\" data-end=\"697\"><span style=\"font-family: nathan-serif; font-size: 14pt;\">Holzschaft zwischen Mittelsohle und Sohle f\u00fcr zus\u00e4tzliche Unterst\u00fctzung, Stabilit\u00e4t und leichte Flexibilit\u00e4t.<\/span><\/li>\n<li data-start=\"700\" data-end=\"789\"><span style=\"font-family: nathan-serif; font-size: 14pt;\">Charakteristische Doppel-Schnallenriemen f\u00fcr Kn\u00f6chelstabilit\u00e4t und anpassbare Passform.<\/span><\/li>\n<li data-start=\"792\" data-end=\"878\"><span style=\"font-family: nathan-serif; font-size: 14pt;\">Vollst\u00e4ndig eingesetzte (gusseted) Zunge f\u00fcr besseren Schutz vor Schmutz und Wasser.<\/span><\/li>\n<li data-start=\"881\" data-end=\"964\"><span style=\"font-family: nathan-serif; font-size: 14pt;\">3-mm Ledermittelsohle und 3-mm Naturharz-Laufsohle f\u00fcr Komfort und Langlebigkeit.<\/span><\/li>\n<li data-start=\"967\" data-end=\"1072\"><span style=\"font-family: nathan-serif; font-size: 14pt;\">Ledermittelsohle mit 360-Grad Doppelnaht und 2,2-mm Nylon-Braidschnur (geflochten) am Schaft befestigt.<\/span><\/li>\n<li data-start=\"1075\" data-end=\"1140\"><span style=\"font-family: nathan-serif; font-size: 14pt;\">Dank Double-Stitch-Down-Konstruktion vollst\u00e4ndig neu besohlbar.<\/span><\/li>\n<li data-start=\"1143\" data-end=\"1273\"><span style=\"font-family: nathan-serif; font-size: 14pt;\">Integrierte halbe Ledersocke f\u00fcr Fersend\u00e4mpfung und nat\u00fcrliches Fu\u00dfgef\u00fchl (keine standardm\u00e4\u00dfige Einlegesohle\/Footbed enthalten).<\/span><\/li>\n<li data-start=\"1276\" data-end=\"1343\"><span style=\"font-family: nathan-serif; font-size: 14pt;\"><strong><span style=\"text-decoration: underline;\">STC-Leistenform<\/span><\/strong> \u2013 2E Weite mit ger\u00e4umiger, abgerundeter Zehenbox.<\/span><\/li>\n<li data-start=\"1346\" data-end=\"1430\"><span style=\"font-family: nathan-serif; font-size: 14pt;\"><strong><span style=\"text-decoration: underline;\">Sohle: BR<\/span><\/strong> \u2013 nat\u00fcrliche Bradbury Crepe Sohle mit echtem Gummi f\u00fcr Grip und Komfort.<\/span><\/li>\n<li data-start=\"1433\" data-end=\"1456\"><span style=\"font-family: nathan-serif; font-size: 14pt;\">Schn\u00fcrsenkel: 150 cm.<\/span><\/li>\n<li data-start=\"1459\" data-end=\"1488\"><span style=\"font-family: nathan-serif; font-size: 14pt;\">Gewicht: 1,25 kg (Gr\u00f6\u00dfe 8).<\/span><\/li>\n<li data-start=\"1491\" data-end=\"1522\"><span style=\"font-family: nathan-serif; font-size: 14pt;\">100 % hergestellt in S\u00fcdafrika.<\/span><\/li>\n<li><\/li>\n<\/ul>\n<p>[\/vc_column_text][\/vc_column][\/vc_row]<\/p>\n<\/div>","protected":false},"excerpt":{"rendered":"<p>[vc_row css=&#8221;.vc_custom_1727037243659{padding-right: 15px !important;padding-bottom: 20px !important;padding-left: 15px !important;}&#8221;][vc_column width=&#8221;5\/6&#8243; css=&#8221;.vc_custom_1727037261507{padding-right: 15px !important;padding-left: 15px !important;}&#8221;][vc_column_text css=&#8221;&#8221;] Der Bush War Boot \u2013 geboren im Gefecht, geformt von der Geschichte, gebaut f\u00fcr den Busch [\/vc_column_text][\/vc_column][vc_column width=&#8221;1\/6&#8243;][\/vc_column][\/vc_row][vc_row css=&#8221;.vc_custom_1727037558482{padding-right: 15px !important;padding-left: 15px !important;padding-bottom: 20px !important;}&#8221;][vc_column width=&#8221;1\/2&#8243; css=&#8221;.vc_custom_1727037575311{padding-right: 15px !important;padding-bottom: 20px !important;padding-left: 15px !important;}&#8221;][vc_column_text css=&#8221;&#8221;] Inspiriert von den legend\u00e4ren Combat Boots, [&hellip;]<\/p>\n","protected":false},"featured_media":54831,"comment_status":"open","ping_status":"closed","template":"","meta":{"_acf_changed":false},"product_brand":[],"product_cat":[286],"product_tag":[],"class_list":{"0":"post-57707","1":"product","2":"type-product","3":"status-publish","4":"has-post-thumbnail","6":"product_cat-hiking-adventure-de-2","7":"tm-has-options","9":"first","10":"outofstock","11":"taxable","12":"shipping-taxable","13":"purchasable","14":"product-type-variable"},"group_of_quantity":0,"min_quantity":0,"max_quantity":"","exclude_order_quantity_value_rules":"no","exclude_category_quantity_rules":"no","combine_variations":"no","acf":[],"yoast_head":"<!-- This site is optimized with the Yoast SEO plugin v27.3 - https:\/\/yoast.com\/product\/yoast-seo-wordpress\/ -->\n<title>Bush War Boot - Brown - Jim Green<\/title>\n<meta name=\"robots\" content=\"index, follow, max-snippet:-1, max-image-preview:large, max-video-preview:-1\" \/>\n<link rel=\"canonical\" href=\"https:\/\/jimgreenfootwear.eu\/de\/store\/bush-war-boot-brown\/\" \/>\n<meta property=\"og:locale\" content=\"de_DE\" \/>\n<meta property=\"og:type\" content=\"article\" \/>\n<meta property=\"og:title\" content=\"Bush War Boot - Brown - Jim Green\" \/>\n<meta property=\"og:description\" content=\"[vc_row css=&#8221;.vc_custom_1727037243659{padding-right: 15px !important;padding-bottom: 20px !important;padding-left: 15px !important;}&#8221;][vc_column width=&#8221;5\/6&#8243; css=&#8221;.vc_custom_1727037261507{padding-right: 15px !important;padding-left: 15px !important;}&#8221;][vc_column_text css=&#8221;&#8221;] Der Bush War Boot \u2013 geboren im Gefecht, geformt von der Geschichte, gebaut f\u00fcr den Busch [\/vc_column_text][\/vc_column][vc_column width=&#8221;1\/6&#8243;][\/vc_column][\/vc_row][vc_row css=&#8221;.vc_custom_1727037558482{padding-right: 15px !important;padding-left: 15px !important;padding-bottom: 20px !important;}&#8221;][vc_column width=&#8221;1\/2&#8243; css=&#8221;.vc_custom_1727037575311{padding-right: 15px !important;padding-bottom: 20px !important;padding-left: 15px !important;}&#8221;][vc_column_text css=&#8221;&#8221;] Inspiriert von den legend\u00e4ren Combat Boots, [&hellip;]\" \/>\n<meta property=\"og:url\" content=\"https:\/\/jimgreenfootwear.eu\/de\/store\/bush-war-boot-brown\/\" \/>\n<meta property=\"og:site_name\" content=\"Jim Green\" \/>\n<meta property=\"article:publisher\" content=\"https:\/\/www.facebook.com\/jimgreenfootwear\/\" \/>\n<meta property=\"article:modified_time\" content=\"2025-12-23T20:27:45+00:00\" \/>\n<meta property=\"og:image\" content=\"https:\/\/jimgreenfootwear.eu\/wp-content\/uploads\/2025\/10\/BW01-JGC-BR-Side-Profile-scaled-1.jpg\" \/>\n\t<meta property=\"og:image:width\" content=\"1200\" \/>\n\t<meta property=\"og:image:height\" content=\"1200\" \/>\n\t<meta property=\"og:image:type\" content=\"image\/jpeg\" \/>\n<meta name=\"twitter:card\" content=\"summary_large_image\" \/>\n<meta name=\"twitter:site\" content=\"@jimgreenfw\" \/>\n<meta name=\"twitter:label1\" content=\"Verf\u00fcgbarkeit\" \/>\n\t<meta name=\"twitter:data1\" content=\"ausverkauft\" \/>\n<script type=\"application\/ld+json\" class=\"yoast-schema-graph\">{\"@context\":\"https:\\\/\\\/schema.org\",\"@graph\":[{\"@type\":\"WebPage\",\"@id\":\"https:\\\/\\\/jimgreenfootwear.eu\\\/de\\\/store\\\/bush-war-boot-brown\\\/\",\"url\":\"https:\\\/\\\/jimgreenfootwear.eu\\\/de\\\/store\\\/bush-war-boot-brown\\\/\",\"name\":\"Bush War Boot - Brown - Jim Green\",\"isPartOf\":{\"@id\":\"https:\\\/\\\/jimgreenfootwear.eu\\\/#website\"},\"primaryImageOfPage\":{\"@id\":\"https:\\\/\\\/jimgreenfootwear.eu\\\/de\\\/store\\\/bush-war-boot-brown\\\/#primaryimage\"},\"image\":{\"@id\":\"https:\\\/\\\/jimgreenfootwear.eu\\\/de\\\/store\\\/bush-war-boot-brown\\\/#primaryimage\"},\"thumbnailUrl\":\"https:\\\/\\\/jimgreenfootwear.eu\\\/wp-content\\\/uploads\\\/2025\\\/10\\\/BW01-JGC-BR-Side-Profile-scaled-1.jpg\",\"datePublished\":\"2025-10-30T12:37:01+00:00\",\"dateModified\":\"2025-12-23T20:27:45+00:00\",\"breadcrumb\":{\"@id\":\"https:\\\/\\\/jimgreenfootwear.eu\\\/de\\\/store\\\/bush-war-boot-brown\\\/#breadcrumb\"},\"inLanguage\":\"de\",\"potentialAction\":[{\"@type\":\"ReadAction\",\"target\":[\"https:\\\/\\\/jimgreenfootwear.eu\\\/de\\\/store\\\/bush-war-boot-brown\\\/\"]}]},{\"@type\":\"ImageObject\",\"inLanguage\":\"de\",\"@id\":\"https:\\\/\\\/jimgreenfootwear.eu\\\/de\\\/store\\\/bush-war-boot-brown\\\/#primaryimage\",\"url\":\"https:\\\/\\\/jimgreenfootwear.eu\\\/wp-content\\\/uploads\\\/2025\\\/10\\\/BW01-JGC-BR-Side-Profile-scaled-1.jpg\",\"contentUrl\":\"https:\\\/\\\/jimgreenfootwear.eu\\\/wp-content\\\/uploads\\\/2025\\\/10\\\/BW01-JGC-BR-Side-Profile-scaled-1.jpg\",\"width\":1200,\"height\":1200},{\"@type\":\"BreadcrumbList\",\"@id\":\"https:\\\/\\\/jimgreenfootwear.eu\\\/de\\\/store\\\/bush-war-boot-brown\\\/#breadcrumb\",\"itemListElement\":[{\"@type\":\"ListItem\",\"position\":1,\"name\":\"Home\",\"item\":\"https:\\\/\\\/jimgreenfootwear.eu\\\/de\\\/\"},{\"@type\":\"ListItem\",\"position\":2,\"name\":\"Shop\",\"item\":\"https:\\\/\\\/jimgreenfootwear.eu\\\/de\\\/shop\\\/\"},{\"@type\":\"ListItem\",\"position\":3,\"name\":\"Bush War Boot &#8211; Brown\"}]},{\"@type\":\"WebSite\",\"@id\":\"https:\\\/\\\/jimgreenfootwear.eu\\\/#website\",\"url\":\"https:\\\/\\\/jimgreenfootwear.eu\\\/\",\"name\":\"Jim Green\",\"description\":\"Footwear EU - Quality Hiking &amp; Safety Boots\",\"publisher\":{\"@id\":\"https:\\\/\\\/jimgreenfootwear.eu\\\/#organization\"},\"potentialAction\":[{\"@type\":\"SearchAction\",\"target\":{\"@type\":\"EntryPoint\",\"urlTemplate\":\"https:\\\/\\\/jimgreenfootwear.eu\\\/?s={search_term_string}\"},\"query-input\":{\"@type\":\"PropertyValueSpecification\",\"valueRequired\":true,\"valueName\":\"search_term_string\"}}],\"inLanguage\":\"de\"},{\"@type\":\"Organization\",\"@id\":\"https:\\\/\\\/jimgreenfootwear.eu\\\/#organization\",\"name\":\"Jim Green Footwear\",\"alternateName\":\"Jim Green\",\"url\":\"https:\\\/\\\/jimgreenfootwear.eu\\\/\",\"logo\":{\"@type\":\"ImageObject\",\"inLanguage\":\"de\",\"@id\":\"https:\\\/\\\/jimgreenfootwear.eu\\\/#\\\/schema\\\/logo\\\/image\\\/\",\"url\":\"https:\\\/\\\/jimgreenfootwear.eu\\\/wp-content\\\/uploads\\\/2023\\\/11\\\/Jim-Green-4-copy@4x.png\",\"contentUrl\":\"https:\\\/\\\/jimgreenfootwear.eu\\\/wp-content\\\/uploads\\\/2023\\\/11\\\/Jim-Green-4-copy@4x.png\",\"width\":1940,\"height\":1940,\"caption\":\"Jim Green Footwear\"},\"image\":{\"@id\":\"https:\\\/\\\/jimgreenfootwear.eu\\\/#\\\/schema\\\/logo\\\/image\\\/\"},\"sameAs\":[\"https:\\\/\\\/www.facebook.com\\\/jimgreenfootwear\\\/\",\"https:\\\/\\\/x.com\\\/jimgreenfw\",\"https:\\\/\\\/www.instagram.com\\\/jimgreenfootwear\\\/\"]}]}<\/script>\n<meta property=\"og:availability\" content=\"out of stock\" \/>\n<meta property=\"product:availability\" content=\"out of stock\" \/>\n<meta property=\"product:retailer_item_id\" content=\"BW01_JGC_BR\" \/>\n<meta property=\"product:condition\" content=\"new\" \/>\n<!-- \/ Yoast SEO plugin. -->","yoast_head_json":{"title":"Bush War Boot - Brown - Jim Green","robots":{"index":"index","follow":"follow","max-snippet":"max-snippet:-1","max-image-preview":"max-image-preview:large","max-video-preview":"max-video-preview:-1"},"canonical":"https:\/\/jimgreenfootwear.eu\/de\/store\/bush-war-boot-brown\/","og_locale":"de_DE","og_type":"article","og_title":"Bush War Boot - Brown - Jim Green","og_description":"[vc_row css=&#8221;.vc_custom_1727037243659{padding-right: 15px !important;padding-bottom: 20px !important;padding-left: 15px !important;}&#8221;][vc_column width=&#8221;5\/6&#8243; css=&#8221;.vc_custom_1727037261507{padding-right: 15px !important;padding-left: 15px !important;}&#8221;][vc_column_text css=&#8221;&#8221;] Der Bush War Boot \u2013 geboren im Gefecht, geformt von der Geschichte, gebaut f\u00fcr den Busch [\/vc_column_text][\/vc_column][vc_column width=&#8221;1\/6&#8243;][\/vc_column][\/vc_row][vc_row css=&#8221;.vc_custom_1727037558482{padding-right: 15px !important;padding-left: 15px !important;padding-bottom: 20px !important;}&#8221;][vc_column width=&#8221;1\/2&#8243; css=&#8221;.vc_custom_1727037575311{padding-right: 15px !important;padding-bottom: 20px !important;padding-left: 15px !important;}&#8221;][vc_column_text css=&#8221;&#8221;] Inspiriert von den legend\u00e4ren Combat Boots, [&hellip;]","og_url":"https:\/\/jimgreenfootwear.eu\/de\/store\/bush-war-boot-brown\/","og_site_name":"Jim Green","article_publisher":"https:\/\/www.facebook.com\/jimgreenfootwear\/","article_modified_time":"2025-12-23T20:27:45+00:00","og_image":[{"width":1200,"height":1200,"url":"https:\/\/jimgreenfootwear.eu\/wp-content\/uploads\/2025\/10\/BW01-JGC-BR-Side-Profile-scaled-1.jpg","type":"image\/jpeg"}],"twitter_card":"summary_large_image","twitter_site":"@jimgreenfw","twitter_misc":{"Verf\u00fcgbarkeit":"ausverkauft"},"schema":{"@context":"https:\/\/schema.org","@graph":[{"@type":"WebPage","@id":"https:\/\/jimgreenfootwear.eu\/de\/store\/bush-war-boot-brown\/","url":"https:\/\/jimgreenfootwear.eu\/de\/store\/bush-war-boot-brown\/","name":"Bush War Boot - Brown - Jim Green","isPartOf":{"@id":"https:\/\/jimgreenfootwear.eu\/#website"},"primaryImageOfPage":{"@id":"https:\/\/jimgreenfootwear.eu\/de\/store\/bush-war-boot-brown\/#primaryimage"},"image":{"@id":"https:\/\/jimgreenfootwear.eu\/de\/store\/bush-war-boot-brown\/#primaryimage"},"thumbnailUrl":"https:\/\/jimgreenfootwear.eu\/wp-content\/uploads\/2025\/10\/BW01-JGC-BR-Side-Profile-scaled-1.jpg","datePublished":"2025-10-30T12:37:01+00:00","dateModified":"2025-12-23T20:27:45+00:00","breadcrumb":{"@id":"https:\/\/jimgreenfootwear.eu\/de\/store\/bush-war-boot-brown\/#breadcrumb"},"inLanguage":"de","potentialAction":[{"@type":"ReadAction","target":["https:\/\/jimgreenfootwear.eu\/de\/store\/bush-war-boot-brown\/"]}]},{"@type":"ImageObject","inLanguage":"de","@id":"https:\/\/jimgreenfootwear.eu\/de\/store\/bush-war-boot-brown\/#primaryimage","url":"https:\/\/jimgreenfootwear.eu\/wp-content\/uploads\/2025\/10\/BW01-JGC-BR-Side-Profile-scaled-1.jpg","contentUrl":"https:\/\/jimgreenfootwear.eu\/wp-content\/uploads\/2025\/10\/BW01-JGC-BR-Side-Profile-scaled-1.jpg","width":1200,"height":1200},{"@type":"BreadcrumbList","@id":"https:\/\/jimgreenfootwear.eu\/de\/store\/bush-war-boot-brown\/#breadcrumb","itemListElement":[{"@type":"ListItem","position":1,"name":"Home","item":"https:\/\/jimgreenfootwear.eu\/de\/"},{"@type":"ListItem","position":2,"name":"Shop","item":"https:\/\/jimgreenfootwear.eu\/de\/shop\/"},{"@type":"ListItem","position":3,"name":"Bush War Boot &#8211; Brown"}]},{"@type":"WebSite","@id":"https:\/\/jimgreenfootwear.eu\/#website","url":"https:\/\/jimgreenfootwear.eu\/","name":"Jim Green","description":"Footwear EU - Quality Hiking &amp; Safety Boots","publisher":{"@id":"https:\/\/jimgreenfootwear.eu\/#organization"},"potentialAction":[{"@type":"SearchAction","target":{"@type":"EntryPoint","urlTemplate":"https:\/\/jimgreenfootwear.eu\/?s={search_term_string}"},"query-input":{"@type":"PropertyValueSpecification","valueRequired":true,"valueName":"search_term_string"}}],"inLanguage":"de"},{"@type":"Organization","@id":"https:\/\/jimgreenfootwear.eu\/#organization","name":"Jim Green Footwear","alternateName":"Jim Green","url":"https:\/\/jimgreenfootwear.eu\/","logo":{"@type":"ImageObject","inLanguage":"de","@id":"https:\/\/jimgreenfootwear.eu\/#\/schema\/logo\/image\/","url":"https:\/\/jimgreenfootwear.eu\/wp-content\/uploads\/2023\/11\/Jim-Green-4-copy@4x.png","contentUrl":"https:\/\/jimgreenfootwear.eu\/wp-content\/uploads\/2023\/11\/Jim-Green-4-copy@4x.png","width":1940,"height":1940,"caption":"Jim Green Footwear"},"image":{"@id":"https:\/\/jimgreenfootwear.eu\/#\/schema\/logo\/image\/"},"sameAs":["https:\/\/www.facebook.com\/jimgreenfootwear\/","https:\/\/x.com\/jimgreenfw","https:\/\/www.instagram.com\/jimgreenfootwear\/"]}]},"og_availability":"out of stock","product_availability":"out of stock","product_retailer_item_id":"BW01_JGC_BR","product_condition":"new"},"_links":{"self":[{"href":"https:\/\/jimgreenfootwear.eu\/de\/wp-json\/wp\/v2\/product\/57707","targetHints":{"allow":["GET"]}}],"collection":[{"href":"https:\/\/jimgreenfootwear.eu\/de\/wp-json\/wp\/v2\/product"}],"about":[{"href":"https:\/\/jimgreenfootwear.eu\/de\/wp-json\/wp\/v2\/types\/product"}],"replies":[{"embeddable":true,"href":"https:\/\/jimgreenfootwear.eu\/de\/wp-json\/wp\/v2\/comments?post=57707"}],"wp:featuredmedia":[{"embeddable":true,"href":"https:\/\/jimgreenfootwear.eu\/de\/wp-json\/wp\/v2\/media\/54831"}],"wp:attachment":[{"href":"https:\/\/jimgreenfootwear.eu\/de\/wp-json\/wp\/v2\/media?parent=57707"}],"wp:term":[{"taxonomy":"product_brand","embeddable":true,"href":"https:\/\/jimgreenfootwear.eu\/de\/wp-json\/wp\/v2\/product_brand?post=57707"},{"taxonomy":"product_cat","embeddable":true,"href":"https:\/\/jimgreenfootwear.eu\/de\/wp-json\/wp\/v2\/product_cat?post=57707"},{"taxonomy":"product_tag","embeddable":true,"href":"https:\/\/jimgreenfootwear.eu\/de\/wp-json\/wp\/v2\/product_tag?post=57707"}],"curies":[{"name":"wp","href":"https:\/\/api.w.org\/{rel}","templated":true}]}}