{"id":57751,"date":"2024-06-19T14:29:43","date_gmt":"2024-06-19T12:29:43","guid":{"rendered":"https:\/\/jimgreenfootwear.eu\/store\/barefoot-stockman-black\/"},"modified":"2026-03-07T10:50:29","modified_gmt":"2026-03-07T08:50:29","slug":"barefoot-stockman-black","status":"publish","type":"product","link":"https:\/\/jimgreenfootwear.eu\/de\/store\/barefoot-stockman-black\/","title":{"rendered":"Barefoot Stockman &#8211; Black"},"content":{"rendered":"<div class=\"wpb-content-wrapper\"><p>[vc_row css=&#8221;.vc_custom_xxxxxx{padding-right: 15px !important;padding-bottom: 30px !important;padding-left: 15px !important;}&#8221;][vc_column width=&#8221;5\/6&#8243; css=&#8221;.vc_custom_padding_settings&#8221;][vc_column_text css=&#8221;&#8221;]<\/p>\n<h3><strong><span style=\"font-family: nathan-serif; font-size: 24pt;\">Der Allrounder mit nat\u00fcrlichem Laufgef\u00fchl<\/span><\/strong><\/h3>\n<p>[\/vc_column_text][\/vc_column][\/vc_row][vc_row][vc_column][vc_column_text]<\/p>\n<p>[\/vc_column_text][\/vc_column][\/vc_row][vc_row css=&#8221;.vc_custom_padding_settings{padding-right: 15px; padding-left: 15px; padding-bottom: 20px!important;}&#8221;][vc_column width=&#8221;1\/2&#8243; el_class=&#8221;description&#8221; css=&#8221;.vc_custom_xxxxxx{padding-bottom: 20px !important;}&#8221;][vc_column_text css=&#8221;&#8221;]<\/p>\n<p data-start=\"323\" data-end=\"565\"><span style=\"font-family: nathan-serif; font-size: 14pt;\">Der ideale Allround-Boot f\u00fcr den Alltag \u2013 nat\u00fcrlich, bequem und f\u00fcr jede Herausforderung gemacht. Unser <strong data-start=\"427\" data-end=\"444\">Stockman-Boot<\/strong> wurde f\u00fcr Menschen entworfen, die viel unterwegs sind und einen zuverl\u00e4ssigen, gleichzeitig komfortablen Schuh suchen.<\/span><\/p>\n<p data-start=\"567\" data-end=\"885\"><span style=\"font-family: nathan-serif; font-size: 14pt;\">Eine Kombination aus robusten Materialien und funktionalem Design macht den Boot perfekt \u2013 egal ob im B\u00fcro oder drau\u00dfen unterwegs. Er f\u00fchlt sich an wie ein sanfter Spaziergang auf ebenem Untergrund. Zudem bietet die Zehenbox viel Platz, sodass sich Gro\u00df- und kleiner Zeh frei bewegen k\u00f6nnen, ohne gedr\u00fcckt zu werden.<\/span><\/p>\n<p data-start=\"887\" data-end=\"1080\"><span style=\"font-family: nathan-serif; font-size: 14pt;\">Diese Boots sind wie der beste Freund deiner F\u00fc\u00dfe \u2013 flexibel, biegsam und passen sich jeder Bewegung an. Die d\u00fcnnen Sohlen lassen dich den Boden sp\u00fcren und f\u00f6rdern ein nat\u00fcrliches Laufgef\u00fchl.<\/span><\/p>\n<p data-start=\"1082\" data-end=\"1362\"><span style=\"font-family: nathan-serif; font-size: 14pt;\">Das Barfu\u00df-Prinzip ist hier das Highlight: Kein Schnickschnack mit Federung oder \u00fcbertriebener Fu\u00dfgew\u00f6lbe-Unterst\u00fctzung. Deine F\u00fc\u00dfe k\u00f6nnen einfach tun, was sie am besten k\u00f6nnen. Wer flexible, bequeme und fu\u00dffreundliche Schuhe liebt, liegt mit diesem Barefoot-Boot genau richtig.<\/span><\/p>\n<p>[\/vc_column_text][\/vc_column][vc_column width=&#8221;1\/2&#8243; el_class=&#8221;features&#8221;][vc_column_text css=&#8221;&#8221;]<\/p>\n<ul>\n<li data-start=\"192\" data-end=\"275\"><span style=\"font-family: nathan-serif; font-size: 14pt;\">Drei Hauptfokusbereiche: Komfort, Langlebigkeit und ein erschwinglicher Preis<\/span><\/li>\n<li data-start=\"278\" data-end=\"381\"><span style=\"font-family: nathan-serif; font-size: 14pt;\">Hergestellt aus doppeltem Lederaufbau (2,2\u202fmm Oily Nubuck Leder, gef\u00fcttert mit 1,6\u202fmm Kalbsleder)<\/span><\/li>\n<li data-start=\"384\" data-end=\"477\"><span style=\"font-family: nathan-serif; font-size: 14pt;\">Anvil-Sohle f\u00fcr das Barfu\u00dfgef\u00fchl auf jedem Untergrund, mit zus\u00e4tzlichem Grip und Schutz<\/span><\/li>\n<li data-start=\"480\" data-end=\"550\"><span style=\"font-family: nathan-serif; font-size: 14pt;\">Fersenverst\u00e4rkung f\u00fcr Kn\u00f6chelunterst\u00fctzung und Schutz integriert<\/span><\/li>\n<li data-start=\"553\" data-end=\"574\"><span style=\"font-family: nathan-serif; font-size: 14pt;\">KEIN Stahlschaft<\/span><\/li>\n<li data-start=\"577\" data-end=\"654\"><span style=\"font-family: nathan-serif; font-size: 14pt;\">Ledermittelsohle f\u00fcr zus\u00e4tzlichen Komfort, Flexibilit\u00e4t und Bodengef\u00fchl<\/span><\/li>\n<li data-start=\"657\" data-end=\"742\"><span style=\"font-family: nathan-serif; font-size: 14pt;\">Ledermittelsohle befestigt mit doppelt gen\u00e4htem, 2,2\u202fmm geflochtenem Nylonfaden<\/span><\/li>\n<li data-start=\"745\" data-end=\"797\"><span style=\"font-family: nathan-serif; font-size: 14pt;\">Wiederbesohlbar dank Double Stitch Down-Konstruktion<\/span><\/li>\n<li data-start=\"800\" data-end=\"864\"><span style=\"font-family: nathan-serif; font-size: 14pt;\"><strong><span style=\"text-decoration: underline;\">ZD Leisten<\/span><\/strong> \u2013 2E Breite, ger\u00e4umige Zero-Drop-Passform<\/span><\/li>\n<li data-start=\"867\" data-end=\"960\"><span style=\"font-family: nathan-serif; font-size: 14pt;\"><strong><span style=\"text-decoration: underline;\">Sohle: ANV<\/span> <\/strong>Zero Drop, echtes Gummi mit weicherem Gummiverbund f\u00fcr Grip und Barfu\u00dfgef\u00fchl<\/span><\/li>\n<li data-start=\"963\" data-end=\"995\"><span style=\"font-family: nathan-serif; font-size: 14pt;\">Gewicht: 1,26\u202fkg (Gr\u00f6\u00dfe 8)<\/span><\/li>\n<li data-start=\"998\" data-end=\"1034\"><span style=\"font-family: nathan-serif; font-size: 14pt;\">100\u202f% Hergestellt in S\u00fcdafrika<\/span><\/li>\n<\/ul>\n<p>[\/vc_column_text][\/vc_column][\/vc_row]<\/p>\n<\/div>","protected":false},"excerpt":{"rendered":"<p>[vc_row css=&#8221;.vc_custom_xxxxxx{padding-right: 15px !important;padding-bottom: 30px !important;padding-left: 15px !important;}&#8221;][vc_column width=&#8221;5\/6&#8243; css=&#8221;.vc_custom_padding_settings&#8221;][vc_column_text css=&#8221;&#8221;] Der Allrounder mit nat\u00fcrlichem Laufgef\u00fchl [\/vc_column_text][\/vc_column][\/vc_row][vc_row][vc_column][vc_column_text] [\/vc_column_text][\/vc_column][\/vc_row][vc_row css=&#8221;.vc_custom_padding_settings{padding-right: 15px; padding-left: 15px; padding-bottom: 20px!important;}&#8221;][vc_column width=&#8221;1\/2&#8243; el_class=&#8221;description&#8221; css=&#8221;.vc_custom_xxxxxx{padding-bottom: 20px !important;}&#8221;][vc_column_text css=&#8221;&#8221;] Der ideale Allround-Boot f\u00fcr den Alltag \u2013 nat\u00fcrlich, bequem und f\u00fcr jede Herausforderung gemacht. Unser Stockman-Boot wurde f\u00fcr Menschen entworfen, die viel unterwegs sind und [&hellip;]<\/p>\n","protected":false},"featured_media":49203,"comment_status":"open","ping_status":"closed","template":"","meta":{"_acf_changed":false},"product_brand":[],"product_cat":[285,316,339],"product_tag":[],"class_list":{"0":"post-57751","1":"product","2":"type-product","3":"status-publish","4":"has-post-thumbnail","6":"product_cat-all-de-2","7":"product_cat-barefoot-boots-de","8":"product_cat-slip-on-de","9":"product_shipping_class-boots","10":"tm-has-options","12":"first","13":"instock","14":"taxable","15":"shipping-taxable","16":"purchasable","17":"product-type-variable"},"group_of_quantity":0,"min_quantity":0,"max_quantity":"","exclude_order_quantity_value_rules":"no","exclude_category_quantity_rules":"no","combine_variations":"no","acf":[],"yoast_head":"<!-- This site is optimized with the Yoast SEO plugin v27.3 - https:\/\/yoast.com\/product\/yoast-seo-wordpress\/ -->\n<title>Barefoot Stockman - Black - Jim Green<\/title>\n<meta name=\"robots\" content=\"index, follow, max-snippet:-1, max-image-preview:large, max-video-preview:-1\" \/>\n<link rel=\"canonical\" href=\"https:\/\/jimgreenfootwear.eu\/de\/store\/barefoot-stockman-black\/\" \/>\n<meta property=\"og:locale\" content=\"de_DE\" \/>\n<meta property=\"og:type\" content=\"article\" \/>\n<meta property=\"og:title\" content=\"Barefoot Stockman - Black - Jim Green\" \/>\n<meta property=\"og:description\" content=\"[vc_row css=&#8221;.vc_custom_xxxxxx{padding-right: 15px !important;padding-bottom: 30px !important;padding-left: 15px !important;}&#8221;][vc_column width=&#8221;5\/6&#8243; css=&#8221;.vc_custom_padding_settings&#8221;][vc_column_text css=&#8221;&#8221;] Der Allrounder mit nat\u00fcrlichem Laufgef\u00fchl [\/vc_column_text][\/vc_column][\/vc_row][vc_row][vc_column][vc_column_text] [\/vc_column_text][\/vc_column][\/vc_row][vc_row css=&#8221;.vc_custom_padding_settings{padding-right: 15px; padding-left: 15px; padding-bottom: 20px!important;}&#8221;][vc_column width=&#8221;1\/2&#8243; el_class=&#8221;description&#8221; css=&#8221;.vc_custom_xxxxxx{padding-bottom: 20px !important;}&#8221;][vc_column_text css=&#8221;&#8221;] Der ideale Allround-Boot f\u00fcr den Alltag \u2013 nat\u00fcrlich, bequem und f\u00fcr jede Herausforderung gemacht. Unser Stockman-Boot wurde f\u00fcr Menschen entworfen, die viel unterwegs sind und [&hellip;]\" \/>\n<meta property=\"og:url\" content=\"https:\/\/jimgreenfootwear.eu\/de\/store\/barefoot-stockman-black\/\" \/>\n<meta property=\"og:site_name\" content=\"Jim Green\" \/>\n<meta property=\"article:publisher\" content=\"https:\/\/www.facebook.com\/jimgreenfootwear\/\" \/>\n<meta property=\"article:modified_time\" content=\"2026-03-07T08:50:29+00:00\" \/>\n<meta property=\"og:image\" content=\"https:\/\/jimgreenfootwear.eu\/wp-content\/uploads\/2024\/06\/F3Z_JGA_01-scaled.jpg\" \/>\n\t<meta property=\"og:image:width\" content=\"2560\" \/>\n\t<meta property=\"og:image:height\" content=\"2560\" \/>\n\t<meta property=\"og:image:type\" content=\"image\/jpeg\" \/>\n<meta name=\"twitter:card\" content=\"summary_large_image\" \/>\n<meta name=\"twitter:site\" content=\"@jimgreenfw\" \/>\n<meta name=\"twitter:label1\" content=\"Verf\u00fcgbarkeit\" \/>\n\t<meta name=\"twitter:data1\" content=\"Auf Lager\" \/>\n<script type=\"application\/ld+json\" class=\"yoast-schema-graph\">{\"@context\":\"https:\\\/\\\/schema.org\",\"@graph\":[{\"@type\":\"WebPage\",\"@id\":\"https:\\\/\\\/jimgreenfootwear.eu\\\/de\\\/store\\\/barefoot-stockman-black\\\/\",\"url\":\"https:\\\/\\\/jimgreenfootwear.eu\\\/de\\\/store\\\/barefoot-stockman-black\\\/\",\"name\":\"Barefoot Stockman - Black - Jim Green\",\"isPartOf\":{\"@id\":\"https:\\\/\\\/jimgreenfootwear.eu\\\/#website\"},\"primaryImageOfPage\":{\"@id\":\"https:\\\/\\\/jimgreenfootwear.eu\\\/de\\\/store\\\/barefoot-stockman-black\\\/#primaryimage\"},\"image\":{\"@id\":\"https:\\\/\\\/jimgreenfootwear.eu\\\/de\\\/store\\\/barefoot-stockman-black\\\/#primaryimage\"},\"thumbnailUrl\":\"https:\\\/\\\/jimgreenfootwear.eu\\\/wp-content\\\/uploads\\\/2024\\\/06\\\/F3Z_JGA_01-scaled.jpg\",\"datePublished\":\"2024-06-19T12:29:43+00:00\",\"dateModified\":\"2026-03-07T08:50:29+00:00\",\"breadcrumb\":{\"@id\":\"https:\\\/\\\/jimgreenfootwear.eu\\\/de\\\/store\\\/barefoot-stockman-black\\\/#breadcrumb\"},\"inLanguage\":\"de\",\"potentialAction\":[{\"@type\":\"ReadAction\",\"target\":[\"https:\\\/\\\/jimgreenfootwear.eu\\\/de\\\/store\\\/barefoot-stockman-black\\\/\"]}]},{\"@type\":\"ImageObject\",\"inLanguage\":\"de\",\"@id\":\"https:\\\/\\\/jimgreenfootwear.eu\\\/de\\\/store\\\/barefoot-stockman-black\\\/#primaryimage\",\"url\":\"https:\\\/\\\/jimgreenfootwear.eu\\\/wp-content\\\/uploads\\\/2024\\\/06\\\/F3Z_JGA_01-scaled.jpg\",\"contentUrl\":\"https:\\\/\\\/jimgreenfootwear.eu\\\/wp-content\\\/uploads\\\/2024\\\/06\\\/F3Z_JGA_01-scaled.jpg\",\"width\":2560,\"height\":2560},{\"@type\":\"BreadcrumbList\",\"@id\":\"https:\\\/\\\/jimgreenfootwear.eu\\\/de\\\/store\\\/barefoot-stockman-black\\\/#breadcrumb\",\"itemListElement\":[{\"@type\":\"ListItem\",\"position\":1,\"name\":\"Home\",\"item\":\"https:\\\/\\\/jimgreenfootwear.eu\\\/de\\\/\"},{\"@type\":\"ListItem\",\"position\":2,\"name\":\"Shop\",\"item\":\"https:\\\/\\\/jimgreenfootwear.eu\\\/de\\\/shop\\\/\"},{\"@type\":\"ListItem\",\"position\":3,\"name\":\"Barefoot Stockman &#8211; Black\"}]},{\"@type\":\"WebSite\",\"@id\":\"https:\\\/\\\/jimgreenfootwear.eu\\\/#website\",\"url\":\"https:\\\/\\\/jimgreenfootwear.eu\\\/\",\"name\":\"Jim Green\",\"description\":\"Footwear EU - Quality Hiking &amp; Safety Boots\",\"publisher\":{\"@id\":\"https:\\\/\\\/jimgreenfootwear.eu\\\/#organization\"},\"potentialAction\":[{\"@type\":\"SearchAction\",\"target\":{\"@type\":\"EntryPoint\",\"urlTemplate\":\"https:\\\/\\\/jimgreenfootwear.eu\\\/?s={search_term_string}\"},\"query-input\":{\"@type\":\"PropertyValueSpecification\",\"valueRequired\":true,\"valueName\":\"search_term_string\"}}],\"inLanguage\":\"de\"},{\"@type\":\"Organization\",\"@id\":\"https:\\\/\\\/jimgreenfootwear.eu\\\/#organization\",\"name\":\"Jim Green Footwear\",\"alternateName\":\"Jim Green\",\"url\":\"https:\\\/\\\/jimgreenfootwear.eu\\\/\",\"logo\":{\"@type\":\"ImageObject\",\"inLanguage\":\"de\",\"@id\":\"https:\\\/\\\/jimgreenfootwear.eu\\\/#\\\/schema\\\/logo\\\/image\\\/\",\"url\":\"https:\\\/\\\/jimgreenfootwear.eu\\\/wp-content\\\/uploads\\\/2023\\\/11\\\/Jim-Green-4-copy@4x.png\",\"contentUrl\":\"https:\\\/\\\/jimgreenfootwear.eu\\\/wp-content\\\/uploads\\\/2023\\\/11\\\/Jim-Green-4-copy@4x.png\",\"width\":1940,\"height\":1940,\"caption\":\"Jim Green Footwear\"},\"image\":{\"@id\":\"https:\\\/\\\/jimgreenfootwear.eu\\\/#\\\/schema\\\/logo\\\/image\\\/\"},\"sameAs\":[\"https:\\\/\\\/www.facebook.com\\\/jimgreenfootwear\\\/\",\"https:\\\/\\\/x.com\\\/jimgreenfw\",\"https:\\\/\\\/www.instagram.com\\\/jimgreenfootwear\\\/\"]}]}<\/script>\n<meta property=\"og:availability\" content=\"instock\" \/>\n<meta property=\"product:availability\" content=\"instock\" \/>\n<meta property=\"product:retailer_item_id\" content=\"F3Z_JGA_ANV\" \/>\n<meta property=\"product:condition\" content=\"new\" \/>\n<!-- \/ Yoast SEO plugin. -->","yoast_head_json":{"title":"Barefoot Stockman - Black - Jim Green","robots":{"index":"index","follow":"follow","max-snippet":"max-snippet:-1","max-image-preview":"max-image-preview:large","max-video-preview":"max-video-preview:-1"},"canonical":"https:\/\/jimgreenfootwear.eu\/de\/store\/barefoot-stockman-black\/","og_locale":"de_DE","og_type":"article","og_title":"Barefoot Stockman - Black - Jim Green","og_description":"[vc_row css=&#8221;.vc_custom_xxxxxx{padding-right: 15px !important;padding-bottom: 30px !important;padding-left: 15px !important;}&#8221;][vc_column width=&#8221;5\/6&#8243; css=&#8221;.vc_custom_padding_settings&#8221;][vc_column_text css=&#8221;&#8221;] Der Allrounder mit nat\u00fcrlichem Laufgef\u00fchl [\/vc_column_text][\/vc_column][\/vc_row][vc_row][vc_column][vc_column_text] [\/vc_column_text][\/vc_column][\/vc_row][vc_row css=&#8221;.vc_custom_padding_settings{padding-right: 15px; padding-left: 15px; padding-bottom: 20px!important;}&#8221;][vc_column width=&#8221;1\/2&#8243; el_class=&#8221;description&#8221; css=&#8221;.vc_custom_xxxxxx{padding-bottom: 20px !important;}&#8221;][vc_column_text css=&#8221;&#8221;] Der ideale Allround-Boot f\u00fcr den Alltag \u2013 nat\u00fcrlich, bequem und f\u00fcr jede Herausforderung gemacht. Unser Stockman-Boot wurde f\u00fcr Menschen entworfen, die viel unterwegs sind und [&hellip;]","og_url":"https:\/\/jimgreenfootwear.eu\/de\/store\/barefoot-stockman-black\/","og_site_name":"Jim Green","article_publisher":"https:\/\/www.facebook.com\/jimgreenfootwear\/","article_modified_time":"2026-03-07T08:50:29+00:00","og_image":[{"width":2560,"height":2560,"url":"https:\/\/jimgreenfootwear.eu\/wp-content\/uploads\/2024\/06\/F3Z_JGA_01-scaled.jpg","type":"image\/jpeg"}],"twitter_card":"summary_large_image","twitter_site":"@jimgreenfw","twitter_misc":{"Verf\u00fcgbarkeit":"Auf Lager"},"schema":{"@context":"https:\/\/schema.org","@graph":[{"@type":"WebPage","@id":"https:\/\/jimgreenfootwear.eu\/de\/store\/barefoot-stockman-black\/","url":"https:\/\/jimgreenfootwear.eu\/de\/store\/barefoot-stockman-black\/","name":"Barefoot Stockman - Black - Jim Green","isPartOf":{"@id":"https:\/\/jimgreenfootwear.eu\/#website"},"primaryImageOfPage":{"@id":"https:\/\/jimgreenfootwear.eu\/de\/store\/barefoot-stockman-black\/#primaryimage"},"image":{"@id":"https:\/\/jimgreenfootwear.eu\/de\/store\/barefoot-stockman-black\/#primaryimage"},"thumbnailUrl":"https:\/\/jimgreenfootwear.eu\/wp-content\/uploads\/2024\/06\/F3Z_JGA_01-scaled.jpg","datePublished":"2024-06-19T12:29:43+00:00","dateModified":"2026-03-07T08:50:29+00:00","breadcrumb":{"@id":"https:\/\/jimgreenfootwear.eu\/de\/store\/barefoot-stockman-black\/#breadcrumb"},"inLanguage":"de","potentialAction":[{"@type":"ReadAction","target":["https:\/\/jimgreenfootwear.eu\/de\/store\/barefoot-stockman-black\/"]}]},{"@type":"ImageObject","inLanguage":"de","@id":"https:\/\/jimgreenfootwear.eu\/de\/store\/barefoot-stockman-black\/#primaryimage","url":"https:\/\/jimgreenfootwear.eu\/wp-content\/uploads\/2024\/06\/F3Z_JGA_01-scaled.jpg","contentUrl":"https:\/\/jimgreenfootwear.eu\/wp-content\/uploads\/2024\/06\/F3Z_JGA_01-scaled.jpg","width":2560,"height":2560},{"@type":"BreadcrumbList","@id":"https:\/\/jimgreenfootwear.eu\/de\/store\/barefoot-stockman-black\/#breadcrumb","itemListElement":[{"@type":"ListItem","position":1,"name":"Home","item":"https:\/\/jimgreenfootwear.eu\/de\/"},{"@type":"ListItem","position":2,"name":"Shop","item":"https:\/\/jimgreenfootwear.eu\/de\/shop\/"},{"@type":"ListItem","position":3,"name":"Barefoot Stockman &#8211; Black"}]},{"@type":"WebSite","@id":"https:\/\/jimgreenfootwear.eu\/#website","url":"https:\/\/jimgreenfootwear.eu\/","name":"Jim Green","description":"Footwear EU - Quality Hiking &amp; Safety Boots","publisher":{"@id":"https:\/\/jimgreenfootwear.eu\/#organization"},"potentialAction":[{"@type":"SearchAction","target":{"@type":"EntryPoint","urlTemplate":"https:\/\/jimgreenfootwear.eu\/?s={search_term_string}"},"query-input":{"@type":"PropertyValueSpecification","valueRequired":true,"valueName":"search_term_string"}}],"inLanguage":"de"},{"@type":"Organization","@id":"https:\/\/jimgreenfootwear.eu\/#organization","name":"Jim Green Footwear","alternateName":"Jim Green","url":"https:\/\/jimgreenfootwear.eu\/","logo":{"@type":"ImageObject","inLanguage":"de","@id":"https:\/\/jimgreenfootwear.eu\/#\/schema\/logo\/image\/","url":"https:\/\/jimgreenfootwear.eu\/wp-content\/uploads\/2023\/11\/Jim-Green-4-copy@4x.png","contentUrl":"https:\/\/jimgreenfootwear.eu\/wp-content\/uploads\/2023\/11\/Jim-Green-4-copy@4x.png","width":1940,"height":1940,"caption":"Jim Green Footwear"},"image":{"@id":"https:\/\/jimgreenfootwear.eu\/#\/schema\/logo\/image\/"},"sameAs":["https:\/\/www.facebook.com\/jimgreenfootwear\/","https:\/\/x.com\/jimgreenfw","https:\/\/www.instagram.com\/jimgreenfootwear\/"]}]},"og_availability":"instock","product_availability":"instock","product_retailer_item_id":"F3Z_JGA_ANV","product_condition":"new"},"_links":{"self":[{"href":"https:\/\/jimgreenfootwear.eu\/de\/wp-json\/wp\/v2\/product\/57751","targetHints":{"allow":["GET"]}}],"collection":[{"href":"https:\/\/jimgreenfootwear.eu\/de\/wp-json\/wp\/v2\/product"}],"about":[{"href":"https:\/\/jimgreenfootwear.eu\/de\/wp-json\/wp\/v2\/types\/product"}],"replies":[{"embeddable":true,"href":"https:\/\/jimgreenfootwear.eu\/de\/wp-json\/wp\/v2\/comments?post=57751"}],"wp:featuredmedia":[{"embeddable":true,"href":"https:\/\/jimgreenfootwear.eu\/de\/wp-json\/wp\/v2\/media\/49203"}],"wp:attachment":[{"href":"https:\/\/jimgreenfootwear.eu\/de\/wp-json\/wp\/v2\/media?parent=57751"}],"wp:term":[{"taxonomy":"product_brand","embeddable":true,"href":"https:\/\/jimgreenfootwear.eu\/de\/wp-json\/wp\/v2\/product_brand?post=57751"},{"taxonomy":"product_cat","embeddable":true,"href":"https:\/\/jimgreenfootwear.eu\/de\/wp-json\/wp\/v2\/product_cat?post=57751"},{"taxonomy":"product_tag","embeddable":true,"href":"https:\/\/jimgreenfootwear.eu\/de\/wp-json\/wp\/v2\/product_tag?post=57751"}],"curies":[{"name":"wp","href":"https:\/\/api.w.org\/{rel}","templated":true}]}}