{"id":58173,"date":"2025-11-11T11:08:51","date_gmt":"2025-11-11T09:08:51","guid":{"rendered":"https:\/\/jimgreenfootwear.eu\/store\/barefoot-shoellie-bronco-brown\/"},"modified":"2026-03-29T22:16:36","modified_gmt":"2026-03-29T20:16:36","slug":"barefoot-shoellie-bronco-brown","status":"publish","type":"product","link":"https:\/\/jimgreenfootwear.eu\/de\/store\/barefoot-shoellie-bronco-brown\/","title":{"rendered":"Barefoot Shoellie &#8211; Bronco Brown"},"content":{"rendered":"<div class=\"wpb-content-wrapper\"><p>[vc_row css=&#8221;.vc_custom_1730705955913{padding-right: 15px !important;padding-bottom: 20px !important;padding-left: 15px !important;}&#8221;][vc_column width=&#8221;3\/4&#8243; css=&#8221;.vc_custom_1730705886844{padding-right: 15px !important;padding-left: 0px !important;}&#8221;][vc_column_text css=&#8221;&#8221;]<\/p>\n<h3><span style=\"font-family: nathan-serif; font-size: 24pt;\">Erlebe das Barfu\u00df-Gef\u00fchl mit unserem neuen Barefoot Shoellie<\/span><\/h3>\n<p>[\/vc_column_text][\/vc_column][vc_column width=&#8221;1\/4&#8243;][\/vc_column][\/vc_row][vc_row][vc_column width=&#8221;1\/2&#8243;][vc_column_text css=&#8221;&#8221;]<\/p>\n<p data-path-to-node=\"2\"><span style=\"font-family: nathan-serif; font-size: 14pt;\">Beim Barefoot Shoellie dreht sich alles darum, es f\u00fcr deine F\u00fc\u00dfe nat\u00fcrlich und bequem zu halten. Es ist so, als w\u00fcrdest du deinen F\u00fc\u00dfen eine sanfte Fahrt auf ebenem Boden g\u00f6nnen. Au\u00dferdem gibt es vorne im Zehenbereich jede Menge Platz, damit sich dein gro\u00dfer Zeh und dein kleiner Zeh richtig ausstrecken k\u00f6nnen, ohne sich an den Seiten eingeengt zu f\u00fchlen. Diese Schuhe sind wie der beste Freund deiner F\u00fc\u00dfe \u2013 sie sind super flexibel und lassen sich genauso biegen und drehen, wie dein Fu\u00df es tun w\u00fcrde. Die Sohlen sind d\u00fcnn, sodass du den Boden unter dir besser sp\u00fcren kannst.<\/span><\/p>\n<p data-path-to-node=\"3\"><span style=\"font-family: nathan-serif; font-size: 14pt;\">Das Barfu\u00df-Gef\u00fchl ist das eigentliche Highlight. Du musst dir keine Gedanken \u00fcber Zehensprengung oder unn\u00f6tige Gew\u00f6lbest\u00fctzen machen. Diese Boots lassen deine F\u00fc\u00dfe einfach ihr Ding machen \u2013 ganz nat\u00fcrlich. Wenn du also auf bequemes, flexibles und fu\u00dffreundliches Schuhwerk stehst, ist dieser Barfu\u00df-Boot genau das Richtige f\u00fcr dich!<\/span><\/p>\n<p>[\/vc_column_text][\/vc_column][vc_column width=&#8221;1\/2&#8243; el_class=&#8221;features&#8221;][vc_column_text css=&#8221;&#8221;]<\/p>\n<ul>\n<li><span style=\"font-family: nathan-serif; font-size: 14pt;\">Dieser Schuh wurde mit 3 Schwerpunkten entwickelt: Komfort und Langlebigkeit zu einem erschwinglichen Preis.<\/span><\/li>\n<li data-path-to-node=\"3,0,0\"><span style=\"font-family: nathan-serif; font-size: 14pt;\">Die Anvil-Sohle wurde entwickelt, um das Gef\u00fchl vom Barfu\u00dflaufen auf jedem Terrain nachzuahmen, w\u00e4hrend sie gleichzeitig extra Grip und Schutz bietet.<\/span><\/li>\n<li data-path-to-node=\"3,1,0\"><span style=\"font-family: nathan-serif; font-size: 14pt;\">Der Fersen- und Schaftbereich wird mit einer doppelten Schicht 2,2 mm &#8220;Oily Pull Up&#8221; Vollleder f\u00fcr zus\u00e4tzliche Haltbarkeit gefertigt.<\/span><\/li>\n<li data-path-to-node=\"3,2,0\"><span style=\"font-family: nathan-serif; font-size: 14pt;\">Eine Fersenverst\u00e4rkung ist f\u00fcr Kn\u00f6chelhalt und Schutz integriert.<\/span><\/li>\n<li data-path-to-node=\"3,3,0\"><span style=\"font-family: nathan-serif; font-size: 14pt;\">KEIN STAHLGELENK<\/span><\/li>\n<li data-path-to-node=\"3,4,0\"><span style=\"font-family: nathan-serif; font-size: 14pt;\">Eine Zwischensohle aus Leder sorgt f\u00fcr zus\u00e4tzlichen Komfort, Flexibilit\u00e4t und Gef\u00fchl unter dem Fu\u00df.<\/span><\/li>\n<li data-path-to-node=\"3,5,0\"><span style=\"font-family: nathan-serif; font-size: 14pt;\">Die Leder-Zwischensohle ist mit einer 2,2 mm starken, geflochtenen Nylonschnur durch eine Doppelnaht mit dem Obermaterial verbunden.<\/span><\/li>\n<li data-path-to-node=\"3,6,0\"><span style=\"font-family: nathan-serif; font-size: 14pt;\">Wie bei all unseren Boots k\u00f6nnen auch diese aufgrund ihrer &#8220;Double Stitch Down&#8221;-Konstruktion neu besohlt werden.<\/span><\/li>\n<li data-path-to-node=\"3,7,0\"><span style=\"font-family: nathan-serif; font-size: 14pt;\">Unsere Barfu\u00df-Boots kommen mit einer integrierten halben Leder-Socke\/Einlage. Sie werden standardm\u00e4\u00dfig ohne Leder-Einlegesohle\/Fu\u00dfbett geliefert.<\/span><\/li>\n<li data-path-to-node=\"3,8,0\"><span style=\"font-family: nathan-serif; font-size: 14pt;\"><strong><span style=\"text-decoration: underline;\">Barefoot Zero Drop Leisten<\/span><\/strong> \u2013 Dieser Leisten hat eine 3E-Weite und bietet eine Zero-Drop-Passform mit einer ger\u00e4umigen Zehenbox (Dies bietet eine weite Passform und extra Platz, der ein nat\u00fcrlicheres Barfu\u00df-Erlebnis erm\u00f6glicht).<\/span><\/li>\n<li data-path-to-node=\"3,9,0\"><span style=\"font-family: nathan-serif; font-size: 14pt;\">Gewicht: 0,8 kg (UK 08)<\/span><\/li>\n<li data-path-to-node=\"3,10,0\"><span style=\"font-family: nathan-serif; font-size: 14pt;\">Schn\u00fcrsenkel: 120 cm<\/span><\/li>\n<\/ul>\n<p>[\/vc_column_text][\/vc_column][\/vc_row]<\/p>\n<\/div>","protected":false},"excerpt":{"rendered":"<p>[vc_row css=&#8221;.vc_custom_1730705955913{padding-right: 15px !important;padding-bottom: 20px !important;padding-left: 15px !important;}&#8221;][vc_column width=&#8221;3\/4&#8243; css=&#8221;.vc_custom_1730705886844{padding-right: 15px !important;padding-left: 0px !important;}&#8221;][vc_column_text css=&#8221;&#8221;] Erlebe das Barfu\u00df-Gef\u00fchl mit unserem neuen Barefoot Shoellie [\/vc_column_text][\/vc_column][vc_column width=&#8221;1\/4&#8243;][\/vc_column][\/vc_row][vc_row][vc_column width=&#8221;1\/2&#8243;][vc_column_text css=&#8221;&#8221;] Beim Barefoot Shoellie dreht sich alles darum, es f\u00fcr deine F\u00fc\u00dfe nat\u00fcrlich und bequem zu halten. Es ist so, als w\u00fcrdest du deinen F\u00fc\u00dfen eine sanfte Fahrt auf [&hellip;]<\/p>\n","protected":false},"featured_media":57101,"comment_status":"open","ping_status":"closed","template":"","meta":{"_acf_changed":false},"product_brand":[],"product_cat":[736,285,316,345],"product_tag":[],"class_list":{"0":"post-58173","1":"product","2":"type-product","3":"status-publish","4":"has-post-thumbnail","6":"product_cat-100cm-laces-de","7":"product_cat-all-de-2","8":"product_cat-barefoot-boots-de","9":"product_cat-velliesnshoes-de","10":"tm-has-options","12":"first","13":"outofstock","14":"taxable","15":"shipping-taxable","16":"purchasable","17":"product-type-variable"},"group_of_quantity":0,"min_quantity":0,"max_quantity":"","exclude_order_quantity_value_rules":"no","exclude_category_quantity_rules":"no","combine_variations":"no","acf":[],"yoast_head":"<!-- This site is optimized with the Yoast SEO plugin v27.3 - https:\/\/yoast.com\/product\/yoast-seo-wordpress\/ -->\n<title>Barefoot Shoellie - Bronco Brown - Jim Green<\/title>\n<meta name=\"robots\" content=\"index, follow, max-snippet:-1, max-image-preview:large, max-video-preview:-1\" \/>\n<link rel=\"canonical\" href=\"https:\/\/jimgreenfootwear.eu\/de\/store\/barefoot-shoellie-bronco-brown\/\" \/>\n<meta property=\"og:locale\" content=\"de_DE\" \/>\n<meta property=\"og:type\" content=\"article\" \/>\n<meta property=\"og:title\" content=\"Barefoot Shoellie - Bronco Brown - Jim Green\" \/>\n<meta property=\"og:description\" content=\"[vc_row css=&#8221;.vc_custom_1730705955913{padding-right: 15px !important;padding-bottom: 20px !important;padding-left: 15px !important;}&#8221;][vc_column width=&#8221;3\/4&#8243; css=&#8221;.vc_custom_1730705886844{padding-right: 15px !important;padding-left: 0px !important;}&#8221;][vc_column_text css=&#8221;&#8221;] Erlebe das Barfu\u00df-Gef\u00fchl mit unserem neuen Barefoot Shoellie [\/vc_column_text][\/vc_column][vc_column width=&#8221;1\/4&#8243;][\/vc_column][\/vc_row][vc_row][vc_column width=&#8221;1\/2&#8243;][vc_column_text css=&#8221;&#8221;] Beim Barefoot Shoellie dreht sich alles darum, es f\u00fcr deine F\u00fc\u00dfe nat\u00fcrlich und bequem zu halten. Es ist so, als w\u00fcrdest du deinen F\u00fc\u00dfen eine sanfte Fahrt auf [&hellip;]\" \/>\n<meta property=\"og:url\" content=\"https:\/\/jimgreenfootwear.eu\/de\/store\/barefoot-shoellie-bronco-brown\/\" \/>\n<meta property=\"og:site_name\" content=\"Jim Green\" \/>\n<meta property=\"article:publisher\" content=\"https:\/\/www.facebook.com\/jimgreenfootwear\/\" \/>\n<meta property=\"article:modified_time\" content=\"2026-03-29T20:16:36+00:00\" \/>\n<meta property=\"og:image\" content=\"https:\/\/jimgreenfootwear.eu\/wp-content\/uploads\/2025\/11\/1AMO17-BCC-AN1-scaled-1.jpg\" \/>\n\t<meta property=\"og:image:width\" content=\"1200\" \/>\n\t<meta property=\"og:image:height\" content=\"1200\" \/>\n\t<meta property=\"og:image:type\" content=\"image\/jpeg\" \/>\n<meta name=\"twitter:card\" content=\"summary_large_image\" \/>\n<meta name=\"twitter:site\" content=\"@jimgreenfw\" \/>\n<meta name=\"twitter:label1\" content=\"Verf\u00fcgbarkeit\" \/>\n\t<meta name=\"twitter:data1\" content=\"ausverkauft\" \/>\n<script type=\"application\/ld+json\" class=\"yoast-schema-graph\">{\"@context\":\"https:\\\/\\\/schema.org\",\"@graph\":[{\"@type\":\"WebPage\",\"@id\":\"https:\\\/\\\/jimgreenfootwear.eu\\\/de\\\/store\\\/barefoot-shoellie-bronco-brown\\\/\",\"url\":\"https:\\\/\\\/jimgreenfootwear.eu\\\/de\\\/store\\\/barefoot-shoellie-bronco-brown\\\/\",\"name\":\"Barefoot Shoellie - Bronco Brown - Jim Green\",\"isPartOf\":{\"@id\":\"https:\\\/\\\/jimgreenfootwear.eu\\\/#website\"},\"primaryImageOfPage\":{\"@id\":\"https:\\\/\\\/jimgreenfootwear.eu\\\/de\\\/store\\\/barefoot-shoellie-bronco-brown\\\/#primaryimage\"},\"image\":{\"@id\":\"https:\\\/\\\/jimgreenfootwear.eu\\\/de\\\/store\\\/barefoot-shoellie-bronco-brown\\\/#primaryimage\"},\"thumbnailUrl\":\"https:\\\/\\\/jimgreenfootwear.eu\\\/wp-content\\\/uploads\\\/2025\\\/11\\\/1AMO17-BCC-AN1-scaled-1.jpg\",\"datePublished\":\"2025-11-11T09:08:51+00:00\",\"dateModified\":\"2026-03-29T20:16:36+00:00\",\"breadcrumb\":{\"@id\":\"https:\\\/\\\/jimgreenfootwear.eu\\\/de\\\/store\\\/barefoot-shoellie-bronco-brown\\\/#breadcrumb\"},\"inLanguage\":\"de\",\"potentialAction\":[{\"@type\":\"ReadAction\",\"target\":[\"https:\\\/\\\/jimgreenfootwear.eu\\\/de\\\/store\\\/barefoot-shoellie-bronco-brown\\\/\"]}]},{\"@type\":\"ImageObject\",\"inLanguage\":\"de\",\"@id\":\"https:\\\/\\\/jimgreenfootwear.eu\\\/de\\\/store\\\/barefoot-shoellie-bronco-brown\\\/#primaryimage\",\"url\":\"https:\\\/\\\/jimgreenfootwear.eu\\\/wp-content\\\/uploads\\\/2025\\\/11\\\/1AMO17-BCC-AN1-scaled-1.jpg\",\"contentUrl\":\"https:\\\/\\\/jimgreenfootwear.eu\\\/wp-content\\\/uploads\\\/2025\\\/11\\\/1AMO17-BCC-AN1-scaled-1.jpg\",\"width\":1200,\"height\":1200},{\"@type\":\"BreadcrumbList\",\"@id\":\"https:\\\/\\\/jimgreenfootwear.eu\\\/de\\\/store\\\/barefoot-shoellie-bronco-brown\\\/#breadcrumb\",\"itemListElement\":[{\"@type\":\"ListItem\",\"position\":1,\"name\":\"Home\",\"item\":\"https:\\\/\\\/jimgreenfootwear.eu\\\/de\\\/\"},{\"@type\":\"ListItem\",\"position\":2,\"name\":\"Shop\",\"item\":\"https:\\\/\\\/jimgreenfootwear.eu\\\/de\\\/shop\\\/\"},{\"@type\":\"ListItem\",\"position\":3,\"name\":\"Barefoot Shoellie &#8211; Bronco Brown\"}]},{\"@type\":\"WebSite\",\"@id\":\"https:\\\/\\\/jimgreenfootwear.eu\\\/#website\",\"url\":\"https:\\\/\\\/jimgreenfootwear.eu\\\/\",\"name\":\"Jim Green\",\"description\":\"Footwear EU - Quality Hiking &amp; Safety Boots\",\"publisher\":{\"@id\":\"https:\\\/\\\/jimgreenfootwear.eu\\\/#organization\"},\"potentialAction\":[{\"@type\":\"SearchAction\",\"target\":{\"@type\":\"EntryPoint\",\"urlTemplate\":\"https:\\\/\\\/jimgreenfootwear.eu\\\/?s={search_term_string}\"},\"query-input\":{\"@type\":\"PropertyValueSpecification\",\"valueRequired\":true,\"valueName\":\"search_term_string\"}}],\"inLanguage\":\"de\"},{\"@type\":\"Organization\",\"@id\":\"https:\\\/\\\/jimgreenfootwear.eu\\\/#organization\",\"name\":\"Jim Green Footwear\",\"alternateName\":\"Jim Green\",\"url\":\"https:\\\/\\\/jimgreenfootwear.eu\\\/\",\"logo\":{\"@type\":\"ImageObject\",\"inLanguage\":\"de\",\"@id\":\"https:\\\/\\\/jimgreenfootwear.eu\\\/#\\\/schema\\\/logo\\\/image\\\/\",\"url\":\"https:\\\/\\\/jimgreenfootwear.eu\\\/wp-content\\\/uploads\\\/2023\\\/11\\\/Jim-Green-4-copy@4x.png\",\"contentUrl\":\"https:\\\/\\\/jimgreenfootwear.eu\\\/wp-content\\\/uploads\\\/2023\\\/11\\\/Jim-Green-4-copy@4x.png\",\"width\":1940,\"height\":1940,\"caption\":\"Jim Green Footwear\"},\"image\":{\"@id\":\"https:\\\/\\\/jimgreenfootwear.eu\\\/#\\\/schema\\\/logo\\\/image\\\/\"},\"sameAs\":[\"https:\\\/\\\/www.facebook.com\\\/jimgreenfootwear\\\/\",\"https:\\\/\\\/x.com\\\/jimgreenfw\",\"https:\\\/\\\/www.instagram.com\\\/jimgreenfootwear\\\/\"]}]}<\/script>\n<meta property=\"og:availability\" content=\"out of stock\" \/>\n<meta property=\"product:availability\" content=\"out of stock\" \/>\n<meta property=\"product:retailer_item_id\" content=\"AM01Z_BCC_ANV1\" \/>\n<meta property=\"product:condition\" content=\"new\" \/>\n<!-- \/ Yoast SEO plugin. -->","yoast_head_json":{"title":"Barefoot Shoellie - Bronco Brown - Jim Green","robots":{"index":"index","follow":"follow","max-snippet":"max-snippet:-1","max-image-preview":"max-image-preview:large","max-video-preview":"max-video-preview:-1"},"canonical":"https:\/\/jimgreenfootwear.eu\/de\/store\/barefoot-shoellie-bronco-brown\/","og_locale":"de_DE","og_type":"article","og_title":"Barefoot Shoellie - Bronco Brown - Jim Green","og_description":"[vc_row css=&#8221;.vc_custom_1730705955913{padding-right: 15px !important;padding-bottom: 20px !important;padding-left: 15px !important;}&#8221;][vc_column width=&#8221;3\/4&#8243; css=&#8221;.vc_custom_1730705886844{padding-right: 15px !important;padding-left: 0px !important;}&#8221;][vc_column_text css=&#8221;&#8221;] Erlebe das Barfu\u00df-Gef\u00fchl mit unserem neuen Barefoot Shoellie [\/vc_column_text][\/vc_column][vc_column width=&#8221;1\/4&#8243;][\/vc_column][\/vc_row][vc_row][vc_column width=&#8221;1\/2&#8243;][vc_column_text css=&#8221;&#8221;] Beim Barefoot Shoellie dreht sich alles darum, es f\u00fcr deine F\u00fc\u00dfe nat\u00fcrlich und bequem zu halten. Es ist so, als w\u00fcrdest du deinen F\u00fc\u00dfen eine sanfte Fahrt auf [&hellip;]","og_url":"https:\/\/jimgreenfootwear.eu\/de\/store\/barefoot-shoellie-bronco-brown\/","og_site_name":"Jim Green","article_publisher":"https:\/\/www.facebook.com\/jimgreenfootwear\/","article_modified_time":"2026-03-29T20:16:36+00:00","og_image":[{"width":1200,"height":1200,"url":"https:\/\/jimgreenfootwear.eu\/wp-content\/uploads\/2025\/11\/1AMO17-BCC-AN1-scaled-1.jpg","type":"image\/jpeg"}],"twitter_card":"summary_large_image","twitter_site":"@jimgreenfw","twitter_misc":{"Verf\u00fcgbarkeit":"ausverkauft"},"schema":{"@context":"https:\/\/schema.org","@graph":[{"@type":"WebPage","@id":"https:\/\/jimgreenfootwear.eu\/de\/store\/barefoot-shoellie-bronco-brown\/","url":"https:\/\/jimgreenfootwear.eu\/de\/store\/barefoot-shoellie-bronco-brown\/","name":"Barefoot Shoellie - Bronco Brown - Jim Green","isPartOf":{"@id":"https:\/\/jimgreenfootwear.eu\/#website"},"primaryImageOfPage":{"@id":"https:\/\/jimgreenfootwear.eu\/de\/store\/barefoot-shoellie-bronco-brown\/#primaryimage"},"image":{"@id":"https:\/\/jimgreenfootwear.eu\/de\/store\/barefoot-shoellie-bronco-brown\/#primaryimage"},"thumbnailUrl":"https:\/\/jimgreenfootwear.eu\/wp-content\/uploads\/2025\/11\/1AMO17-BCC-AN1-scaled-1.jpg","datePublished":"2025-11-11T09:08:51+00:00","dateModified":"2026-03-29T20:16:36+00:00","breadcrumb":{"@id":"https:\/\/jimgreenfootwear.eu\/de\/store\/barefoot-shoellie-bronco-brown\/#breadcrumb"},"inLanguage":"de","potentialAction":[{"@type":"ReadAction","target":["https:\/\/jimgreenfootwear.eu\/de\/store\/barefoot-shoellie-bronco-brown\/"]}]},{"@type":"ImageObject","inLanguage":"de","@id":"https:\/\/jimgreenfootwear.eu\/de\/store\/barefoot-shoellie-bronco-brown\/#primaryimage","url":"https:\/\/jimgreenfootwear.eu\/wp-content\/uploads\/2025\/11\/1AMO17-BCC-AN1-scaled-1.jpg","contentUrl":"https:\/\/jimgreenfootwear.eu\/wp-content\/uploads\/2025\/11\/1AMO17-BCC-AN1-scaled-1.jpg","width":1200,"height":1200},{"@type":"BreadcrumbList","@id":"https:\/\/jimgreenfootwear.eu\/de\/store\/barefoot-shoellie-bronco-brown\/#breadcrumb","itemListElement":[{"@type":"ListItem","position":1,"name":"Home","item":"https:\/\/jimgreenfootwear.eu\/de\/"},{"@type":"ListItem","position":2,"name":"Shop","item":"https:\/\/jimgreenfootwear.eu\/de\/shop\/"},{"@type":"ListItem","position":3,"name":"Barefoot Shoellie &#8211; Bronco Brown"}]},{"@type":"WebSite","@id":"https:\/\/jimgreenfootwear.eu\/#website","url":"https:\/\/jimgreenfootwear.eu\/","name":"Jim Green","description":"Footwear EU - Quality Hiking &amp; Safety Boots","publisher":{"@id":"https:\/\/jimgreenfootwear.eu\/#organization"},"potentialAction":[{"@type":"SearchAction","target":{"@type":"EntryPoint","urlTemplate":"https:\/\/jimgreenfootwear.eu\/?s={search_term_string}"},"query-input":{"@type":"PropertyValueSpecification","valueRequired":true,"valueName":"search_term_string"}}],"inLanguage":"de"},{"@type":"Organization","@id":"https:\/\/jimgreenfootwear.eu\/#organization","name":"Jim Green Footwear","alternateName":"Jim Green","url":"https:\/\/jimgreenfootwear.eu\/","logo":{"@type":"ImageObject","inLanguage":"de","@id":"https:\/\/jimgreenfootwear.eu\/#\/schema\/logo\/image\/","url":"https:\/\/jimgreenfootwear.eu\/wp-content\/uploads\/2023\/11\/Jim-Green-4-copy@4x.png","contentUrl":"https:\/\/jimgreenfootwear.eu\/wp-content\/uploads\/2023\/11\/Jim-Green-4-copy@4x.png","width":1940,"height":1940,"caption":"Jim Green Footwear"},"image":{"@id":"https:\/\/jimgreenfootwear.eu\/#\/schema\/logo\/image\/"},"sameAs":["https:\/\/www.facebook.com\/jimgreenfootwear\/","https:\/\/x.com\/jimgreenfw","https:\/\/www.instagram.com\/jimgreenfootwear\/"]}]},"og_availability":"out of stock","product_availability":"out of stock","product_retailer_item_id":"AM01Z_BCC_ANV1","product_condition":"new"},"_links":{"self":[{"href":"https:\/\/jimgreenfootwear.eu\/de\/wp-json\/wp\/v2\/product\/58173","targetHints":{"allow":["GET"]}}],"collection":[{"href":"https:\/\/jimgreenfootwear.eu\/de\/wp-json\/wp\/v2\/product"}],"about":[{"href":"https:\/\/jimgreenfootwear.eu\/de\/wp-json\/wp\/v2\/types\/product"}],"replies":[{"embeddable":true,"href":"https:\/\/jimgreenfootwear.eu\/de\/wp-json\/wp\/v2\/comments?post=58173"}],"wp:featuredmedia":[{"embeddable":true,"href":"https:\/\/jimgreenfootwear.eu\/de\/wp-json\/wp\/v2\/media\/57101"}],"wp:attachment":[{"href":"https:\/\/jimgreenfootwear.eu\/de\/wp-json\/wp\/v2\/media?parent=58173"}],"wp:term":[{"taxonomy":"product_brand","embeddable":true,"href":"https:\/\/jimgreenfootwear.eu\/de\/wp-json\/wp\/v2\/product_brand?post=58173"},{"taxonomy":"product_cat","embeddable":true,"href":"https:\/\/jimgreenfootwear.eu\/de\/wp-json\/wp\/v2\/product_cat?post=58173"},{"taxonomy":"product_tag","embeddable":true,"href":"https:\/\/jimgreenfootwear.eu\/de\/wp-json\/wp\/v2\/product_tag?post=58173"}],"curies":[{"name":"wp","href":"https:\/\/api.w.org\/{rel}","templated":true}]}}