{"id":59718,"date":"2026-01-19T22:05:38","date_gmt":"2026-01-19T20:05:38","guid":{"rendered":"https:\/\/jimgreenfootwear.eu\/store\/meander-moc-toe-buffalo\/"},"modified":"2026-03-30T17:16:26","modified_gmt":"2026-03-30T15:16:26","slug":"meander-moc-toe-buffalo","status":"publish","type":"product","link":"https:\/\/jimgreenfootwear.eu\/de\/store\/meander-moc-toe-buffalo\/","title":{"rendered":"Meander &#8211; Moc-Toe &#8211; Buffalo"},"content":{"rendered":"<div class=\"wpb-content-wrapper\"><p>[vc_row css=&#8221;.vc_custom_padding_settings{padding-right: 15px !important; padding-left: 15px !important; padding-bottom: 20px !important;}&#8221;][vc_column width=&#8221;5\/6&#8243; css=&#8221;.vc_custom_padding_settings{padding-right: 15px !important; padding-left: 15px !important;}&#8221;][vc_column_text css=&#8221;&#8221;]<\/p>\n<h5><strong><span style=\"font-family: nathan-serif; font-size: 24pt;\">Meander Moc Toe Boot \u2013 Robustes Handwerk, komfortabel im Alltag<\/span><\/strong><\/h5>\n<p>[\/vc_column_text][\/vc_column][vc_column width=&#8221;1\/6&#8243;][\/vc_column][\/vc_row][vc_row][vc_column][vc_column_text]<\/p>\n<p>[\/vc_column_text][\/vc_column][\/vc_row][vc_row css=&#8221;.vc_custom_padding_settings{padding-right: 15px !important; padding-left: 15px !important; padding-bottom: 20px !important;}&#8221;][vc_column width=&#8221;1\/2&#8243; css=&#8221;.vc_custom_padding_settings{padding-right: 15px !important; padding-left: 15px !important; padding-bottom: 20px !important;}&#8221;][vc_column_text css=&#8221;&#8221;]<span style=\"font-family: nathan-serif; font-size: 14pt;\">Der Meander Moc Toe Boot tr\u00e4gt seinen Namen zu Recht \u2013 benannt nach einer Region in unserer Heimat S\u00fcdafrika: dem Midlands Meander.<\/span><br \/>\n<span style=\"font-family: nathan-serif; font-size: 14pt;\">Bekannt f\u00fcr sanfte H\u00fcgel, gr\u00fcne Wiesen und kalte Winter, strahlen die s\u00fcdafrikanischen Midlands eine besondere Ruhe aus. Gleichzeitig ist die Region voller Abenteuer: Fliegenfischen, Wandern, Vogeljagd \u2013 f\u00fcr all das braucht man einen Boot, der nicht nur funktioniert, sondern auch beim Feierabendgetr\u00e4nk im Pub \u00fcberzeugt.<\/span><\/p>\n<p><span style=\"font-family: nathan-serif; font-size: 14pt;\">Gemacht f\u00fcr Wochenendabenteurer und alle, die Stil und Strapazierf\u00e4higkeit sch\u00e4tzen: Der Meander bietet die perfekte Balance zwischen robuster Verarbeitung und echtem Moc-Toe-Komfort.<\/span><br \/>\n<span style=\"font-family: nathan-serif; font-size: 14pt;\">Ob im B\u00fcro oder drau\u00dfen auf dem Feld \u2013 dieser Boot geht mit dir mit. In bew\u00e4hrter Jim Green Qualit\u00e4t und einem klaren, alltagstauglichen Look.<\/span>[\/vc_column_text][\/vc_column][vc_column width=&#8221;1\/2&#8243; el_class=&#8221;features&#8221;][vc_column_text css=&#8221;&#8221;]<\/p>\n<ul>\n<li><span style=\"font-family: nathan-serif; font-size: 14pt;\">Hinweis: Aufgrund der extremen Lebensbedingungen afrikanischer B\u00fcffel variiert das Leder von Paar zu Paar, sodass jeder Stiefel eine einzigartige Struktur und Optik aufweist. Die verwendeten Produktbilder zeigen die Unterschiede zwischen den einzelnen Modellen.<\/span><\/li>\n<li><span style=\"font-family: nathan-serif; font-size: 14pt;\">Dieser Boot verk\u00f6rpert die klassischen Merkmale eines traditionellen Moc-Toe-Designs \u2013 mit viel Liebe zum Detail und kompromissloser Qualit\u00e4t.<\/span><\/li>\n<li><span style=\"font-family: nathan-serif; font-size: 14pt;\">Hergestellt aus zwei Lagen Leder: 2,2 mm Buffel Leder au\u00dfen, 1,6 mm Kalbsleder innen<\/span><\/li>\n<li><span style=\"font-family: nathan-serif; font-size: 14pt;\">Verst\u00e4rkte Fersenkappe f\u00fcr zus\u00e4tzliche Stabilit\u00e4t, Halt und Schutz<\/span><\/li>\n<li><span style=\"font-family: nathan-serif; font-size: 14pt;\">Weicher Lederkragen und Zunge \u2013 f\u00fcr mehr Komfort und weniger Gewicht<\/span><\/li>\n<li><span style=\"font-family: nathan-serif; font-size: 14pt;\">Ohne Stahlverst\u00e4rkung (Steel Shank) \u2013 f\u00fcr mehr Flexibilit\u00e4t<\/span><\/li>\n<li><span style=\"font-family: nathan-serif; font-size: 14pt;\">Lederzwischensohle und Gummi-Laufsohle f\u00fcr zus\u00e4tzlichen Komfort und Langlebigkeit<\/span><\/li>\n<li><span style=\"font-family: nathan-serif; font-size: 14pt;\">Robuste \u00d6sen und Haken f\u00fcr sicheren Sitz<\/span><\/li>\n<li><span style=\"font-family: nathan-serif; font-size: 14pt;\">Zwischensohle mit Blake-Stich an den Schaft gen\u00e4ht<\/span><\/li>\n<li><span style=\"font-family: nathan-serif; font-size: 14pt;\">Wiederbesohlbar<\/span><\/li>\n<li><span style=\"font-family: nathan-serif; font-size: 14pt;\"><span style=\"text-decoration: underline;\"><strong>Leistenform \u201eMT&#8221;<\/strong> \u2013 breite 3E<\/span>-Passform mit gro\u00dfz\u00fcgiger Zehenbox im Moc-Toe-Stil<\/span><\/li>\n<li><span style=\"font-family: nathan-serif; font-size: 14pt;\">Sohle: OR \u2013 f\u00fcr optimalen Grip, Komfort und leichtes Laufgef\u00fchl. Echtes Gummi, weich und komfortabel unter dem Fu\u00df<\/span><\/li>\n<li><span style=\"font-family: nathan-serif; font-size: 14pt;\">Gewicht: ca. 1,40 kg (Gr\u00f6\u00dfe 8)<\/span><\/li>\n<li><span style=\"font-family: nathan-serif; font-size: 14pt;\">Schn\u00fcrsenkel: 150 cm<\/span><\/li>\n<li><span style=\"font-family: nathan-serif; font-size: 14pt;\">100\u202f% hergestellt in S\u00fcdafrika<\/span><\/li>\n<li><strong><strong><span style=\"font-family: nathan-serif; font-size: 14pt;\">Gr\u00f6\u00dfenhinweis: <\/span><\/strong><span style=\"font-size: 14pt; font-family: nathan-serif;\">Messen Sie die L\u00e4nge Ihres Fu\u00dfes in Zentimetern auf einem Blatt Papier, vergleichen Sie diese mit unserer Gr\u00f6\u00dfentabelle und bestellen Sie die angegebene Gr\u00f6\u00dfe. Sie m\u00fcssen nichts hinzuf\u00fcgen. Bitte beachten Sie, dass die hier ermittelte Gr\u00f6\u00dfe von der Gr\u00f6\u00dfe Ihrer anderen Schuhe abweichen kann. Europ\u00e4ische Gr\u00f6\u00dfen sind nicht standardisiert und daher nicht vergleichbar.<\/span><\/strong><\/li>\n<\/ul>\n<p>[\/vc_column_text][\/vc_column][\/vc_row]<\/p>\n<\/div>","protected":false},"excerpt":{"rendered":"<h4><span style=\"color: #c20000; font-family: nathan-serif; font-size: 14pt;\"><strong>PRE-ORDERS WILL SHIP\u00a0OUT TO CUSTOMERS FROM THE START OF MAI 2026<\/strong><\/span><\/h4>\n","protected":false},"featured_media":59287,"comment_status":"open","ping_status":"closed","template":"","meta":{"_acf_changed":false},"product_brand":[],"product_cat":[746,285,587,535],"product_tag":[],"class_list":{"0":"post-59718","1":"product","2":"type-product","3":"status-publish","4":"has-post-thumbnail","6":"product_cat-150cm-laces-de","7":"product_cat-all-de-2","8":"product_cat-meander-de","9":"product_cat-moc-toe-de","10":"product_shipping_class-boots","11":"tm-has-options","13":"first","14":"outofstock","15":"taxable","16":"shipping-taxable","17":"purchasable","18":"product-type-variable"},"group_of_quantity":0,"min_quantity":0,"max_quantity":"","exclude_order_quantity_value_rules":"no","exclude_category_quantity_rules":"no","combine_variations":"no","acf":[],"yoast_head":"<!-- This site is optimized with the Yoast SEO plugin v27.5 - https:\/\/yoast.com\/product\/yoast-seo-wordpress\/ -->\n<title>Meander - Moc-Toe - Buffalo - Jim Green<\/title>\n<meta name=\"robots\" content=\"index, follow, max-snippet:-1, max-image-preview:large, max-video-preview:-1\" \/>\n<link rel=\"canonical\" href=\"https:\/\/jimgreenfootwear.eu\/de\/store\/meander-moc-toe-buffalo\/\" \/>\n<meta property=\"og:locale\" content=\"de_DE\" \/>\n<meta property=\"og:type\" content=\"article\" \/>\n<meta property=\"og:title\" content=\"Meander - Moc-Toe - Buffalo - Jim Green\" \/>\n<meta property=\"og:description\" content=\"PRE-ORDERS WILL SHIP\u00a0OUT TO CUSTOMERS FROM THE START OF MAI 2026\" \/>\n<meta property=\"og:url\" content=\"https:\/\/jimgreenfootwear.eu\/de\/store\/meander-moc-toe-buffalo\/\" \/>\n<meta property=\"og:site_name\" content=\"Jim Green\" \/>\n<meta property=\"article:publisher\" content=\"https:\/\/www.facebook.com\/jimgreenfootwear\/\" \/>\n<meta property=\"article:modified_time\" content=\"2026-03-30T15:16:26+00:00\" \/>\n<meta property=\"og:image\" content=\"https:\/\/jimgreenfootwear.eu\/wp-content\/uploads\/2026\/01\/MT02-BUC-OR-1.jpg\" \/>\n\t<meta property=\"og:image:width\" content=\"1200\" \/>\n\t<meta property=\"og:image:height\" content=\"1200\" \/>\n\t<meta property=\"og:image:type\" content=\"image\/jpeg\" \/>\n<meta name=\"twitter:card\" content=\"summary_large_image\" \/>\n<meta name=\"twitter:site\" content=\"@jimgreenfw\" \/>\n<meta name=\"twitter:label1\" content=\"Verf\u00fcgbarkeit\" \/>\n\t<meta name=\"twitter:data1\" content=\"ausverkauft\" \/>\n<script type=\"application\/ld+json\" class=\"yoast-schema-graph\">{\"@context\":\"https:\\\/\\\/schema.org\",\"@graph\":[{\"@type\":\"WebPage\",\"@id\":\"https:\\\/\\\/jimgreenfootwear.eu\\\/de\\\/store\\\/meander-moc-toe-buffalo\\\/\",\"url\":\"https:\\\/\\\/jimgreenfootwear.eu\\\/de\\\/store\\\/meander-moc-toe-buffalo\\\/\",\"name\":\"Meander - Moc-Toe - Buffalo - Jim Green\",\"isPartOf\":{\"@id\":\"https:\\\/\\\/jimgreenfootwear.eu\\\/#website\"},\"primaryImageOfPage\":{\"@id\":\"https:\\\/\\\/jimgreenfootwear.eu\\\/de\\\/store\\\/meander-moc-toe-buffalo\\\/#primaryimage\"},\"image\":{\"@id\":\"https:\\\/\\\/jimgreenfootwear.eu\\\/de\\\/store\\\/meander-moc-toe-buffalo\\\/#primaryimage\"},\"thumbnailUrl\":\"https:\\\/\\\/jimgreenfootwear.eu\\\/wp-content\\\/uploads\\\/2026\\\/01\\\/MT02-BUC-OR-1.jpg\",\"datePublished\":\"2026-01-19T20:05:38+00:00\",\"dateModified\":\"2026-03-30T15:16:26+00:00\",\"breadcrumb\":{\"@id\":\"https:\\\/\\\/jimgreenfootwear.eu\\\/de\\\/store\\\/meander-moc-toe-buffalo\\\/#breadcrumb\"},\"inLanguage\":\"de\",\"potentialAction\":[{\"@type\":\"ReadAction\",\"target\":[\"https:\\\/\\\/jimgreenfootwear.eu\\\/de\\\/store\\\/meander-moc-toe-buffalo\\\/\"]}]},{\"@type\":\"ImageObject\",\"inLanguage\":\"de\",\"@id\":\"https:\\\/\\\/jimgreenfootwear.eu\\\/de\\\/store\\\/meander-moc-toe-buffalo\\\/#primaryimage\",\"url\":\"https:\\\/\\\/jimgreenfootwear.eu\\\/wp-content\\\/uploads\\\/2026\\\/01\\\/MT02-BUC-OR-1.jpg\",\"contentUrl\":\"https:\\\/\\\/jimgreenfootwear.eu\\\/wp-content\\\/uploads\\\/2026\\\/01\\\/MT02-BUC-OR-1.jpg\",\"width\":1200,\"height\":1200},{\"@type\":\"BreadcrumbList\",\"@id\":\"https:\\\/\\\/jimgreenfootwear.eu\\\/de\\\/store\\\/meander-moc-toe-buffalo\\\/#breadcrumb\",\"itemListElement\":[{\"@type\":\"ListItem\",\"position\":1,\"name\":\"Home\",\"item\":\"https:\\\/\\\/jimgreenfootwear.eu\\\/de\\\/\"},{\"@type\":\"ListItem\",\"position\":2,\"name\":\"Shop\",\"item\":\"https:\\\/\\\/jimgreenfootwear.eu\\\/de\\\/shop\\\/\"},{\"@type\":\"ListItem\",\"position\":3,\"name\":\"Meander &#8211; Moc-Toe &#8211; Buffalo\"}]},{\"@type\":\"WebSite\",\"@id\":\"https:\\\/\\\/jimgreenfootwear.eu\\\/#website\",\"url\":\"https:\\\/\\\/jimgreenfootwear.eu\\\/\",\"name\":\"Jim Green\",\"description\":\"Footwear EU - Quality Hiking &amp; Safety Boots\",\"publisher\":{\"@id\":\"https:\\\/\\\/jimgreenfootwear.eu\\\/#organization\"},\"potentialAction\":[{\"@type\":\"SearchAction\",\"target\":{\"@type\":\"EntryPoint\",\"urlTemplate\":\"https:\\\/\\\/jimgreenfootwear.eu\\\/?s={search_term_string}\"},\"query-input\":{\"@type\":\"PropertyValueSpecification\",\"valueRequired\":true,\"valueName\":\"search_term_string\"}}],\"inLanguage\":\"de\"},{\"@type\":\"Organization\",\"@id\":\"https:\\\/\\\/jimgreenfootwear.eu\\\/#organization\",\"name\":\"Jim Green Footwear\",\"alternateName\":\"Jim Green\",\"url\":\"https:\\\/\\\/jimgreenfootwear.eu\\\/\",\"logo\":{\"@type\":\"ImageObject\",\"inLanguage\":\"de\",\"@id\":\"https:\\\/\\\/jimgreenfootwear.eu\\\/#\\\/schema\\\/logo\\\/image\\\/\",\"url\":\"https:\\\/\\\/jimgreenfootwear.eu\\\/wp-content\\\/uploads\\\/2023\\\/11\\\/Jim-Green-4-copy@4x.png\",\"contentUrl\":\"https:\\\/\\\/jimgreenfootwear.eu\\\/wp-content\\\/uploads\\\/2023\\\/11\\\/Jim-Green-4-copy@4x.png\",\"width\":1940,\"height\":1940,\"caption\":\"Jim Green Footwear\"},\"image\":{\"@id\":\"https:\\\/\\\/jimgreenfootwear.eu\\\/#\\\/schema\\\/logo\\\/image\\\/\"},\"sameAs\":[\"https:\\\/\\\/www.facebook.com\\\/jimgreenfootwear\\\/\",\"https:\\\/\\\/x.com\\\/jimgreenfw\",\"https:\\\/\\\/www.instagram.com\\\/jimgreenfootwear\\\/\"]}]}<\/script>\n<meta property=\"og:availability\" content=\"out of stock\" \/>\n<meta property=\"product:availability\" content=\"out of stock\" \/>\n<meta property=\"product:retailer_item_id\" content=\"MT02_BUC_OM1\" \/>\n<meta property=\"product:condition\" content=\"new\" \/>\n<!-- \/ Yoast SEO plugin. -->","yoast_head_json":{"title":"Meander - Moc-Toe - Buffalo - Jim Green","robots":{"index":"index","follow":"follow","max-snippet":"max-snippet:-1","max-image-preview":"max-image-preview:large","max-video-preview":"max-video-preview:-1"},"canonical":"https:\/\/jimgreenfootwear.eu\/de\/store\/meander-moc-toe-buffalo\/","og_locale":"de_DE","og_type":"article","og_title":"Meander - Moc-Toe - Buffalo - Jim Green","og_description":"PRE-ORDERS WILL SHIP\u00a0OUT TO CUSTOMERS FROM THE START OF MAI 2026","og_url":"https:\/\/jimgreenfootwear.eu\/de\/store\/meander-moc-toe-buffalo\/","og_site_name":"Jim Green","article_publisher":"https:\/\/www.facebook.com\/jimgreenfootwear\/","article_modified_time":"2026-03-30T15:16:26+00:00","og_image":[{"width":1200,"height":1200,"url":"https:\/\/jimgreenfootwear.eu\/wp-content\/uploads\/2026\/01\/MT02-BUC-OR-1.jpg","type":"image\/jpeg"}],"twitter_card":"summary_large_image","twitter_site":"@jimgreenfw","twitter_misc":{"Verf\u00fcgbarkeit":"ausverkauft"},"schema":{"@context":"https:\/\/schema.org","@graph":[{"@type":"WebPage","@id":"https:\/\/jimgreenfootwear.eu\/de\/store\/meander-moc-toe-buffalo\/","url":"https:\/\/jimgreenfootwear.eu\/de\/store\/meander-moc-toe-buffalo\/","name":"Meander - Moc-Toe - Buffalo - Jim Green","isPartOf":{"@id":"https:\/\/jimgreenfootwear.eu\/#website"},"primaryImageOfPage":{"@id":"https:\/\/jimgreenfootwear.eu\/de\/store\/meander-moc-toe-buffalo\/#primaryimage"},"image":{"@id":"https:\/\/jimgreenfootwear.eu\/de\/store\/meander-moc-toe-buffalo\/#primaryimage"},"thumbnailUrl":"https:\/\/jimgreenfootwear.eu\/wp-content\/uploads\/2026\/01\/MT02-BUC-OR-1.jpg","datePublished":"2026-01-19T20:05:38+00:00","dateModified":"2026-03-30T15:16:26+00:00","breadcrumb":{"@id":"https:\/\/jimgreenfootwear.eu\/de\/store\/meander-moc-toe-buffalo\/#breadcrumb"},"inLanguage":"de","potentialAction":[{"@type":"ReadAction","target":["https:\/\/jimgreenfootwear.eu\/de\/store\/meander-moc-toe-buffalo\/"]}]},{"@type":"ImageObject","inLanguage":"de","@id":"https:\/\/jimgreenfootwear.eu\/de\/store\/meander-moc-toe-buffalo\/#primaryimage","url":"https:\/\/jimgreenfootwear.eu\/wp-content\/uploads\/2026\/01\/MT02-BUC-OR-1.jpg","contentUrl":"https:\/\/jimgreenfootwear.eu\/wp-content\/uploads\/2026\/01\/MT02-BUC-OR-1.jpg","width":1200,"height":1200},{"@type":"BreadcrumbList","@id":"https:\/\/jimgreenfootwear.eu\/de\/store\/meander-moc-toe-buffalo\/#breadcrumb","itemListElement":[{"@type":"ListItem","position":1,"name":"Home","item":"https:\/\/jimgreenfootwear.eu\/de\/"},{"@type":"ListItem","position":2,"name":"Shop","item":"https:\/\/jimgreenfootwear.eu\/de\/shop\/"},{"@type":"ListItem","position":3,"name":"Meander &#8211; Moc-Toe &#8211; Buffalo"}]},{"@type":"WebSite","@id":"https:\/\/jimgreenfootwear.eu\/#website","url":"https:\/\/jimgreenfootwear.eu\/","name":"Jim Green","description":"Footwear EU - Quality Hiking &amp; Safety Boots","publisher":{"@id":"https:\/\/jimgreenfootwear.eu\/#organization"},"potentialAction":[{"@type":"SearchAction","target":{"@type":"EntryPoint","urlTemplate":"https:\/\/jimgreenfootwear.eu\/?s={search_term_string}"},"query-input":{"@type":"PropertyValueSpecification","valueRequired":true,"valueName":"search_term_string"}}],"inLanguage":"de"},{"@type":"Organization","@id":"https:\/\/jimgreenfootwear.eu\/#organization","name":"Jim Green Footwear","alternateName":"Jim Green","url":"https:\/\/jimgreenfootwear.eu\/","logo":{"@type":"ImageObject","inLanguage":"de","@id":"https:\/\/jimgreenfootwear.eu\/#\/schema\/logo\/image\/","url":"https:\/\/jimgreenfootwear.eu\/wp-content\/uploads\/2023\/11\/Jim-Green-4-copy@4x.png","contentUrl":"https:\/\/jimgreenfootwear.eu\/wp-content\/uploads\/2023\/11\/Jim-Green-4-copy@4x.png","width":1940,"height":1940,"caption":"Jim Green Footwear"},"image":{"@id":"https:\/\/jimgreenfootwear.eu\/#\/schema\/logo\/image\/"},"sameAs":["https:\/\/www.facebook.com\/jimgreenfootwear\/","https:\/\/x.com\/jimgreenfw","https:\/\/www.instagram.com\/jimgreenfootwear\/"]}]},"og_availability":"out of stock","product_availability":"out of stock","product_retailer_item_id":"MT02_BUC_OM1","product_condition":"new"},"_links":{"self":[{"href":"https:\/\/jimgreenfootwear.eu\/de\/wp-json\/wp\/v2\/product\/59718","targetHints":{"allow":["GET"]}}],"collection":[{"href":"https:\/\/jimgreenfootwear.eu\/de\/wp-json\/wp\/v2\/product"}],"about":[{"href":"https:\/\/jimgreenfootwear.eu\/de\/wp-json\/wp\/v2\/types\/product"}],"replies":[{"embeddable":true,"href":"https:\/\/jimgreenfootwear.eu\/de\/wp-json\/wp\/v2\/comments?post=59718"}],"wp:featuredmedia":[{"embeddable":true,"href":"https:\/\/jimgreenfootwear.eu\/de\/wp-json\/wp\/v2\/media\/59287"}],"wp:attachment":[{"href":"https:\/\/jimgreenfootwear.eu\/de\/wp-json\/wp\/v2\/media?parent=59718"}],"wp:term":[{"taxonomy":"product_brand","embeddable":true,"href":"https:\/\/jimgreenfootwear.eu\/de\/wp-json\/wp\/v2\/product_brand?post=59718"},{"taxonomy":"product_cat","embeddable":true,"href":"https:\/\/jimgreenfootwear.eu\/de\/wp-json\/wp\/v2\/product_cat?post=59718"},{"taxonomy":"product_tag","embeddable":true,"href":"https:\/\/jimgreenfootwear.eu\/de\/wp-json\/wp\/v2\/product_tag?post=59718"}],"curies":[{"name":"wp","href":"https:\/\/api.w.org\/{rel}","templated":true}]}}