{"id":60027,"date":"2026-01-19T22:05:38","date_gmt":"2026-01-19T20:05:38","guid":{"rendered":"https:\/\/jimgreenfootwear.eu\/store\/barefoot-workhorse-moc-toe-kudu-mocha\/"},"modified":"2026-03-30T16:37:30","modified_gmt":"2026-03-30T14:37:30","slug":"barefoot-workhorse-moc-toe-kudu-mocha","status":"publish","type":"product","link":"https:\/\/jimgreenfootwear.eu\/de\/store\/barefoot-workhorse-moc-toe-kudu-mocha\/","title":{"rendered":"Barefoot Workhorse &#8211; Moc-Toe &#8211; Kudu Mocha"},"content":{"rendered":"<div class=\"wpb-content-wrapper\"><p>[vc_row css=&#8221;.vc_custom_padding_settings{padding-right: 15px !important; padding-left: 15px !important; padding-bottom: 20px !important;}&#8221;][vc_column width=&#8221;5\/6&#8243; css=&#8221;.vc_custom_padding_settings{padding-right: 15px !important; padding-left: 15px !important;}&#8221;][vc_column_text css=&#8221;&#8221;]<\/p>\n<h3><strong><span style=\"font-family: nathan-serif; font-size: 24pt;\">Workhorse Barefoot Moc Toe Boot \u2013 gebaut f\u00fcr Langlebigkeit, auf Komfort ausgelegt<\/span><\/strong><\/h3>\n<p>[\/vc_column_text][\/vc_column][vc_column width=&#8221;1\/6&#8243;][\/vc_column][\/vc_row][vc_row][vc_column][vc_column_text]<\/p>\n<p>[\/vc_column_text][\/vc_column][\/vc_row][vc_row css=&#8221;.vc_custom_padding_settings{padding-right: 15px !important; padding-left: 15px !important; padding-bottom: 20px !important;}&#8221;][vc_column width=&#8221;1\/2&#8243; css=&#8221;.vc_custom_padding_settings{padding-right: 15px !important; padding-left: 15px !important; padding-bottom: 20px !important;}&#8221;][vc_column_text css=&#8221;&#8221;]<\/p>\n<p data-start=\"376\" data-end=\"837\"><span style=\"font-family: nathan-serif; font-size: 14pt;\">Der Workhorse ist Jim Greens Interpretation des klassischen Barefoot Moc Toe Work Boot, gefertigt mit einer echten Mokassin-Konstruktion, die ihn deutlich von anderen Modellen abhebt \u2013 und das zu einem hervorragenden Preis.<\/span><br data-start=\"611\" data-end=\"614\" \/><span style=\"font-family: nathan-serif; font-size: 14pt;\">Das Design ist so vielseitig wie dein Alltag \u2013 robust, funktional und bequem.<\/span><br data-start=\"691\" data-end=\"694\" \/><span style=\"font-family: nathan-serif; font-size: 14pt;\">Die Kombination aus Ledermittelsohle und echter Mokassin-Verarbeitung sorgt f\u00fcr ganzt\u00e4gigen Tragekomfort und nat\u00fcrliche Flexibilit\u00e4t.<\/span><\/p>\n<p data-start=\"839\" data-end=\"1033\"><span style=\"font-family: nathan-serif; font-size: 14pt;\">Ob auf der Baustelle, bei Abenteuern in der Natur oder im t\u00e4glichen Einsatz \u2013 dieser Schuh ist daf\u00fcr gemacht, dich \u00fcberallhin zu begleiten, mit verl\u00e4sslicher Unterst\u00fctzung und Haltbarkeit.<\/span><\/p>\n<p data-start=\"1035\" data-end=\"1337\"><span style=\"font-family: nathan-serif; font-size: 14pt;\">Entwickelt f\u00fcr Arbeiter, Abenteurer und alle, die von ihren Schuhen nur das Beste erwarten, vereint der Workhorse traditionelle Handwerkskunst mit Jim Greens typischer Robustheit und Langlebigkeit.<\/span><br data-start=\"1244\" data-end=\"1247\" \/><span style=\"font-family: nathan-serif; font-size: 14pt;\">Ganz gleich, wohin dich der Tag f\u00fchrt \u2013 dieser Boot ist bereit f\u00fcr jede Herausforderung.<\/span><\/p>\n<p data-start=\"1339\" data-end=\"1656\"><span style=\"font-family: nathan-serif; font-size: 14pt;\">In Kombination mit unserer neuen Africa Barefoot-Sohle bietet er ein verbessertes Bodengef\u00fchl, griffige Traktion und au\u00dfergew\u00f6hnliche Haltbarkeit \u2013 perfekt f\u00fcr den st\u00e4dtischen Alltag ebenso wie f\u00fcr Abenteuer abseits der Wege.<\/span><br data-start=\"1576\" data-end=\"1579\" \/><span style=\"font-family: nathan-serif; font-size: 14pt;\">Kein k\u00fcnstliches Fu\u00dfbett, keine Spielereien \u2013 nur echte Barfu\u00dffreiheit.<\/span><\/p>\n<p data-start=\"1658\" data-end=\"1864\"><span style=\"font-family: nathan-serif; font-size: 14pt;\">Wenn du nach einem Schuh suchst, der breit, robust und darauf ausgelegt ist, deine F\u00fc\u00dfe nat\u00fcrlich und zufrieden zu halten, dann ist der neue Workhorse Barefoot Moc Toe Boot genau der Richtige.<\/span><\/p>\n<p>[\/vc_column_text][\/vc_column][vc_column width=&#8221;1\/2&#8243; el_class=&#8221;features&#8221;][vc_column_text css=&#8221;&#8221;]<\/p>\n<ul>\n<li><span style=\"font-size: 14pt; font-family: nathan-serif;\"><strong>Hinweis: Aufgrund der extremen Lebensbedingungen afrikanischer B\u00fcffel variiert das Leder von Paar zu Paar, sodass jeder Stiefel eine einzigartige Struktur und Optik aufweist. Die verwendeten Produktbilder zeigen die Unterschiede zwischen den einzelnen Modellen. <\/strong><\/span><\/li>\n<li><span style=\"font-family: nathan-serif; font-size: 14pt;\">Verk\u00f6rpert die klassischen Merkmale eines traditionellen Moc-Toe-Designs, gefertigt mit au\u00dfergew\u00f6hnlicher Sorgfalt und h\u00f6chster Verarbeitungsqualit\u00e4t.<\/span><\/li>\n<li><span style=\"font-family: nathan-serif; font-size: 14pt;\">Hergestellt aus doppeltem Lederaufbau: 2,2 mm Kudu Leder, innen gef\u00fcttert mit 1,6 mm Kalbsleder.<\/span><\/li>\n<li><span style=\"font-family: nathan-serif; font-size: 14pt;\">Fersenverst\u00e4rkungen f\u00fcr zus\u00e4tzliche Stabilit\u00e4t, Halt und Schutz.<\/span><\/li>\n<li><span style=\"font-family: nathan-serif; font-size: 14pt;\">Weiche, lederne Lasche mit Seitenfalte f\u00fcr mehr Komfort und geringeres Gewicht.<\/span><\/li>\n<li><span style=\"font-family: nathan-serif; font-size: 14pt;\">Kein Stahlgelenk, um maximale Flexibilit\u00e4t zu gew\u00e4hrleisten.<\/span><\/li>\n<li><span style=\"font-family: nathan-serif; font-size: 14pt;\">Ledermittelsohle und Zwischensohle aus Kunstharz f\u00fcr zus\u00e4tzlichen Komfort und Langlebigkeit.<\/span><\/li>\n<li><span style=\"font-family: nathan-serif; font-size: 14pt;\">Robuste Haken und \u00d6sen f\u00fcr sicheren Halt und festen Sitz.<\/span><\/li>\n<li><span style=\"font-family: nathan-serif; font-size: 14pt;\">Die Mittelsohle ist per Blake-Naht fest mit dem Schaft verbunden.<\/span><\/li>\n<li><span style=\"font-family: nathan-serif; font-size: 14pt;\">Wiederbesohlbar.<\/span><\/li>\n<li><span style=\"font-family: nathan-serif; font-size: 14pt;\"><span style=\"text-decoration: underline;\"><strong>Barefoot Zero Drop-Leisten<\/strong><\/span> \u2013 mit 3E-Weite und gro\u00dfz\u00fcgiger Zehenbox f\u00fcr ein nat\u00fcrliches Barfu\u00dfgef\u00fchl ohne Absatzsprengung.<\/span><\/li>\n<li><span style=\"font-family: nathan-serif; font-size: 14pt;\">Die Barefoot-Modelle sind mit einer integrierten halben Ledersocke (Einlegesohle) ausgestattet; keine zus\u00e4tzliche Fu\u00dfbettsohle enthalten.<\/span><\/li>\n<li><span style=\"font-family: nathan-serif; font-size: 14pt;\"><strong><span style=\"text-decoration: underline;\">Sohle: Africa Barefoot Sole<\/span><\/strong> \u2013 aus echtem Gummi, entwickelt f\u00fcr hohe Haltbarkeit und zuverl\u00e4ssigen Grip, mit einer weicheren Haptik f\u00fcr mehr Komfort.<\/span><\/li>\n<li><span style=\"font-family: nathan-serif; font-size: 14pt;\">Gewicht: 1,40 kg (08 UK).<\/span><\/li>\n<li><span style=\"font-family: nathan-serif; font-size: 14pt;\">Schn\u00fcrsenkel: 150 cm.<\/span><\/li>\n<li><span style=\"font-family: nathan-serif; font-size: 14pt;\">100 % hergestellt in S\u00fcdafrika.<\/span><\/li>\n<li><strong><strong><span style=\"font-family: nathan-serif; font-size: 14pt;\">Gr\u00f6\u00dfenhinweis: Messen Sie die L\u00e4nge Ihres Fu\u00dfes in Zentimetern auf einem Blatt Papier, vergleichen Sie diese mit unserer Gr\u00f6\u00dfentabelle und bestellen Sie die angegebene Gr\u00f6\u00dfe. Sie m\u00fcssen nichts hinzuf\u00fcgen. Bitte beachten Sie, dass die hier ermittelte Gr\u00f6\u00dfe von der Gr\u00f6\u00dfe Ihrer anderen Schuhe abweichen kann. Europ\u00e4ische Gr\u00f6\u00dfen sind nicht standardisiert und daher nicht vergleichbar.<br \/>\n<\/span><\/strong><\/strong><\/li>\n<li><\/li>\n<\/ul>\n<p>[\/vc_column_text][\/vc_column][\/vc_row]<\/p>\n<\/div>","protected":false},"excerpt":{"rendered":"<h4><span style=\"color: #c20000; font-family: nathan-serif; font-size: 14pt;\"><strong>PRE-ORDERS WILL SHIP\u00a0OUT TO CUSTOMERS FROM THE START OF MAI 2026<\/strong><\/span><\/h4>\n","protected":false},"featured_media":59335,"comment_status":"open","ping_status":"closed","template":"","meta":{"_acf_changed":false},"product_brand":[],"product_cat":[746,285,316,535,536],"product_tag":[],"class_list":{"0":"post-60027","1":"product","2":"type-product","3":"status-publish","4":"has-post-thumbnail","6":"product_cat-150cm-laces-de","7":"product_cat-all-de-2","8":"product_cat-barefoot-boots-de","9":"product_cat-moc-toe-de","10":"product_cat-workhorse-de","11":"product_shipping_class-boots","12":"tm-has-options","14":"first","15":"outofstock","16":"taxable","17":"shipping-taxable","18":"purchasable","19":"product-type-variable"},"group_of_quantity":0,"min_quantity":0,"max_quantity":"","exclude_order_quantity_value_rules":"no","exclude_category_quantity_rules":"no","combine_variations":"no","acf":[],"yoast_head":"<!-- This site is optimized with the Yoast SEO plugin v27.5 - https:\/\/yoast.com\/product\/yoast-seo-wordpress\/ -->\n<title>Barefoot Workhorse - Moc-Toe - Kudu Mocha - Jim Green<\/title>\n<meta name=\"robots\" content=\"index, follow, max-snippet:-1, max-image-preview:large, max-video-preview:-1\" \/>\n<link rel=\"canonical\" href=\"https:\/\/jimgreenfootwear.eu\/de\/store\/barefoot-workhorse-moc-toe-kudu-mocha\/\" \/>\n<meta property=\"og:locale\" content=\"de_DE\" \/>\n<meta property=\"og:type\" content=\"article\" \/>\n<meta property=\"og:title\" content=\"Barefoot Workhorse - Moc-Toe - Kudu Mocha - Jim Green\" \/>\n<meta property=\"og:description\" content=\"PRE-ORDERS WILL SHIP\u00a0OUT TO CUSTOMERS FROM THE START OF MAI 2026\" \/>\n<meta property=\"og:url\" content=\"https:\/\/jimgreenfootwear.eu\/de\/store\/barefoot-workhorse-moc-toe-kudu-mocha\/\" \/>\n<meta property=\"og:site_name\" content=\"Jim Green\" \/>\n<meta property=\"article:publisher\" content=\"https:\/\/www.facebook.com\/jimgreenfootwear\/\" \/>\n<meta property=\"article:modified_time\" content=\"2026-03-30T14:37:30+00:00\" \/>\n<meta property=\"og:image\" content=\"https:\/\/jimgreenfootwear.eu\/wp-content\/uploads\/2026\/01\/MT01Z-KDM-AM1.jpg\" \/>\n\t<meta property=\"og:image:width\" content=\"1200\" \/>\n\t<meta property=\"og:image:height\" content=\"1200\" \/>\n\t<meta property=\"og:image:type\" content=\"image\/jpeg\" \/>\n<meta name=\"twitter:card\" content=\"summary_large_image\" \/>\n<meta name=\"twitter:site\" content=\"@jimgreenfw\" \/>\n<meta name=\"twitter:label1\" content=\"Verf\u00fcgbarkeit\" \/>\n\t<meta name=\"twitter:data1\" content=\"ausverkauft\" \/>\n<script type=\"application\/ld+json\" class=\"yoast-schema-graph\">{\"@context\":\"https:\\\/\\\/schema.org\",\"@graph\":[{\"@type\":\"WebPage\",\"@id\":\"https:\\\/\\\/jimgreenfootwear.eu\\\/de\\\/store\\\/barefoot-workhorse-moc-toe-kudu-mocha\\\/\",\"url\":\"https:\\\/\\\/jimgreenfootwear.eu\\\/de\\\/store\\\/barefoot-workhorse-moc-toe-kudu-mocha\\\/\",\"name\":\"Barefoot Workhorse - Moc-Toe - Kudu Mocha - Jim Green\",\"isPartOf\":{\"@id\":\"https:\\\/\\\/jimgreenfootwear.eu\\\/#website\"},\"primaryImageOfPage\":{\"@id\":\"https:\\\/\\\/jimgreenfootwear.eu\\\/de\\\/store\\\/barefoot-workhorse-moc-toe-kudu-mocha\\\/#primaryimage\"},\"image\":{\"@id\":\"https:\\\/\\\/jimgreenfootwear.eu\\\/de\\\/store\\\/barefoot-workhorse-moc-toe-kudu-mocha\\\/#primaryimage\"},\"thumbnailUrl\":\"https:\\\/\\\/jimgreenfootwear.eu\\\/wp-content\\\/uploads\\\/2026\\\/01\\\/MT01Z-KDM-AM1.jpg\",\"datePublished\":\"2026-01-19T20:05:38+00:00\",\"dateModified\":\"2026-03-30T14:37:30+00:00\",\"breadcrumb\":{\"@id\":\"https:\\\/\\\/jimgreenfootwear.eu\\\/de\\\/store\\\/barefoot-workhorse-moc-toe-kudu-mocha\\\/#breadcrumb\"},\"inLanguage\":\"de\",\"potentialAction\":[{\"@type\":\"ReadAction\",\"target\":[\"https:\\\/\\\/jimgreenfootwear.eu\\\/de\\\/store\\\/barefoot-workhorse-moc-toe-kudu-mocha\\\/\"]}]},{\"@type\":\"ImageObject\",\"inLanguage\":\"de\",\"@id\":\"https:\\\/\\\/jimgreenfootwear.eu\\\/de\\\/store\\\/barefoot-workhorse-moc-toe-kudu-mocha\\\/#primaryimage\",\"url\":\"https:\\\/\\\/jimgreenfootwear.eu\\\/wp-content\\\/uploads\\\/2026\\\/01\\\/MT01Z-KDM-AM1.jpg\",\"contentUrl\":\"https:\\\/\\\/jimgreenfootwear.eu\\\/wp-content\\\/uploads\\\/2026\\\/01\\\/MT01Z-KDM-AM1.jpg\",\"width\":1200,\"height\":1200},{\"@type\":\"BreadcrumbList\",\"@id\":\"https:\\\/\\\/jimgreenfootwear.eu\\\/de\\\/store\\\/barefoot-workhorse-moc-toe-kudu-mocha\\\/#breadcrumb\",\"itemListElement\":[{\"@type\":\"ListItem\",\"position\":1,\"name\":\"Home\",\"item\":\"https:\\\/\\\/jimgreenfootwear.eu\\\/de\\\/\"},{\"@type\":\"ListItem\",\"position\":2,\"name\":\"Shop\",\"item\":\"https:\\\/\\\/jimgreenfootwear.eu\\\/de\\\/shop\\\/\"},{\"@type\":\"ListItem\",\"position\":3,\"name\":\"Barefoot Workhorse &#8211; Moc-Toe &#8211; Kudu Mocha\"}]},{\"@type\":\"WebSite\",\"@id\":\"https:\\\/\\\/jimgreenfootwear.eu\\\/#website\",\"url\":\"https:\\\/\\\/jimgreenfootwear.eu\\\/\",\"name\":\"Jim Green\",\"description\":\"Footwear EU - Quality Hiking &amp; Safety Boots\",\"publisher\":{\"@id\":\"https:\\\/\\\/jimgreenfootwear.eu\\\/#organization\"},\"potentialAction\":[{\"@type\":\"SearchAction\",\"target\":{\"@type\":\"EntryPoint\",\"urlTemplate\":\"https:\\\/\\\/jimgreenfootwear.eu\\\/?s={search_term_string}\"},\"query-input\":{\"@type\":\"PropertyValueSpecification\",\"valueRequired\":true,\"valueName\":\"search_term_string\"}}],\"inLanguage\":\"de\"},{\"@type\":\"Organization\",\"@id\":\"https:\\\/\\\/jimgreenfootwear.eu\\\/#organization\",\"name\":\"Jim Green Footwear\",\"alternateName\":\"Jim Green\",\"url\":\"https:\\\/\\\/jimgreenfootwear.eu\\\/\",\"logo\":{\"@type\":\"ImageObject\",\"inLanguage\":\"de\",\"@id\":\"https:\\\/\\\/jimgreenfootwear.eu\\\/#\\\/schema\\\/logo\\\/image\\\/\",\"url\":\"https:\\\/\\\/jimgreenfootwear.eu\\\/wp-content\\\/uploads\\\/2023\\\/11\\\/Jim-Green-4-copy@4x.png\",\"contentUrl\":\"https:\\\/\\\/jimgreenfootwear.eu\\\/wp-content\\\/uploads\\\/2023\\\/11\\\/Jim-Green-4-copy@4x.png\",\"width\":1940,\"height\":1940,\"caption\":\"Jim Green Footwear\"},\"image\":{\"@id\":\"https:\\\/\\\/jimgreenfootwear.eu\\\/#\\\/schema\\\/logo\\\/image\\\/\"},\"sameAs\":[\"https:\\\/\\\/www.facebook.com\\\/jimgreenfootwear\\\/\",\"https:\\\/\\\/x.com\\\/jimgreenfw\",\"https:\\\/\\\/www.instagram.com\\\/jimgreenfootwear\\\/\"]}]}<\/script>\n<meta property=\"og:availability\" content=\"out of stock\" \/>\n<meta property=\"product:availability\" content=\"out of stock\" \/>\n<meta property=\"product:retailer_item_id\" content=\"MT01Z_KDM_AM1\" \/>\n<meta property=\"product:condition\" content=\"new\" \/>\n<!-- \/ Yoast SEO plugin. -->","yoast_head_json":{"title":"Barefoot Workhorse - Moc-Toe - Kudu Mocha - Jim Green","robots":{"index":"index","follow":"follow","max-snippet":"max-snippet:-1","max-image-preview":"max-image-preview:large","max-video-preview":"max-video-preview:-1"},"canonical":"https:\/\/jimgreenfootwear.eu\/de\/store\/barefoot-workhorse-moc-toe-kudu-mocha\/","og_locale":"de_DE","og_type":"article","og_title":"Barefoot Workhorse - Moc-Toe - Kudu Mocha - Jim Green","og_description":"PRE-ORDERS WILL SHIP\u00a0OUT TO CUSTOMERS FROM THE START OF MAI 2026","og_url":"https:\/\/jimgreenfootwear.eu\/de\/store\/barefoot-workhorse-moc-toe-kudu-mocha\/","og_site_name":"Jim Green","article_publisher":"https:\/\/www.facebook.com\/jimgreenfootwear\/","article_modified_time":"2026-03-30T14:37:30+00:00","og_image":[{"width":1200,"height":1200,"url":"https:\/\/jimgreenfootwear.eu\/wp-content\/uploads\/2026\/01\/MT01Z-KDM-AM1.jpg","type":"image\/jpeg"}],"twitter_card":"summary_large_image","twitter_site":"@jimgreenfw","twitter_misc":{"Verf\u00fcgbarkeit":"ausverkauft"},"schema":{"@context":"https:\/\/schema.org","@graph":[{"@type":"WebPage","@id":"https:\/\/jimgreenfootwear.eu\/de\/store\/barefoot-workhorse-moc-toe-kudu-mocha\/","url":"https:\/\/jimgreenfootwear.eu\/de\/store\/barefoot-workhorse-moc-toe-kudu-mocha\/","name":"Barefoot Workhorse - Moc-Toe - Kudu Mocha - Jim Green","isPartOf":{"@id":"https:\/\/jimgreenfootwear.eu\/#website"},"primaryImageOfPage":{"@id":"https:\/\/jimgreenfootwear.eu\/de\/store\/barefoot-workhorse-moc-toe-kudu-mocha\/#primaryimage"},"image":{"@id":"https:\/\/jimgreenfootwear.eu\/de\/store\/barefoot-workhorse-moc-toe-kudu-mocha\/#primaryimage"},"thumbnailUrl":"https:\/\/jimgreenfootwear.eu\/wp-content\/uploads\/2026\/01\/MT01Z-KDM-AM1.jpg","datePublished":"2026-01-19T20:05:38+00:00","dateModified":"2026-03-30T14:37:30+00:00","breadcrumb":{"@id":"https:\/\/jimgreenfootwear.eu\/de\/store\/barefoot-workhorse-moc-toe-kudu-mocha\/#breadcrumb"},"inLanguage":"de","potentialAction":[{"@type":"ReadAction","target":["https:\/\/jimgreenfootwear.eu\/de\/store\/barefoot-workhorse-moc-toe-kudu-mocha\/"]}]},{"@type":"ImageObject","inLanguage":"de","@id":"https:\/\/jimgreenfootwear.eu\/de\/store\/barefoot-workhorse-moc-toe-kudu-mocha\/#primaryimage","url":"https:\/\/jimgreenfootwear.eu\/wp-content\/uploads\/2026\/01\/MT01Z-KDM-AM1.jpg","contentUrl":"https:\/\/jimgreenfootwear.eu\/wp-content\/uploads\/2026\/01\/MT01Z-KDM-AM1.jpg","width":1200,"height":1200},{"@type":"BreadcrumbList","@id":"https:\/\/jimgreenfootwear.eu\/de\/store\/barefoot-workhorse-moc-toe-kudu-mocha\/#breadcrumb","itemListElement":[{"@type":"ListItem","position":1,"name":"Home","item":"https:\/\/jimgreenfootwear.eu\/de\/"},{"@type":"ListItem","position":2,"name":"Shop","item":"https:\/\/jimgreenfootwear.eu\/de\/shop\/"},{"@type":"ListItem","position":3,"name":"Barefoot Workhorse &#8211; Moc-Toe &#8211; Kudu Mocha"}]},{"@type":"WebSite","@id":"https:\/\/jimgreenfootwear.eu\/#website","url":"https:\/\/jimgreenfootwear.eu\/","name":"Jim Green","description":"Footwear EU - Quality Hiking &amp; Safety Boots","publisher":{"@id":"https:\/\/jimgreenfootwear.eu\/#organization"},"potentialAction":[{"@type":"SearchAction","target":{"@type":"EntryPoint","urlTemplate":"https:\/\/jimgreenfootwear.eu\/?s={search_term_string}"},"query-input":{"@type":"PropertyValueSpecification","valueRequired":true,"valueName":"search_term_string"}}],"inLanguage":"de"},{"@type":"Organization","@id":"https:\/\/jimgreenfootwear.eu\/#organization","name":"Jim Green Footwear","alternateName":"Jim Green","url":"https:\/\/jimgreenfootwear.eu\/","logo":{"@type":"ImageObject","inLanguage":"de","@id":"https:\/\/jimgreenfootwear.eu\/#\/schema\/logo\/image\/","url":"https:\/\/jimgreenfootwear.eu\/wp-content\/uploads\/2023\/11\/Jim-Green-4-copy@4x.png","contentUrl":"https:\/\/jimgreenfootwear.eu\/wp-content\/uploads\/2023\/11\/Jim-Green-4-copy@4x.png","width":1940,"height":1940,"caption":"Jim Green Footwear"},"image":{"@id":"https:\/\/jimgreenfootwear.eu\/#\/schema\/logo\/image\/"},"sameAs":["https:\/\/www.facebook.com\/jimgreenfootwear\/","https:\/\/x.com\/jimgreenfw","https:\/\/www.instagram.com\/jimgreenfootwear\/"]}]},"og_availability":"out of stock","product_availability":"out of stock","product_retailer_item_id":"MT01Z_KDM_AM1","product_condition":"new"},"_links":{"self":[{"href":"https:\/\/jimgreenfootwear.eu\/de\/wp-json\/wp\/v2\/product\/60027","targetHints":{"allow":["GET"]}}],"collection":[{"href":"https:\/\/jimgreenfootwear.eu\/de\/wp-json\/wp\/v2\/product"}],"about":[{"href":"https:\/\/jimgreenfootwear.eu\/de\/wp-json\/wp\/v2\/types\/product"}],"replies":[{"embeddable":true,"href":"https:\/\/jimgreenfootwear.eu\/de\/wp-json\/wp\/v2\/comments?post=60027"}],"wp:featuredmedia":[{"embeddable":true,"href":"https:\/\/jimgreenfootwear.eu\/de\/wp-json\/wp\/v2\/media\/59335"}],"wp:attachment":[{"href":"https:\/\/jimgreenfootwear.eu\/de\/wp-json\/wp\/v2\/media?parent=60027"}],"wp:term":[{"taxonomy":"product_brand","embeddable":true,"href":"https:\/\/jimgreenfootwear.eu\/de\/wp-json\/wp\/v2\/product_brand?post=60027"},{"taxonomy":"product_cat","embeddable":true,"href":"https:\/\/jimgreenfootwear.eu\/de\/wp-json\/wp\/v2\/product_cat?post=60027"},{"taxonomy":"product_tag","embeddable":true,"href":"https:\/\/jimgreenfootwear.eu\/de\/wp-json\/wp\/v2\/product_tag?post=60027"}],"curies":[{"name":"wp","href":"https:\/\/api.w.org\/{rel}","templated":true}]}}