{"id":60430,"date":"2026-02-20T09:27:16","date_gmt":"2026-02-20T07:27:16","guid":{"rendered":"https:\/\/jimgreenfootwear.eu\/?post_type=product&#038;p=60430"},"modified":"2026-02-22T10:40:21","modified_gmt":"2026-02-22T08:40:21","slug":"numzaan-houston-black","status":"publish","type":"product","link":"https:\/\/jimgreenfootwear.eu\/de\/store\/numzaan-houston-black\/","title":{"rendered":"Numzaan &#8211; Houston Black"},"content":{"rendered":"<div class=\"wpb-content-wrapper\"><p>[vc_row css=&#8221;.vc_custom_padding_settings{padding-right: 15px !important; padding-left: 15px !important; padding-bottom: 20px !important;}&#8221;][vc_column width=&#8221;5\/6&#8243; css=&#8221;.vc_custom_padding_settings{padding-right: 15px !important; padding-left: 15px !important;}&#8221;][vc_column_text css=&#8221;&#8221;]<\/p>\n<h3><span style=\"font-family: nathan-serif; font-size: 24pt;\"><strong>Der neue \u201eChief\u201c in unserer Kollektion \u2013 Der Numzaan<\/strong><\/span><\/h3>\n<p>[\/vc_column_text][\/vc_column][vc_column width=&#8221;1\/6&#8243;][\/vc_column][\/vc_row][vc_row css=&#8221;.vc_custom_padding_settings{padding-right: 15px !important; padding-left: 15px !important; padding-bottom: 20px !important;}&#8221;][vc_column width=&#8221;1\/2&#8243; css=&#8221;.vc_custom_padding_settings{padding-right: 15px !important; padding-left: 15px !important; padding-bottom: 20px !important;}&#8221;][vc_column_text css=&#8221;&#8221;]<\/p>\n<p data-path-to-node=\"2\"><span style=\"font-family: nathan-serif; font-size: 14pt;\">Wir haben auf unsere Kunden geh\u00f6rt und freuen uns, Ihnen den Numzaan Boot vorzustellen \u2013 gefertigt mit der typischen Jim Green Handschrift f\u00fcr h\u00f6chste Qualit\u00e4t, Komfort und einen stilvollen Auftritt bei jeder Gelegenheit.<\/span><\/p>\n<p data-path-to-node=\"3\"><span style=\"font-family: nathan-serif; font-size: 14pt;\">Abgeleitet vom Zulu-Wort \u201eNumzaan\u201c, was so viel wie Familienoberhaupt oder Anf\u00fchrer bedeutet, pr\u00e4sentieren wir den Numzaan stolz als das \u201eOberhaupt\u201c unserer Kollektion. Inspiriert von unserem Baobab-Modell, vermittelt er ein echtes Heritage-Gef\u00fchl.\u00a0<\/span><\/p>\n<p data-path-to-node=\"4\"><span style=\"font-family: nathan-serif; font-size: 14pt;\">Der Numzaan besticht durch ein doppelt gezwicktes Obermaterial (2,2 mm Leder, gef\u00fcttert mit 1,2 mm Kalbsleder), erg\u00e4nzt durch eine echte Zehenkappe. Dadurch sch\u00fctzt den Zehenbereich eine Lederschicht von insgesamt \u00fcber 5 mm. Fersen- und Zehenpartie sind zus\u00e4tzlich mit thermoplastischen Verst\u00e4rkungen versehen. Kombiniert wird dies mit einer kn\u00f6chelhohen Schn\u00fcrung und einer Staublasche (Bellows Tongue). Das einzigartige Design der Schn\u00fcrung reduziert den Druck auf den Spann \u2013 ideal f\u00fcr Tage, an denen die Boots fester geschn\u00fcrt werden m\u00fcssen. Der ASHM-Leisten sorgt f\u00fcr einen modernen Look, bietet aber dennoch Platz f\u00fcr breitere F\u00fc\u00dfe. Und die guten Nachrichten gehen weiter: Wir sind noch einen Schritt weiter gegangen und haben eine Brandsohle aus Leder, eine Leder-Zwischensohle und eine Harz-Laufschicht verbaut (insgesamt \u00fcber 8 mm Leder), die sich mit der Zeit individuell an Ihre Fu\u00dfform anpasst. Abgerundet wird das Ganze durch die innovative Frog Grip Sohle \u2013 ein echter Meilenstein im Jim Green Sortiment.<\/span><\/p>\n<p>[\/vc_column_text][\/vc_column][vc_column width=&#8221;1\/2&#8243; el_class=&#8221;features&#8221; css=&#8221;.vc_custom_padding_settings{padding-right: 15px !important; padding-left: 15px !important;}&#8221;][vc_column_text css=&#8221;&#8221;]<\/p>\n<ul>\n<li data-start=\"253\" data-end=\"302\"><span style=\"font-family: nathan-serif; font-size: 14pt;\">Auf Eleganz und Komfort ausgelegt.<\/span><\/li>\n<li data-start=\"305\" data-end=\"422\"><span style=\"font-family: nathan-serif; font-size: 14pt;\">Gefertigt aus einer doppelten Lederschicht (2,2 mm Nubuck Full Grain Leder, gef\u00fcttert mit 1,6 mm Kalbsleder).<\/span><\/li>\n<li data-start=\"425\" data-end=\"530\"><span style=\"font-family: nathan-serif; font-size: 14pt;\">Die doppelte Lederschicht verbessert die wasserabweisenden Eigenschaften des Boots (nicht wasserdicht).<\/span><\/li>\n<li data-start=\"533\" data-end=\"641\"><span style=\"font-family: nathan-serif; font-size: 14pt;\">Eine echte Lederzehenkappe und ein integrierter Leder-Kiltie sorgen f\u00fcr Optik und zus\u00e4tzliche Haltbarkeit.<\/span><\/li>\n<li data-start=\"644\" data-end=\"774\"><span style=\"font-family: nathan-serif; font-size: 14pt;\">Zehen-, Fersen- und \u00d6senbereich bestehen aus einer doppelten Schicht 2,2 mm Vollnarbenleder f\u00fcr zus\u00e4tzliche Strapazierf\u00e4higkeit.<\/span><\/li>\n<li data-start=\"777\" data-end=\"854\"><span style=\"font-family: nathan-serif; font-size: 14pt;\">Fersen- und Zehenverst\u00e4rkungen f\u00fcr mehr Haltbarkeit, Stabilit\u00e4t und Schutz.<\/span><\/li>\n<li data-start=\"857\" data-end=\"949\"><span style=\"font-family: nathan-serif; font-size: 14pt;\">Ein Stahlgelenk zwischen Brandsohle und Laufsohle bietet zus\u00e4tzlichen Halt und Stabilit\u00e4t.<\/span><\/li>\n<li data-start=\"952\" data-end=\"1059\"><span style=\"font-family: nathan-serif; font-size: 14pt;\">Brandsohle aus Leder, Lederzwischensohle und ein Resin-Runner f\u00fcr zus\u00e4tzlichen Komfort und Langlebigkeit.<\/span><\/li>\n<li data-start=\"1062\" data-end=\"1117\"><span style=\"font-family: nathan-serif; font-size: 14pt;\">Robuste Speedhooks und \u00d6sen sorgen f\u00fcr sicheren Halt.<\/span><\/li>\n<li data-start=\"1120\" data-end=\"1235\"><span style=\"font-family: nathan-serif; font-size: 14pt;\">Die Lederzwischensohle ist mit einer doppelt vern\u00e4hten 2,2 mm geflochtenen Nylonkordel am Obermaterial befestigt.<\/span><\/li>\n<li data-start=\"1238\" data-end=\"1345\"><span style=\"font-family: nathan-serif; font-size: 14pt;\">Wie alle unsere Boots ist auch dieses Modell dank seiner Double-Stitch-Down-Konstruktion wiederbesohlbar.<\/span><\/li>\n<li data-start=\"1348\" data-end=\"1428\"><span style=\"font-family: nathan-serif; font-size: 14pt;\"><strong><span style=\"text-decoration: underline;\">Leistenform ASHM<\/span><\/strong>\u00a0\u2013 Dieser Leisten besticht durch seine \u00fcberraschend ger\u00e4umige Passform bei gleichzeitig eleganter, schlanker Optik. Er bietet eine gro\u00dfz\u00fcgige D-Weite (weiter als der Standard) und verf\u00fcgt \u00fcber eine formsch\u00f6n zulaufende Zehenpartie.<\/span><\/li>\n<li data-start=\"1431\" data-end=\"1591\"><span style=\"font-family: nathan-serif; font-size: 14pt;\"><strong><span style=\"text-decoration: underline;\">Sohle: Frog Grip<\/span><\/strong><\/span><\/li>\n<li data-start=\"1594\" data-end=\"1626\"><span style=\"font-family: nathan-serif; font-size: 14pt;\">Gewicht: 1,64 kg (Gr\u00f6\u00dfe 08).<\/span><\/li>\n<li data-start=\"1629\" data-end=\"1650\"><span style=\"font-family: nathan-serif; font-size: 14pt;\">Schn\u00fcrsenkel: 150 cm.<\/span><\/li>\n<\/ul>\n<p>[\/vc_column_text][\/vc_column][\/vc_row]<\/p>\n<\/div>","protected":false},"excerpt":{"rendered":"<p>[vc_row css=&#8221;.vc_custom_padding_settings{padding-right: 15px !important; padding-left: 15px !important; padding-bottom: 20px !important;}&#8221;][vc_column width=&#8221;5\/6&#8243; css=&#8221;.vc_custom_padding_settings{padding-right: 15px !important; padding-left: 15px !important;}&#8221;][vc_column_text css=&#8221;&#8221;] Der neue \u201eChief\u201c in unserer Kollektion \u2013 Der Numzaan [\/vc_column_text][\/vc_column][vc_column width=&#8221;1\/6&#8243;][\/vc_column][\/vc_row][vc_row css=&#8221;.vc_custom_padding_settings{padding-right: 15px !important; padding-left: 15px !important; padding-bottom: 20px !important;}&#8221;][vc_column width=&#8221;1\/2&#8243; css=&#8221;.vc_custom_padding_settings{padding-right: 15px !important; padding-left: 15px !important; padding-bottom: 20px !important;}&#8221;][vc_column_text css=&#8221;&#8221;] Wir haben auf unsere Kunden geh\u00f6rt [&hellip;]<\/p>\n","protected":false},"featured_media":60494,"comment_status":"open","ping_status":"closed","template":"","meta":{"_acf_changed":false},"product_brand":[],"product_cat":[746,285,393,287],"product_tag":[],"class_list":{"0":"post-60430","1":"product","2":"type-product","3":"status-publish","4":"has-post-thumbnail","6":"product_cat-150cm-laces-de","7":"product_cat-all-de-2","8":"product_cat-numzaan-de","9":"product_cat-premium-de-2","10":"product_shipping_class-boots","11":"tm-has-options","13":"first","14":"outofstock","15":"taxable","16":"shipping-taxable","17":"purchasable","18":"product-type-variable"},"group_of_quantity":0,"min_quantity":0,"max_quantity":"","exclude_order_quantity_value_rules":"no","exclude_category_quantity_rules":"no","combine_variations":"no","acf":[],"yoast_head":"<!-- This site is optimized with the Yoast SEO plugin v27.3 - https:\/\/yoast.com\/product\/yoast-seo-wordpress\/ -->\n<title>Numzaan - Houston Black - Jim Green<\/title>\n<meta name=\"robots\" content=\"index, follow, max-snippet:-1, max-image-preview:large, max-video-preview:-1\" \/>\n<link rel=\"canonical\" href=\"https:\/\/jimgreenfootwear.eu\/de\/store\/numzaan-houston-black\/\" \/>\n<meta property=\"og:locale\" content=\"de_DE\" \/>\n<meta property=\"og:type\" content=\"article\" \/>\n<meta property=\"og:title\" content=\"Numzaan - Houston Black - Jim Green\" \/>\n<meta property=\"og:description\" content=\"[vc_row css=&#8221;.vc_custom_padding_settings{padding-right: 15px !important; padding-left: 15px !important; padding-bottom: 20px !important;}&#8221;][vc_column width=&#8221;5\/6&#8243; css=&#8221;.vc_custom_padding_settings{padding-right: 15px !important; padding-left: 15px !important;}&#8221;][vc_column_text css=&#8221;&#8221;] Der neue \u201eChief\u201c in unserer Kollektion \u2013 Der Numzaan [\/vc_column_text][\/vc_column][vc_column width=&#8221;1\/6&#8243;][\/vc_column][\/vc_row][vc_row css=&#8221;.vc_custom_padding_settings{padding-right: 15px !important; padding-left: 15px !important; padding-bottom: 20px !important;}&#8221;][vc_column width=&#8221;1\/2&#8243; css=&#8221;.vc_custom_padding_settings{padding-right: 15px !important; padding-left: 15px !important; padding-bottom: 20px !important;}&#8221;][vc_column_text css=&#8221;&#8221;] Wir haben auf unsere Kunden geh\u00f6rt [&hellip;]\" \/>\n<meta property=\"og:url\" content=\"https:\/\/jimgreenfootwear.eu\/de\/store\/numzaan-houston-black\/\" \/>\n<meta property=\"og:site_name\" content=\"Jim Green\" \/>\n<meta property=\"article:publisher\" content=\"https:\/\/www.facebook.com\/jimgreenfootwear\/\" \/>\n<meta property=\"article:modified_time\" content=\"2026-02-22T08:40:21+00:00\" \/>\n<meta property=\"og:image\" content=\"https:\/\/jimgreenfootwear.eu\/wp-content\/uploads\/2026\/02\/AM31_HOA_01_11-570x570-1.jpg\" \/>\n\t<meta property=\"og:image:width\" content=\"570\" \/>\n\t<meta property=\"og:image:height\" content=\"570\" \/>\n\t<meta property=\"og:image:type\" content=\"image\/jpeg\" \/>\n<meta name=\"twitter:card\" content=\"summary_large_image\" \/>\n<meta name=\"twitter:site\" content=\"@jimgreenfw\" \/>\n<meta name=\"twitter:label1\" content=\"Verf\u00fcgbarkeit\" \/>\n\t<meta name=\"twitter:data1\" content=\"ausverkauft\" \/>\n<script type=\"application\/ld+json\" class=\"yoast-schema-graph\">{\"@context\":\"https:\\\/\\\/schema.org\",\"@graph\":[{\"@type\":\"WebPage\",\"@id\":\"https:\\\/\\\/jimgreenfootwear.eu\\\/de\\\/store\\\/numzaan-houston-black\\\/\",\"url\":\"https:\\\/\\\/jimgreenfootwear.eu\\\/de\\\/store\\\/numzaan-houston-black\\\/\",\"name\":\"Numzaan - Houston Black - Jim Green\",\"isPartOf\":{\"@id\":\"https:\\\/\\\/jimgreenfootwear.eu\\\/#website\"},\"primaryImageOfPage\":{\"@id\":\"https:\\\/\\\/jimgreenfootwear.eu\\\/de\\\/store\\\/numzaan-houston-black\\\/#primaryimage\"},\"image\":{\"@id\":\"https:\\\/\\\/jimgreenfootwear.eu\\\/de\\\/store\\\/numzaan-houston-black\\\/#primaryimage\"},\"thumbnailUrl\":\"https:\\\/\\\/jimgreenfootwear.eu\\\/wp-content\\\/uploads\\\/2026\\\/02\\\/AM31_HOA_01_11-570x570-1.jpg\",\"datePublished\":\"2026-02-20T07:27:16+00:00\",\"dateModified\":\"2026-02-22T08:40:21+00:00\",\"breadcrumb\":{\"@id\":\"https:\\\/\\\/jimgreenfootwear.eu\\\/de\\\/store\\\/numzaan-houston-black\\\/#breadcrumb\"},\"inLanguage\":\"de\",\"potentialAction\":[{\"@type\":\"ReadAction\",\"target\":[\"https:\\\/\\\/jimgreenfootwear.eu\\\/de\\\/store\\\/numzaan-houston-black\\\/\"]}]},{\"@type\":\"ImageObject\",\"inLanguage\":\"de\",\"@id\":\"https:\\\/\\\/jimgreenfootwear.eu\\\/de\\\/store\\\/numzaan-houston-black\\\/#primaryimage\",\"url\":\"https:\\\/\\\/jimgreenfootwear.eu\\\/wp-content\\\/uploads\\\/2026\\\/02\\\/AM31_HOA_01_11-570x570-1.jpg\",\"contentUrl\":\"https:\\\/\\\/jimgreenfootwear.eu\\\/wp-content\\\/uploads\\\/2026\\\/02\\\/AM31_HOA_01_11-570x570-1.jpg\",\"width\":570,\"height\":570},{\"@type\":\"BreadcrumbList\",\"@id\":\"https:\\\/\\\/jimgreenfootwear.eu\\\/de\\\/store\\\/numzaan-houston-black\\\/#breadcrumb\",\"itemListElement\":[{\"@type\":\"ListItem\",\"position\":1,\"name\":\"Home\",\"item\":\"https:\\\/\\\/jimgreenfootwear.eu\\\/de\\\/\"},{\"@type\":\"ListItem\",\"position\":2,\"name\":\"Shop\",\"item\":\"https:\\\/\\\/jimgreenfootwear.eu\\\/de\\\/shop\\\/\"},{\"@type\":\"ListItem\",\"position\":3,\"name\":\"Numzaan &#8211; Houston Black\"}]},{\"@type\":\"WebSite\",\"@id\":\"https:\\\/\\\/jimgreenfootwear.eu\\\/#website\",\"url\":\"https:\\\/\\\/jimgreenfootwear.eu\\\/\",\"name\":\"Jim Green\",\"description\":\"Footwear EU - Quality Hiking &amp; Safety Boots\",\"publisher\":{\"@id\":\"https:\\\/\\\/jimgreenfootwear.eu\\\/#organization\"},\"potentialAction\":[{\"@type\":\"SearchAction\",\"target\":{\"@type\":\"EntryPoint\",\"urlTemplate\":\"https:\\\/\\\/jimgreenfootwear.eu\\\/?s={search_term_string}\"},\"query-input\":{\"@type\":\"PropertyValueSpecification\",\"valueRequired\":true,\"valueName\":\"search_term_string\"}}],\"inLanguage\":\"de\"},{\"@type\":\"Organization\",\"@id\":\"https:\\\/\\\/jimgreenfootwear.eu\\\/#organization\",\"name\":\"Jim Green Footwear\",\"alternateName\":\"Jim Green\",\"url\":\"https:\\\/\\\/jimgreenfootwear.eu\\\/\",\"logo\":{\"@type\":\"ImageObject\",\"inLanguage\":\"de\",\"@id\":\"https:\\\/\\\/jimgreenfootwear.eu\\\/#\\\/schema\\\/logo\\\/image\\\/\",\"url\":\"https:\\\/\\\/jimgreenfootwear.eu\\\/wp-content\\\/uploads\\\/2023\\\/11\\\/Jim-Green-4-copy@4x.png\",\"contentUrl\":\"https:\\\/\\\/jimgreenfootwear.eu\\\/wp-content\\\/uploads\\\/2023\\\/11\\\/Jim-Green-4-copy@4x.png\",\"width\":1940,\"height\":1940,\"caption\":\"Jim Green Footwear\"},\"image\":{\"@id\":\"https:\\\/\\\/jimgreenfootwear.eu\\\/#\\\/schema\\\/logo\\\/image\\\/\"},\"sameAs\":[\"https:\\\/\\\/www.facebook.com\\\/jimgreenfootwear\\\/\",\"https:\\\/\\\/x.com\\\/jimgreenfw\",\"https:\\\/\\\/www.instagram.com\\\/jimgreenfootwear\\\/\"]}]}<\/script>\n<meta property=\"og:availability\" content=\"out of stock\" \/>\n<meta property=\"product:availability\" content=\"out of stock\" \/>\n<meta property=\"product:retailer_item_id\" content=\"AM31_HOA_FG\" \/>\n<meta property=\"product:condition\" content=\"new\" \/>\n<!-- \/ Yoast SEO plugin. -->","yoast_head_json":{"title":"Numzaan - Houston Black - Jim Green","robots":{"index":"index","follow":"follow","max-snippet":"max-snippet:-1","max-image-preview":"max-image-preview:large","max-video-preview":"max-video-preview:-1"},"canonical":"https:\/\/jimgreenfootwear.eu\/de\/store\/numzaan-houston-black\/","og_locale":"de_DE","og_type":"article","og_title":"Numzaan - Houston Black - Jim Green","og_description":"[vc_row css=&#8221;.vc_custom_padding_settings{padding-right: 15px !important; padding-left: 15px !important; padding-bottom: 20px !important;}&#8221;][vc_column width=&#8221;5\/6&#8243; css=&#8221;.vc_custom_padding_settings{padding-right: 15px !important; padding-left: 15px !important;}&#8221;][vc_column_text css=&#8221;&#8221;] Der neue \u201eChief\u201c in unserer Kollektion \u2013 Der Numzaan [\/vc_column_text][\/vc_column][vc_column width=&#8221;1\/6&#8243;][\/vc_column][\/vc_row][vc_row css=&#8221;.vc_custom_padding_settings{padding-right: 15px !important; padding-left: 15px !important; padding-bottom: 20px !important;}&#8221;][vc_column width=&#8221;1\/2&#8243; css=&#8221;.vc_custom_padding_settings{padding-right: 15px !important; padding-left: 15px !important; padding-bottom: 20px !important;}&#8221;][vc_column_text css=&#8221;&#8221;] Wir haben auf unsere Kunden geh\u00f6rt [&hellip;]","og_url":"https:\/\/jimgreenfootwear.eu\/de\/store\/numzaan-houston-black\/","og_site_name":"Jim Green","article_publisher":"https:\/\/www.facebook.com\/jimgreenfootwear\/","article_modified_time":"2026-02-22T08:40:21+00:00","og_image":[{"width":570,"height":570,"url":"https:\/\/jimgreenfootwear.eu\/wp-content\/uploads\/2026\/02\/AM31_HOA_01_11-570x570-1.jpg","type":"image\/jpeg"}],"twitter_card":"summary_large_image","twitter_site":"@jimgreenfw","twitter_misc":{"Verf\u00fcgbarkeit":"ausverkauft"},"schema":{"@context":"https:\/\/schema.org","@graph":[{"@type":"WebPage","@id":"https:\/\/jimgreenfootwear.eu\/de\/store\/numzaan-houston-black\/","url":"https:\/\/jimgreenfootwear.eu\/de\/store\/numzaan-houston-black\/","name":"Numzaan - Houston Black - Jim Green","isPartOf":{"@id":"https:\/\/jimgreenfootwear.eu\/#website"},"primaryImageOfPage":{"@id":"https:\/\/jimgreenfootwear.eu\/de\/store\/numzaan-houston-black\/#primaryimage"},"image":{"@id":"https:\/\/jimgreenfootwear.eu\/de\/store\/numzaan-houston-black\/#primaryimage"},"thumbnailUrl":"https:\/\/jimgreenfootwear.eu\/wp-content\/uploads\/2026\/02\/AM31_HOA_01_11-570x570-1.jpg","datePublished":"2026-02-20T07:27:16+00:00","dateModified":"2026-02-22T08:40:21+00:00","breadcrumb":{"@id":"https:\/\/jimgreenfootwear.eu\/de\/store\/numzaan-houston-black\/#breadcrumb"},"inLanguage":"de","potentialAction":[{"@type":"ReadAction","target":["https:\/\/jimgreenfootwear.eu\/de\/store\/numzaan-houston-black\/"]}]},{"@type":"ImageObject","inLanguage":"de","@id":"https:\/\/jimgreenfootwear.eu\/de\/store\/numzaan-houston-black\/#primaryimage","url":"https:\/\/jimgreenfootwear.eu\/wp-content\/uploads\/2026\/02\/AM31_HOA_01_11-570x570-1.jpg","contentUrl":"https:\/\/jimgreenfootwear.eu\/wp-content\/uploads\/2026\/02\/AM31_HOA_01_11-570x570-1.jpg","width":570,"height":570},{"@type":"BreadcrumbList","@id":"https:\/\/jimgreenfootwear.eu\/de\/store\/numzaan-houston-black\/#breadcrumb","itemListElement":[{"@type":"ListItem","position":1,"name":"Home","item":"https:\/\/jimgreenfootwear.eu\/de\/"},{"@type":"ListItem","position":2,"name":"Shop","item":"https:\/\/jimgreenfootwear.eu\/de\/shop\/"},{"@type":"ListItem","position":3,"name":"Numzaan &#8211; Houston Black"}]},{"@type":"WebSite","@id":"https:\/\/jimgreenfootwear.eu\/#website","url":"https:\/\/jimgreenfootwear.eu\/","name":"Jim Green","description":"Footwear EU - Quality Hiking &amp; Safety Boots","publisher":{"@id":"https:\/\/jimgreenfootwear.eu\/#organization"},"potentialAction":[{"@type":"SearchAction","target":{"@type":"EntryPoint","urlTemplate":"https:\/\/jimgreenfootwear.eu\/?s={search_term_string}"},"query-input":{"@type":"PropertyValueSpecification","valueRequired":true,"valueName":"search_term_string"}}],"inLanguage":"de"},{"@type":"Organization","@id":"https:\/\/jimgreenfootwear.eu\/#organization","name":"Jim Green Footwear","alternateName":"Jim Green","url":"https:\/\/jimgreenfootwear.eu\/","logo":{"@type":"ImageObject","inLanguage":"de","@id":"https:\/\/jimgreenfootwear.eu\/#\/schema\/logo\/image\/","url":"https:\/\/jimgreenfootwear.eu\/wp-content\/uploads\/2023\/11\/Jim-Green-4-copy@4x.png","contentUrl":"https:\/\/jimgreenfootwear.eu\/wp-content\/uploads\/2023\/11\/Jim-Green-4-copy@4x.png","width":1940,"height":1940,"caption":"Jim Green Footwear"},"image":{"@id":"https:\/\/jimgreenfootwear.eu\/#\/schema\/logo\/image\/"},"sameAs":["https:\/\/www.facebook.com\/jimgreenfootwear\/","https:\/\/x.com\/jimgreenfw","https:\/\/www.instagram.com\/jimgreenfootwear\/"]}]},"og_availability":"out of stock","product_availability":"out of stock","product_retailer_item_id":"AM31_HOA_FG","product_condition":"new"},"_links":{"self":[{"href":"https:\/\/jimgreenfootwear.eu\/de\/wp-json\/wp\/v2\/product\/60430","targetHints":{"allow":["GET"]}}],"collection":[{"href":"https:\/\/jimgreenfootwear.eu\/de\/wp-json\/wp\/v2\/product"}],"about":[{"href":"https:\/\/jimgreenfootwear.eu\/de\/wp-json\/wp\/v2\/types\/product"}],"replies":[{"embeddable":true,"href":"https:\/\/jimgreenfootwear.eu\/de\/wp-json\/wp\/v2\/comments?post=60430"}],"wp:featuredmedia":[{"embeddable":true,"href":"https:\/\/jimgreenfootwear.eu\/de\/wp-json\/wp\/v2\/media\/60494"}],"wp:attachment":[{"href":"https:\/\/jimgreenfootwear.eu\/de\/wp-json\/wp\/v2\/media?parent=60430"}],"wp:term":[{"taxonomy":"product_brand","embeddable":true,"href":"https:\/\/jimgreenfootwear.eu\/de\/wp-json\/wp\/v2\/product_brand?post=60430"},{"taxonomy":"product_cat","embeddable":true,"href":"https:\/\/jimgreenfootwear.eu\/de\/wp-json\/wp\/v2\/product_cat?post=60430"},{"taxonomy":"product_tag","embeddable":true,"href":"https:\/\/jimgreenfootwear.eu\/de\/wp-json\/wp\/v2\/product_tag?post=60430"}],"curies":[{"name":"wp","href":"https:\/\/api.w.org\/{rel}","templated":true}]}}