{"id":60676,"date":"2026-03-10T17:19:42","date_gmt":"2026-03-10T15:19:42","guid":{"rendered":"https:\/\/jimgreenfootwear.eu\/?post_type=product&#038;p=60676"},"modified":"2026-04-14T15:48:38","modified_gmt":"2026-04-14T13:48:38","slug":"lederbezogene-einlegesohle-jg-stc-leisten-copy","status":"publish","type":"product","link":"https:\/\/jimgreenfootwear.eu\/de\/store\/lederbezogene-einlegesohle-jg-stc-leisten-copy\/","title":{"rendered":"Lederbezogene Einlegesohle \u2013 ASHM-Leisten"},"content":{"rendered":"<div class=\"wpb-content-wrapper\"><p>[vc_row][vc_column][vc_column_text css=&#8221;&#8221;][\/vc_column_text][\/vc_column][\/vc_row]<\/p>\n<\/div>","protected":false},"excerpt":{"rendered":"<p><span style=\"font-family: nathan-serif; font-size: 12pt;\">Lederbezogenes Fu\u00dfbett mit PU-D\u00e4mpfung. <\/span><\/p>\n<p><span style=\"font-family: nathan-serif; font-size: 12pt;\">Speziell entwickelt f\u00fcr unseren ASHM-Leisten, der eine standardm\u00e4\u00dfig gro\u00dfz\u00fcgige \u201eD\u201c-Weite nach dem Brannock-System bietet. Dieses Profil sorgt f\u00fcr eine optimale Passform in allen Stiefelmodellen, die auf dem ASHM-Leisten gefertigt werden.<\/span><\/p>\n<ul>\n<li><span style=\"font-family: nathan-serif; font-size: 12pt;\">Numzaan (je nach Modell-Variante)<\/span><\/li>\n<li><span style=\"font-family: nathan-serif; font-size: 12pt;\">719<\/span><\/li>\n<li><span style=\"font-size: 12pt; font-family: nathan-serif;\">Shoellie<\/span><\/li>\n<li><span style=\"font-family: nathan-serif; font-size: 12pt;\">Baobab<\/span><\/li>\n<\/ul>\n<h4><span style=\"color: #c20000; font-family: nathan-serif; font-size: 14pt;\"><strong>New stock expected by late May 2026<\/strong><\/span><\/h4>\n","protected":false},"featured_media":47403,"comment_status":"open","ping_status":"closed","template":"","meta":{"_acf_changed":false},"product_brand":[],"product_cat":[322,403,521,326],"product_tag":[],"class_list":{"0":"post-60676","1":"product","2":"type-product","3":"status-publish","4":"has-post-thumbnail","6":"product_cat-accessories-de","7":"product_cat-checkout-page-de","8":"product_cat-live-de","9":"product_cat-add-ons-de","10":"product_shipping_class-two","11":"tm-no-options","13":"first","14":"instock","15":"taxable","16":"shipping-taxable","17":"purchasable","18":"product-type-variable"},"group_of_quantity":0,"min_quantity":0,"max_quantity":"","exclude_order_quantity_value_rules":"no","exclude_category_quantity_rules":"no","combine_variations":"no","acf":[],"yoast_head":"<!-- This site is optimized with the Yoast SEO plugin v27.4 - https:\/\/yoast.com\/product\/yoast-seo-wordpress\/ -->\n<title>Lederbezogene Einlegesohle \u2013 ASHM-Leisten - Jim Green<\/title>\n<meta name=\"robots\" content=\"index, follow, max-snippet:-1, max-image-preview:large, max-video-preview:-1\" \/>\n<link rel=\"canonical\" href=\"https:\/\/jimgreenfootwear.eu\/de\/store\/lederbezogene-einlegesohle-jg-stc-leisten-copy\/\" \/>\n<meta property=\"og:locale\" content=\"de_DE\" \/>\n<meta property=\"og:type\" content=\"article\" \/>\n<meta property=\"og:title\" content=\"Lederbezogene Einlegesohle \u2013 ASHM-Leisten - Jim Green\" \/>\n<meta property=\"og:description\" content=\"Lederbezogenes Fu\u00dfbett mit PU-D\u00e4mpfung.   Speziell entwickelt f\u00fcr unseren ASHM-Leisten, der eine standardm\u00e4\u00dfig gro\u00dfz\u00fcgige \u201eD\u201c-Weite nach dem Brannock-System bietet. Dieses Profil sorgt f\u00fcr eine optimale Passform in allen Stiefelmodellen, die auf dem ASHM-Leisten gefertigt werden.   Numzaan (je nach Modell-Variante)  719  Shoellie  Baobab  New stock expected by late May 2026\" \/>\n<meta property=\"og:url\" content=\"https:\/\/jimgreenfootwear.eu\/de\/store\/lederbezogene-einlegesohle-jg-stc-leisten-copy\/\" \/>\n<meta property=\"og:site_name\" content=\"Jim Green\" \/>\n<meta property=\"article:publisher\" content=\"https:\/\/www.facebook.com\/jimgreenfootwear\/\" \/>\n<meta property=\"article:modified_time\" content=\"2026-04-14T13:48:38+00:00\" \/>\n<meta property=\"og:image\" content=\"https:\/\/jimgreenfootwear.eu\/wp-content\/uploads\/2022\/01\/JIM-GREEN-INSOLE_2_high-res.jpg\" \/>\n\t<meta property=\"og:image:width\" content=\"1600\" \/>\n\t<meta property=\"og:image:height\" content=\"1600\" \/>\n\t<meta property=\"og:image:type\" content=\"image\/jpeg\" \/>\n<meta name=\"twitter:card\" content=\"summary_large_image\" \/>\n<meta name=\"twitter:site\" content=\"@jimgreenfw\" \/>\n<meta name=\"twitter:label1\" content=\"Verf\u00fcgbarkeit\" \/>\n\t<meta name=\"twitter:data1\" content=\"Auf Lager\" \/>\n<script type=\"application\/ld+json\" class=\"yoast-schema-graph\">{\"@context\":\"https:\\\/\\\/schema.org\",\"@graph\":[{\"@type\":\"WebPage\",\"@id\":\"https:\\\/\\\/jimgreenfootwear.eu\\\/de\\\/store\\\/lederbezogene-einlegesohle-jg-stc-leisten-copy\\\/\",\"url\":\"https:\\\/\\\/jimgreenfootwear.eu\\\/de\\\/store\\\/lederbezogene-einlegesohle-jg-stc-leisten-copy\\\/\",\"name\":\"Lederbezogene Einlegesohle \u2013 ASHM-Leisten - Jim Green\",\"isPartOf\":{\"@id\":\"https:\\\/\\\/jimgreenfootwear.eu\\\/#website\"},\"primaryImageOfPage\":{\"@id\":\"https:\\\/\\\/jimgreenfootwear.eu\\\/de\\\/store\\\/lederbezogene-einlegesohle-jg-stc-leisten-copy\\\/#primaryimage\"},\"image\":{\"@id\":\"https:\\\/\\\/jimgreenfootwear.eu\\\/de\\\/store\\\/lederbezogene-einlegesohle-jg-stc-leisten-copy\\\/#primaryimage\"},\"thumbnailUrl\":\"https:\\\/\\\/jimgreenfootwear.eu\\\/wp-content\\\/uploads\\\/2022\\\/01\\\/JIM-GREEN-INSOLE_2_high-res.jpg\",\"datePublished\":\"2026-03-10T15:19:42+00:00\",\"dateModified\":\"2026-04-14T13:48:38+00:00\",\"breadcrumb\":{\"@id\":\"https:\\\/\\\/jimgreenfootwear.eu\\\/de\\\/store\\\/lederbezogene-einlegesohle-jg-stc-leisten-copy\\\/#breadcrumb\"},\"inLanguage\":\"de\",\"potentialAction\":[{\"@type\":\"ReadAction\",\"target\":[\"https:\\\/\\\/jimgreenfootwear.eu\\\/de\\\/store\\\/lederbezogene-einlegesohle-jg-stc-leisten-copy\\\/\"]}]},{\"@type\":\"ImageObject\",\"inLanguage\":\"de\",\"@id\":\"https:\\\/\\\/jimgreenfootwear.eu\\\/de\\\/store\\\/lederbezogene-einlegesohle-jg-stc-leisten-copy\\\/#primaryimage\",\"url\":\"https:\\\/\\\/jimgreenfootwear.eu\\\/wp-content\\\/uploads\\\/2022\\\/01\\\/JIM-GREEN-INSOLE_2_high-res.jpg\",\"contentUrl\":\"https:\\\/\\\/jimgreenfootwear.eu\\\/wp-content\\\/uploads\\\/2022\\\/01\\\/JIM-GREEN-INSOLE_2_high-res.jpg\",\"width\":1600,\"height\":1600},{\"@type\":\"BreadcrumbList\",\"@id\":\"https:\\\/\\\/jimgreenfootwear.eu\\\/de\\\/store\\\/lederbezogene-einlegesohle-jg-stc-leisten-copy\\\/#breadcrumb\",\"itemListElement\":[{\"@type\":\"ListItem\",\"position\":1,\"name\":\"Home\",\"item\":\"https:\\\/\\\/jimgreenfootwear.eu\\\/de\\\/\"},{\"@type\":\"ListItem\",\"position\":2,\"name\":\"Shop\",\"item\":\"https:\\\/\\\/jimgreenfootwear.eu\\\/de\\\/shop\\\/\"},{\"@type\":\"ListItem\",\"position\":3,\"name\":\"Lederbezogene Einlegesohle \u2013 ASHM-Leisten\"}]},{\"@type\":\"WebSite\",\"@id\":\"https:\\\/\\\/jimgreenfootwear.eu\\\/#website\",\"url\":\"https:\\\/\\\/jimgreenfootwear.eu\\\/\",\"name\":\"Jim Green\",\"description\":\"Footwear EU - Quality Hiking &amp; Safety Boots\",\"publisher\":{\"@id\":\"https:\\\/\\\/jimgreenfootwear.eu\\\/#organization\"},\"potentialAction\":[{\"@type\":\"SearchAction\",\"target\":{\"@type\":\"EntryPoint\",\"urlTemplate\":\"https:\\\/\\\/jimgreenfootwear.eu\\\/?s={search_term_string}\"},\"query-input\":{\"@type\":\"PropertyValueSpecification\",\"valueRequired\":true,\"valueName\":\"search_term_string\"}}],\"inLanguage\":\"de\"},{\"@type\":\"Organization\",\"@id\":\"https:\\\/\\\/jimgreenfootwear.eu\\\/#organization\",\"name\":\"Jim Green Footwear\",\"alternateName\":\"Jim Green\",\"url\":\"https:\\\/\\\/jimgreenfootwear.eu\\\/\",\"logo\":{\"@type\":\"ImageObject\",\"inLanguage\":\"de\",\"@id\":\"https:\\\/\\\/jimgreenfootwear.eu\\\/#\\\/schema\\\/logo\\\/image\\\/\",\"url\":\"https:\\\/\\\/jimgreenfootwear.eu\\\/wp-content\\\/uploads\\\/2023\\\/11\\\/Jim-Green-4-copy@4x.png\",\"contentUrl\":\"https:\\\/\\\/jimgreenfootwear.eu\\\/wp-content\\\/uploads\\\/2023\\\/11\\\/Jim-Green-4-copy@4x.png\",\"width\":1940,\"height\":1940,\"caption\":\"Jim Green Footwear\"},\"image\":{\"@id\":\"https:\\\/\\\/jimgreenfootwear.eu\\\/#\\\/schema\\\/logo\\\/image\\\/\"},\"sameAs\":[\"https:\\\/\\\/www.facebook.com\\\/jimgreenfootwear\\\/\",\"https:\\\/\\\/x.com\\\/jimgreenfw\",\"https:\\\/\\\/www.instagram.com\\\/jimgreenfootwear\\\/\"]}]}<\/script>\n<meta property=\"og:availability\" content=\"instock\" \/>\n<meta property=\"product:availability\" content=\"instock\" \/>\n<meta property=\"product:retailer_item_id\" content=\"LFBASH_NAT_JG\" \/>\n<meta property=\"product:condition\" content=\"new\" \/>\n<!-- \/ Yoast SEO plugin. -->","yoast_head_json":{"title":"Lederbezogene Einlegesohle \u2013 ASHM-Leisten - Jim Green","robots":{"index":"index","follow":"follow","max-snippet":"max-snippet:-1","max-image-preview":"max-image-preview:large","max-video-preview":"max-video-preview:-1"},"canonical":"https:\/\/jimgreenfootwear.eu\/de\/store\/lederbezogene-einlegesohle-jg-stc-leisten-copy\/","og_locale":"de_DE","og_type":"article","og_title":"Lederbezogene Einlegesohle \u2013 ASHM-Leisten - Jim Green","og_description":"Lederbezogenes Fu\u00dfbett mit PU-D\u00e4mpfung.   Speziell entwickelt f\u00fcr unseren ASHM-Leisten, der eine standardm\u00e4\u00dfig gro\u00dfz\u00fcgige \u201eD\u201c-Weite nach dem Brannock-System bietet. Dieses Profil sorgt f\u00fcr eine optimale Passform in allen Stiefelmodellen, die auf dem ASHM-Leisten gefertigt werden.   Numzaan (je nach Modell-Variante)  719  Shoellie  Baobab  New stock expected by late May 2026","og_url":"https:\/\/jimgreenfootwear.eu\/de\/store\/lederbezogene-einlegesohle-jg-stc-leisten-copy\/","og_site_name":"Jim Green","article_publisher":"https:\/\/www.facebook.com\/jimgreenfootwear\/","article_modified_time":"2026-04-14T13:48:38+00:00","og_image":[{"width":1600,"height":1600,"url":"https:\/\/jimgreenfootwear.eu\/wp-content\/uploads\/2022\/01\/JIM-GREEN-INSOLE_2_high-res.jpg","type":"image\/jpeg"}],"twitter_card":"summary_large_image","twitter_site":"@jimgreenfw","twitter_misc":{"Verf\u00fcgbarkeit":"Auf Lager"},"schema":{"@context":"https:\/\/schema.org","@graph":[{"@type":"WebPage","@id":"https:\/\/jimgreenfootwear.eu\/de\/store\/lederbezogene-einlegesohle-jg-stc-leisten-copy\/","url":"https:\/\/jimgreenfootwear.eu\/de\/store\/lederbezogene-einlegesohle-jg-stc-leisten-copy\/","name":"Lederbezogene Einlegesohle \u2013 ASHM-Leisten - Jim Green","isPartOf":{"@id":"https:\/\/jimgreenfootwear.eu\/#website"},"primaryImageOfPage":{"@id":"https:\/\/jimgreenfootwear.eu\/de\/store\/lederbezogene-einlegesohle-jg-stc-leisten-copy\/#primaryimage"},"image":{"@id":"https:\/\/jimgreenfootwear.eu\/de\/store\/lederbezogene-einlegesohle-jg-stc-leisten-copy\/#primaryimage"},"thumbnailUrl":"https:\/\/jimgreenfootwear.eu\/wp-content\/uploads\/2022\/01\/JIM-GREEN-INSOLE_2_high-res.jpg","datePublished":"2026-03-10T15:19:42+00:00","dateModified":"2026-04-14T13:48:38+00:00","breadcrumb":{"@id":"https:\/\/jimgreenfootwear.eu\/de\/store\/lederbezogene-einlegesohle-jg-stc-leisten-copy\/#breadcrumb"},"inLanguage":"de","potentialAction":[{"@type":"ReadAction","target":["https:\/\/jimgreenfootwear.eu\/de\/store\/lederbezogene-einlegesohle-jg-stc-leisten-copy\/"]}]},{"@type":"ImageObject","inLanguage":"de","@id":"https:\/\/jimgreenfootwear.eu\/de\/store\/lederbezogene-einlegesohle-jg-stc-leisten-copy\/#primaryimage","url":"https:\/\/jimgreenfootwear.eu\/wp-content\/uploads\/2022\/01\/JIM-GREEN-INSOLE_2_high-res.jpg","contentUrl":"https:\/\/jimgreenfootwear.eu\/wp-content\/uploads\/2022\/01\/JIM-GREEN-INSOLE_2_high-res.jpg","width":1600,"height":1600},{"@type":"BreadcrumbList","@id":"https:\/\/jimgreenfootwear.eu\/de\/store\/lederbezogene-einlegesohle-jg-stc-leisten-copy\/#breadcrumb","itemListElement":[{"@type":"ListItem","position":1,"name":"Home","item":"https:\/\/jimgreenfootwear.eu\/de\/"},{"@type":"ListItem","position":2,"name":"Shop","item":"https:\/\/jimgreenfootwear.eu\/de\/shop\/"},{"@type":"ListItem","position":3,"name":"Lederbezogene Einlegesohle \u2013 ASHM-Leisten"}]},{"@type":"WebSite","@id":"https:\/\/jimgreenfootwear.eu\/#website","url":"https:\/\/jimgreenfootwear.eu\/","name":"Jim Green","description":"Footwear EU - Quality Hiking &amp; Safety Boots","publisher":{"@id":"https:\/\/jimgreenfootwear.eu\/#organization"},"potentialAction":[{"@type":"SearchAction","target":{"@type":"EntryPoint","urlTemplate":"https:\/\/jimgreenfootwear.eu\/?s={search_term_string}"},"query-input":{"@type":"PropertyValueSpecification","valueRequired":true,"valueName":"search_term_string"}}],"inLanguage":"de"},{"@type":"Organization","@id":"https:\/\/jimgreenfootwear.eu\/#organization","name":"Jim Green Footwear","alternateName":"Jim Green","url":"https:\/\/jimgreenfootwear.eu\/","logo":{"@type":"ImageObject","inLanguage":"de","@id":"https:\/\/jimgreenfootwear.eu\/#\/schema\/logo\/image\/","url":"https:\/\/jimgreenfootwear.eu\/wp-content\/uploads\/2023\/11\/Jim-Green-4-copy@4x.png","contentUrl":"https:\/\/jimgreenfootwear.eu\/wp-content\/uploads\/2023\/11\/Jim-Green-4-copy@4x.png","width":1940,"height":1940,"caption":"Jim Green Footwear"},"image":{"@id":"https:\/\/jimgreenfootwear.eu\/#\/schema\/logo\/image\/"},"sameAs":["https:\/\/www.facebook.com\/jimgreenfootwear\/","https:\/\/x.com\/jimgreenfw","https:\/\/www.instagram.com\/jimgreenfootwear\/"]}]},"og_availability":"instock","product_availability":"instock","product_retailer_item_id":"LFBASH_NAT_JG","product_condition":"new"},"_links":{"self":[{"href":"https:\/\/jimgreenfootwear.eu\/de\/wp-json\/wp\/v2\/product\/60676","targetHints":{"allow":["GET"]}}],"collection":[{"href":"https:\/\/jimgreenfootwear.eu\/de\/wp-json\/wp\/v2\/product"}],"about":[{"href":"https:\/\/jimgreenfootwear.eu\/de\/wp-json\/wp\/v2\/types\/product"}],"replies":[{"embeddable":true,"href":"https:\/\/jimgreenfootwear.eu\/de\/wp-json\/wp\/v2\/comments?post=60676"}],"wp:featuredmedia":[{"embeddable":true,"href":"https:\/\/jimgreenfootwear.eu\/de\/wp-json\/wp\/v2\/media\/47403"}],"wp:attachment":[{"href":"https:\/\/jimgreenfootwear.eu\/de\/wp-json\/wp\/v2\/media?parent=60676"}],"wp:term":[{"taxonomy":"product_brand","embeddable":true,"href":"https:\/\/jimgreenfootwear.eu\/de\/wp-json\/wp\/v2\/product_brand?post=60676"},{"taxonomy":"product_cat","embeddable":true,"href":"https:\/\/jimgreenfootwear.eu\/de\/wp-json\/wp\/v2\/product_cat?post=60676"},{"taxonomy":"product_tag","embeddable":true,"href":"https:\/\/jimgreenfootwear.eu\/de\/wp-json\/wp\/v2\/product_tag?post=60676"}],"curies":[{"name":"wp","href":"https:\/\/api.w.org\/{rel}","templated":true}]}}