{"id":50332,"date":"2025-04-13T21:17:32","date_gmt":"2025-04-13T19:17:32","guid":{"rendered":"https:\/\/jimgreenfootwear.eu\/impressum\/"},"modified":"2025-12-02T20:32:14","modified_gmt":"2025-12-02T18:32:14","slug":"impressum","status":"publish","type":"page","link":"https:\/\/jimgreenfootwear.eu\/fr\/impressum\/","title":{"rendered":"Mentions l\u00e9gales"},"content":{"rendered":"<div class=\"wpb-content-wrapper\"><p>[vc_row fullwidth=&#8221;1&#8243; css=&#8221;.vc_custom_1744570433148{padding-top: 60px !important;padding-bottom: 60px !important;}&#8221;][vc_column width=&#8221;1\/4&#8243;][vc_empty_space height=&#8221;1px&#8221;][\/vc_column][vc_column width=&#8221;1\/2&#8243;][vc_column_text css=&#8221;.vc_custom_1744570641290{padding-bottom: 50px !important;}&#8221;]<\/p>\n<article class=\"text-token-text-primary w-full focus:outline-none scroll-mt-[calc(var(--header-height)+min(200px,max(70px,20svh)))]\" dir=\"auto\" tabindex=\"-1\" data-turn-id=\"3d0adc3e-0e12-4130-ac08-1a0b079e9f16\" data-testid=\"conversation-turn-60\" data-scroll-anchor=\"true\" data-turn=\"assistant\">\n<div class=\"text-base my-auto mx-auto pb-10 [--thread-content-margin:--spacing(4)] @[37rem]:[--thread-content-margin:--spacing(6)] @[72rem]:[--thread-content-margin:--spacing(16)] px-(--thread-content-margin)\">\n<div class=\"[--thread-content-max-width:32rem] @[34rem]:[--thread-content-max-width:40rem] @[64rem]:[--thread-content-max-width:48rem] mx-auto max-w-(--thread-content-max-width) flex-1 group\/turn-messages focus-visible:outline-hidden relative flex w-full min-w-0 flex-col agent-turn\" tabindex=\"-1\">\n<div class=\"flex max-w-full flex-col grow\">\n<div class=\"min-h-8 text-message relative flex w-full flex-col items-end gap-2 text-start break-words whitespace-normal [.text-message+&amp;]:mt-5\" dir=\"auto\" data-message-author-role=\"assistant\" data-message-id=\"49f877bc-a724-494d-8a04-8f81c6f920ba\" data-message-model-slug=\"gpt-5-thinking\">\n<div class=\"flex w-full flex-col gap-1 empty:hidden first:pt-[3px]\">\n<div class=\"markdown prose dark:prose-invert w-full break-words light markdown-new-styling\">\n<h1 data-start=\"1385\" data-end=\"1408\">Mentions l\u00e9gales<\/h1>\n<p data-start=\"1410\" data-end=\"1592\"><strong data-start=\"1410\" data-end=\"1459\">Exploitant du site et de la boutique en ligne<\/strong><br data-start=\"1459\" data-end=\"1462\" \/>Trikolor Handelsgesellschaft UG (responsabilit\u00e9 limit\u00e9e \u2013 \u00ab haftungsbeschr\u00e4nkt \u00bb)<br data-start=\"1543\" data-end=\"1546\" \/>Bilker Allee 16<br data-start=\"1561\" data-end=\"1564\" \/>40219 D\u00fcsseldorf<br data-start=\"1580\" data-end=\"1583\" \/>Allemagne<\/p>\n<p data-start=\"1594\" data-end=\"1658\">T\u00e9l\u00e9phone : +49 211 92419865<br data-start=\"1622\" data-end=\"1625\" \/>E-mail : <a class=\"cursor-pointer\" rel=\"noopener\" data-start=\"1634\" data-end=\"1658\">shop@jimgreenfootwear.eu<\/a><\/p>\n<p data-start=\"1660\" data-end=\"1839\"><strong data-start=\"1660\" data-end=\"1684\">Repr\u00e9sentant l\u00e9gal :<\/strong> G\u00e9rant Stephan Chauchoy<br data-start=\"1708\" data-end=\"1711\" \/><strong data-start=\"1711\" data-end=\"1755\">Registre du commerce (Handelsregister) :<\/strong> Amtsgericht D\u00fcsseldorf, HRB 79410<br data-start=\"1789\" data-end=\"1792\" \/><strong data-start=\"1792\" data-end=\"1826\">N\u00b0 de TVA intracommunautaire :<\/strong> DE 310241615<\/p>\n<p data-start=\"1841\" data-end=\"2147\"><strong data-start=\"1841\" data-end=\"1891\">R\u00e8glement extrajudiciaire des litiges (VSBG) :<\/strong><br data-start=\"1891\" data-end=\"1894\" \/>Nous sommes dispos\u00e9s \u00e0 participer \u00e0 une proc\u00e9dure de m\u00e9diation devant l\u2019organisme suivant :<br data-start=\"1985\" data-end=\"1988\" \/>Universalschlichtungsstelle des Bundes, Zentrum f\u00fcr Schlichtung e. V., Stra\u00dfburger Stra\u00dfe 8, 77694 Kehl am Rhein, Allemagne, <strong data-start=\"2113\" data-end=\"2146\"><a class=\"\" href=\"http:\/\/www.verbraucher-schlichter.de\" target=\"_new\" rel=\"noopener\" data-start=\"2115\" data-end=\"2144\">www.verbraucher-schlichter.de<\/a><\/strong>.<\/p>\n<\/div>\n<\/div>\n<\/div>\n<\/div>\n<\/div>\n<\/div>\n<\/article>\n<\/div>","protected":false},"excerpt":{"rendered":"<p>[vc_row fullwidth=&#8221;1&#8243; css=&#8221;.vc_custom_1744570433148{padding-top: 60px !important;padding-bottom: 60px !important;}&#8221;][vc_column width=&#8221;1\/4&#8243;][vc_empty_space height=&#8221;1px&#8221;][\/vc_column][vc_column width=&#8221;1\/2&#8243;][vc_column_text css=&#8221;.vc_custom_1744570641290{padding-bottom: 50px !important;}&#8221;] Mentions l\u00e9gales Exploitant du site et de la boutique en ligneTrikolor Handelsgesellschaft UG (responsabilit\u00e9 limit\u00e9e \u2013 \u00ab haftungsbeschr\u00e4nkt \u00bb)Bilker Allee 1640219 D\u00fcsseldorfAllemagne T\u00e9l\u00e9phone : +49 211 92419865E-mail : shop@jimgreenfootwear.eu Repr\u00e9sentant l\u00e9gal : G\u00e9rant Stephan ChauchoyRegistre du commerce (Handelsregister) : Amtsgericht D\u00fcsseldorf, HRB [&hellip;]<\/p>\n","protected":false},"author":1300,"featured_media":0,"parent":0,"menu_order":0,"comment_status":"closed","ping_status":"closed","template":"page-wrapper.php","meta":{"_acf_changed":false,"footnotes":""},"class_list":["post-50332","page","type-page","status-publish","hentry"],"acf":[],"yoast_head":"<!-- This site is optimized with the Yoast SEO plugin v27.3 - https:\/\/yoast.com\/product\/yoast-seo-wordpress\/ -->\n<title>Mentions l\u00e9gales - Jim Green<\/title>\n<meta name=\"robots\" content=\"index, follow, max-snippet:-1, max-image-preview:large, max-video-preview:-1\" \/>\n<link rel=\"canonical\" href=\"https:\/\/jimgreenfootwear.eu\/fr\/impressum\/\" \/>\n<meta property=\"og:locale\" content=\"fr_FR\" \/>\n<meta property=\"og:type\" content=\"article\" \/>\n<meta property=\"og:title\" content=\"Mentions l\u00e9gales - Jim Green\" \/>\n<meta property=\"og:description\" content=\"[vc_row fullwidth=&#8221;1&#8243; css=&#8221;.vc_custom_1744570433148{padding-top: 60px !important;padding-bottom: 60px !important;}&#8221;][vc_column width=&#8221;1\/4&#8243;][vc_empty_space height=&#8221;1px&#8221;][\/vc_column][vc_column width=&#8221;1\/2&#8243;][vc_column_text css=&#8221;.vc_custom_1744570641290{padding-bottom: 50px !important;}&#8221;] Mentions l\u00e9gales Exploitant du site et de la boutique en ligneTrikolor Handelsgesellschaft UG (responsabilit\u00e9 limit\u00e9e \u2013 \u00ab haftungsbeschr\u00e4nkt \u00bb)Bilker Allee 1640219 D\u00fcsseldorfAllemagne T\u00e9l\u00e9phone : +49 211 92419865E-mail : shop@jimgreenfootwear.eu Repr\u00e9sentant l\u00e9gal : G\u00e9rant Stephan ChauchoyRegistre du commerce (Handelsregister) : Amtsgericht D\u00fcsseldorf, HRB [&hellip;]\" \/>\n<meta property=\"og:url\" content=\"https:\/\/jimgreenfootwear.eu\/fr\/impressum\/\" \/>\n<meta property=\"og:site_name\" content=\"Jim Green\" \/>\n<meta property=\"article:publisher\" content=\"https:\/\/www.facebook.com\/jimgreenfootwear\/\" \/>\n<meta property=\"article:modified_time\" content=\"2025-12-02T18:32:14+00:00\" \/>\n<meta name=\"twitter:card\" content=\"summary_large_image\" \/>\n<meta name=\"twitter:site\" content=\"@jimgreenfw\" \/>\n<meta name=\"twitter:label1\" content=\"Dur\u00e9e de lecture estim\u00e9e\" \/>\n\t<meta name=\"twitter:data1\" content=\"1 minute\" \/>\n<script type=\"application\/ld+json\" class=\"yoast-schema-graph\">{\"@context\":\"https:\\\/\\\/schema.org\",\"@graph\":[{\"@type\":\"WebPage\",\"@id\":\"https:\\\/\\\/jimgreenfootwear.eu\\\/fr\\\/impressum\\\/\",\"url\":\"https:\\\/\\\/jimgreenfootwear.eu\\\/fr\\\/impressum\\\/\",\"name\":\"Mentions l\u00e9gales - Jim Green\",\"isPartOf\":{\"@id\":\"https:\\\/\\\/jimgreenfootwear.eu\\\/#website\"},\"datePublished\":\"2025-04-13T19:17:32+00:00\",\"dateModified\":\"2025-12-02T18:32:14+00:00\",\"breadcrumb\":{\"@id\":\"https:\\\/\\\/jimgreenfootwear.eu\\\/fr\\\/impressum\\\/#breadcrumb\"},\"inLanguage\":\"fr-FR\",\"potentialAction\":[{\"@type\":\"ReadAction\",\"target\":[\"https:\\\/\\\/jimgreenfootwear.eu\\\/fr\\\/impressum\\\/\"]}]},{\"@type\":\"BreadcrumbList\",\"@id\":\"https:\\\/\\\/jimgreenfootwear.eu\\\/fr\\\/impressum\\\/#breadcrumb\",\"itemListElement\":[{\"@type\":\"ListItem\",\"position\":1,\"name\":\"Home\",\"item\":\"https:\\\/\\\/jimgreenfootwear.eu\\\/fr\\\/\"},{\"@type\":\"ListItem\",\"position\":2,\"name\":\"Mentions l\u00e9gales\"}]},{\"@type\":\"WebSite\",\"@id\":\"https:\\\/\\\/jimgreenfootwear.eu\\\/#website\",\"url\":\"https:\\\/\\\/jimgreenfootwear.eu\\\/\",\"name\":\"Jim Green\",\"description\":\"Footwear EU - Quality Hiking &amp; Safety Boots\",\"publisher\":{\"@id\":\"https:\\\/\\\/jimgreenfootwear.eu\\\/#organization\"},\"potentialAction\":[{\"@type\":\"SearchAction\",\"target\":{\"@type\":\"EntryPoint\",\"urlTemplate\":\"https:\\\/\\\/jimgreenfootwear.eu\\\/?s={search_term_string}\"},\"query-input\":{\"@type\":\"PropertyValueSpecification\",\"valueRequired\":true,\"valueName\":\"search_term_string\"}}],\"inLanguage\":\"fr-FR\"},{\"@type\":\"Organization\",\"@id\":\"https:\\\/\\\/jimgreenfootwear.eu\\\/#organization\",\"name\":\"Jim Green Footwear\",\"alternateName\":\"Jim Green\",\"url\":\"https:\\\/\\\/jimgreenfootwear.eu\\\/\",\"logo\":{\"@type\":\"ImageObject\",\"inLanguage\":\"fr-FR\",\"@id\":\"https:\\\/\\\/jimgreenfootwear.eu\\\/#\\\/schema\\\/logo\\\/image\\\/\",\"url\":\"https:\\\/\\\/jimgreenfootwear.eu\\\/wp-content\\\/uploads\\\/2023\\\/11\\\/Jim-Green-4-copy@4x.png\",\"contentUrl\":\"https:\\\/\\\/jimgreenfootwear.eu\\\/wp-content\\\/uploads\\\/2023\\\/11\\\/Jim-Green-4-copy@4x.png\",\"width\":1940,\"height\":1940,\"caption\":\"Jim Green Footwear\"},\"image\":{\"@id\":\"https:\\\/\\\/jimgreenfootwear.eu\\\/#\\\/schema\\\/logo\\\/image\\\/\"},\"sameAs\":[\"https:\\\/\\\/www.facebook.com\\\/jimgreenfootwear\\\/\",\"https:\\\/\\\/x.com\\\/jimgreenfw\",\"https:\\\/\\\/www.instagram.com\\\/jimgreenfootwear\\\/\"]}]}<\/script>\n<!-- \/ Yoast SEO plugin. -->","yoast_head_json":{"title":"Mentions l\u00e9gales - Jim Green","robots":{"index":"index","follow":"follow","max-snippet":"max-snippet:-1","max-image-preview":"max-image-preview:large","max-video-preview":"max-video-preview:-1"},"canonical":"https:\/\/jimgreenfootwear.eu\/fr\/impressum\/","og_locale":"fr_FR","og_type":"article","og_title":"Mentions l\u00e9gales - Jim Green","og_description":"[vc_row fullwidth=&#8221;1&#8243; css=&#8221;.vc_custom_1744570433148{padding-top: 60px !important;padding-bottom: 60px !important;}&#8221;][vc_column width=&#8221;1\/4&#8243;][vc_empty_space height=&#8221;1px&#8221;][\/vc_column][vc_column width=&#8221;1\/2&#8243;][vc_column_text css=&#8221;.vc_custom_1744570641290{padding-bottom: 50px !important;}&#8221;] Mentions l\u00e9gales Exploitant du site et de la boutique en ligneTrikolor Handelsgesellschaft UG (responsabilit\u00e9 limit\u00e9e \u2013 \u00ab haftungsbeschr\u00e4nkt \u00bb)Bilker Allee 1640219 D\u00fcsseldorfAllemagne T\u00e9l\u00e9phone : +49 211 92419865E-mail : shop@jimgreenfootwear.eu Repr\u00e9sentant l\u00e9gal : G\u00e9rant Stephan ChauchoyRegistre du commerce (Handelsregister) : Amtsgericht D\u00fcsseldorf, HRB [&hellip;]","og_url":"https:\/\/jimgreenfootwear.eu\/fr\/impressum\/","og_site_name":"Jim Green","article_publisher":"https:\/\/www.facebook.com\/jimgreenfootwear\/","article_modified_time":"2025-12-02T18:32:14+00:00","twitter_card":"summary_large_image","twitter_site":"@jimgreenfw","twitter_misc":{"Dur\u00e9e de lecture estim\u00e9e":"1 minute"},"schema":{"@context":"https:\/\/schema.org","@graph":[{"@type":"WebPage","@id":"https:\/\/jimgreenfootwear.eu\/fr\/impressum\/","url":"https:\/\/jimgreenfootwear.eu\/fr\/impressum\/","name":"Mentions l\u00e9gales - Jim Green","isPartOf":{"@id":"https:\/\/jimgreenfootwear.eu\/#website"},"datePublished":"2025-04-13T19:17:32+00:00","dateModified":"2025-12-02T18:32:14+00:00","breadcrumb":{"@id":"https:\/\/jimgreenfootwear.eu\/fr\/impressum\/#breadcrumb"},"inLanguage":"fr-FR","potentialAction":[{"@type":"ReadAction","target":["https:\/\/jimgreenfootwear.eu\/fr\/impressum\/"]}]},{"@type":"BreadcrumbList","@id":"https:\/\/jimgreenfootwear.eu\/fr\/impressum\/#breadcrumb","itemListElement":[{"@type":"ListItem","position":1,"name":"Home","item":"https:\/\/jimgreenfootwear.eu\/fr\/"},{"@type":"ListItem","position":2,"name":"Mentions l\u00e9gales"}]},{"@type":"WebSite","@id":"https:\/\/jimgreenfootwear.eu\/#website","url":"https:\/\/jimgreenfootwear.eu\/","name":"Jim Green","description":"Footwear EU - Quality Hiking &amp; Safety Boots","publisher":{"@id":"https:\/\/jimgreenfootwear.eu\/#organization"},"potentialAction":[{"@type":"SearchAction","target":{"@type":"EntryPoint","urlTemplate":"https:\/\/jimgreenfootwear.eu\/?s={search_term_string}"},"query-input":{"@type":"PropertyValueSpecification","valueRequired":true,"valueName":"search_term_string"}}],"inLanguage":"fr-FR"},{"@type":"Organization","@id":"https:\/\/jimgreenfootwear.eu\/#organization","name":"Jim Green Footwear","alternateName":"Jim Green","url":"https:\/\/jimgreenfootwear.eu\/","logo":{"@type":"ImageObject","inLanguage":"fr-FR","@id":"https:\/\/jimgreenfootwear.eu\/#\/schema\/logo\/image\/","url":"https:\/\/jimgreenfootwear.eu\/wp-content\/uploads\/2023\/11\/Jim-Green-4-copy@4x.png","contentUrl":"https:\/\/jimgreenfootwear.eu\/wp-content\/uploads\/2023\/11\/Jim-Green-4-copy@4x.png","width":1940,"height":1940,"caption":"Jim Green Footwear"},"image":{"@id":"https:\/\/jimgreenfootwear.eu\/#\/schema\/logo\/image\/"},"sameAs":["https:\/\/www.facebook.com\/jimgreenfootwear\/","https:\/\/x.com\/jimgreenfw","https:\/\/www.instagram.com\/jimgreenfootwear\/"]}]}},"_links":{"self":[{"href":"https:\/\/jimgreenfootwear.eu\/fr\/wp-json\/wp\/v2\/pages\/50332","targetHints":{"allow":["GET"]}}],"collection":[{"href":"https:\/\/jimgreenfootwear.eu\/fr\/wp-json\/wp\/v2\/pages"}],"about":[{"href":"https:\/\/jimgreenfootwear.eu\/fr\/wp-json\/wp\/v2\/types\/page"}],"author":[{"embeddable":true,"href":"https:\/\/jimgreenfootwear.eu\/fr\/wp-json\/wp\/v2\/users\/1300"}],"replies":[{"embeddable":true,"href":"https:\/\/jimgreenfootwear.eu\/fr\/wp-json\/wp\/v2\/comments?post=50332"}],"version-history":[{"count":6,"href":"https:\/\/jimgreenfootwear.eu\/fr\/wp-json\/wp\/v2\/pages\/50332\/revisions"}],"predecessor-version":[{"id":58076,"href":"https:\/\/jimgreenfootwear.eu\/fr\/wp-json\/wp\/v2\/pages\/50332\/revisions\/58076"}],"wp:attachment":[{"href":"https:\/\/jimgreenfootwear.eu\/fr\/wp-json\/wp\/v2\/media?parent=50332"}],"curies":[{"name":"wp","href":"https:\/\/api.w.org\/{rel}","templated":true}]}}