{"id":50349,"date":"2025-04-13T21:35:58","date_gmt":"2025-04-13T19:35:58","guid":{"rendered":"https:\/\/jimgreenfootwear.eu\/shipping-vat-and-tax-free\/"},"modified":"2025-12-01T22:08:24","modified_gmt":"2025-12-01T20:08:24","slug":"shipping","status":"publish","type":"page","link":"https:\/\/jimgreenfootwear.eu\/fr\/shipping\/","title":{"rendered":"Exp\u00e9dition &#038; Livraison"},"content":{"rendered":"<p><!-- Exp\u00e9dition & Livraison (FR) --><\/p>\n<section id=\"shipping-fr\" style=\"max-width: 900px; margin: 0 auto; padding: 0 18px; line-height: 1.7; font-size: 16.5px;\">\n<h3 style=\"margin-top: 20px;\">Allemagne<\/h3>\n<p>Nous exp\u00e9dions gratuitement en Allemagne via DHL pour toute commande sup\u00e9rieure \u00e0 <strong>50\u00a0\u20ac<\/strong>. Le d\u00e9lai de livraison est de <strong>3 \u00e0 4 jours ouvrables<\/strong>, <em>traitement et transport DHL inclus<\/em>.<\/p>\n<h3 style=\"margin-top: 20px;\">Union europ\u00e9enne<\/h3>\n<p>L\u2019exp\u00e9dition au sein de l\u2019UE est assur\u00e9e par DHL. Les frais d\u2019envoi sont <strong>calcul\u00e9s automatiquement au panier<\/strong> selon votre localisation. Exemple : Livraison standard vers la plupart des pays de l\u2019UE : <strong>14 \u20ac<\/strong>.<\/p>\n<p>Le d\u00e9lai de livraison est de <strong>3\u00a0\u00e0 6 jours ouvrables<\/strong>, selon le pays de destination. Le d\u00e9lai indiqu\u00e9 comprend \u00e0 la fois notre traitement et le transport DHL.<\/p>\n<p><strong>TVA\u00a0:<\/strong> En tant que boutique allemande, nos prix incluent la TVA allemande (actuellement 19\u00a0%). Pour les livraisons vers d\u2019autres pays de l\u2019UE, le taux de TVA local est appliqu\u00e9 et le prix est ajust\u00e9 automatiquement au paiement.<\/p>\n<h3 style=\"margin-top: 20px;\">Royaume-Uni, Suisse &amp; exp\u00e9dition internationale<\/h3>\n<p>Nous exp\u00e9dions dans le monde entier avec DHL. Les frais d\u2019envoi sont calcul\u00e9s lors du paiement en fonction du pays de livraison. Exemple: Royaume-Uni, Suisse, Norv\u00e8ge, Groenland, etc. <strong>19 \u20ac<\/strong><\/p>\n<p>Le d\u00e9lai de livraison est de <strong>2 \u00e0 6 jours ouvrables<\/strong>, selon le pays de destination et le d\u00e9douanement. Le d\u00e9lai indiqu\u00e9 comprend \u00e0 la fois notre traitement et le transport DHL. Le d\u00e9douanement peut retarder votre envoi. Nous n\u2019avons aucune influence sur ce processus.<\/p>\n<p><strong>Livraison hors UE sans TVA\u00a0:<\/strong> Pour les adresses de <strong>livraison <em>en dehors<\/em> de l\u2019Union europ\u00e9enne<\/strong>, l\u2019envoi est effectu\u00e9 <strong>hors taxes<\/strong>. Une fois votre <strong>adresse de livraison<\/strong> saisie, le prix lors du passage en caisse sera <strong>automatiquement mis \u00e0 jour au montant net (hors taxes).<\/strong><\/p>\n<h3 style=\"margin-top: 20px;\">Douanes &amp; droits d\u2019importation<\/h3>\n<p>Les envois internationaux (hors UE) peuvent \u00eatre soumis \u00e0 des <strong>droits et taxes d\u2019importation<\/strong>, \u00e0 la charge du destinataire. Ces frais varient selon le pays de destination et la valeur des marchandises.<\/p>\n<p><strong>\u00c9tats-Unis\u00a0:<\/strong><br \/>\nVeuillez noter que l\u2019ancienne franchise pour les livraisons inf\u00e9rieures \u00e0 <strong>800\u00a0USD<\/strong> ne s\u2019applique plus. <strong>Depuis le 29\u00a0ao\u00fbt\u00a02025<\/strong>, tous les envois internationaux vers les \u00c9tats-Unis peuvent \u00eatre soumis \u00e0 des droits et taxes, <em>quel que soit<\/em> la valeur des biens ou le pays d\u2019origine.<br \/>\nPour des informations \u00e0 jour, consultez l\u2019organisme <em>U.S. Customs and Border Protection (CBP)<\/em> ou votre bureau de poste\/service d\u2019exp\u00e9dition local.<\/p>\n<p><strong>Autres pays\u00a0:<\/strong><br \/>\nRenseignez-vous aupr\u00e8s de votre administration douani\u00e8re locale concernant les frais \u00e9ventuels, taxes d\u2019importation ou interdictions d\u2019importation. Ces montants ne sont pas per\u00e7us par nous et ne sont pas inclus dans le prix d\u2019achat.<\/p>\n<p>Nous n\u2019assumons aucune responsabilit\u00e9 pour d\u2019\u00e9ventuels frais suppl\u00e9mentaires, retards ou co\u00fbts li\u00e9s au d\u00e9douanement ou aux frais de courtage.<\/p>\n<p><strong>Important\u00a0:<\/strong> Si une livraison n\u2019est pas accept\u00e9e ou retir\u00e9e, tous les <strong>frais de retour<\/strong> ainsi que les \u00e9ventuels frais associ\u00e9s sont \u00e0 la charge de l\u2019acheteur. Ces montants seront d\u00e9duits de tout remboursement.<\/p>\n<\/section>\n","protected":false},"excerpt":{"rendered":"<p>Allemagne Nous exp\u00e9dions gratuitement en Allemagne via DHL pour toute commande sup\u00e9rieure \u00e0 50\u00a0\u20ac. Le d\u00e9lai de livraison est de 3 \u00e0 4 jours ouvrables, traitement et transport DHL inclus. Union europ\u00e9enne L\u2019exp\u00e9dition au sein de l\u2019UE est assur\u00e9e par DHL. Les frais d\u2019envoi sont calcul\u00e9s automatiquement au panier selon votre localisation. Exemple : Livraison [&hellip;]<\/p>\n","protected":false},"author":1300,"featured_media":0,"parent":0,"menu_order":0,"comment_status":"closed","ping_status":"closed","template":"page-wrapper.php","meta":{"_acf_changed":false,"footnotes":""},"class_list":["post-50349","page","type-page","status-publish","hentry"],"acf":[],"yoast_head":"<!-- This site is optimized with the Yoast SEO plugin v27.3 - https:\/\/yoast.com\/product\/yoast-seo-wordpress\/ -->\n<title>Exp\u00e9dition &amp; Livraison - Jim Green<\/title>\n<meta name=\"robots\" content=\"index, follow, max-snippet:-1, max-image-preview:large, max-video-preview:-1\" \/>\n<link rel=\"canonical\" href=\"https:\/\/jimgreenfootwear.eu\/fr\/shipping\/\" \/>\n<meta property=\"og:locale\" content=\"fr_FR\" \/>\n<meta property=\"og:type\" content=\"article\" \/>\n<meta property=\"og:title\" content=\"Exp\u00e9dition &amp; Livraison - Jim Green\" \/>\n<meta property=\"og:description\" content=\"Allemagne Nous exp\u00e9dions gratuitement en Allemagne via DHL pour toute commande sup\u00e9rieure \u00e0 50\u00a0\u20ac. Le d\u00e9lai de livraison est de 3 \u00e0 4 jours ouvrables, traitement et transport DHL inclus. Union europ\u00e9enne L\u2019exp\u00e9dition au sein de l\u2019UE est assur\u00e9e par DHL. Les frais d\u2019envoi sont calcul\u00e9s automatiquement au panier selon votre localisation. Exemple : Livraison [&hellip;]\" \/>\n<meta property=\"og:url\" content=\"https:\/\/jimgreenfootwear.eu\/fr\/shipping\/\" \/>\n<meta property=\"og:site_name\" content=\"Jim Green\" \/>\n<meta property=\"article:publisher\" content=\"https:\/\/www.facebook.com\/jimgreenfootwear\/\" \/>\n<meta property=\"article:modified_time\" content=\"2025-12-01T20:08:24+00:00\" \/>\n<meta name=\"twitter:card\" content=\"summary_large_image\" \/>\n<meta name=\"twitter:site\" content=\"@jimgreenfw\" \/>\n<meta name=\"twitter:label1\" content=\"Dur\u00e9e de lecture estim\u00e9e\" \/>\n\t<meta name=\"twitter:data1\" content=\"2 minutes\" \/>\n<script type=\"application\/ld+json\" class=\"yoast-schema-graph\">{\"@context\":\"https:\\\/\\\/schema.org\",\"@graph\":[{\"@type\":\"WebPage\",\"@id\":\"https:\\\/\\\/jimgreenfootwear.eu\\\/fr\\\/shipping\\\/\",\"url\":\"https:\\\/\\\/jimgreenfootwear.eu\\\/fr\\\/shipping\\\/\",\"name\":\"Exp\u00e9dition & Livraison - Jim Green\",\"isPartOf\":{\"@id\":\"https:\\\/\\\/jimgreenfootwear.eu\\\/#website\"},\"datePublished\":\"2025-04-13T19:35:58+00:00\",\"dateModified\":\"2025-12-01T20:08:24+00:00\",\"breadcrumb\":{\"@id\":\"https:\\\/\\\/jimgreenfootwear.eu\\\/fr\\\/shipping\\\/#breadcrumb\"},\"inLanguage\":\"fr-FR\",\"potentialAction\":[{\"@type\":\"ReadAction\",\"target\":[\"https:\\\/\\\/jimgreenfootwear.eu\\\/fr\\\/shipping\\\/\"]}]},{\"@type\":\"BreadcrumbList\",\"@id\":\"https:\\\/\\\/jimgreenfootwear.eu\\\/fr\\\/shipping\\\/#breadcrumb\",\"itemListElement\":[{\"@type\":\"ListItem\",\"position\":1,\"name\":\"Home\",\"item\":\"https:\\\/\\\/jimgreenfootwear.eu\\\/fr\\\/\"},{\"@type\":\"ListItem\",\"position\":2,\"name\":\"Exp\u00e9dition &#038; Livraison\"}]},{\"@type\":\"WebSite\",\"@id\":\"https:\\\/\\\/jimgreenfootwear.eu\\\/#website\",\"url\":\"https:\\\/\\\/jimgreenfootwear.eu\\\/\",\"name\":\"Jim Green\",\"description\":\"Footwear EU - Quality Hiking &amp; Safety Boots\",\"publisher\":{\"@id\":\"https:\\\/\\\/jimgreenfootwear.eu\\\/#organization\"},\"potentialAction\":[{\"@type\":\"SearchAction\",\"target\":{\"@type\":\"EntryPoint\",\"urlTemplate\":\"https:\\\/\\\/jimgreenfootwear.eu\\\/?s={search_term_string}\"},\"query-input\":{\"@type\":\"PropertyValueSpecification\",\"valueRequired\":true,\"valueName\":\"search_term_string\"}}],\"inLanguage\":\"fr-FR\"},{\"@type\":\"Organization\",\"@id\":\"https:\\\/\\\/jimgreenfootwear.eu\\\/#organization\",\"name\":\"Jim Green Footwear\",\"alternateName\":\"Jim Green\",\"url\":\"https:\\\/\\\/jimgreenfootwear.eu\\\/\",\"logo\":{\"@type\":\"ImageObject\",\"inLanguage\":\"fr-FR\",\"@id\":\"https:\\\/\\\/jimgreenfootwear.eu\\\/#\\\/schema\\\/logo\\\/image\\\/\",\"url\":\"https:\\\/\\\/jimgreenfootwear.eu\\\/wp-content\\\/uploads\\\/2023\\\/11\\\/Jim-Green-4-copy@4x.png\",\"contentUrl\":\"https:\\\/\\\/jimgreenfootwear.eu\\\/wp-content\\\/uploads\\\/2023\\\/11\\\/Jim-Green-4-copy@4x.png\",\"width\":1940,\"height\":1940,\"caption\":\"Jim Green Footwear\"},\"image\":{\"@id\":\"https:\\\/\\\/jimgreenfootwear.eu\\\/#\\\/schema\\\/logo\\\/image\\\/\"},\"sameAs\":[\"https:\\\/\\\/www.facebook.com\\\/jimgreenfootwear\\\/\",\"https:\\\/\\\/x.com\\\/jimgreenfw\",\"https:\\\/\\\/www.instagram.com\\\/jimgreenfootwear\\\/\"]}]}<\/script>\n<!-- \/ Yoast SEO plugin. -->","yoast_head_json":{"title":"Exp\u00e9dition & Livraison - Jim Green","robots":{"index":"index","follow":"follow","max-snippet":"max-snippet:-1","max-image-preview":"max-image-preview:large","max-video-preview":"max-video-preview:-1"},"canonical":"https:\/\/jimgreenfootwear.eu\/fr\/shipping\/","og_locale":"fr_FR","og_type":"article","og_title":"Exp\u00e9dition & Livraison - Jim Green","og_description":"Allemagne Nous exp\u00e9dions gratuitement en Allemagne via DHL pour toute commande sup\u00e9rieure \u00e0 50\u00a0\u20ac. Le d\u00e9lai de livraison est de 3 \u00e0 4 jours ouvrables, traitement et transport DHL inclus. Union europ\u00e9enne L\u2019exp\u00e9dition au sein de l\u2019UE est assur\u00e9e par DHL. Les frais d\u2019envoi sont calcul\u00e9s automatiquement au panier selon votre localisation. Exemple : Livraison [&hellip;]","og_url":"https:\/\/jimgreenfootwear.eu\/fr\/shipping\/","og_site_name":"Jim Green","article_publisher":"https:\/\/www.facebook.com\/jimgreenfootwear\/","article_modified_time":"2025-12-01T20:08:24+00:00","twitter_card":"summary_large_image","twitter_site":"@jimgreenfw","twitter_misc":{"Dur\u00e9e de lecture estim\u00e9e":"2 minutes"},"schema":{"@context":"https:\/\/schema.org","@graph":[{"@type":"WebPage","@id":"https:\/\/jimgreenfootwear.eu\/fr\/shipping\/","url":"https:\/\/jimgreenfootwear.eu\/fr\/shipping\/","name":"Exp\u00e9dition & Livraison - Jim Green","isPartOf":{"@id":"https:\/\/jimgreenfootwear.eu\/#website"},"datePublished":"2025-04-13T19:35:58+00:00","dateModified":"2025-12-01T20:08:24+00:00","breadcrumb":{"@id":"https:\/\/jimgreenfootwear.eu\/fr\/shipping\/#breadcrumb"},"inLanguage":"fr-FR","potentialAction":[{"@type":"ReadAction","target":["https:\/\/jimgreenfootwear.eu\/fr\/shipping\/"]}]},{"@type":"BreadcrumbList","@id":"https:\/\/jimgreenfootwear.eu\/fr\/shipping\/#breadcrumb","itemListElement":[{"@type":"ListItem","position":1,"name":"Home","item":"https:\/\/jimgreenfootwear.eu\/fr\/"},{"@type":"ListItem","position":2,"name":"Exp\u00e9dition &#038; Livraison"}]},{"@type":"WebSite","@id":"https:\/\/jimgreenfootwear.eu\/#website","url":"https:\/\/jimgreenfootwear.eu\/","name":"Jim Green","description":"Footwear EU - Quality Hiking &amp; Safety Boots","publisher":{"@id":"https:\/\/jimgreenfootwear.eu\/#organization"},"potentialAction":[{"@type":"SearchAction","target":{"@type":"EntryPoint","urlTemplate":"https:\/\/jimgreenfootwear.eu\/?s={search_term_string}"},"query-input":{"@type":"PropertyValueSpecification","valueRequired":true,"valueName":"search_term_string"}}],"inLanguage":"fr-FR"},{"@type":"Organization","@id":"https:\/\/jimgreenfootwear.eu\/#organization","name":"Jim Green Footwear","alternateName":"Jim Green","url":"https:\/\/jimgreenfootwear.eu\/","logo":{"@type":"ImageObject","inLanguage":"fr-FR","@id":"https:\/\/jimgreenfootwear.eu\/#\/schema\/logo\/image\/","url":"https:\/\/jimgreenfootwear.eu\/wp-content\/uploads\/2023\/11\/Jim-Green-4-copy@4x.png","contentUrl":"https:\/\/jimgreenfootwear.eu\/wp-content\/uploads\/2023\/11\/Jim-Green-4-copy@4x.png","width":1940,"height":1940,"caption":"Jim Green Footwear"},"image":{"@id":"https:\/\/jimgreenfootwear.eu\/#\/schema\/logo\/image\/"},"sameAs":["https:\/\/www.facebook.com\/jimgreenfootwear\/","https:\/\/x.com\/jimgreenfw","https:\/\/www.instagram.com\/jimgreenfootwear\/"]}]}},"_links":{"self":[{"href":"https:\/\/jimgreenfootwear.eu\/fr\/wp-json\/wp\/v2\/pages\/50349","targetHints":{"allow":["GET"]}}],"collection":[{"href":"https:\/\/jimgreenfootwear.eu\/fr\/wp-json\/wp\/v2\/pages"}],"about":[{"href":"https:\/\/jimgreenfootwear.eu\/fr\/wp-json\/wp\/v2\/types\/page"}],"author":[{"embeddable":true,"href":"https:\/\/jimgreenfootwear.eu\/fr\/wp-json\/wp\/v2\/users\/1300"}],"replies":[{"embeddable":true,"href":"https:\/\/jimgreenfootwear.eu\/fr\/wp-json\/wp\/v2\/comments?post=50349"}],"version-history":[{"count":9,"href":"https:\/\/jimgreenfootwear.eu\/fr\/wp-json\/wp\/v2\/pages\/50349\/revisions"}],"predecessor-version":[{"id":57979,"href":"https:\/\/jimgreenfootwear.eu\/fr\/wp-json\/wp\/v2\/pages\/50349\/revisions\/57979"}],"wp:attachment":[{"href":"https:\/\/jimgreenfootwear.eu\/fr\/wp-json\/wp\/v2\/media?parent=50349"}],"curies":[{"name":"wp","href":"https:\/\/api.w.org\/{rel}","templated":true}]}}