{"id":50004,"date":"2025-04-09T17:02:34","date_gmt":"2025-04-09T15:02:34","guid":{"rendered":"https:\/\/jimgreenfootwear.eu\/store\/719-rust-veg-tan-c\/"},"modified":"2026-02-10T13:24:57","modified_gmt":"2026-02-10T11:24:57","slug":"719-rust-veg-tan-c","status":"publish","type":"product","link":"https:\/\/jimgreenfootwear.eu\/fr\/store\/719-rust-veg-tan-c\/","title":{"rendered":"719 &#8211; Rust Veg Tan"},"content":{"rendered":"<div class=\"wpb-content-wrapper\"><p>[vc_row css=&#8221;.vc_custom_1738941992903{padding-right: 15px !important;padding-bottom: 30px !important;padding-left: 15px !important;}&#8221;][vc_column width=&#8221;5\/6&#8243; css=&#8221;.vc_custom_padding_settings&#8221;][vc_column_text css=&#8221;&#8221;]<\/p>\n<h3><span style=\"font-size: 24pt;\">La 719 : classique et intemporelle au style heritage<\/span><\/h3>\n<p>[\/vc_column_text][\/vc_column][\/vc_row][vc_row css=&#8221;.vc_custom_padding_settings{padding-right: 15px !important; padding-left: 15px !important; padding-bottom: 20px !important;}&#8221;][vc_column width=&#8221;1\/2&#8243; el_class=&#8221;description&#8221; css=&#8221;.vc_custom_1738941875378{padding-bottom: 20px !important;}&#8221;][vc_column_text css=&#8221;&#8221;]<\/p>\n<div class=\"section-element vc_custom_1727037243659\">\n<div class=\"row\">\n<div class=\"large-10 vc_custom_1727037261507 nasa-col columns\">\n<div class=\"wpb_text_column wpb_content_element\">\n<p><span style=\"font-size: 14pt;\"><span style=\"font-family: nathan-serif;\">La <\/span>719 Boot<span style=\"font-family: nathan-serif;\"> est le fruit d\u2019une collaboration et d\u2019une amiti\u00e9 particuli\u00e8res entre <\/span>Jim Green Footwear<span style=\"font-family: nathan-serif;\"> et <\/span>Carl Murawski<span style=\"font-family: nathan-serif;\">, alliant artisanat traditionnel et style classique intemporel.<\/span><\/span><\/div>\n<\/div>\n<\/div>\n<\/div>\n<div class=\"section-element vc_custom_1727037558482\">\n<div class=\"row\">\n<div class=\"large-6 vc_custom_1727037575311 nasa-col columns\">\n<div class=\"wpb_text_column wpb_content_element\">\n<p data-start=\"3833\" data-end=\"4171\"><span style=\"font-size: 14pt; font-family: nathan-serif;\">Carl fut l\u2019un des tout premiers aux \u00c9tats-Unis \u00e0 d\u00e9couvrir la qualit\u00e9 des bottes Jim Green, et il en est depuis un fid\u00e8le admirateur et ami.<\/span><\/p>\n<p data-start=\"4173\" data-end=\"4413\"><span style=\"font-size: 14pt; font-family: nathan-serif;\">Le style Jim Green a toujours eu une touche diff\u00e9rente, et apr\u00e8s quelques bons moments pass\u00e9s ensemble, il nous a sembl\u00e9 naturel d\u2019unir l\u2019amour de Carl pour une botte traditionnelle et \u00e9l\u00e9gante \u00e0 la qualit\u00e9 et \u00e0 l\u2019histoire de Jim Green.<\/span><\/p>\n<p data-start=\"4415\" data-end=\"4994\"><span style=\"font-size: 14pt; font-family: nathan-serif;\">La 719 incarne tout ce qui fait des bottes 6 pouces en cuir un \u00e9l\u00e9ment essentiel de toute collection de chaussures. Con\u00e7ue pour offrir durabilit\u00e9, fonctionnalit\u00e9 et style classique, elle perp\u00e9tue la tradition des \u00ab service boots \u00bb : une botte robuste et polyvalente, adapt\u00e9e \u00e0 toutes les occasions.<\/span><br data-start=\"4721\" data-end=\"4724\" \/><span style=\"font-size: 14pt; font-family: nathan-serif;\">Son cuir pleine fleur, sa construction cousue 360\u00b0 Stitch Down, sa semelle interm\u00e9diaire en cuir et sa semelle ext\u00e9rieure en caoutchouc v\u00e9ritable garantissent confort et performance durables, tant en usage quotidien que dans les environnements exigeants.<\/span><\/p>\n<p data-start=\"4996\" data-end=\"5738\"><span style=\"font-size: 14pt; font-family: nathan-serif;\">Les caract\u00e9ristiques suppl\u00e9mentaires comprennent un v\u00e9ritable bout rapport\u00e9, des \u0153illets en acier rev\u00eatus de laiton, une cambrure en acier, ainsi que des tiges en cuir renforc\u00e9es et cousues.<\/span><br data-start=\"5202\" data-end=\"5205\" \/><span style=\"font-size: 14pt; font-family: nathan-serif;\">Elle associe une esth\u00e9tique traditionnelle \u00e0 la qualit\u00e9 sans compromis qui fait la renomm\u00e9e de Jim Green Footwear.<\/span><br data-start=\"5323\" data-end=\"5326\" \/><span style=\"font-size: 14pt; font-family: nathan-serif;\">Cette collaboration ne se contente pas d\u2019honorer la riche tradition des bottes de service : elle la red\u00e9finit avec la fiabilit\u00e9 et le savoir-faire que Carl Murawski d\u00e9fend, tout en restant propos\u00e9e \u00e0 un prix remarquable.<\/span><br data-start=\"5550\" data-end=\"5553\" \/><span style=\"font-size: 14pt; font-family: nathan-serif;\">Que vous affrontiez la nature ou que vous rehaussiez votre style au quotidien, la 719 est plus qu\u2019une simple botte : c\u2019est une d\u00e9claration de qualit\u00e9 et de d\u00e9vouement \u00e0 l\u2019artisanat.<\/span><\/p>\n<\/div>\n<\/div>\n<\/div>\n<\/div>\n<p>[\/vc_column_text][\/vc_column][vc_column width=&#8221;1\/2&#8243; el_class=&#8221;features&#8221; css=&#8221;.vc_custom_padding_settings{padding-right: 15px !important; padding-left: 15px !important;}&#8221;][vc_column_text css=&#8221;&#8221;]<\/p>\n<ul>\n<li data-start=\"5742\" data-end=\"5856\"><span style=\"font-size: 14pt; font-family: nathan-serif;\">Fabriqu\u00e9e avec double couche de cuir (Cuir tann\u00e9 v\u00e9g\u00e9tal de 2,2 mm, doubl\u00e9 de cuir de veau de 1,6 mm).<\/span><\/li>\n<li data-start=\"5859\" data-end=\"5955\"><span style=\"font-size: 14pt; font-family: nathan-serif;\">La double couche de cuir am\u00e9liore les propri\u00e9t\u00e9s hydrofuges de la botte (non imperm\u00e9able).<\/span><\/li>\n<li data-start=\"5958\" data-end=\"5987\"><span style=\"font-size: 14pt; font-family: nathan-serif;\">V\u00e9ritable bout en cuir.<\/span><\/li>\n<li data-start=\"5990\" data-end=\"6089\"><span style=\"font-size: 14pt; font-family: nathan-serif;\">Gr\u00e2ce \u00e0 sa double \u00e9paisseur, la 719 est con\u00e7ue pour durer \u2013 id\u00e9ale pour toutes les occasions.<\/span><\/li>\n<li data-start=\"6092\" data-end=\"6165\"><span style=\"font-size: 14pt; font-family: nathan-serif;\">Hauteur 6 pouces pour un excellent maintien, confort et protection.<\/span><\/li>\n<li data-start=\"6168\" data-end=\"6241\"><span style=\"font-size: 14pt; font-family: nathan-serif;\">Renforts thermoplastiques au bout et au talon pour plus de soutien.<\/span><\/li>\n<li data-start=\"6244\" data-end=\"6344\"><span style=\"font-size: 14pt; font-family: nathan-serif;\">Une cambrure en acier entre la premi\u00e8re de montage et la semelle assure stabilit\u00e9 et maintien.<\/span><\/li>\n<li data-start=\"6347\" data-end=\"6382\"><span style=\"font-size: 14pt; font-family: nathan-serif;\">Soufflet enti\u00e8rement int\u00e9gr\u00e9.<\/span><\/li>\n<li data-start=\"6385\" data-end=\"6496\"><span style=\"font-size: 14pt; font-family: nathan-serif;\">Semelle interm\u00e9diaire en cuir 5 mm et premi\u00e8re de montage 3 mm pour plus de confort et de durabilit\u00e9.<\/span><\/li>\n<li data-start=\"6499\" data-end=\"6548\"><span style=\"font-size: 14pt; font-family: nathan-serif;\">Semelle ext\u00e9rieure en caoutchouc v\u00e9ritable.<\/span><\/li>\n<li data-start=\"6551\" data-end=\"6695\"><span style=\"font-size: 14pt; font-family: nathan-serif;\">La semelle interm\u00e9diaire en cuir est fix\u00e9e \u00e0 la tige par une double couture p\u00e9riph\u00e9rique \u00e0 360\u00b0 avec un fil de nylon tress\u00e9 de 2,2 mm.<\/span><\/li>\n<li data-start=\"6698\" data-end=\"6802\"><span style=\"font-size: 14pt; font-family: nathan-serif;\">Comme toutes nos bottes, celle-ci peut \u00eatre ressemel\u00e9e gr\u00e2ce \u00e0 sa construction double Stitch Down.<\/span><\/li>\n<li data-start=\"6805\" data-end=\"6870\"><span style=\"font-size: 14pt; font-family: nathan-serif;\"><strong><span style=\"text-decoration: underline;\">Formes ASHM<\/span><\/strong> \u2013 Ces formes semblent \u00e9troites, mais offrent n\u00e9anmoins la largeur D traditionnelle avec une pointe l\u00e9g\u00e8rement effil\u00e9e (pour les pieds larges ou les chaussettes \u00e9paisses, nous vous recommandons de choisir une demi-pointure au-dessus de votre pointure Jim Green habituelle).<\/span><\/li>\n<li data-start=\"6805\" data-end=\"6870\"><span style=\"font-size: 14pt; font-family: nathan-serif;\"><strong><span style=\"text-decoration: underline;\">Semelle : FG<\/span><\/strong><\/span><\/li>\n<li data-start=\"7052\" data-end=\"7074\"><span style=\"font-size: 14pt; font-family: nathan-serif;\">Lacets : 150 cm.<\/span><\/li>\n<li data-start=\"7077\" data-end=\"7115\"><span style=\"font-size: 14pt; font-family: nathan-serif;\">Poids : 1,5 kg (pointure 08).<\/span><\/li>\n<li data-start=\"7118\" data-end=\"7156\"><span style=\"font-size: 14pt; font-family: nathan-serif;\">100 % fabriqu\u00e9e en Afrique du Sud.<\/span><\/li>\n<\/ul>\n<p>[\/vc_column_text][\/vc_column][\/vc_row]<\/p>\n<\/div>","protected":false},"excerpt":{"rendered":"<p>[vc_row css=&#8221;.vc_custom_1738941992903{padding-right: 15px !important;padding-bottom: 30px !important;padding-left: 15px !important;}&#8221;][vc_column width=&#8221;5\/6&#8243; css=&#8221;.vc_custom_padding_settings&#8221;][vc_column_text css=&#8221;&#8221;] La 719 : classique et intemporelle au style heritage [\/vc_column_text][\/vc_column][\/vc_row][vc_row css=&#8221;.vc_custom_padding_settings{padding-right: 15px !important; padding-left: 15px !important; padding-bottom: 20px !important;}&#8221;][vc_column width=&#8221;1\/2&#8243; el_class=&#8221;description&#8221; css=&#8221;.vc_custom_1738941875378{padding-bottom: 20px !important;}&#8221;][vc_column_text css=&#8221;&#8221;] La 719 Boot est le fruit d\u2019une collaboration et d\u2019une amiti\u00e9 particuli\u00e8res entre Jim Green Footwear et Carl Murawski, [&hellip;]<\/p>\n","protected":false},"featured_media":49766,"comment_status":"open","ping_status":"closed","template":"","meta":{"_acf_changed":false},"product_brand":[],"product_cat":[604,352,336,334],"product_tag":[391],"class_list":{"0":"post-50004","1":"product","2":"type-product","3":"status-publish","4":"has-post-thumbnail","6":"product_cat-719-fr","7":"product_cat-premium-fr","8":"product_cat-hiking-adventure-fr","9":"product_cat-all-fr","10":"product_tag-premium-fr-2","11":"product_shipping_class-boots","12":"tm-has-options","14":"first","15":"outofstock","16":"taxable","17":"shipping-taxable","18":"purchasable","19":"product-type-variable"},"group_of_quantity":0,"min_quantity":0,"max_quantity":"","exclude_order_quantity_value_rules":"no","exclude_category_quantity_rules":"no","combine_variations":"no","acf":[],"yoast_head":"<!-- This site is optimized with the Yoast SEO plugin v27.3 - https:\/\/yoast.com\/product\/yoast-seo-wordpress\/ -->\n<title>719 - Rust Veg Tan - Jim Green<\/title>\n<meta name=\"robots\" content=\"index, follow, max-snippet:-1, max-image-preview:large, max-video-preview:-1\" \/>\n<link rel=\"canonical\" href=\"https:\/\/jimgreenfootwear.eu\/fr\/store\/719-rust-veg-tan-c\/\" \/>\n<meta property=\"og:locale\" content=\"fr_FR\" \/>\n<meta property=\"og:type\" content=\"article\" \/>\n<meta property=\"og:title\" content=\"719 - Rust Veg Tan - Jim Green\" \/>\n<meta property=\"og:description\" content=\"[vc_row css=&#8221;.vc_custom_1738941992903{padding-right: 15px !important;padding-bottom: 30px !important;padding-left: 15px !important;}&#8221;][vc_column width=&#8221;5\/6&#8243; css=&#8221;.vc_custom_padding_settings&#8221;][vc_column_text css=&#8221;&#8221;] La 719 : classique et intemporelle au style heritage [\/vc_column_text][\/vc_column][\/vc_row][vc_row css=&#8221;.vc_custom_padding_settings{padding-right: 15px !important; padding-left: 15px !important; padding-bottom: 20px !important;}&#8221;][vc_column width=&#8221;1\/2&#8243; el_class=&#8221;description&#8221; css=&#8221;.vc_custom_1738941875378{padding-bottom: 20px !important;}&#8221;][vc_column_text css=&#8221;&#8221;] La 719 Boot est le fruit d\u2019une collaboration et d\u2019une amiti\u00e9 particuli\u00e8res entre Jim Green Footwear et Carl Murawski, [&hellip;]\" \/>\n<meta property=\"og:url\" content=\"https:\/\/jimgreenfootwear.eu\/fr\/store\/719-rust-veg-tan-c\/\" \/>\n<meta property=\"og:site_name\" content=\"Jim Green\" \/>\n<meta property=\"article:publisher\" content=\"https:\/\/www.facebook.com\/jimgreenfootwear\/\" \/>\n<meta property=\"article:modified_time\" content=\"2026-02-10T11:24:57+00:00\" \/>\n<meta property=\"og:image\" content=\"https:\/\/jimgreenfootwear.eu\/wp-content\/uploads\/2024\/12\/CM719_VTR_FG_1-scaled.jpg\" \/>\n\t<meta property=\"og:image:width\" content=\"2560\" \/>\n\t<meta property=\"og:image:height\" content=\"2560\" \/>\n\t<meta property=\"og:image:type\" content=\"image\/jpeg\" \/>\n<meta name=\"twitter:card\" content=\"summary_large_image\" \/>\n<meta name=\"twitter:site\" content=\"@jimgreenfw\" \/>\n<meta name=\"twitter:label1\" content=\"Disponibilit\u00e9\" \/>\n\t<meta name=\"twitter:data1\" content=\"Rupture de stock\" \/>\n<script type=\"application\/ld+json\" class=\"yoast-schema-graph\">{\"@context\":\"https:\\\/\\\/schema.org\",\"@graph\":[{\"@type\":\"WebPage\",\"@id\":\"https:\\\/\\\/jimgreenfootwear.eu\\\/fr\\\/store\\\/719-rust-veg-tan-c\\\/\",\"url\":\"https:\\\/\\\/jimgreenfootwear.eu\\\/fr\\\/store\\\/719-rust-veg-tan-c\\\/\",\"name\":\"719 - Rust Veg Tan - Jim Green\",\"isPartOf\":{\"@id\":\"https:\\\/\\\/jimgreenfootwear.eu\\\/#website\"},\"primaryImageOfPage\":{\"@id\":\"https:\\\/\\\/jimgreenfootwear.eu\\\/fr\\\/store\\\/719-rust-veg-tan-c\\\/#primaryimage\"},\"image\":{\"@id\":\"https:\\\/\\\/jimgreenfootwear.eu\\\/fr\\\/store\\\/719-rust-veg-tan-c\\\/#primaryimage\"},\"thumbnailUrl\":\"https:\\\/\\\/jimgreenfootwear.eu\\\/wp-content\\\/uploads\\\/2024\\\/12\\\/CM719_VTR_FG_1-scaled.jpg\",\"datePublished\":\"2025-04-09T15:02:34+00:00\",\"dateModified\":\"2026-02-10T11:24:57+00:00\",\"breadcrumb\":{\"@id\":\"https:\\\/\\\/jimgreenfootwear.eu\\\/fr\\\/store\\\/719-rust-veg-tan-c\\\/#breadcrumb\"},\"inLanguage\":\"fr-FR\",\"potentialAction\":[{\"@type\":\"ReadAction\",\"target\":[\"https:\\\/\\\/jimgreenfootwear.eu\\\/fr\\\/store\\\/719-rust-veg-tan-c\\\/\"]}]},{\"@type\":\"ImageObject\",\"inLanguage\":\"fr-FR\",\"@id\":\"https:\\\/\\\/jimgreenfootwear.eu\\\/fr\\\/store\\\/719-rust-veg-tan-c\\\/#primaryimage\",\"url\":\"https:\\\/\\\/jimgreenfootwear.eu\\\/wp-content\\\/uploads\\\/2024\\\/12\\\/CM719_VTR_FG_1-scaled.jpg\",\"contentUrl\":\"https:\\\/\\\/jimgreenfootwear.eu\\\/wp-content\\\/uploads\\\/2024\\\/12\\\/CM719_VTR_FG_1-scaled.jpg\",\"width\":2560,\"height\":2560},{\"@type\":\"BreadcrumbList\",\"@id\":\"https:\\\/\\\/jimgreenfootwear.eu\\\/fr\\\/store\\\/719-rust-veg-tan-c\\\/#breadcrumb\",\"itemListElement\":[{\"@type\":\"ListItem\",\"position\":1,\"name\":\"Home\",\"item\":\"https:\\\/\\\/jimgreenfootwear.eu\\\/fr\\\/\"},{\"@type\":\"ListItem\",\"position\":2,\"name\":\"Boutique\",\"item\":\"https:\\\/\\\/jimgreenfootwear.eu\\\/fr\\\/boutique\\\/\"},{\"@type\":\"ListItem\",\"position\":3,\"name\":\"719 &#8211; Rust Veg Tan\"}]},{\"@type\":\"WebSite\",\"@id\":\"https:\\\/\\\/jimgreenfootwear.eu\\\/#website\",\"url\":\"https:\\\/\\\/jimgreenfootwear.eu\\\/\",\"name\":\"Jim Green\",\"description\":\"Footwear EU - Quality Hiking &amp; Safety Boots\",\"publisher\":{\"@id\":\"https:\\\/\\\/jimgreenfootwear.eu\\\/#organization\"},\"potentialAction\":[{\"@type\":\"SearchAction\",\"target\":{\"@type\":\"EntryPoint\",\"urlTemplate\":\"https:\\\/\\\/jimgreenfootwear.eu\\\/?s={search_term_string}\"},\"query-input\":{\"@type\":\"PropertyValueSpecification\",\"valueRequired\":true,\"valueName\":\"search_term_string\"}}],\"inLanguage\":\"fr-FR\"},{\"@type\":\"Organization\",\"@id\":\"https:\\\/\\\/jimgreenfootwear.eu\\\/#organization\",\"name\":\"Jim Green Footwear\",\"alternateName\":\"Jim Green\",\"url\":\"https:\\\/\\\/jimgreenfootwear.eu\\\/\",\"logo\":{\"@type\":\"ImageObject\",\"inLanguage\":\"fr-FR\",\"@id\":\"https:\\\/\\\/jimgreenfootwear.eu\\\/#\\\/schema\\\/logo\\\/image\\\/\",\"url\":\"https:\\\/\\\/jimgreenfootwear.eu\\\/wp-content\\\/uploads\\\/2023\\\/11\\\/Jim-Green-4-copy@4x.png\",\"contentUrl\":\"https:\\\/\\\/jimgreenfootwear.eu\\\/wp-content\\\/uploads\\\/2023\\\/11\\\/Jim-Green-4-copy@4x.png\",\"width\":1940,\"height\":1940,\"caption\":\"Jim Green Footwear\"},\"image\":{\"@id\":\"https:\\\/\\\/jimgreenfootwear.eu\\\/#\\\/schema\\\/logo\\\/image\\\/\"},\"sameAs\":[\"https:\\\/\\\/www.facebook.com\\\/jimgreenfootwear\\\/\",\"https:\\\/\\\/x.com\\\/jimgreenfw\",\"https:\\\/\\\/www.instagram.com\\\/jimgreenfootwear\\\/\"]}]}<\/script>\n<meta property=\"og:availability\" content=\"out of stock\" \/>\n<meta property=\"product:availability\" content=\"out of stock\" \/>\n<meta property=\"product:retailer_item_id\" content=\"719_VTR_FG\" \/>\n<meta property=\"product:condition\" content=\"new\" \/>\n<!-- \/ Yoast SEO plugin. -->","yoast_head_json":{"title":"719 - Rust Veg Tan - Jim Green","robots":{"index":"index","follow":"follow","max-snippet":"max-snippet:-1","max-image-preview":"max-image-preview:large","max-video-preview":"max-video-preview:-1"},"canonical":"https:\/\/jimgreenfootwear.eu\/fr\/store\/719-rust-veg-tan-c\/","og_locale":"fr_FR","og_type":"article","og_title":"719 - Rust Veg Tan - Jim Green","og_description":"[vc_row css=&#8221;.vc_custom_1738941992903{padding-right: 15px !important;padding-bottom: 30px !important;padding-left: 15px !important;}&#8221;][vc_column width=&#8221;5\/6&#8243; css=&#8221;.vc_custom_padding_settings&#8221;][vc_column_text css=&#8221;&#8221;] La 719 : classique et intemporelle au style heritage [\/vc_column_text][\/vc_column][\/vc_row][vc_row css=&#8221;.vc_custom_padding_settings{padding-right: 15px !important; padding-left: 15px !important; padding-bottom: 20px !important;}&#8221;][vc_column width=&#8221;1\/2&#8243; el_class=&#8221;description&#8221; css=&#8221;.vc_custom_1738941875378{padding-bottom: 20px !important;}&#8221;][vc_column_text css=&#8221;&#8221;] La 719 Boot est le fruit d\u2019une collaboration et d\u2019une amiti\u00e9 particuli\u00e8res entre Jim Green Footwear et Carl Murawski, [&hellip;]","og_url":"https:\/\/jimgreenfootwear.eu\/fr\/store\/719-rust-veg-tan-c\/","og_site_name":"Jim Green","article_publisher":"https:\/\/www.facebook.com\/jimgreenfootwear\/","article_modified_time":"2026-02-10T11:24:57+00:00","og_image":[{"width":2560,"height":2560,"url":"https:\/\/jimgreenfootwear.eu\/wp-content\/uploads\/2024\/12\/CM719_VTR_FG_1-scaled.jpg","type":"image\/jpeg"}],"twitter_card":"summary_large_image","twitter_site":"@jimgreenfw","twitter_misc":{"Disponibilit\u00e9":"Rupture de stock"},"schema":{"@context":"https:\/\/schema.org","@graph":[{"@type":"WebPage","@id":"https:\/\/jimgreenfootwear.eu\/fr\/store\/719-rust-veg-tan-c\/","url":"https:\/\/jimgreenfootwear.eu\/fr\/store\/719-rust-veg-tan-c\/","name":"719 - Rust Veg Tan - Jim Green","isPartOf":{"@id":"https:\/\/jimgreenfootwear.eu\/#website"},"primaryImageOfPage":{"@id":"https:\/\/jimgreenfootwear.eu\/fr\/store\/719-rust-veg-tan-c\/#primaryimage"},"image":{"@id":"https:\/\/jimgreenfootwear.eu\/fr\/store\/719-rust-veg-tan-c\/#primaryimage"},"thumbnailUrl":"https:\/\/jimgreenfootwear.eu\/wp-content\/uploads\/2024\/12\/CM719_VTR_FG_1-scaled.jpg","datePublished":"2025-04-09T15:02:34+00:00","dateModified":"2026-02-10T11:24:57+00:00","breadcrumb":{"@id":"https:\/\/jimgreenfootwear.eu\/fr\/store\/719-rust-veg-tan-c\/#breadcrumb"},"inLanguage":"fr-FR","potentialAction":[{"@type":"ReadAction","target":["https:\/\/jimgreenfootwear.eu\/fr\/store\/719-rust-veg-tan-c\/"]}]},{"@type":"ImageObject","inLanguage":"fr-FR","@id":"https:\/\/jimgreenfootwear.eu\/fr\/store\/719-rust-veg-tan-c\/#primaryimage","url":"https:\/\/jimgreenfootwear.eu\/wp-content\/uploads\/2024\/12\/CM719_VTR_FG_1-scaled.jpg","contentUrl":"https:\/\/jimgreenfootwear.eu\/wp-content\/uploads\/2024\/12\/CM719_VTR_FG_1-scaled.jpg","width":2560,"height":2560},{"@type":"BreadcrumbList","@id":"https:\/\/jimgreenfootwear.eu\/fr\/store\/719-rust-veg-tan-c\/#breadcrumb","itemListElement":[{"@type":"ListItem","position":1,"name":"Home","item":"https:\/\/jimgreenfootwear.eu\/fr\/"},{"@type":"ListItem","position":2,"name":"Boutique","item":"https:\/\/jimgreenfootwear.eu\/fr\/boutique\/"},{"@type":"ListItem","position":3,"name":"719 &#8211; Rust Veg Tan"}]},{"@type":"WebSite","@id":"https:\/\/jimgreenfootwear.eu\/#website","url":"https:\/\/jimgreenfootwear.eu\/","name":"Jim Green","description":"Footwear EU - Quality Hiking &amp; Safety Boots","publisher":{"@id":"https:\/\/jimgreenfootwear.eu\/#organization"},"potentialAction":[{"@type":"SearchAction","target":{"@type":"EntryPoint","urlTemplate":"https:\/\/jimgreenfootwear.eu\/?s={search_term_string}"},"query-input":{"@type":"PropertyValueSpecification","valueRequired":true,"valueName":"search_term_string"}}],"inLanguage":"fr-FR"},{"@type":"Organization","@id":"https:\/\/jimgreenfootwear.eu\/#organization","name":"Jim Green Footwear","alternateName":"Jim Green","url":"https:\/\/jimgreenfootwear.eu\/","logo":{"@type":"ImageObject","inLanguage":"fr-FR","@id":"https:\/\/jimgreenfootwear.eu\/#\/schema\/logo\/image\/","url":"https:\/\/jimgreenfootwear.eu\/wp-content\/uploads\/2023\/11\/Jim-Green-4-copy@4x.png","contentUrl":"https:\/\/jimgreenfootwear.eu\/wp-content\/uploads\/2023\/11\/Jim-Green-4-copy@4x.png","width":1940,"height":1940,"caption":"Jim Green Footwear"},"image":{"@id":"https:\/\/jimgreenfootwear.eu\/#\/schema\/logo\/image\/"},"sameAs":["https:\/\/www.facebook.com\/jimgreenfootwear\/","https:\/\/x.com\/jimgreenfw","https:\/\/www.instagram.com\/jimgreenfootwear\/"]}]},"og_availability":"out of stock","product_availability":"out of stock","product_retailer_item_id":"719_VTR_FG","product_condition":"new"},"_links":{"self":[{"href":"https:\/\/jimgreenfootwear.eu\/fr\/wp-json\/wp\/v2\/product\/50004","targetHints":{"allow":["GET"]}}],"collection":[{"href":"https:\/\/jimgreenfootwear.eu\/fr\/wp-json\/wp\/v2\/product"}],"about":[{"href":"https:\/\/jimgreenfootwear.eu\/fr\/wp-json\/wp\/v2\/types\/product"}],"replies":[{"embeddable":true,"href":"https:\/\/jimgreenfootwear.eu\/fr\/wp-json\/wp\/v2\/comments?post=50004"}],"wp:featuredmedia":[{"embeddable":true,"href":"https:\/\/jimgreenfootwear.eu\/fr\/wp-json\/wp\/v2\/media\/49766"}],"wp:attachment":[{"href":"https:\/\/jimgreenfootwear.eu\/fr\/wp-json\/wp\/v2\/media?parent=50004"}],"wp:term":[{"taxonomy":"product_brand","embeddable":true,"href":"https:\/\/jimgreenfootwear.eu\/fr\/wp-json\/wp\/v2\/product_brand?post=50004"},{"taxonomy":"product_cat","embeddable":true,"href":"https:\/\/jimgreenfootwear.eu\/fr\/wp-json\/wp\/v2\/product_cat?post=50004"},{"taxonomy":"product_tag","embeddable":true,"href":"https:\/\/jimgreenfootwear.eu\/fr\/wp-json\/wp\/v2\/product_tag?post=50004"}],"curies":[{"name":"wp","href":"https:\/\/api.w.org\/{rel}","templated":true}]}}