{"id":50682,"date":"2024-06-19T14:03:42","date_gmt":"2024-06-19T12:03:42","guid":{"rendered":"https:\/\/jimgreenfootwear.eu\/store\/barefoot-african-trooper-boot-fudge\/"},"modified":"2025-12-23T22:18:41","modified_gmt":"2025-12-23T20:18:41","slug":"barefoot-african-trooper-boot-fudge","status":"publish","type":"product","link":"https:\/\/jimgreenfootwear.eu\/fr\/store\/barefoot-african-trooper-boot-fudge\/","title":{"rendered":"Barefoot African Trooper Boot &#8211; Fudge"},"content":{"rendered":"<div class=\"wpb-content-wrapper\"><p>[vc_row css=&#8221;.vc_custom_xxxxxx{padding-right: 15px !important;padding-bottom: 30px !important;padding-left: 15px !important;}&#8221;][vc_column width=&#8221;5\/6&#8243; css=&#8221;.vc_custom_padding_settings&#8221;][vc_column_text css=&#8221;&#8221;]<\/p>\n<h3><span style=\"font-family: nathan-serif; font-size: 24pt;\"><strong>La Barefoot Trooper<\/strong><\/span><span style=\"font-family: nathan-serif; font-size: 24pt;\"><strong>: un confort absolu, une r\u00e9sistance \u00e0 toute \u00e9preuve<\/strong><\/span><\/h3>\n<p>[\/vc_column_text][\/vc_column][\/vc_row][vc_row][vc_column][vc_column_text]<\/p>\n<p>[\/vc_column_text][\/vc_column][\/vc_row][vc_row css=&#8221;.vc_custom_padding_settings{padding-right: 15px; padding-left: 15px; padding-bottom: 20px!important;}&#8221;][vc_column width=&#8221;1\/2&#8243; el_class=&#8221;description&#8221; css=&#8221;.vc_custom_xxxxxx{padding-bottom: 20px !important;}&#8221;][vc_column_text css=&#8221;&#8221;]<span style=\"font-family: nathan-serif; font-size: 14pt;\">Voici la nouvelle Barefoot Trooper, une collaboration entre Jim Green Footwear et Rose Anvil. Une botte au design in\u00e9dit qui combine la libert\u00e9 de mouvement et le confort des chaussure minimaliste avec le soutien, la protection et la polyvalence n\u00e9cessaires pour les activit\u00e9s exigeantes en ext\u00e9rieur. Cette collaboration r\u00e9unit non seulement l\u2019h\u00e9ritage de Jim Green et le savoir-faire de Rose Anvil, mais aussi les traditions artisanales sud-africaines et am\u00e9ricaines.<\/span><\/p>\n<p><span style=\"font-family: nathan-serif; font-size: 14pt;\">La Barefoot African Trooper allie le confort naturel d\u2019une chaussure minimaliste \u00e0 la durabilit\u00e9 n\u00e9cessaire pour les t\u00e2ches quotidiennes dans des environnements exigeants. Sa conception robuste et sa tige montante offrent la protection indispensable, tandis que la semelle souple et un <span style=\"font-family: nathan-serif;\">avant-pied spacieux<\/span>\u00a0permettent \u00e0 vos pieds de bouger naturellement et confortablement.<\/span><\/p>\n<p><span style=\"font-family: nathan-serif; font-size: 14pt;\">La semelle souple imite les mouvements naturels de votre pied, apportant un nouveau niveau de confort et de libert\u00e9, tandis que les semelles fines am\u00e9liorent la perception du sol, offrant une meilleure traction et un meilleur contr\u00f4le. L\u2019avant spacieux permet \u00e0 vos orteils de s\u2019\u00e9tendre naturellement, r\u00e9duisant l\u2019inconfort et am\u00e9liorant la stabilit\u00e9.<\/span><\/p>\n<p><span style=\"font-family: nathan-serif; font-size: 14pt;\">Suivez notre aventure sur nos r\u00e9seaux sociaux ou contactez-nous pour plus d\u2019informations.<\/span>[\/vc_column_text][\/vc_column][vc_column width=&#8221;1\/2&#8243; el_class=&#8221;features&#8221;][vc_column_text css=&#8221;&#8221;]<\/p>\n<ul>\n<li><span style=\"font-family: nathan-serif; font-size: 14pt;\">Fabriqu\u00e9e en une seule couche de cuir (cuir nubuck 2,3 mm).<\/span><\/li>\n<li><span style=\"font-family: nathan-serif; font-size: 14pt;\">Les zones de l\u2019orteil et du talon sont en <span style=\"font-family: nathan-serif;\">cuir \u00e0 double \u00e9paisseur<\/span> nubuck huil\u00e9 de 2,2 mm pour plus de durabilit\u00e9.<\/span><\/li>\n<li><span style=\"font-family: nathan-serif; font-size: 14pt;\">Hauteur de 8 pouces pour un excellent maintien, confort et protection.<\/span><\/li>\n<li><span style=\"font-family: nathan-serif; font-size: 14pt;\">La semelle Anvil est con\u00e7ue pour reproduire la sensation de marcher pieds nus sur tout type de terrain, tout en offrant une adh\u00e9rence et une protection suppl\u00e9mentaires.<\/span><\/li>\n<li><span style=\"font-family: nathan-serif; font-size: 14pt;\">Renfort au talon int\u00e9gr\u00e9 pour un meilleur soutien et une protection de la cheville.<\/span><\/li>\n<li><span style=\"font-family: nathan-serif; font-size: 14pt;\">Languette enti\u00e8rement <span style=\"font-family: nathan-serif;\">\u00e0 soufflet.<\/span><\/span><\/li>\n<li><span style=\"font-size: 14pt; font-family: nathan-serif;\">Bout renforc\u00e9 en cuir v\u00e9ritable<\/span><\/li>\n<li><span style=\"font-family: nathan-serif; font-size: 14pt;\"><strong>PAS DE CAMBRION EN ACIER.<\/strong><\/span><\/li>\n<li><span style=\"font-family: nathan-serif; font-size: 14pt;\"><span style=\"font-family: nathan-serif;\">Semelle interm\u00e9diaire en cuir de <\/span>3 mm pour plus de confort, de flexibilit\u00e9 et de ressenti sous le pied.<\/span><\/li>\n<li><span style=\"font-family: nathan-serif; font-size: 14pt;\">Demi-semelle int\u00e9rieure en cuir pour un amorti renforc\u00e9 au niveau du talon.<\/span><\/li>\n<li><span style=\"font-family: nathan-serif; font-size: 14pt;\">Semelle interm\u00e9diaire cousue \u00e0 la tige avec un fil de nylon tress\u00e9 de 2,2 mm en double couture sur 360 degr\u00e9s.<\/span><\/li>\n<li><span style=\"font-family: nathan-serif; font-size: 14pt;\">Comme toutes nos bottes, elles peuvent \u00eatre ressemel\u00e9es gr\u00e2ce \u00e0 leur construction cousue double.<\/span><\/li>\n<li><span style=\"font-family: nathan-serif; font-size: 14pt;\">Nos bottes Barefoot sont \u00e9quip\u00e9es d\u2019une demi-semelle int\u00e9rieure en cuir int\u00e9gr\u00e9e. Elles ne sont pas livr\u00e9es avec une semelle int\u00e9rieure compl\u00e8te.<\/span><\/li>\n<li><span style=\"font-family: nathan-serif; font-size: 14pt;\"><strong><u>Forme Barefoot Zero Drop<\/u><\/strong> \u2013 Ce mod\u00e8le est fabriqu\u00e9 sur une forme large de type 3E z\u00e9ro drop avec <span style=\"font-family: nathan-serif;\">un avant-pied spacieux<\/span>(offrant un espace naturel pour une exp\u00e9rience barefoot plus authentique).<\/span><\/li>\n<li><span style=\"font-family: nathan-serif; font-size: 14pt;\">Lacets : 175 cm.<\/span><\/li>\n<li><span style=\"font-family: nathan-serif; font-size: 14pt;\">Poids : 1,33 kg (pointure 08).<\/span><\/li>\n<li><span style=\"font-family: nathan-serif; font-size: 14pt;\">100 % fabriqu\u00e9 en Afrique du Sud.<\/span><\/li>\n<\/ul>\n<p>[\/vc_column_text][\/vc_column][\/vc_row]<\/p>\n<\/div>","protected":false},"excerpt":{"rendered":"<h4><a href=\"https:\/\/www.gameranger.org\"><img loading=\"lazy\" decoding=\"async\" class=\"alignleft wp-image-15403\" src=\"https:\/\/jimgreenfootwear.eu\/wp-content\/uploads\/2021\/11\/GRAA-Logo-Ranger-Boot-Jim-Green-Footwear.png\" alt=\"\" width=\"61\" height=\"90\" \/><\/a><\/h4>\n<h4><strong>Pour chaque 10 paires vendues, une paire est offerte \u00e0 un ranger<\/strong><\/h4>\n<p><a href=\"https:\/\/www.gameranger.org\">https:\/\/www.gameranger.org<\/a><\/p>\n","protected":false},"featured_media":48822,"comment_status":"open","ping_status":"closed","template":"","meta":{"_acf_changed":false},"product_brand":[],"product_cat":[737,330,677,348,318,334],"product_tag":[],"class_list":{"0":"post-50682","1":"product","2":"type-product","3":"status-publish","4":"has-post-thumbnail","6":"product_cat-175cm-laces-fr","7":"product_cat-african-ranger-fr-2","8":"product_cat-african-troopers-fr","9":"product_cat-barefoot-african-trooper-fr","10":"product_cat-barefoot-boots-fr","11":"product_cat-all-fr","12":"product_shipping_class-boots","13":"tm-has-options","15":"first","16":"outofstock","17":"taxable","18":"shipping-taxable","19":"purchasable","20":"product-type-variable"},"group_of_quantity":0,"min_quantity":0,"max_quantity":"","exclude_order_quantity_value_rules":"no","exclude_category_quantity_rules":"no","combine_variations":"no","acf":[],"yoast_head":"<!-- This site is optimized with the Yoast SEO plugin v27.3 - https:\/\/yoast.com\/product\/yoast-seo-wordpress\/ -->\n<title>Barefoot African Trooper Boot - Fudge - Jim Green<\/title>\n<meta name=\"robots\" content=\"index, follow, max-snippet:-1, max-image-preview:large, max-video-preview:-1\" \/>\n<link rel=\"canonical\" href=\"https:\/\/jimgreenfootwear.eu\/fr\/store\/barefoot-african-trooper-boot-fudge\/\" \/>\n<meta property=\"og:locale\" content=\"fr_FR\" \/>\n<meta property=\"og:type\" content=\"article\" \/>\n<meta property=\"og:title\" content=\"Barefoot African Trooper Boot - Fudge - Jim Green\" \/>\n<meta property=\"og:description\" content=\"Pour chaque 10 paires vendues, une paire est offerte \u00e0 un ranger https:\/\/www.gameranger.org\" \/>\n<meta property=\"og:url\" content=\"https:\/\/jimgreenfootwear.eu\/fr\/store\/barefoot-african-trooper-boot-fudge\/\" \/>\n<meta property=\"og:site_name\" content=\"Jim Green\" \/>\n<meta property=\"article:publisher\" content=\"https:\/\/www.facebook.com\/jimgreenfootwear\/\" \/>\n<meta property=\"article:modified_time\" content=\"2025-12-23T20:18:41+00:00\" \/>\n<meta property=\"og:image\" content=\"https:\/\/jimgreenfootwear.eu\/wp-content\/uploads\/2024\/06\/AR09Z_CAE_01_6-scaled.jpg\" \/>\n\t<meta property=\"og:image:width\" content=\"2560\" \/>\n\t<meta property=\"og:image:height\" content=\"2560\" \/>\n\t<meta property=\"og:image:type\" content=\"image\/jpeg\" \/>\n<meta name=\"twitter:card\" content=\"summary_large_image\" \/>\n<meta name=\"twitter:site\" content=\"@jimgreenfw\" \/>\n<meta name=\"twitter:label1\" content=\"Disponibilit\u00e9\" \/>\n\t<meta name=\"twitter:data1\" content=\"Rupture de stock\" \/>\n<script type=\"application\/ld+json\" class=\"yoast-schema-graph\">{\"@context\":\"https:\\\/\\\/schema.org\",\"@graph\":[{\"@type\":\"WebPage\",\"@id\":\"https:\\\/\\\/jimgreenfootwear.eu\\\/fr\\\/store\\\/barefoot-african-trooper-boot-fudge\\\/\",\"url\":\"https:\\\/\\\/jimgreenfootwear.eu\\\/fr\\\/store\\\/barefoot-african-trooper-boot-fudge\\\/\",\"name\":\"Barefoot African Trooper Boot - Fudge - Jim Green\",\"isPartOf\":{\"@id\":\"https:\\\/\\\/jimgreenfootwear.eu\\\/#website\"},\"primaryImageOfPage\":{\"@id\":\"https:\\\/\\\/jimgreenfootwear.eu\\\/fr\\\/store\\\/barefoot-african-trooper-boot-fudge\\\/#primaryimage\"},\"image\":{\"@id\":\"https:\\\/\\\/jimgreenfootwear.eu\\\/fr\\\/store\\\/barefoot-african-trooper-boot-fudge\\\/#primaryimage\"},\"thumbnailUrl\":\"https:\\\/\\\/jimgreenfootwear.eu\\\/wp-content\\\/uploads\\\/2024\\\/06\\\/AR09Z_CAE_01_6-scaled.jpg\",\"datePublished\":\"2024-06-19T12:03:42+00:00\",\"dateModified\":\"2025-12-23T20:18:41+00:00\",\"breadcrumb\":{\"@id\":\"https:\\\/\\\/jimgreenfootwear.eu\\\/fr\\\/store\\\/barefoot-african-trooper-boot-fudge\\\/#breadcrumb\"},\"inLanguage\":\"fr-FR\",\"potentialAction\":[{\"@type\":\"ReadAction\",\"target\":[\"https:\\\/\\\/jimgreenfootwear.eu\\\/fr\\\/store\\\/barefoot-african-trooper-boot-fudge\\\/\"]}]},{\"@type\":\"ImageObject\",\"inLanguage\":\"fr-FR\",\"@id\":\"https:\\\/\\\/jimgreenfootwear.eu\\\/fr\\\/store\\\/barefoot-african-trooper-boot-fudge\\\/#primaryimage\",\"url\":\"https:\\\/\\\/jimgreenfootwear.eu\\\/wp-content\\\/uploads\\\/2024\\\/06\\\/AR09Z_CAE_01_6-scaled.jpg\",\"contentUrl\":\"https:\\\/\\\/jimgreenfootwear.eu\\\/wp-content\\\/uploads\\\/2024\\\/06\\\/AR09Z_CAE_01_6-scaled.jpg\",\"width\":2560,\"height\":2560},{\"@type\":\"BreadcrumbList\",\"@id\":\"https:\\\/\\\/jimgreenfootwear.eu\\\/fr\\\/store\\\/barefoot-african-trooper-boot-fudge\\\/#breadcrumb\",\"itemListElement\":[{\"@type\":\"ListItem\",\"position\":1,\"name\":\"Home\",\"item\":\"https:\\\/\\\/jimgreenfootwear.eu\\\/fr\\\/\"},{\"@type\":\"ListItem\",\"position\":2,\"name\":\"Boutique\",\"item\":\"https:\\\/\\\/jimgreenfootwear.eu\\\/fr\\\/boutique\\\/\"},{\"@type\":\"ListItem\",\"position\":3,\"name\":\"Barefoot African Trooper Boot &#8211; Fudge\"}]},{\"@type\":\"WebSite\",\"@id\":\"https:\\\/\\\/jimgreenfootwear.eu\\\/#website\",\"url\":\"https:\\\/\\\/jimgreenfootwear.eu\\\/\",\"name\":\"Jim Green\",\"description\":\"Footwear EU - Quality Hiking &amp; Safety Boots\",\"publisher\":{\"@id\":\"https:\\\/\\\/jimgreenfootwear.eu\\\/#organization\"},\"potentialAction\":[{\"@type\":\"SearchAction\",\"target\":{\"@type\":\"EntryPoint\",\"urlTemplate\":\"https:\\\/\\\/jimgreenfootwear.eu\\\/?s={search_term_string}\"},\"query-input\":{\"@type\":\"PropertyValueSpecification\",\"valueRequired\":true,\"valueName\":\"search_term_string\"}}],\"inLanguage\":\"fr-FR\"},{\"@type\":\"Organization\",\"@id\":\"https:\\\/\\\/jimgreenfootwear.eu\\\/#organization\",\"name\":\"Jim Green Footwear\",\"alternateName\":\"Jim Green\",\"url\":\"https:\\\/\\\/jimgreenfootwear.eu\\\/\",\"logo\":{\"@type\":\"ImageObject\",\"inLanguage\":\"fr-FR\",\"@id\":\"https:\\\/\\\/jimgreenfootwear.eu\\\/#\\\/schema\\\/logo\\\/image\\\/\",\"url\":\"https:\\\/\\\/jimgreenfootwear.eu\\\/wp-content\\\/uploads\\\/2023\\\/11\\\/Jim-Green-4-copy@4x.png\",\"contentUrl\":\"https:\\\/\\\/jimgreenfootwear.eu\\\/wp-content\\\/uploads\\\/2023\\\/11\\\/Jim-Green-4-copy@4x.png\",\"width\":1940,\"height\":1940,\"caption\":\"Jim Green Footwear\"},\"image\":{\"@id\":\"https:\\\/\\\/jimgreenfootwear.eu\\\/#\\\/schema\\\/logo\\\/image\\\/\"},\"sameAs\":[\"https:\\\/\\\/www.facebook.com\\\/jimgreenfootwear\\\/\",\"https:\\\/\\\/x.com\\\/jimgreenfw\",\"https:\\\/\\\/www.instagram.com\\\/jimgreenfootwear\\\/\"]}]}<\/script>\n<meta property=\"og:availability\" content=\"out of stock\" \/>\n<meta property=\"product:availability\" content=\"out of stock\" \/>\n<meta property=\"product:retailer_item_id\" content=\"AR09Z CAE ANV\" \/>\n<meta property=\"product:condition\" content=\"new\" \/>\n<!-- \/ Yoast SEO plugin. -->","yoast_head_json":{"title":"Barefoot African Trooper Boot - Fudge - Jim Green","robots":{"index":"index","follow":"follow","max-snippet":"max-snippet:-1","max-image-preview":"max-image-preview:large","max-video-preview":"max-video-preview:-1"},"canonical":"https:\/\/jimgreenfootwear.eu\/fr\/store\/barefoot-african-trooper-boot-fudge\/","og_locale":"fr_FR","og_type":"article","og_title":"Barefoot African Trooper Boot - Fudge - Jim Green","og_description":"Pour chaque 10 paires vendues, une paire est offerte \u00e0 un ranger https:\/\/www.gameranger.org","og_url":"https:\/\/jimgreenfootwear.eu\/fr\/store\/barefoot-african-trooper-boot-fudge\/","og_site_name":"Jim Green","article_publisher":"https:\/\/www.facebook.com\/jimgreenfootwear\/","article_modified_time":"2025-12-23T20:18:41+00:00","og_image":[{"width":2560,"height":2560,"url":"https:\/\/jimgreenfootwear.eu\/wp-content\/uploads\/2024\/06\/AR09Z_CAE_01_6-scaled.jpg","type":"image\/jpeg"}],"twitter_card":"summary_large_image","twitter_site":"@jimgreenfw","twitter_misc":{"Disponibilit\u00e9":"Rupture de stock"},"schema":{"@context":"https:\/\/schema.org","@graph":[{"@type":"WebPage","@id":"https:\/\/jimgreenfootwear.eu\/fr\/store\/barefoot-african-trooper-boot-fudge\/","url":"https:\/\/jimgreenfootwear.eu\/fr\/store\/barefoot-african-trooper-boot-fudge\/","name":"Barefoot African Trooper Boot - Fudge - Jim Green","isPartOf":{"@id":"https:\/\/jimgreenfootwear.eu\/#website"},"primaryImageOfPage":{"@id":"https:\/\/jimgreenfootwear.eu\/fr\/store\/barefoot-african-trooper-boot-fudge\/#primaryimage"},"image":{"@id":"https:\/\/jimgreenfootwear.eu\/fr\/store\/barefoot-african-trooper-boot-fudge\/#primaryimage"},"thumbnailUrl":"https:\/\/jimgreenfootwear.eu\/wp-content\/uploads\/2024\/06\/AR09Z_CAE_01_6-scaled.jpg","datePublished":"2024-06-19T12:03:42+00:00","dateModified":"2025-12-23T20:18:41+00:00","breadcrumb":{"@id":"https:\/\/jimgreenfootwear.eu\/fr\/store\/barefoot-african-trooper-boot-fudge\/#breadcrumb"},"inLanguage":"fr-FR","potentialAction":[{"@type":"ReadAction","target":["https:\/\/jimgreenfootwear.eu\/fr\/store\/barefoot-african-trooper-boot-fudge\/"]}]},{"@type":"ImageObject","inLanguage":"fr-FR","@id":"https:\/\/jimgreenfootwear.eu\/fr\/store\/barefoot-african-trooper-boot-fudge\/#primaryimage","url":"https:\/\/jimgreenfootwear.eu\/wp-content\/uploads\/2024\/06\/AR09Z_CAE_01_6-scaled.jpg","contentUrl":"https:\/\/jimgreenfootwear.eu\/wp-content\/uploads\/2024\/06\/AR09Z_CAE_01_6-scaled.jpg","width":2560,"height":2560},{"@type":"BreadcrumbList","@id":"https:\/\/jimgreenfootwear.eu\/fr\/store\/barefoot-african-trooper-boot-fudge\/#breadcrumb","itemListElement":[{"@type":"ListItem","position":1,"name":"Home","item":"https:\/\/jimgreenfootwear.eu\/fr\/"},{"@type":"ListItem","position":2,"name":"Boutique","item":"https:\/\/jimgreenfootwear.eu\/fr\/boutique\/"},{"@type":"ListItem","position":3,"name":"Barefoot African Trooper Boot &#8211; Fudge"}]},{"@type":"WebSite","@id":"https:\/\/jimgreenfootwear.eu\/#website","url":"https:\/\/jimgreenfootwear.eu\/","name":"Jim Green","description":"Footwear EU - Quality Hiking &amp; Safety Boots","publisher":{"@id":"https:\/\/jimgreenfootwear.eu\/#organization"},"potentialAction":[{"@type":"SearchAction","target":{"@type":"EntryPoint","urlTemplate":"https:\/\/jimgreenfootwear.eu\/?s={search_term_string}"},"query-input":{"@type":"PropertyValueSpecification","valueRequired":true,"valueName":"search_term_string"}}],"inLanguage":"fr-FR"},{"@type":"Organization","@id":"https:\/\/jimgreenfootwear.eu\/#organization","name":"Jim Green Footwear","alternateName":"Jim Green","url":"https:\/\/jimgreenfootwear.eu\/","logo":{"@type":"ImageObject","inLanguage":"fr-FR","@id":"https:\/\/jimgreenfootwear.eu\/#\/schema\/logo\/image\/","url":"https:\/\/jimgreenfootwear.eu\/wp-content\/uploads\/2023\/11\/Jim-Green-4-copy@4x.png","contentUrl":"https:\/\/jimgreenfootwear.eu\/wp-content\/uploads\/2023\/11\/Jim-Green-4-copy@4x.png","width":1940,"height":1940,"caption":"Jim Green Footwear"},"image":{"@id":"https:\/\/jimgreenfootwear.eu\/#\/schema\/logo\/image\/"},"sameAs":["https:\/\/www.facebook.com\/jimgreenfootwear\/","https:\/\/x.com\/jimgreenfw","https:\/\/www.instagram.com\/jimgreenfootwear\/"]}]},"og_availability":"out of stock","product_availability":"out of stock","product_retailer_item_id":"AR09Z CAE ANV","product_condition":"new"},"_links":{"self":[{"href":"https:\/\/jimgreenfootwear.eu\/fr\/wp-json\/wp\/v2\/product\/50682","targetHints":{"allow":["GET"]}}],"collection":[{"href":"https:\/\/jimgreenfootwear.eu\/fr\/wp-json\/wp\/v2\/product"}],"about":[{"href":"https:\/\/jimgreenfootwear.eu\/fr\/wp-json\/wp\/v2\/types\/product"}],"replies":[{"embeddable":true,"href":"https:\/\/jimgreenfootwear.eu\/fr\/wp-json\/wp\/v2\/comments?post=50682"}],"wp:featuredmedia":[{"embeddable":true,"href":"https:\/\/jimgreenfootwear.eu\/fr\/wp-json\/wp\/v2\/media\/48822"}],"wp:attachment":[{"href":"https:\/\/jimgreenfootwear.eu\/fr\/wp-json\/wp\/v2\/media?parent=50682"}],"wp:term":[{"taxonomy":"product_brand","embeddable":true,"href":"https:\/\/jimgreenfootwear.eu\/fr\/wp-json\/wp\/v2\/product_brand?post=50682"},{"taxonomy":"product_cat","embeddable":true,"href":"https:\/\/jimgreenfootwear.eu\/fr\/wp-json\/wp\/v2\/product_cat?post=50682"},{"taxonomy":"product_tag","embeddable":true,"href":"https:\/\/jimgreenfootwear.eu\/fr\/wp-json\/wp\/v2\/product_tag?post=50682"}],"curies":[{"name":"wp","href":"https:\/\/api.w.org\/{rel}","templated":true}]}}