{"id":50724,"date":"2024-06-19T13:56:13","date_gmt":"2024-06-19T11:56:13","guid":{"rendered":"https:\/\/jimgreenfootwear.eu\/store\/ar8-tyre-wedge-bronco\/"},"modified":"2026-01-29T14:13:16","modified_gmt":"2026-01-29T12:13:16","slug":"ar8-tyre-wedge-bronco","status":"publish","type":"product","link":"https:\/\/jimgreenfootwear.eu\/fr\/store\/ar8-tyre-wedge-bronco\/","title":{"rendered":"AR8 &#8211; Tyre Wedge &#8211; Bronco"},"content":{"rendered":"<div class=\"wpb-content-wrapper\"><p>[vc_row css=&#8221;.vc_custom_xxxxxx{padding-right: 15px !important;padding-bottom: 30px !important;padding-left: 15px !important;}&#8221;][vc_column width=&#8221;5\/6&#8243; css=&#8221;.vc_custom_padding_settings&#8221;][vc_column_text css=&#8221;&#8221;]<\/p>\n<h3><span style=\"font-family: nathan-serif; font-size: 24pt;\">La chaussure de terrain qui \u00e9quipe les rangers<\/span><\/h3>\n<p>[\/vc_column_text][\/vc_column][\/vc_row][vc_row][vc_column][vc_column_text]<\/p>\n<p>[\/vc_column_text][\/vc_column][\/vc_row][vc_row css=&#8221;.vc_custom_padding_settings{padding-right: 15px; padding-left: 15px; padding-bottom: 20px!important;}&#8221;][vc_column width=&#8221;1\/2&#8243; el_class=&#8221;description&#8221; css=&#8221;.vc_custom_xxxxxx{padding-bottom: 20px !important;}&#8221;][vc_column_text css=&#8221;&#8221;]<span style=\"font-family: nathan-serif; font-size: 14pt;\">50 % des rangers n&#8217;ont pas acc\u00e8s \u00e0 des bottes et \u00e0 un \u00e9quipement ad\u00e9quats, et plus de 40 % doivent acheter leurs propres bottes.<\/span><\/p>\n<p><span style=\"font-family: nathan-serif; font-size: 14pt;\">Avec l\u2019avenir de nos espaces sauvages entre les mains de ceux qui sont sur le terrain, Jim Green Footwear et la Game Rangers Association of Africa (GRAA) se sont unis pour r\u00e9soudre ce probl\u00e8me.<\/span><\/p>\n<p><span style=\"font-family: nathan-serif; font-size: 14pt;\">Un \u00e9quipement insuffisant entra\u00eene une baisse de moral et nuit au bien-\u00eatre des rangers. En premi\u00e8re ligne de la conservation, une paire de bottes de qualit\u00e9 est essentielle pour les t\u00e2ches du quotidien.<\/span><\/p>\n<p><span style=\"font-family: nathan-serif; font-size: 14pt;\">Une nouvelle venue dans la famille Ranger avec une finition plus robuste et un meilleur maintien de la cheville, sans compromis sur le confort : d\u00e9couvrez la African Ranger 8 pouces.<\/span><\/p>\n<p><span style=\"font-family: nathan-serif; font-size: 14pt;\">Suivez notre aventure sur nos r\u00e9seaux sociaux ou contactez-nous pour plus d\u2019informations.<\/span>[\/vc_column_text][\/vc_column][vc_column width=&#8221;1\/2&#8243; el_class=&#8221;features&#8221;][vc_column_text css=&#8221;&#8221;]<\/p>\n<ul>\n<li><span style=\"font-family: nathan-serif; font-size: 14pt;\">Fabriqu\u00e9e avec une double couche de cuir (cuir Pull Up huil\u00e9 de 2,2 mm, doubl\u00e9 de cuir de veau de 1,6 mm).<\/span><\/li>\n<li><span style=\"font-family: nathan-serif; font-size: 14pt;\">La double couche de cuir renforce les propri\u00e9t\u00e9s d\u00e9perlantes de la botte (non \u00e9tanche).<\/span><\/li>\n<li><span style=\"font-family: nathan-serif; font-size: 14pt;\">Hauteur de 8 pouces pour un excellent maintien, confort et protection.<\/span><\/li>\n<li><span style=\"font-family: nathan-serif; font-size: 14pt;\">Renfort thermoplastique \u00e0 l\u2019avant et contrefort au talon pour un soutien accru.<\/span><\/li>\n<li><span style=\"font-size: 14pt; font-family: nathan-serif;\">Cambrion en acier plac\u00e9 entre la semelle int\u00e9rieure et la semelle offre un soutien et une stabilit\u00e9 suppl\u00e9mentaires.<\/span><\/li>\n<li><span style=\"font-size: 14pt; font-family: nathan-serif;\">La semelle int\u00e9rieure est fix\u00e9e \u00e0 la tige par un double cordon de nylon tress\u00e9 de 2,2 mm.<\/span><\/li>\n<li><span style=\"font-family: nathan-serif; font-size: 14pt;\">Semelle en caoutchouc v\u00e9ritable.<\/span><\/li>\n<li><span style=\"font-family: nathan-serif; font-size: 14pt;\">Peut \u00eatre ressemel\u00e9e.<\/span><\/li>\n<li><span style=\"font-family: nathan-serif; font-size: 14pt;\">Gr\u00e2ce \u00e0 sa double couche de cuir, l\u2019AR8 peut affronter tous les terrains \u2014 id\u00e9ale pour les travailleurs en ext\u00e9rieur ou les randonneurs recherchant plus de robustesse.<\/span><\/li>\n<li><span style=\"font-family: nathan-serif; font-size: 14pt;\"><strong><u>Forme STC<\/u><\/strong> \u2013 Cette forme offre une largeur 2E offre un avant-pied spacieux et arrondi.<\/span><\/li>\n<li><span style=\"font-family: nathan-serif; font-size: 14pt;\"><strong><span style=\"text-decoration: underline;\">Semelle TW<\/span><\/strong> &#8211; Notre option Tyre Wedge con\u00e7ue pour l\u2019adh\u00e9rence et le confort. Semelle en caoutchouc v\u00e9ritable avec un compos\u00e9 plus souple pour des performances optimales.<\/span><\/li>\n<li><span style=\"font-family: nathan-serif; font-size: 14pt;\">Lacets : 175 cm.<\/span><\/li>\n<li><span style=\"font-family: nathan-serif; font-size: 14pt;\">Poids : 1,48 kg (pointure 08).<\/span><\/li>\n<li><span style=\"font-family: nathan-serif; font-size: 14pt;\">Fabriqu\u00e9 en Afrique du Sud<\/span><\/li>\n<\/ul>\n<p>[\/vc_column_text][\/vc_column][\/vc_row]<\/p>\n<\/div>","protected":false},"excerpt":{"rendered":"<h4><a href=\"https:\/\/www.gameranger.org\"><img loading=\"lazy\" decoding=\"async\" class=\"alignleft wp-image-15403\" src=\"https:\/\/jimgreenfootwear.eu\/wp-content\/uploads\/2021\/11\/GRAA-Logo-Ranger-Boot-Jim-Green-Footwear.png\" alt=\"\" width=\"61\" height=\"90\" \/><\/a><\/h4>\n<h4><strong>Pour chaque 10 paires vendues, une paire est offerte \u00e0 un ranger<\/strong><\/h4>\n<p><a href=\"https:\/\/www.gameranger.org\">https:\/\/www.gameranger.org<\/a><\/p>\n","protected":false},"featured_media":48782,"comment_status":"open","ping_status":"closed","template":"","meta":{"_acf_changed":false},"product_brand":[],"product_cat":[330,336,334],"product_tag":[],"class_list":{"0":"post-50724","1":"product","2":"type-product","3":"status-publish","4":"has-post-thumbnail","6":"product_cat-african-ranger-fr-2","7":"product_cat-hiking-adventure-fr","8":"product_cat-all-fr","9":"product_shipping_class-boots","10":"tm-has-options","12":"first","13":"outofstock","14":"taxable","15":"shipping-taxable","16":"purchasable","17":"product-type-variable"},"group_of_quantity":0,"min_quantity":0,"max_quantity":"","exclude_order_quantity_value_rules":"no","exclude_category_quantity_rules":"no","combine_variations":"no","acf":[],"yoast_head":"<!-- This site is optimized with the Yoast SEO plugin v27.3 - https:\/\/yoast.com\/product\/yoast-seo-wordpress\/ -->\n<title>AR8 - Tyre Wedge - Bronco - Jim Green<\/title>\n<meta name=\"robots\" content=\"index, follow, max-snippet:-1, max-image-preview:large, max-video-preview:-1\" \/>\n<link rel=\"canonical\" href=\"https:\/\/jimgreenfootwear.eu\/fr\/store\/ar8-tyre-wedge-bronco\/\" \/>\n<meta property=\"og:locale\" content=\"fr_FR\" \/>\n<meta property=\"og:type\" content=\"article\" \/>\n<meta property=\"og:title\" content=\"AR8 - Tyre Wedge - Bronco - Jim Green\" \/>\n<meta property=\"og:description\" content=\"Pour chaque 10 paires vendues, une paire est offerte \u00e0 un ranger https:\/\/www.gameranger.org\" \/>\n<meta property=\"og:url\" content=\"https:\/\/jimgreenfootwear.eu\/fr\/store\/ar8-tyre-wedge-bronco\/\" \/>\n<meta property=\"og:site_name\" content=\"Jim Green\" \/>\n<meta property=\"article:publisher\" content=\"https:\/\/www.facebook.com\/jimgreenfootwear\/\" \/>\n<meta property=\"article:modified_time\" content=\"2026-01-29T12:13:16+00:00\" \/>\n<meta property=\"og:image\" content=\"https:\/\/jimgreenfootwear.eu\/wp-content\/uploads\/2024\/06\/AR08_BCC_01_56-scaled.jpg\" \/>\n\t<meta property=\"og:image:width\" content=\"2560\" \/>\n\t<meta property=\"og:image:height\" content=\"2560\" \/>\n\t<meta property=\"og:image:type\" content=\"image\/jpeg\" \/>\n<meta name=\"twitter:card\" content=\"summary_large_image\" \/>\n<meta name=\"twitter:site\" content=\"@jimgreenfw\" \/>\n<meta name=\"twitter:label1\" content=\"Disponibilit\u00e9\" \/>\n\t<meta name=\"twitter:data1\" content=\"Rupture de stock\" \/>\n<script type=\"application\/ld+json\" class=\"yoast-schema-graph\">{\"@context\":\"https:\\\/\\\/schema.org\",\"@graph\":[{\"@type\":\"WebPage\",\"@id\":\"https:\\\/\\\/jimgreenfootwear.eu\\\/fr\\\/store\\\/ar8-tyre-wedge-bronco\\\/\",\"url\":\"https:\\\/\\\/jimgreenfootwear.eu\\\/fr\\\/store\\\/ar8-tyre-wedge-bronco\\\/\",\"name\":\"AR8 - Tyre Wedge - Bronco - Jim Green\",\"isPartOf\":{\"@id\":\"https:\\\/\\\/jimgreenfootwear.eu\\\/#website\"},\"primaryImageOfPage\":{\"@id\":\"https:\\\/\\\/jimgreenfootwear.eu\\\/fr\\\/store\\\/ar8-tyre-wedge-bronco\\\/#primaryimage\"},\"image\":{\"@id\":\"https:\\\/\\\/jimgreenfootwear.eu\\\/fr\\\/store\\\/ar8-tyre-wedge-bronco\\\/#primaryimage\"},\"thumbnailUrl\":\"https:\\\/\\\/jimgreenfootwear.eu\\\/wp-content\\\/uploads\\\/2024\\\/06\\\/AR08_BCC_01_56-scaled.jpg\",\"datePublished\":\"2024-06-19T11:56:13+00:00\",\"dateModified\":\"2026-01-29T12:13:16+00:00\",\"breadcrumb\":{\"@id\":\"https:\\\/\\\/jimgreenfootwear.eu\\\/fr\\\/store\\\/ar8-tyre-wedge-bronco\\\/#breadcrumb\"},\"inLanguage\":\"fr-FR\",\"potentialAction\":[{\"@type\":\"ReadAction\",\"target\":[\"https:\\\/\\\/jimgreenfootwear.eu\\\/fr\\\/store\\\/ar8-tyre-wedge-bronco\\\/\"]}]},{\"@type\":\"ImageObject\",\"inLanguage\":\"fr-FR\",\"@id\":\"https:\\\/\\\/jimgreenfootwear.eu\\\/fr\\\/store\\\/ar8-tyre-wedge-bronco\\\/#primaryimage\",\"url\":\"https:\\\/\\\/jimgreenfootwear.eu\\\/wp-content\\\/uploads\\\/2024\\\/06\\\/AR08_BCC_01_56-scaled.jpg\",\"contentUrl\":\"https:\\\/\\\/jimgreenfootwear.eu\\\/wp-content\\\/uploads\\\/2024\\\/06\\\/AR08_BCC_01_56-scaled.jpg\",\"width\":2560,\"height\":2560},{\"@type\":\"BreadcrumbList\",\"@id\":\"https:\\\/\\\/jimgreenfootwear.eu\\\/fr\\\/store\\\/ar8-tyre-wedge-bronco\\\/#breadcrumb\",\"itemListElement\":[{\"@type\":\"ListItem\",\"position\":1,\"name\":\"Home\",\"item\":\"https:\\\/\\\/jimgreenfootwear.eu\\\/fr\\\/\"},{\"@type\":\"ListItem\",\"position\":2,\"name\":\"Boutique\",\"item\":\"https:\\\/\\\/jimgreenfootwear.eu\\\/fr\\\/boutique\\\/\"},{\"@type\":\"ListItem\",\"position\":3,\"name\":\"AR8 &#8211; Tyre Wedge &#8211; Bronco\"}]},{\"@type\":\"WebSite\",\"@id\":\"https:\\\/\\\/jimgreenfootwear.eu\\\/#website\",\"url\":\"https:\\\/\\\/jimgreenfootwear.eu\\\/\",\"name\":\"Jim Green\",\"description\":\"Footwear EU - Quality Hiking &amp; Safety Boots\",\"publisher\":{\"@id\":\"https:\\\/\\\/jimgreenfootwear.eu\\\/#organization\"},\"potentialAction\":[{\"@type\":\"SearchAction\",\"target\":{\"@type\":\"EntryPoint\",\"urlTemplate\":\"https:\\\/\\\/jimgreenfootwear.eu\\\/?s={search_term_string}\"},\"query-input\":{\"@type\":\"PropertyValueSpecification\",\"valueRequired\":true,\"valueName\":\"search_term_string\"}}],\"inLanguage\":\"fr-FR\"},{\"@type\":\"Organization\",\"@id\":\"https:\\\/\\\/jimgreenfootwear.eu\\\/#organization\",\"name\":\"Jim Green Footwear\",\"alternateName\":\"Jim Green\",\"url\":\"https:\\\/\\\/jimgreenfootwear.eu\\\/\",\"logo\":{\"@type\":\"ImageObject\",\"inLanguage\":\"fr-FR\",\"@id\":\"https:\\\/\\\/jimgreenfootwear.eu\\\/#\\\/schema\\\/logo\\\/image\\\/\",\"url\":\"https:\\\/\\\/jimgreenfootwear.eu\\\/wp-content\\\/uploads\\\/2023\\\/11\\\/Jim-Green-4-copy@4x.png\",\"contentUrl\":\"https:\\\/\\\/jimgreenfootwear.eu\\\/wp-content\\\/uploads\\\/2023\\\/11\\\/Jim-Green-4-copy@4x.png\",\"width\":1940,\"height\":1940,\"caption\":\"Jim Green Footwear\"},\"image\":{\"@id\":\"https:\\\/\\\/jimgreenfootwear.eu\\\/#\\\/schema\\\/logo\\\/image\\\/\"},\"sameAs\":[\"https:\\\/\\\/www.facebook.com\\\/jimgreenfootwear\\\/\",\"https:\\\/\\\/x.com\\\/jimgreenfw\",\"https:\\\/\\\/www.instagram.com\\\/jimgreenfootwear\\\/\"]}]}<\/script>\n<meta property=\"og:availability\" content=\"out of stock\" \/>\n<meta property=\"product:availability\" content=\"out of stock\" \/>\n<meta property=\"product:retailer_item_id\" content=\"AR08_ST_BCC_TW\" \/>\n<meta property=\"product:condition\" content=\"new\" \/>\n<!-- \/ Yoast SEO plugin. -->","yoast_head_json":{"title":"AR8 - Tyre Wedge - Bronco - Jim Green","robots":{"index":"index","follow":"follow","max-snippet":"max-snippet:-1","max-image-preview":"max-image-preview:large","max-video-preview":"max-video-preview:-1"},"canonical":"https:\/\/jimgreenfootwear.eu\/fr\/store\/ar8-tyre-wedge-bronco\/","og_locale":"fr_FR","og_type":"article","og_title":"AR8 - Tyre Wedge - Bronco - Jim Green","og_description":"Pour chaque 10 paires vendues, une paire est offerte \u00e0 un ranger https:\/\/www.gameranger.org","og_url":"https:\/\/jimgreenfootwear.eu\/fr\/store\/ar8-tyre-wedge-bronco\/","og_site_name":"Jim Green","article_publisher":"https:\/\/www.facebook.com\/jimgreenfootwear\/","article_modified_time":"2026-01-29T12:13:16+00:00","og_image":[{"width":2560,"height":2560,"url":"https:\/\/jimgreenfootwear.eu\/wp-content\/uploads\/2024\/06\/AR08_BCC_01_56-scaled.jpg","type":"image\/jpeg"}],"twitter_card":"summary_large_image","twitter_site":"@jimgreenfw","twitter_misc":{"Disponibilit\u00e9":"Rupture de stock"},"schema":{"@context":"https:\/\/schema.org","@graph":[{"@type":"WebPage","@id":"https:\/\/jimgreenfootwear.eu\/fr\/store\/ar8-tyre-wedge-bronco\/","url":"https:\/\/jimgreenfootwear.eu\/fr\/store\/ar8-tyre-wedge-bronco\/","name":"AR8 - Tyre Wedge - Bronco - Jim Green","isPartOf":{"@id":"https:\/\/jimgreenfootwear.eu\/#website"},"primaryImageOfPage":{"@id":"https:\/\/jimgreenfootwear.eu\/fr\/store\/ar8-tyre-wedge-bronco\/#primaryimage"},"image":{"@id":"https:\/\/jimgreenfootwear.eu\/fr\/store\/ar8-tyre-wedge-bronco\/#primaryimage"},"thumbnailUrl":"https:\/\/jimgreenfootwear.eu\/wp-content\/uploads\/2024\/06\/AR08_BCC_01_56-scaled.jpg","datePublished":"2024-06-19T11:56:13+00:00","dateModified":"2026-01-29T12:13:16+00:00","breadcrumb":{"@id":"https:\/\/jimgreenfootwear.eu\/fr\/store\/ar8-tyre-wedge-bronco\/#breadcrumb"},"inLanguage":"fr-FR","potentialAction":[{"@type":"ReadAction","target":["https:\/\/jimgreenfootwear.eu\/fr\/store\/ar8-tyre-wedge-bronco\/"]}]},{"@type":"ImageObject","inLanguage":"fr-FR","@id":"https:\/\/jimgreenfootwear.eu\/fr\/store\/ar8-tyre-wedge-bronco\/#primaryimage","url":"https:\/\/jimgreenfootwear.eu\/wp-content\/uploads\/2024\/06\/AR08_BCC_01_56-scaled.jpg","contentUrl":"https:\/\/jimgreenfootwear.eu\/wp-content\/uploads\/2024\/06\/AR08_BCC_01_56-scaled.jpg","width":2560,"height":2560},{"@type":"BreadcrumbList","@id":"https:\/\/jimgreenfootwear.eu\/fr\/store\/ar8-tyre-wedge-bronco\/#breadcrumb","itemListElement":[{"@type":"ListItem","position":1,"name":"Home","item":"https:\/\/jimgreenfootwear.eu\/fr\/"},{"@type":"ListItem","position":2,"name":"Boutique","item":"https:\/\/jimgreenfootwear.eu\/fr\/boutique\/"},{"@type":"ListItem","position":3,"name":"AR8 &#8211; Tyre Wedge &#8211; Bronco"}]},{"@type":"WebSite","@id":"https:\/\/jimgreenfootwear.eu\/#website","url":"https:\/\/jimgreenfootwear.eu\/","name":"Jim Green","description":"Footwear EU - Quality Hiking &amp; Safety Boots","publisher":{"@id":"https:\/\/jimgreenfootwear.eu\/#organization"},"potentialAction":[{"@type":"SearchAction","target":{"@type":"EntryPoint","urlTemplate":"https:\/\/jimgreenfootwear.eu\/?s={search_term_string}"},"query-input":{"@type":"PropertyValueSpecification","valueRequired":true,"valueName":"search_term_string"}}],"inLanguage":"fr-FR"},{"@type":"Organization","@id":"https:\/\/jimgreenfootwear.eu\/#organization","name":"Jim Green Footwear","alternateName":"Jim Green","url":"https:\/\/jimgreenfootwear.eu\/","logo":{"@type":"ImageObject","inLanguage":"fr-FR","@id":"https:\/\/jimgreenfootwear.eu\/#\/schema\/logo\/image\/","url":"https:\/\/jimgreenfootwear.eu\/wp-content\/uploads\/2023\/11\/Jim-Green-4-copy@4x.png","contentUrl":"https:\/\/jimgreenfootwear.eu\/wp-content\/uploads\/2023\/11\/Jim-Green-4-copy@4x.png","width":1940,"height":1940,"caption":"Jim Green Footwear"},"image":{"@id":"https:\/\/jimgreenfootwear.eu\/#\/schema\/logo\/image\/"},"sameAs":["https:\/\/www.facebook.com\/jimgreenfootwear\/","https:\/\/x.com\/jimgreenfw","https:\/\/www.instagram.com\/jimgreenfootwear\/"]}]},"og_availability":"out of stock","product_availability":"out of stock","product_retailer_item_id":"AR08_ST_BCC_TW","product_condition":"new"},"_links":{"self":[{"href":"https:\/\/jimgreenfootwear.eu\/fr\/wp-json\/wp\/v2\/product\/50724","targetHints":{"allow":["GET"]}}],"collection":[{"href":"https:\/\/jimgreenfootwear.eu\/fr\/wp-json\/wp\/v2\/product"}],"about":[{"href":"https:\/\/jimgreenfootwear.eu\/fr\/wp-json\/wp\/v2\/types\/product"}],"replies":[{"embeddable":true,"href":"https:\/\/jimgreenfootwear.eu\/fr\/wp-json\/wp\/v2\/comments?post=50724"}],"wp:featuredmedia":[{"embeddable":true,"href":"https:\/\/jimgreenfootwear.eu\/fr\/wp-json\/wp\/v2\/media\/48782"}],"wp:attachment":[{"href":"https:\/\/jimgreenfootwear.eu\/fr\/wp-json\/wp\/v2\/media?parent=50724"}],"wp:term":[{"taxonomy":"product_brand","embeddable":true,"href":"https:\/\/jimgreenfootwear.eu\/fr\/wp-json\/wp\/v2\/product_brand?post=50724"},{"taxonomy":"product_cat","embeddable":true,"href":"https:\/\/jimgreenfootwear.eu\/fr\/wp-json\/wp\/v2\/product_cat?post=50724"},{"taxonomy":"product_tag","embeddable":true,"href":"https:\/\/jimgreenfootwear.eu\/fr\/wp-json\/wp\/v2\/product_tag?post=50724"}],"curies":[{"name":"wp","href":"https:\/\/api.w.org\/{rel}","templated":true}]}}