{"id":51268,"date":"2023-12-14T00:34:02","date_gmt":"2023-12-13T22:34:02","guid":{"rendered":"https:\/\/jimgreenfootwear.eu\/store\/numzaan-boot-natural-veg-tan\/"},"modified":"2025-11-11T01:19:37","modified_gmt":"2025-11-10T23:19:37","slug":"numzaan-boot-natural-veg-tan","status":"publish","type":"product","link":"https:\/\/jimgreenfootwear.eu\/fr\/store\/numzaan-boot-natural-veg-tan\/","title":{"rendered":"Numzaan Boot &#8211; Natural Veg Tan"},"content":{"rendered":"<div class=\"wpb-content-wrapper\"><p>[vc_row css=&#8221;.vc_custom_xxxxxx{padding-right: 15px !important;padding-bottom: 30px !important;padding-left: 15px !important;}&#8221;][vc_column width=&#8221;5\/6&#8243; css=&#8221;.vc_custom_padding_settings&#8221;][vc_column_text css=&#8221;&#8221;]<\/p>\n<h3><span style=\"font-family: nathan-serif; font-size: 24pt;\"><strong>Pr\u00e9sentation du nouveau \u201cChef\u201d de notre gamme \u2013 La Numzaan.<\/strong><\/span><\/h3>\n<p>[\/vc_column_text][\/vc_column][\/vc_row][vc_row][vc_column][vc_column_text]<\/p>\n<p>[\/vc_column_text][\/vc_column][\/vc_row][vc_row css=&#8221;.vc_custom_padding_settings{padding-right: 15px; padding-left: 15px; padding-bottom: 20px!important;}&#8221;][vc_column width=&#8221;1\/2&#8243; el_class=&#8221;description&#8221; css=&#8221;.vc_custom_xxxxxx{padding-bottom: 20px !important;}&#8221;][vc_column_text css=&#8221;&#8221;]<span style=\"font-family: nathan-serif; font-size: 14pt;\">Nous avons \u00e9cout\u00e9 nos clients et sommes ravis de vous pr\u00e9senter la botte Numzaan \u2014 con\u00e7ue avec la touche Jim Green pour une qualit\u00e9, un confort et une \u00e9l\u00e9gance au quotidien.<\/span><\/p>\n<p><span style=\"font-family: nathan-serif; font-size: 14pt;\">Issu du mot zoulou &#8220;Numzaan&#8221;, qui signifie chef de famille ou leader, nous pr\u00e9sentons fi\u00e8rement la botte Numzaan comme le &#8220;Chef&#8221; distingu\u00e9 de notre collection. Inspir\u00e9e de notre botte Baobab, elle \u00e9voque un h\u00e9ritage tout en int\u00e9grant notre nouveau cuir Veg Tan, en faisant notre botte la plus \u00e9l\u00e9gante \u00e0 ce jour.<\/span><\/p>\n<p><span style=\"font-family: nathan-serif; font-size: 14pt;\">Installez-vous confortablement car les sp\u00e9cifications sont nombreuses. La botte Numzaan arbore une tige \u00e0 double montage (2,2 mm doubl\u00e9e de 1,2 mm de cuir de veau) et se termine par un v\u00e9ritable bout renforc\u00e9, offrant plus de 5 mm de cuir autour des orteils. Les zones du talon et des orteils sont renforc\u00e9es avec des coques thermoplastiques pour un soutien accru, le tout associ\u00e9 \u00e0 un la\u00e7age montant et une languette \u00e0 soufflet.<\/span><\/p>\n<p><span style=\"font-family: nathan-serif; font-size: 14pt;\">Le motif de la\u00e7age unique r\u00e9duit la pression sur le pied, id\u00e9al lorsque vous avez besoin de resserrer vos bottes. Nous avons pouss\u00e9 le souci du d\u00e9tail en int\u00e9grant une premi\u00e8re en cuir, une semelle interm\u00e9diaire en cuir et une couche en r\u00e9sine (soit plus de 8 mm de cuir) qui s\u2019adapteront progressivement \u00e0 la forme de vos pieds. L\u2019ensemble repose sur la semelle innovante Frog Grip \u2014 un nouveau pas dans l\u2019\u00e9volution de la gamme Jim Green.<\/span><\/p>\n<p><span style=\"font-family: nathan-serif; font-size: 14pt;\">D\u00e9couvrez l\u2019\u00e9l\u00e9gance et le confort in\u00e9gal\u00e9s de la botte Numzaan \u2014 un v\u00e9ritable leader de notre gamme !<\/span>[\/vc_column_text][\/vc_column][vc_column width=&#8221;1\/2&#8243; el_class=&#8221;features&#8221;][vc_column_text css=&#8221;&#8221;]<\/p>\n<ul>\n<li><span style=\"font-family: nathan-serif; font-size: 14pt;\">Con\u00e7ue avec \u00e9l\u00e9gance et confort \u00e0 l\u2019esprit.<\/span><\/li>\n<li><span style=\"font-family: nathan-serif; font-size: 14pt;\">Fabriqu\u00e9e avec une double couche de cuir Veg Tan de 2,2 mm pour une durabilit\u00e9 accrue.<\/span><\/li>\n<li><span style=\"font-family: nathan-serif; font-size: 14pt;\">La double couche de cuir am\u00e9liore la r\u00e9sistance \u00e0 l\u2019eau (non \u00e9tanche).<\/span><\/li>\n<li><span style=\"font-family: nathan-serif; font-size: 14pt;\">V\u00e9ritable bout en cuir et kiltie int\u00e9gr\u00e9 pour le style et la durabilit\u00e9.<\/span><\/li>\n<li><span style=\"font-family: nathan-serif; font-size: 14pt;\">Zones orteils, talon et \u0153illets renforc\u00e9es avec une double couche de cuir pleine fleur de 2,2 mm.<\/span><\/li>\n<li><span style=\"font-family: nathan-serif; font-size: 14pt;\">Renforts au talon et \u00e0 la pointe pour plus de durabilit\u00e9, de maintien et de protection.<\/span><\/li>\n<li><span style=\"font-family: nathan-serif; font-size: 14pt;\">Cambrion en acier entre la premi\u00e8re et la semelle pour plus de soutien et de stabilit\u00e9.<\/span><\/li>\n<li><span style=\"font-family: nathan-serif; font-size: 14pt;\">Premi\u00e8re en cuir, semelle interm\u00e9diaire en cuir et couche de r\u00e9sine pour confort et long\u00e9vit\u00e9.<\/span><\/li>\n<li><span style=\"font-family: nathan-serif; font-size: 14pt;\">Crochets rapides et \u0153illets robustes pour un bon maintien du pied.<\/span><\/li>\n<li><span style=\"font-family: nathan-serif; font-size: 14pt;\">Semelle interm\u00e9diaire en cuir cousue \u00e0 la tige avec un fil de nylon tress\u00e9 2,2 mm \u00e0 double couture.<\/span><\/li>\n<li><span style=\"font-family: nathan-serif; font-size: 14pt;\">Comme toutes nos bottes, elle peut \u00eatre ressemel\u00e9e gr\u00e2ce \u00e0 sa construction double cousue.<\/span><\/li>\n<li><span style=\"font-family: nathan-serif; font-size: 14pt;\"><strong><u>Forme ASHM<\/u><\/strong> \u2013 Cette forme para\u00eet \u00e9troite mais propose une largeur D traditionnelle avec une bo\u00eete \u00e0 orteils l\u00e9g\u00e8rement affin\u00e9e.<\/span><\/li>\n<li><strong><span style=\"text-decoration: underline;\"><span style=\"font-family: nathan-serif; font-size: 14pt;\">Semelle : Frog Grip ou JG Lug<\/span><\/span><\/strong><\/li>\n<li><span style=\"font-family: nathan-serif; font-size: 14pt;\">Poids : 1,65 kg (pointure 08)<\/span><\/li>\n<li><span style=\"font-family: nathan-serif; font-size: 14pt;\">Lacets : 150 cm<\/span><\/li>\n<li><span style=\"font-size: 14pt;\">Fabriqu\u00e9 en Afrique du Sud<\/span><\/li>\n<\/ul>\n<p>[\/vc_column_text][\/vc_column][\/vc_row]<\/p>\n<\/div>","protected":false},"excerpt":{"rendered":"<p>[vc_row css=&#8221;.vc_custom_xxxxxx{padding-right: 15px !important;padding-bottom: 30px !important;padding-left: 15px !important;}&#8221;][vc_column width=&#8221;5\/6&#8243; css=&#8221;.vc_custom_padding_settings&#8221;][vc_column_text css=&#8221;&#8221;] Pr\u00e9sentation du nouveau \u201cChef\u201d de notre gamme \u2013 La Numzaan. [\/vc_column_text][\/vc_column][\/vc_row][vc_row][vc_column][vc_column_text] [\/vc_column_text][\/vc_column][\/vc_row][vc_row css=&#8221;.vc_custom_padding_settings{padding-right: 15px; padding-left: 15px; padding-bottom: 20px!important;}&#8221;][vc_column width=&#8221;1\/2&#8243; el_class=&#8221;description&#8221; css=&#8221;.vc_custom_xxxxxx{padding-bottom: 20px !important;}&#8221;][vc_column_text css=&#8221;&#8221;]Nous avons \u00e9cout\u00e9 nos clients et sommes ravis de vous pr\u00e9senter la botte Numzaan \u2014 con\u00e7ue avec la touche Jim Green [&hellip;]<\/p>\n","protected":false},"featured_media":48086,"comment_status":"open","ping_status":"closed","template":"","meta":{"_acf_changed":false},"product_brand":[],"product_cat":[352,336,334],"product_tag":[391],"class_list":{"0":"post-51268","1":"product","2":"type-product","3":"status-publish","4":"has-post-thumbnail","6":"product_cat-premium-fr","7":"product_cat-hiking-adventure-fr","8":"product_cat-all-fr","9":"product_tag-premium-fr-2","10":"product_shipping_class-boots","11":"tm-has-options","13":"first","14":"outofstock","15":"taxable","16":"shipping-taxable","17":"purchasable","18":"product-type-variable"},"group_of_quantity":0,"min_quantity":0,"max_quantity":"","exclude_order_quantity_value_rules":"no","exclude_category_quantity_rules":"no","combine_variations":"no","acf":[],"yoast_head":"<!-- This site is optimized with the Yoast SEO plugin v27.3 - https:\/\/yoast.com\/product\/yoast-seo-wordpress\/ -->\n<title>Numzaan Boot - Natural Veg Tan - Jim Green<\/title>\n<meta name=\"robots\" content=\"index, follow, max-snippet:-1, max-image-preview:large, max-video-preview:-1\" \/>\n<link rel=\"canonical\" href=\"https:\/\/jimgreenfootwear.eu\/fr\/store\/numzaan-boot-natural-veg-tan\/\" \/>\n<meta property=\"og:locale\" content=\"fr_FR\" \/>\n<meta property=\"og:type\" content=\"article\" \/>\n<meta property=\"og:title\" content=\"Numzaan Boot - Natural Veg Tan - Jim Green\" \/>\n<meta property=\"og:description\" content=\"[vc_row css=&#8221;.vc_custom_xxxxxx{padding-right: 15px !important;padding-bottom: 30px !important;padding-left: 15px !important;}&#8221;][vc_column width=&#8221;5\/6&#8243; css=&#8221;.vc_custom_padding_settings&#8221;][vc_column_text css=&#8221;&#8221;] Pr\u00e9sentation du nouveau \u201cChef\u201d de notre gamme \u2013 La Numzaan. [\/vc_column_text][\/vc_column][\/vc_row][vc_row][vc_column][vc_column_text] [\/vc_column_text][\/vc_column][\/vc_row][vc_row css=&#8221;.vc_custom_padding_settings{padding-right: 15px; padding-left: 15px; padding-bottom: 20px!important;}&#8221;][vc_column width=&#8221;1\/2&#8243; el_class=&#8221;description&#8221; css=&#8221;.vc_custom_xxxxxx{padding-bottom: 20px !important;}&#8221;][vc_column_text css=&#8221;&#8221;]Nous avons \u00e9cout\u00e9 nos clients et sommes ravis de vous pr\u00e9senter la botte Numzaan \u2014 con\u00e7ue avec la touche Jim Green [&hellip;]\" \/>\n<meta property=\"og:url\" content=\"https:\/\/jimgreenfootwear.eu\/fr\/store\/numzaan-boot-natural-veg-tan\/\" \/>\n<meta property=\"og:site_name\" content=\"Jim Green\" \/>\n<meta property=\"article:publisher\" content=\"https:\/\/www.facebook.com\/jimgreenfootwear\/\" \/>\n<meta property=\"article:modified_time\" content=\"2025-11-10T23:19:37+00:00\" \/>\n<meta property=\"og:image\" content=\"https:\/\/jimgreenfootwear.eu\/wp-content\/uploads\/2023\/12\/JIM-GREEN_AM31_VTN_FG_1-scaled.jpg\" \/>\n\t<meta property=\"og:image:width\" content=\"2560\" \/>\n\t<meta property=\"og:image:height\" content=\"2560\" \/>\n\t<meta property=\"og:image:type\" content=\"image\/jpeg\" \/>\n<meta name=\"twitter:card\" content=\"summary_large_image\" \/>\n<meta name=\"twitter:site\" content=\"@jimgreenfw\" \/>\n<meta name=\"twitter:label1\" content=\"Disponibilit\u00e9\" \/>\n\t<meta name=\"twitter:data1\" content=\"Rupture de stock\" \/>\n<script type=\"application\/ld+json\" class=\"yoast-schema-graph\">{\"@context\":\"https:\\\/\\\/schema.org\",\"@graph\":[{\"@type\":\"WebPage\",\"@id\":\"https:\\\/\\\/jimgreenfootwear.eu\\\/fr\\\/store\\\/numzaan-boot-natural-veg-tan\\\/\",\"url\":\"https:\\\/\\\/jimgreenfootwear.eu\\\/fr\\\/store\\\/numzaan-boot-natural-veg-tan\\\/\",\"name\":\"Numzaan Boot - Natural Veg Tan - Jim Green\",\"isPartOf\":{\"@id\":\"https:\\\/\\\/jimgreenfootwear.eu\\\/#website\"},\"primaryImageOfPage\":{\"@id\":\"https:\\\/\\\/jimgreenfootwear.eu\\\/fr\\\/store\\\/numzaan-boot-natural-veg-tan\\\/#primaryimage\"},\"image\":{\"@id\":\"https:\\\/\\\/jimgreenfootwear.eu\\\/fr\\\/store\\\/numzaan-boot-natural-veg-tan\\\/#primaryimage\"},\"thumbnailUrl\":\"https:\\\/\\\/jimgreenfootwear.eu\\\/wp-content\\\/uploads\\\/2023\\\/12\\\/JIM-GREEN_AM31_VTN_JGLB_1-scaled.jpg\",\"datePublished\":\"2023-12-13T22:34:02+00:00\",\"dateModified\":\"2025-11-10T23:19:37+00:00\",\"breadcrumb\":{\"@id\":\"https:\\\/\\\/jimgreenfootwear.eu\\\/fr\\\/store\\\/numzaan-boot-natural-veg-tan\\\/#breadcrumb\"},\"inLanguage\":\"fr-FR\",\"potentialAction\":[{\"@type\":\"ReadAction\",\"target\":[\"https:\\\/\\\/jimgreenfootwear.eu\\\/fr\\\/store\\\/numzaan-boot-natural-veg-tan\\\/\"]}]},{\"@type\":\"ImageObject\",\"inLanguage\":\"fr-FR\",\"@id\":\"https:\\\/\\\/jimgreenfootwear.eu\\\/fr\\\/store\\\/numzaan-boot-natural-veg-tan\\\/#primaryimage\",\"url\":\"https:\\\/\\\/jimgreenfootwear.eu\\\/wp-content\\\/uploads\\\/2023\\\/12\\\/JIM-GREEN_AM31_VTN_JGLB_1-scaled.jpg\",\"contentUrl\":\"https:\\\/\\\/jimgreenfootwear.eu\\\/wp-content\\\/uploads\\\/2023\\\/12\\\/JIM-GREEN_AM31_VTN_JGLB_1-scaled.jpg\",\"width\":2560,\"height\":2560},{\"@type\":\"BreadcrumbList\",\"@id\":\"https:\\\/\\\/jimgreenfootwear.eu\\\/fr\\\/store\\\/numzaan-boot-natural-veg-tan\\\/#breadcrumb\",\"itemListElement\":[{\"@type\":\"ListItem\",\"position\":1,\"name\":\"Home\",\"item\":\"https:\\\/\\\/jimgreenfootwear.eu\\\/fr\\\/\"},{\"@type\":\"ListItem\",\"position\":2,\"name\":\"Boutique\",\"item\":\"https:\\\/\\\/jimgreenfootwear.eu\\\/fr\\\/boutique\\\/\"},{\"@type\":\"ListItem\",\"position\":3,\"name\":\"Numzaan Boot &#8211; Natural Veg Tan\"}]},{\"@type\":\"WebSite\",\"@id\":\"https:\\\/\\\/jimgreenfootwear.eu\\\/#website\",\"url\":\"https:\\\/\\\/jimgreenfootwear.eu\\\/\",\"name\":\"Jim Green\",\"description\":\"Footwear EU - Quality Hiking &amp; Safety Boots\",\"publisher\":{\"@id\":\"https:\\\/\\\/jimgreenfootwear.eu\\\/#organization\"},\"potentialAction\":[{\"@type\":\"SearchAction\",\"target\":{\"@type\":\"EntryPoint\",\"urlTemplate\":\"https:\\\/\\\/jimgreenfootwear.eu\\\/?s={search_term_string}\"},\"query-input\":{\"@type\":\"PropertyValueSpecification\",\"valueRequired\":true,\"valueName\":\"search_term_string\"}}],\"inLanguage\":\"fr-FR\"},{\"@type\":\"Organization\",\"@id\":\"https:\\\/\\\/jimgreenfootwear.eu\\\/#organization\",\"name\":\"Jim Green Footwear\",\"alternateName\":\"Jim Green\",\"url\":\"https:\\\/\\\/jimgreenfootwear.eu\\\/\",\"logo\":{\"@type\":\"ImageObject\",\"inLanguage\":\"fr-FR\",\"@id\":\"https:\\\/\\\/jimgreenfootwear.eu\\\/#\\\/schema\\\/logo\\\/image\\\/\",\"url\":\"https:\\\/\\\/jimgreenfootwear.eu\\\/wp-content\\\/uploads\\\/2023\\\/11\\\/Jim-Green-4-copy@4x.png\",\"contentUrl\":\"https:\\\/\\\/jimgreenfootwear.eu\\\/wp-content\\\/uploads\\\/2023\\\/11\\\/Jim-Green-4-copy@4x.png\",\"width\":1940,\"height\":1940,\"caption\":\"Jim Green Footwear\"},\"image\":{\"@id\":\"https:\\\/\\\/jimgreenfootwear.eu\\\/#\\\/schema\\\/logo\\\/image\\\/\"},\"sameAs\":[\"https:\\\/\\\/www.facebook.com\\\/jimgreenfootwear\\\/\",\"https:\\\/\\\/x.com\\\/jimgreenfw\",\"https:\\\/\\\/www.instagram.com\\\/jimgreenfootwear\\\/\"]}]}<\/script>\n<meta property=\"og:availability\" content=\"out of stock\" \/>\n<meta property=\"product:availability\" content=\"out of stock\" \/>\n<meta property=\"product:retailer_item_id\" content=\"AM31_VTN\" \/>\n<meta property=\"product:condition\" content=\"new\" \/>\n<!-- \/ Yoast SEO plugin. -->","yoast_head_json":{"title":"Numzaan Boot - Natural Veg Tan - Jim Green","robots":{"index":"index","follow":"follow","max-snippet":"max-snippet:-1","max-image-preview":"max-image-preview:large","max-video-preview":"max-video-preview:-1"},"canonical":"https:\/\/jimgreenfootwear.eu\/fr\/store\/numzaan-boot-natural-veg-tan\/","og_locale":"fr_FR","og_type":"article","og_title":"Numzaan Boot - Natural Veg Tan - Jim Green","og_description":"[vc_row css=&#8221;.vc_custom_xxxxxx{padding-right: 15px !important;padding-bottom: 30px !important;padding-left: 15px !important;}&#8221;][vc_column width=&#8221;5\/6&#8243; css=&#8221;.vc_custom_padding_settings&#8221;][vc_column_text css=&#8221;&#8221;] Pr\u00e9sentation du nouveau \u201cChef\u201d de notre gamme \u2013 La Numzaan. [\/vc_column_text][\/vc_column][\/vc_row][vc_row][vc_column][vc_column_text] [\/vc_column_text][\/vc_column][\/vc_row][vc_row css=&#8221;.vc_custom_padding_settings{padding-right: 15px; padding-left: 15px; padding-bottom: 20px!important;}&#8221;][vc_column width=&#8221;1\/2&#8243; el_class=&#8221;description&#8221; css=&#8221;.vc_custom_xxxxxx{padding-bottom: 20px !important;}&#8221;][vc_column_text css=&#8221;&#8221;]Nous avons \u00e9cout\u00e9 nos clients et sommes ravis de vous pr\u00e9senter la botte Numzaan \u2014 con\u00e7ue avec la touche Jim Green [&hellip;]","og_url":"https:\/\/jimgreenfootwear.eu\/fr\/store\/numzaan-boot-natural-veg-tan\/","og_site_name":"Jim Green","article_publisher":"https:\/\/www.facebook.com\/jimgreenfootwear\/","article_modified_time":"2025-11-10T23:19:37+00:00","og_image":[{"width":2560,"height":2560,"url":"https:\/\/jimgreenfootwear.eu\/wp-content\/uploads\/2023\/12\/JIM-GREEN_AM31_VTN_FG_1-scaled.jpg","type":"image\/jpeg"}],"twitter_card":"summary_large_image","twitter_site":"@jimgreenfw","twitter_misc":{"Disponibilit\u00e9":"Rupture de stock"},"schema":{"@context":"https:\/\/schema.org","@graph":[{"@type":"WebPage","@id":"https:\/\/jimgreenfootwear.eu\/fr\/store\/numzaan-boot-natural-veg-tan\/","url":"https:\/\/jimgreenfootwear.eu\/fr\/store\/numzaan-boot-natural-veg-tan\/","name":"Numzaan Boot - Natural Veg Tan - Jim Green","isPartOf":{"@id":"https:\/\/jimgreenfootwear.eu\/#website"},"primaryImageOfPage":{"@id":"https:\/\/jimgreenfootwear.eu\/fr\/store\/numzaan-boot-natural-veg-tan\/#primaryimage"},"image":{"@id":"https:\/\/jimgreenfootwear.eu\/fr\/store\/numzaan-boot-natural-veg-tan\/#primaryimage"},"thumbnailUrl":"https:\/\/jimgreenfootwear.eu\/wp-content\/uploads\/2023\/12\/JIM-GREEN_AM31_VTN_JGLB_1-scaled.jpg","datePublished":"2023-12-13T22:34:02+00:00","dateModified":"2025-11-10T23:19:37+00:00","breadcrumb":{"@id":"https:\/\/jimgreenfootwear.eu\/fr\/store\/numzaan-boot-natural-veg-tan\/#breadcrumb"},"inLanguage":"fr-FR","potentialAction":[{"@type":"ReadAction","target":["https:\/\/jimgreenfootwear.eu\/fr\/store\/numzaan-boot-natural-veg-tan\/"]}]},{"@type":"ImageObject","inLanguage":"fr-FR","@id":"https:\/\/jimgreenfootwear.eu\/fr\/store\/numzaan-boot-natural-veg-tan\/#primaryimage","url":"https:\/\/jimgreenfootwear.eu\/wp-content\/uploads\/2023\/12\/JIM-GREEN_AM31_VTN_JGLB_1-scaled.jpg","contentUrl":"https:\/\/jimgreenfootwear.eu\/wp-content\/uploads\/2023\/12\/JIM-GREEN_AM31_VTN_JGLB_1-scaled.jpg","width":2560,"height":2560},{"@type":"BreadcrumbList","@id":"https:\/\/jimgreenfootwear.eu\/fr\/store\/numzaan-boot-natural-veg-tan\/#breadcrumb","itemListElement":[{"@type":"ListItem","position":1,"name":"Home","item":"https:\/\/jimgreenfootwear.eu\/fr\/"},{"@type":"ListItem","position":2,"name":"Boutique","item":"https:\/\/jimgreenfootwear.eu\/fr\/boutique\/"},{"@type":"ListItem","position":3,"name":"Numzaan Boot &#8211; Natural Veg Tan"}]},{"@type":"WebSite","@id":"https:\/\/jimgreenfootwear.eu\/#website","url":"https:\/\/jimgreenfootwear.eu\/","name":"Jim Green","description":"Footwear EU - Quality Hiking &amp; Safety Boots","publisher":{"@id":"https:\/\/jimgreenfootwear.eu\/#organization"},"potentialAction":[{"@type":"SearchAction","target":{"@type":"EntryPoint","urlTemplate":"https:\/\/jimgreenfootwear.eu\/?s={search_term_string}"},"query-input":{"@type":"PropertyValueSpecification","valueRequired":true,"valueName":"search_term_string"}}],"inLanguage":"fr-FR"},{"@type":"Organization","@id":"https:\/\/jimgreenfootwear.eu\/#organization","name":"Jim Green Footwear","alternateName":"Jim Green","url":"https:\/\/jimgreenfootwear.eu\/","logo":{"@type":"ImageObject","inLanguage":"fr-FR","@id":"https:\/\/jimgreenfootwear.eu\/#\/schema\/logo\/image\/","url":"https:\/\/jimgreenfootwear.eu\/wp-content\/uploads\/2023\/11\/Jim-Green-4-copy@4x.png","contentUrl":"https:\/\/jimgreenfootwear.eu\/wp-content\/uploads\/2023\/11\/Jim-Green-4-copy@4x.png","width":1940,"height":1940,"caption":"Jim Green Footwear"},"image":{"@id":"https:\/\/jimgreenfootwear.eu\/#\/schema\/logo\/image\/"},"sameAs":["https:\/\/www.facebook.com\/jimgreenfootwear\/","https:\/\/x.com\/jimgreenfw","https:\/\/www.instagram.com\/jimgreenfootwear\/"]}]},"og_availability":"out of stock","product_availability":"out of stock","product_retailer_item_id":"AM31_VTN","product_condition":"new"},"_links":{"self":[{"href":"https:\/\/jimgreenfootwear.eu\/fr\/wp-json\/wp\/v2\/product\/51268","targetHints":{"allow":["GET"]}}],"collection":[{"href":"https:\/\/jimgreenfootwear.eu\/fr\/wp-json\/wp\/v2\/product"}],"about":[{"href":"https:\/\/jimgreenfootwear.eu\/fr\/wp-json\/wp\/v2\/types\/product"}],"replies":[{"embeddable":true,"href":"https:\/\/jimgreenfootwear.eu\/fr\/wp-json\/wp\/v2\/comments?post=51268"}],"wp:featuredmedia":[{"embeddable":true,"href":"https:\/\/jimgreenfootwear.eu\/fr\/wp-json\/wp\/v2\/media\/48086"}],"wp:attachment":[{"href":"https:\/\/jimgreenfootwear.eu\/fr\/wp-json\/wp\/v2\/media?parent=51268"}],"wp:term":[{"taxonomy":"product_brand","embeddable":true,"href":"https:\/\/jimgreenfootwear.eu\/fr\/wp-json\/wp\/v2\/product_brand?post=51268"},{"taxonomy":"product_cat","embeddable":true,"href":"https:\/\/jimgreenfootwear.eu\/fr\/wp-json\/wp\/v2\/product_cat?post=51268"},{"taxonomy":"product_tag","embeddable":true,"href":"https:\/\/jimgreenfootwear.eu\/fr\/wp-json\/wp\/v2\/product_tag?post=51268"}],"curies":[{"name":"wp","href":"https:\/\/api.w.org\/{rel}","templated":true}]}}