{"id":51426,"date":"2014-09-03T20:24:52","date_gmt":"2014-09-03T18:24:52","guid":{"rendered":"https:\/\/jimgreenfootwear.eu\/store\/razorback-b6\/"},"modified":"2026-04-11T10:25:05","modified_gmt":"2026-04-11T08:25:05","slug":"razorback-b6","status":"publish","type":"product","link":"https:\/\/jimgreenfootwear.eu\/fr\/store\/razorback-b6\/","title":{"rendered":"Razorback &#8211; Brown"},"content":{"rendered":"<div class=\"wpb-content-wrapper\"><p>[vc_row css=&#8221;.vc_custom_xxxxxx{padding-right: 15px !important;padding-bottom: 30px !important;padding-left: 15px !important;}&#8221;][vc_column width=&#8221;5\/6&#8243; css=&#8221;.vc_custom_padding_settings&#8221;][vc_column_text css=&#8221;&#8221;]<\/p>\n<h3><span style=\"font-family: nathan-serif; font-size: 24pt;\"><strong>Robuste comme l\u2019Afrique \u2013 fait pour durer<\/strong><\/span><\/h3>\n<p>[\/vc_column_text][\/vc_column][\/vc_row][vc_row][vc_column][vc_column_text]<\/p>\n<p>[\/vc_column_text][\/vc_column][\/vc_row][vc_row css=&#8221;.vc_custom_padding_settings{padding-right: 15px; padding-left: 15px; padding-bottom: 20px!important;}&#8221;][vc_column width=&#8221;1\/2&#8243; el_class=&#8221;description&#8221; css=&#8221;.vc_custom_xxxxxx{padding-bottom: 20px !important;}&#8221;][vc_column_text css=&#8221;&#8221;]<\/p>\n<p style=\"font-family: nathan-serif; font-size: 13pt;\"><span style=\"font-size: 14pt;\">Le Jim Green Razorback est inspir\u00e9e par l\u2019Afrique, con\u00e7ue pour relever les d\u00e9fis quotidiens du travail et de l\u2019ext\u00e9rieur, m\u00eame dans les terrains les plus exigeants. Sa tige en double couche de cuir combin\u00e9e \u00e0 une semelle en caoutchouc pur offre une stabilit\u00e9, un confort et une adh\u00e9rence exceptionnels.<\/span><\/p>\n<p style=\"font-family: nathan-serif; font-size: 13pt;\"><span style=\"font-size: 14pt;\">Depuis plus de 30 ans, la Razorback est le choix pr\u00e9f\u00e9r\u00e9 des lodges de safari en Afrique du Sud et des passionn\u00e9s d\u2019activit\u00e9s outdoor. R\u00e9put\u00e9e pour son endurance l\u00e9gendaire et respect\u00e9e pour sa durabilit\u00e9. Aucune autre botte n\u2019est aussi polyvalente : des sommets aux sols d\u2019usine, la Razorback est pr\u00eate \u00e0 affronter tous les terrains.<\/span><\/p>\n<p style=\"font-family: nathan-serif; font-size: 13pt;\"><span style=\"font-size: 14pt;\">Kilom\u00e8tre apr\u00e8s kilom\u00e8tre, ann\u00e9e apr\u00e8s ann\u00e9e, la Razorback est cette vieille amie sur laquelle vous pouvez toujours compter pour vous accompagner avec confort, m\u00eame dans les conditions les plus rudes.<\/span><\/p>\n<p>[\/vc_column_text][\/vc_column][vc_column width=&#8221;1\/2&#8243; el_class=&#8221;features&#8221;][vc_column_text css=&#8221;&#8221;]<\/p>\n<ul>\n<li style=\"text-align: left;\" data-start=\"1341\" data-end=\"1432\"><span style=\"font-family: nathan-serif; font-size: 14pt;\">Tige en cuir \u00e0 double \u00e9paisseur (2,2 mm cuir pleine fleur, doubl\u00e9 de 1,6 mm cuir de veau)<\/span><\/li>\n<li data-start=\"1435\" data-end=\"1525\"><span style=\"font-family: nathan-serif; font-size: 14pt;\">La double couche de cuir conf\u00e8re \u00e0 la botte des propri\u00e9t\u00e9s d\u00e9perlantes (non imperm\u00e9able)<\/span><\/li>\n<li data-start=\"1528\" data-end=\"1618\"><span style=\"font-family: nathan-serif; font-size: 14pt;\">Col rembourr\u00e9 au niveau de la cheville pour un excellent maintien, confort et protection<\/span><\/li>\n<li data-start=\"1621\" data-end=\"1698\"><span style=\"font-family: nathan-serif; font-size: 14pt;\">Bout renforc\u00e9 thermoplastique et contrefort de talon pour plus de stabilit\u00e9<\/span><\/li>\n<li data-start=\"1701\" data-end=\"1814\"><span style=\"font-family: nathan-serif; font-size: 14pt;\">Cambrion en acier entre la premi\u00e8re de montage et la semelle ext\u00e9rieure pour un soutien et une stabilit\u00e9 accrus<\/span><\/li>\n<li data-start=\"1817\" data-end=\"1909\"><span style=\"font-family: nathan-serif; font-size: 14pt;\">Premi\u00e8re de montage fix\u00e9e \u00e0 la tige avec un fil de nylon tress\u00e9 de 2,2 mm \u00e0 double couture<\/span><\/li>\n<li data-start=\"1912\" data-end=\"1953\"><span style=\"font-family: nathan-serif; font-size: 14pt;\">Semelle en caoutchouc naturel v\u00e9ritable<\/span><\/li>\n<li data-start=\"1956\" data-end=\"1982\"><span style=\"font-family: nathan-serif; font-size: 14pt;\">Ressemelable \/ r\u00e9parable<\/span><\/li>\n<li data-start=\"1985\" data-end=\"2169\"><span style=\"font-family: nathan-serif; font-size: 14pt;\">Gr\u00e2ce \u00e0 sa double couche de cuir, le Razorback affronte tous les terrains \u2013 id\u00e9al pour les travailleurs en ext\u00e9rieur ou les randonneurs \u00e0 la recherche d\u2019une robustesse exceptionnelle<\/span><\/li>\n<li data-start=\"2172\" data-end=\"2261\"><span style=\"font-family: nathan-serif; font-size: 14pt;\"><strong><span style=\"text-decoration: underline;\">Forme\u00a0 JG<\/span> <\/strong>\u2013 Forme largeur 3E, avant-pied large, bo\u00eete \u00e0 orteils g\u00e9n\u00e9reuse, associ\u00e9e \u00e0 un profil plus bas et plus plat pour sensation plus structur\u00e9e et plus stable.<\/span><\/li>\n<li data-start=\"2264\" data-end=\"2351\"><span style=\"font-family: nathan-serif; font-size: 14pt;\"><strong><span style=\"text-decoration: underline;\">Semelle\u00a0 JG<\/span><\/strong> \u2013 Semelle crant\u00e9e en caoutchouc v\u00e9ritable offrant adh\u00e9rence et stabilit\u00e9<\/span><\/li>\n<li data-start=\"2354\" data-end=\"2397\"><span style=\"font-family: nathan-serif; font-size: 14pt;\">Poids : env. 1,56 kg (Taille 08)<\/span><\/li>\n<li style=\"text-align: left;\" data-start=\"2400\" data-end=\"2417\"><span style=\"font-family: nathan-serif; font-size: 14pt;\">Lacets : 175 cm<\/span><\/li>\n<\/ul>\n<p>[\/vc_column_text][\/vc_column][\/vc_row]<\/p>\n<\/div>","protected":false},"excerpt":{"rendered":"<p>[vc_row css=&#8221;.vc_custom_xxxxxx{padding-right: 15px !important;padding-bottom: 30px !important;padding-left: 15px !important;}&#8221;][vc_column width=&#8221;5\/6&#8243; css=&#8221;.vc_custom_padding_settings&#8221;][vc_column_text css=&#8221;&#8221;] Robuste comme l\u2019Afrique \u2013 fait pour durer [\/vc_column_text][\/vc_column][\/vc_row][vc_row][vc_column][vc_column_text] [\/vc_column_text][\/vc_column][\/vc_row][vc_row css=&#8221;.vc_custom_padding_settings{padding-right: 15px; padding-left: 15px; padding-bottom: 20px!important;}&#8221;][vc_column width=&#8221;1\/2&#8243; el_class=&#8221;description&#8221; css=&#8221;.vc_custom_xxxxxx{padding-bottom: 20px !important;}&#8221;][vc_column_text css=&#8221;&#8221;] Le Jim Green Razorback est inspir\u00e9e par l\u2019Afrique, con\u00e7ue pour relever les d\u00e9fis quotidiens du travail et de l\u2019ext\u00e9rieur, m\u00eame dans les terrains [&hellip;]<\/p>\n","protected":false},"featured_media":45134,"comment_status":"open","ping_status":"closed","template":"","meta":{"_acf_changed":false},"product_brand":[],"product_cat":[336,334],"product_tag":[],"class_list":{"0":"post-51426","1":"product","2":"type-product","3":"status-publish","4":"has-post-thumbnail","6":"product_cat-hiking-adventure-fr","7":"product_cat-all-fr","8":"product_shipping_class-boots","9":"tm-has-options","11":"first","12":"outofstock","13":"taxable","14":"shipping-taxable","15":"purchasable","16":"product-type-variable"},"group_of_quantity":0,"min_quantity":0,"max_quantity":"","exclude_order_quantity_value_rules":"no","exclude_category_quantity_rules":"no","combine_variations":"no","acf":[],"yoast_head":"<!-- This site is optimized with the Yoast SEO plugin v27.3 - https:\/\/yoast.com\/product\/yoast-seo-wordpress\/ -->\n<title>Razorback - Brown - Jim Green<\/title>\n<meta name=\"robots\" content=\"index, follow, max-snippet:-1, max-image-preview:large, max-video-preview:-1\" \/>\n<link rel=\"canonical\" href=\"https:\/\/jimgreenfootwear.eu\/fr\/store\/razorback-b6\/\" \/>\n<meta property=\"og:locale\" content=\"fr_FR\" \/>\n<meta property=\"og:type\" content=\"article\" \/>\n<meta property=\"og:title\" content=\"Razorback - Brown - Jim Green\" \/>\n<meta property=\"og:description\" content=\"The Jim Green Razorback boot is inspired by Africa, designed to take on the daily outdoor and work challenges that come with the harsh terrain. Its double layer of leather upper combines with a pure rubber sole to give you superior stability, comfort and grip.For over 30 years, the Jim Green Razorback has been the choice of South Africa\u2019s\u2019 safari lodges and outdoor enthusiast. Famous for its never say die attitude and respected for its durability. No other boot is more versatile, from mountain tops to factory floors, the Razorback is ready for any challenge.Mile after mile, year after year, the Razorback, an old friend you can always count on to get you from here to there in rugged comfort.\" \/>\n<meta property=\"og:url\" content=\"https:\/\/jimgreenfootwear.eu\/fr\/store\/razorback-b6\/\" \/>\n<meta property=\"og:site_name\" content=\"Jim Green\" \/>\n<meta property=\"article:publisher\" content=\"https:\/\/www.facebook.com\/jimgreenfootwear\/\" \/>\n<meta property=\"article:modified_time\" content=\"2026-04-11T08:25:05+00:00\" \/>\n<meta property=\"og:image\" content=\"https:\/\/jimgreenfootwear.eu\/wp-content\/uploads\/2021\/03\/Razorback-Brown-2.jpg\" \/>\n\t<meta property=\"og:image:width\" content=\"1575\" \/>\n\t<meta property=\"og:image:height\" content=\"1575\" \/>\n\t<meta property=\"og:image:type\" content=\"image\/jpeg\" \/>\n<meta name=\"twitter:card\" content=\"summary_large_image\" \/>\n<meta name=\"twitter:site\" content=\"@jimgreenfw\" \/>\n<meta name=\"twitter:label1\" content=\"Disponibilit\u00e9\" \/>\n\t<meta name=\"twitter:data1\" content=\"Rupture de stock\" \/>\n<script type=\"application\/ld+json\" class=\"yoast-schema-graph\">{\"@context\":\"https:\\\/\\\/schema.org\",\"@graph\":[{\"@type\":\"WebPage\",\"@id\":\"https:\\\/\\\/jimgreenfootwear.eu\\\/fr\\\/store\\\/razorback-b6\\\/\",\"url\":\"https:\\\/\\\/jimgreenfootwear.eu\\\/fr\\\/store\\\/razorback-b6\\\/\",\"name\":\"Razorback - Brown - Jim Green\",\"isPartOf\":{\"@id\":\"https:\\\/\\\/jimgreenfootwear.eu\\\/#website\"},\"primaryImageOfPage\":{\"@id\":\"https:\\\/\\\/jimgreenfootwear.eu\\\/fr\\\/store\\\/razorback-b6\\\/#primaryimage\"},\"image\":{\"@id\":\"https:\\\/\\\/jimgreenfootwear.eu\\\/fr\\\/store\\\/razorback-b6\\\/#primaryimage\"},\"thumbnailUrl\":\"https:\\\/\\\/jimgreenfootwear.eu\\\/wp-content\\\/uploads\\\/2021\\\/03\\\/Razorback-Brown-2.jpg\",\"datePublished\":\"2014-09-03T18:24:52+00:00\",\"dateModified\":\"2026-04-11T08:25:05+00:00\",\"breadcrumb\":{\"@id\":\"https:\\\/\\\/jimgreenfootwear.eu\\\/fr\\\/store\\\/razorback-b6\\\/#breadcrumb\"},\"inLanguage\":\"fr-FR\",\"potentialAction\":[{\"@type\":\"ReadAction\",\"target\":[\"https:\\\/\\\/jimgreenfootwear.eu\\\/fr\\\/store\\\/razorback-b6\\\/\"]}]},{\"@type\":\"ImageObject\",\"inLanguage\":\"fr-FR\",\"@id\":\"https:\\\/\\\/jimgreenfootwear.eu\\\/fr\\\/store\\\/razorback-b6\\\/#primaryimage\",\"url\":\"https:\\\/\\\/jimgreenfootwear.eu\\\/wp-content\\\/uploads\\\/2021\\\/03\\\/Razorback-Brown-2.jpg\",\"contentUrl\":\"https:\\\/\\\/jimgreenfootwear.eu\\\/wp-content\\\/uploads\\\/2021\\\/03\\\/Razorback-Brown-2.jpg\",\"width\":1575,\"height\":1575},{\"@type\":\"BreadcrumbList\",\"@id\":\"https:\\\/\\\/jimgreenfootwear.eu\\\/fr\\\/store\\\/razorback-b6\\\/#breadcrumb\",\"itemListElement\":[{\"@type\":\"ListItem\",\"position\":1,\"name\":\"Home\",\"item\":\"https:\\\/\\\/jimgreenfootwear.eu\\\/fr\\\/\"},{\"@type\":\"ListItem\",\"position\":2,\"name\":\"Boutique\",\"item\":\"https:\\\/\\\/jimgreenfootwear.eu\\\/fr\\\/boutique\\\/\"},{\"@type\":\"ListItem\",\"position\":3,\"name\":\"Razorback &#8211; Brown\"}]},{\"@type\":\"WebSite\",\"@id\":\"https:\\\/\\\/jimgreenfootwear.eu\\\/#website\",\"url\":\"https:\\\/\\\/jimgreenfootwear.eu\\\/\",\"name\":\"Jim Green\",\"description\":\"Footwear EU - Quality Hiking &amp; Safety Boots\",\"publisher\":{\"@id\":\"https:\\\/\\\/jimgreenfootwear.eu\\\/#organization\"},\"potentialAction\":[{\"@type\":\"SearchAction\",\"target\":{\"@type\":\"EntryPoint\",\"urlTemplate\":\"https:\\\/\\\/jimgreenfootwear.eu\\\/?s={search_term_string}\"},\"query-input\":{\"@type\":\"PropertyValueSpecification\",\"valueRequired\":true,\"valueName\":\"search_term_string\"}}],\"inLanguage\":\"fr-FR\"},{\"@type\":\"Organization\",\"@id\":\"https:\\\/\\\/jimgreenfootwear.eu\\\/#organization\",\"name\":\"Jim Green Footwear\",\"alternateName\":\"Jim Green\",\"url\":\"https:\\\/\\\/jimgreenfootwear.eu\\\/\",\"logo\":{\"@type\":\"ImageObject\",\"inLanguage\":\"fr-FR\",\"@id\":\"https:\\\/\\\/jimgreenfootwear.eu\\\/#\\\/schema\\\/logo\\\/image\\\/\",\"url\":\"https:\\\/\\\/jimgreenfootwear.eu\\\/wp-content\\\/uploads\\\/2023\\\/11\\\/Jim-Green-4-copy@4x.png\",\"contentUrl\":\"https:\\\/\\\/jimgreenfootwear.eu\\\/wp-content\\\/uploads\\\/2023\\\/11\\\/Jim-Green-4-copy@4x.png\",\"width\":1940,\"height\":1940,\"caption\":\"Jim Green Footwear\"},\"image\":{\"@id\":\"https:\\\/\\\/jimgreenfootwear.eu\\\/#\\\/schema\\\/logo\\\/image\\\/\"},\"sameAs\":[\"https:\\\/\\\/www.facebook.com\\\/jimgreenfootwear\\\/\",\"https:\\\/\\\/x.com\\\/jimgreenfw\",\"https:\\\/\\\/www.instagram.com\\\/jimgreenfootwear\\\/\"]}]}<\/script>\n<meta property=\"og:availability\" content=\"out of stock\" \/>\n<meta property=\"product:availability\" content=\"out of stock\" \/>\n<meta property=\"product:retailer_item_id\" content=\"B6_JGC_JG\" \/>\n<meta property=\"product:condition\" content=\"new\" \/>\n<!-- \/ Yoast SEO plugin. -->","yoast_head_json":{"title":"Razorback - Brown - Jim Green","robots":{"index":"index","follow":"follow","max-snippet":"max-snippet:-1","max-image-preview":"max-image-preview:large","max-video-preview":"max-video-preview:-1"},"canonical":"https:\/\/jimgreenfootwear.eu\/fr\/store\/razorback-b6\/","og_locale":"fr_FR","og_type":"article","og_title":"Razorback - Brown - Jim Green","og_description":"The Jim Green Razorback boot is inspired by Africa, designed to take on the daily outdoor and work challenges that come with the harsh terrain. Its double layer of leather upper combines with a pure rubber sole to give you superior stability, comfort and grip.For over 30 years, the Jim Green Razorback has been the choice of South Africa\u2019s\u2019 safari lodges and outdoor enthusiast. Famous for its never say die attitude and respected for its durability. No other boot is more versatile, from mountain tops to factory floors, the Razorback is ready for any challenge.Mile after mile, year after year, the Razorback, an old friend you can always count on to get you from here to there in rugged comfort.","og_url":"https:\/\/jimgreenfootwear.eu\/fr\/store\/razorback-b6\/","og_site_name":"Jim Green","article_publisher":"https:\/\/www.facebook.com\/jimgreenfootwear\/","article_modified_time":"2026-04-11T08:25:05+00:00","og_image":[{"width":1575,"height":1575,"url":"https:\/\/jimgreenfootwear.eu\/wp-content\/uploads\/2021\/03\/Razorback-Brown-2.jpg","type":"image\/jpeg"}],"twitter_card":"summary_large_image","twitter_site":"@jimgreenfw","twitter_misc":{"Disponibilit\u00e9":"Rupture de stock"},"schema":{"@context":"https:\/\/schema.org","@graph":[{"@type":"WebPage","@id":"https:\/\/jimgreenfootwear.eu\/fr\/store\/razorback-b6\/","url":"https:\/\/jimgreenfootwear.eu\/fr\/store\/razorback-b6\/","name":"Razorback - Brown - Jim Green","isPartOf":{"@id":"https:\/\/jimgreenfootwear.eu\/#website"},"primaryImageOfPage":{"@id":"https:\/\/jimgreenfootwear.eu\/fr\/store\/razorback-b6\/#primaryimage"},"image":{"@id":"https:\/\/jimgreenfootwear.eu\/fr\/store\/razorback-b6\/#primaryimage"},"thumbnailUrl":"https:\/\/jimgreenfootwear.eu\/wp-content\/uploads\/2021\/03\/Razorback-Brown-2.jpg","datePublished":"2014-09-03T18:24:52+00:00","dateModified":"2026-04-11T08:25:05+00:00","breadcrumb":{"@id":"https:\/\/jimgreenfootwear.eu\/fr\/store\/razorback-b6\/#breadcrumb"},"inLanguage":"fr-FR","potentialAction":[{"@type":"ReadAction","target":["https:\/\/jimgreenfootwear.eu\/fr\/store\/razorback-b6\/"]}]},{"@type":"ImageObject","inLanguage":"fr-FR","@id":"https:\/\/jimgreenfootwear.eu\/fr\/store\/razorback-b6\/#primaryimage","url":"https:\/\/jimgreenfootwear.eu\/wp-content\/uploads\/2021\/03\/Razorback-Brown-2.jpg","contentUrl":"https:\/\/jimgreenfootwear.eu\/wp-content\/uploads\/2021\/03\/Razorback-Brown-2.jpg","width":1575,"height":1575},{"@type":"BreadcrumbList","@id":"https:\/\/jimgreenfootwear.eu\/fr\/store\/razorback-b6\/#breadcrumb","itemListElement":[{"@type":"ListItem","position":1,"name":"Home","item":"https:\/\/jimgreenfootwear.eu\/fr\/"},{"@type":"ListItem","position":2,"name":"Boutique","item":"https:\/\/jimgreenfootwear.eu\/fr\/boutique\/"},{"@type":"ListItem","position":3,"name":"Razorback &#8211; Brown"}]},{"@type":"WebSite","@id":"https:\/\/jimgreenfootwear.eu\/#website","url":"https:\/\/jimgreenfootwear.eu\/","name":"Jim Green","description":"Footwear EU - Quality Hiking &amp; Safety Boots","publisher":{"@id":"https:\/\/jimgreenfootwear.eu\/#organization"},"potentialAction":[{"@type":"SearchAction","target":{"@type":"EntryPoint","urlTemplate":"https:\/\/jimgreenfootwear.eu\/?s={search_term_string}"},"query-input":{"@type":"PropertyValueSpecification","valueRequired":true,"valueName":"search_term_string"}}],"inLanguage":"fr-FR"},{"@type":"Organization","@id":"https:\/\/jimgreenfootwear.eu\/#organization","name":"Jim Green Footwear","alternateName":"Jim Green","url":"https:\/\/jimgreenfootwear.eu\/","logo":{"@type":"ImageObject","inLanguage":"fr-FR","@id":"https:\/\/jimgreenfootwear.eu\/#\/schema\/logo\/image\/","url":"https:\/\/jimgreenfootwear.eu\/wp-content\/uploads\/2023\/11\/Jim-Green-4-copy@4x.png","contentUrl":"https:\/\/jimgreenfootwear.eu\/wp-content\/uploads\/2023\/11\/Jim-Green-4-copy@4x.png","width":1940,"height":1940,"caption":"Jim Green Footwear"},"image":{"@id":"https:\/\/jimgreenfootwear.eu\/#\/schema\/logo\/image\/"},"sameAs":["https:\/\/www.facebook.com\/jimgreenfootwear\/","https:\/\/x.com\/jimgreenfw","https:\/\/www.instagram.com\/jimgreenfootwear\/"]}]},"og_availability":"out of stock","product_availability":"out of stock","product_retailer_item_id":"B6_JGC_JG","product_condition":"new"},"_links":{"self":[{"href":"https:\/\/jimgreenfootwear.eu\/fr\/wp-json\/wp\/v2\/product\/51426","targetHints":{"allow":["GET"]}}],"collection":[{"href":"https:\/\/jimgreenfootwear.eu\/fr\/wp-json\/wp\/v2\/product"}],"about":[{"href":"https:\/\/jimgreenfootwear.eu\/fr\/wp-json\/wp\/v2\/types\/product"}],"replies":[{"embeddable":true,"href":"https:\/\/jimgreenfootwear.eu\/fr\/wp-json\/wp\/v2\/comments?post=51426"}],"wp:featuredmedia":[{"embeddable":true,"href":"https:\/\/jimgreenfootwear.eu\/fr\/wp-json\/wp\/v2\/media\/45134"}],"wp:attachment":[{"href":"https:\/\/jimgreenfootwear.eu\/fr\/wp-json\/wp\/v2\/media?parent=51426"}],"wp:term":[{"taxonomy":"product_brand","embeddable":true,"href":"https:\/\/jimgreenfootwear.eu\/fr\/wp-json\/wp\/v2\/product_brand?post=51426"},{"taxonomy":"product_cat","embeddable":true,"href":"https:\/\/jimgreenfootwear.eu\/fr\/wp-json\/wp\/v2\/product_cat?post=51426"},{"taxonomy":"product_tag","embeddable":true,"href":"https:\/\/jimgreenfootwear.eu\/fr\/wp-json\/wp\/v2\/product_tag?post=51426"}],"curies":[{"name":"wp","href":"https:\/\/api.w.org\/{rel}","templated":true}]}}