{"id":51635,"date":"2023-08-07T12:31:51","date_gmt":"2023-08-07T10:31:51","guid":{"rendered":"https:\/\/jimgreenfootwear.eu\/store\/african-ranger-buffalo-leather\/"},"modified":"2025-11-01T21:54:59","modified_gmt":"2025-11-01T19:54:59","slug":"african-ranger-buffalo-leather","status":"publish","type":"product","link":"https:\/\/jimgreenfootwear.eu\/fr\/store\/african-ranger-buffalo-leather\/","title":{"rendered":"African Ranger &#8211; Buffalo Leather"},"content":{"rendered":"<div class=\"wpb-content-wrapper\"><p>[vc_row css=&#8221;.vc_custom_xxxxxx{padding-right: 15px !important;padding-bottom: 30px !important;padding-left: 15px !important;}&#8221;][vc_column width=&#8221;5\/6&#8243; css=&#8221;.vc_custom_padding_settings&#8221;][vc_column_text css=&#8221;&#8221;]<\/p>\n<h3><span style=\"font-family: nathan-serif; font-size: 24pt;\">La chaussure de terrain qui \u00e9quipe les rangers<\/span><\/h3>\n<p>[\/vc_column_text][\/vc_column][\/vc_row][vc_row][vc_column][vc_column_text]<\/p>\n<p>[\/vc_column_text][\/vc_column][\/vc_row][vc_row css=&#8221;.vc_custom_padding_settings{padding-right: 15px; padding-left: 15px; padding-bottom: 20px!important;}&#8221;][vc_column width=&#8221;1\/2&#8243; el_class=&#8221;description&#8221; css=&#8221;.vc_custom_xxxxxx{padding-bottom: 20px !important;}&#8221;][vc_column_text css=&#8221;&#8221;]<\/p>\n<p data-start=\"242\" data-end=\"516\"><span style=\"font-family: nathan-serif; font-size: 14pt;\">Chaque ann\u00e9e, des centaines de buffles sont retir\u00e9s de nos r\u00e9serves locales pour des raisons sanitaires et de r\u00e9gulation des populations. Si chaque partie de l\u2019animal est utilis\u00e9e, la peau, elle, \u00e9tait jusque-l\u00e0 laiss\u00e9e de c\u00f4t\u00e9.<\/span><br data-start=\"470\" data-end=\"473\" \/><span style=\"font-family: nathan-serif; font-size: 14pt;\">Nous avons estim\u00e9 qu\u2019il \u00e9tait temps d\u2019agir.<\/span><\/p>\n<p data-start=\"518\" data-end=\"739\"><span style=\"font-family: nathan-serif; font-size: 14pt;\">Nous avons donc envoy\u00e9 une \u00e9quipe sur le terrain pour r\u00e9cup\u00e9rer et pr\u00e9parer ces peaux dans une zone de conservation \u2013 une v\u00e9ritable op\u00e9ration logistique. Les peaux ont ensuite \u00e9t\u00e9 sal\u00e9es et achemin\u00e9es vers notre tannerie.<\/span><\/p>\n<p data-start=\"741\" data-end=\"889\"><span style=\"font-family: nathan-serif; font-size: 14pt;\">Ces peaux ont \u00e9t\u00e9 achet\u00e9es directement aupr\u00e8s de la r\u00e9serve, g\u00e9n\u00e9rant des fonds essentiels \u00e0 partir d\u2019un sous-produit qui aurait autrement \u00e9t\u00e9 jet\u00e9.<\/span><\/p>\n<p data-start=\"891\" data-end=\"1120\"><span style=\"font-family: nathan-serif; font-size: 14pt;\">En plus de financer les r\u00e9serves par l\u2019achat des peaux, nous allons, gr\u00e2ce \u00e0 la vente de ces bottes, faire don d\u2019une partie des paires aux rangers qui en ont le plus besoin, dans le cadre de notre programme <strong data-start=\"1098\" data-end=\"1119\">Boots for Rangers<\/strong>.<\/span><\/p>\n<p data-start=\"1122\" data-end=\"1197\"><span style=\"font-family: nathan-serif; font-size: 14pt;\">Un processus circulaire et engag\u00e9 \u2013 du terrain jusqu\u2019\u00e0 la derni\u00e8re couture.<\/span><\/p>\n<p><span style=\"font-family: nathan-serif; font-size: 14pt;\">50\u202f% des rangers n&#8217;ont pas acc\u00e8s \u00e0 des chaussures et \u00e0 un \u00e9quipement suffisants, et plus de 40\u202f% doivent acheter leur propre mat\u00e9riel.<\/span><\/p>\n<p><span style=\"font-size: 14pt; font-family: nathan-serif;\">L\u2019avenir de nos zones sauvages repose entre les mains de ceux qui \u0153uvrent sur le terrain. C\u2019est pourquoi Jim Green Footwear et la Game Rangers Association of Africa (GRAA) se sont associ\u00e9s pour r\u00e9pondre \u00e0 cet enjeu crucial. <\/span><\/p>\n<p><span style=\"font-family: nathan-serif; font-size: 14pt;\">Un \u00e9quipement inad\u00e9quat entra\u00eene une baisse de moral et nuit au bien-\u00eatre des rangers. En premi\u00e8re ligne de la protection de la nature, les rangers ont besoin de chaussures fiables et solides pour leurs missions quotidiennes.<\/span><\/p>\n<p><span style=\"font-family: nathan-serif; font-size: 14pt;\">Nous avons men\u00e9 une enqu\u00eate aupr\u00e8s des rangers \u00e0 travers l\u2019Afrique afin d\u2019identifier les \u00e9l\u00e9ments cl\u00e9s d&#8217;une chaussure id\u00e9ale pour rangers. C\u2019est ainsi qu\u2019est n\u00e9e la African Ranger \u2013 <strong>Une chaussure montante con\u00e7ue par des rangers, pour des rangers<\/strong>.<\/span><\/p>\n<p><span style=\"font-family: nathan-serif; font-size: 14pt;\">Suivez notre aventure sur les r\u00e9seaux sociaux ou contactez-nous pour en savoir plus.<\/span><br \/>\n[\/vc_column_text][\/vc_column][vc_column width=&#8221;1\/2&#8243; el_class=&#8221;features&#8221;][vc_column_text css=&#8221;&#8221;]<\/p>\n<ul>\n<li><span style=\"font-family: nathan-serif; font-size: 14pt;\"><strong>NB : En raison des conditions extr\u00eames dans lesquelles vivent les buffles africains, le cuir varie d\u2019une paire \u00e0 l\u2019autre \u2014 chaque chassure aura une texture et un aspect uniques. Les photos produits montrent ces diff\u00e9rences possibles.<\/strong><\/span><\/li>\n<li><span style=\"font-family: nathan-serif; font-size: 14pt;\">P\u00e9riode de rodage plus longue que nos cuirs habituels, car la peau de buffle est tr\u00e8s r\u00e9sistante.<\/span><\/li>\n<li><span style=\"font-family: nathan-serif; font-size: 14pt;\">Con\u00e7ue avec trois priorit\u00e9s : confort, durabilit\u00e9 et prix abordable.<\/span><\/li>\n<li><span style=\"font-family: nathan-serif; font-size: 14pt;\">Semelle compens\u00e9e offre une excellente adh\u00e9rence, tandis que le caoutchouc plus souple permet de marcher discr\u00e8tement dans la brousse africaine.<\/span><\/li>\n<li><span style=\"font-family: nathan-serif; font-size: 14pt;\"><span style=\"font-family: nathan-serif;\">Avant-pied<\/span>, du talon et des \u0153illets sont renforc\u00e9es avec une double couche de cuir de buffle de 2,2 mm pour plus de durabilit\u00e9.<\/span><\/li>\n<li><span style=\"font-family: nathan-serif; font-size: 14pt;\">Renforts au talon et \u00e0 la pointe pour plus de solidit\u00e9, de soutien et de protection.<\/span><\/li>\n<li><span style=\"font-family: nathan-serif; font-size: 14pt;\">Col et languette en cuir souple pour plus de confort et moins de poids.<\/span><\/li>\n<li><span style=\"font-size: 14pt; font-family: nathan-serif;\">Cambrion en acier plac\u00e9 entre la semelle de montage et la semelle interm\u00e9diaire assure une stabilit\u00e9 optimale et un bon maintien de la vo\u00fbte plantaire.<\/span><\/li>\n<li><span style=\"font-family: nathan-serif; font-size: 14pt;\">Crochets et \u0153illets renforc\u00e9s pour bien maintenir le pied.<\/span><\/li>\n<li><span style=\"font-family: nathan-serif; font-size: 14pt;\">Semelle interm\u00e9diaire cousue \u00e0 la tige avec un fil de nylon tress\u00e9 de 2,2 mm en double couture sur 360 degr\u00e9s.<\/span><\/li>\n<li><span style=\"font-family: nathan-serif; font-size: 14pt;\">Peut \u00eatre ressemel\u00e9e \u2013 construction cousue.<\/span><\/li>\n<li><span style=\"font-family: nathan-serif; font-size: 14pt;\"><strong><u>Forme STC<\/u><\/strong> \u2013 Cette forme a une largeur 2E <span style=\"font-family: nathan-serif;\">un avant-pied g\u00e9n\u00e9reux.<\/span><\/span><\/li>\n<li><span style=\"font-family: nathan-serif; font-size: 14pt;\"><strong>Semelle : OR<\/strong> (con\u00e7ue pour une combinaison de grip, de confort et de rapidit\u00e9. En caoutchouc souple pour un confort accru).<\/span><\/li>\n<li><span style=\"font-family: nathan-serif; font-size: 14pt;\">Poids : 1,24 kg (pointure 08 UK).<\/span><\/li>\n<li><span style=\"font-family: nathan-serif; font-size: 14pt;\">Lacets : 120 cm.<\/span><\/li>\n<\/ul>\n<p>[\/vc_column_text][\/vc_column][\/vc_row]<\/p>\n<\/div>","protected":false},"excerpt":{"rendered":"<h4><a href=\"https:\/\/www.gameranger.org\"><img loading=\"lazy\" decoding=\"async\" class=\"alignleft wp-image-15403\" src=\"https:\/\/jimgreenfootwear.eu\/wp-content\/uploads\/2021\/11\/GRAA-Logo-Ranger-Boot-Jim-Green-Footwear.png\" alt=\"\" width=\"61\" height=\"90\" \/><\/a><\/h4>\n<h4><strong>Pour chaque 10 paires vendues, une paire est offerte \u00e0 un ranger<\/strong><\/h4>\n<p><a href=\"https:\/\/www.gameranger.org\">https:\/\/www.gameranger.org<\/a><\/p>\n","protected":false},"featured_media":46258,"comment_status":"open","ping_status":"closed","template":"","meta":{"_acf_changed":false},"product_brand":[],"product_cat":[330,336,334],"product_tag":[],"class_list":{"0":"post-51635","1":"product","2":"type-product","3":"status-publish","4":"has-post-thumbnail","6":"product_cat-african-ranger-fr-2","7":"product_cat-hiking-adventure-fr","8":"product_cat-all-fr","9":"product_shipping_class-boots","10":"tm-has-options","12":"first","13":"instock","14":"taxable","15":"shipping-taxable","16":"purchasable","17":"product-type-variable"},"group_of_quantity":0,"min_quantity":0,"max_quantity":"","exclude_order_quantity_value_rules":"no","exclude_category_quantity_rules":"no","combine_variations":"no","acf":[],"yoast_head":"<!-- This site is optimized with the Yoast SEO plugin v27.3 - https:\/\/yoast.com\/product\/yoast-seo-wordpress\/ -->\n<title>African Ranger - Buffalo Leather - Jim Green<\/title>\n<meta name=\"robots\" content=\"index, follow, max-snippet:-1, max-image-preview:large, max-video-preview:-1\" \/>\n<link rel=\"canonical\" href=\"https:\/\/jimgreenfootwear.eu\/fr\/store\/african-ranger-buffalo-leather\/\" \/>\n<meta property=\"og:locale\" content=\"fr_FR\" \/>\n<meta property=\"og:type\" content=\"article\" \/>\n<meta property=\"og:title\" content=\"African Ranger - Buffalo Leather - Jim Green\" \/>\n<meta property=\"og:description\" content=\"Pour chaque 10 paires vendues, une paire est offerte \u00e0 un ranger https:\/\/www.gameranger.org\" \/>\n<meta property=\"og:url\" content=\"https:\/\/jimgreenfootwear.eu\/fr\/store\/african-ranger-buffalo-leather\/\" \/>\n<meta property=\"og:site_name\" content=\"Jim Green\" \/>\n<meta property=\"article:publisher\" content=\"https:\/\/www.facebook.com\/jimgreenfootwear\/\" \/>\n<meta property=\"article:modified_time\" content=\"2025-11-01T19:54:59+00:00\" \/>\n<meta property=\"og:image\" content=\"https:\/\/jimgreenfootwear.eu\/wp-content\/uploads\/2022\/12\/1_5703-JIM-GREEN-20.10.2022-scaled.jpg\" \/>\n\t<meta property=\"og:image:width\" content=\"2560\" \/>\n\t<meta property=\"og:image:height\" content=\"2560\" \/>\n\t<meta property=\"og:image:type\" content=\"image\/jpeg\" \/>\n<meta name=\"twitter:card\" content=\"summary_large_image\" \/>\n<meta name=\"twitter:site\" content=\"@jimgreenfw\" \/>\n<meta name=\"twitter:label1\" content=\"Disponibilit\u00e9\" \/>\n\t<meta name=\"twitter:data1\" content=\"En stock\" \/>\n<script type=\"application\/ld+json\" class=\"yoast-schema-graph\">{\"@context\":\"https:\\\/\\\/schema.org\",\"@graph\":[{\"@type\":\"WebPage\",\"@id\":\"https:\\\/\\\/jimgreenfootwear.eu\\\/fr\\\/store\\\/african-ranger-buffalo-leather\\\/\",\"url\":\"https:\\\/\\\/jimgreenfootwear.eu\\\/fr\\\/store\\\/african-ranger-buffalo-leather\\\/\",\"name\":\"African Ranger - Buffalo Leather - Jim Green\",\"isPartOf\":{\"@id\":\"https:\\\/\\\/jimgreenfootwear.eu\\\/#website\"},\"primaryImageOfPage\":{\"@id\":\"https:\\\/\\\/jimgreenfootwear.eu\\\/fr\\\/store\\\/african-ranger-buffalo-leather\\\/#primaryimage\"},\"image\":{\"@id\":\"https:\\\/\\\/jimgreenfootwear.eu\\\/fr\\\/store\\\/african-ranger-buffalo-leather\\\/#primaryimage\"},\"thumbnailUrl\":\"https:\\\/\\\/jimgreenfootwear.eu\\\/wp-content\\\/uploads\\\/2022\\\/12\\\/1_5703-JIM-GREEN-20.10.2022-scaled.jpg\",\"datePublished\":\"2023-08-07T10:31:51+00:00\",\"dateModified\":\"2025-11-01T19:54:59+00:00\",\"breadcrumb\":{\"@id\":\"https:\\\/\\\/jimgreenfootwear.eu\\\/fr\\\/store\\\/african-ranger-buffalo-leather\\\/#breadcrumb\"},\"inLanguage\":\"fr-FR\",\"potentialAction\":[{\"@type\":\"ReadAction\",\"target\":[\"https:\\\/\\\/jimgreenfootwear.eu\\\/fr\\\/store\\\/african-ranger-buffalo-leather\\\/\"]}]},{\"@type\":\"ImageObject\",\"inLanguage\":\"fr-FR\",\"@id\":\"https:\\\/\\\/jimgreenfootwear.eu\\\/fr\\\/store\\\/african-ranger-buffalo-leather\\\/#primaryimage\",\"url\":\"https:\\\/\\\/jimgreenfootwear.eu\\\/wp-content\\\/uploads\\\/2022\\\/12\\\/1_5703-JIM-GREEN-20.10.2022-scaled.jpg\",\"contentUrl\":\"https:\\\/\\\/jimgreenfootwear.eu\\\/wp-content\\\/uploads\\\/2022\\\/12\\\/1_5703-JIM-GREEN-20.10.2022-scaled.jpg\",\"width\":2560,\"height\":2560},{\"@type\":\"BreadcrumbList\",\"@id\":\"https:\\\/\\\/jimgreenfootwear.eu\\\/fr\\\/store\\\/african-ranger-buffalo-leather\\\/#breadcrumb\",\"itemListElement\":[{\"@type\":\"ListItem\",\"position\":1,\"name\":\"Home\",\"item\":\"https:\\\/\\\/jimgreenfootwear.eu\\\/fr\\\/\"},{\"@type\":\"ListItem\",\"position\":2,\"name\":\"Boutique\",\"item\":\"https:\\\/\\\/jimgreenfootwear.eu\\\/fr\\\/boutique\\\/\"},{\"@type\":\"ListItem\",\"position\":3,\"name\":\"African Ranger &#8211; Buffalo Leather\"}]},{\"@type\":\"WebSite\",\"@id\":\"https:\\\/\\\/jimgreenfootwear.eu\\\/#website\",\"url\":\"https:\\\/\\\/jimgreenfootwear.eu\\\/\",\"name\":\"Jim Green\",\"description\":\"Footwear EU - Quality Hiking &amp; Safety Boots\",\"publisher\":{\"@id\":\"https:\\\/\\\/jimgreenfootwear.eu\\\/#organization\"},\"potentialAction\":[{\"@type\":\"SearchAction\",\"target\":{\"@type\":\"EntryPoint\",\"urlTemplate\":\"https:\\\/\\\/jimgreenfootwear.eu\\\/?s={search_term_string}\"},\"query-input\":{\"@type\":\"PropertyValueSpecification\",\"valueRequired\":true,\"valueName\":\"search_term_string\"}}],\"inLanguage\":\"fr-FR\"},{\"@type\":\"Organization\",\"@id\":\"https:\\\/\\\/jimgreenfootwear.eu\\\/#organization\",\"name\":\"Jim Green Footwear\",\"alternateName\":\"Jim Green\",\"url\":\"https:\\\/\\\/jimgreenfootwear.eu\\\/\",\"logo\":{\"@type\":\"ImageObject\",\"inLanguage\":\"fr-FR\",\"@id\":\"https:\\\/\\\/jimgreenfootwear.eu\\\/#\\\/schema\\\/logo\\\/image\\\/\",\"url\":\"https:\\\/\\\/jimgreenfootwear.eu\\\/wp-content\\\/uploads\\\/2023\\\/11\\\/Jim-Green-4-copy@4x.png\",\"contentUrl\":\"https:\\\/\\\/jimgreenfootwear.eu\\\/wp-content\\\/uploads\\\/2023\\\/11\\\/Jim-Green-4-copy@4x.png\",\"width\":1940,\"height\":1940,\"caption\":\"Jim Green Footwear\"},\"image\":{\"@id\":\"https:\\\/\\\/jimgreenfootwear.eu\\\/#\\\/schema\\\/logo\\\/image\\\/\"},\"sameAs\":[\"https:\\\/\\\/www.facebook.com\\\/jimgreenfootwear\\\/\",\"https:\\\/\\\/x.com\\\/jimgreenfw\",\"https:\\\/\\\/www.instagram.com\\\/jimgreenfootwear\\\/\"]}]}<\/script>\n<meta property=\"og:availability\" content=\"instock\" \/>\n<meta property=\"product:availability\" content=\"instock\" \/>\n<meta property=\"product:retailer_item_id\" content=\"AR01_BUC_OR\" \/>\n<meta property=\"product:condition\" content=\"new\" \/>\n<!-- \/ Yoast SEO plugin. -->","yoast_head_json":{"title":"African Ranger - Buffalo Leather - Jim Green","robots":{"index":"index","follow":"follow","max-snippet":"max-snippet:-1","max-image-preview":"max-image-preview:large","max-video-preview":"max-video-preview:-1"},"canonical":"https:\/\/jimgreenfootwear.eu\/fr\/store\/african-ranger-buffalo-leather\/","og_locale":"fr_FR","og_type":"article","og_title":"African Ranger - Buffalo Leather - Jim Green","og_description":"Pour chaque 10 paires vendues, une paire est offerte \u00e0 un ranger https:\/\/www.gameranger.org","og_url":"https:\/\/jimgreenfootwear.eu\/fr\/store\/african-ranger-buffalo-leather\/","og_site_name":"Jim Green","article_publisher":"https:\/\/www.facebook.com\/jimgreenfootwear\/","article_modified_time":"2025-11-01T19:54:59+00:00","og_image":[{"width":2560,"height":2560,"url":"https:\/\/jimgreenfootwear.eu\/wp-content\/uploads\/2022\/12\/1_5703-JIM-GREEN-20.10.2022-scaled.jpg","type":"image\/jpeg"}],"twitter_card":"summary_large_image","twitter_site":"@jimgreenfw","twitter_misc":{"Disponibilit\u00e9":"En stock"},"schema":{"@context":"https:\/\/schema.org","@graph":[{"@type":"WebPage","@id":"https:\/\/jimgreenfootwear.eu\/fr\/store\/african-ranger-buffalo-leather\/","url":"https:\/\/jimgreenfootwear.eu\/fr\/store\/african-ranger-buffalo-leather\/","name":"African Ranger - Buffalo Leather - Jim Green","isPartOf":{"@id":"https:\/\/jimgreenfootwear.eu\/#website"},"primaryImageOfPage":{"@id":"https:\/\/jimgreenfootwear.eu\/fr\/store\/african-ranger-buffalo-leather\/#primaryimage"},"image":{"@id":"https:\/\/jimgreenfootwear.eu\/fr\/store\/african-ranger-buffalo-leather\/#primaryimage"},"thumbnailUrl":"https:\/\/jimgreenfootwear.eu\/wp-content\/uploads\/2022\/12\/1_5703-JIM-GREEN-20.10.2022-scaled.jpg","datePublished":"2023-08-07T10:31:51+00:00","dateModified":"2025-11-01T19:54:59+00:00","breadcrumb":{"@id":"https:\/\/jimgreenfootwear.eu\/fr\/store\/african-ranger-buffalo-leather\/#breadcrumb"},"inLanguage":"fr-FR","potentialAction":[{"@type":"ReadAction","target":["https:\/\/jimgreenfootwear.eu\/fr\/store\/african-ranger-buffalo-leather\/"]}]},{"@type":"ImageObject","inLanguage":"fr-FR","@id":"https:\/\/jimgreenfootwear.eu\/fr\/store\/african-ranger-buffalo-leather\/#primaryimage","url":"https:\/\/jimgreenfootwear.eu\/wp-content\/uploads\/2022\/12\/1_5703-JIM-GREEN-20.10.2022-scaled.jpg","contentUrl":"https:\/\/jimgreenfootwear.eu\/wp-content\/uploads\/2022\/12\/1_5703-JIM-GREEN-20.10.2022-scaled.jpg","width":2560,"height":2560},{"@type":"BreadcrumbList","@id":"https:\/\/jimgreenfootwear.eu\/fr\/store\/african-ranger-buffalo-leather\/#breadcrumb","itemListElement":[{"@type":"ListItem","position":1,"name":"Home","item":"https:\/\/jimgreenfootwear.eu\/fr\/"},{"@type":"ListItem","position":2,"name":"Boutique","item":"https:\/\/jimgreenfootwear.eu\/fr\/boutique\/"},{"@type":"ListItem","position":3,"name":"African Ranger &#8211; Buffalo Leather"}]},{"@type":"WebSite","@id":"https:\/\/jimgreenfootwear.eu\/#website","url":"https:\/\/jimgreenfootwear.eu\/","name":"Jim Green","description":"Footwear EU - Quality Hiking &amp; Safety Boots","publisher":{"@id":"https:\/\/jimgreenfootwear.eu\/#organization"},"potentialAction":[{"@type":"SearchAction","target":{"@type":"EntryPoint","urlTemplate":"https:\/\/jimgreenfootwear.eu\/?s={search_term_string}"},"query-input":{"@type":"PropertyValueSpecification","valueRequired":true,"valueName":"search_term_string"}}],"inLanguage":"fr-FR"},{"@type":"Organization","@id":"https:\/\/jimgreenfootwear.eu\/#organization","name":"Jim Green Footwear","alternateName":"Jim Green","url":"https:\/\/jimgreenfootwear.eu\/","logo":{"@type":"ImageObject","inLanguage":"fr-FR","@id":"https:\/\/jimgreenfootwear.eu\/#\/schema\/logo\/image\/","url":"https:\/\/jimgreenfootwear.eu\/wp-content\/uploads\/2023\/11\/Jim-Green-4-copy@4x.png","contentUrl":"https:\/\/jimgreenfootwear.eu\/wp-content\/uploads\/2023\/11\/Jim-Green-4-copy@4x.png","width":1940,"height":1940,"caption":"Jim Green Footwear"},"image":{"@id":"https:\/\/jimgreenfootwear.eu\/#\/schema\/logo\/image\/"},"sameAs":["https:\/\/www.facebook.com\/jimgreenfootwear\/","https:\/\/x.com\/jimgreenfw","https:\/\/www.instagram.com\/jimgreenfootwear\/"]}]},"og_availability":"instock","product_availability":"instock","product_retailer_item_id":"AR01_BUC_OR","product_condition":"new"},"_links":{"self":[{"href":"https:\/\/jimgreenfootwear.eu\/fr\/wp-json\/wp\/v2\/product\/51635","targetHints":{"allow":["GET"]}}],"collection":[{"href":"https:\/\/jimgreenfootwear.eu\/fr\/wp-json\/wp\/v2\/product"}],"about":[{"href":"https:\/\/jimgreenfootwear.eu\/fr\/wp-json\/wp\/v2\/types\/product"}],"replies":[{"embeddable":true,"href":"https:\/\/jimgreenfootwear.eu\/fr\/wp-json\/wp\/v2\/comments?post=51635"}],"wp:featuredmedia":[{"embeddable":true,"href":"https:\/\/jimgreenfootwear.eu\/fr\/wp-json\/wp\/v2\/media\/46258"}],"wp:attachment":[{"href":"https:\/\/jimgreenfootwear.eu\/fr\/wp-json\/wp\/v2\/media?parent=51635"}],"wp:term":[{"taxonomy":"product_brand","embeddable":true,"href":"https:\/\/jimgreenfootwear.eu\/fr\/wp-json\/wp\/v2\/product_brand?post=51635"},{"taxonomy":"product_cat","embeddable":true,"href":"https:\/\/jimgreenfootwear.eu\/fr\/wp-json\/wp\/v2\/product_cat?post=51635"},{"taxonomy":"product_tag","embeddable":true,"href":"https:\/\/jimgreenfootwear.eu\/fr\/wp-json\/wp\/v2\/product_tag?post=51635"}],"curies":[{"name":"wp","href":"https:\/\/api.w.org\/{rel}","templated":true}]}}