{"id":51681,"date":"2022-12-14T23:13:26","date_gmt":"2022-12-14T21:13:26","guid":{"rendered":"https:\/\/jimgreenfootwear.eu\/store\/baobab-boot\/"},"modified":"2026-01-04T16:47:50","modified_gmt":"2026-01-04T14:47:50","slug":"baobab-boot","status":"publish","type":"product","link":"https:\/\/jimgreenfootwear.eu\/fr\/store\/baobab-boot\/","title":{"rendered":"Baobab Boot &#8211; Houston Brown"},"content":{"rendered":"<div class=\"wpb-content-wrapper\"><p>[vc_row css=&#8221;.vc_custom_xxxxxx{padding-right: 15px !important;padding-bottom: 30px !important;padding-left: 15px !important;}&#8221;][vc_column width=&#8221;5\/6&#8243; css=&#8221;.vc_custom_padding_settings&#8221;][vc_column_text css=&#8221;&#8221;]<\/p>\n<h3><span style=\"font-size: 24pt; font-family: nathan-serif;\"><strong>C\u00e9l\u00e9bration de 30 ans de fabrication de bottes<\/strong><\/span><\/h3>\n<p>[\/vc_column_text][\/vc_column][\/vc_row][vc_row][vc_column][vc_column_text]<\/p>\n<p>[\/vc_column_text][\/vc_column][\/vc_row][vc_row css=&#8221;.vc_custom_padding_settings{padding-right: 15px; padding-left: 15px; padding-bottom: 20px!important;}&#8221;][vc_column width=&#8221;1\/2&#8243; el_class=&#8221;description&#8221; css=&#8221;.vc_custom_xxxxxx{padding-bottom: 20px !important;}&#8221;][vc_column_text css=&#8221;&#8221;]<span style=\"font-family: nathan-serif; font-size: 14pt;\">Nous voulions cr\u00e9er quelque chose de <strong>unique<\/strong>, avec <strong>plus de confort<\/strong>, et <strong>accessible \u00e0 tous<\/strong>, tout en <strong>gardant la touche Jim Green<\/strong>.<\/span><\/p>\n<p><span style=\"font-family: nathan-serif; font-size: 14pt;\">La botte Baobab s\u2019inspire des points forts de nos deux best-sellers : la Razorback et l\u2019African Ranger. Le cuir d\u2019un seul tenant ultra r\u00e9sistant de la Razorback est associ\u00e9 au syst\u00e8me de la\u00e7age de l\u2019African Ranger, pour une combinaison in\u00e9dite qui vous accompagnera dans toutes vos aventures et r\u00e9sistera \u00e0 un usage quotidien.<\/span><\/p>\n<p><span style=\"font-family: nathan-serif; font-size: 14pt;\">Nous avons opt\u00e9 pour une forme plus \u00e9troite, m\u00eame si elle convient parfaitement aux pieds larges. Et ce n\u2019est pas tout : une semelle de montage en cuir a \u00e9t\u00e9 ajout\u00e9e pour \u00e9pouser progressivement la forme de vos pieds, offrant un confort et une durabilit\u00e9 accrus avec le temps. Le tout est combin\u00e9 \u00e0 une semelle Mini Lug en caoutchouc moul\u00e9 avec insert EVA, pour un confort in\u00e9gal\u00e9 sans perdre en robustesse.<\/span><\/p>\n<p><span style=\"font-family: nathan-serif; font-size: 14pt;\">\u00c0 l\u2019image des anciens baobabs d\u2019Afrique qui traversent les si\u00e8cles, cette botte a vocation \u00e0 s\u2019ancrer dans notre collection et \u00e0 devenir une nouvelle l\u00e9gende Jim Green.<\/span>[\/vc_column_text][\/vc_column][vc_column width=&#8221;1\/2&#8243; el_class=&#8221;features&#8221;][vc_column_text css=&#8221;&#8221;]<\/p>\n<ul>\n<li><span style=\"font-family: nathan-serif; font-size: 14pt;\">Fabriqu\u00e9e avec une double couche de cuir (2,2 mm de cuir nubuck doubl\u00e9 de 1,6 mm de cuir de veau).<\/span><\/li>\n<li><span style=\"font-family: nathan-serif; font-size: 14pt;\">La double couche de cuir contribue \u00e0 la r\u00e9sistance \u00e0 l\u2019eau de la botte (non imperm\u00e9able).<\/span><\/li>\n<li><span style=\"font-family: nathan-serif; font-size: 14pt;\">Embout thermoplastique et contrefort rigide pour un soutien renforc\u00e9.<\/span><\/li>\n<li><span style=\"font-family: nathan-serif; font-size: 14pt;\">Une tige m\u00e9tallique entre la semelle de montage et la semelle ext\u00e9rieure pour plus de stabilit\u00e9.<\/span><\/li>\n<li><span style=\"font-family: nathan-serif; font-size: 14pt;\">La semelle de montage est cousue \u00e0 la tige avec un fil nylon tress\u00e9 de 2,2 mm en double couture.<\/span><\/li>\n<li><span style=\"font-family: nathan-serif; font-size: 14pt;\">Semelle de montage en cuir qui s\u2019adapte \u00e0 la forme de vos pieds pour plus de confort.<\/span><\/li>\n<li><span style=\"font-family: nathan-serif; font-size: 14pt;\">Construction cousue \u2013 peut \u00eatre ressemel\u00e9e.<\/span><\/li>\n<li><span style=\"font-family: nathan-serif; font-size: 14pt;\"><strong><u>Forme ASHM<\/u><\/strong> \u2013 Forme visuellement \u00e9troite, mais qui offre un chaussant D classique avec un avant l\u00e9g\u00e8rement effil\u00e9.<\/span><\/li>\n<li><span style=\"font-family: nathan-serif; font-size: 14pt;\"><strong><span style=\"text-decoration: underline;\">Semelle : ML<\/span> <\/strong>(con\u00e7ue pour combiner grip, confort et l\u00e9g\u00e8ret\u00e9. En caoutchouc v\u00e9ritable avec insert EVA pour un confort optimal).<\/span><\/li>\n<li><span style=\"font-family: nathan-serif; font-size: 14pt;\">Lacets : 175 cm.<\/span><\/li>\n<li><span style=\"font-family: nathan-serif; font-size: 14pt;\">Poids : 1,48 kg (pointure 08).<\/span><\/li>\n<li><span style=\"font-size: 14pt; font-family: nathan-serif;\">Fabriqu\u00e9 en Afrique du Sud<\/span><\/li>\n<\/ul>\n<p>[\/vc_column_text][\/vc_column][\/vc_row]<\/p>\n<\/div>","protected":false},"excerpt":{"rendered":"<p>[vc_row css=&#8221;.vc_custom_xxxxxx{padding-right: 15px !important;padding-bottom: 30px !important;padding-left: 15px !important;}&#8221;][vc_column width=&#8221;5\/6&#8243; css=&#8221;.vc_custom_padding_settings&#8221;][vc_column_text css=&#8221;&#8221;] C\u00e9l\u00e9bration de 30 ans de fabrication de bottes [\/vc_column_text][\/vc_column][\/vc_row][vc_row][vc_column][vc_column_text] [\/vc_column_text][\/vc_column][\/vc_row][vc_row css=&#8221;.vc_custom_padding_settings{padding-right: 15px; padding-left: 15px; padding-bottom: 20px!important;}&#8221;][vc_column width=&#8221;1\/2&#8243; el_class=&#8221;description&#8221; css=&#8221;.vc_custom_xxxxxx{padding-bottom: 20px !important;}&#8221;][vc_column_text css=&#8221;&#8221;]Nous voulions cr\u00e9er quelque chose de unique, avec plus de confort, et accessible \u00e0 tous, tout en gardant la touche Jim Green. La [&hellip;]<\/p>\n","protected":false},"featured_media":47234,"comment_status":"open","ping_status":"closed","template":"","meta":{"_acf_changed":false},"product_brand":[],"product_cat":[352,336,334],"product_tag":[391],"class_list":{"0":"post-51681","1":"product","2":"type-product","3":"status-publish","4":"has-post-thumbnail","6":"product_cat-premium-fr","7":"product_cat-hiking-adventure-fr","8":"product_cat-all-fr","9":"product_tag-premium-fr-2","10":"product_shipping_class-boots","11":"tm-has-options","13":"first","14":"outofstock","15":"taxable","16":"shipping-taxable","17":"purchasable","18":"product-type-variable"},"group_of_quantity":0,"min_quantity":0,"max_quantity":"","exclude_order_quantity_value_rules":"no","exclude_category_quantity_rules":"no","combine_variations":"no","acf":[],"yoast_head":"<!-- This site is optimized with the Yoast SEO plugin v27.3 - https:\/\/yoast.com\/product\/yoast-seo-wordpress\/ -->\n<title>Baobab Boot - Houston Brown - Jim Green<\/title>\n<meta name=\"robots\" content=\"index, follow, max-snippet:-1, max-image-preview:large, max-video-preview:-1\" \/>\n<link rel=\"canonical\" href=\"https:\/\/jimgreenfootwear.eu\/fr\/store\/baobab-boot\/\" \/>\n<meta property=\"og:locale\" content=\"fr_FR\" \/>\n<meta property=\"og:type\" content=\"article\" \/>\n<meta property=\"og:title\" content=\"Baobab Boot - Houston Brown - Jim Green\" \/>\n<meta property=\"og:description\" content=\"[vc_row css=&#8221;.vc_custom_xxxxxx{padding-right: 15px !important;padding-bottom: 30px !important;padding-left: 15px !important;}&#8221;][vc_column width=&#8221;5\/6&#8243; css=&#8221;.vc_custom_padding_settings&#8221;][vc_column_text css=&#8221;&#8221;] C\u00e9l\u00e9bration de 30 ans de fabrication de bottes [\/vc_column_text][\/vc_column][\/vc_row][vc_row][vc_column][vc_column_text] [\/vc_column_text][\/vc_column][\/vc_row][vc_row css=&#8221;.vc_custom_padding_settings{padding-right: 15px; padding-left: 15px; padding-bottom: 20px!important;}&#8221;][vc_column width=&#8221;1\/2&#8243; el_class=&#8221;description&#8221; css=&#8221;.vc_custom_xxxxxx{padding-bottom: 20px !important;}&#8221;][vc_column_text css=&#8221;&#8221;]Nous voulions cr\u00e9er quelque chose de unique, avec plus de confort, et accessible \u00e0 tous, tout en gardant la touche Jim Green. La [&hellip;]\" \/>\n<meta property=\"og:url\" content=\"https:\/\/jimgreenfootwear.eu\/fr\/store\/baobab-boot\/\" \/>\n<meta property=\"og:site_name\" content=\"Jim Green\" \/>\n<meta property=\"article:publisher\" content=\"https:\/\/www.facebook.com\/jimgreenfootwear\/\" \/>\n<meta property=\"article:modified_time\" content=\"2026-01-04T14:47:50+00:00\" \/>\n<meta property=\"og:image\" content=\"https:\/\/jimgreenfootwear.eu\/wp-content\/uploads\/2022\/12\/6_5703-JIM-GREEN-20.10.2022-1-scaled.jpg\" \/>\n\t<meta property=\"og:image:width\" content=\"2560\" \/>\n\t<meta property=\"og:image:height\" content=\"2560\" \/>\n\t<meta property=\"og:image:type\" content=\"image\/jpeg\" \/>\n<meta name=\"twitter:card\" content=\"summary_large_image\" \/>\n<meta name=\"twitter:site\" content=\"@jimgreenfw\" \/>\n<meta name=\"twitter:label1\" content=\"Disponibilit\u00e9\" \/>\n\t<meta name=\"twitter:data1\" content=\"Rupture de stock\" \/>\n<script type=\"application\/ld+json\" class=\"yoast-schema-graph\">{\"@context\":\"https:\\\/\\\/schema.org\",\"@graph\":[{\"@type\":\"WebPage\",\"@id\":\"https:\\\/\\\/jimgreenfootwear.eu\\\/fr\\\/store\\\/baobab-boot\\\/\",\"url\":\"https:\\\/\\\/jimgreenfootwear.eu\\\/fr\\\/store\\\/baobab-boot\\\/\",\"name\":\"Baobab Boot - Houston Brown - Jim Green\",\"isPartOf\":{\"@id\":\"https:\\\/\\\/jimgreenfootwear.eu\\\/#website\"},\"primaryImageOfPage\":{\"@id\":\"https:\\\/\\\/jimgreenfootwear.eu\\\/fr\\\/store\\\/baobab-boot\\\/#primaryimage\"},\"image\":{\"@id\":\"https:\\\/\\\/jimgreenfootwear.eu\\\/fr\\\/store\\\/baobab-boot\\\/#primaryimage\"},\"thumbnailUrl\":\"https:\\\/\\\/jimgreenfootwear.eu\\\/wp-content\\\/uploads\\\/2022\\\/12\\\/6_5703-JIM-GREEN-20.10.2022-1-scaled.jpg\",\"datePublished\":\"2022-12-14T21:13:26+00:00\",\"dateModified\":\"2026-01-04T14:47:50+00:00\",\"breadcrumb\":{\"@id\":\"https:\\\/\\\/jimgreenfootwear.eu\\\/fr\\\/store\\\/baobab-boot\\\/#breadcrumb\"},\"inLanguage\":\"fr-FR\",\"potentialAction\":[{\"@type\":\"ReadAction\",\"target\":[\"https:\\\/\\\/jimgreenfootwear.eu\\\/fr\\\/store\\\/baobab-boot\\\/\"]}]},{\"@type\":\"ImageObject\",\"inLanguage\":\"fr-FR\",\"@id\":\"https:\\\/\\\/jimgreenfootwear.eu\\\/fr\\\/store\\\/baobab-boot\\\/#primaryimage\",\"url\":\"https:\\\/\\\/jimgreenfootwear.eu\\\/wp-content\\\/uploads\\\/2022\\\/12\\\/6_5703-JIM-GREEN-20.10.2022-1-scaled.jpg\",\"contentUrl\":\"https:\\\/\\\/jimgreenfootwear.eu\\\/wp-content\\\/uploads\\\/2022\\\/12\\\/6_5703-JIM-GREEN-20.10.2022-1-scaled.jpg\",\"width\":2560,\"height\":2560},{\"@type\":\"BreadcrumbList\",\"@id\":\"https:\\\/\\\/jimgreenfootwear.eu\\\/fr\\\/store\\\/baobab-boot\\\/#breadcrumb\",\"itemListElement\":[{\"@type\":\"ListItem\",\"position\":1,\"name\":\"Home\",\"item\":\"https:\\\/\\\/jimgreenfootwear.eu\\\/fr\\\/\"},{\"@type\":\"ListItem\",\"position\":2,\"name\":\"Boutique\",\"item\":\"https:\\\/\\\/jimgreenfootwear.eu\\\/fr\\\/boutique\\\/\"},{\"@type\":\"ListItem\",\"position\":3,\"name\":\"Baobab Boot &#8211; Houston Brown\"}]},{\"@type\":\"WebSite\",\"@id\":\"https:\\\/\\\/jimgreenfootwear.eu\\\/#website\",\"url\":\"https:\\\/\\\/jimgreenfootwear.eu\\\/\",\"name\":\"Jim Green\",\"description\":\"Footwear EU - Quality Hiking &amp; Safety Boots\",\"publisher\":{\"@id\":\"https:\\\/\\\/jimgreenfootwear.eu\\\/#organization\"},\"potentialAction\":[{\"@type\":\"SearchAction\",\"target\":{\"@type\":\"EntryPoint\",\"urlTemplate\":\"https:\\\/\\\/jimgreenfootwear.eu\\\/?s={search_term_string}\"},\"query-input\":{\"@type\":\"PropertyValueSpecification\",\"valueRequired\":true,\"valueName\":\"search_term_string\"}}],\"inLanguage\":\"fr-FR\"},{\"@type\":\"Organization\",\"@id\":\"https:\\\/\\\/jimgreenfootwear.eu\\\/#organization\",\"name\":\"Jim Green Footwear\",\"alternateName\":\"Jim Green\",\"url\":\"https:\\\/\\\/jimgreenfootwear.eu\\\/\",\"logo\":{\"@type\":\"ImageObject\",\"inLanguage\":\"fr-FR\",\"@id\":\"https:\\\/\\\/jimgreenfootwear.eu\\\/#\\\/schema\\\/logo\\\/image\\\/\",\"url\":\"https:\\\/\\\/jimgreenfootwear.eu\\\/wp-content\\\/uploads\\\/2023\\\/11\\\/Jim-Green-4-copy@4x.png\",\"contentUrl\":\"https:\\\/\\\/jimgreenfootwear.eu\\\/wp-content\\\/uploads\\\/2023\\\/11\\\/Jim-Green-4-copy@4x.png\",\"width\":1940,\"height\":1940,\"caption\":\"Jim Green Footwear\"},\"image\":{\"@id\":\"https:\\\/\\\/jimgreenfootwear.eu\\\/#\\\/schema\\\/logo\\\/image\\\/\"},\"sameAs\":[\"https:\\\/\\\/www.facebook.com\\\/jimgreenfootwear\\\/\",\"https:\\\/\\\/x.com\\\/jimgreenfw\",\"https:\\\/\\\/www.instagram.com\\\/jimgreenfootwear\\\/\"]}]}<\/script>\n<meta property=\"og:availability\" content=\"out of stock\" \/>\n<meta property=\"product:availability\" content=\"out of stock\" \/>\n<meta property=\"product:retailer_item_id\" content=\"AM30_HOC_ML\" \/>\n<meta property=\"product:condition\" content=\"new\" \/>\n<!-- \/ Yoast SEO plugin. -->","yoast_head_json":{"title":"Baobab Boot - Houston Brown - Jim Green","robots":{"index":"index","follow":"follow","max-snippet":"max-snippet:-1","max-image-preview":"max-image-preview:large","max-video-preview":"max-video-preview:-1"},"canonical":"https:\/\/jimgreenfootwear.eu\/fr\/store\/baobab-boot\/","og_locale":"fr_FR","og_type":"article","og_title":"Baobab Boot - Houston Brown - Jim Green","og_description":"[vc_row css=&#8221;.vc_custom_xxxxxx{padding-right: 15px !important;padding-bottom: 30px !important;padding-left: 15px !important;}&#8221;][vc_column width=&#8221;5\/6&#8243; css=&#8221;.vc_custom_padding_settings&#8221;][vc_column_text css=&#8221;&#8221;] C\u00e9l\u00e9bration de 30 ans de fabrication de bottes [\/vc_column_text][\/vc_column][\/vc_row][vc_row][vc_column][vc_column_text] [\/vc_column_text][\/vc_column][\/vc_row][vc_row css=&#8221;.vc_custom_padding_settings{padding-right: 15px; padding-left: 15px; padding-bottom: 20px!important;}&#8221;][vc_column width=&#8221;1\/2&#8243; el_class=&#8221;description&#8221; css=&#8221;.vc_custom_xxxxxx{padding-bottom: 20px !important;}&#8221;][vc_column_text css=&#8221;&#8221;]Nous voulions cr\u00e9er quelque chose de unique, avec plus de confort, et accessible \u00e0 tous, tout en gardant la touche Jim Green. La [&hellip;]","og_url":"https:\/\/jimgreenfootwear.eu\/fr\/store\/baobab-boot\/","og_site_name":"Jim Green","article_publisher":"https:\/\/www.facebook.com\/jimgreenfootwear\/","article_modified_time":"2026-01-04T14:47:50+00:00","og_image":[{"width":2560,"height":2560,"url":"https:\/\/jimgreenfootwear.eu\/wp-content\/uploads\/2022\/12\/6_5703-JIM-GREEN-20.10.2022-1-scaled.jpg","type":"image\/jpeg"}],"twitter_card":"summary_large_image","twitter_site":"@jimgreenfw","twitter_misc":{"Disponibilit\u00e9":"Rupture de stock"},"schema":{"@context":"https:\/\/schema.org","@graph":[{"@type":"WebPage","@id":"https:\/\/jimgreenfootwear.eu\/fr\/store\/baobab-boot\/","url":"https:\/\/jimgreenfootwear.eu\/fr\/store\/baobab-boot\/","name":"Baobab Boot - Houston Brown - Jim Green","isPartOf":{"@id":"https:\/\/jimgreenfootwear.eu\/#website"},"primaryImageOfPage":{"@id":"https:\/\/jimgreenfootwear.eu\/fr\/store\/baobab-boot\/#primaryimage"},"image":{"@id":"https:\/\/jimgreenfootwear.eu\/fr\/store\/baobab-boot\/#primaryimage"},"thumbnailUrl":"https:\/\/jimgreenfootwear.eu\/wp-content\/uploads\/2022\/12\/6_5703-JIM-GREEN-20.10.2022-1-scaled.jpg","datePublished":"2022-12-14T21:13:26+00:00","dateModified":"2026-01-04T14:47:50+00:00","breadcrumb":{"@id":"https:\/\/jimgreenfootwear.eu\/fr\/store\/baobab-boot\/#breadcrumb"},"inLanguage":"fr-FR","potentialAction":[{"@type":"ReadAction","target":["https:\/\/jimgreenfootwear.eu\/fr\/store\/baobab-boot\/"]}]},{"@type":"ImageObject","inLanguage":"fr-FR","@id":"https:\/\/jimgreenfootwear.eu\/fr\/store\/baobab-boot\/#primaryimage","url":"https:\/\/jimgreenfootwear.eu\/wp-content\/uploads\/2022\/12\/6_5703-JIM-GREEN-20.10.2022-1-scaled.jpg","contentUrl":"https:\/\/jimgreenfootwear.eu\/wp-content\/uploads\/2022\/12\/6_5703-JIM-GREEN-20.10.2022-1-scaled.jpg","width":2560,"height":2560},{"@type":"BreadcrumbList","@id":"https:\/\/jimgreenfootwear.eu\/fr\/store\/baobab-boot\/#breadcrumb","itemListElement":[{"@type":"ListItem","position":1,"name":"Home","item":"https:\/\/jimgreenfootwear.eu\/fr\/"},{"@type":"ListItem","position":2,"name":"Boutique","item":"https:\/\/jimgreenfootwear.eu\/fr\/boutique\/"},{"@type":"ListItem","position":3,"name":"Baobab Boot &#8211; Houston Brown"}]},{"@type":"WebSite","@id":"https:\/\/jimgreenfootwear.eu\/#website","url":"https:\/\/jimgreenfootwear.eu\/","name":"Jim Green","description":"Footwear EU - Quality Hiking &amp; Safety Boots","publisher":{"@id":"https:\/\/jimgreenfootwear.eu\/#organization"},"potentialAction":[{"@type":"SearchAction","target":{"@type":"EntryPoint","urlTemplate":"https:\/\/jimgreenfootwear.eu\/?s={search_term_string}"},"query-input":{"@type":"PropertyValueSpecification","valueRequired":true,"valueName":"search_term_string"}}],"inLanguage":"fr-FR"},{"@type":"Organization","@id":"https:\/\/jimgreenfootwear.eu\/#organization","name":"Jim Green Footwear","alternateName":"Jim Green","url":"https:\/\/jimgreenfootwear.eu\/","logo":{"@type":"ImageObject","inLanguage":"fr-FR","@id":"https:\/\/jimgreenfootwear.eu\/#\/schema\/logo\/image\/","url":"https:\/\/jimgreenfootwear.eu\/wp-content\/uploads\/2023\/11\/Jim-Green-4-copy@4x.png","contentUrl":"https:\/\/jimgreenfootwear.eu\/wp-content\/uploads\/2023\/11\/Jim-Green-4-copy@4x.png","width":1940,"height":1940,"caption":"Jim Green Footwear"},"image":{"@id":"https:\/\/jimgreenfootwear.eu\/#\/schema\/logo\/image\/"},"sameAs":["https:\/\/www.facebook.com\/jimgreenfootwear\/","https:\/\/x.com\/jimgreenfw","https:\/\/www.instagram.com\/jimgreenfootwear\/"]}]},"og_availability":"out of stock","product_availability":"out of stock","product_retailer_item_id":"AM30_HOC_ML","product_condition":"new"},"_links":{"self":[{"href":"https:\/\/jimgreenfootwear.eu\/fr\/wp-json\/wp\/v2\/product\/51681","targetHints":{"allow":["GET"]}}],"collection":[{"href":"https:\/\/jimgreenfootwear.eu\/fr\/wp-json\/wp\/v2\/product"}],"about":[{"href":"https:\/\/jimgreenfootwear.eu\/fr\/wp-json\/wp\/v2\/types\/product"}],"replies":[{"embeddable":true,"href":"https:\/\/jimgreenfootwear.eu\/fr\/wp-json\/wp\/v2\/comments?post=51681"}],"wp:featuredmedia":[{"embeddable":true,"href":"https:\/\/jimgreenfootwear.eu\/fr\/wp-json\/wp\/v2\/media\/47234"}],"wp:attachment":[{"href":"https:\/\/jimgreenfootwear.eu\/fr\/wp-json\/wp\/v2\/media?parent=51681"}],"wp:term":[{"taxonomy":"product_brand","embeddable":true,"href":"https:\/\/jimgreenfootwear.eu\/fr\/wp-json\/wp\/v2\/product_brand?post=51681"},{"taxonomy":"product_cat","embeddable":true,"href":"https:\/\/jimgreenfootwear.eu\/fr\/wp-json\/wp\/v2\/product_cat?post=51681"},{"taxonomy":"product_tag","embeddable":true,"href":"https:\/\/jimgreenfootwear.eu\/fr\/wp-json\/wp\/v2\/product_tag?post=51681"}],"curies":[{"name":"wp","href":"https:\/\/api.w.org\/{rel}","templated":true}]}}