{"id":53714,"date":"2025-05-26T22:34:53","date_gmt":"2025-05-26T20:34:53","guid":{"rendered":"https:\/\/jimgreenfootwear.eu\/store\/barefoot-shoellie-houston-brown\/"},"modified":"2025-11-10T20:22:03","modified_gmt":"2025-11-10T18:22:03","slug":"barefoot-shoellie-houston-brown","status":"publish","type":"product","link":"https:\/\/jimgreenfootwear.eu\/fr\/store\/barefoot-shoellie-houston-brown\/","title":{"rendered":"Barefoot Shoellie &#8211; Houston Brown"},"content":{"rendered":"<div class=\"wpb-content-wrapper\"><p>[vc_row css=&#8221;.vc_custom_xxxxxx{padding-right: 15px !important;padding-bottom: 30px !important;padding-left: 15px !important;}&#8221;][vc_column width=&#8221;5\/6&#8243; css=&#8221;.vc_custom_padding_settings&#8221;][vc_column_text css=&#8221;&#8221;]<\/p>\n<h3 data-start=\"116\" data-end=\"184\"><strong><span style=\"font-family: nathan-serif; font-size: 24pt;\">Marcher naturellement \u2013 avec la Barefoot Shoellie Boot<\/span><\/strong><\/h3>\n<p>[\/vc_column_text][\/vc_column][\/vc_row][vc_row][vc_column][vc_column_text]<\/p>\n<p>[\/vc_column_text][\/vc_column][\/vc_row][vc_row css=&#8221;.vc_custom_padding_settings{padding-right: 15px; padding-left: 15px; padding-bottom: 20px!important;}&#8221;][vc_column width=&#8221;1\/2&#8243; el_class=&#8221;description&#8221; css=&#8221;.vc_custom_xxxxxx{padding-bottom: 20px !important;}&#8221;][vc_column_text css=&#8221;&#8221;]<\/p>\n<p data-start=\"185\" data-end=\"271\"><span style=\"font-family: nathan-serif; font-size: 14pt;\">Sensations naturelles \u00e0 la marche, flexibilit\u00e9 maximale &amp; libert\u00e9 pour les orteils<\/span><\/p>\n<p data-start=\"273\" data-end=\"761\"><span style=\"font-family: nathan-serif; font-size: 14pt;\">La Barefoot Shoellie incarne tout ce qui rend la marche naturelle et confortable. Elle procure la sensation de marcher pieds nus sur un sol plat \u2013 avec beaucoup d\u2019espace au niveau des orteils, pour qu\u2019ils puissent s\u2019\u00e9tendre librement, sans \u00eatre comprim\u00e9s sur les c\u00f4t\u00e9s. Cette chaussure est comme la meilleure amie de vos pieds : extr\u00eamement flexible, souple et mobile \u2013 exactement comme votre pied. La semelle fine offre un contact direct avec le sol et une vraie sensation pieds nus.<\/span><\/p>\n<p data-start=\"763\" data-end=\"1050\"><span style=\"font-family: nathan-serif; font-size: 14pt;\">Marcher pieds nus, \u00e7a veut dire : pas de soutien artificiel, pas de ressorts, pas de gadgets \u2013 juste votre pied qui peut bouger naturellement. Si vous cherchez une chaussure barefoot confortable, flexible et respectueuse de vos pieds, la Shoellie est exactement ce qu\u2019il vous faut.<\/span><\/p>\n<p>[\/vc_column_text][\/vc_column][vc_column width=&#8221;1\/2&#8243; el_class=&#8221;features&#8221;][vc_column_text css=&#8221;&#8221;]<\/p>\n<ul>\n<li data-start=\"1127\" data-end=\"1277\"><span style=\"font-family: nathan-serif; font-size: 14pt;\">Focus sur trois \u00e9l\u00e9ments : Confort \u2013 Durabilit\u00e9 \u2013 Accessibilit\u00e9<\/span><\/li>\n<li data-start=\"1127\" data-end=\"1277\"><span style=\"font-family: nathan-serif; font-size: 14pt;\">Semelle Anvil : d\u00e9velopp\u00e9e pour reproduire la sensation de la marche pieds nus sur tous types de sols \u2013 avec plus d\u2019adh\u00e9rence et de protection<\/span><\/li>\n<li data-start=\"1278\" data-end=\"1347\"><span style=\"font-family: nathan-serif; font-size: 14pt;\">Cuir nubuck double \u00e9paisseur de 2,2 mm pour une grande r\u00e9sistance<\/span><\/li>\n<li data-start=\"1348\" data-end=\"1423\"><span style=\"font-family: nathan-serif; font-size: 14pt;\">Contrefort renforc\u00e9 pour plus de stabilit\u00e9 et protection de la cheville<\/span><\/li>\n<li data-start=\"1424\" data-end=\"1501\"><span style=\"font-family: nathan-serif; font-size: 14pt;\">Sans renfort en acier (Steel Shank) \u2013 pour un d\u00e9roul\u00e9 du pied naturel<\/span><\/li>\n<li data-start=\"1502\" data-end=\"1596\"><span style=\"font-family: nathan-serif; font-size: 14pt;\">Semelle interm\u00e9diaire en cuir \u2013 pour plus de souplesse, de confort et de sensations au sol<\/span><\/li>\n<li data-start=\"1597\" data-end=\"1690\"><span style=\"font-family: nathan-serif; font-size: 14pt;\">Double couture avec fil de nylon tress\u00e9 de 2,2 mm \u2013 construction particuli\u00e8rement durable<\/span><\/li>\n<li data-start=\"1691\" data-end=\"1764\"><span style=\"font-family: nathan-serif; font-size: 14pt;\">Resemellable gr\u00e2ce \u00e0 la m\u00e9thode de montage cousu (double Stitch-Down)<\/span><\/li>\n<li data-start=\"1765\" data-end=\"1846\"><span style=\"font-family: nathan-serif; font-size: 14pt;\">Demi-semelle int\u00e9rieure en cuir int\u00e9gr\u00e9e \u2013 pas de semelle int\u00e9rieure amovible<\/span><\/li>\n<li data-start=\"1847\" data-end=\"1952\"><span style=\"font-family: nathan-serif; font-size: 14pt;\"><strong><span style=\"text-decoration: underline;\">Forme Zero Drop (3E)<\/span><\/strong> \u2013 coupe large &amp; bo\u00eete \u00e0 orteils g\u00e9n\u00e9reuse pour une posture naturelle du pied<\/span><\/li>\n<li data-start=\"1953\" data-end=\"1997\"><span style=\"font-family: nathan-serif; font-size: 14pt;\">Poids : env. 850 g (taille 08 )<\/span><\/li>\n<li data-start=\"1998\" data-end=\"2022\"><span style=\"font-family: nathan-serif; font-size: 14pt;\">Lacets : env. 100 cm<\/span><\/li>\n<li data-start=\"2023\" data-end=\"2052\"><span style=\"font-family: nathan-serif; font-size: 14pt;\">Fabriqu\u00e9e en Afrique du Sud<\/span><\/li>\n<\/ul>\n<p>[\/vc_column_text][\/vc_column][\/vc_row]<\/p>\n<\/div>","protected":false},"excerpt":{"rendered":"<p>[vc_row css=&#8221;.vc_custom_xxxxxx{padding-right: 15px !important;padding-bottom: 30px !important;padding-left: 15px !important;}&#8221;][vc_column width=&#8221;5\/6&#8243; css=&#8221;.vc_custom_padding_settings&#8221;][vc_column_text css=&#8221;&#8221;] Marcher naturellement \u2013 avec la Barefoot Shoellie Boot [\/vc_column_text][\/vc_column][\/vc_row][vc_row][vc_column][vc_column_text] [\/vc_column_text][\/vc_column][\/vc_row][vc_row css=&#8221;.vc_custom_padding_settings{padding-right: 15px; padding-left: 15px; padding-bottom: 20px!important;}&#8221;][vc_column width=&#8221;1\/2&#8243; el_class=&#8221;description&#8221; css=&#8221;.vc_custom_xxxxxx{padding-bottom: 20px !important;}&#8221;][vc_column_text css=&#8221;&#8221;] Sensations naturelles \u00e0 la marche, flexibilit\u00e9 maximale &amp; libert\u00e9 pour les orteils La Barefoot Shoellie incarne tout ce qui rend la marche [&hellip;]<\/p>\n","protected":false},"featured_media":53102,"comment_status":"open","ping_status":"closed","template":"","meta":{"_acf_changed":false},"product_brand":[],"product_cat":[318,334,342],"product_tag":[],"class_list":{"0":"post-53714","1":"product","2":"type-product","3":"status-publish","4":"has-post-thumbnail","6":"product_cat-barefoot-boots-fr","7":"product_cat-all-fr","8":"product_cat-velliesnshoes-fr","9":"product_shipping_class-boots","10":"tm-has-options","12":"first","13":"instock","14":"taxable","15":"shipping-taxable","16":"purchasable","17":"product-type-variable"},"group_of_quantity":0,"min_quantity":0,"max_quantity":"","exclude_order_quantity_value_rules":"no","exclude_category_quantity_rules":"no","combine_variations":"no","acf":[],"yoast_head":"<!-- This site is optimized with the Yoast SEO plugin v27.3 - https:\/\/yoast.com\/product\/yoast-seo-wordpress\/ -->\n<title>Barefoot Shoellie - Houston Brown - Jim Green<\/title>\n<meta name=\"robots\" content=\"index, follow, max-snippet:-1, max-image-preview:large, max-video-preview:-1\" \/>\n<link rel=\"canonical\" href=\"https:\/\/jimgreenfootwear.eu\/fr\/store\/barefoot-shoellie-houston-brown\/\" \/>\n<meta property=\"og:locale\" content=\"fr_FR\" \/>\n<meta property=\"og:type\" content=\"article\" \/>\n<meta property=\"og:title\" content=\"Barefoot Shoellie - Houston Brown - Jim Green\" \/>\n<meta property=\"og:description\" content=\"[vc_row css=&#8221;.vc_custom_xxxxxx{padding-right: 15px !important;padding-bottom: 30px !important;padding-left: 15px !important;}&#8221;][vc_column width=&#8221;5\/6&#8243; css=&#8221;.vc_custom_padding_settings&#8221;][vc_column_text css=&#8221;&#8221;] Marcher naturellement \u2013 avec la Barefoot Shoellie Boot [\/vc_column_text][\/vc_column][\/vc_row][vc_row][vc_column][vc_column_text] [\/vc_column_text][\/vc_column][\/vc_row][vc_row css=&#8221;.vc_custom_padding_settings{padding-right: 15px; padding-left: 15px; padding-bottom: 20px!important;}&#8221;][vc_column width=&#8221;1\/2&#8243; el_class=&#8221;description&#8221; css=&#8221;.vc_custom_xxxxxx{padding-bottom: 20px !important;}&#8221;][vc_column_text css=&#8221;&#8221;] Sensations naturelles \u00e0 la marche, flexibilit\u00e9 maximale &amp; libert\u00e9 pour les orteils La Barefoot Shoellie incarne tout ce qui rend la marche [&hellip;]\" \/>\n<meta property=\"og:url\" content=\"https:\/\/jimgreenfootwear.eu\/fr\/store\/barefoot-shoellie-houston-brown\/\" \/>\n<meta property=\"og:site_name\" content=\"Jim Green\" \/>\n<meta property=\"article:publisher\" content=\"https:\/\/www.facebook.com\/jimgreenfootwear\/\" \/>\n<meta property=\"article:modified_time\" content=\"2025-11-10T18:22:03+00:00\" \/>\n<meta property=\"og:image\" content=\"https:\/\/jimgreenfootwear.eu\/wp-content\/uploads\/2025\/05\/AM01Z_HOC_01_73-scaled-1.jpg\" \/>\n\t<meta property=\"og:image:width\" content=\"2560\" \/>\n\t<meta property=\"og:image:height\" content=\"2560\" \/>\n\t<meta property=\"og:image:type\" content=\"image\/jpeg\" \/>\n<meta name=\"twitter:card\" content=\"summary_large_image\" \/>\n<meta name=\"twitter:site\" content=\"@jimgreenfw\" \/>\n<meta name=\"twitter:label1\" content=\"Disponibilit\u00e9\" \/>\n\t<meta name=\"twitter:data1\" content=\"En stock\" \/>\n<script type=\"application\/ld+json\" class=\"yoast-schema-graph\">{\"@context\":\"https:\\\/\\\/schema.org\",\"@graph\":[{\"@type\":\"WebPage\",\"@id\":\"https:\\\/\\\/jimgreenfootwear.eu\\\/fr\\\/store\\\/barefoot-shoellie-houston-brown\\\/\",\"url\":\"https:\\\/\\\/jimgreenfootwear.eu\\\/fr\\\/store\\\/barefoot-shoellie-houston-brown\\\/\",\"name\":\"Barefoot Shoellie - Houston Brown - Jim Green\",\"isPartOf\":{\"@id\":\"https:\\\/\\\/jimgreenfootwear.eu\\\/#website\"},\"primaryImageOfPage\":{\"@id\":\"https:\\\/\\\/jimgreenfootwear.eu\\\/fr\\\/store\\\/barefoot-shoellie-houston-brown\\\/#primaryimage\"},\"image\":{\"@id\":\"https:\\\/\\\/jimgreenfootwear.eu\\\/fr\\\/store\\\/barefoot-shoellie-houston-brown\\\/#primaryimage\"},\"thumbnailUrl\":\"https:\\\/\\\/jimgreenfootwear.eu\\\/wp-content\\\/uploads\\\/2025\\\/05\\\/AM01Z_HOC_01_73-scaled-1.jpg\",\"datePublished\":\"2025-05-26T20:34:53+00:00\",\"dateModified\":\"2025-11-10T18:22:03+00:00\",\"breadcrumb\":{\"@id\":\"https:\\\/\\\/jimgreenfootwear.eu\\\/fr\\\/store\\\/barefoot-shoellie-houston-brown\\\/#breadcrumb\"},\"inLanguage\":\"fr-FR\",\"potentialAction\":[{\"@type\":\"ReadAction\",\"target\":[\"https:\\\/\\\/jimgreenfootwear.eu\\\/fr\\\/store\\\/barefoot-shoellie-houston-brown\\\/\"]}]},{\"@type\":\"ImageObject\",\"inLanguage\":\"fr-FR\",\"@id\":\"https:\\\/\\\/jimgreenfootwear.eu\\\/fr\\\/store\\\/barefoot-shoellie-houston-brown\\\/#primaryimage\",\"url\":\"https:\\\/\\\/jimgreenfootwear.eu\\\/wp-content\\\/uploads\\\/2025\\\/05\\\/AM01Z_HOC_01_73-scaled-1.jpg\",\"contentUrl\":\"https:\\\/\\\/jimgreenfootwear.eu\\\/wp-content\\\/uploads\\\/2025\\\/05\\\/AM01Z_HOC_01_73-scaled-1.jpg\",\"width\":2560,\"height\":2560},{\"@type\":\"BreadcrumbList\",\"@id\":\"https:\\\/\\\/jimgreenfootwear.eu\\\/fr\\\/store\\\/barefoot-shoellie-houston-brown\\\/#breadcrumb\",\"itemListElement\":[{\"@type\":\"ListItem\",\"position\":1,\"name\":\"Home\",\"item\":\"https:\\\/\\\/jimgreenfootwear.eu\\\/fr\\\/\"},{\"@type\":\"ListItem\",\"position\":2,\"name\":\"Boutique\",\"item\":\"https:\\\/\\\/jimgreenfootwear.eu\\\/fr\\\/boutique\\\/\"},{\"@type\":\"ListItem\",\"position\":3,\"name\":\"Barefoot Shoellie &#8211; Houston Brown\"}]},{\"@type\":\"WebSite\",\"@id\":\"https:\\\/\\\/jimgreenfootwear.eu\\\/#website\",\"url\":\"https:\\\/\\\/jimgreenfootwear.eu\\\/\",\"name\":\"Jim Green\",\"description\":\"Footwear EU - Quality Hiking &amp; Safety Boots\",\"publisher\":{\"@id\":\"https:\\\/\\\/jimgreenfootwear.eu\\\/#organization\"},\"potentialAction\":[{\"@type\":\"SearchAction\",\"target\":{\"@type\":\"EntryPoint\",\"urlTemplate\":\"https:\\\/\\\/jimgreenfootwear.eu\\\/?s={search_term_string}\"},\"query-input\":{\"@type\":\"PropertyValueSpecification\",\"valueRequired\":true,\"valueName\":\"search_term_string\"}}],\"inLanguage\":\"fr-FR\"},{\"@type\":\"Organization\",\"@id\":\"https:\\\/\\\/jimgreenfootwear.eu\\\/#organization\",\"name\":\"Jim Green Footwear\",\"alternateName\":\"Jim Green\",\"url\":\"https:\\\/\\\/jimgreenfootwear.eu\\\/\",\"logo\":{\"@type\":\"ImageObject\",\"inLanguage\":\"fr-FR\",\"@id\":\"https:\\\/\\\/jimgreenfootwear.eu\\\/#\\\/schema\\\/logo\\\/image\\\/\",\"url\":\"https:\\\/\\\/jimgreenfootwear.eu\\\/wp-content\\\/uploads\\\/2023\\\/11\\\/Jim-Green-4-copy@4x.png\",\"contentUrl\":\"https:\\\/\\\/jimgreenfootwear.eu\\\/wp-content\\\/uploads\\\/2023\\\/11\\\/Jim-Green-4-copy@4x.png\",\"width\":1940,\"height\":1940,\"caption\":\"Jim Green Footwear\"},\"image\":{\"@id\":\"https:\\\/\\\/jimgreenfootwear.eu\\\/#\\\/schema\\\/logo\\\/image\\\/\"},\"sameAs\":[\"https:\\\/\\\/www.facebook.com\\\/jimgreenfootwear\\\/\",\"https:\\\/\\\/x.com\\\/jimgreenfw\",\"https:\\\/\\\/www.instagram.com\\\/jimgreenfootwear\\\/\"]}]}<\/script>\n<meta property=\"og:availability\" content=\"instock\" \/>\n<meta property=\"product:availability\" content=\"instock\" \/>\n<meta property=\"product:retailer_item_id\" content=\"AM01Z_HOC_ANV\" \/>\n<meta property=\"product:condition\" content=\"new\" \/>\n<!-- \/ Yoast SEO plugin. -->","yoast_head_json":{"title":"Barefoot Shoellie - Houston Brown - Jim Green","robots":{"index":"index","follow":"follow","max-snippet":"max-snippet:-1","max-image-preview":"max-image-preview:large","max-video-preview":"max-video-preview:-1"},"canonical":"https:\/\/jimgreenfootwear.eu\/fr\/store\/barefoot-shoellie-houston-brown\/","og_locale":"fr_FR","og_type":"article","og_title":"Barefoot Shoellie - Houston Brown - Jim Green","og_description":"[vc_row css=&#8221;.vc_custom_xxxxxx{padding-right: 15px !important;padding-bottom: 30px !important;padding-left: 15px !important;}&#8221;][vc_column width=&#8221;5\/6&#8243; css=&#8221;.vc_custom_padding_settings&#8221;][vc_column_text css=&#8221;&#8221;] Marcher naturellement \u2013 avec la Barefoot Shoellie Boot [\/vc_column_text][\/vc_column][\/vc_row][vc_row][vc_column][vc_column_text] [\/vc_column_text][\/vc_column][\/vc_row][vc_row css=&#8221;.vc_custom_padding_settings{padding-right: 15px; padding-left: 15px; padding-bottom: 20px!important;}&#8221;][vc_column width=&#8221;1\/2&#8243; el_class=&#8221;description&#8221; css=&#8221;.vc_custom_xxxxxx{padding-bottom: 20px !important;}&#8221;][vc_column_text css=&#8221;&#8221;] Sensations naturelles \u00e0 la marche, flexibilit\u00e9 maximale &amp; libert\u00e9 pour les orteils La Barefoot Shoellie incarne tout ce qui rend la marche [&hellip;]","og_url":"https:\/\/jimgreenfootwear.eu\/fr\/store\/barefoot-shoellie-houston-brown\/","og_site_name":"Jim Green","article_publisher":"https:\/\/www.facebook.com\/jimgreenfootwear\/","article_modified_time":"2025-11-10T18:22:03+00:00","og_image":[{"width":2560,"height":2560,"url":"https:\/\/jimgreenfootwear.eu\/wp-content\/uploads\/2025\/05\/AM01Z_HOC_01_73-scaled-1.jpg","type":"image\/jpeg"}],"twitter_card":"summary_large_image","twitter_site":"@jimgreenfw","twitter_misc":{"Disponibilit\u00e9":"En stock"},"schema":{"@context":"https:\/\/schema.org","@graph":[{"@type":"WebPage","@id":"https:\/\/jimgreenfootwear.eu\/fr\/store\/barefoot-shoellie-houston-brown\/","url":"https:\/\/jimgreenfootwear.eu\/fr\/store\/barefoot-shoellie-houston-brown\/","name":"Barefoot Shoellie - Houston Brown - Jim Green","isPartOf":{"@id":"https:\/\/jimgreenfootwear.eu\/#website"},"primaryImageOfPage":{"@id":"https:\/\/jimgreenfootwear.eu\/fr\/store\/barefoot-shoellie-houston-brown\/#primaryimage"},"image":{"@id":"https:\/\/jimgreenfootwear.eu\/fr\/store\/barefoot-shoellie-houston-brown\/#primaryimage"},"thumbnailUrl":"https:\/\/jimgreenfootwear.eu\/wp-content\/uploads\/2025\/05\/AM01Z_HOC_01_73-scaled-1.jpg","datePublished":"2025-05-26T20:34:53+00:00","dateModified":"2025-11-10T18:22:03+00:00","breadcrumb":{"@id":"https:\/\/jimgreenfootwear.eu\/fr\/store\/barefoot-shoellie-houston-brown\/#breadcrumb"},"inLanguage":"fr-FR","potentialAction":[{"@type":"ReadAction","target":["https:\/\/jimgreenfootwear.eu\/fr\/store\/barefoot-shoellie-houston-brown\/"]}]},{"@type":"ImageObject","inLanguage":"fr-FR","@id":"https:\/\/jimgreenfootwear.eu\/fr\/store\/barefoot-shoellie-houston-brown\/#primaryimage","url":"https:\/\/jimgreenfootwear.eu\/wp-content\/uploads\/2025\/05\/AM01Z_HOC_01_73-scaled-1.jpg","contentUrl":"https:\/\/jimgreenfootwear.eu\/wp-content\/uploads\/2025\/05\/AM01Z_HOC_01_73-scaled-1.jpg","width":2560,"height":2560},{"@type":"BreadcrumbList","@id":"https:\/\/jimgreenfootwear.eu\/fr\/store\/barefoot-shoellie-houston-brown\/#breadcrumb","itemListElement":[{"@type":"ListItem","position":1,"name":"Home","item":"https:\/\/jimgreenfootwear.eu\/fr\/"},{"@type":"ListItem","position":2,"name":"Boutique","item":"https:\/\/jimgreenfootwear.eu\/fr\/boutique\/"},{"@type":"ListItem","position":3,"name":"Barefoot Shoellie &#8211; Houston Brown"}]},{"@type":"WebSite","@id":"https:\/\/jimgreenfootwear.eu\/#website","url":"https:\/\/jimgreenfootwear.eu\/","name":"Jim Green","description":"Footwear EU - Quality Hiking &amp; Safety Boots","publisher":{"@id":"https:\/\/jimgreenfootwear.eu\/#organization"},"potentialAction":[{"@type":"SearchAction","target":{"@type":"EntryPoint","urlTemplate":"https:\/\/jimgreenfootwear.eu\/?s={search_term_string}"},"query-input":{"@type":"PropertyValueSpecification","valueRequired":true,"valueName":"search_term_string"}}],"inLanguage":"fr-FR"},{"@type":"Organization","@id":"https:\/\/jimgreenfootwear.eu\/#organization","name":"Jim Green Footwear","alternateName":"Jim Green","url":"https:\/\/jimgreenfootwear.eu\/","logo":{"@type":"ImageObject","inLanguage":"fr-FR","@id":"https:\/\/jimgreenfootwear.eu\/#\/schema\/logo\/image\/","url":"https:\/\/jimgreenfootwear.eu\/wp-content\/uploads\/2023\/11\/Jim-Green-4-copy@4x.png","contentUrl":"https:\/\/jimgreenfootwear.eu\/wp-content\/uploads\/2023\/11\/Jim-Green-4-copy@4x.png","width":1940,"height":1940,"caption":"Jim Green Footwear"},"image":{"@id":"https:\/\/jimgreenfootwear.eu\/#\/schema\/logo\/image\/"},"sameAs":["https:\/\/www.facebook.com\/jimgreenfootwear\/","https:\/\/x.com\/jimgreenfw","https:\/\/www.instagram.com\/jimgreenfootwear\/"]}]},"og_availability":"instock","product_availability":"instock","product_retailer_item_id":"AM01Z_HOC_ANV","product_condition":"new"},"_links":{"self":[{"href":"https:\/\/jimgreenfootwear.eu\/fr\/wp-json\/wp\/v2\/product\/53714","targetHints":{"allow":["GET"]}}],"collection":[{"href":"https:\/\/jimgreenfootwear.eu\/fr\/wp-json\/wp\/v2\/product"}],"about":[{"href":"https:\/\/jimgreenfootwear.eu\/fr\/wp-json\/wp\/v2\/types\/product"}],"replies":[{"embeddable":true,"href":"https:\/\/jimgreenfootwear.eu\/fr\/wp-json\/wp\/v2\/comments?post=53714"}],"wp:featuredmedia":[{"embeddable":true,"href":"https:\/\/jimgreenfootwear.eu\/fr\/wp-json\/wp\/v2\/media\/53102"}],"wp:attachment":[{"href":"https:\/\/jimgreenfootwear.eu\/fr\/wp-json\/wp\/v2\/media?parent=53714"}],"wp:term":[{"taxonomy":"product_brand","embeddable":true,"href":"https:\/\/jimgreenfootwear.eu\/fr\/wp-json\/wp\/v2\/product_brand?post=53714"},{"taxonomy":"product_cat","embeddable":true,"href":"https:\/\/jimgreenfootwear.eu\/fr\/wp-json\/wp\/v2\/product_cat?post=53714"},{"taxonomy":"product_tag","embeddable":true,"href":"https:\/\/jimgreenfootwear.eu\/fr\/wp-json\/wp\/v2\/product_tag?post=53714"}],"curies":[{"name":"wp","href":"https:\/\/api.w.org\/{rel}","templated":true}]}}