{"id":54484,"date":"2025-05-26T22:34:53","date_gmt":"2025-05-26T20:34:53","guid":{"rendered":"https:\/\/jimgreenfootwear.eu\/store\/workhorse-moc-toe-bronco\/"},"modified":"2026-02-11T15:47:56","modified_gmt":"2026-02-11T13:47:56","slug":"workhorse-moc-toe-bronco","status":"publish","type":"product","link":"https:\/\/jimgreenfootwear.eu\/fr\/store\/workhorse-moc-toe-bronco\/","title":{"rendered":"Workhorse &#8211; Moc-Toe &#8211; Bronco"},"content":{"rendered":"<div class=\"wpb-content-wrapper\"><p>[vc_row css=&#8221;.vc_custom_1738941992903{padding-right: 15px !important;padding-bottom: 30px !important;padding-left: 15px !important;}&#8221;][vc_column width=&#8221;5\/6&#8243; css=&#8221;.vc_custom_padding_settings&#8221;][vc_column_text css=&#8221;&#8221;]<\/p>\n<h3><span style=\"font-family: nathan-serif; font-size: 24pt;\">Jim Green Workhorse \u2013 Le compagnon fiable au quotidien<\/span><\/h3>\n<p>[\/vc_column_text][\/vc_column][\/vc_row][vc_row css=&#8221;.vc_custom_padding_settings{padding-right: 15px !important; padding-left: 15px !important; padding-bottom: 20px !important;}&#8221;][vc_column width=&#8221;1\/2&#8243; el_class=&#8221;description&#8221; css=&#8221;.vc_custom_1738941875378{padding-bottom: 20px !important;}&#8221;][vc_column_text css=&#8221;&#8221;]<\/p>\n<p data-start=\"291\" data-end=\"549\"><span style=\"font-size: 14pt; font-family: nathan-serif;\">La <strong data-start=\"294\" data-end=\"307\">Workhorse<\/strong> est l\u2019interpr\u00e9tation par Jim Green de la botte de travail classique \u00e0 bout Moc Toe \u2013 r\u00e9alis\u00e9e selon une v\u00e9ritable construction <em data-start=\"435\" data-end=\"444\">Moc Toe<\/em>, ce qui la distingue clairement des autres mod\u00e8les, tout en offrant un excellent rapport qualit\u00e9-prix.<\/span><\/p>\n<p data-start=\"551\" data-end=\"932\"><span style=\"font-size: 14pt; font-family: nathan-serif;\">Son style intemporel en fait un choix id\u00e9al pour tous les jours, tandis que sa semelle interm\u00e9diaire en cuir et sa construction authentique assurent un confort tout au long de la journ\u00e9e. Que vous soyez sur un chantier, en pleine nature ou simplement dans le rythme exigeant du quotidien, cette botte est con\u00e7ue pour vous accompagner avec un soutien et une fiabilit\u00e9 sans faille.<\/span><\/p>\n<p data-start=\"934\" data-end=\"1212\"><span style=\"font-size: 14pt; font-family: nathan-serif;\">Con\u00e7ue pour les travailleurs, les aventuriers et tous ceux qui exigent le meilleur de leurs chaussures, la <strong data-start=\"1041\" data-end=\"1054\">Workhorse<\/strong> allie savoir-faire traditionnel et durabilit\u00e9 embl\u00e9matique de Jim Green, afin que, o\u00f9 que la journ\u00e9e vous m\u00e8ne, vos bottes soient pr\u00eates \u00e0 relever le d\u00e9fi.<\/span><\/p>\n<p>[\/vc_column_text][\/vc_column][vc_column width=&#8221;1\/2&#8243; el_class=&#8221;features&#8221; css=&#8221;.vc_custom_padding_settings{padding-right: 15px !important; padding-left: 15px !important;}&#8221;][vc_column_text css=&#8221;&#8221;]<\/p>\n<ul>\n<li data-start=\"1247\" data-end=\"1350\"><span style=\"font-size: 14pt; font-family: nathan-serif;\">Design <strong data-start=\"1254\" data-end=\"1275\">Moc Toe classique<\/strong>, fabriqu\u00e9 avec une attention exceptionnelle aux d\u00e9tails et \u00e0 la qualit\u00e9.<\/span><\/li>\n<li data-start=\"1353\" data-end=\"1471\"><span style=\"font-size: 14pt; font-family: nathan-serif;\">R\u00e9alis\u00e9e en <strong data-start=\"1365\" data-end=\"1392\">cuir \u00e0 double \u00e9paisseur<\/strong> : cuir pleine fleur \u00ab pull-up \u00bb de 2,2 mm, doubl\u00e9 de cuir de veau de 1,6 mm.<\/span><\/li>\n<li data-start=\"1474\" data-end=\"1555\"><span style=\"font-size: 14pt; font-family: nathan-serif;\"><strong data-start=\"1474\" data-end=\"1499\">Contreforts renforc\u00e9s<\/strong> pour plus de maintien, de stabilit\u00e9 et de protection.<\/span><\/li>\n<li data-start=\"1558\" data-end=\"1645\"><span style=\"font-size: 14pt; font-family: nathan-serif;\"><strong data-start=\"1558\" data-end=\"1597\">Languette en cuir souple \u00e0 soufflet<\/strong>, pour un meilleur confort et un poids r\u00e9duit.<\/span><\/li>\n<li data-start=\"1648\" data-end=\"1784\"><span style=\"font-size: 14pt; font-family: nathan-serif;\"><strong data-start=\"259\" data-end=\"280\">Cambrion en acier<\/strong> entre la premi\u00e8re de montage et la semelle ext\u00e9rieure, offrant un soutien et une stabilit\u00e9 suppl\u00e9mentaires.<\/span><\/li>\n<li data-start=\"1787\" data-end=\"1894\"><span style=\"font-size: 14pt; font-family: nathan-serif;\"><strong data-start=\"1787\" data-end=\"1820\">Semelle interm\u00e9diaire en cuir<\/strong> et <strong data-start=\"1824\" data-end=\"1844\">couche en r\u00e9sine<\/strong> pour un confort accru et une grande durabilit\u00e9.<\/span><\/li>\n<li data-start=\"1897\" data-end=\"1966\"><span style=\"font-size: 14pt; font-family: nathan-serif;\"><strong data-start=\"1897\" data-end=\"1929\">Crochets et \u0153illets robustes<\/strong> assurant un la\u00e7age s\u00fbr et durable.<\/span><\/li>\n<li data-start=\"1969\" data-end=\"2044\"><span style=\"font-size: 14pt; font-family: nathan-serif;\"><strong data-start=\"1969\" data-end=\"1986\">Montage Blake<\/strong>, reliant solidement la tige \u00e0 la semelle interm\u00e9diaire.<\/span><\/li>\n<li data-start=\"2047\" data-end=\"2076\"><span style=\"font-size: 14pt; font-family: nathan-serif;\"><strong data-start=\"2047\" data-end=\"2074\">Ressemelables.<\/strong><\/span><\/li>\n<li data-start=\"2079\" data-end=\"2184\"><span style=\"font-size: 14pt; font-family: nathan-serif;\"><strong data-start=\"2079\" data-end=\"2091\">Forme MT<\/strong> \u2013 largeur 3E, avec un avant-pied spacieux et la silhouette traditionnelle du bout Moc Toe.<\/span><\/li>\n<li data-start=\"2187\" data-end=\"2336\"><span style=\"font-size: 14pt; font-family: nathan-serif;\"><strong data-start=\"2187\" data-end=\"2227\">Semelle ext\u00e9rieure : TW (Tyre Wedge)<\/strong> \u2013 en caoutchouc v\u00e9ritable, avec un compos\u00e9 plus souple pour une meilleure adh\u00e9rence et un confort optimal.<\/span><\/li>\n<li data-start=\"2339\" data-end=\"2379\"><span style=\"font-size: 14pt; font-family: nathan-serif;\"><strong data-start=\"2339\" data-end=\"2350\">Poids :<\/strong> env. 1,40 kg (pointure 08UK).<\/span><\/li>\n<li data-start=\"2382\" data-end=\"2404\"><span style=\"font-size: 14pt; font-family: nathan-serif;\"><strong data-start=\"2382\" data-end=\"2394\">Lacets :<\/strong> 150 cm.<\/span><\/li>\n<li data-start=\"2407\" data-end=\"2446\"><span style=\"font-size: 14pt; font-family: nathan-serif;\"><strong data-start=\"2407\" data-end=\"2444\">100 % fabriqu\u00e9 en Afrique du Sud.<\/strong><\/span><\/li>\n<li data-start=\"2449\" data-end=\"2664\"><span style=\"font-size: 14pt; font-family: nathan-serif;\"><strong data-start=\"2449\" data-end=\"2474\">Conseil de pointure :<\/strong> notre forme Moc Toe combine la largeur de la forme JG avec la hauteur d\u2019orteils de la forme STC. La taille correspond au syst\u00e8me Brannock, avec une largeur 3E (large).<\/span><\/li>\n<\/ul>\n<p>[\/vc_column_text][\/vc_column][\/vc_row]<\/p>\n<\/div>","protected":false},"excerpt":{"rendered":"<p>[vc_row css=&#8221;.vc_custom_1738941992903{padding-right: 15px !important;padding-bottom: 30px !important;padding-left: 15px !important;}&#8221;][vc_column width=&#8221;5\/6&#8243; css=&#8221;.vc_custom_padding_settings&#8221;][vc_column_text css=&#8221;&#8221;] Jim Green Workhorse \u2013 Le compagnon fiable au quotidien [\/vc_column_text][\/vc_column][\/vc_row][vc_row css=&#8221;.vc_custom_padding_settings{padding-right: 15px !important; padding-left: 15px !important; padding-bottom: 20px !important;}&#8221;][vc_column width=&#8221;1\/2&#8243; el_class=&#8221;description&#8221; css=&#8221;.vc_custom_1738941875378{padding-bottom: 20px !important;}&#8221;][vc_column_text css=&#8221;&#8221;] La Workhorse est l\u2019interpr\u00e9tation par Jim Green de la botte de travail classique \u00e0 bout Moc Toe \u2013 r\u00e9alis\u00e9e [&hellip;]<\/p>\n","protected":false},"featured_media":53175,"comment_status":"open","ping_status":"closed","template":"","meta":{"_acf_changed":false},"product_brand":[],"product_cat":[533,352,334,534],"product_tag":[391],"class_list":{"0":"post-54484","1":"product","2":"type-product","3":"status-publish","4":"has-post-thumbnail","6":"product_cat-moc-toe-fr","7":"product_cat-premium-fr","8":"product_cat-all-fr","9":"product_cat-workhorse-fr","10":"product_tag-premium-fr-2","11":"product_shipping_class-boots","12":"tm-has-options","14":"first","15":"outofstock","16":"taxable","17":"shipping-taxable","18":"purchasable","19":"product-type-variable"},"group_of_quantity":0,"min_quantity":0,"max_quantity":"","exclude_order_quantity_value_rules":"no","exclude_category_quantity_rules":"no","combine_variations":"no","acf":[],"yoast_head":"<!-- This site is optimized with the Yoast SEO plugin v27.5 - https:\/\/yoast.com\/product\/yoast-seo-wordpress\/ -->\n<title>Workhorse - Moc-Toe - Bronco - Jim Green<\/title>\n<meta name=\"robots\" content=\"index, follow, max-snippet:-1, max-image-preview:large, max-video-preview:-1\" \/>\n<link rel=\"canonical\" href=\"https:\/\/jimgreenfootwear.eu\/fr\/store\/workhorse-moc-toe-bronco\/\" \/>\n<meta property=\"og:locale\" content=\"fr_FR\" \/>\n<meta property=\"og:type\" content=\"article\" \/>\n<meta property=\"og:title\" content=\"Workhorse - Moc-Toe - Bronco - Jim Green\" \/>\n<meta property=\"og:description\" content=\"[vc_row css=&#8221;.vc_custom_1738941992903{padding-right: 15px !important;padding-bottom: 30px !important;padding-left: 15px !important;}&#8221;][vc_column width=&#8221;5\/6&#8243; css=&#8221;.vc_custom_padding_settings&#8221;][vc_column_text css=&#8221;&#8221;] Jim Green Workhorse \u2013 Le compagnon fiable au quotidien [\/vc_column_text][\/vc_column][\/vc_row][vc_row css=&#8221;.vc_custom_padding_settings{padding-right: 15px !important; padding-left: 15px !important; padding-bottom: 20px !important;}&#8221;][vc_column width=&#8221;1\/2&#8243; el_class=&#8221;description&#8221; css=&#8221;.vc_custom_1738941875378{padding-bottom: 20px !important;}&#8221;][vc_column_text css=&#8221;&#8221;] La Workhorse est l\u2019interpr\u00e9tation par Jim Green de la botte de travail classique \u00e0 bout Moc Toe \u2013 r\u00e9alis\u00e9e [&hellip;]\" \/>\n<meta property=\"og:url\" content=\"https:\/\/jimgreenfootwear.eu\/fr\/store\/workhorse-moc-toe-bronco\/\" \/>\n<meta property=\"og:site_name\" content=\"Jim Green\" \/>\n<meta property=\"article:publisher\" content=\"https:\/\/www.facebook.com\/jimgreenfootwear\/\" \/>\n<meta property=\"article:modified_time\" content=\"2026-02-11T13:47:56+00:00\" \/>\n<meta property=\"og:image\" content=\"https:\/\/jimgreenfootwear.eu\/wp-content\/uploads\/2025\/05\/MT01-BCC-TW8_01.png\" \/>\n\t<meta property=\"og:image:width\" content=\"2000\" \/>\n\t<meta property=\"og:image:height\" content=\"2000\" \/>\n\t<meta property=\"og:image:type\" content=\"image\/png\" \/>\n<meta name=\"twitter:card\" content=\"summary_large_image\" \/>\n<meta name=\"twitter:site\" content=\"@jimgreenfw\" \/>\n<meta name=\"twitter:label1\" content=\"Disponibilit\u00e9\" \/>\n\t<meta name=\"twitter:data1\" content=\"Rupture de stock\" \/>\n<script type=\"application\/ld+json\" class=\"yoast-schema-graph\">{\"@context\":\"https:\\\/\\\/schema.org\",\"@graph\":[{\"@type\":\"WebPage\",\"@id\":\"https:\\\/\\\/jimgreenfootwear.eu\\\/fr\\\/store\\\/workhorse-moc-toe-bronco\\\/\",\"url\":\"https:\\\/\\\/jimgreenfootwear.eu\\\/fr\\\/store\\\/workhorse-moc-toe-bronco\\\/\",\"name\":\"Workhorse - Moc-Toe - Bronco - Jim Green\",\"isPartOf\":{\"@id\":\"https:\\\/\\\/jimgreenfootwear.eu\\\/#website\"},\"primaryImageOfPage\":{\"@id\":\"https:\\\/\\\/jimgreenfootwear.eu\\\/fr\\\/store\\\/workhorse-moc-toe-bronco\\\/#primaryimage\"},\"image\":{\"@id\":\"https:\\\/\\\/jimgreenfootwear.eu\\\/fr\\\/store\\\/workhorse-moc-toe-bronco\\\/#primaryimage\"},\"thumbnailUrl\":\"https:\\\/\\\/jimgreenfootwear.eu\\\/wp-content\\\/uploads\\\/2025\\\/05\\\/MT01-BCC-TW8_01.png\",\"datePublished\":\"2025-05-26T20:34:53+00:00\",\"dateModified\":\"2026-02-11T13:47:56+00:00\",\"breadcrumb\":{\"@id\":\"https:\\\/\\\/jimgreenfootwear.eu\\\/fr\\\/store\\\/workhorse-moc-toe-bronco\\\/#breadcrumb\"},\"inLanguage\":\"fr-FR\",\"potentialAction\":[{\"@type\":\"ReadAction\",\"target\":[\"https:\\\/\\\/jimgreenfootwear.eu\\\/fr\\\/store\\\/workhorse-moc-toe-bronco\\\/\"]}]},{\"@type\":\"ImageObject\",\"inLanguage\":\"fr-FR\",\"@id\":\"https:\\\/\\\/jimgreenfootwear.eu\\\/fr\\\/store\\\/workhorse-moc-toe-bronco\\\/#primaryimage\",\"url\":\"https:\\\/\\\/jimgreenfootwear.eu\\\/wp-content\\\/uploads\\\/2025\\\/05\\\/MT01-BCC-TW8_01.png\",\"contentUrl\":\"https:\\\/\\\/jimgreenfootwear.eu\\\/wp-content\\\/uploads\\\/2025\\\/05\\\/MT01-BCC-TW8_01.png\",\"width\":2000,\"height\":2000},{\"@type\":\"BreadcrumbList\",\"@id\":\"https:\\\/\\\/jimgreenfootwear.eu\\\/fr\\\/store\\\/workhorse-moc-toe-bronco\\\/#breadcrumb\",\"itemListElement\":[{\"@type\":\"ListItem\",\"position\":1,\"name\":\"Home\",\"item\":\"https:\\\/\\\/jimgreenfootwear.eu\\\/fr\\\/\"},{\"@type\":\"ListItem\",\"position\":2,\"name\":\"Boutique\",\"item\":\"https:\\\/\\\/jimgreenfootwear.eu\\\/fr\\\/boutique\\\/\"},{\"@type\":\"ListItem\",\"position\":3,\"name\":\"Workhorse &#8211; Moc-Toe &#8211; Bronco\"}]},{\"@type\":\"WebSite\",\"@id\":\"https:\\\/\\\/jimgreenfootwear.eu\\\/#website\",\"url\":\"https:\\\/\\\/jimgreenfootwear.eu\\\/\",\"name\":\"Jim Green\",\"description\":\"Footwear EU - Quality Hiking &amp; Safety Boots\",\"publisher\":{\"@id\":\"https:\\\/\\\/jimgreenfootwear.eu\\\/#organization\"},\"potentialAction\":[{\"@type\":\"SearchAction\",\"target\":{\"@type\":\"EntryPoint\",\"urlTemplate\":\"https:\\\/\\\/jimgreenfootwear.eu\\\/?s={search_term_string}\"},\"query-input\":{\"@type\":\"PropertyValueSpecification\",\"valueRequired\":true,\"valueName\":\"search_term_string\"}}],\"inLanguage\":\"fr-FR\"},{\"@type\":\"Organization\",\"@id\":\"https:\\\/\\\/jimgreenfootwear.eu\\\/#organization\",\"name\":\"Jim Green Footwear\",\"alternateName\":\"Jim Green\",\"url\":\"https:\\\/\\\/jimgreenfootwear.eu\\\/\",\"logo\":{\"@type\":\"ImageObject\",\"inLanguage\":\"fr-FR\",\"@id\":\"https:\\\/\\\/jimgreenfootwear.eu\\\/#\\\/schema\\\/logo\\\/image\\\/\",\"url\":\"https:\\\/\\\/jimgreenfootwear.eu\\\/wp-content\\\/uploads\\\/2023\\\/11\\\/Jim-Green-4-copy@4x.png\",\"contentUrl\":\"https:\\\/\\\/jimgreenfootwear.eu\\\/wp-content\\\/uploads\\\/2023\\\/11\\\/Jim-Green-4-copy@4x.png\",\"width\":1940,\"height\":1940,\"caption\":\"Jim Green Footwear\"},\"image\":{\"@id\":\"https:\\\/\\\/jimgreenfootwear.eu\\\/#\\\/schema\\\/logo\\\/image\\\/\"},\"sameAs\":[\"https:\\\/\\\/www.facebook.com\\\/jimgreenfootwear\\\/\",\"https:\\\/\\\/x.com\\\/jimgreenfw\",\"https:\\\/\\\/www.instagram.com\\\/jimgreenfootwear\\\/\"]}]}<\/script>\n<meta property=\"og:availability\" content=\"out of stock\" \/>\n<meta property=\"product:availability\" content=\"out of stock\" \/>\n<meta property=\"product:retailer_item_id\" content=\"MT01_BCC_TM1\" \/>\n<meta property=\"product:condition\" content=\"new\" \/>\n<!-- \/ Yoast SEO plugin. -->","yoast_head_json":{"title":"Workhorse - Moc-Toe - Bronco - Jim Green","robots":{"index":"index","follow":"follow","max-snippet":"max-snippet:-1","max-image-preview":"max-image-preview:large","max-video-preview":"max-video-preview:-1"},"canonical":"https:\/\/jimgreenfootwear.eu\/fr\/store\/workhorse-moc-toe-bronco\/","og_locale":"fr_FR","og_type":"article","og_title":"Workhorse - Moc-Toe - Bronco - Jim Green","og_description":"[vc_row css=&#8221;.vc_custom_1738941992903{padding-right: 15px !important;padding-bottom: 30px !important;padding-left: 15px !important;}&#8221;][vc_column width=&#8221;5\/6&#8243; css=&#8221;.vc_custom_padding_settings&#8221;][vc_column_text css=&#8221;&#8221;] Jim Green Workhorse \u2013 Le compagnon fiable au quotidien [\/vc_column_text][\/vc_column][\/vc_row][vc_row css=&#8221;.vc_custom_padding_settings{padding-right: 15px !important; padding-left: 15px !important; padding-bottom: 20px !important;}&#8221;][vc_column width=&#8221;1\/2&#8243; el_class=&#8221;description&#8221; css=&#8221;.vc_custom_1738941875378{padding-bottom: 20px !important;}&#8221;][vc_column_text css=&#8221;&#8221;] La Workhorse est l\u2019interpr\u00e9tation par Jim Green de la botte de travail classique \u00e0 bout Moc Toe \u2013 r\u00e9alis\u00e9e [&hellip;]","og_url":"https:\/\/jimgreenfootwear.eu\/fr\/store\/workhorse-moc-toe-bronco\/","og_site_name":"Jim Green","article_publisher":"https:\/\/www.facebook.com\/jimgreenfootwear\/","article_modified_time":"2026-02-11T13:47:56+00:00","og_image":[{"width":2000,"height":2000,"url":"https:\/\/jimgreenfootwear.eu\/wp-content\/uploads\/2025\/05\/MT01-BCC-TW8_01.png","type":"image\/png"}],"twitter_card":"summary_large_image","twitter_site":"@jimgreenfw","twitter_misc":{"Disponibilit\u00e9":"Rupture de stock"},"schema":{"@context":"https:\/\/schema.org","@graph":[{"@type":"WebPage","@id":"https:\/\/jimgreenfootwear.eu\/fr\/store\/workhorse-moc-toe-bronco\/","url":"https:\/\/jimgreenfootwear.eu\/fr\/store\/workhorse-moc-toe-bronco\/","name":"Workhorse - Moc-Toe - Bronco - Jim Green","isPartOf":{"@id":"https:\/\/jimgreenfootwear.eu\/#website"},"primaryImageOfPage":{"@id":"https:\/\/jimgreenfootwear.eu\/fr\/store\/workhorse-moc-toe-bronco\/#primaryimage"},"image":{"@id":"https:\/\/jimgreenfootwear.eu\/fr\/store\/workhorse-moc-toe-bronco\/#primaryimage"},"thumbnailUrl":"https:\/\/jimgreenfootwear.eu\/wp-content\/uploads\/2025\/05\/MT01-BCC-TW8_01.png","datePublished":"2025-05-26T20:34:53+00:00","dateModified":"2026-02-11T13:47:56+00:00","breadcrumb":{"@id":"https:\/\/jimgreenfootwear.eu\/fr\/store\/workhorse-moc-toe-bronco\/#breadcrumb"},"inLanguage":"fr-FR","potentialAction":[{"@type":"ReadAction","target":["https:\/\/jimgreenfootwear.eu\/fr\/store\/workhorse-moc-toe-bronco\/"]}]},{"@type":"ImageObject","inLanguage":"fr-FR","@id":"https:\/\/jimgreenfootwear.eu\/fr\/store\/workhorse-moc-toe-bronco\/#primaryimage","url":"https:\/\/jimgreenfootwear.eu\/wp-content\/uploads\/2025\/05\/MT01-BCC-TW8_01.png","contentUrl":"https:\/\/jimgreenfootwear.eu\/wp-content\/uploads\/2025\/05\/MT01-BCC-TW8_01.png","width":2000,"height":2000},{"@type":"BreadcrumbList","@id":"https:\/\/jimgreenfootwear.eu\/fr\/store\/workhorse-moc-toe-bronco\/#breadcrumb","itemListElement":[{"@type":"ListItem","position":1,"name":"Home","item":"https:\/\/jimgreenfootwear.eu\/fr\/"},{"@type":"ListItem","position":2,"name":"Boutique","item":"https:\/\/jimgreenfootwear.eu\/fr\/boutique\/"},{"@type":"ListItem","position":3,"name":"Workhorse &#8211; Moc-Toe &#8211; Bronco"}]},{"@type":"WebSite","@id":"https:\/\/jimgreenfootwear.eu\/#website","url":"https:\/\/jimgreenfootwear.eu\/","name":"Jim Green","description":"Footwear EU - Quality Hiking &amp; Safety Boots","publisher":{"@id":"https:\/\/jimgreenfootwear.eu\/#organization"},"potentialAction":[{"@type":"SearchAction","target":{"@type":"EntryPoint","urlTemplate":"https:\/\/jimgreenfootwear.eu\/?s={search_term_string}"},"query-input":{"@type":"PropertyValueSpecification","valueRequired":true,"valueName":"search_term_string"}}],"inLanguage":"fr-FR"},{"@type":"Organization","@id":"https:\/\/jimgreenfootwear.eu\/#organization","name":"Jim Green Footwear","alternateName":"Jim Green","url":"https:\/\/jimgreenfootwear.eu\/","logo":{"@type":"ImageObject","inLanguage":"fr-FR","@id":"https:\/\/jimgreenfootwear.eu\/#\/schema\/logo\/image\/","url":"https:\/\/jimgreenfootwear.eu\/wp-content\/uploads\/2023\/11\/Jim-Green-4-copy@4x.png","contentUrl":"https:\/\/jimgreenfootwear.eu\/wp-content\/uploads\/2023\/11\/Jim-Green-4-copy@4x.png","width":1940,"height":1940,"caption":"Jim Green Footwear"},"image":{"@id":"https:\/\/jimgreenfootwear.eu\/#\/schema\/logo\/image\/"},"sameAs":["https:\/\/www.facebook.com\/jimgreenfootwear\/","https:\/\/x.com\/jimgreenfw","https:\/\/www.instagram.com\/jimgreenfootwear\/"]}]},"og_availability":"out of stock","product_availability":"out of stock","product_retailer_item_id":"MT01_BCC_TM1","product_condition":"new"},"_links":{"self":[{"href":"https:\/\/jimgreenfootwear.eu\/fr\/wp-json\/wp\/v2\/product\/54484","targetHints":{"allow":["GET"]}}],"collection":[{"href":"https:\/\/jimgreenfootwear.eu\/fr\/wp-json\/wp\/v2\/product"}],"about":[{"href":"https:\/\/jimgreenfootwear.eu\/fr\/wp-json\/wp\/v2\/types\/product"}],"replies":[{"embeddable":true,"href":"https:\/\/jimgreenfootwear.eu\/fr\/wp-json\/wp\/v2\/comments?post=54484"}],"wp:featuredmedia":[{"embeddable":true,"href":"https:\/\/jimgreenfootwear.eu\/fr\/wp-json\/wp\/v2\/media\/53175"}],"wp:attachment":[{"href":"https:\/\/jimgreenfootwear.eu\/fr\/wp-json\/wp\/v2\/media?parent=54484"}],"wp:term":[{"taxonomy":"product_brand","embeddable":true,"href":"https:\/\/jimgreenfootwear.eu\/fr\/wp-json\/wp\/v2\/product_brand?post=54484"},{"taxonomy":"product_cat","embeddable":true,"href":"https:\/\/jimgreenfootwear.eu\/fr\/wp-json\/wp\/v2\/product_cat?post=54484"},{"taxonomy":"product_tag","embeddable":true,"href":"https:\/\/jimgreenfootwear.eu\/fr\/wp-json\/wp\/v2\/product_tag?post=54484"}],"curies":[{"name":"wp","href":"https:\/\/api.w.org\/{rel}","templated":true}]}}