{"id":56490,"date":"2025-11-03T21:18:03","date_gmt":"2025-11-03T19:18:03","guid":{"rendered":"https:\/\/jimgreenfootwear.eu\/store\/barefoot-workhorse-moc-toe-bronco-brown\/"},"modified":"2026-03-26T18:12:56","modified_gmt":"2026-03-26T16:12:56","slug":"barefoot-workhorse-moc-toe-bronco-brown","status":"publish","type":"product","link":"https:\/\/jimgreenfootwear.eu\/fr\/store\/barefoot-workhorse-moc-toe-bronco-brown\/","title":{"rendered":"Barefoot Workhorse &#8211; Moc-Toe &#8211; Bronco Brown"},"content":{"rendered":"<div class=\"wpb-content-wrapper\"><p>[vc_row css=&#8221;.vc_custom_padding_settings{padding-right: 15px !important; padding-left: 15px !important; padding-bottom: 20px !important;}&#8221;][vc_column width=&#8221;5\/6&#8243; css=&#8221;.vc_custom_padding_settings{padding-right: 15px !important; padding-left: 15px !important;}&#8221;][vc_column_text css=&#8221;&#8221;]<\/p>\n<h3><strong><span style=\"font-family: nathan-serif; font-size: 24pt;\">Workhorse Barefoot Moc Toe Boot \u2013 con\u00e7u pour durer, pens\u00e9 pour le confort<\/span><\/strong><\/h3>\n<p>[\/vc_column_text][\/vc_column][vc_column width=&#8221;1\/6&#8243;][\/vc_column][\/vc_row][vc_row][vc_column][vc_column_text]<\/p>\n<p>[\/vc_column_text][\/vc_column][\/vc_row][vc_row css=&#8221;.vc_custom_padding_settings{padding-right: 15px !important; padding-left: 15px !important; padding-bottom: 20px !important;}&#8221;][vc_column width=&#8221;1\/2&#8243; css=&#8221;.vc_custom_padding_settings{padding-right: 15px !important; padding-left: 15px !important; padding-bottom: 20px !important;}&#8221;][vc_column_text css=&#8221;&#8221;]<\/p>\n<p data-start=\"1897\" data-end=\"2390\"><span style=\"font-family: nathan-serif; font-size: 14pt;\">Le Workhorse est l\u2019interpr\u00e9tation de Jim Green du classique Barefoot Moc Toe Work Boot, r\u00e9alis\u00e9 selon une v\u00e9ritable construction mocassin, ce qui le distingue clairement des autres mod\u00e8les \u2013 \u00e0 un prix remarquable.<\/span><br data-start=\"2122\" data-end=\"2125\" \/><span style=\"font-family: nathan-serif; font-size: 14pt;\">Son design polyvalent en fait un compagnon id\u00e9al au quotidien, alliant robustesse, confort et fonctionnalit\u00e9.<\/span><br data-start=\"2238\" data-end=\"2241\" \/><span style=\"font-family: nathan-serif; font-size: 14pt;\">Gr\u00e2ce \u00e0 sa semelle interm\u00e9diaire en cuir et \u00e0 sa construction mocassin authentique, il offre un confort naturel tout au long de la journ\u00e9e.<\/span><\/p>\n<p data-start=\"2392\" data-end=\"2583\"><span style=\"font-family: nathan-serif; font-size: 14pt;\">Que ce soit sur un chantier, en pleine nature ou dans les exigences de la vie quotidienne, cette botte est con\u00e7ue pour te suivre partout, avec un soutien et une fiabilit\u00e9 in\u00e9branlables.<\/span><\/p>\n<p data-start=\"2585\" data-end=\"2877\"><span style=\"font-family: nathan-serif; font-size: 14pt;\">Con\u00e7ue pour les travailleurs, aventuriers et tous ceux qui exigent le meilleur de leurs chaussures, la Workhorse allie artisanat traditionnel \u00e0 la durabilit\u00e9 et la performance embl\u00e9matiques de Jim Green.<\/span><br data-start=\"2804\" data-end=\"2807\" \/><span style=\"font-family: nathan-serif; font-size: 14pt;\">O\u00f9 que la journ\u00e9e te m\u00e8ne, ces bottes sont pr\u00eates \u00e0 relever le d\u00e9fi.<\/span><\/p>\n<p data-start=\"2879\" data-end=\"3238\"><span style=\"font-family: nathan-serif; font-size: 14pt;\">Associ\u00e9e \u00e0 notre nouvelle semelle Africa Barefoot, elle offre un meilleur ressenti du sol, une adh\u00e9rence renforc\u00e9e et une r\u00e9sistance exceptionnelle \u2013 parfaite aussi bien pour la ville que pour les escapades hors des sentiers battus.<\/span><br data-start=\"3127\" data-end=\"3130\" \/><span style=\"font-family: nathan-serif; font-size: 14pt;\">Aucun soutien de vo\u00fbte plantaire artificiel, aucun artifice \u2013 juste la libert\u00e9 authentique du pied nu.<\/span><\/p>\n<p data-start=\"3240\" data-end=\"3414\"><span style=\"font-family: nathan-serif; font-size: 14pt;\">Si tu cherches une botte large, solide et con\u00e7ue pour garder tes pieds naturels et heureux, la nouvelle Workhorse Barefoot Moc Toe Boot est celle qu\u2019il te faut.<\/span><\/p>\n<p>[\/vc_column_text][\/vc_column][vc_column width=&#8221;1\/2&#8243; el_class=&#8221;features&#8221;][vc_column_text css=&#8221;&#8221;]<\/p>\n<ul>\n<li data-start=\"1736\" data-end=\"1889\"><span style=\"font-family: nathan-serif; font-size: 14pt;\">Incorpore les caract\u00e9ristiques classiques d\u2019un design moc toe traditionnel, fabriqu\u00e9 avec une attention exceptionnelle aux d\u00e9tails et \u00e0 la qualit\u00e9.<\/span><\/li>\n<li data-start=\"1892\" data-end=\"2010\"><span style=\"font-family: nathan-serif; font-size: 14pt;\">Confectionn\u00e9 en double cuir : 2,2 mm de cuir nubuck huil\u00e9, doubl\u00e9 d\u2019un cuir de veau de 1,6 mm.<\/span><\/li>\n<li data-start=\"2013\" data-end=\"2089\"><span style=\"font-family: nathan-serif; font-size: 14pt;\">Renforts de talon pour plus de solidit\u00e9, de maintien et de protection.<\/span><\/li>\n<li data-start=\"2092\" data-end=\"2181\"><span style=\"font-family: nathan-serif; font-size: 14pt;\">Languette en cuir souple avec soufflet pour un meilleur confort et un poids r\u00e9duit.<\/span><\/li>\n<li data-start=\"2184\" data-end=\"2252\"><span style=\"font-family: nathan-serif; font-size: 14pt;\">Sans cambrion en acier, pour une flexibilit\u00e9 naturelle accrue.<\/span><\/li>\n<li data-start=\"2255\" data-end=\"2346\"><span style=\"font-family: nathan-serif; font-size: 14pt;\">Semelle interm\u00e9diaire en cuir et semelle en r\u00e9sine offrant confort et durabilit\u00e9.<\/span><\/li>\n<li data-start=\"2349\" data-end=\"2407\"><span style=\"font-family: nathan-serif; font-size: 14pt;\">Crochets et \u0153illets robustes assurant un la\u00e7age s\u00fbr.<\/span><\/li>\n<li data-start=\"2410\" data-end=\"2490\"><span style=\"font-family: nathan-serif; font-size: 14pt;\">La semelle interm\u00e9diaire est cousue au dessus selon une couture Blake.<\/span><\/li>\n<li data-start=\"2493\" data-end=\"2527\"><span style=\"font-family: nathan-serif; font-size: 14pt;\">Resemmelable \/ ressemelable.<\/span><\/li>\n<li data-start=\"2530\" data-end=\"2680\"><span style=\"font-family: nathan-serif; font-size: 14pt;\"><span style=\"text-decoration: underline;\"><strong>Forme Barefoot Zero Drop<\/strong><\/span> \u2013 largeur 3E avec un avant-pied spacieux pour une exp\u00e9rience naturelle sans diff\u00e9rence de hauteur talon\/avant-pied.<\/span><\/li>\n<li data-start=\"2683\" data-end=\"2799\"><span style=\"font-family: nathan-serif; font-size: 14pt;\">Les mod\u00e8les Barefoot sont \u00e9quip\u00e9s d\u2019une demi-semelle int\u00e9rieure en cuir int\u00e9gr\u00e9e, sans semelle suppl\u00e9mentaire.<\/span><\/li>\n<li data-start=\"2802\" data-end=\"2975\"><span style=\"font-family: nathan-serif; font-size: 14pt;\"><strong><span style=\"text-decoration: underline;\">Semelle : Africa Barefoot Sole<\/span><\/strong> \u2013 en caoutchouc v\u00e9ritable, con\u00e7ue pour la r\u00e9sistance et l\u2019adh\u00e9rence, avec une texture plus souple pour plus de confort sous le pied.<\/span><\/li>\n<li data-start=\"2978\" data-end=\"3021\"><span style=\"font-family: nathan-serif; font-size: 14pt;\">Poids : 1,40 kg (08 UK).<\/span><\/li>\n<li data-start=\"3024\" data-end=\"3046\"><span style=\"font-family: nathan-serif; font-size: 14pt;\">Lacets : 150 cm.<\/span><\/li>\n<li data-start=\"3049\" data-end=\"3086\"><span style=\"font-family: nathan-serif; font-size: 14pt;\">100 % fabriqu\u00e9 en Afrique du Sud.<\/span><\/li>\n<\/ul>\n<p>[\/vc_column_text][\/vc_column][\/vc_row]<\/p>\n<\/div>","protected":false},"excerpt":{"rendered":"<p>[vc_row css=&#8221;.vc_custom_padding_settings{padding-right: 15px !important; padding-left: 15px !important; padding-bottom: 20px !important;}&#8221;][vc_column width=&#8221;5\/6&#8243; css=&#8221;.vc_custom_padding_settings{padding-right: 15px !important; padding-left: 15px !important;}&#8221;][vc_column_text css=&#8221;&#8221;] Workhorse Barefoot Moc Toe Boot \u2013 con\u00e7u pour durer, pens\u00e9 pour le confort [\/vc_column_text][\/vc_column][vc_column width=&#8221;1\/6&#8243;][\/vc_column][\/vc_row][vc_row][vc_column][vc_column_text] [\/vc_column_text][\/vc_column][\/vc_row][vc_row css=&#8221;.vc_custom_padding_settings{padding-right: 15px !important; padding-left: 15px !important; padding-bottom: 20px !important;}&#8221;][vc_column width=&#8221;1\/2&#8243; css=&#8221;.vc_custom_padding_settings{padding-right: 15px !important; padding-left: 15px !important; padding-bottom: 20px !important;}&#8221;][vc_column_text css=&#8221;&#8221;] Le [&hellip;]<\/p>\n","protected":false},"featured_media":55989,"comment_status":"open","ping_status":"closed","template":"","meta":{"_acf_changed":false},"product_brand":[],"product_cat":[318,533,334,534],"product_tag":[],"class_list":{"0":"post-56490","1":"product","2":"type-product","3":"status-publish","4":"has-post-thumbnail","6":"product_cat-barefoot-boots-fr","7":"product_cat-moc-toe-fr","8":"product_cat-all-fr","9":"product_cat-workhorse-fr","10":"product_shipping_class-boots","11":"tm-has-options","13":"first","14":"instock","15":"taxable","16":"shipping-taxable","17":"purchasable","18":"product-type-variable"},"group_of_quantity":0,"min_quantity":0,"max_quantity":"","exclude_order_quantity_value_rules":"no","exclude_category_quantity_rules":"no","combine_variations":"no","acf":[],"yoast_head":"<!-- This site is optimized with the Yoast SEO plugin v27.3 - https:\/\/yoast.com\/product\/yoast-seo-wordpress\/ -->\n<title>Barefoot Workhorse - Moc-Toe - Bronco Brown - Jim Green<\/title>\n<meta name=\"robots\" content=\"index, follow, max-snippet:-1, max-image-preview:large, max-video-preview:-1\" \/>\n<link rel=\"canonical\" href=\"https:\/\/jimgreenfootwear.eu\/fr\/store\/barefoot-workhorse-moc-toe-bronco-brown\/\" \/>\n<meta property=\"og:locale\" content=\"fr_FR\" \/>\n<meta property=\"og:type\" content=\"article\" \/>\n<meta property=\"og:title\" content=\"Barefoot Workhorse - Moc-Toe - Bronco Brown - Jim Green\" \/>\n<meta property=\"og:description\" content=\"[vc_row css=&#8221;.vc_custom_padding_settings{padding-right: 15px !important; padding-left: 15px !important; padding-bottom: 20px !important;}&#8221;][vc_column width=&#8221;5\/6&#8243; css=&#8221;.vc_custom_padding_settings{padding-right: 15px !important; padding-left: 15px !important;}&#8221;][vc_column_text css=&#8221;&#8221;] Workhorse Barefoot Moc Toe Boot \u2013 con\u00e7u pour durer, pens\u00e9 pour le confort [\/vc_column_text][\/vc_column][vc_column width=&#8221;1\/6&#8243;][\/vc_column][\/vc_row][vc_row][vc_column][vc_column_text] [\/vc_column_text][\/vc_column][\/vc_row][vc_row css=&#8221;.vc_custom_padding_settings{padding-right: 15px !important; padding-left: 15px !important; padding-bottom: 20px !important;}&#8221;][vc_column width=&#8221;1\/2&#8243; css=&#8221;.vc_custom_padding_settings{padding-right: 15px !important; padding-left: 15px !important; padding-bottom: 20px !important;}&#8221;][vc_column_text css=&#8221;&#8221;] Le [&hellip;]\" \/>\n<meta property=\"og:url\" content=\"https:\/\/jimgreenfootwear.eu\/fr\/store\/barefoot-workhorse-moc-toe-bronco-brown\/\" \/>\n<meta property=\"og:site_name\" content=\"Jim Green\" \/>\n<meta property=\"article:publisher\" content=\"https:\/\/www.facebook.com\/jimgreenfootwear\/\" \/>\n<meta property=\"article:modified_time\" content=\"2026-03-26T16:12:56+00:00\" \/>\n<meta property=\"og:image\" content=\"https:\/\/jimgreenfootwear.eu\/wp-content\/uploads\/2025\/11\/MT01Z-BCC-AM1-Profile.jpg\" \/>\n\t<meta property=\"og:image:width\" content=\"1200\" \/>\n\t<meta property=\"og:image:height\" content=\"1200\" \/>\n\t<meta property=\"og:image:type\" content=\"image\/jpeg\" \/>\n<meta name=\"twitter:card\" content=\"summary_large_image\" \/>\n<meta name=\"twitter:site\" content=\"@jimgreenfw\" \/>\n<meta name=\"twitter:label1\" content=\"Disponibilit\u00e9\" \/>\n\t<meta name=\"twitter:data1\" content=\"En stock\" \/>\n<script type=\"application\/ld+json\" class=\"yoast-schema-graph\">{\"@context\":\"https:\\\/\\\/schema.org\",\"@graph\":[{\"@type\":\"WebPage\",\"@id\":\"https:\\\/\\\/jimgreenfootwear.eu\\\/fr\\\/store\\\/barefoot-workhorse-moc-toe-bronco-brown\\\/\",\"url\":\"https:\\\/\\\/jimgreenfootwear.eu\\\/fr\\\/store\\\/barefoot-workhorse-moc-toe-bronco-brown\\\/\",\"name\":\"Barefoot Workhorse - Moc-Toe - Bronco Brown - Jim Green\",\"isPartOf\":{\"@id\":\"https:\\\/\\\/jimgreenfootwear.eu\\\/#website\"},\"primaryImageOfPage\":{\"@id\":\"https:\\\/\\\/jimgreenfootwear.eu\\\/fr\\\/store\\\/barefoot-workhorse-moc-toe-bronco-brown\\\/#primaryimage\"},\"image\":{\"@id\":\"https:\\\/\\\/jimgreenfootwear.eu\\\/fr\\\/store\\\/barefoot-workhorse-moc-toe-bronco-brown\\\/#primaryimage\"},\"thumbnailUrl\":\"https:\\\/\\\/jimgreenfootwear.eu\\\/wp-content\\\/uploads\\\/2025\\\/11\\\/MT01Z-BCC-AM1-Profile.jpg\",\"datePublished\":\"2025-11-03T19:18:03+00:00\",\"dateModified\":\"2026-03-26T16:12:56+00:00\",\"breadcrumb\":{\"@id\":\"https:\\\/\\\/jimgreenfootwear.eu\\\/fr\\\/store\\\/barefoot-workhorse-moc-toe-bronco-brown\\\/#breadcrumb\"},\"inLanguage\":\"fr-FR\",\"potentialAction\":[{\"@type\":\"ReadAction\",\"target\":[\"https:\\\/\\\/jimgreenfootwear.eu\\\/fr\\\/store\\\/barefoot-workhorse-moc-toe-bronco-brown\\\/\"]}]},{\"@type\":\"ImageObject\",\"inLanguage\":\"fr-FR\",\"@id\":\"https:\\\/\\\/jimgreenfootwear.eu\\\/fr\\\/store\\\/barefoot-workhorse-moc-toe-bronco-brown\\\/#primaryimage\",\"url\":\"https:\\\/\\\/jimgreenfootwear.eu\\\/wp-content\\\/uploads\\\/2025\\\/11\\\/MT01Z-BCC-AM1-Profile.jpg\",\"contentUrl\":\"https:\\\/\\\/jimgreenfootwear.eu\\\/wp-content\\\/uploads\\\/2025\\\/11\\\/MT01Z-BCC-AM1-Profile.jpg\",\"width\":1200,\"height\":1200},{\"@type\":\"BreadcrumbList\",\"@id\":\"https:\\\/\\\/jimgreenfootwear.eu\\\/fr\\\/store\\\/barefoot-workhorse-moc-toe-bronco-brown\\\/#breadcrumb\",\"itemListElement\":[{\"@type\":\"ListItem\",\"position\":1,\"name\":\"Home\",\"item\":\"https:\\\/\\\/jimgreenfootwear.eu\\\/fr\\\/\"},{\"@type\":\"ListItem\",\"position\":2,\"name\":\"Boutique\",\"item\":\"https:\\\/\\\/jimgreenfootwear.eu\\\/fr\\\/boutique\\\/\"},{\"@type\":\"ListItem\",\"position\":3,\"name\":\"Barefoot Workhorse &#8211; Moc-Toe &#8211; Bronco Brown\"}]},{\"@type\":\"WebSite\",\"@id\":\"https:\\\/\\\/jimgreenfootwear.eu\\\/#website\",\"url\":\"https:\\\/\\\/jimgreenfootwear.eu\\\/\",\"name\":\"Jim Green\",\"description\":\"Footwear EU - Quality Hiking &amp; Safety Boots\",\"publisher\":{\"@id\":\"https:\\\/\\\/jimgreenfootwear.eu\\\/#organization\"},\"potentialAction\":[{\"@type\":\"SearchAction\",\"target\":{\"@type\":\"EntryPoint\",\"urlTemplate\":\"https:\\\/\\\/jimgreenfootwear.eu\\\/?s={search_term_string}\"},\"query-input\":{\"@type\":\"PropertyValueSpecification\",\"valueRequired\":true,\"valueName\":\"search_term_string\"}}],\"inLanguage\":\"fr-FR\"},{\"@type\":\"Organization\",\"@id\":\"https:\\\/\\\/jimgreenfootwear.eu\\\/#organization\",\"name\":\"Jim Green Footwear\",\"alternateName\":\"Jim Green\",\"url\":\"https:\\\/\\\/jimgreenfootwear.eu\\\/\",\"logo\":{\"@type\":\"ImageObject\",\"inLanguage\":\"fr-FR\",\"@id\":\"https:\\\/\\\/jimgreenfootwear.eu\\\/#\\\/schema\\\/logo\\\/image\\\/\",\"url\":\"https:\\\/\\\/jimgreenfootwear.eu\\\/wp-content\\\/uploads\\\/2023\\\/11\\\/Jim-Green-4-copy@4x.png\",\"contentUrl\":\"https:\\\/\\\/jimgreenfootwear.eu\\\/wp-content\\\/uploads\\\/2023\\\/11\\\/Jim-Green-4-copy@4x.png\",\"width\":1940,\"height\":1940,\"caption\":\"Jim Green Footwear\"},\"image\":{\"@id\":\"https:\\\/\\\/jimgreenfootwear.eu\\\/#\\\/schema\\\/logo\\\/image\\\/\"},\"sameAs\":[\"https:\\\/\\\/www.facebook.com\\\/jimgreenfootwear\\\/\",\"https:\\\/\\\/x.com\\\/jimgreenfw\",\"https:\\\/\\\/www.instagram.com\\\/jimgreenfootwear\\\/\"]}]}<\/script>\n<meta property=\"og:availability\" content=\"instock\" \/>\n<meta property=\"product:availability\" content=\"instock\" \/>\n<meta property=\"product:retailer_item_id\" content=\"MT01Z_BCC_AM1\" \/>\n<meta property=\"product:condition\" content=\"new\" \/>\n<!-- \/ Yoast SEO plugin. -->","yoast_head_json":{"title":"Barefoot Workhorse - Moc-Toe - Bronco Brown - Jim Green","robots":{"index":"index","follow":"follow","max-snippet":"max-snippet:-1","max-image-preview":"max-image-preview:large","max-video-preview":"max-video-preview:-1"},"canonical":"https:\/\/jimgreenfootwear.eu\/fr\/store\/barefoot-workhorse-moc-toe-bronco-brown\/","og_locale":"fr_FR","og_type":"article","og_title":"Barefoot Workhorse - Moc-Toe - Bronco Brown - Jim Green","og_description":"[vc_row css=&#8221;.vc_custom_padding_settings{padding-right: 15px !important; padding-left: 15px !important; padding-bottom: 20px !important;}&#8221;][vc_column width=&#8221;5\/6&#8243; css=&#8221;.vc_custom_padding_settings{padding-right: 15px !important; padding-left: 15px !important;}&#8221;][vc_column_text css=&#8221;&#8221;] Workhorse Barefoot Moc Toe Boot \u2013 con\u00e7u pour durer, pens\u00e9 pour le confort [\/vc_column_text][\/vc_column][vc_column width=&#8221;1\/6&#8243;][\/vc_column][\/vc_row][vc_row][vc_column][vc_column_text] [\/vc_column_text][\/vc_column][\/vc_row][vc_row css=&#8221;.vc_custom_padding_settings{padding-right: 15px !important; padding-left: 15px !important; padding-bottom: 20px !important;}&#8221;][vc_column width=&#8221;1\/2&#8243; css=&#8221;.vc_custom_padding_settings{padding-right: 15px !important; padding-left: 15px !important; padding-bottom: 20px !important;}&#8221;][vc_column_text css=&#8221;&#8221;] Le [&hellip;]","og_url":"https:\/\/jimgreenfootwear.eu\/fr\/store\/barefoot-workhorse-moc-toe-bronco-brown\/","og_site_name":"Jim Green","article_publisher":"https:\/\/www.facebook.com\/jimgreenfootwear\/","article_modified_time":"2026-03-26T16:12:56+00:00","og_image":[{"width":1200,"height":1200,"url":"https:\/\/jimgreenfootwear.eu\/wp-content\/uploads\/2025\/11\/MT01Z-BCC-AM1-Profile.jpg","type":"image\/jpeg"}],"twitter_card":"summary_large_image","twitter_site":"@jimgreenfw","twitter_misc":{"Disponibilit\u00e9":"En stock"},"schema":{"@context":"https:\/\/schema.org","@graph":[{"@type":"WebPage","@id":"https:\/\/jimgreenfootwear.eu\/fr\/store\/barefoot-workhorse-moc-toe-bronco-brown\/","url":"https:\/\/jimgreenfootwear.eu\/fr\/store\/barefoot-workhorse-moc-toe-bronco-brown\/","name":"Barefoot Workhorse - Moc-Toe - Bronco Brown - Jim Green","isPartOf":{"@id":"https:\/\/jimgreenfootwear.eu\/#website"},"primaryImageOfPage":{"@id":"https:\/\/jimgreenfootwear.eu\/fr\/store\/barefoot-workhorse-moc-toe-bronco-brown\/#primaryimage"},"image":{"@id":"https:\/\/jimgreenfootwear.eu\/fr\/store\/barefoot-workhorse-moc-toe-bronco-brown\/#primaryimage"},"thumbnailUrl":"https:\/\/jimgreenfootwear.eu\/wp-content\/uploads\/2025\/11\/MT01Z-BCC-AM1-Profile.jpg","datePublished":"2025-11-03T19:18:03+00:00","dateModified":"2026-03-26T16:12:56+00:00","breadcrumb":{"@id":"https:\/\/jimgreenfootwear.eu\/fr\/store\/barefoot-workhorse-moc-toe-bronco-brown\/#breadcrumb"},"inLanguage":"fr-FR","potentialAction":[{"@type":"ReadAction","target":["https:\/\/jimgreenfootwear.eu\/fr\/store\/barefoot-workhorse-moc-toe-bronco-brown\/"]}]},{"@type":"ImageObject","inLanguage":"fr-FR","@id":"https:\/\/jimgreenfootwear.eu\/fr\/store\/barefoot-workhorse-moc-toe-bronco-brown\/#primaryimage","url":"https:\/\/jimgreenfootwear.eu\/wp-content\/uploads\/2025\/11\/MT01Z-BCC-AM1-Profile.jpg","contentUrl":"https:\/\/jimgreenfootwear.eu\/wp-content\/uploads\/2025\/11\/MT01Z-BCC-AM1-Profile.jpg","width":1200,"height":1200},{"@type":"BreadcrumbList","@id":"https:\/\/jimgreenfootwear.eu\/fr\/store\/barefoot-workhorse-moc-toe-bronco-brown\/#breadcrumb","itemListElement":[{"@type":"ListItem","position":1,"name":"Home","item":"https:\/\/jimgreenfootwear.eu\/fr\/"},{"@type":"ListItem","position":2,"name":"Boutique","item":"https:\/\/jimgreenfootwear.eu\/fr\/boutique\/"},{"@type":"ListItem","position":3,"name":"Barefoot Workhorse &#8211; Moc-Toe &#8211; Bronco Brown"}]},{"@type":"WebSite","@id":"https:\/\/jimgreenfootwear.eu\/#website","url":"https:\/\/jimgreenfootwear.eu\/","name":"Jim Green","description":"Footwear EU - Quality Hiking &amp; Safety Boots","publisher":{"@id":"https:\/\/jimgreenfootwear.eu\/#organization"},"potentialAction":[{"@type":"SearchAction","target":{"@type":"EntryPoint","urlTemplate":"https:\/\/jimgreenfootwear.eu\/?s={search_term_string}"},"query-input":{"@type":"PropertyValueSpecification","valueRequired":true,"valueName":"search_term_string"}}],"inLanguage":"fr-FR"},{"@type":"Organization","@id":"https:\/\/jimgreenfootwear.eu\/#organization","name":"Jim Green Footwear","alternateName":"Jim Green","url":"https:\/\/jimgreenfootwear.eu\/","logo":{"@type":"ImageObject","inLanguage":"fr-FR","@id":"https:\/\/jimgreenfootwear.eu\/#\/schema\/logo\/image\/","url":"https:\/\/jimgreenfootwear.eu\/wp-content\/uploads\/2023\/11\/Jim-Green-4-copy@4x.png","contentUrl":"https:\/\/jimgreenfootwear.eu\/wp-content\/uploads\/2023\/11\/Jim-Green-4-copy@4x.png","width":1940,"height":1940,"caption":"Jim Green Footwear"},"image":{"@id":"https:\/\/jimgreenfootwear.eu\/#\/schema\/logo\/image\/"},"sameAs":["https:\/\/www.facebook.com\/jimgreenfootwear\/","https:\/\/x.com\/jimgreenfw","https:\/\/www.instagram.com\/jimgreenfootwear\/"]}]},"og_availability":"instock","product_availability":"instock","product_retailer_item_id":"MT01Z_BCC_AM1","product_condition":"new"},"_links":{"self":[{"href":"https:\/\/jimgreenfootwear.eu\/fr\/wp-json\/wp\/v2\/product\/56490","targetHints":{"allow":["GET"]}}],"collection":[{"href":"https:\/\/jimgreenfootwear.eu\/fr\/wp-json\/wp\/v2\/product"}],"about":[{"href":"https:\/\/jimgreenfootwear.eu\/fr\/wp-json\/wp\/v2\/types\/product"}],"replies":[{"embeddable":true,"href":"https:\/\/jimgreenfootwear.eu\/fr\/wp-json\/wp\/v2\/comments?post=56490"}],"wp:featuredmedia":[{"embeddable":true,"href":"https:\/\/jimgreenfootwear.eu\/fr\/wp-json\/wp\/v2\/media\/55989"}],"wp:attachment":[{"href":"https:\/\/jimgreenfootwear.eu\/fr\/wp-json\/wp\/v2\/media?parent=56490"}],"wp:term":[{"taxonomy":"product_brand","embeddable":true,"href":"https:\/\/jimgreenfootwear.eu\/fr\/wp-json\/wp\/v2\/product_brand?post=56490"},{"taxonomy":"product_cat","embeddable":true,"href":"https:\/\/jimgreenfootwear.eu\/fr\/wp-json\/wp\/v2\/product_cat?post=56490"},{"taxonomy":"product_tag","embeddable":true,"href":"https:\/\/jimgreenfootwear.eu\/fr\/wp-json\/wp\/v2\/product_tag?post=56490"}],"curies":[{"name":"wp","href":"https:\/\/api.w.org\/{rel}","templated":true}]}}