{"id":56561,"date":"2025-11-03T21:18:03","date_gmt":"2025-11-03T19:18:03","guid":{"rendered":"https:\/\/jimgreenfootwear.eu\/store\/barefoot-meander-moc-toe-fudge\/"},"modified":"2026-03-26T18:15:05","modified_gmt":"2026-03-26T16:15:05","slug":"barefoot-meander-moc-toe-fudge","status":"publish","type":"product","link":"https:\/\/jimgreenfootwear.eu\/fr\/store\/barefoot-meander-moc-toe-fudge\/","title":{"rendered":"Barefoot Meander &#8211; Moc-Toe &#8211; Fudge"},"content":{"rendered":"<div class=\"wpb-content-wrapper\"><p>[vc_row css=&#8221;.vc_custom_padding_settings{padding-right: 15px !important; padding-left: 15px !important; padding-bottom: 20px !important;}&#8221;][vc_column width=&#8221;5\/6&#8243; css=&#8221;.vc_custom_padding_settings{padding-right: 15px !important; padding-left: 15px !important;}&#8221;][vc_column_text css=&#8221;&#8221;]<\/p>\n<h5><span style=\"font-family: nathan-serif; font-size: 24pt;\"><strong>Meander Barefoot\u00a0Moc Toe Boot \u2013 Artisanat robuste, confort au quotidien<\/strong><\/span><\/h5>\n<p>[\/vc_column_text][\/vc_column][vc_column width=&#8221;1\/6&#8243;][\/vc_column][\/vc_row][vc_row][vc_column][vc_column_text]<\/p>\n<p>[\/vc_column_text][\/vc_column][\/vc_row][vc_row css=&#8221;.vc_custom_padding_settings{padding-right: 15px !important; padding-left: 15px !important; padding-bottom: 20px !important;}&#8221;][vc_column width=&#8221;1\/2&#8243; css=&#8221;.vc_custom_padding_settings{padding-right: 15px !important; padding-left: 15px !important; padding-bottom: 20px !important;}&#8221;][vc_column_text css=&#8221;&#8221;]<span style=\"font-family: nathan-serif; font-size: 14pt;\">La Meander Moc Toe Boot porte fi\u00e8rement le nom d&#8217;une r\u00e9gion proche de notre base en Afrique du Sud : le Midlands Meander.<\/span><br \/>\n<span style=\"font-family: nathan-serif; font-size: 14pt;\">R\u00e9put\u00e9e pour ses collines ondul\u00e9es, ses prairies verdoyantes et ses hivers frisquets, cette r\u00e9gion inspire un sentiment de calme \u00e0 tous ceux qui la traversent.<\/span><br \/>\n<span style=\"font-family: nathan-serif; font-size: 14pt;\">Mais c\u2019est aussi une terre d\u2019aventure : p\u00eache \u00e0 la truite, randonn\u00e9e, chasse \u2013 des activit\u00e9s qui appellent une botte capable de tout faire, sans oublier de rester \u00e9l\u00e9gante pour un verre au pub en fin de journ\u00e9e.<\/span><\/p>\n<p><span style=\"font-family: nathan-serif; font-size: 14pt;\">Pens\u00e9e pour les explorateurs du week-end et ceux qui appr\u00e9cient \u00e0 la fois le style et la durabilit\u00e9, la Meander offre un parfait \u00e9quilibre entre construction robuste et confort classique du moc toe.<\/span><br \/>\n<span style=\"font-family: nathan-serif; font-size: 14pt;\">Que vous alliez au bureau ou que vous vous promeniez dans les champs, cette botte vous accompagne avec souplesse \u2013 tout en incarnant la qualit\u00e9 Jim Green dans un design sobre et fonctionnel.<\/span><\/p>\n<p><span style=\"font-family: nathan-serif; font-size: 14pt;\">Associ\u00e9e \u00e0 notre toute nouvelle semelle Africa Barefoot, cette chaussure offre une sensation du sol exceptionnelle ainsi qu\u2019une durabilit\u00e9 et une adh\u00e9rence remarquables \u2013 parfaite aussi bien pour la ville que pour les aventures en pleine nature.<\/span><br data-start=\"987\" data-end=\"990\" \/><span style=\"font-family: nathan-serif; font-size: 14pt;\">Aucun soutien artificiel de la vo\u00fbte plantaire, aucun gadget \u2013 juste une vraie libert\u00e9 pieds nus.<\/span><br data-start=\"1089\" data-end=\"1092\" \/><span style=\"font-family: nathan-serif; font-size: 14pt;\">Si vous recherchez une bottine large, robuste et con\u00e7ue pour pr\u00e9server le bien-\u00eatre et la naturalit\u00e9 de vos pieds, la nouvelle Meander Barefoot Moc Toe Boot est faite pour vous.<\/span>[\/vc_column_text][\/vc_column][vc_column width=&#8221;1\/2&#8243; el_class=&#8221;features&#8221;][vc_column_text css=&#8221;&#8221;]<\/p>\n<ul>\n<li><span style=\"font-family: nathan-serif; font-size: 14pt;\">Cette chaussure incarne les caract\u00e9ristiques classiques du design moc toe traditionnel, avec une attention exceptionnelle port\u00e9e aux d\u00e9tails et \u00e0 la qualit\u00e9.<\/span><\/li>\n<li><span style=\"font-family: nathan-serif; font-size: 14pt;\">Fabriqu\u00e9e avec deux couches de cuir : 2,2 mm de nubuck doubl\u00e9 de 1,6 mm de cuir de veau<\/span><\/li>\n<li><span style=\"font-family: nathan-serif; font-size: 14pt;\">Renfort au talon pour plus de durabilit\u00e9, de maintien et de protection<\/span><\/li>\n<li><span style=\"font-family: nathan-serif; font-size: 14pt;\">Col et languette en cuir souple pour un confort accru et un poids r\u00e9duit<\/span><\/li>\n<li><span style=\"font-family: nathan-serif; font-size: 14pt;\">Sans tige en acier \u2013 pour une flexibilit\u00e9 naturelle<\/span><\/li>\n<li><span style=\"font-family: nathan-serif; font-size: 14pt;\">Semelle interm\u00e9diaire en cuir et semelle ext\u00e9rieure en r\u00e9sine pour plus de confort et de long\u00e9vit\u00e9<\/span><\/li>\n<li><span style=\"font-family: nathan-serif; font-size: 14pt;\">Crochets et \u0153illets robustes pour un la\u00e7age s\u00e9curis\u00e9<\/span><\/li>\n<li><span style=\"font-family: nathan-serif; font-size: 14pt;\">Semelle interm\u00e9diaire cousue \u00e0 la tige selon la m\u00e9thode Blake<\/span><\/li>\n<li><span style=\"font-family: nathan-serif; font-size: 14pt;\">Peut \u00eatre ressemel\u00e9e<\/span><\/li>\n<li data-start=\"2530\" data-end=\"2680\"><span style=\"font-family: nathan-serif; font-size: 14pt;\"><strong><span style=\"text-decoration: underline;\">Forme Barefoot Zero Drop<\/span><\/strong> \u2013 largeur 3E avec un avant-pied spacieux pour une exp\u00e9rience naturelle sans diff\u00e9rence de hauteur talon\/avant-pied.<\/span><\/li>\n<li data-start=\"2683\" data-end=\"2799\"><span style=\"font-family: nathan-serif; font-size: 14pt;\">Les mod\u00e8les Barefoot sont \u00e9quip\u00e9s d\u2019une demi-semelle int\u00e9rieure en cuir int\u00e9gr\u00e9e, sans semelle suppl\u00e9mentaire.<\/span><\/li>\n<li data-start=\"2802\" data-end=\"2975\"><span style=\"font-family: nathan-serif; font-size: 14pt;\"><strong><span style=\"text-decoration: underline;\">Semelle : Africa Barefoot Sole<\/span><\/strong> \u2013 en caoutchouc v\u00e9ritable, con\u00e7ue pour la r\u00e9sistance et l\u2019adh\u00e9rence, avec une texture plus souple pour plus de confort sous le pied.<\/span><\/li>\n<li><span style=\"font-family: nathan-serif; font-size: 14pt;\">Poids : 1,40 kg (taille 8)<\/span><\/li>\n<li><span style=\"font-family: nathan-serif; font-size: 14pt;\">Lacets : 150 cm<\/span><\/li>\n<li><span style=\"font-family: nathan-serif; font-size: 14pt;\">100\u202f% fabriqu\u00e9e en Afrique du Sud<\/span><\/li>\n<li><span style=\"font-family: nathan-serif; font-size: 14pt;\">Conseil taille : Nous utilisons une nouvelle forme moc toe qui combine la largeur de notre forme JG et la hauteur de l\u2019avant-pied de la forme STC. Coupe suivant le syst\u00e8me Brannock, correspondant \u00e0 une largeur 3E.<\/span><\/li>\n<\/ul>\n<p>[\/vc_column_text][\/vc_column][\/vc_row]<\/p>\n<\/div>","protected":false},"excerpt":{"rendered":"<p>[vc_row css=&#8221;.vc_custom_padding_settings{padding-right: 15px !important; padding-left: 15px !important; padding-bottom: 20px !important;}&#8221;][vc_column width=&#8221;5\/6&#8243; css=&#8221;.vc_custom_padding_settings{padding-right: 15px !important; padding-left: 15px !important;}&#8221;][vc_column_text css=&#8221;&#8221;] Meander Barefoot\u00a0Moc Toe Boot \u2013 Artisanat robuste, confort au quotidien [\/vc_column_text][\/vc_column][vc_column width=&#8221;1\/6&#8243;][\/vc_column][\/vc_row][vc_row][vc_column][vc_column_text] [\/vc_column_text][\/vc_column][\/vc_row][vc_row css=&#8221;.vc_custom_padding_settings{padding-right: 15px !important; padding-left: 15px !important; padding-bottom: 20px !important;}&#8221;][vc_column width=&#8221;1\/2&#8243; css=&#8221;.vc_custom_padding_settings{padding-right: 15px !important; padding-left: 15px !important; padding-bottom: 20px !important;}&#8221;][vc_column_text css=&#8221;&#8221;]La Meander Moc Toe Boot [&hellip;]<\/p>\n","protected":false},"featured_media":56004,"comment_status":"open","ping_status":"closed","template":"","meta":{"_acf_changed":false},"product_brand":[],"product_cat":[318,586,533,334],"product_tag":[639],"class_list":{"0":"post-56561","1":"product","2":"type-product","3":"status-publish","4":"has-post-thumbnail","6":"product_cat-barefoot-boots-fr","7":"product_cat-meander-fr","8":"product_cat-moc-toe-fr","9":"product_cat-all-fr","10":"product_tag-presale-fr","11":"product_shipping_class-boots","12":"tm-has-options","14":"first","15":"instock","16":"taxable","17":"shipping-taxable","18":"purchasable","19":"product-type-variable"},"group_of_quantity":0,"min_quantity":0,"max_quantity":"","exclude_order_quantity_value_rules":"no","exclude_category_quantity_rules":"no","combine_variations":"no","acf":[],"yoast_head":"<!-- This site is optimized with the Yoast SEO plugin v27.3 - https:\/\/yoast.com\/product\/yoast-seo-wordpress\/ -->\n<title>Barefoot Meander - Moc-Toe - Fudge - Jim Green<\/title>\n<meta name=\"robots\" content=\"index, follow, max-snippet:-1, max-image-preview:large, max-video-preview:-1\" \/>\n<link rel=\"canonical\" href=\"https:\/\/jimgreenfootwear.eu\/fr\/store\/barefoot-meander-moc-toe-fudge\/\" \/>\n<meta property=\"og:locale\" content=\"fr_FR\" \/>\n<meta property=\"og:type\" content=\"article\" \/>\n<meta property=\"og:title\" content=\"Barefoot Meander - Moc-Toe - Fudge - Jim Green\" \/>\n<meta property=\"og:description\" content=\"[vc_row css=&#8221;.vc_custom_padding_settings{padding-right: 15px !important; padding-left: 15px !important; padding-bottom: 20px !important;}&#8221;][vc_column width=&#8221;5\/6&#8243; css=&#8221;.vc_custom_padding_settings{padding-right: 15px !important; padding-left: 15px !important;}&#8221;][vc_column_text css=&#8221;&#8221;] Meander Barefoot\u00a0Moc Toe Boot \u2013 Artisanat robuste, confort au quotidien [\/vc_column_text][\/vc_column][vc_column width=&#8221;1\/6&#8243;][\/vc_column][\/vc_row][vc_row][vc_column][vc_column_text] [\/vc_column_text][\/vc_column][\/vc_row][vc_row css=&#8221;.vc_custom_padding_settings{padding-right: 15px !important; padding-left: 15px !important; padding-bottom: 20px !important;}&#8221;][vc_column width=&#8221;1\/2&#8243; css=&#8221;.vc_custom_padding_settings{padding-right: 15px !important; padding-left: 15px !important; padding-bottom: 20px !important;}&#8221;][vc_column_text css=&#8221;&#8221;]La Meander Moc Toe Boot [&hellip;]\" \/>\n<meta property=\"og:url\" content=\"https:\/\/jimgreenfootwear.eu\/fr\/store\/barefoot-meander-moc-toe-fudge\/\" \/>\n<meta property=\"og:site_name\" content=\"Jim Green\" \/>\n<meta property=\"article:publisher\" content=\"https:\/\/www.facebook.com\/jimgreenfootwear\/\" \/>\n<meta property=\"article:modified_time\" content=\"2026-03-26T16:15:05+00:00\" \/>\n<meta property=\"og:image\" content=\"https:\/\/jimgreenfootwear.eu\/wp-content\/uploads\/2025\/11\/MT02Z-CAE-AM1-Profile-2.jpg\" \/>\n\t<meta property=\"og:image:width\" content=\"1200\" \/>\n\t<meta property=\"og:image:height\" content=\"1200\" \/>\n\t<meta property=\"og:image:type\" content=\"image\/jpeg\" \/>\n<meta name=\"twitter:card\" content=\"summary_large_image\" \/>\n<meta name=\"twitter:site\" content=\"@jimgreenfw\" \/>\n<meta name=\"twitter:label1\" content=\"Disponibilit\u00e9\" \/>\n\t<meta name=\"twitter:data1\" content=\"En stock\" \/>\n<script type=\"application\/ld+json\" class=\"yoast-schema-graph\">{\"@context\":\"https:\\\/\\\/schema.org\",\"@graph\":[{\"@type\":\"WebPage\",\"@id\":\"https:\\\/\\\/jimgreenfootwear.eu\\\/fr\\\/store\\\/barefoot-meander-moc-toe-fudge\\\/\",\"url\":\"https:\\\/\\\/jimgreenfootwear.eu\\\/fr\\\/store\\\/barefoot-meander-moc-toe-fudge\\\/\",\"name\":\"Barefoot Meander - Moc-Toe - Fudge - Jim Green\",\"isPartOf\":{\"@id\":\"https:\\\/\\\/jimgreenfootwear.eu\\\/#website\"},\"primaryImageOfPage\":{\"@id\":\"https:\\\/\\\/jimgreenfootwear.eu\\\/fr\\\/store\\\/barefoot-meander-moc-toe-fudge\\\/#primaryimage\"},\"image\":{\"@id\":\"https:\\\/\\\/jimgreenfootwear.eu\\\/fr\\\/store\\\/barefoot-meander-moc-toe-fudge\\\/#primaryimage\"},\"thumbnailUrl\":\"https:\\\/\\\/jimgreenfootwear.eu\\\/wp-content\\\/uploads\\\/2025\\\/11\\\/MT02Z-CAE-AM1-Profile-2.jpg\",\"datePublished\":\"2025-11-03T19:18:03+00:00\",\"dateModified\":\"2026-03-26T16:15:05+00:00\",\"breadcrumb\":{\"@id\":\"https:\\\/\\\/jimgreenfootwear.eu\\\/fr\\\/store\\\/barefoot-meander-moc-toe-fudge\\\/#breadcrumb\"},\"inLanguage\":\"fr-FR\",\"potentialAction\":[{\"@type\":\"ReadAction\",\"target\":[\"https:\\\/\\\/jimgreenfootwear.eu\\\/fr\\\/store\\\/barefoot-meander-moc-toe-fudge\\\/\"]}]},{\"@type\":\"ImageObject\",\"inLanguage\":\"fr-FR\",\"@id\":\"https:\\\/\\\/jimgreenfootwear.eu\\\/fr\\\/store\\\/barefoot-meander-moc-toe-fudge\\\/#primaryimage\",\"url\":\"https:\\\/\\\/jimgreenfootwear.eu\\\/wp-content\\\/uploads\\\/2025\\\/11\\\/MT02Z-CAE-AM1-Profile-2.jpg\",\"contentUrl\":\"https:\\\/\\\/jimgreenfootwear.eu\\\/wp-content\\\/uploads\\\/2025\\\/11\\\/MT02Z-CAE-AM1-Profile-2.jpg\",\"width\":1200,\"height\":1200},{\"@type\":\"BreadcrumbList\",\"@id\":\"https:\\\/\\\/jimgreenfootwear.eu\\\/fr\\\/store\\\/barefoot-meander-moc-toe-fudge\\\/#breadcrumb\",\"itemListElement\":[{\"@type\":\"ListItem\",\"position\":1,\"name\":\"Home\",\"item\":\"https:\\\/\\\/jimgreenfootwear.eu\\\/fr\\\/\"},{\"@type\":\"ListItem\",\"position\":2,\"name\":\"Boutique\",\"item\":\"https:\\\/\\\/jimgreenfootwear.eu\\\/fr\\\/boutique\\\/\"},{\"@type\":\"ListItem\",\"position\":3,\"name\":\"Barefoot Meander &#8211; Moc-Toe &#8211; Fudge\"}]},{\"@type\":\"WebSite\",\"@id\":\"https:\\\/\\\/jimgreenfootwear.eu\\\/#website\",\"url\":\"https:\\\/\\\/jimgreenfootwear.eu\\\/\",\"name\":\"Jim Green\",\"description\":\"Footwear EU - Quality Hiking &amp; Safety Boots\",\"publisher\":{\"@id\":\"https:\\\/\\\/jimgreenfootwear.eu\\\/#organization\"},\"potentialAction\":[{\"@type\":\"SearchAction\",\"target\":{\"@type\":\"EntryPoint\",\"urlTemplate\":\"https:\\\/\\\/jimgreenfootwear.eu\\\/?s={search_term_string}\"},\"query-input\":{\"@type\":\"PropertyValueSpecification\",\"valueRequired\":true,\"valueName\":\"search_term_string\"}}],\"inLanguage\":\"fr-FR\"},{\"@type\":\"Organization\",\"@id\":\"https:\\\/\\\/jimgreenfootwear.eu\\\/#organization\",\"name\":\"Jim Green Footwear\",\"alternateName\":\"Jim Green\",\"url\":\"https:\\\/\\\/jimgreenfootwear.eu\\\/\",\"logo\":{\"@type\":\"ImageObject\",\"inLanguage\":\"fr-FR\",\"@id\":\"https:\\\/\\\/jimgreenfootwear.eu\\\/#\\\/schema\\\/logo\\\/image\\\/\",\"url\":\"https:\\\/\\\/jimgreenfootwear.eu\\\/wp-content\\\/uploads\\\/2023\\\/11\\\/Jim-Green-4-copy@4x.png\",\"contentUrl\":\"https:\\\/\\\/jimgreenfootwear.eu\\\/wp-content\\\/uploads\\\/2023\\\/11\\\/Jim-Green-4-copy@4x.png\",\"width\":1940,\"height\":1940,\"caption\":\"Jim Green Footwear\"},\"image\":{\"@id\":\"https:\\\/\\\/jimgreenfootwear.eu\\\/#\\\/schema\\\/logo\\\/image\\\/\"},\"sameAs\":[\"https:\\\/\\\/www.facebook.com\\\/jimgreenfootwear\\\/\",\"https:\\\/\\\/x.com\\\/jimgreenfw\",\"https:\\\/\\\/www.instagram.com\\\/jimgreenfootwear\\\/\"]}]}<\/script>\n<meta property=\"og:availability\" content=\"instock\" \/>\n<meta property=\"product:availability\" content=\"instock\" \/>\n<meta property=\"product:retailer_item_id\" content=\"MT02Z_CAE_AM1\" \/>\n<meta property=\"product:condition\" content=\"new\" \/>\n<!-- \/ Yoast SEO plugin. -->","yoast_head_json":{"title":"Barefoot Meander - Moc-Toe - Fudge - Jim Green","robots":{"index":"index","follow":"follow","max-snippet":"max-snippet:-1","max-image-preview":"max-image-preview:large","max-video-preview":"max-video-preview:-1"},"canonical":"https:\/\/jimgreenfootwear.eu\/fr\/store\/barefoot-meander-moc-toe-fudge\/","og_locale":"fr_FR","og_type":"article","og_title":"Barefoot Meander - Moc-Toe - Fudge - Jim Green","og_description":"[vc_row css=&#8221;.vc_custom_padding_settings{padding-right: 15px !important; padding-left: 15px !important; padding-bottom: 20px !important;}&#8221;][vc_column width=&#8221;5\/6&#8243; css=&#8221;.vc_custom_padding_settings{padding-right: 15px !important; padding-left: 15px !important;}&#8221;][vc_column_text css=&#8221;&#8221;] Meander Barefoot\u00a0Moc Toe Boot \u2013 Artisanat robuste, confort au quotidien [\/vc_column_text][\/vc_column][vc_column width=&#8221;1\/6&#8243;][\/vc_column][\/vc_row][vc_row][vc_column][vc_column_text] [\/vc_column_text][\/vc_column][\/vc_row][vc_row css=&#8221;.vc_custom_padding_settings{padding-right: 15px !important; padding-left: 15px !important; padding-bottom: 20px !important;}&#8221;][vc_column width=&#8221;1\/2&#8243; css=&#8221;.vc_custom_padding_settings{padding-right: 15px !important; padding-left: 15px !important; padding-bottom: 20px !important;}&#8221;][vc_column_text css=&#8221;&#8221;]La Meander Moc Toe Boot [&hellip;]","og_url":"https:\/\/jimgreenfootwear.eu\/fr\/store\/barefoot-meander-moc-toe-fudge\/","og_site_name":"Jim Green","article_publisher":"https:\/\/www.facebook.com\/jimgreenfootwear\/","article_modified_time":"2026-03-26T16:15:05+00:00","og_image":[{"width":1200,"height":1200,"url":"https:\/\/jimgreenfootwear.eu\/wp-content\/uploads\/2025\/11\/MT02Z-CAE-AM1-Profile-2.jpg","type":"image\/jpeg"}],"twitter_card":"summary_large_image","twitter_site":"@jimgreenfw","twitter_misc":{"Disponibilit\u00e9":"En stock"},"schema":{"@context":"https:\/\/schema.org","@graph":[{"@type":"WebPage","@id":"https:\/\/jimgreenfootwear.eu\/fr\/store\/barefoot-meander-moc-toe-fudge\/","url":"https:\/\/jimgreenfootwear.eu\/fr\/store\/barefoot-meander-moc-toe-fudge\/","name":"Barefoot Meander - Moc-Toe - Fudge - Jim Green","isPartOf":{"@id":"https:\/\/jimgreenfootwear.eu\/#website"},"primaryImageOfPage":{"@id":"https:\/\/jimgreenfootwear.eu\/fr\/store\/barefoot-meander-moc-toe-fudge\/#primaryimage"},"image":{"@id":"https:\/\/jimgreenfootwear.eu\/fr\/store\/barefoot-meander-moc-toe-fudge\/#primaryimage"},"thumbnailUrl":"https:\/\/jimgreenfootwear.eu\/wp-content\/uploads\/2025\/11\/MT02Z-CAE-AM1-Profile-2.jpg","datePublished":"2025-11-03T19:18:03+00:00","dateModified":"2026-03-26T16:15:05+00:00","breadcrumb":{"@id":"https:\/\/jimgreenfootwear.eu\/fr\/store\/barefoot-meander-moc-toe-fudge\/#breadcrumb"},"inLanguage":"fr-FR","potentialAction":[{"@type":"ReadAction","target":["https:\/\/jimgreenfootwear.eu\/fr\/store\/barefoot-meander-moc-toe-fudge\/"]}]},{"@type":"ImageObject","inLanguage":"fr-FR","@id":"https:\/\/jimgreenfootwear.eu\/fr\/store\/barefoot-meander-moc-toe-fudge\/#primaryimage","url":"https:\/\/jimgreenfootwear.eu\/wp-content\/uploads\/2025\/11\/MT02Z-CAE-AM1-Profile-2.jpg","contentUrl":"https:\/\/jimgreenfootwear.eu\/wp-content\/uploads\/2025\/11\/MT02Z-CAE-AM1-Profile-2.jpg","width":1200,"height":1200},{"@type":"BreadcrumbList","@id":"https:\/\/jimgreenfootwear.eu\/fr\/store\/barefoot-meander-moc-toe-fudge\/#breadcrumb","itemListElement":[{"@type":"ListItem","position":1,"name":"Home","item":"https:\/\/jimgreenfootwear.eu\/fr\/"},{"@type":"ListItem","position":2,"name":"Boutique","item":"https:\/\/jimgreenfootwear.eu\/fr\/boutique\/"},{"@type":"ListItem","position":3,"name":"Barefoot Meander &#8211; Moc-Toe &#8211; Fudge"}]},{"@type":"WebSite","@id":"https:\/\/jimgreenfootwear.eu\/#website","url":"https:\/\/jimgreenfootwear.eu\/","name":"Jim Green","description":"Footwear EU - Quality Hiking &amp; Safety Boots","publisher":{"@id":"https:\/\/jimgreenfootwear.eu\/#organization"},"potentialAction":[{"@type":"SearchAction","target":{"@type":"EntryPoint","urlTemplate":"https:\/\/jimgreenfootwear.eu\/?s={search_term_string}"},"query-input":{"@type":"PropertyValueSpecification","valueRequired":true,"valueName":"search_term_string"}}],"inLanguage":"fr-FR"},{"@type":"Organization","@id":"https:\/\/jimgreenfootwear.eu\/#organization","name":"Jim Green Footwear","alternateName":"Jim Green","url":"https:\/\/jimgreenfootwear.eu\/","logo":{"@type":"ImageObject","inLanguage":"fr-FR","@id":"https:\/\/jimgreenfootwear.eu\/#\/schema\/logo\/image\/","url":"https:\/\/jimgreenfootwear.eu\/wp-content\/uploads\/2023\/11\/Jim-Green-4-copy@4x.png","contentUrl":"https:\/\/jimgreenfootwear.eu\/wp-content\/uploads\/2023\/11\/Jim-Green-4-copy@4x.png","width":1940,"height":1940,"caption":"Jim Green Footwear"},"image":{"@id":"https:\/\/jimgreenfootwear.eu\/#\/schema\/logo\/image\/"},"sameAs":["https:\/\/www.facebook.com\/jimgreenfootwear\/","https:\/\/x.com\/jimgreenfw","https:\/\/www.instagram.com\/jimgreenfootwear\/"]}]},"og_availability":"instock","product_availability":"instock","product_retailer_item_id":"MT02Z_CAE_AM1","product_condition":"new"},"_links":{"self":[{"href":"https:\/\/jimgreenfootwear.eu\/fr\/wp-json\/wp\/v2\/product\/56561","targetHints":{"allow":["GET"]}}],"collection":[{"href":"https:\/\/jimgreenfootwear.eu\/fr\/wp-json\/wp\/v2\/product"}],"about":[{"href":"https:\/\/jimgreenfootwear.eu\/fr\/wp-json\/wp\/v2\/types\/product"}],"replies":[{"embeddable":true,"href":"https:\/\/jimgreenfootwear.eu\/fr\/wp-json\/wp\/v2\/comments?post=56561"}],"wp:featuredmedia":[{"embeddable":true,"href":"https:\/\/jimgreenfootwear.eu\/fr\/wp-json\/wp\/v2\/media\/56004"}],"wp:attachment":[{"href":"https:\/\/jimgreenfootwear.eu\/fr\/wp-json\/wp\/v2\/media?parent=56561"}],"wp:term":[{"taxonomy":"product_brand","embeddable":true,"href":"https:\/\/jimgreenfootwear.eu\/fr\/wp-json\/wp\/v2\/product_brand?post=56561"},{"taxonomy":"product_cat","embeddable":true,"href":"https:\/\/jimgreenfootwear.eu\/fr\/wp-json\/wp\/v2\/product_cat?post=56561"},{"taxonomy":"product_tag","embeddable":true,"href":"https:\/\/jimgreenfootwear.eu\/fr\/wp-json\/wp\/v2\/product_tag?post=56561"}],"curies":[{"name":"wp","href":"https:\/\/api.w.org\/{rel}","templated":true}]}}