{"id":56965,"date":"2025-11-03T21:18:03","date_gmt":"2025-11-03T19:18:03","guid":{"rendered":"https:\/\/jimgreenfootwear.eu\/store\/anatomx-barefoot-african-ranger-houston-black\/"},"modified":"2026-03-26T18:17:59","modified_gmt":"2026-03-26T16:17:59","slug":"anatomx-barefoot-african-ranger-houston-black","status":"publish","type":"product","link":"https:\/\/jimgreenfootwear.eu\/fr\/store\/anatomx-barefoot-african-ranger-houston-black\/","title":{"rendered":"AnatomX Barefoot African Ranger &#8211; Houston Black"},"content":{"rendered":"<div class=\"wpb-content-wrapper\"><p>[vc_row css=&#8221;.vc_custom_1727037243659{padding-right: 15px !important;padding-bottom: 20px !important;padding-left: 15px !important;}&#8221;][vc_column width=&#8221;5\/6&#8243; css=&#8221;.vc_custom_1727037261507{padding-right: 15px !important;padding-left: 15px !important;}&#8221;][vc_column_text css=&#8221;&#8221;]<\/p>\n<h3><strong><span style=\"font-family: nathan-serif; font-size: 24pt;\">Vivez la sensation pieds nus avec la X-Wide African Ranger Barefoot Boot<\/span><\/strong><\/h3>\n<p>[\/vc_column_text][\/vc_column][vc_column width=&#8221;1\/6&#8243;][\/vc_column][\/vc_row][vc_row css=&#8221;.vc_custom_1727037558482{padding-right: 15px !important;padding-left: 15px !important;padding-bottom: 20px !important;}&#8221;][vc_column width=&#8221;1\/2&#8243; css=&#8221;.vc_custom_1727037575311{padding-right: 15px !important;padding-bottom: 20px !important;padding-left: 15px !important;}&#8221;][vc_column_text css=&#8221;&#8221;]<\/p>\n<p data-start=\"1531\" data-end=\"2109\"><span style=\"font-family: nathan-serif; font-size: 14pt;\">La barefoot African Ranger est con\u00e7ue pour offrir \u00e0 vos pieds une sensation de naturel et de confort \u2013 et elle n\u2019a jamais \u00e9t\u00e9 aussi aboutie qu\u2019aujourd\u2019hui avec la nouvelle AnatomX African Ranger Barefoot Boot.<\/span><br data-start=\"1754\" data-end=\"1757\" \/><span style=\"font-family: nathan-serif; font-size: 14pt;\">Gr\u00e2ce \u00e0 notre nouvelle forme anatomique z\u00e9ro drop, cette version offre l\u2019exp\u00e9rience barefoot la plus authentique \u00e0 ce jour, avec un ajustement qui suit vraiment la forme naturelle de votre pied.<\/span><br data-start=\"1955\" data-end=\"1958\" \/><span style=\"font-family: nathan-serif; font-size: 14pt;\">La large bo\u00eete \u00e0 orteils permet \u00e0 vos orteils de s\u2019\u00e9carter librement sans se sentir comprim\u00e9s, pour une posture d\u00e9tendue et naturelle \u00e0 chaque pas.<\/span><\/p>\n<p data-start=\"2111\" data-end=\"2723\"><span style=\"font-family: nathan-serif; font-size: 14pt;\">Associ\u00e9e \u00e0 notre toute nouvelle semelle Africa Barefoot, elle procure une meilleure sensation du sol, une durabilit\u00e9 renforc\u00e9e et une excellente adh\u00e9rence \u2013 parfaite aussi bien pour les terrains urbains que pour les aventures en pleine nature.<\/span><br data-start=\"2358\" data-end=\"2361\" \/><span style=\"font-family: nathan-serif; font-size: 14pt;\">Les chaussures sont tr\u00e8s flexibles, permettant \u00e0 vos pieds de se plier, de tourner et de bouger comme la nature l\u2019a pr\u00e9vu.<\/span><br data-start=\"2483\" data-end=\"2486\" \/><span style=\"font-family: nathan-serif; font-size: 14pt;\">Aucun soutien de vo\u00fbte artificiel, aucune gadget \u2013 juste une libert\u00e9 barefoot pure.<\/span><br data-start=\"2578\" data-end=\"2581\" \/><span style=\"font-family: nathan-serif; font-size: 14pt;\">Si vous recherchez une chaussure large, solide et naturellement confortable, la nouvelle African Ranger Barefoot Boot est faite pour vous.<\/span><\/p>\n<p>[\/vc_column_text][\/vc_column][vc_column width=&#8221;1\/2&#8243; el_class=&#8221;features&#8221; css=&#8221;.vc_custom_1727037575311{padding-right: 15px !important;padding-left: 15px !important;}&#8221;][vc_column_text css=&#8221;&#8221;]<\/p>\n<ul>\n<li data-start=\"1909\" data-end=\"2020\"><span style=\"font-family: nathan-serif; font-size: 14pt;\">Con\u00e7ue autour de trois priorit\u00e9s : le confort, la durabilit\u00e9 et un prix abordable.<\/span><\/li>\n<li data-start=\"2023\" data-end=\"2197\"><span style=\"font-family: nathan-serif; font-size: 14pt;\">La semelle Africa Wide offre une excellente adh\u00e9rence et une grande r\u00e9sistance tout en reproduisant la sensation naturelle de la marche pieds nus sur tous les terrains.<\/span><\/li>\n<li data-start=\"2200\" data-end=\"2344\"><span style=\"font-family: nathan-serif; font-size: 14pt;\">La zone du talon et des \u0153illets est r\u00e9alis\u00e9e en double couche de cuir pleine fleur de 2,2 mm pour une durabilit\u00e9 accrue.<\/span><\/li>\n<li data-start=\"2347\" data-end=\"2430\"><span style=\"font-family: nathan-serif; font-size: 14pt;\">Un renfort de talon int\u00e9gr\u00e9 assure maintien et protection de la cheville.<\/span><\/li>\n<li data-start=\"2433\" data-end=\"2507\"><span style=\"font-family: nathan-serif; font-size: 14pt;\">Le col et la languette en cuir souple apportent confort et l\u00e9g\u00e8ret\u00e9.<\/span><\/li>\n<li data-start=\"2510\" data-end=\"2581\"><span style=\"font-family: nathan-serif; font-size: 14pt;\">Aucune tige en acier (Steel Shank) \u2013 pour une flexibilit\u00e9 totale.<\/span><\/li>\n<li data-start=\"2584\" data-end=\"2670\"><span style=\"font-family: nathan-serif; font-size: 14pt;\">Une semelle interm\u00e9diaire en cuir ajoute confort, souplesse et sensation du sol.<\/span><\/li>\n<li data-start=\"2673\" data-end=\"2749\"><span style=\"font-family: nathan-serif; font-size: 14pt;\">Crochets rapides et \u0153illets robustes assurent un maintien s\u00fbr du pied.<\/span><\/li>\n<li data-start=\"2752\" data-end=\"2876\"><span style=\"font-family: nathan-serif; font-size: 14pt;\">La semelle interm\u00e9diaire en cuir est fix\u00e9e \u00e0 la tige par une double couture avec un fil de nylon tress\u00e9 de 2,2 mm.<\/span><\/li>\n<li data-start=\"2879\" data-end=\"3007\"><span style=\"font-family: nathan-serif; font-size: 14pt;\">Comme toutes nos chaussures, elles peuvent \u00eatre ressemel\u00e9es gr\u00e2ce \u00e0 leur construction double couture (double stitch down).<\/span><\/li>\n<li data-start=\"3010\" data-end=\"3169\"><span style=\"font-family: nathan-serif; font-size: 14pt;\">Nos chaussures\u00a0barefoot int\u00e8grent une demi-semelle int\u00e9rieure en cuir (non amovible). Elles ne sont pas livr\u00e9es avec une semelle int\u00e9rieure amovible.<\/span><\/li>\n<li data-start=\"3172\" data-end=\"3343\"><span style=\"font-family: nathan-serif; font-size: 14pt;\"><strong><span style=\"text-decoration: underline;\">Forme anatomique barefoot : <\/span><\/strong>largeur 4E, z\u00e9ro drop, avec avant-pied spacieux respectant la forme naturelle du pied \u2013 pour une exp\u00e9rience barefoot authentique.<\/span><\/li>\n<li data-start=\"3346\" data-end=\"3487\"><span style=\"font-family: nathan-serif; font-size: 14pt;\"><strong><span style=\"text-decoration: underline;\">Semelle : Africa Barefoot Sole<\/span><\/strong> \u2013 en caoutchouc v\u00e9ritable, con\u00e7ue pour offrir durabilit\u00e9, adh\u00e9rence et confort sous le pied.<\/span><\/li>\n<li data-start=\"3490\" data-end=\"3524\"><span style=\"font-family: nathan-serif; font-size: 14pt;\">Poids : 1,06 kg (taille 08).<\/span><\/li>\n<li data-start=\"3527\" data-end=\"3549\"><span style=\"font-family: nathan-serif; font-size: 14pt;\">Lacets : 120 cm.<\/span><\/li>\n<\/ul>\n<p>[\/vc_column_text][\/vc_column][\/vc_row]<\/p>\n<\/div>","protected":false},"excerpt":{"rendered":"<h4><a href=\"https:\/\/www.gameranger.org\"><img loading=\"lazy\" decoding=\"async\" class=\"alignleft wp-image-15403\" src=\"https:\/\/jimgreenfootwear.co.za\/wp-content\/uploads\/2021\/11\/GRAA-Logo-Ranger-Boot-Jim-Green-Footwear.png\" alt=\"\" width=\"61\" height=\"90\" \/><\/a><\/h4>\n<h4><strong>For every 10 pairs sold we donate a pair to a Ranger<\/strong><\/h4>\n<p><a href=\"https:\/\/www.gameranger.org\">https:\/\/www.gameranger.org<\/a><\/p>\n","protected":false},"featured_media":56089,"comment_status":"open","ping_status":"closed","template":"","meta":{"_acf_changed":false},"product_brand":[],"product_cat":[330,318,334],"product_tag":[],"class_list":{"0":"post-56965","1":"product","2":"type-product","3":"status-publish","4":"has-post-thumbnail","6":"product_cat-african-ranger-fr-2","7":"product_cat-barefoot-boots-fr","8":"product_cat-all-fr","9":"product_shipping_class-boots","10":"tm-has-options","12":"first","13":"instock","14":"taxable","15":"shipping-taxable","16":"purchasable","17":"product-type-variable"},"group_of_quantity":0,"min_quantity":0,"max_quantity":"","exclude_order_quantity_value_rules":"no","exclude_category_quantity_rules":"no","combine_variations":"no","acf":[],"yoast_head":"<!-- This site is optimized with the Yoast SEO plugin v27.3 - https:\/\/yoast.com\/product\/yoast-seo-wordpress\/ -->\n<title>AnatomX Barefoot African Ranger - Houston Black - Jim Green<\/title>\n<meta name=\"robots\" content=\"index, follow, max-snippet:-1, max-image-preview:large, max-video-preview:-1\" \/>\n<link rel=\"canonical\" href=\"https:\/\/jimgreenfootwear.eu\/fr\/store\/anatomx-barefoot-african-ranger-houston-black\/\" \/>\n<meta property=\"og:locale\" content=\"fr_FR\" \/>\n<meta property=\"og:type\" content=\"article\" \/>\n<meta property=\"og:title\" content=\"AnatomX Barefoot African Ranger - Houston Black - Jim Green\" \/>\n<meta property=\"og:description\" content=\"For every 10 pairs sold we donate a pair to a Ranger https:\/\/www.gameranger.org\" \/>\n<meta property=\"og:url\" content=\"https:\/\/jimgreenfootwear.eu\/fr\/store\/anatomx-barefoot-african-ranger-houston-black\/\" \/>\n<meta property=\"og:site_name\" content=\"Jim Green\" \/>\n<meta property=\"article:publisher\" content=\"https:\/\/www.facebook.com\/jimgreenfootwear\/\" \/>\n<meta property=\"article:modified_time\" content=\"2026-03-26T16:17:59+00:00\" \/>\n<meta property=\"og:image\" content=\"https:\/\/jimgreenfootwear.eu\/wp-content\/uploads\/2025\/11\/AR02Z-HOA-AW1-Profile.jpg\" \/>\n\t<meta property=\"og:image:width\" content=\"1200\" \/>\n\t<meta property=\"og:image:height\" content=\"1200\" \/>\n\t<meta property=\"og:image:type\" content=\"image\/jpeg\" \/>\n<meta name=\"twitter:card\" content=\"summary_large_image\" \/>\n<meta name=\"twitter:site\" content=\"@jimgreenfw\" \/>\n<meta name=\"twitter:label1\" content=\"Disponibilit\u00e9\" \/>\n\t<meta name=\"twitter:data1\" content=\"En stock\" \/>\n<script type=\"application\/ld+json\" class=\"yoast-schema-graph\">{\"@context\":\"https:\\\/\\\/schema.org\",\"@graph\":[{\"@type\":\"WebPage\",\"@id\":\"https:\\\/\\\/jimgreenfootwear.eu\\\/fr\\\/store\\\/anatomx-barefoot-african-ranger-houston-black\\\/\",\"url\":\"https:\\\/\\\/jimgreenfootwear.eu\\\/fr\\\/store\\\/anatomx-barefoot-african-ranger-houston-black\\\/\",\"name\":\"AnatomX Barefoot African Ranger - Houston Black - Jim Green\",\"isPartOf\":{\"@id\":\"https:\\\/\\\/jimgreenfootwear.eu\\\/#website\"},\"primaryImageOfPage\":{\"@id\":\"https:\\\/\\\/jimgreenfootwear.eu\\\/fr\\\/store\\\/anatomx-barefoot-african-ranger-houston-black\\\/#primaryimage\"},\"image\":{\"@id\":\"https:\\\/\\\/jimgreenfootwear.eu\\\/fr\\\/store\\\/anatomx-barefoot-african-ranger-houston-black\\\/#primaryimage\"},\"thumbnailUrl\":\"https:\\\/\\\/jimgreenfootwear.eu\\\/wp-content\\\/uploads\\\/2025\\\/11\\\/AR02Z-HOA-AW1-Profile.jpg\",\"datePublished\":\"2025-11-03T19:18:03+00:00\",\"dateModified\":\"2026-03-26T16:17:59+00:00\",\"breadcrumb\":{\"@id\":\"https:\\\/\\\/jimgreenfootwear.eu\\\/fr\\\/store\\\/anatomx-barefoot-african-ranger-houston-black\\\/#breadcrumb\"},\"inLanguage\":\"fr-FR\",\"potentialAction\":[{\"@type\":\"ReadAction\",\"target\":[\"https:\\\/\\\/jimgreenfootwear.eu\\\/fr\\\/store\\\/anatomx-barefoot-african-ranger-houston-black\\\/\"]}]},{\"@type\":\"ImageObject\",\"inLanguage\":\"fr-FR\",\"@id\":\"https:\\\/\\\/jimgreenfootwear.eu\\\/fr\\\/store\\\/anatomx-barefoot-african-ranger-houston-black\\\/#primaryimage\",\"url\":\"https:\\\/\\\/jimgreenfootwear.eu\\\/wp-content\\\/uploads\\\/2025\\\/11\\\/AR02Z-HOA-AW1-Profile.jpg\",\"contentUrl\":\"https:\\\/\\\/jimgreenfootwear.eu\\\/wp-content\\\/uploads\\\/2025\\\/11\\\/AR02Z-HOA-AW1-Profile.jpg\",\"width\":1200,\"height\":1200},{\"@type\":\"BreadcrumbList\",\"@id\":\"https:\\\/\\\/jimgreenfootwear.eu\\\/fr\\\/store\\\/anatomx-barefoot-african-ranger-houston-black\\\/#breadcrumb\",\"itemListElement\":[{\"@type\":\"ListItem\",\"position\":1,\"name\":\"Home\",\"item\":\"https:\\\/\\\/jimgreenfootwear.eu\\\/fr\\\/\"},{\"@type\":\"ListItem\",\"position\":2,\"name\":\"Boutique\",\"item\":\"https:\\\/\\\/jimgreenfootwear.eu\\\/fr\\\/boutique\\\/\"},{\"@type\":\"ListItem\",\"position\":3,\"name\":\"AnatomX Barefoot African Ranger &#8211; Houston Black\"}]},{\"@type\":\"WebSite\",\"@id\":\"https:\\\/\\\/jimgreenfootwear.eu\\\/#website\",\"url\":\"https:\\\/\\\/jimgreenfootwear.eu\\\/\",\"name\":\"Jim Green\",\"description\":\"Footwear EU - Quality Hiking &amp; Safety Boots\",\"publisher\":{\"@id\":\"https:\\\/\\\/jimgreenfootwear.eu\\\/#organization\"},\"potentialAction\":[{\"@type\":\"SearchAction\",\"target\":{\"@type\":\"EntryPoint\",\"urlTemplate\":\"https:\\\/\\\/jimgreenfootwear.eu\\\/?s={search_term_string}\"},\"query-input\":{\"@type\":\"PropertyValueSpecification\",\"valueRequired\":true,\"valueName\":\"search_term_string\"}}],\"inLanguage\":\"fr-FR\"},{\"@type\":\"Organization\",\"@id\":\"https:\\\/\\\/jimgreenfootwear.eu\\\/#organization\",\"name\":\"Jim Green Footwear\",\"alternateName\":\"Jim Green\",\"url\":\"https:\\\/\\\/jimgreenfootwear.eu\\\/\",\"logo\":{\"@type\":\"ImageObject\",\"inLanguage\":\"fr-FR\",\"@id\":\"https:\\\/\\\/jimgreenfootwear.eu\\\/#\\\/schema\\\/logo\\\/image\\\/\",\"url\":\"https:\\\/\\\/jimgreenfootwear.eu\\\/wp-content\\\/uploads\\\/2023\\\/11\\\/Jim-Green-4-copy@4x.png\",\"contentUrl\":\"https:\\\/\\\/jimgreenfootwear.eu\\\/wp-content\\\/uploads\\\/2023\\\/11\\\/Jim-Green-4-copy@4x.png\",\"width\":1940,\"height\":1940,\"caption\":\"Jim Green Footwear\"},\"image\":{\"@id\":\"https:\\\/\\\/jimgreenfootwear.eu\\\/#\\\/schema\\\/logo\\\/image\\\/\"},\"sameAs\":[\"https:\\\/\\\/www.facebook.com\\\/jimgreenfootwear\\\/\",\"https:\\\/\\\/x.com\\\/jimgreenfw\",\"https:\\\/\\\/www.instagram.com\\\/jimgreenfootwear\\\/\"]}]}<\/script>\n<meta property=\"og:availability\" content=\"instock\" \/>\n<meta property=\"product:availability\" content=\"instock\" \/>\n<meta property=\"product:retailer_item_id\" content=\"AR02Z_HOA_AW1\" \/>\n<meta property=\"product:condition\" content=\"new\" \/>\n<!-- \/ Yoast SEO plugin. -->","yoast_head_json":{"title":"AnatomX Barefoot African Ranger - Houston Black - Jim Green","robots":{"index":"index","follow":"follow","max-snippet":"max-snippet:-1","max-image-preview":"max-image-preview:large","max-video-preview":"max-video-preview:-1"},"canonical":"https:\/\/jimgreenfootwear.eu\/fr\/store\/anatomx-barefoot-african-ranger-houston-black\/","og_locale":"fr_FR","og_type":"article","og_title":"AnatomX Barefoot African Ranger - Houston Black - Jim Green","og_description":"For every 10 pairs sold we donate a pair to a Ranger https:\/\/www.gameranger.org","og_url":"https:\/\/jimgreenfootwear.eu\/fr\/store\/anatomx-barefoot-african-ranger-houston-black\/","og_site_name":"Jim Green","article_publisher":"https:\/\/www.facebook.com\/jimgreenfootwear\/","article_modified_time":"2026-03-26T16:17:59+00:00","og_image":[{"width":1200,"height":1200,"url":"https:\/\/jimgreenfootwear.eu\/wp-content\/uploads\/2025\/11\/AR02Z-HOA-AW1-Profile.jpg","type":"image\/jpeg"}],"twitter_card":"summary_large_image","twitter_site":"@jimgreenfw","twitter_misc":{"Disponibilit\u00e9":"En stock"},"schema":{"@context":"https:\/\/schema.org","@graph":[{"@type":"WebPage","@id":"https:\/\/jimgreenfootwear.eu\/fr\/store\/anatomx-barefoot-african-ranger-houston-black\/","url":"https:\/\/jimgreenfootwear.eu\/fr\/store\/anatomx-barefoot-african-ranger-houston-black\/","name":"AnatomX Barefoot African Ranger - Houston Black - Jim Green","isPartOf":{"@id":"https:\/\/jimgreenfootwear.eu\/#website"},"primaryImageOfPage":{"@id":"https:\/\/jimgreenfootwear.eu\/fr\/store\/anatomx-barefoot-african-ranger-houston-black\/#primaryimage"},"image":{"@id":"https:\/\/jimgreenfootwear.eu\/fr\/store\/anatomx-barefoot-african-ranger-houston-black\/#primaryimage"},"thumbnailUrl":"https:\/\/jimgreenfootwear.eu\/wp-content\/uploads\/2025\/11\/AR02Z-HOA-AW1-Profile.jpg","datePublished":"2025-11-03T19:18:03+00:00","dateModified":"2026-03-26T16:17:59+00:00","breadcrumb":{"@id":"https:\/\/jimgreenfootwear.eu\/fr\/store\/anatomx-barefoot-african-ranger-houston-black\/#breadcrumb"},"inLanguage":"fr-FR","potentialAction":[{"@type":"ReadAction","target":["https:\/\/jimgreenfootwear.eu\/fr\/store\/anatomx-barefoot-african-ranger-houston-black\/"]}]},{"@type":"ImageObject","inLanguage":"fr-FR","@id":"https:\/\/jimgreenfootwear.eu\/fr\/store\/anatomx-barefoot-african-ranger-houston-black\/#primaryimage","url":"https:\/\/jimgreenfootwear.eu\/wp-content\/uploads\/2025\/11\/AR02Z-HOA-AW1-Profile.jpg","contentUrl":"https:\/\/jimgreenfootwear.eu\/wp-content\/uploads\/2025\/11\/AR02Z-HOA-AW1-Profile.jpg","width":1200,"height":1200},{"@type":"BreadcrumbList","@id":"https:\/\/jimgreenfootwear.eu\/fr\/store\/anatomx-barefoot-african-ranger-houston-black\/#breadcrumb","itemListElement":[{"@type":"ListItem","position":1,"name":"Home","item":"https:\/\/jimgreenfootwear.eu\/fr\/"},{"@type":"ListItem","position":2,"name":"Boutique","item":"https:\/\/jimgreenfootwear.eu\/fr\/boutique\/"},{"@type":"ListItem","position":3,"name":"AnatomX Barefoot African Ranger &#8211; Houston Black"}]},{"@type":"WebSite","@id":"https:\/\/jimgreenfootwear.eu\/#website","url":"https:\/\/jimgreenfootwear.eu\/","name":"Jim Green","description":"Footwear EU - Quality Hiking &amp; Safety Boots","publisher":{"@id":"https:\/\/jimgreenfootwear.eu\/#organization"},"potentialAction":[{"@type":"SearchAction","target":{"@type":"EntryPoint","urlTemplate":"https:\/\/jimgreenfootwear.eu\/?s={search_term_string}"},"query-input":{"@type":"PropertyValueSpecification","valueRequired":true,"valueName":"search_term_string"}}],"inLanguage":"fr-FR"},{"@type":"Organization","@id":"https:\/\/jimgreenfootwear.eu\/#organization","name":"Jim Green Footwear","alternateName":"Jim Green","url":"https:\/\/jimgreenfootwear.eu\/","logo":{"@type":"ImageObject","inLanguage":"fr-FR","@id":"https:\/\/jimgreenfootwear.eu\/#\/schema\/logo\/image\/","url":"https:\/\/jimgreenfootwear.eu\/wp-content\/uploads\/2023\/11\/Jim-Green-4-copy@4x.png","contentUrl":"https:\/\/jimgreenfootwear.eu\/wp-content\/uploads\/2023\/11\/Jim-Green-4-copy@4x.png","width":1940,"height":1940,"caption":"Jim Green Footwear"},"image":{"@id":"https:\/\/jimgreenfootwear.eu\/#\/schema\/logo\/image\/"},"sameAs":["https:\/\/www.facebook.com\/jimgreenfootwear\/","https:\/\/x.com\/jimgreenfw","https:\/\/www.instagram.com\/jimgreenfootwear\/"]}]},"og_availability":"instock","product_availability":"instock","product_retailer_item_id":"AR02Z_HOA_AW1","product_condition":"new"},"_links":{"self":[{"href":"https:\/\/jimgreenfootwear.eu\/fr\/wp-json\/wp\/v2\/product\/56965","targetHints":{"allow":["GET"]}}],"collection":[{"href":"https:\/\/jimgreenfootwear.eu\/fr\/wp-json\/wp\/v2\/product"}],"about":[{"href":"https:\/\/jimgreenfootwear.eu\/fr\/wp-json\/wp\/v2\/types\/product"}],"replies":[{"embeddable":true,"href":"https:\/\/jimgreenfootwear.eu\/fr\/wp-json\/wp\/v2\/comments?post=56965"}],"wp:featuredmedia":[{"embeddable":true,"href":"https:\/\/jimgreenfootwear.eu\/fr\/wp-json\/wp\/v2\/media\/56089"}],"wp:attachment":[{"href":"https:\/\/jimgreenfootwear.eu\/fr\/wp-json\/wp\/v2\/media?parent=56965"}],"wp:term":[{"taxonomy":"product_brand","embeddable":true,"href":"https:\/\/jimgreenfootwear.eu\/fr\/wp-json\/wp\/v2\/product_brand?post=56965"},{"taxonomy":"product_cat","embeddable":true,"href":"https:\/\/jimgreenfootwear.eu\/fr\/wp-json\/wp\/v2\/product_cat?post=56965"},{"taxonomy":"product_tag","embeddable":true,"href":"https:\/\/jimgreenfootwear.eu\/fr\/wp-json\/wp\/v2\/product_tag?post=56965"}],"curies":[{"name":"wp","href":"https:\/\/api.w.org\/{rel}","templated":true}]}}