{"id":57661,"date":"2025-10-30T14:37:01","date_gmt":"2025-10-30T12:37:01","guid":{"rendered":"https:\/\/jimgreenfootwear.eu\/store\/bush-war-boot-fudge\/"},"modified":"2025-12-23T22:28:15","modified_gmt":"2025-12-23T20:28:15","slug":"bush-war-boot-fudge","status":"publish","type":"product","link":"https:\/\/jimgreenfootwear.eu\/fr\/store\/bush-war-boot-fudge\/","title":{"rendered":"Bush War Boot &#8211; Fudge"},"content":{"rendered":"<div class=\"wpb-content-wrapper\"><p>[vc_row css=&#8221;.vc_custom_1727037243659{padding-right: 15px !important;padding-bottom: 20px !important;padding-left: 15px !important;}&#8221;][vc_column width=&#8221;5\/6&#8243; css=&#8221;.vc_custom_1727037261507{padding-right: 15px !important;padding-left: 15px !important;}&#8221;][vc_column_text css=&#8221;&#8221;]<\/p>\n<h3><span style=\"font-family: nathan-serif; font-size: 24pt;\">Le Bush War Boot \u2014 n\u00e9 au combat, fa\u00e7onn\u00e9 par l\u2019histoire, con\u00e7u pour la brousse<\/span><\/h3>\n<p>[\/vc_column_text][\/vc_column][vc_column width=&#8221;1\/6&#8243;][\/vc_column][\/vc_row][vc_row css=&#8221;.vc_custom_1727037558482{padding-right: 15px !important;padding-left: 15px !important;padding-bottom: 20px !important;}&#8221;][vc_column width=&#8221;1\/2&#8243; css=&#8221;.vc_custom_1727037575311{padding-right: 15px !important;padding-bottom: 20px !important;padding-left: 15px !important;}&#8221;][vc_column_text css=&#8221;&#8221;]<\/p>\n<p data-start=\"2565\" data-end=\"3034\"><span style=\"font-family: nathan-serif; font-size: 14pt;\">Inspir\u00e9e des l\u00e9gendaires bottes de combat port\u00e9es par les soldats durant les Bush Wars en Afrique, la <strong data-start=\"2667\" data-end=\"2684\">Bush War Boot<\/strong> est une chaussure militaire et outdoor qui rend hommage \u00e0 des d\u00e9cennies d\u2019exp\u00e9rience de terrain, modernis\u00e9e pour l\u2019aventurier d\u2019aujourd\u2019hui. Chaque d\u00e9tail de cette botte en cuir haut de gamme a un objectif pr\u00e9cis : combiner le design traditionnel de la guerre en brousse avec l\u2019expertise reconnue de Jim Green dans la fabrication de bottes durables.<\/span><\/p>\n<p data-start=\"3036\" data-end=\"3281\"><span style=\"font-family: nathan-serif; font-size: 14pt;\">La Bush War Boot allie fonctionnalit\u00e9 test\u00e9e par l\u2019arm\u00e9e, cuir local et construction robuste inspir\u00e9e du patrimoine artisanal. C\u2019est une botte pour ceux qui exigent davantage \u2014 sur le terrain, au stand de tir ou dans un usage quotidien exigeant.<\/span><\/p>\n<p data-start=\"3283\" data-end=\"3635\"><span style=\"font-family: nathan-serif; font-size: 14pt;\">Fabriqu\u00e9e en cuir de haute qualit\u00e9 et renforc\u00e9e dans les zones d\u2019usure, cette botte outdoor offre une excellente respirabilit\u00e9, r\u00e9sistance et long\u00e9vit\u00e9. Une double couche de cuir au talon, une pi\u00e8ce de toile int\u00e9gr\u00e9e \u00e0 l\u2019avant-pied et un renfort thermoplastique apportent maintien et structure sur les terrains difficiles, sans compromettre le confort.<\/span><\/p>\n<p data-start=\"3637\" data-end=\"4170\"><span style=\"font-family: nathan-serif; font-size: 14pt;\">Les doubles brides \u00e0 boucles au niveau de la cheville, signature du Bush War Boot, ne sont pas qu\u2019un d\u00e9tail esth\u00e9tique : elles assurent une stabilit\u00e9 accrue, une meilleure protection contre les d\u00e9bris et un ajustement personnalisable qui s\u2019am\u00e9liore \u00e0 mesure que la botte se fait au pied. Initialement utilis\u00e9 par des unit\u00e9s d\u2019\u00e9lite en Afrique, ce syst\u00e8me de boucles offrait une s\u00e9curit\u00e9 indispensable dans des conditions extr\u00eames \u2014 un atout toujours essentiel pour les rangers, agriculteurs, chasseurs et professionnels du plein air.<\/span><\/p>\n<p data-start=\"4172\" data-end=\"4549\"><span style=\"font-family: nathan-serif; font-size: 14pt;\">Une semelle interm\u00e9diaire en cuir tann\u00e9 v\u00e9g\u00e9tal et une semelle en v\u00e9ritable caoutchouc cr\u00e9p\u00e9 garantissent une bonne adh\u00e9rence, une durabilit\u00e9 remarquable et un excellent ressenti du sol. \u00c0 l\u2019int\u00e9rieur, une tige en bois apporte la structure n\u00e9cessaire pour de longues journ\u00e9es \u00e0 marcher, tandis qu\u2019une demi-chaussette en cuir int\u00e9gr\u00e9e enveloppe le talon pour un confort optimal.<\/span><\/p>\n<p data-start=\"4551\" data-end=\"4780\"><span style=\"font-family: nathan-serif; font-size: 14pt;\">Gr\u00e2ce \u00e0 sa construction cousue \u00e0 360\u00b0 en double surpiq\u00fbre et \u00e0 sa languette enti\u00e8rement gousset\u00e9e, la Bush War Boot est enti\u00e8rement ressemelable \u2014 une botte militaire en cuir con\u00e7ue pour durer des ann\u00e9es malgr\u00e9 un usage intensif.<\/span><\/p>\n<p>[\/vc_column_text][\/vc_column][vc_column width=&#8221;1\/2&#8243; el_class=&#8221;features&#8221; css=&#8221;.vc_custom_1727037575311{padding-right: 15px !important;padding-left: 15px !important;}&#8221;][vc_column_text css=&#8221;&#8221;]<\/p>\n<ul>\n<li data-start=\"1584\" data-end=\"1650\"><span style=\"font-size: 14pt; font-family: nathan-serif;\">Fabriqu\u00e9es avec une seule couche de cuir pleine fleur de 2,2 mm.<\/span><\/li>\n<li data-start=\"1653\" data-end=\"1757\"><span style=\"font-size: 14pt; font-family: nathan-serif;\">Zone du talon renforc\u00e9e avec une double couche de cuir pleine fleur de 2,2 mm pour plus de durabilit\u00e9.<\/span><\/li>\n<li data-start=\"1760\" data-end=\"1829\"><span style=\"font-size: 14pt; font-family: nathan-serif;\">Tige de 8 pouces offrant excellent maintien, confort et protection.<\/span><\/li>\n<li data-start=\"1832\" data-end=\"1933\"><span style=\"font-size: 14pt; font-family: nathan-serif;\">Renfort thermoplastique \u00e0 l\u2019avant (toe puff) et contrefort de talon pour un soutien suppl\u00e9mentaire.<\/span><\/li>\n<li data-start=\"1936\" data-end=\"2049\"><span style=\"font-size: 14pt; font-family: nathan-serif;\">Couche de toile dans la zone des orteils pour un renfort suppl\u00e9mentaire et une meilleure gestion de l\u2019humidit\u00e9.<\/span><\/li>\n<li data-start=\"2052\" data-end=\"2166\"><span style=\"font-size: 14pt; font-family: nathan-serif;\">Cambrion en bois entre la semelle interm\u00e9diaire et la semelle ext\u00e9rieure pour stabilit\u00e9, soutien et flexibilit\u00e9.<\/span><\/li>\n<li data-start=\"2169\" data-end=\"2278\"><span style=\"font-size: 14pt; font-family: nathan-serif;\">Brides \u00e0 double boucle signature pour une meilleure stabilit\u00e9 de la cheville et un ajustement personnalis\u00e9.<\/span><\/li>\n<li data-start=\"2281\" data-end=\"2362\"><span style=\"font-size: 14pt; font-family: nathan-serif;\">Languette enti\u00e8rement gousset\u00e9e pour une protection efficace contre les d\u00e9bris.<\/span><\/li>\n<li data-start=\"2365\" data-end=\"2471\"><span style=\"font-size: 14pt; font-family: nathan-serif;\">Semelle interm\u00e9diaire en cuir de 3 mm et semelle en r\u00e9sine naturelle de 3 mm pour confort et durabilit\u00e9.<\/span><\/li>\n<li data-start=\"2474\" data-end=\"2585\"><span style=\"font-size: 14pt; font-family: nathan-serif;\">La semelle interm\u00e9diaire en cuir est fix\u00e9e \u00e0 la tige avec une double couture \u00e0 360\u00b0, fil nylon tress\u00e9 2,2 mm.<\/span><\/li>\n<li data-start=\"2588\" data-end=\"2647\"><span style=\"font-size: 14pt; font-family: nathan-serif;\">Ressemelables gr\u00e2ce \u00e0 la construction double stitch-down.<\/span><\/li>\n<li data-start=\"2650\" data-end=\"2802\"><span style=\"font-size: 14pt; font-family: nathan-serif;\">Demi-semelle int\u00e9rieure en cuir int\u00e9gr\u00e9e pour amortir le talon et offrir une sensation naturelle du pied (pas de semelle int\u00e9rieure standard fournie).<\/span><\/li>\n<li data-start=\"2805\" data-end=\"2866\"><span style=\"font-size: 14pt; font-family: nathan-serif;\"><strong><span style=\"text-decoration: underline;\">Forme STC<\/span> <\/strong>\u2013 largeur 2E avec avant-pied spacieux et arrondi.<\/span><\/li>\n<li data-start=\"2869\" data-end=\"2969\"><span style=\"font-size: 14pt; font-family: nathan-serif;\"><strong><span style=\"text-decoration: underline;\">Semelle : BR<\/span><\/strong> \u2013 semelle crepe Bradbury naturelle en caoutchouc v\u00e9ritable pour adh\u00e9rence et confort.<\/span><\/li>\n<li data-start=\"2972\" data-end=\"2990\"><span style=\"font-size: 14pt; font-family: nathan-serif;\">Lacets : 150 cm.<\/span><\/li>\n<li data-start=\"2993\" data-end=\"3022\"><span style=\"font-size: 14pt; font-family: nathan-serif;\">Poids : 1,25 kg (taille 8).<\/span><\/li>\n<li data-start=\"3025\" data-end=\"3058\"><span style=\"font-size: 14pt; font-family: nathan-serif;\">100 % fabriqu\u00e9 en Afrique du Sud.<\/span><\/li>\n<li><\/li>\n<\/ul>\n<p>[\/vc_column_text][\/vc_column][\/vc_row]<\/p>\n<\/div>","protected":false},"excerpt":{"rendered":"<p>[vc_row css=&#8221;.vc_custom_1727037243659{padding-right: 15px !important;padding-bottom: 20px !important;padding-left: 15px !important;}&#8221;][vc_column width=&#8221;5\/6&#8243; css=&#8221;.vc_custom_1727037261507{padding-right: 15px !important;padding-left: 15px !important;}&#8221;][vc_column_text css=&#8221;&#8221;] Le Bush War Boot \u2014 n\u00e9 au combat, fa\u00e7onn\u00e9 par l\u2019histoire, con\u00e7u pour la brousse [\/vc_column_text][\/vc_column][vc_column width=&#8221;1\/6&#8243;][\/vc_column][\/vc_row][vc_row css=&#8221;.vc_custom_1727037558482{padding-right: 15px !important;padding-left: 15px !important;padding-bottom: 20px !important;}&#8221;][vc_column width=&#8221;1\/2&#8243; css=&#8221;.vc_custom_1727037575311{padding-right: 15px !important;padding-bottom: 20px !important;padding-left: 15px !important;}&#8221;][vc_column_text css=&#8221;&#8221;] Inspir\u00e9e des l\u00e9gendaires bottes de combat port\u00e9es [&hellip;]<\/p>\n","protected":false},"featured_media":54878,"comment_status":"open","ping_status":"closed","template":"","meta":{"_acf_changed":false},"product_brand":[],"product_cat":[336],"product_tag":[],"class_list":{"0":"post-57661","1":"product","2":"type-product","3":"status-publish","4":"has-post-thumbnail","6":"product_cat-hiking-adventure-fr","7":"tm-has-options","9":"first","10":"outofstock","11":"taxable","12":"shipping-taxable","13":"purchasable","14":"product-type-variable"},"group_of_quantity":0,"min_quantity":0,"max_quantity":"","exclude_order_quantity_value_rules":"no","exclude_category_quantity_rules":"no","combine_variations":"no","acf":[],"yoast_head":"<!-- This site is optimized with the Yoast SEO plugin v27.3 - https:\/\/yoast.com\/product\/yoast-seo-wordpress\/ -->\n<title>Bush War Boot - Fudge - Jim Green<\/title>\n<meta name=\"robots\" content=\"index, follow, max-snippet:-1, max-image-preview:large, max-video-preview:-1\" \/>\n<link rel=\"canonical\" href=\"https:\/\/jimgreenfootwear.eu\/fr\/store\/bush-war-boot-fudge\/\" \/>\n<meta property=\"og:locale\" content=\"fr_FR\" \/>\n<meta property=\"og:type\" content=\"article\" \/>\n<meta property=\"og:title\" content=\"Bush War Boot - Fudge - Jim Green\" \/>\n<meta property=\"og:description\" content=\"[vc_row css=&#8221;.vc_custom_1727037243659{padding-right: 15px !important;padding-bottom: 20px !important;padding-left: 15px !important;}&#8221;][vc_column width=&#8221;5\/6&#8243; css=&#8221;.vc_custom_1727037261507{padding-right: 15px !important;padding-left: 15px !important;}&#8221;][vc_column_text css=&#8221;&#8221;] Le Bush War Boot \u2014 n\u00e9 au combat, fa\u00e7onn\u00e9 par l\u2019histoire, con\u00e7u pour la brousse [\/vc_column_text][\/vc_column][vc_column width=&#8221;1\/6&#8243;][\/vc_column][\/vc_row][vc_row css=&#8221;.vc_custom_1727037558482{padding-right: 15px !important;padding-left: 15px !important;padding-bottom: 20px !important;}&#8221;][vc_column width=&#8221;1\/2&#8243; css=&#8221;.vc_custom_1727037575311{padding-right: 15px !important;padding-bottom: 20px !important;padding-left: 15px !important;}&#8221;][vc_column_text css=&#8221;&#8221;] Inspir\u00e9e des l\u00e9gendaires bottes de combat port\u00e9es [&hellip;]\" \/>\n<meta property=\"og:url\" content=\"https:\/\/jimgreenfootwear.eu\/fr\/store\/bush-war-boot-fudge\/\" \/>\n<meta property=\"og:site_name\" content=\"Jim Green\" \/>\n<meta property=\"article:publisher\" content=\"https:\/\/www.facebook.com\/jimgreenfootwear\/\" \/>\n<meta property=\"article:modified_time\" content=\"2025-12-23T20:28:15+00:00\" \/>\n<meta property=\"og:image\" content=\"https:\/\/jimgreenfootwear.eu\/wp-content\/uploads\/2025\/10\/BW01-CAE-BR-Side-Profile-scaled-1.jpg\" \/>\n\t<meta property=\"og:image:width\" content=\"1200\" \/>\n\t<meta property=\"og:image:height\" content=\"1200\" \/>\n\t<meta property=\"og:image:type\" content=\"image\/jpeg\" \/>\n<meta name=\"twitter:card\" content=\"summary_large_image\" \/>\n<meta name=\"twitter:site\" content=\"@jimgreenfw\" \/>\n<meta name=\"twitter:label1\" content=\"Disponibilit\u00e9\" \/>\n\t<meta name=\"twitter:data1\" content=\"Rupture de stock\" \/>\n<script type=\"application\/ld+json\" class=\"yoast-schema-graph\">{\"@context\":\"https:\\\/\\\/schema.org\",\"@graph\":[{\"@type\":\"WebPage\",\"@id\":\"https:\\\/\\\/jimgreenfootwear.eu\\\/fr\\\/store\\\/bush-war-boot-fudge\\\/\",\"url\":\"https:\\\/\\\/jimgreenfootwear.eu\\\/fr\\\/store\\\/bush-war-boot-fudge\\\/\",\"name\":\"Bush War Boot - Fudge - Jim Green\",\"isPartOf\":{\"@id\":\"https:\\\/\\\/jimgreenfootwear.eu\\\/#website\"},\"primaryImageOfPage\":{\"@id\":\"https:\\\/\\\/jimgreenfootwear.eu\\\/fr\\\/store\\\/bush-war-boot-fudge\\\/#primaryimage\"},\"image\":{\"@id\":\"https:\\\/\\\/jimgreenfootwear.eu\\\/fr\\\/store\\\/bush-war-boot-fudge\\\/#primaryimage\"},\"thumbnailUrl\":\"https:\\\/\\\/jimgreenfootwear.eu\\\/wp-content\\\/uploads\\\/2025\\\/10\\\/BW01-CAE-BR-Side-Profile-scaled-1.jpg\",\"datePublished\":\"2025-10-30T12:37:01+00:00\",\"dateModified\":\"2025-12-23T20:28:15+00:00\",\"breadcrumb\":{\"@id\":\"https:\\\/\\\/jimgreenfootwear.eu\\\/fr\\\/store\\\/bush-war-boot-fudge\\\/#breadcrumb\"},\"inLanguage\":\"fr-FR\",\"potentialAction\":[{\"@type\":\"ReadAction\",\"target\":[\"https:\\\/\\\/jimgreenfootwear.eu\\\/fr\\\/store\\\/bush-war-boot-fudge\\\/\"]}]},{\"@type\":\"ImageObject\",\"inLanguage\":\"fr-FR\",\"@id\":\"https:\\\/\\\/jimgreenfootwear.eu\\\/fr\\\/store\\\/bush-war-boot-fudge\\\/#primaryimage\",\"url\":\"https:\\\/\\\/jimgreenfootwear.eu\\\/wp-content\\\/uploads\\\/2025\\\/10\\\/BW01-CAE-BR-Side-Profile-scaled-1.jpg\",\"contentUrl\":\"https:\\\/\\\/jimgreenfootwear.eu\\\/wp-content\\\/uploads\\\/2025\\\/10\\\/BW01-CAE-BR-Side-Profile-scaled-1.jpg\",\"width\":1200,\"height\":1200},{\"@type\":\"BreadcrumbList\",\"@id\":\"https:\\\/\\\/jimgreenfootwear.eu\\\/fr\\\/store\\\/bush-war-boot-fudge\\\/#breadcrumb\",\"itemListElement\":[{\"@type\":\"ListItem\",\"position\":1,\"name\":\"Home\",\"item\":\"https:\\\/\\\/jimgreenfootwear.eu\\\/fr\\\/\"},{\"@type\":\"ListItem\",\"position\":2,\"name\":\"Boutique\",\"item\":\"https:\\\/\\\/jimgreenfootwear.eu\\\/fr\\\/boutique\\\/\"},{\"@type\":\"ListItem\",\"position\":3,\"name\":\"Bush War Boot &#8211; Fudge\"}]},{\"@type\":\"WebSite\",\"@id\":\"https:\\\/\\\/jimgreenfootwear.eu\\\/#website\",\"url\":\"https:\\\/\\\/jimgreenfootwear.eu\\\/\",\"name\":\"Jim Green\",\"description\":\"Footwear EU - Quality Hiking &amp; Safety Boots\",\"publisher\":{\"@id\":\"https:\\\/\\\/jimgreenfootwear.eu\\\/#organization\"},\"potentialAction\":[{\"@type\":\"SearchAction\",\"target\":{\"@type\":\"EntryPoint\",\"urlTemplate\":\"https:\\\/\\\/jimgreenfootwear.eu\\\/?s={search_term_string}\"},\"query-input\":{\"@type\":\"PropertyValueSpecification\",\"valueRequired\":true,\"valueName\":\"search_term_string\"}}],\"inLanguage\":\"fr-FR\"},{\"@type\":\"Organization\",\"@id\":\"https:\\\/\\\/jimgreenfootwear.eu\\\/#organization\",\"name\":\"Jim Green Footwear\",\"alternateName\":\"Jim Green\",\"url\":\"https:\\\/\\\/jimgreenfootwear.eu\\\/\",\"logo\":{\"@type\":\"ImageObject\",\"inLanguage\":\"fr-FR\",\"@id\":\"https:\\\/\\\/jimgreenfootwear.eu\\\/#\\\/schema\\\/logo\\\/image\\\/\",\"url\":\"https:\\\/\\\/jimgreenfootwear.eu\\\/wp-content\\\/uploads\\\/2023\\\/11\\\/Jim-Green-4-copy@4x.png\",\"contentUrl\":\"https:\\\/\\\/jimgreenfootwear.eu\\\/wp-content\\\/uploads\\\/2023\\\/11\\\/Jim-Green-4-copy@4x.png\",\"width\":1940,\"height\":1940,\"caption\":\"Jim Green Footwear\"},\"image\":{\"@id\":\"https:\\\/\\\/jimgreenfootwear.eu\\\/#\\\/schema\\\/logo\\\/image\\\/\"},\"sameAs\":[\"https:\\\/\\\/www.facebook.com\\\/jimgreenfootwear\\\/\",\"https:\\\/\\\/x.com\\\/jimgreenfw\",\"https:\\\/\\\/www.instagram.com\\\/jimgreenfootwear\\\/\"]}]}<\/script>\n<meta property=\"og:availability\" content=\"out of stock\" \/>\n<meta property=\"product:availability\" content=\"out of stock\" \/>\n<meta property=\"product:retailer_item_id\" content=\"BW01_CAE_BR\" \/>\n<meta property=\"product:condition\" content=\"new\" \/>\n<!-- \/ Yoast SEO plugin. -->","yoast_head_json":{"title":"Bush War Boot - Fudge - Jim Green","robots":{"index":"index","follow":"follow","max-snippet":"max-snippet:-1","max-image-preview":"max-image-preview:large","max-video-preview":"max-video-preview:-1"},"canonical":"https:\/\/jimgreenfootwear.eu\/fr\/store\/bush-war-boot-fudge\/","og_locale":"fr_FR","og_type":"article","og_title":"Bush War Boot - Fudge - Jim Green","og_description":"[vc_row css=&#8221;.vc_custom_1727037243659{padding-right: 15px !important;padding-bottom: 20px !important;padding-left: 15px !important;}&#8221;][vc_column width=&#8221;5\/6&#8243; css=&#8221;.vc_custom_1727037261507{padding-right: 15px !important;padding-left: 15px !important;}&#8221;][vc_column_text css=&#8221;&#8221;] Le Bush War Boot \u2014 n\u00e9 au combat, fa\u00e7onn\u00e9 par l\u2019histoire, con\u00e7u pour la brousse [\/vc_column_text][\/vc_column][vc_column width=&#8221;1\/6&#8243;][\/vc_column][\/vc_row][vc_row css=&#8221;.vc_custom_1727037558482{padding-right: 15px !important;padding-left: 15px !important;padding-bottom: 20px !important;}&#8221;][vc_column width=&#8221;1\/2&#8243; css=&#8221;.vc_custom_1727037575311{padding-right: 15px !important;padding-bottom: 20px !important;padding-left: 15px !important;}&#8221;][vc_column_text css=&#8221;&#8221;] Inspir\u00e9e des l\u00e9gendaires bottes de combat port\u00e9es [&hellip;]","og_url":"https:\/\/jimgreenfootwear.eu\/fr\/store\/bush-war-boot-fudge\/","og_site_name":"Jim Green","article_publisher":"https:\/\/www.facebook.com\/jimgreenfootwear\/","article_modified_time":"2025-12-23T20:28:15+00:00","og_image":[{"width":1200,"height":1200,"url":"https:\/\/jimgreenfootwear.eu\/wp-content\/uploads\/2025\/10\/BW01-CAE-BR-Side-Profile-scaled-1.jpg","type":"image\/jpeg"}],"twitter_card":"summary_large_image","twitter_site":"@jimgreenfw","twitter_misc":{"Disponibilit\u00e9":"Rupture de stock"},"schema":{"@context":"https:\/\/schema.org","@graph":[{"@type":"WebPage","@id":"https:\/\/jimgreenfootwear.eu\/fr\/store\/bush-war-boot-fudge\/","url":"https:\/\/jimgreenfootwear.eu\/fr\/store\/bush-war-boot-fudge\/","name":"Bush War Boot - Fudge - Jim Green","isPartOf":{"@id":"https:\/\/jimgreenfootwear.eu\/#website"},"primaryImageOfPage":{"@id":"https:\/\/jimgreenfootwear.eu\/fr\/store\/bush-war-boot-fudge\/#primaryimage"},"image":{"@id":"https:\/\/jimgreenfootwear.eu\/fr\/store\/bush-war-boot-fudge\/#primaryimage"},"thumbnailUrl":"https:\/\/jimgreenfootwear.eu\/wp-content\/uploads\/2025\/10\/BW01-CAE-BR-Side-Profile-scaled-1.jpg","datePublished":"2025-10-30T12:37:01+00:00","dateModified":"2025-12-23T20:28:15+00:00","breadcrumb":{"@id":"https:\/\/jimgreenfootwear.eu\/fr\/store\/bush-war-boot-fudge\/#breadcrumb"},"inLanguage":"fr-FR","potentialAction":[{"@type":"ReadAction","target":["https:\/\/jimgreenfootwear.eu\/fr\/store\/bush-war-boot-fudge\/"]}]},{"@type":"ImageObject","inLanguage":"fr-FR","@id":"https:\/\/jimgreenfootwear.eu\/fr\/store\/bush-war-boot-fudge\/#primaryimage","url":"https:\/\/jimgreenfootwear.eu\/wp-content\/uploads\/2025\/10\/BW01-CAE-BR-Side-Profile-scaled-1.jpg","contentUrl":"https:\/\/jimgreenfootwear.eu\/wp-content\/uploads\/2025\/10\/BW01-CAE-BR-Side-Profile-scaled-1.jpg","width":1200,"height":1200},{"@type":"BreadcrumbList","@id":"https:\/\/jimgreenfootwear.eu\/fr\/store\/bush-war-boot-fudge\/#breadcrumb","itemListElement":[{"@type":"ListItem","position":1,"name":"Home","item":"https:\/\/jimgreenfootwear.eu\/fr\/"},{"@type":"ListItem","position":2,"name":"Boutique","item":"https:\/\/jimgreenfootwear.eu\/fr\/boutique\/"},{"@type":"ListItem","position":3,"name":"Bush War Boot &#8211; Fudge"}]},{"@type":"WebSite","@id":"https:\/\/jimgreenfootwear.eu\/#website","url":"https:\/\/jimgreenfootwear.eu\/","name":"Jim Green","description":"Footwear EU - Quality Hiking &amp; Safety Boots","publisher":{"@id":"https:\/\/jimgreenfootwear.eu\/#organization"},"potentialAction":[{"@type":"SearchAction","target":{"@type":"EntryPoint","urlTemplate":"https:\/\/jimgreenfootwear.eu\/?s={search_term_string}"},"query-input":{"@type":"PropertyValueSpecification","valueRequired":true,"valueName":"search_term_string"}}],"inLanguage":"fr-FR"},{"@type":"Organization","@id":"https:\/\/jimgreenfootwear.eu\/#organization","name":"Jim Green Footwear","alternateName":"Jim Green","url":"https:\/\/jimgreenfootwear.eu\/","logo":{"@type":"ImageObject","inLanguage":"fr-FR","@id":"https:\/\/jimgreenfootwear.eu\/#\/schema\/logo\/image\/","url":"https:\/\/jimgreenfootwear.eu\/wp-content\/uploads\/2023\/11\/Jim-Green-4-copy@4x.png","contentUrl":"https:\/\/jimgreenfootwear.eu\/wp-content\/uploads\/2023\/11\/Jim-Green-4-copy@4x.png","width":1940,"height":1940,"caption":"Jim Green Footwear"},"image":{"@id":"https:\/\/jimgreenfootwear.eu\/#\/schema\/logo\/image\/"},"sameAs":["https:\/\/www.facebook.com\/jimgreenfootwear\/","https:\/\/x.com\/jimgreenfw","https:\/\/www.instagram.com\/jimgreenfootwear\/"]}]},"og_availability":"out of stock","product_availability":"out of stock","product_retailer_item_id":"BW01_CAE_BR","product_condition":"new"},"_links":{"self":[{"href":"https:\/\/jimgreenfootwear.eu\/fr\/wp-json\/wp\/v2\/product\/57661","targetHints":{"allow":["GET"]}}],"collection":[{"href":"https:\/\/jimgreenfootwear.eu\/fr\/wp-json\/wp\/v2\/product"}],"about":[{"href":"https:\/\/jimgreenfootwear.eu\/fr\/wp-json\/wp\/v2\/types\/product"}],"replies":[{"embeddable":true,"href":"https:\/\/jimgreenfootwear.eu\/fr\/wp-json\/wp\/v2\/comments?post=57661"}],"wp:featuredmedia":[{"embeddable":true,"href":"https:\/\/jimgreenfootwear.eu\/fr\/wp-json\/wp\/v2\/media\/54878"}],"wp:attachment":[{"href":"https:\/\/jimgreenfootwear.eu\/fr\/wp-json\/wp\/v2\/media?parent=57661"}],"wp:term":[{"taxonomy":"product_brand","embeddable":true,"href":"https:\/\/jimgreenfootwear.eu\/fr\/wp-json\/wp\/v2\/product_brand?post=57661"},{"taxonomy":"product_cat","embeddable":true,"href":"https:\/\/jimgreenfootwear.eu\/fr\/wp-json\/wp\/v2\/product_cat?post=57661"},{"taxonomy":"product_tag","embeddable":true,"href":"https:\/\/jimgreenfootwear.eu\/fr\/wp-json\/wp\/v2\/product_tag?post=57661"}],"curies":[{"name":"wp","href":"https:\/\/api.w.org\/{rel}","templated":true}]}}