{"id":58158,"date":"2025-11-11T11:08:51","date_gmt":"2025-11-11T09:08:51","guid":{"rendered":"https:\/\/jimgreenfootwear.eu\/store\/barefoot-shoellie-bronco-brown\/"},"modified":"2026-04-04T14:17:06","modified_gmt":"2026-04-04T12:17:06","slug":"barefoot-shoellie-bronco-brown","status":"publish","type":"product","link":"https:\/\/jimgreenfootwear.eu\/fr\/store\/barefoot-shoellie-bronco-brown\/","title":{"rendered":"Barefoot Shoellie &#8211; Bronco Brown"},"content":{"rendered":"<div class=\"wpb-content-wrapper\"><p>[vc_row css=&#8221;.vc_custom_1730705955913{padding-right: 15px !important;padding-bottom: 20px !important;padding-left: 15px !important;}&#8221;][vc_column width=&#8221;3\/4&#8243; css=&#8221;.vc_custom_1730705886844{padding-right: 15px !important;padding-left: 0px !important;}&#8221;][vc_column_text css=&#8221;&#8221;]<\/p>\n<h3><span style=\"font-family: nathan-serif; font-size: 24pt;\">Vivez l&#8217;exp\u00e9rience pieds nus avec notre nouveau Barefoot Shoellie<\/span><\/h3>\n<p>[\/vc_column_text][\/vc_column][vc_column width=&#8221;1\/4&#8243;][\/vc_column][\/vc_row][vc_row][vc_column width=&#8221;1\/2&#8243;][vc_column_text css=&#8221;&#8221;]<\/p>\n<p data-path-to-node=\"6\"><span style=\"font-family: nathan-serif; font-size: 14pt;\">Le Barefoot Shoellie, c&#8217;est avant tout une question de confort et de naturel pour vos pieds. C&#8217;est comme offrir \u00e0 vos pieds une sensation de glisse parfaite sur un sol plat. En plus, il y a \u00e9norm\u00e9ment de place \u00e0 l&#8217;avant au niveau des orteils : votre gros orteil et votre petit orteil peuvent s&#8217;\u00e9taler librement sans se sentir compress\u00e9s sur les c\u00f4t\u00e9s. Ces chaussures sont les meilleures amies de vos pieds \u2013 elles sont ultra-flexibles et peuvent se plier et se tordre exactement comme votre pied le ferait. Les semelles sont fines, ce qui vous permet de mieux ressentir le sol sous vos pas.<\/span><\/p>\n<p data-path-to-node=\"7\"><span style=\"font-family: nathan-serif; font-size: 14pt;\">C\u2019est l\u00e0 que la magie du style &#8220;pieds nus&#8221; op\u00e8re. Pas besoin de s&#8217;inqui\u00e9ter pour le relev\u00e9 d\u2019orteils ou les supports de vo\u00fbte plantaire sophistiqu\u00e9s. Ces chaussures laissent vos pieds travailler naturellement. Alors, si vous ne jurez que par les chaussures confortables, souples et qui rendent vos pieds heureux, cette chaussure barefoot est faite pour vous !<\/span><\/p>\n<p>[\/vc_column_text][\/vc_column][vc_column width=&#8221;1\/2&#8243; el_class=&#8221;features&#8221;][vc_column_text css=&#8221;&#8221;]<\/p>\n<ul>\n<li data-path-to-node=\"6\"><span style=\"font-family: nathan-serif; font-size: 14pt;\">Cette chaussure a \u00e9t\u00e9 con\u00e7ue autour de 3 axes principaux : le confort, la durabilit\u00e9 et un prix abordable.<\/span><\/li>\n<li data-path-to-node=\"7,0,0\"><span style=\"font-family: nathan-serif; font-size: 14pt;\">La semelle Anvil est con\u00e7ue pour imiter la sensation de marcher pieds nus sur n&#8217;importe quel terrain, tout en offrant une adh\u00e9rence et une protection accrues.<\/span><\/li>\n<li data-path-to-node=\"7,1,0\"><span style=\"font-family: nathan-serif; font-size: 14pt;\">Le talon et le col sont fabriqu\u00e9s avec une double couche de cuir pleine fleur &#8220;Oily Pull Up&#8221; de 2,2 mm pour une durabilit\u00e9 renforc\u00e9e.<\/span><\/li>\n<li data-path-to-node=\"7,2,0\"><span style=\"font-family: nathan-serif; font-size: 14pt;\">Un renfort au talon est int\u00e9gr\u00e9 pour le soutien et la protection de la cheville.<\/span><\/li>\n<li data-path-to-node=\"7,3,0\"><span style=\"font-family: nathan-serif; font-size: 14pt;\">SANS CAMBRION EN ACIER<\/span><\/li>\n<li data-path-to-node=\"7,4,0\"><span style=\"font-family: nathan-serif; font-size: 14pt;\">Une semelle interm\u00e9diaire en cuir apporte plus de confort, de souplesse et de sensations sous le pied.<\/span><\/li>\n<li data-path-to-node=\"7,5,0\"><span style=\"font-family: nathan-serif; font-size: 14pt;\">La semelle interm\u00e9diaire en cuir est fix\u00e9e \u00e0 la tige par une double couture avec un cordon en nylon tress\u00e9 de 2,2 mm.<\/span><\/li>\n<li data-path-to-node=\"7,6,0\"><span style=\"font-family: nathan-serif; font-size: 14pt;\">Comme pour toutes nos chaussures, celles-ci peuvent \u00eatre ressemel\u00e9es gr\u00e2ce \u00e0 leur construction &#8220;double stitch down&#8221;.<\/span><\/li>\n<li data-path-to-node=\"7,7,0\"><span style=\"font-family: nathan-serif; font-size: 14pt;\">Nos chaussures Barefoot sont dot\u00e9es d&#8217;une demi-semelle int\u00e9rieure int\u00e9gr\u00e9e en cuir. Elles ne sont pas livr\u00e9es par d\u00e9faut avec une semelle de propret\u00e9 ou une assise plantaire en cuir.<\/span><\/li>\n<li data-path-to-node=\"7,8,0\"><span style=\"font-family: nathan-serif; font-size: 14pt;\"><strong><span style=\"text-decoration: underline;\">Forme Barefoot Zero Drop<\/span><\/strong> \u2013 Cette forme poss\u00e8de une largeur 3E et offre un d\u00e9nivel\u00e9 nul avec une &#8220;toe box&#8221; spacieuse (cela permet un chaussant large et un espace suppl\u00e9mentaire pour une exp\u00e9rience pieds nus plus naturelle).<\/span><\/li>\n<li data-path-to-node=\"7,9,0\"><span style=\"font-family: nathan-serif; font-size: 14pt;\">Poids : 0,8 kg (UK 08)<\/span><\/li>\n<li data-path-to-node=\"7,10,0\"><span style=\"font-family: nathan-serif; font-size: 14pt;\">Lacets : 120 cm<\/span><\/li>\n<\/ul>\n<p>[\/vc_column_text][\/vc_column][\/vc_row]<\/p>\n<\/div>","protected":false},"excerpt":{"rendered":"<p>[vc_row css=&#8221;.vc_custom_1730705955913{padding-right: 15px !important;padding-bottom: 20px !important;padding-left: 15px !important;}&#8221;][vc_column width=&#8221;3\/4&#8243; css=&#8221;.vc_custom_1730705886844{padding-right: 15px !important;padding-left: 0px !important;}&#8221;][vc_column_text css=&#8221;&#8221;] Vivez l&#8217;exp\u00e9rience pieds nus avec notre nouveau Barefoot Shoellie [\/vc_column_text][\/vc_column][vc_column width=&#8221;1\/4&#8243;][\/vc_column][\/vc_row][vc_row][vc_column width=&#8221;1\/2&#8243;][vc_column_text css=&#8221;&#8221;] Le Barefoot Shoellie, c&#8217;est avant tout une question de confort et de naturel pour vos pieds. C&#8217;est comme offrir \u00e0 vos pieds une sensation de glisse parfaite [&hellip;]<\/p>\n","protected":false},"featured_media":57100,"comment_status":"open","ping_status":"closed","template":"","meta":{"_acf_changed":false},"product_brand":[],"product_cat":[735,318,334,342],"product_tag":[],"class_list":{"0":"post-58158","1":"product","2":"type-product","3":"status-publish","4":"has-post-thumbnail","6":"product_cat-100cm-laces-fr","7":"product_cat-barefoot-boots-fr","8":"product_cat-all-fr","9":"product_cat-velliesnshoes-fr","10":"tm-has-options","12":"first","13":"outofstock","14":"taxable","15":"shipping-taxable","16":"purchasable","17":"product-type-variable"},"group_of_quantity":0,"min_quantity":0,"max_quantity":"","exclude_order_quantity_value_rules":"no","exclude_category_quantity_rules":"no","combine_variations":"no","acf":[],"yoast_head":"<!-- This site is optimized with the Yoast SEO plugin v27.3 - https:\/\/yoast.com\/product\/yoast-seo-wordpress\/ -->\n<title>Barefoot Shoellie - Bronco Brown - Jim Green<\/title>\n<meta name=\"robots\" content=\"index, follow, max-snippet:-1, max-image-preview:large, max-video-preview:-1\" \/>\n<link rel=\"canonical\" href=\"https:\/\/jimgreenfootwear.eu\/fr\/store\/barefoot-shoellie-bronco-brown\/\" \/>\n<meta property=\"og:locale\" content=\"fr_FR\" \/>\n<meta property=\"og:type\" content=\"article\" \/>\n<meta property=\"og:title\" content=\"Barefoot Shoellie - Bronco Brown - Jim Green\" \/>\n<meta property=\"og:description\" content=\"[vc_row css=&#8221;.vc_custom_1730705955913{padding-right: 15px !important;padding-bottom: 20px !important;padding-left: 15px !important;}&#8221;][vc_column width=&#8221;3\/4&#8243; css=&#8221;.vc_custom_1730705886844{padding-right: 15px !important;padding-left: 0px !important;}&#8221;][vc_column_text css=&#8221;&#8221;] Vivez l&#8217;exp\u00e9rience pieds nus avec notre nouveau Barefoot Shoellie [\/vc_column_text][\/vc_column][vc_column width=&#8221;1\/4&#8243;][\/vc_column][\/vc_row][vc_row][vc_column width=&#8221;1\/2&#8243;][vc_column_text css=&#8221;&#8221;] Le Barefoot Shoellie, c&#8217;est avant tout une question de confort et de naturel pour vos pieds. C&#8217;est comme offrir \u00e0 vos pieds une sensation de glisse parfaite [&hellip;]\" \/>\n<meta property=\"og:url\" content=\"https:\/\/jimgreenfootwear.eu\/fr\/store\/barefoot-shoellie-bronco-brown\/\" \/>\n<meta property=\"og:site_name\" content=\"Jim Green\" \/>\n<meta property=\"article:publisher\" content=\"https:\/\/www.facebook.com\/jimgreenfootwear\/\" \/>\n<meta property=\"article:modified_time\" content=\"2026-04-04T12:17:06+00:00\" \/>\n<meta property=\"og:image\" content=\"https:\/\/jimgreenfootwear.eu\/wp-content\/uploads\/2025\/11\/1AMO17-BCC-AN1-scaled-1.jpg\" \/>\n\t<meta property=\"og:image:width\" content=\"1200\" \/>\n\t<meta property=\"og:image:height\" content=\"1200\" \/>\n\t<meta property=\"og:image:type\" content=\"image\/jpeg\" \/>\n<meta name=\"twitter:card\" content=\"summary_large_image\" \/>\n<meta name=\"twitter:site\" content=\"@jimgreenfw\" \/>\n<meta name=\"twitter:label1\" content=\"Disponibilit\u00e9\" \/>\n\t<meta name=\"twitter:data1\" content=\"Rupture de stock\" \/>\n<script type=\"application\/ld+json\" class=\"yoast-schema-graph\">{\"@context\":\"https:\\\/\\\/schema.org\",\"@graph\":[{\"@type\":\"WebPage\",\"@id\":\"https:\\\/\\\/jimgreenfootwear.eu\\\/fr\\\/store\\\/barefoot-shoellie-bronco-brown\\\/\",\"url\":\"https:\\\/\\\/jimgreenfootwear.eu\\\/fr\\\/store\\\/barefoot-shoellie-bronco-brown\\\/\",\"name\":\"Barefoot Shoellie - Bronco Brown - Jim Green\",\"isPartOf\":{\"@id\":\"https:\\\/\\\/jimgreenfootwear.eu\\\/#website\"},\"primaryImageOfPage\":{\"@id\":\"https:\\\/\\\/jimgreenfootwear.eu\\\/fr\\\/store\\\/barefoot-shoellie-bronco-brown\\\/#primaryimage\"},\"image\":{\"@id\":\"https:\\\/\\\/jimgreenfootwear.eu\\\/fr\\\/store\\\/barefoot-shoellie-bronco-brown\\\/#primaryimage\"},\"thumbnailUrl\":\"https:\\\/\\\/jimgreenfootwear.eu\\\/wp-content\\\/uploads\\\/2025\\\/11\\\/1AMO17-BCC-AN1-scaled-1.jpg\",\"datePublished\":\"2025-11-11T09:08:51+00:00\",\"dateModified\":\"2026-04-04T12:17:06+00:00\",\"breadcrumb\":{\"@id\":\"https:\\\/\\\/jimgreenfootwear.eu\\\/fr\\\/store\\\/barefoot-shoellie-bronco-brown\\\/#breadcrumb\"},\"inLanguage\":\"fr-FR\",\"potentialAction\":[{\"@type\":\"ReadAction\",\"target\":[\"https:\\\/\\\/jimgreenfootwear.eu\\\/fr\\\/store\\\/barefoot-shoellie-bronco-brown\\\/\"]}]},{\"@type\":\"ImageObject\",\"inLanguage\":\"fr-FR\",\"@id\":\"https:\\\/\\\/jimgreenfootwear.eu\\\/fr\\\/store\\\/barefoot-shoellie-bronco-brown\\\/#primaryimage\",\"url\":\"https:\\\/\\\/jimgreenfootwear.eu\\\/wp-content\\\/uploads\\\/2025\\\/11\\\/1AMO17-BCC-AN1-scaled-1.jpg\",\"contentUrl\":\"https:\\\/\\\/jimgreenfootwear.eu\\\/wp-content\\\/uploads\\\/2025\\\/11\\\/1AMO17-BCC-AN1-scaled-1.jpg\",\"width\":1200,\"height\":1200},{\"@type\":\"BreadcrumbList\",\"@id\":\"https:\\\/\\\/jimgreenfootwear.eu\\\/fr\\\/store\\\/barefoot-shoellie-bronco-brown\\\/#breadcrumb\",\"itemListElement\":[{\"@type\":\"ListItem\",\"position\":1,\"name\":\"Home\",\"item\":\"https:\\\/\\\/jimgreenfootwear.eu\\\/fr\\\/\"},{\"@type\":\"ListItem\",\"position\":2,\"name\":\"Boutique\",\"item\":\"https:\\\/\\\/jimgreenfootwear.eu\\\/fr\\\/boutique\\\/\"},{\"@type\":\"ListItem\",\"position\":3,\"name\":\"Barefoot Shoellie &#8211; Bronco Brown\"}]},{\"@type\":\"WebSite\",\"@id\":\"https:\\\/\\\/jimgreenfootwear.eu\\\/#website\",\"url\":\"https:\\\/\\\/jimgreenfootwear.eu\\\/\",\"name\":\"Jim Green\",\"description\":\"Footwear EU - Quality Hiking &amp; Safety Boots\",\"publisher\":{\"@id\":\"https:\\\/\\\/jimgreenfootwear.eu\\\/#organization\"},\"potentialAction\":[{\"@type\":\"SearchAction\",\"target\":{\"@type\":\"EntryPoint\",\"urlTemplate\":\"https:\\\/\\\/jimgreenfootwear.eu\\\/?s={search_term_string}\"},\"query-input\":{\"@type\":\"PropertyValueSpecification\",\"valueRequired\":true,\"valueName\":\"search_term_string\"}}],\"inLanguage\":\"fr-FR\"},{\"@type\":\"Organization\",\"@id\":\"https:\\\/\\\/jimgreenfootwear.eu\\\/#organization\",\"name\":\"Jim Green Footwear\",\"alternateName\":\"Jim Green\",\"url\":\"https:\\\/\\\/jimgreenfootwear.eu\\\/\",\"logo\":{\"@type\":\"ImageObject\",\"inLanguage\":\"fr-FR\",\"@id\":\"https:\\\/\\\/jimgreenfootwear.eu\\\/#\\\/schema\\\/logo\\\/image\\\/\",\"url\":\"https:\\\/\\\/jimgreenfootwear.eu\\\/wp-content\\\/uploads\\\/2023\\\/11\\\/Jim-Green-4-copy@4x.png\",\"contentUrl\":\"https:\\\/\\\/jimgreenfootwear.eu\\\/wp-content\\\/uploads\\\/2023\\\/11\\\/Jim-Green-4-copy@4x.png\",\"width\":1940,\"height\":1940,\"caption\":\"Jim Green Footwear\"},\"image\":{\"@id\":\"https:\\\/\\\/jimgreenfootwear.eu\\\/#\\\/schema\\\/logo\\\/image\\\/\"},\"sameAs\":[\"https:\\\/\\\/www.facebook.com\\\/jimgreenfootwear\\\/\",\"https:\\\/\\\/x.com\\\/jimgreenfw\",\"https:\\\/\\\/www.instagram.com\\\/jimgreenfootwear\\\/\"]}]}<\/script>\n<meta property=\"og:availability\" content=\"out of stock\" \/>\n<meta property=\"product:availability\" content=\"out of stock\" \/>\n<meta property=\"product:retailer_item_id\" content=\"AM01Z_BCC_ANV1\" \/>\n<meta property=\"product:condition\" content=\"new\" \/>\n<!-- \/ Yoast SEO plugin. -->","yoast_head_json":{"title":"Barefoot Shoellie - Bronco Brown - Jim Green","robots":{"index":"index","follow":"follow","max-snippet":"max-snippet:-1","max-image-preview":"max-image-preview:large","max-video-preview":"max-video-preview:-1"},"canonical":"https:\/\/jimgreenfootwear.eu\/fr\/store\/barefoot-shoellie-bronco-brown\/","og_locale":"fr_FR","og_type":"article","og_title":"Barefoot Shoellie - Bronco Brown - Jim Green","og_description":"[vc_row css=&#8221;.vc_custom_1730705955913{padding-right: 15px !important;padding-bottom: 20px !important;padding-left: 15px !important;}&#8221;][vc_column width=&#8221;3\/4&#8243; css=&#8221;.vc_custom_1730705886844{padding-right: 15px !important;padding-left: 0px !important;}&#8221;][vc_column_text css=&#8221;&#8221;] Vivez l&#8217;exp\u00e9rience pieds nus avec notre nouveau Barefoot Shoellie [\/vc_column_text][\/vc_column][vc_column width=&#8221;1\/4&#8243;][\/vc_column][\/vc_row][vc_row][vc_column width=&#8221;1\/2&#8243;][vc_column_text css=&#8221;&#8221;] Le Barefoot Shoellie, c&#8217;est avant tout une question de confort et de naturel pour vos pieds. C&#8217;est comme offrir \u00e0 vos pieds une sensation de glisse parfaite [&hellip;]","og_url":"https:\/\/jimgreenfootwear.eu\/fr\/store\/barefoot-shoellie-bronco-brown\/","og_site_name":"Jim Green","article_publisher":"https:\/\/www.facebook.com\/jimgreenfootwear\/","article_modified_time":"2026-04-04T12:17:06+00:00","og_image":[{"width":1200,"height":1200,"url":"https:\/\/jimgreenfootwear.eu\/wp-content\/uploads\/2025\/11\/1AMO17-BCC-AN1-scaled-1.jpg","type":"image\/jpeg"}],"twitter_card":"summary_large_image","twitter_site":"@jimgreenfw","twitter_misc":{"Disponibilit\u00e9":"Rupture de stock"},"schema":{"@context":"https:\/\/schema.org","@graph":[{"@type":"WebPage","@id":"https:\/\/jimgreenfootwear.eu\/fr\/store\/barefoot-shoellie-bronco-brown\/","url":"https:\/\/jimgreenfootwear.eu\/fr\/store\/barefoot-shoellie-bronco-brown\/","name":"Barefoot Shoellie - Bronco Brown - Jim Green","isPartOf":{"@id":"https:\/\/jimgreenfootwear.eu\/#website"},"primaryImageOfPage":{"@id":"https:\/\/jimgreenfootwear.eu\/fr\/store\/barefoot-shoellie-bronco-brown\/#primaryimage"},"image":{"@id":"https:\/\/jimgreenfootwear.eu\/fr\/store\/barefoot-shoellie-bronco-brown\/#primaryimage"},"thumbnailUrl":"https:\/\/jimgreenfootwear.eu\/wp-content\/uploads\/2025\/11\/1AMO17-BCC-AN1-scaled-1.jpg","datePublished":"2025-11-11T09:08:51+00:00","dateModified":"2026-04-04T12:17:06+00:00","breadcrumb":{"@id":"https:\/\/jimgreenfootwear.eu\/fr\/store\/barefoot-shoellie-bronco-brown\/#breadcrumb"},"inLanguage":"fr-FR","potentialAction":[{"@type":"ReadAction","target":["https:\/\/jimgreenfootwear.eu\/fr\/store\/barefoot-shoellie-bronco-brown\/"]}]},{"@type":"ImageObject","inLanguage":"fr-FR","@id":"https:\/\/jimgreenfootwear.eu\/fr\/store\/barefoot-shoellie-bronco-brown\/#primaryimage","url":"https:\/\/jimgreenfootwear.eu\/wp-content\/uploads\/2025\/11\/1AMO17-BCC-AN1-scaled-1.jpg","contentUrl":"https:\/\/jimgreenfootwear.eu\/wp-content\/uploads\/2025\/11\/1AMO17-BCC-AN1-scaled-1.jpg","width":1200,"height":1200},{"@type":"BreadcrumbList","@id":"https:\/\/jimgreenfootwear.eu\/fr\/store\/barefoot-shoellie-bronco-brown\/#breadcrumb","itemListElement":[{"@type":"ListItem","position":1,"name":"Home","item":"https:\/\/jimgreenfootwear.eu\/fr\/"},{"@type":"ListItem","position":2,"name":"Boutique","item":"https:\/\/jimgreenfootwear.eu\/fr\/boutique\/"},{"@type":"ListItem","position":3,"name":"Barefoot Shoellie &#8211; Bronco Brown"}]},{"@type":"WebSite","@id":"https:\/\/jimgreenfootwear.eu\/#website","url":"https:\/\/jimgreenfootwear.eu\/","name":"Jim Green","description":"Footwear EU - Quality Hiking &amp; Safety Boots","publisher":{"@id":"https:\/\/jimgreenfootwear.eu\/#organization"},"potentialAction":[{"@type":"SearchAction","target":{"@type":"EntryPoint","urlTemplate":"https:\/\/jimgreenfootwear.eu\/?s={search_term_string}"},"query-input":{"@type":"PropertyValueSpecification","valueRequired":true,"valueName":"search_term_string"}}],"inLanguage":"fr-FR"},{"@type":"Organization","@id":"https:\/\/jimgreenfootwear.eu\/#organization","name":"Jim Green Footwear","alternateName":"Jim Green","url":"https:\/\/jimgreenfootwear.eu\/","logo":{"@type":"ImageObject","inLanguage":"fr-FR","@id":"https:\/\/jimgreenfootwear.eu\/#\/schema\/logo\/image\/","url":"https:\/\/jimgreenfootwear.eu\/wp-content\/uploads\/2023\/11\/Jim-Green-4-copy@4x.png","contentUrl":"https:\/\/jimgreenfootwear.eu\/wp-content\/uploads\/2023\/11\/Jim-Green-4-copy@4x.png","width":1940,"height":1940,"caption":"Jim Green Footwear"},"image":{"@id":"https:\/\/jimgreenfootwear.eu\/#\/schema\/logo\/image\/"},"sameAs":["https:\/\/www.facebook.com\/jimgreenfootwear\/","https:\/\/x.com\/jimgreenfw","https:\/\/www.instagram.com\/jimgreenfootwear\/"]}]},"og_availability":"out of stock","product_availability":"out of stock","product_retailer_item_id":"AM01Z_BCC_ANV1","product_condition":"new"},"_links":{"self":[{"href":"https:\/\/jimgreenfootwear.eu\/fr\/wp-json\/wp\/v2\/product\/58158","targetHints":{"allow":["GET"]}}],"collection":[{"href":"https:\/\/jimgreenfootwear.eu\/fr\/wp-json\/wp\/v2\/product"}],"about":[{"href":"https:\/\/jimgreenfootwear.eu\/fr\/wp-json\/wp\/v2\/types\/product"}],"replies":[{"embeddable":true,"href":"https:\/\/jimgreenfootwear.eu\/fr\/wp-json\/wp\/v2\/comments?post=58158"}],"wp:featuredmedia":[{"embeddable":true,"href":"https:\/\/jimgreenfootwear.eu\/fr\/wp-json\/wp\/v2\/media\/57100"}],"wp:attachment":[{"href":"https:\/\/jimgreenfootwear.eu\/fr\/wp-json\/wp\/v2\/media?parent=58158"}],"wp:term":[{"taxonomy":"product_brand","embeddable":true,"href":"https:\/\/jimgreenfootwear.eu\/fr\/wp-json\/wp\/v2\/product_brand?post=58158"},{"taxonomy":"product_cat","embeddable":true,"href":"https:\/\/jimgreenfootwear.eu\/fr\/wp-json\/wp\/v2\/product_cat?post=58158"},{"taxonomy":"product_tag","embeddable":true,"href":"https:\/\/jimgreenfootwear.eu\/fr\/wp-json\/wp\/v2\/product_tag?post=58158"}],"curies":[{"name":"wp","href":"https:\/\/api.w.org\/{rel}","templated":true}]}}