{"id":59702,"date":"2026-01-19T22:05:38","date_gmt":"2026-01-19T20:05:38","guid":{"rendered":"https:\/\/jimgreenfootwear.eu\/store\/meander-moc-toe-buffalo\/"},"modified":"2026-02-10T13:22:00","modified_gmt":"2026-02-10T11:22:00","slug":"meander-moc-toe-buffalo","status":"publish","type":"product","link":"https:\/\/jimgreenfootwear.eu\/fr\/store\/meander-moc-toe-buffalo\/","title":{"rendered":"Meander &#8211; Moc-Toe &#8211; Buffalo"},"content":{"rendered":"<div class=\"wpb-content-wrapper\"><p>[vc_row css=&#8221;.vc_custom_padding_settings{padding-right: 15px !important; padding-left: 15px !important; padding-bottom: 20px !important;}&#8221;][vc_column width=&#8221;5\/6&#8243; css=&#8221;.vc_custom_padding_settings{padding-right: 15px !important; padding-left: 15px !important;}&#8221;][vc_column_text css=&#8221;&#8221;]<\/p>\n<h5><strong><span style=\"font-family: nathan-serif; font-size: 24pt;\">Meander Moc Toe Boot \u2013 Artisanat robuste, confort au quotidien<\/span><\/strong><\/h5>\n<p>[\/vc_column_text][\/vc_column][vc_column width=&#8221;1\/6&#8243;][\/vc_column][\/vc_row][vc_row][vc_column][vc_column_text]<\/p>\n<p>[\/vc_column_text][\/vc_column][\/vc_row][vc_row css=&#8221;.vc_custom_padding_settings{padding-right: 15px !important; padding-left: 15px !important; padding-bottom: 20px !important;}&#8221;][vc_column width=&#8221;1\/2&#8243; css=&#8221;.vc_custom_padding_settings{padding-right: 15px !important; padding-left: 15px !important; padding-bottom: 20px !important;}&#8221;][vc_column_text css=&#8221;&#8221;]<span style=\"font-family: nathan-serif; font-size: 14pt;\">La Meander Moc Toe Boot porte fi\u00e8rement le nom d&#8217;une r\u00e9gion proche de notre base en Afrique du Sud : le Midlands Meander.<\/span><br \/>\n<span style=\"font-family: nathan-serif; font-size: 14pt;\">R\u00e9put\u00e9e pour ses collines ondul\u00e9es, ses prairies verdoyantes et ses hivers frisquets, cette r\u00e9gion inspire un sentiment de calme \u00e0 tous ceux qui la traversent.<\/span><br \/>\n<span style=\"font-family: nathan-serif; font-size: 14pt;\">Mais c\u2019est aussi une terre d\u2019aventure : p\u00eache \u00e0 la truite, randonn\u00e9e, chasse \u2013 des activit\u00e9s qui appellent une botte capable de tout faire, sans oublier de rester \u00e9l\u00e9gante pour un verre au pub en fin de journ\u00e9e.<\/span><\/p>\n<p><span style=\"font-family: nathan-serif; font-size: 14pt;\">Pens\u00e9e pour les explorateurs du week-end et ceux qui appr\u00e9cient \u00e0 la fois le style et la durabilit\u00e9, la Meander offre un parfait \u00e9quilibre entre construction robuste et confort classique du moc toe.<\/span><br \/>\n<span style=\"font-family: nathan-serif; font-size: 14pt;\">Que vous alliez au bureau ou que vous vous promeniez dans les champs, cette botte vous accompagne avec souplesse \u2013 tout en incarnant la qualit\u00e9 Jim Green dans un design sobre et fonctionnel.<\/span>[\/vc_column_text][\/vc_column][vc_column width=&#8221;1\/2&#8243; el_class=&#8221;features&#8221;][vc_column_text css=&#8221;&#8221;]<\/p>\n<ul>\n<li><strong><span style=\"font-size: 14pt; font-family: nathan-serif;\">NB : En raison des conditions extr\u00eames dans lesquelles vivent les buffles africains, le cuir varie d&#8217;une paire \u00e0 l&#8217;autre, chaque botte ayant une texture et un aspect uniques. Les images du produit utilis\u00e9es montrent la diff\u00e9rence entre ce que vous pouvez obtenir.<\/span><\/strong><\/li>\n<li><span style=\"font-family: nathan-serif; font-size: 14pt;\">Cette chaussure incarne les caract\u00e9ristiques classiques du design moc toe traditionnel, avec une attention exceptionnelle port\u00e9e aux d\u00e9tails et \u00e0 la qualit\u00e9.<\/span><\/li>\n<li><span style=\"font-family: nathan-serif; font-size: 14pt;\">Fabriqu\u00e9e avec deux couches de cuir : 2,2 mm de cuir de buffle doubl\u00e9 de 1,6 mm de cuir de veau<\/span><\/li>\n<li><span style=\"font-family: nathan-serif; font-size: 14pt;\">Renfort au talon pour plus de durabilit\u00e9, de maintien et de protection<\/span><\/li>\n<li><span style=\"font-family: nathan-serif; font-size: 14pt;\">Col et languette en cuir souple pour un confort accru et un poids r\u00e9duit<\/span><\/li>\n<li><span style=\"font-family: nathan-serif; font-size: 14pt;\">Sans tige en acier \u2013 pour une flexibilit\u00e9 naturelle<\/span><\/li>\n<li><span style=\"font-family: nathan-serif; font-size: 14pt;\">Semelle interm\u00e9diaire en cuir et semelle ext\u00e9rieure en r\u00e9sine pour plus de confort et de long\u00e9vit\u00e9<\/span><\/li>\n<li><span style=\"font-family: nathan-serif; font-size: 14pt;\">Crochets et \u0153illets robustes pour un la\u00e7age s\u00e9curis\u00e9<\/span><\/li>\n<li><span style=\"font-family: nathan-serif; font-size: 14pt;\">Semelle interm\u00e9diaire cousue \u00e0 la tige selon la m\u00e9thode Blake<\/span><\/li>\n<li><span style=\"font-family: nathan-serif; font-size: 14pt;\">Peut \u00eatre ressemel\u00e9e<\/span><\/li>\n<li><span style=\"font-family: nathan-serif; font-size: 14pt;\"><strong><span style=\"text-decoration: underline;\">Forme MT \u2013 largeur 3E<\/span><\/strong> avec un avant-pied spacieux de type moc toe<\/span><\/li>\n<li><span style=\"font-family: nathan-serif; font-size: 14pt;\"><span style=\"text-decoration: underline;\"><strong>Semelle : OR<\/strong><\/span> \u2013 con\u00e7ue pour un \u00e9quilibre optimal entre adh\u00e9rence, confort et l\u00e9g\u00e8ret\u00e9. V\u00e9ritable caoutchouc au toucher souple pour un confort sous le pied<\/span><\/li>\n<li><span style=\"font-family: nathan-serif; font-size: 14pt;\">Poids : 1,40 kg (taille 8)<\/span><\/li>\n<li><span style=\"font-family: nathan-serif; font-size: 14pt;\">Lacets : 150 cm<\/span><\/li>\n<li><span style=\"font-family: nathan-serif; font-size: 14pt;\">100\u202f% fabriqu\u00e9e en Afrique du Sud<\/span><\/li>\n<li><strong><strong><span style=\"font-family: nathan-serif; font-size: 14pt;\">Conseil taille : <\/span><\/strong><span style=\"font-size: 14pt; font-family: nathan-serif;\">Mesurez la longueur de votre pied en centim\u00e8tres sur une feuille de papier, comparez-la \u00e0 notre guide des tailles et commandez la taille indiqu\u00e9e. Vous n&#8217;avez rien \u00e0 ajouter. Veuillez noter que la taille d\u00e9termin\u00e9e ici peut diff\u00e9rer de celle de vos autres chaussures. Les tailles europ\u00e9ennes ne sont pas normalis\u00e9es et ne sont donc pas comparables.<\/span><\/strong><\/li>\n<\/ul>\n<p>[\/vc_column_text][\/vc_column][\/vc_row]<\/p>\n<\/div>","protected":false},"excerpt":{"rendered":"<h4><span style=\"color: #c20000; font-family: nathan-serif; font-size: 14pt;\"><strong>PRE-ORDERS WILL SHIP\u00a0OUT TO CUSTOMERS FROM THE START OF MAI 2026<\/strong><\/span><\/h4>\n","protected":false},"featured_media":59286,"comment_status":"open","ping_status":"closed","template":"","meta":{"_acf_changed":false},"product_brand":[],"product_cat":[745,586,533,334],"product_tag":[],"class_list":{"0":"post-59702","1":"product","2":"type-product","3":"status-publish","4":"has-post-thumbnail","6":"product_cat-150cm-laces-fr","7":"product_cat-meander-fr","8":"product_cat-moc-toe-fr","9":"product_cat-all-fr","10":"product_shipping_class-boots","11":"tm-has-options","13":"first","14":"outofstock","15":"taxable","16":"shipping-taxable","17":"purchasable","18":"product-type-variable"},"group_of_quantity":0,"min_quantity":0,"max_quantity":"","exclude_order_quantity_value_rules":"no","exclude_category_quantity_rules":"no","combine_variations":"no","acf":[],"yoast_head":"<!-- This site is optimized with the Yoast SEO plugin v27.5 - https:\/\/yoast.com\/product\/yoast-seo-wordpress\/ -->\n<title>Meander - Moc-Toe - Buffalo - Jim Green<\/title>\n<meta name=\"robots\" content=\"index, follow, max-snippet:-1, max-image-preview:large, max-video-preview:-1\" \/>\n<link rel=\"canonical\" href=\"https:\/\/jimgreenfootwear.eu\/fr\/store\/meander-moc-toe-buffalo\/\" \/>\n<meta property=\"og:locale\" content=\"fr_FR\" \/>\n<meta property=\"og:type\" content=\"article\" \/>\n<meta property=\"og:title\" content=\"Meander - Moc-Toe - Buffalo - Jim Green\" \/>\n<meta property=\"og:description\" content=\"PRE-ORDERS WILL SHIP\u00a0OUT TO CUSTOMERS FROM THE START OF MAI 2026\" \/>\n<meta property=\"og:url\" content=\"https:\/\/jimgreenfootwear.eu\/fr\/store\/meander-moc-toe-buffalo\/\" \/>\n<meta property=\"og:site_name\" content=\"Jim Green\" \/>\n<meta property=\"article:publisher\" content=\"https:\/\/www.facebook.com\/jimgreenfootwear\/\" \/>\n<meta property=\"article:modified_time\" content=\"2026-02-10T11:22:00+00:00\" \/>\n<meta property=\"og:image\" content=\"https:\/\/jimgreenfootwear.eu\/wp-content\/uploads\/2026\/01\/MT02-BUC-OR-1.jpg\" \/>\n\t<meta property=\"og:image:width\" content=\"1200\" \/>\n\t<meta property=\"og:image:height\" content=\"1200\" \/>\n\t<meta property=\"og:image:type\" content=\"image\/jpeg\" \/>\n<meta name=\"twitter:card\" content=\"summary_large_image\" \/>\n<meta name=\"twitter:site\" content=\"@jimgreenfw\" \/>\n<meta name=\"twitter:label1\" content=\"Disponibilit\u00e9\" \/>\n\t<meta name=\"twitter:data1\" content=\"Rupture de stock\" \/>\n<script type=\"application\/ld+json\" class=\"yoast-schema-graph\">{\"@context\":\"https:\\\/\\\/schema.org\",\"@graph\":[{\"@type\":\"WebPage\",\"@id\":\"https:\\\/\\\/jimgreenfootwear.eu\\\/fr\\\/store\\\/meander-moc-toe-buffalo\\\/\",\"url\":\"https:\\\/\\\/jimgreenfootwear.eu\\\/fr\\\/store\\\/meander-moc-toe-buffalo\\\/\",\"name\":\"Meander - Moc-Toe - Buffalo - Jim Green\",\"isPartOf\":{\"@id\":\"https:\\\/\\\/jimgreenfootwear.eu\\\/#website\"},\"primaryImageOfPage\":{\"@id\":\"https:\\\/\\\/jimgreenfootwear.eu\\\/fr\\\/store\\\/meander-moc-toe-buffalo\\\/#primaryimage\"},\"image\":{\"@id\":\"https:\\\/\\\/jimgreenfootwear.eu\\\/fr\\\/store\\\/meander-moc-toe-buffalo\\\/#primaryimage\"},\"thumbnailUrl\":\"https:\\\/\\\/jimgreenfootwear.eu\\\/wp-content\\\/uploads\\\/2026\\\/01\\\/MT02-BUC-OR-1.jpg\",\"datePublished\":\"2026-01-19T20:05:38+00:00\",\"dateModified\":\"2026-02-10T11:22:00+00:00\",\"breadcrumb\":{\"@id\":\"https:\\\/\\\/jimgreenfootwear.eu\\\/fr\\\/store\\\/meander-moc-toe-buffalo\\\/#breadcrumb\"},\"inLanguage\":\"fr-FR\",\"potentialAction\":[{\"@type\":\"ReadAction\",\"target\":[\"https:\\\/\\\/jimgreenfootwear.eu\\\/fr\\\/store\\\/meander-moc-toe-buffalo\\\/\"]}]},{\"@type\":\"ImageObject\",\"inLanguage\":\"fr-FR\",\"@id\":\"https:\\\/\\\/jimgreenfootwear.eu\\\/fr\\\/store\\\/meander-moc-toe-buffalo\\\/#primaryimage\",\"url\":\"https:\\\/\\\/jimgreenfootwear.eu\\\/wp-content\\\/uploads\\\/2026\\\/01\\\/MT02-BUC-OR-1.jpg\",\"contentUrl\":\"https:\\\/\\\/jimgreenfootwear.eu\\\/wp-content\\\/uploads\\\/2026\\\/01\\\/MT02-BUC-OR-1.jpg\",\"width\":1200,\"height\":1200},{\"@type\":\"BreadcrumbList\",\"@id\":\"https:\\\/\\\/jimgreenfootwear.eu\\\/fr\\\/store\\\/meander-moc-toe-buffalo\\\/#breadcrumb\",\"itemListElement\":[{\"@type\":\"ListItem\",\"position\":1,\"name\":\"Home\",\"item\":\"https:\\\/\\\/jimgreenfootwear.eu\\\/fr\\\/\"},{\"@type\":\"ListItem\",\"position\":2,\"name\":\"Boutique\",\"item\":\"https:\\\/\\\/jimgreenfootwear.eu\\\/fr\\\/boutique\\\/\"},{\"@type\":\"ListItem\",\"position\":3,\"name\":\"Meander &#8211; Moc-Toe &#8211; Buffalo\"}]},{\"@type\":\"WebSite\",\"@id\":\"https:\\\/\\\/jimgreenfootwear.eu\\\/#website\",\"url\":\"https:\\\/\\\/jimgreenfootwear.eu\\\/\",\"name\":\"Jim Green\",\"description\":\"Footwear EU - Quality Hiking &amp; Safety Boots\",\"publisher\":{\"@id\":\"https:\\\/\\\/jimgreenfootwear.eu\\\/#organization\"},\"potentialAction\":[{\"@type\":\"SearchAction\",\"target\":{\"@type\":\"EntryPoint\",\"urlTemplate\":\"https:\\\/\\\/jimgreenfootwear.eu\\\/?s={search_term_string}\"},\"query-input\":{\"@type\":\"PropertyValueSpecification\",\"valueRequired\":true,\"valueName\":\"search_term_string\"}}],\"inLanguage\":\"fr-FR\"},{\"@type\":\"Organization\",\"@id\":\"https:\\\/\\\/jimgreenfootwear.eu\\\/#organization\",\"name\":\"Jim Green Footwear\",\"alternateName\":\"Jim Green\",\"url\":\"https:\\\/\\\/jimgreenfootwear.eu\\\/\",\"logo\":{\"@type\":\"ImageObject\",\"inLanguage\":\"fr-FR\",\"@id\":\"https:\\\/\\\/jimgreenfootwear.eu\\\/#\\\/schema\\\/logo\\\/image\\\/\",\"url\":\"https:\\\/\\\/jimgreenfootwear.eu\\\/wp-content\\\/uploads\\\/2023\\\/11\\\/Jim-Green-4-copy@4x.png\",\"contentUrl\":\"https:\\\/\\\/jimgreenfootwear.eu\\\/wp-content\\\/uploads\\\/2023\\\/11\\\/Jim-Green-4-copy@4x.png\",\"width\":1940,\"height\":1940,\"caption\":\"Jim Green Footwear\"},\"image\":{\"@id\":\"https:\\\/\\\/jimgreenfootwear.eu\\\/#\\\/schema\\\/logo\\\/image\\\/\"},\"sameAs\":[\"https:\\\/\\\/www.facebook.com\\\/jimgreenfootwear\\\/\",\"https:\\\/\\\/x.com\\\/jimgreenfw\",\"https:\\\/\\\/www.instagram.com\\\/jimgreenfootwear\\\/\"]}]}<\/script>\n<meta property=\"og:availability\" content=\"out of stock\" \/>\n<meta property=\"product:availability\" content=\"out of stock\" \/>\n<meta property=\"product:retailer_item_id\" content=\"MT02_BUC_OM1\" \/>\n<meta property=\"product:condition\" content=\"new\" \/>\n<!-- \/ Yoast SEO plugin. -->","yoast_head_json":{"title":"Meander - Moc-Toe - Buffalo - Jim Green","robots":{"index":"index","follow":"follow","max-snippet":"max-snippet:-1","max-image-preview":"max-image-preview:large","max-video-preview":"max-video-preview:-1"},"canonical":"https:\/\/jimgreenfootwear.eu\/fr\/store\/meander-moc-toe-buffalo\/","og_locale":"fr_FR","og_type":"article","og_title":"Meander - Moc-Toe - Buffalo - Jim Green","og_description":"PRE-ORDERS WILL SHIP\u00a0OUT TO CUSTOMERS FROM THE START OF MAI 2026","og_url":"https:\/\/jimgreenfootwear.eu\/fr\/store\/meander-moc-toe-buffalo\/","og_site_name":"Jim Green","article_publisher":"https:\/\/www.facebook.com\/jimgreenfootwear\/","article_modified_time":"2026-02-10T11:22:00+00:00","og_image":[{"width":1200,"height":1200,"url":"https:\/\/jimgreenfootwear.eu\/wp-content\/uploads\/2026\/01\/MT02-BUC-OR-1.jpg","type":"image\/jpeg"}],"twitter_card":"summary_large_image","twitter_site":"@jimgreenfw","twitter_misc":{"Disponibilit\u00e9":"Rupture de stock"},"schema":{"@context":"https:\/\/schema.org","@graph":[{"@type":"WebPage","@id":"https:\/\/jimgreenfootwear.eu\/fr\/store\/meander-moc-toe-buffalo\/","url":"https:\/\/jimgreenfootwear.eu\/fr\/store\/meander-moc-toe-buffalo\/","name":"Meander - Moc-Toe - Buffalo - Jim Green","isPartOf":{"@id":"https:\/\/jimgreenfootwear.eu\/#website"},"primaryImageOfPage":{"@id":"https:\/\/jimgreenfootwear.eu\/fr\/store\/meander-moc-toe-buffalo\/#primaryimage"},"image":{"@id":"https:\/\/jimgreenfootwear.eu\/fr\/store\/meander-moc-toe-buffalo\/#primaryimage"},"thumbnailUrl":"https:\/\/jimgreenfootwear.eu\/wp-content\/uploads\/2026\/01\/MT02-BUC-OR-1.jpg","datePublished":"2026-01-19T20:05:38+00:00","dateModified":"2026-02-10T11:22:00+00:00","breadcrumb":{"@id":"https:\/\/jimgreenfootwear.eu\/fr\/store\/meander-moc-toe-buffalo\/#breadcrumb"},"inLanguage":"fr-FR","potentialAction":[{"@type":"ReadAction","target":["https:\/\/jimgreenfootwear.eu\/fr\/store\/meander-moc-toe-buffalo\/"]}]},{"@type":"ImageObject","inLanguage":"fr-FR","@id":"https:\/\/jimgreenfootwear.eu\/fr\/store\/meander-moc-toe-buffalo\/#primaryimage","url":"https:\/\/jimgreenfootwear.eu\/wp-content\/uploads\/2026\/01\/MT02-BUC-OR-1.jpg","contentUrl":"https:\/\/jimgreenfootwear.eu\/wp-content\/uploads\/2026\/01\/MT02-BUC-OR-1.jpg","width":1200,"height":1200},{"@type":"BreadcrumbList","@id":"https:\/\/jimgreenfootwear.eu\/fr\/store\/meander-moc-toe-buffalo\/#breadcrumb","itemListElement":[{"@type":"ListItem","position":1,"name":"Home","item":"https:\/\/jimgreenfootwear.eu\/fr\/"},{"@type":"ListItem","position":2,"name":"Boutique","item":"https:\/\/jimgreenfootwear.eu\/fr\/boutique\/"},{"@type":"ListItem","position":3,"name":"Meander &#8211; Moc-Toe &#8211; Buffalo"}]},{"@type":"WebSite","@id":"https:\/\/jimgreenfootwear.eu\/#website","url":"https:\/\/jimgreenfootwear.eu\/","name":"Jim Green","description":"Footwear EU - Quality Hiking &amp; Safety Boots","publisher":{"@id":"https:\/\/jimgreenfootwear.eu\/#organization"},"potentialAction":[{"@type":"SearchAction","target":{"@type":"EntryPoint","urlTemplate":"https:\/\/jimgreenfootwear.eu\/?s={search_term_string}"},"query-input":{"@type":"PropertyValueSpecification","valueRequired":true,"valueName":"search_term_string"}}],"inLanguage":"fr-FR"},{"@type":"Organization","@id":"https:\/\/jimgreenfootwear.eu\/#organization","name":"Jim Green Footwear","alternateName":"Jim Green","url":"https:\/\/jimgreenfootwear.eu\/","logo":{"@type":"ImageObject","inLanguage":"fr-FR","@id":"https:\/\/jimgreenfootwear.eu\/#\/schema\/logo\/image\/","url":"https:\/\/jimgreenfootwear.eu\/wp-content\/uploads\/2023\/11\/Jim-Green-4-copy@4x.png","contentUrl":"https:\/\/jimgreenfootwear.eu\/wp-content\/uploads\/2023\/11\/Jim-Green-4-copy@4x.png","width":1940,"height":1940,"caption":"Jim Green Footwear"},"image":{"@id":"https:\/\/jimgreenfootwear.eu\/#\/schema\/logo\/image\/"},"sameAs":["https:\/\/www.facebook.com\/jimgreenfootwear\/","https:\/\/x.com\/jimgreenfw","https:\/\/www.instagram.com\/jimgreenfootwear\/"]}]},"og_availability":"out of stock","product_availability":"out of stock","product_retailer_item_id":"MT02_BUC_OM1","product_condition":"new"},"_links":{"self":[{"href":"https:\/\/jimgreenfootwear.eu\/fr\/wp-json\/wp\/v2\/product\/59702","targetHints":{"allow":["GET"]}}],"collection":[{"href":"https:\/\/jimgreenfootwear.eu\/fr\/wp-json\/wp\/v2\/product"}],"about":[{"href":"https:\/\/jimgreenfootwear.eu\/fr\/wp-json\/wp\/v2\/types\/product"}],"replies":[{"embeddable":true,"href":"https:\/\/jimgreenfootwear.eu\/fr\/wp-json\/wp\/v2\/comments?post=59702"}],"wp:featuredmedia":[{"embeddable":true,"href":"https:\/\/jimgreenfootwear.eu\/fr\/wp-json\/wp\/v2\/media\/59286"}],"wp:attachment":[{"href":"https:\/\/jimgreenfootwear.eu\/fr\/wp-json\/wp\/v2\/media?parent=59702"}],"wp:term":[{"taxonomy":"product_brand","embeddable":true,"href":"https:\/\/jimgreenfootwear.eu\/fr\/wp-json\/wp\/v2\/product_brand?post=59702"},{"taxonomy":"product_cat","embeddable":true,"href":"https:\/\/jimgreenfootwear.eu\/fr\/wp-json\/wp\/v2\/product_cat?post=59702"},{"taxonomy":"product_tag","embeddable":true,"href":"https:\/\/jimgreenfootwear.eu\/fr\/wp-json\/wp\/v2\/product_tag?post=59702"}],"curies":[{"name":"wp","href":"https:\/\/api.w.org\/{rel}","templated":true}]}}