{"id":60446,"date":"2026-02-20T09:27:16","date_gmt":"2026-02-20T07:27:16","guid":{"rendered":"https:\/\/jimgreenfootwear.eu\/?post_type=product&#038;p=60446"},"modified":"2026-02-20T10:10:13","modified_gmt":"2026-02-20T08:10:13","slug":"numzaan-houston-black","status":"publish","type":"product","link":"https:\/\/jimgreenfootwear.eu\/fr\/store\/numzaan-houston-black\/","title":{"rendered":"Numzaan &#8211; Houston Black"},"content":{"rendered":"<div class=\"wpb-content-wrapper\"><p>[vc_row css=&#8221;.vc_custom_padding_settings{padding-right: 15px !important; padding-left: 15px !important; padding-bottom: 20px !important;}&#8221;][vc_column width=&#8221;5\/6&#8243; css=&#8221;.vc_custom_padding_settings{padding-right: 15px !important; padding-left: 15px !important;}&#8221;][vc_column_text css=&#8221;&#8221;]<\/p>\n<h3><span style=\"font-family: nathan-serif; font-size: 24pt;\"><strong>Pr\u00e9sentation du nouveau \u201cChef\u201d de notre gamme \u2013 Le Numzaan.<\/strong><\/span><\/h3>\n<p>[\/vc_column_text][\/vc_column][vc_column width=&#8221;1\/6&#8243;][\/vc_column][\/vc_row][vc_row css=&#8221;.vc_custom_padding_settings{padding-right: 15px !important; padding-left: 15px !important; padding-bottom: 20px !important;}&#8221;][vc_column width=&#8221;1\/2&#8243; css=&#8221;.vc_custom_padding_settings{padding-right: 15px !important; padding-left: 15px !important; padding-bottom: 20px !important;}&#8221;][vc_column_text css=&#8221;&#8221;]<\/p>\n<p data-path-to-node=\"7\"><span style=\"font-family: nathan-serif; font-size: 14pt;\">Nous avons \u00e9t\u00e9 \u00e0 l&#8217;\u00e9coute de nos clients et sommes ravis de vous pr\u00e9senter la bottine Numzaan \u2014 con\u00e7ue avec la touche Jim Green pour une qualit\u00e9 sup\u00e9rieure, un confort optimal et une \u00e9l\u00e9gance adapt\u00e9e \u00e0 chaque occasion.<\/span><\/p>\n<p data-path-to-node=\"8\"><span style=\"font-family: nathan-serif; font-size: 14pt;\">Tirant son nom du mot zoulou \u00ab Numzaan \u00bb, qui signifie chef de famille ou leader, nous pr\u00e9sentons fi\u00e8rement la Numzaan comme le \u00ab Chef \u00bb de notre collection. Inspir\u00e9e par notre mod\u00e8le Baobab, elle d\u00e9gage un esprit &#8220;heritage&#8221;.<\/span><\/p>\n<p data-path-to-node=\"9\"><span style=\"font-family: nathan-serif; font-size: 14pt;\">La Numzaan se distingue par une tige \u00e0 double montage (cuir de 2,2 mm doubl\u00e9 de cuir de veau de 1,2 mm), compl\u00e9t\u00e9e par un v\u00e9ritable bout rapport\u00e9 (toe cap), ce qui porte l&#8217;\u00e9paisseur du cuir \u00e0 plus de 5 mm autour des orteils. Les zones du talon et des orteils sont \u00e9galement renforc\u00e9es par des inserts thermoplastiques pour un maintien accru. L&#8217;ensemble est associ\u00e9 \u00e0 un syst\u00e8me de la\u00e7age montant et une languette \u00e0 soufflet. La d\u00e9coupe unique des garants permet de r\u00e9duire la pression des lacets lors des journ\u00e9es o\u00f9 les bottines n\u00e9cessitent un serrage plus ferme. La forme ASHM offre un look tendance tout en restant adapt\u00e9e aux pieds larges. Et les bonnes nouvelles ne s&#8217;arr\u00eatent pas l\u00e0 : nous sommes all\u00e9s encore plus loin en int\u00e9grant une premi\u00e8re de montage en cuir, une semelle interm\u00e9diaire en cuir et une tr\u00e9pointe en r\u00e9sine (soit un total de plus de 8 mm de cuir) qui se mouleront progressivement \u00e0 la forme de vos pieds. Tout cela repose sur l&#8217;innovante semelle Frog Grip, marquant une nouvelle \u00e9tape dans la gamme Jim Green.<\/span><\/p>\n<p>[\/vc_column_text][\/vc_column][vc_column width=&#8221;1\/2&#8243; el_class=&#8221;features&#8221; css=&#8221;.vc_custom_padding_settings{padding-right: 15px !important; padding-left: 15px !important;}&#8221;][vc_column_text css=&#8221;&#8221;]<\/p>\n<ul>\n<li data-start=\"1694\" data-end=\"1748\"><span style=\"font-family: nathan-serif; font-size: 14pt;\">Con\u00e7ue pour offrir \u00e9l\u00e9gance et confort.<\/span><\/li>\n<li data-start=\"1751\" data-end=\"1863\"><span style=\"font-family: nathan-serif; font-size: 14pt;\">Fabriqu\u00e9e avec une double couche de cuir (2,2 mm de cuir nubuck, doubl\u00e9 de 1,6 mm de veau).<\/span><\/li>\n<li data-start=\"1866\" data-end=\"1959\"><span style=\"font-family: nathan-serif; font-size: 14pt;\">La double couche de cuir am\u00e9liore les propri\u00e9t\u00e9s d\u00e9perlantes de la botte (non imperm\u00e9able).<\/span><\/li>\n<li data-start=\"1962\" data-end=\"2052\"><span style=\"font-family: nathan-serif; font-size: 14pt;\">Un v\u00e9ritable bout en cuir et un kiltie int\u00e9gr\u00e9 renforcent l\u2019esth\u00e9tique et la durabilit\u00e9.<\/span><\/li>\n<li data-start=\"2055\" data-end=\"2201\"><span style=\"font-family: nathan-serif; font-size: 14pt;\">Les zones des orteils, du talon et des \u0153illets sont fabriqu\u00e9es avec une double couche de cuir pleine fleur de 2,2 mm pour une durabilit\u00e9 accrue.<\/span><\/li>\n<li data-start=\"2204\" data-end=\"2292\"><span style=\"font-family: nathan-serif; font-size: 14pt;\">Renforts au talon et \u00e0 la pointe pour plus de r\u00e9sistance, de soutien et de protection.<\/span><\/li>\n<li data-start=\"2295\" data-end=\"2412\"><span style=\"font-family: nathan-serif; font-size: 14pt;\">Une cambrure en acier entre la premi\u00e8re de montage et la semelle offre un soutien et une stabilit\u00e9 suppl\u00e9mentaires.<\/span><\/li>\n<li data-start=\"2415\" data-end=\"2533\"><span style=\"font-family: nathan-serif; font-size: 14pt;\">Premi\u00e8re de montage en cuir, semelle interm\u00e9diaire en cuir et couche de r\u00e9sine pour plus de confort et de long\u00e9vit\u00e9.<\/span><\/li>\n<li data-start=\"2536\" data-end=\"2610\"><span style=\"font-family: nathan-serif; font-size: 14pt;\">Crochets rapides et \u0153illets robustes pour maintenir le pied en s\u00e9curit\u00e9.<\/span><\/li>\n<li data-start=\"2613\" data-end=\"2726\"><span style=\"font-family: nathan-serif; font-size: 14pt;\">La semelle interm\u00e9diaire en cuir est fix\u00e9e \u00e0 la tige avec un cordon en nylon tress\u00e9 de 2,2 mm, cousu en double.<\/span><\/li>\n<li data-start=\"2729\" data-end=\"2826\"><span style=\"font-family: nathan-serif; font-size: 14pt;\">Comme toutes nos chaussures, ce mod\u00e8le peut \u00eatre ressemel\u00e9es gr\u00e2ce \u00e0 sa construction double stitch down.<\/span><\/li>\n<li data-start=\"2829\" data-end=\"2907\"><span style=\"font-family: nathan-serif; font-size: 14pt;\"><strong><span style=\"text-decoration: underline;\">Forme ASHM<\/span><\/strong>\u00a0\u2013 Cette forme offre une apparence \u00e9l\u00e9gante et affin\u00e9e tout en proposant un chaussant \u00e9tonnamment spacieux. Elle pr\u00e9sente une largeur D g\u00e9n\u00e9reuse, plus confortable qu&#8217;un &#8216;D&#8217; standard, compl\u00e9t\u00e9e par un bout l\u00e9g\u00e8rement effil\u00e9.<\/span><\/li>\n<li data-start=\"2910\" data-end=\"3099\"><span style=\"font-family: nathan-serif; font-size: 14pt;\"><strong><span style=\"text-decoration: underline;\">Semelle : Frog Grip<\/span><\/strong>\u00a0<\/span><\/li>\n<li data-start=\"3102\" data-end=\"3136\"><span style=\"font-family: nathan-serif; font-size: 14pt;\">Poids : 1,64 kg (pointure 08).<\/span><\/li>\n<li data-start=\"3139\" data-end=\"3155\"><span style=\"font-family: nathan-serif; font-size: 14pt;\">Lacets : 150 cm.<\/span><\/li>\n<li data-start=\"3139\" data-end=\"3155\"><span style=\"font-family: nathan-serif; font-size: 14pt;\">Fabriqu\u00e9 en Afrique du Sud.<\/span><\/li>\n<\/ul>\n<p>[\/vc_column_text][\/vc_column][\/vc_row]<\/p>\n<\/div>","protected":false},"excerpt":{"rendered":"<p>[vc_row css=&#8221;.vc_custom_padding_settings{padding-right: 15px !important; padding-left: 15px !important; padding-bottom: 20px !important;}&#8221;][vc_column width=&#8221;5\/6&#8243; css=&#8221;.vc_custom_padding_settings{padding-right: 15px !important; padding-left: 15px !important;}&#8221;][vc_column_text css=&#8221;&#8221;] Pr\u00e9sentation du nouveau \u201cChef\u201d de notre gamme \u2013 Le Numzaan. [\/vc_column_text][\/vc_column][vc_column width=&#8221;1\/6&#8243;][\/vc_column][\/vc_row][vc_row css=&#8221;.vc_custom_padding_settings{padding-right: 15px !important; padding-left: 15px !important; padding-bottom: 20px !important;}&#8221;][vc_column width=&#8221;1\/2&#8243; css=&#8221;.vc_custom_padding_settings{padding-right: 15px !important; padding-left: 15px !important; padding-bottom: 20px !important;}&#8221;][vc_column_text css=&#8221;&#8221;] Nous avons \u00e9t\u00e9 \u00e0 l&#8217;\u00e9coute [&hellip;]<\/p>\n","protected":false},"featured_media":60493,"comment_status":"open","ping_status":"closed","template":"","meta":{"_acf_changed":false},"product_brand":[],"product_cat":[745,394,352,334],"product_tag":[],"class_list":{"0":"post-60446","1":"product","2":"type-product","3":"status-publish","4":"has-post-thumbnail","6":"product_cat-150cm-laces-fr","7":"product_cat-numzaan-fr","8":"product_cat-premium-fr","9":"product_cat-all-fr","10":"product_shipping_class-boots","11":"tm-has-options","13":"first","14":"outofstock","15":"taxable","16":"shipping-taxable","17":"purchasable","18":"product-type-variable"},"group_of_quantity":0,"min_quantity":0,"max_quantity":"","exclude_order_quantity_value_rules":"no","exclude_category_quantity_rules":"no","combine_variations":"no","acf":[],"yoast_head":"<!-- This site is optimized with the Yoast SEO plugin v27.3 - https:\/\/yoast.com\/product\/yoast-seo-wordpress\/ -->\n<title>Numzaan - Houston Black - Jim Green<\/title>\n<meta name=\"robots\" content=\"index, follow, max-snippet:-1, max-image-preview:large, max-video-preview:-1\" \/>\n<link rel=\"canonical\" href=\"https:\/\/jimgreenfootwear.eu\/fr\/store\/numzaan-houston-black\/\" \/>\n<meta property=\"og:locale\" content=\"fr_FR\" \/>\n<meta property=\"og:type\" content=\"article\" \/>\n<meta property=\"og:title\" content=\"Numzaan - Houston Black - Jim Green\" \/>\n<meta property=\"og:description\" content=\"[vc_row css=&#8221;.vc_custom_padding_settings{padding-right: 15px !important; padding-left: 15px !important; padding-bottom: 20px !important;}&#8221;][vc_column width=&#8221;5\/6&#8243; css=&#8221;.vc_custom_padding_settings{padding-right: 15px !important; padding-left: 15px !important;}&#8221;][vc_column_text css=&#8221;&#8221;] Pr\u00e9sentation du nouveau \u201cChef\u201d de notre gamme \u2013 Le Numzaan. [\/vc_column_text][\/vc_column][vc_column width=&#8221;1\/6&#8243;][\/vc_column][\/vc_row][vc_row css=&#8221;.vc_custom_padding_settings{padding-right: 15px !important; padding-left: 15px !important; padding-bottom: 20px !important;}&#8221;][vc_column width=&#8221;1\/2&#8243; css=&#8221;.vc_custom_padding_settings{padding-right: 15px !important; padding-left: 15px !important; padding-bottom: 20px !important;}&#8221;][vc_column_text css=&#8221;&#8221;] Nous avons \u00e9t\u00e9 \u00e0 l&#8217;\u00e9coute [&hellip;]\" \/>\n<meta property=\"og:url\" content=\"https:\/\/jimgreenfootwear.eu\/fr\/store\/numzaan-houston-black\/\" \/>\n<meta property=\"og:site_name\" content=\"Jim Green\" \/>\n<meta property=\"article:publisher\" content=\"https:\/\/www.facebook.com\/jimgreenfootwear\/\" \/>\n<meta property=\"article:modified_time\" content=\"2026-02-20T08:10:13+00:00\" \/>\n<meta property=\"og:image\" content=\"https:\/\/jimgreenfootwear.eu\/wp-content\/uploads\/2026\/02\/AM31_HOA_01_11-570x570-1.jpg\" \/>\n\t<meta property=\"og:image:width\" content=\"570\" \/>\n\t<meta property=\"og:image:height\" content=\"570\" \/>\n\t<meta property=\"og:image:type\" content=\"image\/jpeg\" \/>\n<meta name=\"twitter:card\" content=\"summary_large_image\" \/>\n<meta name=\"twitter:site\" content=\"@jimgreenfw\" \/>\n<meta name=\"twitter:label1\" content=\"Disponibilit\u00e9\" \/>\n\t<meta name=\"twitter:data1\" content=\"Rupture de stock\" \/>\n<script type=\"application\/ld+json\" class=\"yoast-schema-graph\">{\"@context\":\"https:\\\/\\\/schema.org\",\"@graph\":[{\"@type\":\"WebPage\",\"@id\":\"https:\\\/\\\/jimgreenfootwear.eu\\\/fr\\\/store\\\/numzaan-houston-black\\\/\",\"url\":\"https:\\\/\\\/jimgreenfootwear.eu\\\/fr\\\/store\\\/numzaan-houston-black\\\/\",\"name\":\"Numzaan - Houston Black - Jim Green\",\"isPartOf\":{\"@id\":\"https:\\\/\\\/jimgreenfootwear.eu\\\/#website\"},\"primaryImageOfPage\":{\"@id\":\"https:\\\/\\\/jimgreenfootwear.eu\\\/fr\\\/store\\\/numzaan-houston-black\\\/#primaryimage\"},\"image\":{\"@id\":\"https:\\\/\\\/jimgreenfootwear.eu\\\/fr\\\/store\\\/numzaan-houston-black\\\/#primaryimage\"},\"thumbnailUrl\":\"https:\\\/\\\/jimgreenfootwear.eu\\\/wp-content\\\/uploads\\\/2026\\\/02\\\/AM31_HOA_01_11-570x570-1.jpg\",\"datePublished\":\"2026-02-20T07:27:16+00:00\",\"dateModified\":\"2026-02-20T08:10:13+00:00\",\"breadcrumb\":{\"@id\":\"https:\\\/\\\/jimgreenfootwear.eu\\\/fr\\\/store\\\/numzaan-houston-black\\\/#breadcrumb\"},\"inLanguage\":\"fr-FR\",\"potentialAction\":[{\"@type\":\"ReadAction\",\"target\":[\"https:\\\/\\\/jimgreenfootwear.eu\\\/fr\\\/store\\\/numzaan-houston-black\\\/\"]}]},{\"@type\":\"ImageObject\",\"inLanguage\":\"fr-FR\",\"@id\":\"https:\\\/\\\/jimgreenfootwear.eu\\\/fr\\\/store\\\/numzaan-houston-black\\\/#primaryimage\",\"url\":\"https:\\\/\\\/jimgreenfootwear.eu\\\/wp-content\\\/uploads\\\/2026\\\/02\\\/AM31_HOA_01_11-570x570-1.jpg\",\"contentUrl\":\"https:\\\/\\\/jimgreenfootwear.eu\\\/wp-content\\\/uploads\\\/2026\\\/02\\\/AM31_HOA_01_11-570x570-1.jpg\",\"width\":570,\"height\":570},{\"@type\":\"BreadcrumbList\",\"@id\":\"https:\\\/\\\/jimgreenfootwear.eu\\\/fr\\\/store\\\/numzaan-houston-black\\\/#breadcrumb\",\"itemListElement\":[{\"@type\":\"ListItem\",\"position\":1,\"name\":\"Home\",\"item\":\"https:\\\/\\\/jimgreenfootwear.eu\\\/fr\\\/\"},{\"@type\":\"ListItem\",\"position\":2,\"name\":\"Boutique\",\"item\":\"https:\\\/\\\/jimgreenfootwear.eu\\\/fr\\\/boutique\\\/\"},{\"@type\":\"ListItem\",\"position\":3,\"name\":\"Numzaan &#8211; Houston Black\"}]},{\"@type\":\"WebSite\",\"@id\":\"https:\\\/\\\/jimgreenfootwear.eu\\\/#website\",\"url\":\"https:\\\/\\\/jimgreenfootwear.eu\\\/\",\"name\":\"Jim Green\",\"description\":\"Footwear EU - Quality Hiking &amp; Safety Boots\",\"publisher\":{\"@id\":\"https:\\\/\\\/jimgreenfootwear.eu\\\/#organization\"},\"potentialAction\":[{\"@type\":\"SearchAction\",\"target\":{\"@type\":\"EntryPoint\",\"urlTemplate\":\"https:\\\/\\\/jimgreenfootwear.eu\\\/?s={search_term_string}\"},\"query-input\":{\"@type\":\"PropertyValueSpecification\",\"valueRequired\":true,\"valueName\":\"search_term_string\"}}],\"inLanguage\":\"fr-FR\"},{\"@type\":\"Organization\",\"@id\":\"https:\\\/\\\/jimgreenfootwear.eu\\\/#organization\",\"name\":\"Jim Green Footwear\",\"alternateName\":\"Jim Green\",\"url\":\"https:\\\/\\\/jimgreenfootwear.eu\\\/\",\"logo\":{\"@type\":\"ImageObject\",\"inLanguage\":\"fr-FR\",\"@id\":\"https:\\\/\\\/jimgreenfootwear.eu\\\/#\\\/schema\\\/logo\\\/image\\\/\",\"url\":\"https:\\\/\\\/jimgreenfootwear.eu\\\/wp-content\\\/uploads\\\/2023\\\/11\\\/Jim-Green-4-copy@4x.png\",\"contentUrl\":\"https:\\\/\\\/jimgreenfootwear.eu\\\/wp-content\\\/uploads\\\/2023\\\/11\\\/Jim-Green-4-copy@4x.png\",\"width\":1940,\"height\":1940,\"caption\":\"Jim Green Footwear\"},\"image\":{\"@id\":\"https:\\\/\\\/jimgreenfootwear.eu\\\/#\\\/schema\\\/logo\\\/image\\\/\"},\"sameAs\":[\"https:\\\/\\\/www.facebook.com\\\/jimgreenfootwear\\\/\",\"https:\\\/\\\/x.com\\\/jimgreenfw\",\"https:\\\/\\\/www.instagram.com\\\/jimgreenfootwear\\\/\"]}]}<\/script>\n<meta property=\"og:availability\" content=\"out of stock\" \/>\n<meta property=\"product:availability\" content=\"out of stock\" \/>\n<meta property=\"product:retailer_item_id\" content=\"AM31_HOA_FG\" \/>\n<meta property=\"product:condition\" content=\"new\" \/>\n<!-- \/ Yoast SEO plugin. -->","yoast_head_json":{"title":"Numzaan - Houston Black - Jim Green","robots":{"index":"index","follow":"follow","max-snippet":"max-snippet:-1","max-image-preview":"max-image-preview:large","max-video-preview":"max-video-preview:-1"},"canonical":"https:\/\/jimgreenfootwear.eu\/fr\/store\/numzaan-houston-black\/","og_locale":"fr_FR","og_type":"article","og_title":"Numzaan - Houston Black - Jim Green","og_description":"[vc_row css=&#8221;.vc_custom_padding_settings{padding-right: 15px !important; padding-left: 15px !important; padding-bottom: 20px !important;}&#8221;][vc_column width=&#8221;5\/6&#8243; css=&#8221;.vc_custom_padding_settings{padding-right: 15px !important; padding-left: 15px !important;}&#8221;][vc_column_text css=&#8221;&#8221;] Pr\u00e9sentation du nouveau \u201cChef\u201d de notre gamme \u2013 Le Numzaan. [\/vc_column_text][\/vc_column][vc_column width=&#8221;1\/6&#8243;][\/vc_column][\/vc_row][vc_row css=&#8221;.vc_custom_padding_settings{padding-right: 15px !important; padding-left: 15px !important; padding-bottom: 20px !important;}&#8221;][vc_column width=&#8221;1\/2&#8243; css=&#8221;.vc_custom_padding_settings{padding-right: 15px !important; padding-left: 15px !important; padding-bottom: 20px !important;}&#8221;][vc_column_text css=&#8221;&#8221;] Nous avons \u00e9t\u00e9 \u00e0 l&#8217;\u00e9coute [&hellip;]","og_url":"https:\/\/jimgreenfootwear.eu\/fr\/store\/numzaan-houston-black\/","og_site_name":"Jim Green","article_publisher":"https:\/\/www.facebook.com\/jimgreenfootwear\/","article_modified_time":"2026-02-20T08:10:13+00:00","og_image":[{"width":570,"height":570,"url":"https:\/\/jimgreenfootwear.eu\/wp-content\/uploads\/2026\/02\/AM31_HOA_01_11-570x570-1.jpg","type":"image\/jpeg"}],"twitter_card":"summary_large_image","twitter_site":"@jimgreenfw","twitter_misc":{"Disponibilit\u00e9":"Rupture de stock"},"schema":{"@context":"https:\/\/schema.org","@graph":[{"@type":"WebPage","@id":"https:\/\/jimgreenfootwear.eu\/fr\/store\/numzaan-houston-black\/","url":"https:\/\/jimgreenfootwear.eu\/fr\/store\/numzaan-houston-black\/","name":"Numzaan - Houston Black - Jim Green","isPartOf":{"@id":"https:\/\/jimgreenfootwear.eu\/#website"},"primaryImageOfPage":{"@id":"https:\/\/jimgreenfootwear.eu\/fr\/store\/numzaan-houston-black\/#primaryimage"},"image":{"@id":"https:\/\/jimgreenfootwear.eu\/fr\/store\/numzaan-houston-black\/#primaryimage"},"thumbnailUrl":"https:\/\/jimgreenfootwear.eu\/wp-content\/uploads\/2026\/02\/AM31_HOA_01_11-570x570-1.jpg","datePublished":"2026-02-20T07:27:16+00:00","dateModified":"2026-02-20T08:10:13+00:00","breadcrumb":{"@id":"https:\/\/jimgreenfootwear.eu\/fr\/store\/numzaan-houston-black\/#breadcrumb"},"inLanguage":"fr-FR","potentialAction":[{"@type":"ReadAction","target":["https:\/\/jimgreenfootwear.eu\/fr\/store\/numzaan-houston-black\/"]}]},{"@type":"ImageObject","inLanguage":"fr-FR","@id":"https:\/\/jimgreenfootwear.eu\/fr\/store\/numzaan-houston-black\/#primaryimage","url":"https:\/\/jimgreenfootwear.eu\/wp-content\/uploads\/2026\/02\/AM31_HOA_01_11-570x570-1.jpg","contentUrl":"https:\/\/jimgreenfootwear.eu\/wp-content\/uploads\/2026\/02\/AM31_HOA_01_11-570x570-1.jpg","width":570,"height":570},{"@type":"BreadcrumbList","@id":"https:\/\/jimgreenfootwear.eu\/fr\/store\/numzaan-houston-black\/#breadcrumb","itemListElement":[{"@type":"ListItem","position":1,"name":"Home","item":"https:\/\/jimgreenfootwear.eu\/fr\/"},{"@type":"ListItem","position":2,"name":"Boutique","item":"https:\/\/jimgreenfootwear.eu\/fr\/boutique\/"},{"@type":"ListItem","position":3,"name":"Numzaan &#8211; Houston Black"}]},{"@type":"WebSite","@id":"https:\/\/jimgreenfootwear.eu\/#website","url":"https:\/\/jimgreenfootwear.eu\/","name":"Jim Green","description":"Footwear EU - Quality Hiking &amp; Safety Boots","publisher":{"@id":"https:\/\/jimgreenfootwear.eu\/#organization"},"potentialAction":[{"@type":"SearchAction","target":{"@type":"EntryPoint","urlTemplate":"https:\/\/jimgreenfootwear.eu\/?s={search_term_string}"},"query-input":{"@type":"PropertyValueSpecification","valueRequired":true,"valueName":"search_term_string"}}],"inLanguage":"fr-FR"},{"@type":"Organization","@id":"https:\/\/jimgreenfootwear.eu\/#organization","name":"Jim Green Footwear","alternateName":"Jim Green","url":"https:\/\/jimgreenfootwear.eu\/","logo":{"@type":"ImageObject","inLanguage":"fr-FR","@id":"https:\/\/jimgreenfootwear.eu\/#\/schema\/logo\/image\/","url":"https:\/\/jimgreenfootwear.eu\/wp-content\/uploads\/2023\/11\/Jim-Green-4-copy@4x.png","contentUrl":"https:\/\/jimgreenfootwear.eu\/wp-content\/uploads\/2023\/11\/Jim-Green-4-copy@4x.png","width":1940,"height":1940,"caption":"Jim Green Footwear"},"image":{"@id":"https:\/\/jimgreenfootwear.eu\/#\/schema\/logo\/image\/"},"sameAs":["https:\/\/www.facebook.com\/jimgreenfootwear\/","https:\/\/x.com\/jimgreenfw","https:\/\/www.instagram.com\/jimgreenfootwear\/"]}]},"og_availability":"out of stock","product_availability":"out of stock","product_retailer_item_id":"AM31_HOA_FG","product_condition":"new"},"_links":{"self":[{"href":"https:\/\/jimgreenfootwear.eu\/fr\/wp-json\/wp\/v2\/product\/60446","targetHints":{"allow":["GET"]}}],"collection":[{"href":"https:\/\/jimgreenfootwear.eu\/fr\/wp-json\/wp\/v2\/product"}],"about":[{"href":"https:\/\/jimgreenfootwear.eu\/fr\/wp-json\/wp\/v2\/types\/product"}],"replies":[{"embeddable":true,"href":"https:\/\/jimgreenfootwear.eu\/fr\/wp-json\/wp\/v2\/comments?post=60446"}],"wp:featuredmedia":[{"embeddable":true,"href":"https:\/\/jimgreenfootwear.eu\/fr\/wp-json\/wp\/v2\/media\/60493"}],"wp:attachment":[{"href":"https:\/\/jimgreenfootwear.eu\/fr\/wp-json\/wp\/v2\/media?parent=60446"}],"wp:term":[{"taxonomy":"product_brand","embeddable":true,"href":"https:\/\/jimgreenfootwear.eu\/fr\/wp-json\/wp\/v2\/product_brand?post=60446"},{"taxonomy":"product_cat","embeddable":true,"href":"https:\/\/jimgreenfootwear.eu\/fr\/wp-json\/wp\/v2\/product_cat?post=60446"},{"taxonomy":"product_tag","embeddable":true,"href":"https:\/\/jimgreenfootwear.eu\/fr\/wp-json\/wp\/v2\/product_tag?post=60446"}],"curies":[{"name":"wp","href":"https:\/\/api.w.org\/{rel}","templated":true}]}}