{"id":60684,"date":"2026-03-10T17:19:42","date_gmt":"2026-03-10T15:19:42","guid":{"rendered":"https:\/\/jimgreenfootwear.eu\/?post_type=product&#038;p=60684"},"modified":"2026-04-14T15:48:30","modified_gmt":"2026-04-14T13:48:30","slug":"semelle-interieure-doublee-en-cuir-forme-jg-stc-copy","status":"publish","type":"product","link":"https:\/\/jimgreenfootwear.eu\/fr\/store\/semelle-interieure-doublee-en-cuir-forme-jg-stc-copy\/","title":{"rendered":"Semelle int\u00e9rieure doubl\u00e9e en cuir \u2013 forme ASHM"},"content":{"rendered":"<div class=\"wpb-content-wrapper\"><p>[vc_row][vc_column][vc_column_text css=&#8221;&#8221;][\/vc_column_text][\/vc_column][\/vc_row]<\/p>\n<\/div>","protected":false},"excerpt":{"rendered":"<p><span style=\"font-family: nathan-serif; font-size: 12pt;\">Semelle int\u00e9rieure doubl\u00e9e en cuir avec un rembourrage souple en PU.\u00a0<\/span><\/p>\n<p data-path-to-node=\"7,1\"><span style=\"font-family: nathan-serif; font-size: 12pt;\">Sp\u00e9cialement con\u00e7u pour notre forme ASHM, offrant une largeur \u00ab D \u00bb standard et g\u00e9n\u00e9reuse selon le syst\u00e8me Brannock. Ce profil assure un ajustement optimal pour tous les mod\u00e8les de bottes fabriqu\u00e9s sur la forme ASHM.<\/span><\/p>\n<ul>\n<li><span style=\"font-family: nathan-serif; font-size: 12pt;\">Numzaan (selon la variante du mod\u00e8le)<\/span><\/li>\n<li><span style=\"font-family: nathan-serif; font-size: 12pt;\">719<\/span><\/li>\n<li><span style=\"font-size: 12pt; font-family: nathan-serif;\">Shoellie<\/span><\/li>\n<li><span style=\"font-family: nathan-serif; font-size: 12pt;\">Baobab<\/span><\/li>\n<\/ul>\n<h4><span style=\"color: #c20000; font-family: nathan-serif; font-size: 14pt;\"><strong>New stock expected by late May 2026<\/strong><\/span><\/h4>\n","protected":false},"featured_media":47402,"comment_status":"open","ping_status":"closed","template":"","meta":{"_acf_changed":false},"product_brand":[],"product_cat":[321,406,520,324],"product_tag":[],"class_list":{"0":"post-60684","1":"product","2":"type-product","3":"status-publish","4":"has-post-thumbnail","6":"product_cat-accessories-fr","7":"product_cat-checkout-page-fr","8":"product_cat-live-fr","9":"product_cat-add-ons-fr","10":"product_shipping_class-two","11":"tm-no-options","13":"first","14":"instock","15":"taxable","16":"shipping-taxable","17":"purchasable","18":"product-type-variable"},"group_of_quantity":0,"min_quantity":0,"max_quantity":"","exclude_order_quantity_value_rules":"no","exclude_category_quantity_rules":"no","combine_variations":"no","acf":[],"yoast_head":"<!-- This site is optimized with the Yoast SEO plugin v27.4 - https:\/\/yoast.com\/product\/yoast-seo-wordpress\/ -->\n<title>Semelle int\u00e9rieure doubl\u00e9e en cuir \u2013 forme ASHM - Jim Green<\/title>\n<meta name=\"robots\" content=\"index, follow, max-snippet:-1, max-image-preview:large, max-video-preview:-1\" \/>\n<link rel=\"canonical\" href=\"https:\/\/jimgreenfootwear.eu\/fr\/store\/semelle-interieure-doublee-en-cuir-forme-jg-stc-copy\/\" \/>\n<meta property=\"og:locale\" content=\"fr_FR\" \/>\n<meta property=\"og:type\" content=\"article\" \/>\n<meta property=\"og:title\" content=\"Semelle int\u00e9rieure doubl\u00e9e en cuir \u2013 forme ASHM - Jim Green\" \/>\n<meta property=\"og:description\" content=\"Semelle int\u00e9rieure doubl\u00e9e en cuir avec un rembourrage souple en PU.\u00a0 Sp\u00e9cialement con\u00e7u pour notre forme ASHM, offrant une largeur \u00ab D \u00bb standard et g\u00e9n\u00e9reuse selon le syst\u00e8me Brannock. Ce profil assure un ajustement optimal pour tous les mod\u00e8les de bottes fabriqu\u00e9s sur la forme ASHM.    Numzaan (selon la variante du mod\u00e8le)  719  Shoellie  Baobab  New stock expected by late May 2026\" \/>\n<meta property=\"og:url\" content=\"https:\/\/jimgreenfootwear.eu\/fr\/store\/semelle-interieure-doublee-en-cuir-forme-jg-stc-copy\/\" \/>\n<meta property=\"og:site_name\" content=\"Jim Green\" \/>\n<meta property=\"article:publisher\" content=\"https:\/\/www.facebook.com\/jimgreenfootwear\/\" \/>\n<meta property=\"article:modified_time\" content=\"2026-04-14T13:48:30+00:00\" \/>\n<meta property=\"og:image\" content=\"https:\/\/jimgreenfootwear.eu\/wp-content\/uploads\/2022\/01\/JIM-GREEN-INSOLE_2_high-res.jpg\" \/>\n\t<meta property=\"og:image:width\" content=\"1600\" \/>\n\t<meta property=\"og:image:height\" content=\"1600\" \/>\n\t<meta property=\"og:image:type\" content=\"image\/jpeg\" \/>\n<meta name=\"twitter:card\" content=\"summary_large_image\" \/>\n<meta name=\"twitter:site\" content=\"@jimgreenfw\" \/>\n<meta name=\"twitter:label1\" content=\"Disponibilit\u00e9\" \/>\n\t<meta name=\"twitter:data1\" content=\"En stock\" \/>\n<script type=\"application\/ld+json\" class=\"yoast-schema-graph\">{\"@context\":\"https:\\\/\\\/schema.org\",\"@graph\":[{\"@type\":\"WebPage\",\"@id\":\"https:\\\/\\\/jimgreenfootwear.eu\\\/fr\\\/store\\\/semelle-interieure-doublee-en-cuir-forme-jg-stc-copy\\\/\",\"url\":\"https:\\\/\\\/jimgreenfootwear.eu\\\/fr\\\/store\\\/semelle-interieure-doublee-en-cuir-forme-jg-stc-copy\\\/\",\"name\":\"Semelle int\u00e9rieure doubl\u00e9e en cuir \u2013 forme ASHM - Jim Green\",\"isPartOf\":{\"@id\":\"https:\\\/\\\/jimgreenfootwear.eu\\\/#website\"},\"primaryImageOfPage\":{\"@id\":\"https:\\\/\\\/jimgreenfootwear.eu\\\/fr\\\/store\\\/semelle-interieure-doublee-en-cuir-forme-jg-stc-copy\\\/#primaryimage\"},\"image\":{\"@id\":\"https:\\\/\\\/jimgreenfootwear.eu\\\/fr\\\/store\\\/semelle-interieure-doublee-en-cuir-forme-jg-stc-copy\\\/#primaryimage\"},\"thumbnailUrl\":\"https:\\\/\\\/jimgreenfootwear.eu\\\/wp-content\\\/uploads\\\/2022\\\/01\\\/JIM-GREEN-INSOLE_2_high-res.jpg\",\"datePublished\":\"2026-03-10T15:19:42+00:00\",\"dateModified\":\"2026-04-14T13:48:30+00:00\",\"breadcrumb\":{\"@id\":\"https:\\\/\\\/jimgreenfootwear.eu\\\/fr\\\/store\\\/semelle-interieure-doublee-en-cuir-forme-jg-stc-copy\\\/#breadcrumb\"},\"inLanguage\":\"fr-FR\",\"potentialAction\":[{\"@type\":\"ReadAction\",\"target\":[\"https:\\\/\\\/jimgreenfootwear.eu\\\/fr\\\/store\\\/semelle-interieure-doublee-en-cuir-forme-jg-stc-copy\\\/\"]}]},{\"@type\":\"ImageObject\",\"inLanguage\":\"fr-FR\",\"@id\":\"https:\\\/\\\/jimgreenfootwear.eu\\\/fr\\\/store\\\/semelle-interieure-doublee-en-cuir-forme-jg-stc-copy\\\/#primaryimage\",\"url\":\"https:\\\/\\\/jimgreenfootwear.eu\\\/wp-content\\\/uploads\\\/2022\\\/01\\\/JIM-GREEN-INSOLE_2_high-res.jpg\",\"contentUrl\":\"https:\\\/\\\/jimgreenfootwear.eu\\\/wp-content\\\/uploads\\\/2022\\\/01\\\/JIM-GREEN-INSOLE_2_high-res.jpg\",\"width\":1600,\"height\":1600},{\"@type\":\"BreadcrumbList\",\"@id\":\"https:\\\/\\\/jimgreenfootwear.eu\\\/fr\\\/store\\\/semelle-interieure-doublee-en-cuir-forme-jg-stc-copy\\\/#breadcrumb\",\"itemListElement\":[{\"@type\":\"ListItem\",\"position\":1,\"name\":\"Home\",\"item\":\"https:\\\/\\\/jimgreenfootwear.eu\\\/fr\\\/\"},{\"@type\":\"ListItem\",\"position\":2,\"name\":\"Boutique\",\"item\":\"https:\\\/\\\/jimgreenfootwear.eu\\\/fr\\\/boutique\\\/\"},{\"@type\":\"ListItem\",\"position\":3,\"name\":\"Semelle int\u00e9rieure doubl\u00e9e en cuir \u2013 forme ASHM\"}]},{\"@type\":\"WebSite\",\"@id\":\"https:\\\/\\\/jimgreenfootwear.eu\\\/#website\",\"url\":\"https:\\\/\\\/jimgreenfootwear.eu\\\/\",\"name\":\"Jim Green\",\"description\":\"Footwear EU - Quality Hiking &amp; Safety Boots\",\"publisher\":{\"@id\":\"https:\\\/\\\/jimgreenfootwear.eu\\\/#organization\"},\"potentialAction\":[{\"@type\":\"SearchAction\",\"target\":{\"@type\":\"EntryPoint\",\"urlTemplate\":\"https:\\\/\\\/jimgreenfootwear.eu\\\/?s={search_term_string}\"},\"query-input\":{\"@type\":\"PropertyValueSpecification\",\"valueRequired\":true,\"valueName\":\"search_term_string\"}}],\"inLanguage\":\"fr-FR\"},{\"@type\":\"Organization\",\"@id\":\"https:\\\/\\\/jimgreenfootwear.eu\\\/#organization\",\"name\":\"Jim Green Footwear\",\"alternateName\":\"Jim Green\",\"url\":\"https:\\\/\\\/jimgreenfootwear.eu\\\/\",\"logo\":{\"@type\":\"ImageObject\",\"inLanguage\":\"fr-FR\",\"@id\":\"https:\\\/\\\/jimgreenfootwear.eu\\\/#\\\/schema\\\/logo\\\/image\\\/\",\"url\":\"https:\\\/\\\/jimgreenfootwear.eu\\\/wp-content\\\/uploads\\\/2023\\\/11\\\/Jim-Green-4-copy@4x.png\",\"contentUrl\":\"https:\\\/\\\/jimgreenfootwear.eu\\\/wp-content\\\/uploads\\\/2023\\\/11\\\/Jim-Green-4-copy@4x.png\",\"width\":1940,\"height\":1940,\"caption\":\"Jim Green Footwear\"},\"image\":{\"@id\":\"https:\\\/\\\/jimgreenfootwear.eu\\\/#\\\/schema\\\/logo\\\/image\\\/\"},\"sameAs\":[\"https:\\\/\\\/www.facebook.com\\\/jimgreenfootwear\\\/\",\"https:\\\/\\\/x.com\\\/jimgreenfw\",\"https:\\\/\\\/www.instagram.com\\\/jimgreenfootwear\\\/\"]}]}<\/script>\n<meta property=\"og:availability\" content=\"instock\" \/>\n<meta property=\"product:availability\" content=\"instock\" \/>\n<meta property=\"product:retailer_item_id\" content=\"LFBASH_NAT_JG\" \/>\n<meta property=\"product:condition\" content=\"new\" \/>\n<!-- \/ Yoast SEO plugin. -->","yoast_head_json":{"title":"Semelle int\u00e9rieure doubl\u00e9e en cuir \u2013 forme ASHM - Jim Green","robots":{"index":"index","follow":"follow","max-snippet":"max-snippet:-1","max-image-preview":"max-image-preview:large","max-video-preview":"max-video-preview:-1"},"canonical":"https:\/\/jimgreenfootwear.eu\/fr\/store\/semelle-interieure-doublee-en-cuir-forme-jg-stc-copy\/","og_locale":"fr_FR","og_type":"article","og_title":"Semelle int\u00e9rieure doubl\u00e9e en cuir \u2013 forme ASHM - Jim Green","og_description":"Semelle int\u00e9rieure doubl\u00e9e en cuir avec un rembourrage souple en PU.\u00a0 Sp\u00e9cialement con\u00e7u pour notre forme ASHM, offrant une largeur \u00ab D \u00bb standard et g\u00e9n\u00e9reuse selon le syst\u00e8me Brannock. Ce profil assure un ajustement optimal pour tous les mod\u00e8les de bottes fabriqu\u00e9s sur la forme ASHM.    Numzaan (selon la variante du mod\u00e8le)  719  Shoellie  Baobab  New stock expected by late May 2026","og_url":"https:\/\/jimgreenfootwear.eu\/fr\/store\/semelle-interieure-doublee-en-cuir-forme-jg-stc-copy\/","og_site_name":"Jim Green","article_publisher":"https:\/\/www.facebook.com\/jimgreenfootwear\/","article_modified_time":"2026-04-14T13:48:30+00:00","og_image":[{"width":1600,"height":1600,"url":"https:\/\/jimgreenfootwear.eu\/wp-content\/uploads\/2022\/01\/JIM-GREEN-INSOLE_2_high-res.jpg","type":"image\/jpeg"}],"twitter_card":"summary_large_image","twitter_site":"@jimgreenfw","twitter_misc":{"Disponibilit\u00e9":"En stock"},"schema":{"@context":"https:\/\/schema.org","@graph":[{"@type":"WebPage","@id":"https:\/\/jimgreenfootwear.eu\/fr\/store\/semelle-interieure-doublee-en-cuir-forme-jg-stc-copy\/","url":"https:\/\/jimgreenfootwear.eu\/fr\/store\/semelle-interieure-doublee-en-cuir-forme-jg-stc-copy\/","name":"Semelle int\u00e9rieure doubl\u00e9e en cuir \u2013 forme ASHM - Jim Green","isPartOf":{"@id":"https:\/\/jimgreenfootwear.eu\/#website"},"primaryImageOfPage":{"@id":"https:\/\/jimgreenfootwear.eu\/fr\/store\/semelle-interieure-doublee-en-cuir-forme-jg-stc-copy\/#primaryimage"},"image":{"@id":"https:\/\/jimgreenfootwear.eu\/fr\/store\/semelle-interieure-doublee-en-cuir-forme-jg-stc-copy\/#primaryimage"},"thumbnailUrl":"https:\/\/jimgreenfootwear.eu\/wp-content\/uploads\/2022\/01\/JIM-GREEN-INSOLE_2_high-res.jpg","datePublished":"2026-03-10T15:19:42+00:00","dateModified":"2026-04-14T13:48:30+00:00","breadcrumb":{"@id":"https:\/\/jimgreenfootwear.eu\/fr\/store\/semelle-interieure-doublee-en-cuir-forme-jg-stc-copy\/#breadcrumb"},"inLanguage":"fr-FR","potentialAction":[{"@type":"ReadAction","target":["https:\/\/jimgreenfootwear.eu\/fr\/store\/semelle-interieure-doublee-en-cuir-forme-jg-stc-copy\/"]}]},{"@type":"ImageObject","inLanguage":"fr-FR","@id":"https:\/\/jimgreenfootwear.eu\/fr\/store\/semelle-interieure-doublee-en-cuir-forme-jg-stc-copy\/#primaryimage","url":"https:\/\/jimgreenfootwear.eu\/wp-content\/uploads\/2022\/01\/JIM-GREEN-INSOLE_2_high-res.jpg","contentUrl":"https:\/\/jimgreenfootwear.eu\/wp-content\/uploads\/2022\/01\/JIM-GREEN-INSOLE_2_high-res.jpg","width":1600,"height":1600},{"@type":"BreadcrumbList","@id":"https:\/\/jimgreenfootwear.eu\/fr\/store\/semelle-interieure-doublee-en-cuir-forme-jg-stc-copy\/#breadcrumb","itemListElement":[{"@type":"ListItem","position":1,"name":"Home","item":"https:\/\/jimgreenfootwear.eu\/fr\/"},{"@type":"ListItem","position":2,"name":"Boutique","item":"https:\/\/jimgreenfootwear.eu\/fr\/boutique\/"},{"@type":"ListItem","position":3,"name":"Semelle int\u00e9rieure doubl\u00e9e en cuir \u2013 forme ASHM"}]},{"@type":"WebSite","@id":"https:\/\/jimgreenfootwear.eu\/#website","url":"https:\/\/jimgreenfootwear.eu\/","name":"Jim Green","description":"Footwear EU - Quality Hiking &amp; Safety Boots","publisher":{"@id":"https:\/\/jimgreenfootwear.eu\/#organization"},"potentialAction":[{"@type":"SearchAction","target":{"@type":"EntryPoint","urlTemplate":"https:\/\/jimgreenfootwear.eu\/?s={search_term_string}"},"query-input":{"@type":"PropertyValueSpecification","valueRequired":true,"valueName":"search_term_string"}}],"inLanguage":"fr-FR"},{"@type":"Organization","@id":"https:\/\/jimgreenfootwear.eu\/#organization","name":"Jim Green Footwear","alternateName":"Jim Green","url":"https:\/\/jimgreenfootwear.eu\/","logo":{"@type":"ImageObject","inLanguage":"fr-FR","@id":"https:\/\/jimgreenfootwear.eu\/#\/schema\/logo\/image\/","url":"https:\/\/jimgreenfootwear.eu\/wp-content\/uploads\/2023\/11\/Jim-Green-4-copy@4x.png","contentUrl":"https:\/\/jimgreenfootwear.eu\/wp-content\/uploads\/2023\/11\/Jim-Green-4-copy@4x.png","width":1940,"height":1940,"caption":"Jim Green Footwear"},"image":{"@id":"https:\/\/jimgreenfootwear.eu\/#\/schema\/logo\/image\/"},"sameAs":["https:\/\/www.facebook.com\/jimgreenfootwear\/","https:\/\/x.com\/jimgreenfw","https:\/\/www.instagram.com\/jimgreenfootwear\/"]}]},"og_availability":"instock","product_availability":"instock","product_retailer_item_id":"LFBASH_NAT_JG","product_condition":"new"},"_links":{"self":[{"href":"https:\/\/jimgreenfootwear.eu\/fr\/wp-json\/wp\/v2\/product\/60684","targetHints":{"allow":["GET"]}}],"collection":[{"href":"https:\/\/jimgreenfootwear.eu\/fr\/wp-json\/wp\/v2\/product"}],"about":[{"href":"https:\/\/jimgreenfootwear.eu\/fr\/wp-json\/wp\/v2\/types\/product"}],"replies":[{"embeddable":true,"href":"https:\/\/jimgreenfootwear.eu\/fr\/wp-json\/wp\/v2\/comments?post=60684"}],"wp:featuredmedia":[{"embeddable":true,"href":"https:\/\/jimgreenfootwear.eu\/fr\/wp-json\/wp\/v2\/media\/47402"}],"wp:attachment":[{"href":"https:\/\/jimgreenfootwear.eu\/fr\/wp-json\/wp\/v2\/media?parent=60684"}],"wp:term":[{"taxonomy":"product_brand","embeddable":true,"href":"https:\/\/jimgreenfootwear.eu\/fr\/wp-json\/wp\/v2\/product_brand?post=60684"},{"taxonomy":"product_cat","embeddable":true,"href":"https:\/\/jimgreenfootwear.eu\/fr\/wp-json\/wp\/v2\/product_cat?post=60684"},{"taxonomy":"product_tag","embeddable":true,"href":"https:\/\/jimgreenfootwear.eu\/fr\/wp-json\/wp\/v2\/product_tag?post=60684"}],"curies":[{"name":"wp","href":"https:\/\/api.w.org\/{rel}","templated":true}]}}