{"id":61573,"date":"2026-04-30T23:17:27","date_gmt":"2026-04-30T21:17:27","guid":{"rendered":"https:\/\/jimgreenfootwear.eu\/store\/highlander-pro-black\/"},"modified":"2026-05-01T18:04:27","modified_gmt":"2026-05-01T16:04:27","slug":"jim-green-highlander-pro-black","status":"publish","type":"product","link":"https:\/\/jimgreenfootwear.eu\/fr\/store\/jim-green-highlander-pro-black\/","title":{"rendered":"Highlander Pro &#8211; Black"},"content":{"rendered":"<div class=\"wpb-content-wrapper\"><p>[vc_row css=&#8221;.vc_custom_padding_settings{padding-right: 15px !important;padding-left: 15px !important;padding-bottom: 20px !important;}&#8221;][vc_column width=&#8221;5\/6&#8243; css=&#8221;.vc_custom_padding_settings{padding-right: 15px !important;padding-left: 15px !important;}&#8221;][vc_column_text css=&#8221;&#8221;]<\/p>\n<h3><span style=\"font-family: nathan-serif; font-size: 24pt;\">Issu d\u2019un h\u00e9ritage, con\u00e7u pour le travail<\/span><\/h3>\n<p>[\/vc_column_text][\/vc_column][vc_column width=&#8221;1\/6&#8243;][\/vc_column][\/vc_row][vc_row css=&#8221;.vc_custom_padding_settings{padding-right: 15px !important;padding-left: 15px !important;}&#8221;][vc_column width=&#8221;1\/2&#8243; el_class=&#8221;description&#8221; css=&#8221;.vc_custom_padding_settings{padding-right: 15px !important;padding-bottom: 20px !important;padding-left: 15px !important;}&#8221;][vc_column_text css=&#8221;&#8221;]<\/p>\n<p data-start=\"284\" data-end=\"711\"><span style=\"font-family: nathan-serif; font-size: 14pt;\">Le Highlander Pro repr\u00e9sente la nouvelle \u00e9volution d\u2019une v\u00e9ritable ic\u00f4ne Jim Green. Issu de l\u2019h\u00e9ritage du Highlander original, ce mod\u00e8le revisit\u00e9 reprend tout ce qui a fait son succ\u00e8s et l\u2019affine pour offrir encore plus de performance, de confort et de durabilit\u00e9. Des ann\u00e9es d\u2019exp\u00e9rience dans la fabrication de chaussures de travail et d\u2019ext\u00e9rieur fiables ont permis de cr\u00e9er une botte plus robuste et plus aboutie que jamais.<\/span><\/p>\n<p data-start=\"713\" data-end=\"1126\"><span style=\"font-family: nathan-serif; font-size: 14pt;\">Le Highlander original s\u2019est forg\u00e9 sa r\u00e9putation par une fiabilit\u00e9 sans compromis. Un design polyvalent, une construction durable et un excellent rapport qualit\u00e9-prix en ont fait un choix de r\u00e9f\u00e9rence pour les travailleurs, les aventuriers et les utilisateurs du quotidien. Il est devenu la botte sur laquelle on peut compter \u2014 toujours pr\u00eate, capable de travailler dur et de continuer l\u00e0 o\u00f9 d\u2019autres abandonnent.<\/span><\/p>\n<p data-start=\"1128\" data-end=\"1460\"><span style=\"font-family: nathan-serif; font-size: 14pt;\">Aujourd\u2019hui, le Highlander Pro \u00e9l\u00e8ve encore le niveau. Con\u00e7u avec des cuirs am\u00e9lior\u00e9s et une silhouette plus \u00e9pur\u00e9e, il est pens\u00e9 pour affronter des environnements exigeants tout en offrant un confort tout au long de la journ\u00e9e. Sur un chantier, dans un atelier ou en pleine nature, cette botte est pr\u00eate \u00e0 l\u2019emploi, sans compromis.<\/span><\/p>\n<p data-start=\"1462\" data-end=\"1718\"><span style=\"font-family: nathan-serif; font-size: 14pt;\">Depuis ses d\u00e9buts, le Highlander incarne un savoir-faire sud-africain fiable et s\u2019est impos\u00e9 comme une r\u00e9f\u00e9rence aupr\u00e8s des travailleurs de notre pays. Le Highlander Pro perp\u00e9tue cet h\u00e9ritage \u2014 plus solide, plus pr\u00e9cis et pr\u00eat pour la prochaine g\u00e9n\u00e9ration.<\/span><\/p>\n<p>[\/vc_column_text][\/vc_column][vc_column width=&#8221;1\/2&#8243; el_class=&#8221;features&#8221;][vc_column_text css=&#8221;&#8221;]<\/p>\n<ul>\n<li><span style=\"font-family: nathan-serif; font-size: 14pt;\">Fabrication en cuir simple couche (cuir pleine fleur 2,2 mm)<\/span><\/li>\n<li><span style=\"font-family: nathan-serif; font-size: 14pt;\">Quartiers doubl\u00e9s (cuir de veau 1,6 mm)<\/span><\/li>\n<li><span style=\"font-family: nathan-serif; font-size: 14pt;\">Rembourrage de la cheville pour un excellent maintien, confort et protection<\/span><\/li>\n<li><span style=\"font-family: nathan-serif; font-size: 14pt;\">Embout thermoplastique et renfort de talon pour un soutien suppl\u00e9mentaire<\/span><\/li>\n<li><span style=\"font-family: nathan-serif; font-size: 14pt;\">Cambrion en acier entre la premi\u00e8re de montage et la semelle pour plus de stabilit\u00e9<\/span><\/li>\n<li><span style=\"font-family: nathan-serif; font-size: 14pt;\">Premi\u00e8re de montage fix\u00e9e \u00e0 la tige par une couture double avec cordon nylon tress\u00e9 2,2 mm<\/span><\/li>\n<li><span style=\"font-family: nathan-serif; font-size: 14pt;\">Semelle ext\u00e9rieure en caoutchouc v\u00e9ritable<\/span><\/li>\n<li><span style=\"font-family: nathan-serif; font-size: 14pt;\">Ressemelable<\/span><\/li>\n<li><span style=\"font-family: nathan-serif; font-size: 14pt;\">Gr\u00e2ce \u00e0 sa construction en cuir simple couche, la Highlander reste l\u00e9g\u00e8re et polyvalente, adapt\u00e9e \u00e0 tous types de terrains \u2013 id\u00e9ale pour le travail en ext\u00e9rieur ou la randonn\u00e9e exigeante<\/span><\/li>\n<li><span style=\"font-family: nathan-serif; font-size: 14pt;\">Livr\u00e9e avec une semelle int\u00e9rieure en microfibre pour conserver l\u00e9g\u00e8ret\u00e9 tout en maintenant un prix accessible<\/span><\/li>\n<li><span style=\"font-family: nathan-serif; font-size: 14pt;\"><span style=\"text-decoration: underline;\"><strong>Forme STC<\/strong><\/span> \u2013 largeur 2E avec un avant-pied spacieux et arrondi<\/span><\/li>\n<li><span style=\"font-family: nathan-serif; font-size: 14pt;\">Semelle JG \u2013 profil crant\u00e9 pour une bonne adh\u00e9rence, en caoutchouc v\u00e9ritable avec une structure ferme pour plus de stabilit\u00e9<\/span><\/li>\n<li><span style=\"font-family: nathan-serif; font-size: 14pt;\">Poids: 1,36 kg (pointure UK 08)<\/span><\/li>\n<li><span style=\"font-family: nathan-serif; font-size: 14pt;\">Lacets: 120 cm<\/span><\/li>\n<\/ul>\n<p>[\/vc_column_text][\/vc_column][\/vc_row]<\/p>\n<\/div>","protected":false},"excerpt":{"rendered":"<h4><span style=\"color: #c20000; font-family: nathan-serif; font-size: 14pt;\"><strong>S\u00c9RIE LIMIT\u00c9E<\/strong><\/span><\/h4>\n<h4><span style=\"color: #c20000; font-family: nathan-serif; font-size: 14pt;\"><strong>P\u00c9RIODE DE COMMANDE : 1\u201331 MAI 2026<\/strong><\/span><\/h4>\n<h4><span style=\"color: #c20000; font-family: nathan-serif; font-size: 14pt;\"><strong>LES PR\u00c9COMMANDES SERONT EXP\u00c9DI\u00c9ES FIN AO\u00dbT 2026<\/strong><\/span><\/h4>\n","protected":false},"featured_media":61374,"comment_status":"open","ping_status":"closed","template":"","meta":{"_acf_changed":false},"product_brand":[],"product_cat":[750,748,605,353,334],"product_tag":[639],"class_list":{"0":"post-61573","1":"product","2":"type-product","3":"status-publish","4":"has-post-thumbnail","6":"product_cat-120cm-laces","7":"product_cat-edition-limitee","8":"product_cat-hiking-adventure-all-fr","9":"product_cat-presale-fr","10":"product_cat-all-fr","11":"product_tag-presale-fr","12":"tm-has-options","14":"first","15":"instock","16":"taxable","17":"shipping-taxable","18":"purchasable","19":"product-type-variable"},"group_of_quantity":0,"min_quantity":0,"max_quantity":"","exclude_order_quantity_value_rules":"no","exclude_category_quantity_rules":"no","combine_variations":"no","acf":[],"yoast_head":"<!-- This site is optimized with the Yoast SEO plugin v27.5 - https:\/\/yoast.com\/product\/yoast-seo-wordpress\/ -->\n<title>Jim Green Highlander Pro \u2013 Botte de travail en cuir l\u00e9g\u00e8re<\/title>\n<meta name=\"description\" content=\"Jim Green Highlander Pro. Botte en cuir l\u00e9g\u00e8re, confortable et durable pour le travail, la randonn\u00e9e et un usage quotidien en ext\u00e9rieur.\" \/>\n<meta name=\"robots\" content=\"index, follow, max-snippet:-1, max-image-preview:large, max-video-preview:-1\" \/>\n<link rel=\"canonical\" href=\"https:\/\/jimgreenfootwear.eu\/fr\/store\/jim-green-highlander-pro-black\/\" \/>\n<meta property=\"og:locale\" content=\"fr_FR\" \/>\n<meta property=\"og:type\" content=\"article\" \/>\n<meta property=\"og:title\" content=\"Jim Green Highlander Pro \u2013 Botte de travail en cuir l\u00e9g\u00e8re\" \/>\n<meta property=\"og:description\" content=\"Jim Green Highlander Pro. Botte en cuir l\u00e9g\u00e8re, confortable et durable pour le travail, la randonn\u00e9e et un usage quotidien en ext\u00e9rieur.\" \/>\n<meta property=\"og:url\" content=\"https:\/\/jimgreenfootwear.eu\/fr\/store\/jim-green-highlander-pro-black\/\" \/>\n<meta property=\"og:site_name\" content=\"Jim Green\" \/>\n<meta property=\"article:publisher\" content=\"https:\/\/www.facebook.com\/jimgreenfootwear\/\" \/>\n<meta property=\"article:modified_time\" content=\"2026-05-01T16:04:27+00:00\" \/>\n<meta property=\"og:image\" content=\"https:\/\/jimgreenfootwear.eu\/wp-content\/uploads\/2026\/04\/1-1.jpg\" \/>\n\t<meta property=\"og:image:width\" content=\"1200\" \/>\n\t<meta property=\"og:image:height\" content=\"1200\" \/>\n\t<meta property=\"og:image:type\" content=\"image\/jpeg\" \/>\n<meta name=\"twitter:card\" content=\"summary_large_image\" \/>\n<meta name=\"twitter:site\" content=\"@jimgreenfw\" \/>\n<meta name=\"twitter:label1\" content=\"Disponibilit\u00e9\" \/>\n\t<meta name=\"twitter:data1\" content=\"En stock\" \/>\n<script type=\"application\/ld+json\" class=\"yoast-schema-graph\">{\"@context\":\"https:\\\/\\\/schema.org\",\"@graph\":[{\"@type\":\"WebPage\",\"@id\":\"https:\\\/\\\/jimgreenfootwear.eu\\\/fr\\\/store\\\/jim-green-highlander-pro-black\\\/\",\"url\":\"https:\\\/\\\/jimgreenfootwear.eu\\\/fr\\\/store\\\/jim-green-highlander-pro-black\\\/\",\"name\":\"Jim Green Highlander Pro \u2013 Botte de travail en cuir l\u00e9g\u00e8re\",\"isPartOf\":{\"@id\":\"https:\\\/\\\/jimgreenfootwear.eu\\\/#website\"},\"primaryImageOfPage\":{\"@id\":\"https:\\\/\\\/jimgreenfootwear.eu\\\/fr\\\/store\\\/jim-green-highlander-pro-black\\\/#primaryimage\"},\"image\":{\"@id\":\"https:\\\/\\\/jimgreenfootwear.eu\\\/fr\\\/store\\\/jim-green-highlander-pro-black\\\/#primaryimage\"},\"thumbnailUrl\":\"https:\\\/\\\/jimgreenfootwear.eu\\\/wp-content\\\/uploads\\\/2026\\\/04\\\/1-1.jpg\",\"datePublished\":\"2026-04-30T21:17:27+00:00\",\"dateModified\":\"2026-05-01T16:04:27+00:00\",\"description\":\"Jim Green Highlander Pro. Botte en cuir l\u00e9g\u00e8re, confortable et durable pour le travail, la randonn\u00e9e et un usage quotidien en ext\u00e9rieur.\",\"breadcrumb\":{\"@id\":\"https:\\\/\\\/jimgreenfootwear.eu\\\/fr\\\/store\\\/jim-green-highlander-pro-black\\\/#breadcrumb\"},\"inLanguage\":\"fr-FR\",\"potentialAction\":[{\"@type\":\"ReadAction\",\"target\":[\"https:\\\/\\\/jimgreenfootwear.eu\\\/fr\\\/store\\\/jim-green-highlander-pro-black\\\/\"]}]},{\"@type\":\"ImageObject\",\"inLanguage\":\"fr-FR\",\"@id\":\"https:\\\/\\\/jimgreenfootwear.eu\\\/fr\\\/store\\\/jim-green-highlander-pro-black\\\/#primaryimage\",\"url\":\"https:\\\/\\\/jimgreenfootwear.eu\\\/wp-content\\\/uploads\\\/2026\\\/04\\\/1-1.jpg\",\"contentUrl\":\"https:\\\/\\\/jimgreenfootwear.eu\\\/wp-content\\\/uploads\\\/2026\\\/04\\\/1-1.jpg\",\"width\":1200,\"height\":1200,\"caption\":\"Jim Green Highlander pro black\"},{\"@type\":\"BreadcrumbList\",\"@id\":\"https:\\\/\\\/jimgreenfootwear.eu\\\/fr\\\/store\\\/jim-green-highlander-pro-black\\\/#breadcrumb\",\"itemListElement\":[{\"@type\":\"ListItem\",\"position\":1,\"name\":\"Home\",\"item\":\"https:\\\/\\\/jimgreenfootwear.eu\\\/fr\\\/\"},{\"@type\":\"ListItem\",\"position\":2,\"name\":\"Boutique\",\"item\":\"https:\\\/\\\/jimgreenfootwear.eu\\\/fr\\\/boutique\\\/\"},{\"@type\":\"ListItem\",\"position\":3,\"name\":\"Highlander Pro &#8211; Black\"}]},{\"@type\":\"WebSite\",\"@id\":\"https:\\\/\\\/jimgreenfootwear.eu\\\/#website\",\"url\":\"https:\\\/\\\/jimgreenfootwear.eu\\\/\",\"name\":\"Jim Green\",\"description\":\"Footwear EU - Quality Hiking &amp; Safety Boots\",\"publisher\":{\"@id\":\"https:\\\/\\\/jimgreenfootwear.eu\\\/#organization\"},\"potentialAction\":[{\"@type\":\"SearchAction\",\"target\":{\"@type\":\"EntryPoint\",\"urlTemplate\":\"https:\\\/\\\/jimgreenfootwear.eu\\\/?s={search_term_string}\"},\"query-input\":{\"@type\":\"PropertyValueSpecification\",\"valueRequired\":true,\"valueName\":\"search_term_string\"}}],\"inLanguage\":\"fr-FR\"},{\"@type\":\"Organization\",\"@id\":\"https:\\\/\\\/jimgreenfootwear.eu\\\/#organization\",\"name\":\"Jim Green Footwear\",\"alternateName\":\"Jim Green\",\"url\":\"https:\\\/\\\/jimgreenfootwear.eu\\\/\",\"logo\":{\"@type\":\"ImageObject\",\"inLanguage\":\"fr-FR\",\"@id\":\"https:\\\/\\\/jimgreenfootwear.eu\\\/#\\\/schema\\\/logo\\\/image\\\/\",\"url\":\"https:\\\/\\\/jimgreenfootwear.eu\\\/wp-content\\\/uploads\\\/2023\\\/11\\\/Jim-Green-4-copy@4x.png\",\"contentUrl\":\"https:\\\/\\\/jimgreenfootwear.eu\\\/wp-content\\\/uploads\\\/2023\\\/11\\\/Jim-Green-4-copy@4x.png\",\"width\":1940,\"height\":1940,\"caption\":\"Jim Green Footwear\"},\"image\":{\"@id\":\"https:\\\/\\\/jimgreenfootwear.eu\\\/#\\\/schema\\\/logo\\\/image\\\/\"},\"sameAs\":[\"https:\\\/\\\/www.facebook.com\\\/jimgreenfootwear\\\/\",\"https:\\\/\\\/x.com\\\/jimgreenfw\",\"https:\\\/\\\/www.instagram.com\\\/jimgreenfootwear\\\/\"]}]}<\/script>\n<meta property=\"og:availability\" content=\"instock\" \/>\n<meta property=\"product:availability\" content=\"instock\" \/>\n<meta property=\"product:retailer_item_id\" content=\"B3_ST_JGA_JG5\" \/>\n<meta property=\"product:condition\" content=\"new\" \/>\n<!-- \/ Yoast SEO plugin. -->","yoast_head_json":{"title":"Jim Green Highlander Pro \u2013 Botte de travail en cuir l\u00e9g\u00e8re","description":"Jim Green Highlander Pro. Botte en cuir l\u00e9g\u00e8re, confortable et durable pour le travail, la randonn\u00e9e et un usage quotidien en ext\u00e9rieur.","robots":{"index":"index","follow":"follow","max-snippet":"max-snippet:-1","max-image-preview":"max-image-preview:large","max-video-preview":"max-video-preview:-1"},"canonical":"https:\/\/jimgreenfootwear.eu\/fr\/store\/jim-green-highlander-pro-black\/","og_locale":"fr_FR","og_type":"article","og_title":"Jim Green Highlander Pro \u2013 Botte de travail en cuir l\u00e9g\u00e8re","og_description":"Jim Green Highlander Pro. Botte en cuir l\u00e9g\u00e8re, confortable et durable pour le travail, la randonn\u00e9e et un usage quotidien en ext\u00e9rieur.","og_url":"https:\/\/jimgreenfootwear.eu\/fr\/store\/jim-green-highlander-pro-black\/","og_site_name":"Jim Green","article_publisher":"https:\/\/www.facebook.com\/jimgreenfootwear\/","article_modified_time":"2026-05-01T16:04:27+00:00","og_image":[{"width":1200,"height":1200,"url":"https:\/\/jimgreenfootwear.eu\/wp-content\/uploads\/2026\/04\/1-1.jpg","type":"image\/jpeg"}],"twitter_card":"summary_large_image","twitter_site":"@jimgreenfw","twitter_misc":{"Disponibilit\u00e9":"En stock"},"schema":{"@context":"https:\/\/schema.org","@graph":[{"@type":"WebPage","@id":"https:\/\/jimgreenfootwear.eu\/fr\/store\/jim-green-highlander-pro-black\/","url":"https:\/\/jimgreenfootwear.eu\/fr\/store\/jim-green-highlander-pro-black\/","name":"Jim Green Highlander Pro \u2013 Botte de travail en cuir l\u00e9g\u00e8re","isPartOf":{"@id":"https:\/\/jimgreenfootwear.eu\/#website"},"primaryImageOfPage":{"@id":"https:\/\/jimgreenfootwear.eu\/fr\/store\/jim-green-highlander-pro-black\/#primaryimage"},"image":{"@id":"https:\/\/jimgreenfootwear.eu\/fr\/store\/jim-green-highlander-pro-black\/#primaryimage"},"thumbnailUrl":"https:\/\/jimgreenfootwear.eu\/wp-content\/uploads\/2026\/04\/1-1.jpg","datePublished":"2026-04-30T21:17:27+00:00","dateModified":"2026-05-01T16:04:27+00:00","description":"Jim Green Highlander Pro. Botte en cuir l\u00e9g\u00e8re, confortable et durable pour le travail, la randonn\u00e9e et un usage quotidien en ext\u00e9rieur.","breadcrumb":{"@id":"https:\/\/jimgreenfootwear.eu\/fr\/store\/jim-green-highlander-pro-black\/#breadcrumb"},"inLanguage":"fr-FR","potentialAction":[{"@type":"ReadAction","target":["https:\/\/jimgreenfootwear.eu\/fr\/store\/jim-green-highlander-pro-black\/"]}]},{"@type":"ImageObject","inLanguage":"fr-FR","@id":"https:\/\/jimgreenfootwear.eu\/fr\/store\/jim-green-highlander-pro-black\/#primaryimage","url":"https:\/\/jimgreenfootwear.eu\/wp-content\/uploads\/2026\/04\/1-1.jpg","contentUrl":"https:\/\/jimgreenfootwear.eu\/wp-content\/uploads\/2026\/04\/1-1.jpg","width":1200,"height":1200,"caption":"Jim Green Highlander pro black"},{"@type":"BreadcrumbList","@id":"https:\/\/jimgreenfootwear.eu\/fr\/store\/jim-green-highlander-pro-black\/#breadcrumb","itemListElement":[{"@type":"ListItem","position":1,"name":"Home","item":"https:\/\/jimgreenfootwear.eu\/fr\/"},{"@type":"ListItem","position":2,"name":"Boutique","item":"https:\/\/jimgreenfootwear.eu\/fr\/boutique\/"},{"@type":"ListItem","position":3,"name":"Highlander Pro &#8211; Black"}]},{"@type":"WebSite","@id":"https:\/\/jimgreenfootwear.eu\/#website","url":"https:\/\/jimgreenfootwear.eu\/","name":"Jim Green","description":"Footwear EU - Quality Hiking &amp; Safety Boots","publisher":{"@id":"https:\/\/jimgreenfootwear.eu\/#organization"},"potentialAction":[{"@type":"SearchAction","target":{"@type":"EntryPoint","urlTemplate":"https:\/\/jimgreenfootwear.eu\/?s={search_term_string}"},"query-input":{"@type":"PropertyValueSpecification","valueRequired":true,"valueName":"search_term_string"}}],"inLanguage":"fr-FR"},{"@type":"Organization","@id":"https:\/\/jimgreenfootwear.eu\/#organization","name":"Jim Green Footwear","alternateName":"Jim Green","url":"https:\/\/jimgreenfootwear.eu\/","logo":{"@type":"ImageObject","inLanguage":"fr-FR","@id":"https:\/\/jimgreenfootwear.eu\/#\/schema\/logo\/image\/","url":"https:\/\/jimgreenfootwear.eu\/wp-content\/uploads\/2023\/11\/Jim-Green-4-copy@4x.png","contentUrl":"https:\/\/jimgreenfootwear.eu\/wp-content\/uploads\/2023\/11\/Jim-Green-4-copy@4x.png","width":1940,"height":1940,"caption":"Jim Green Footwear"},"image":{"@id":"https:\/\/jimgreenfootwear.eu\/#\/schema\/logo\/image\/"},"sameAs":["https:\/\/www.facebook.com\/jimgreenfootwear\/","https:\/\/x.com\/jimgreenfw","https:\/\/www.instagram.com\/jimgreenfootwear\/"]}]},"og_availability":"instock","product_availability":"instock","product_retailer_item_id":"B3_ST_JGA_JG5","product_condition":"new"},"_links":{"self":[{"href":"https:\/\/jimgreenfootwear.eu\/fr\/wp-json\/wp\/v2\/product\/61573","targetHints":{"allow":["GET"]}}],"collection":[{"href":"https:\/\/jimgreenfootwear.eu\/fr\/wp-json\/wp\/v2\/product"}],"about":[{"href":"https:\/\/jimgreenfootwear.eu\/fr\/wp-json\/wp\/v2\/types\/product"}],"replies":[{"embeddable":true,"href":"https:\/\/jimgreenfootwear.eu\/fr\/wp-json\/wp\/v2\/comments?post=61573"}],"wp:featuredmedia":[{"embeddable":true,"href":"https:\/\/jimgreenfootwear.eu\/fr\/wp-json\/wp\/v2\/media\/61374"}],"wp:attachment":[{"href":"https:\/\/jimgreenfootwear.eu\/fr\/wp-json\/wp\/v2\/media?parent=61573"}],"wp:term":[{"taxonomy":"product_brand","embeddable":true,"href":"https:\/\/jimgreenfootwear.eu\/fr\/wp-json\/wp\/v2\/product_brand?post=61573"},{"taxonomy":"product_cat","embeddable":true,"href":"https:\/\/jimgreenfootwear.eu\/fr\/wp-json\/wp\/v2\/product_cat?post=61573"},{"taxonomy":"product_tag","embeddable":true,"href":"https:\/\/jimgreenfootwear.eu\/fr\/wp-json\/wp\/v2\/product_tag?post=61573"}],"curies":[{"name":"wp","href":"https:\/\/api.w.org\/{rel}","templated":true}]}}